{"id":7729,"date":"2024-05-15T15:32:54","date_gmt":"2024-05-15T20:32:54","guid":{"rendered":"https:\/\/www.gaspineortho.com\/roswell\/truck-accident-injury-treatment\/"},"modified":"2024-07-15T10:22:30","modified_gmt":"2024-07-15T15:22:30","slug":"tratamiento-de-lesiones-por-accidente-de-camion","status":"publish","type":"page","link":"https:\/\/www.gaspineortho.com\/es\/roswell\/tratamiento-de-lesiones-por-accidente-de-camion\/","title":{"rendered":"Tratamiento de lesiones por accidentes de camiones en Roswell"},"content":{"rendered":"<p>Sufrir un accidente de cami\u00f3n es una experiencia desalentadora debido al enorme tama\u00f1o y peso de estos veh\u00edculos, que a menudo provocan lesiones m\u00e1s graves en comparaci\u00f3n con los accidentes automovil\u00edsticos est\u00e1ndar. Los efectos pueden tener impactos duraderos en las vidas de quienes est\u00e1n involucrados.<\/p>\n<p>Si ha sufrido lesiones en un accidente de cami\u00f3n, es fundamental buscar atenci\u00f3n m\u00e9dica experta e inmediata para recuperar su salud y reducir las interrupciones en su vida diaria.<\/p>\n<p>En Georgia Spine and Orthopaedics, somos expertos en la evaluaci\u00f3n y el tratamiento de lesiones causadas por accidentes de camiones. Nuestro equipo comprometido se enfoca en aliviar el dolor y el malestar, reconstruir la fuerza y \u200b\u200bla funci\u00f3n, mejorar su calidad de vida y garantizar una recuperaci\u00f3n r\u00e1pida y completa con planes de tratamiento personalizados y m\u00e9todos de rehabilitaci\u00f3n efectivos.<\/p>\n<p>No demores tu recuperaci\u00f3n. Ll\u00e1menos hoy al [tel\u00e9fono] para comenzar su camino hacia la curaci\u00f3n.<\/p>\n<h2>Acciones esenciales a tomar despu\u00e9s de un accidente de cami\u00f3n en Roswell<\/h2>\n<p><a href=\"https:\/\/www.gaspineortho.com\/wp-content\/uploads\/2024\/05\/truck-accident-treatment-1.webp\"><img fetchpriority=\"high\" decoding=\"async\" class=\"alignnone wp-image-4763 size-full\" src=\"https:\/\/www.gaspineortho.com\/wp-content\/uploads\/2024\/05\/truck-accident-treatment-1.webp\" alt=\"truck accident in Roswell, GA\" width=\"500\" height=\"340\" srcset=\"https:\/\/www.gaspineortho.com\/wp-content\/uploads\/2024\/05\/truck-accident-treatment-1.webp 500w, https:\/\/www.gaspineortho.com\/wp-content\/uploads\/2024\/05\/truck-accident-treatment-1-300x204.webp 300w\" sizes=\"(max-width: 500px) 100vw, 500px\" \/><\/a><\/p>\n<p>Estar involucrado en un accidente de cami\u00f3n es un evento desalentador y estresante. Es vital mantener la compostura y tomar medidas espec\u00edficas para salvaguardar sus derechos legales y su salud.<\/p>\n<p>Aqu\u00ed hay una gu\u00eda sobre qu\u00e9 hacer despu\u00e9s de un accidente de cami\u00f3n:<\/p>\n<h3>Contacte con los servicios de emergencia<\/h3>\n<p>Inmediatamente despu\u00e9s de un accidente, es fundamental llamar a la polic\u00eda. Su presencia garantiza que el accidente est\u00e9 debidamente documentado, lo cual es esencial a efectos legales y de seguros. Evaluar\u00e1n la situaci\u00f3n, atender\u00e1n a las lesiones y redactar\u00e1n un informe del accidente que ser\u00e1 de gran valor para cualquier reclamaci\u00f3n posterior.<\/p>\n<h3>Controla a los dem\u00e1s y qu\u00e9date en la escena<\/h3>\n<p>Si es seguro y puede, verifique el estado de las dem\u00e1s personas involucradas. Brinde asistencia y solicite ayuda m\u00e9dica si es necesario. Independientemente de cu\u00e1l sea la culpa, permanezca en el lugar hasta que la polic\u00eda le permita salir, ya que hacerlo prematuramente puede tener repercusiones legales.<\/p>\n<h3>Informaci\u00f3n de intercambio<\/h3>\n<p>Intercambie detalles de contacto, seguro y veh\u00edculo con el conductor del cami\u00f3n y cualquier otro conductor involucrado. Esto incluye tomar nota de la matr\u00edcula, la marca, el modelo y el color del cami\u00f3n. Adem\u00e1s, recopile datos de contacto de testigos que podr\u00edan haber observado el accidente.<\/p>\n<h3>Documente la escena del accidente<\/h3>\n<p>Utilice su tel\u00e9fono inteligente o c\u00e1mara para tomar fotograf\u00edas y videos completos de la escena del accidente, incluidos todos los veh\u00edculos involucrados, las condiciones de la carretera, las marcas de derrape y las se\u00f1ales de tr\u00e1fico cercanas. Esta evidencia visual es crucial para asuntos legales y de seguros.<\/p>\n<h3>Abstenerse de admitir la culpa<\/h3>\n<p>Es fundamental no admitir faltas ni hacer declaraciones que puedan interpretarse como tales. Incluso si cree que podr\u00eda tener parte de culpa, proporcione \u00fanicamente detalles f\u00e1cticos sobre el incidente a la polic\u00eda y otras partes sin discutir la responsabilidad.<\/p>\n<h3>Buscar atenci\u00f3n m\u00e9dica<\/h3>\n<p>Visite a un profesional sanitario lo antes posible despu\u00e9s del accidente. Es posible que algunas lesiones, como el latigazo cervical o las lesiones internas, no muestren s\u00edntomas inmediatos, pero pueden ser graves. La documentaci\u00f3n m\u00e9dica tambi\u00e9n respaldar\u00e1 sus reclamaciones por lesiones en las negociaciones de seguros y asuntos legales.<\/p>\n<h3>Consulte a un abogado especializado en accidentes de camiones<\/h3>\n<p>Contratar a un abogado con experiencia en accidentes de camiones es crucial. Los reclamos por accidentes de camiones pueden ser complejos, involucrar a m\u00faltiples partes y requerir una investigaci\u00f3n exhaustiva. Un abogado experimentado lo guiar\u00e1 a trav\u00e9s del proceso de reclamo de seguro, lo ayudar\u00e1 a recopilar pruebas, negociar\u00e1 con las aseguradoras y lo representar\u00e1 en los tribunales si es necesario.<\/p>\n<p>Seguir estos pasos ayudar\u00e1 a garantizar su seguridad y fortalecer\u00e1 su posici\u00f3n legal luego de un accidente de cami\u00f3n en Roswell.<\/p>\n<h2>Lesiones t\u00edpicas por accidentes de camiones en Roswell<\/h2>\n<p><a href=\"https:\/\/www.gaspineortho.com\/wp-content\/uploads\/2020\/12\/What-is-orthopedic-surgery-.png\"><img decoding=\"async\" class=\"alignnone wp-image-2459\" src=\"https:\/\/www.gaspineortho.com\/wp-content\/uploads\/2020\/12\/What-is-orthopedic-surgery-.png\" alt=\"Woman with a broken leg has her leg examined by an accident doctor\" width=\"500\" height=\"333\" srcset=\"https:\/\/www.gaspineortho.com\/wp-content\/uploads\/2020\/12\/What-is-orthopedic-surgery-.png 936w, https:\/\/www.gaspineortho.com\/wp-content\/uploads\/2020\/12\/What-is-orthopedic-surgery--300x200.png 300w, https:\/\/www.gaspineortho.com\/wp-content\/uploads\/2020\/12\/What-is-orthopedic-surgery--768x512.png 768w\" sizes=\"(max-width: 500px) 100vw, 500px\" \/><\/a><\/p>\n<p>Los accidentes de camiones a menudo resultan en una variedad de lesiones, que pueden variar desde abrasiones menores hasta condiciones graves que cambian la vida o incluso muertes. Las estad\u00edsticas muestran que m\u00e1s del 70% de las lesiones y muertes en accidentes de camiones involucran a ocupantes de veh\u00edculos de pasajeros m\u00e1s peque\u00f1os.<\/p>\n<p>Aqu\u00ed hay algunas lesiones comunes por accidentes de camiones:<\/p>\n<ul>\n<li><strong>Latigazo cervical:<\/strong> El latigazo cervical, que ocurre con frecuencia en colisiones de veh\u00edculos, implica el movimiento r\u00e1pido hacia adelante y hacia atr\u00e1s de la cabeza y el cuello. Este movimiento repentino puede estirar o desgarrar los m\u00fasculos y tendones del cuello, provocando dolor, rigidez y movilidad limitada.<\/li>\n<li><strong>Lesiones cerebrales traum\u00e1ticas (TBI):<\/strong> El intenso impacto de un accidente de cami\u00f3n puede hacer que el cerebro golpee contra el cr\u00e1neo, lo que provoca TBI con diversos grados de gravedad.<\/li>\n<li><strong>Huesos rotos y fracturas:<\/strong> los accidentes de camiones com\u00fanmente causan fracturas en diferentes partes del cuerpo, incluidos brazos, piernas, costillas, el \u00e1rea p\u00e9lvica y la columna.<\/li>\n<li><strong>Lesiones de la m\u00e9dula espinal:<\/strong> estas lesiones pueden ser particularmente devastadoras y a menudo resultan en una par\u00e1lisis parcial o completa debido al da\u00f1o a la m\u00e9dula espinal.<\/li>\n<li><strong>Lesiones de tejidos blandos:<\/strong> incluyen esguinces, torceduras y desgarros de m\u00fasculos, tendones y ligamentos, que pueden ocurrir en todo el cuerpo debido a las fuerzas traum\u00e1ticas involucradas en accidentes de camiones.<\/li>\n<li><strong>Lesiones por quemaduras:<\/strong> en los casos en que los accidentes provocan incendios o explosiones, las v\u00edctimas pueden sufrir quemaduras que pueden variar desde superficiales hasta quemaduras graves de tercer grado, que requieren un tratamiento extenso.<\/li>\n<li><strong>Lesiones por aplastamiento:<\/strong> quedar atrapado o comprimido debajo de un cami\u00f3n o escombros puede provocar lesiones por aplastamiento, que pueden da\u00f1ar gravemente m\u00fasculos, huesos y \u00f3rganos internos.<\/li>\n<li><strong>Lesiones internas:<\/strong> El traumatismo por objeto contundente de un accidente de cami\u00f3n puede provocar <a href=\"https:\/\/www.webmd.com\/first-aid\/internal-bleeding-causes-signs \" target=\"_blank\" rel=\"noopener\">sangrado interno<\/a> y da\u00f1o a \u00f3rganos, que a menudo no son evidentes de inmediato pero pueden poner en peligro la vida.<\/li>\n<\/ul>\n<p>Reconocer estas posibles lesiones es crucial para cualquier persona involucrada en un accidente de cami\u00f3n, ya que la evaluaci\u00f3n y el tratamiento m\u00e9dicos inmediatos son vitales para la recuperaci\u00f3n y la salud a largo plazo.<\/p>\n<h2>Elegir entre urgencias y ortopedia de columna vertebral GA despu\u00e9s de un accidente de cami\u00f3n<\/h2>\n<p>Si se ve involucrado en un accidente de cami\u00f3n, es fundamental que busque ayuda m\u00e9dica de inmediato. Decidir si acudir a la sala de emergencias o a GA Spine Orthopaedics depende de varios factores, incluida la gravedad de sus lesiones.<\/p>\n<p>Para lesiones graves o potencialmente mortales, es necesaria una visita a la sala de emergencias para recibir atenci\u00f3n inmediata e integral. La sala de emergencias est\u00e1 equipada para manejar situaciones cr\u00edticas con los recursos necesarios para el tratamiento de emergencia.<\/p>\n<p>Despu\u00e9s de estabilizarse en la sala de emergencias, es posible que necesite atenci\u00f3n ortop\u00e9dica especializada, especialmente si tiene lesiones como huesos rotos, da\u00f1os en la m\u00e9dula espinal o lesiones de tejidos blandos. GA Spine Orthopaedics en Roswell brinda atenci\u00f3n experta para lesiones musculoesquel\u00e9ticas causadas por accidentes automovil\u00edsticos. Realizamos evaluaciones exhaustivas, realizamos diagn\u00f3sticos por im\u00e1genes como resonancias magn\u00e9ticas y radiograf\u00edas, y creamos planes de tratamiento personalizados dise\u00f1ados para una recuperaci\u00f3n r\u00e1pida y eficaz de una amplia gama de lesiones.<\/p>\n<p>Entonces, inicialmente, la sala de emergencias es su mejor opci\u00f3n para atenci\u00f3n de urgencia, pero para un tratamiento musculoesquel\u00e9tico especializado y continuo, GA Spine Orthopaedics es el lugar al que acudir.<\/p>\n<h2>C\u00f3mo la ortopedia de columna vertebral de GA en Roswell puede ayudarle en su recuperaci\u00f3n despu\u00e9s de una lesi\u00f3n<\/h2>\n<p>GA Spine Orthopaedics en Roswell se dedica a brindar atenci\u00f3n personalizada e integral que aborde sus necesidades m\u00e9dicas y lesiones espec\u00edficas. As\u00ed es como apoyamos su recuperaci\u00f3n:<\/p>\n<h3>Manejo eficaz del dolor<\/h3>\n<p>Despu\u00e9s de un accidente de cami\u00f3n, diversos grados de dolor e incomodidad pueden afectar significativamente sus actividades diarias. Nuestros expertos de GA Spine Orthopaedics realizan evaluaciones detalladas, que incluyen <a href=\"https:\/\/www.gaspineortho.com\/es\/roswell\/servicios-de-rayos-x\/\">radiograf\u00edas<\/a>, MRI y ex\u00e1menes f\u00edsicos para identificar la causa de su dolor. Empleamos un enfoque multimodal de manejo del dolor, integrando varios m\u00e9todos como manejo de medicamentos, t\u00e9cnicas intervencionistas como inyecciones epidurales o bloqueos nerviosos, <a href=\"https:\/\/www.gaspineortho.com\/es\/roswell\/fisioterapia\/\">fisioterapia. <\/a>, ajustes quiropr\u00e1cticos, acupuntura y otras opciones no quir\u00fargicas para aliviar eficazmente su dolor y mejorar su calidad de vida.<\/p>\n<h3>Prevenci\u00f3n de da\u00f1os a largo plazo<\/h3>\n<p>No abordar las lesiones musculoesquel\u00e9ticas de manera oportuna y adecuada despu\u00e9s de un accidente de cami\u00f3n puede provocar problemas a largo plazo como dolor cr\u00f3nico, limitaciones funcionales, cambios degenerativos, s\u00edntomas neurol\u00f3gicos y discapacidad permanente.<\/p>\n<p>Nuestro equipo capacitado en GA Spine Orthopaedics est\u00e1 comprometido a prevenir estos resultados con tratamientos m\u00e9dicos oportunos, planes de tratamiento personalizados y estrategias de rehabilitaci\u00f3n. Tambi\u00e9n brindamos monitoreo continuo y atenci\u00f3n de seguimiento para garantizar que sus lesiones se curen correctamente y para controlar cualquier s\u00edntoma o complicaci\u00f3n nueva que surja.<\/p>\n<p>En GA Spine Orthopaedics, nos enfocamos en su recuperaci\u00f3n integral, ayud\u00e1ndolo a regresar a sus rutinas diarias de la manera m\u00e1s fluida y r\u00e1pida posible.<\/p>\n<h2>Obtenga atenci\u00f3n m\u00e9dica inmediata para lesiones por accidentes de camiones<\/h2>\n<p><a href=\"https:\/\/www.gaspineortho.com\/wp-content\/uploads\/2020\/12\/ga-spine-ortho-docs-e1715801958933.webp\"><img decoding=\"async\" class=\"alignnone wp-image-3286 size-full\" src=\"https:\/\/www.gaspineortho.com\/wp-content\/uploads\/2020\/12\/ga-spine-ortho-docs-e1715801958933.webp\" alt=\"The Team of Georgia Spine &amp; Orthopaedics\" width=\"500\" height=\"273\" \/><\/a><\/p>\n<p>Las lesiones causadas por accidentes de camiones pueden afectar profundamente su vida, por lo que la atenci\u00f3n m\u00e9dica oportuna y eficaz es crucial.<\/p>\n<p>En GA Spine Orthopaedics en Roswell, nos especializamos en el tratamiento de lesiones musculoesquel\u00e9ticas resultantes de accidentes de camiones. Nuestro equipo de expertos en ortopedia brinda evaluaciones exhaustivas, planes de tratamiento personalizados y apoyo integral para ayudar a nuestros pacientes a controlar el dolor de manera efectiva, evitar complicaciones a largo plazo y garantizar una recuperaci\u00f3n exitosa.<\/p>\n<p>Si ha sufrido un accidente de cami\u00f3n y sufre dolor o problemas de movilidad, no demore en buscar la ayuda que necesita. Comun\u00edquese con GA Spine Orthopaedics hoy al [tel\u00e9fono] para concertar una consulta. Nuestros profesionales experimentados crear\u00e1n una estrategia de tratamiento personalizada para abordar sus necesidades espec\u00edficas, ayud\u00e1ndolo a recuperar r\u00e1pidamente su salud y bienestar.<\/p>\n","protected":false},"excerpt":{"rendered":"<p>Sufrir un accidente de cami\u00f3n es una experiencia desalentadora debido al enorme tama\u00f1o y peso de estos veh\u00edculos, que a menudo provocan lesiones m\u00e1s graves en comparaci\u00f3n con los accidentes automovil\u00edsticos est\u00e1ndar. Los efectos pueden tener impactos duraderos en las vidas de quienes est\u00e1n involucrados. Si ha sufrido lesiones en un accidente de cami\u00f3n, es [&hellip;]<\/p>\n","protected":false},"author":25,"featured_media":0,"parent":7573,"menu_order":0,"comment_status":"closed","ping_status":"closed","template":"","meta":{"_acf_changed":false,"footnotes":""},"categories":[],"tags":[],"class_list":["post-7729","page","type-page","status-publish","hentry"],"acf":[],"_links":{"self":[{"href":"https:\/\/www.gaspineortho.com\/es\/wp-json\/wp\/v2\/pages\/7729","targetHints":{"allow":["GET"]}}],"collection":[{"href":"https:\/\/www.gaspineortho.com\/es\/wp-json\/wp\/v2\/pages"}],"about":[{"href":"https:\/\/www.gaspineortho.com\/es\/wp-json\/wp\/v2\/types\/page"}],"author":[{"embeddable":true,"href":"https:\/\/www.gaspineortho.com\/es\/wp-json\/wp\/v2\/users\/25"}],"replies":[{"embeddable":true,"href":"https:\/\/www.gaspineortho.com\/es\/wp-json\/wp\/v2\/comments?post=7729"}],"version-history":[{"count":4,"href":"https:\/\/www.gaspineortho.com\/es\/wp-json\/wp\/v2\/pages\/7729\/revisions"}],"predecessor-version":[{"id":8670,"href":"https:\/\/www.gaspineortho.com\/es\/wp-json\/wp\/v2\/pages\/7729\/revisions\/8670"}],"up":[{"embeddable":true,"href":"https:\/\/www.gaspineortho.com\/es\/wp-json\/wp\/v2\/pages\/7573"}],"wp:attachment":[{"href":"https:\/\/www.gaspineortho.com\/es\/wp-json\/wp\/v2\/media?parent=7729"}],"wp:term":[{"taxonomy":"category","embeddable":true,"href":"https:\/\/www.gaspineortho.com\/es\/wp-json\/wp\/v2\/categories?post=7729"},{"taxonomy":"post_tag","embeddable":true,"href":"https:\/\/www.gaspineortho.com\/es\/wp-json\/wp\/v2\/tags?post=7729"}],"curies":[{"name":"wp","href":"https:\/\/api.w.org\/{rel}","templated":true}]}}