{"id":7722,"date":"2024-05-16T08:04:01","date_gmt":"2024-05-16T13:04:01","guid":{"rendered":"https:\/\/www.gaspineortho.com\/roswell\/physical-therapy\/"},"modified":"2024-06-01T12:18:38","modified_gmt":"2024-06-01T17:18:38","slug":"fisioterapia","status":"publish","type":"page","link":"https:\/\/www.gaspineortho.com\/es\/roswell\/fisioterapia\/","title":{"rendered":"Fisioterapia Roswell"},"content":{"rendered":"<p>\u00bfLidiando con el dolor f\u00edsico despu\u00e9s de un accidente? El equipo de fisioterapia de Georgia Spine &amp; La ortopedia comprende los desaf\u00edos de recuperarse de una lesi\u00f3n y la importancia de volver a ponerse de pie y trabajar de la forma m\u00e1s r\u00e1pida y segura posible.<\/p>\n<p>Nuestro dedicado equipo de fisioterapia se compromete a guiarlo a lo largo de su viaje de rehabilitaci\u00f3n, ayud\u00e1ndolo a recuperar la movilidad, la fuerza y \u200b\u200bla confianza. Ya sea que haya experimentado una distensi\u00f3n menor o una lesi\u00f3n m\u00e1s grave, estamos aqu\u00ed para brindarle atenci\u00f3n personalizada adaptada a sus necesidades espec\u00edficas.<\/p>\n<p>Con un enfoque en el tratamiento integral y el apoyo compasivo, nuestro objetivo no solo es abordar sus inquietudes f\u00edsicas inmediatas, sino tambi\u00e9n lograr que vuelva a hacer lo que ama.<\/p>\n<p>Cont\u00e1ctenos hoy al [tel\u00e9fono].<\/p>\n<h2>Comprensi\u00f3n de la fisioterapia<\/h2>\n<p><a href=\"https:\/\/www.gaspineortho.com\/wp-content\/uploads\/2024\/05\/physical-therapist-in-columbus-ga.webp\"><img fetchpriority=\"high\" decoding=\"async\" class=\"alignnone wp-image-4277 size-full\" src=\"https:\/\/www.gaspineortho.com\/wp-content\/uploads\/2024\/05\/physical-therapist-in-columbus-ga.webp\" alt=\"Roswell Physical Therapist treats a man's knee\" width=\"500\" height=\"334\" srcset=\"https:\/\/www.gaspineortho.com\/wp-content\/uploads\/2024\/05\/physical-therapist-in-columbus-ga.webp 500w, https:\/\/www.gaspineortho.com\/wp-content\/uploads\/2024\/05\/physical-therapist-in-columbus-ga-300x200.webp 300w\" sizes=\"(max-width: 500px) 100vw, 500px\" \/><\/a><\/p>\n<p><span style=\"font-weight: 400;\">La fisioterapia es una piedra angular de la atenci\u00f3n de rehabilitaci\u00f3n centrada en mejorar la movilidad, aliviar el dolor y restaurar la funci\u00f3n. En Georgia Spine &amp; Ortopedia (GSO), nuestros servicios de fisioterapia est\u00e1n dise\u00f1ados para ayudar a los pacientes a recuperarse de colisiones automovil\u00edsticas y lesiones relacionadas con el trabajo. Mediante un enfoque integral, integramos t\u00e9cnicas de <a href=\"https:\/\/www.webmd.com\/pain-management\/pain-management-whiplash\" target=\"_blank\" rel=\"noopener\">manejo del dolor<\/a> , ortopedia y neurolog\u00eda para personalizar el plan de tratamiento de cada paciente. Los tratamientos comunes incluyen inyecciones dirigidas, terapia manual y ejercicios especializados, todos destinados a mejorar la recuperaci\u00f3n y la calidad de vida. La fisioterapia juega un papel fundamental en la reducci\u00f3n del dolor y la prevenci\u00f3n de la discapacidad a largo plazo, asegurando que los pacientes recuperen su fuerza e independencia. Nuestro equipo capacitado, que habla ingl\u00e9s y espa\u00f1ol con fluidez, se dedica a brindar atenci\u00f3n compasiva en nuestras m\u00faltiples ubicaciones en Metro Atlanta, haciendo que la fisioterapia avanzada sea accesible y conveniente. Conf\u00ede en la OSG para brindarle la atenci\u00f3n experta que necesita con \u00abLa habilidad para sanar, el coraz\u00f3n para cuidar\u00bb.<\/span><\/p>\n<h2>Comparaci\u00f3n de fisioterapia y atenci\u00f3n quiropr\u00e1ctica<\/h2>\n<p><span style=\"font-weight: 400;\">Al considerar la fisioterapia versus la atenci\u00f3n quiropr\u00e1ctica, es fundamental comprender sus distintos enfoques. La fisioterapia se centra en rehabilitar y fortalecer los m\u00fasculos y las articulaciones mediante ejercicios y tratamientos espec\u00edficos como la terapia de ultrasonido y la manipulaci\u00f3n manual. La atenci\u00f3n quiropr\u00e1ctica, por otro lado, enfatiza la alineaci\u00f3n de la columna y se logra principalmente mediante ajustes y t\u00e9cnicas de descompresi\u00f3n de la columna.<\/span><\/p>\n<p><span style=\"font-weight: 400;\">Ambas terapias tienen casos de uso \u00fanicos. La fisioterapia a menudo se recomienda para la rehabilitaci\u00f3n posquir\u00fargica, el manejo del dolor cr\u00f3nico y la recuperaci\u00f3n de colisiones automovil\u00edsticas. Por lo general, se busca atenci\u00f3n quiropr\u00e1ctica para dolores agudos de espalda, dolores de cabeza y problemas de alineaci\u00f3n.<\/span><\/p>\n<p><span style=\"font-weight: 400;\">En Georgia Spine &amp; Ortopedia, nuestro enfoque hol\u00edstico garantiza que los pacientes reciban el tratamiento m\u00e1s adecuado y adaptado a sus necesidades espec\u00edficas. Ya sea a trav\u00e9s de fisioterapia o atenci\u00f3n quiropr\u00e1ctica, nuestro objetivo es restaurar la funcionalidad y mejorar la calidad de vida, adhiri\u00e9ndose a nuestro esp\u00edritu: \u00abLa habilidad para sanar, el coraz\u00f3n para cuidar\u00bb.<\/span><\/p>\n<h2>Condiciones tratadas por un fisioterapeuta de accidentes automovil\u00edsticos<\/h2>\n<p><a href=\"https:\/\/www.gaspineortho.com\/wp-content\/uploads\/2024\/05\/shutterstock_1177541623-min.jpg\"><img decoding=\"async\" class=\"alignnone wp-image-3747 size-full\" src=\"https:\/\/www.gaspineortho.com\/wp-content\/uploads\/2024\/05\/shutterstock_1177541623-min.jpg\" alt=\"Physical Therapy in Roswell\" width=\"500\" height=\"334\" srcset=\"https:\/\/www.gaspineortho.com\/wp-content\/uploads\/2024\/05\/shutterstock_1177541623-min.jpg 500w, https:\/\/www.gaspineortho.com\/wp-content\/uploads\/2024\/05\/shutterstock_1177541623-min-300x200.jpg 300w\" sizes=\"(max-width: 500px) 100vw, 500px\" \/><\/a><\/p>\n<p><span style=\"font-weight: 400;\">En Georgia Spine &amp; Ortopedia (GSO), nuestros fisioterapeutas de accidentes automovil\u00edsticos se especializan en el tratamiento de una variedad de lesiones para acelerar su recuperaci\u00f3n. Abordamos las lesiones de la m\u00e9dula espinal y las lesiones de las articulaciones con planes de rehabilitaci\u00f3n personalizados que se centran en restaurar la movilidad y reducir el dolor. Para esguinces y torceduras, nuestros ejercicios y t\u00e9cnicas espec\u00edficos ayudan a aliviar las molestias y mejorar la flexibilidad.<\/span><\/p>\n<p><a href=\"https:\/\/www.webmd.com\/pain-management\/pain-management-whiplash\" target=\"_blank\" rel=\"noopener\">Trastorno asociado al latigazo cervical<\/a> (WAD), una consecuencia com\u00fan de accidentes automovil\u00edsticos, se maneja a trav\u00e9s de estrategias especializadas para mejorar la movilidad del cuello y reducir el dolor. Nuestros expertos tambi\u00e9n lo guiar\u00e1n a trav\u00e9s de procesos integrales de recuperaci\u00f3n de fracturas, asegur\u00e1ndole que recupere fuerza y \u200b\u200bfunci\u00f3n. Adem\u00e1s, ofrecemos intervenciones terap\u00e9uticas para el trastorno posconmoci\u00f3n cerebral, destinadas a mitigar los s\u00edntomas y promover la salud neurol\u00f3gica. En GSO, combinamos m\u00e9todos de alivio del dolor de \u00faltima generaci\u00f3n con atenci\u00f3n compasiva para apoyar su camino hacia la recuperaci\u00f3n total.<\/p>\n<h2>Importancia de seguir los consejos de su fisioterapeuta<\/h2>\n<p><span style=\"font-weight: 400;\">Seguir diligentemente los consejos de su fisioterapeuta es crucial, especialmente despu\u00e9s de un <a href=\"https:\/\/www.gaspineortho.com\/es\/roswell\/medico-accidente-automovilistico\/ \">accidente automovil\u00edstico<\/a>. La constancia en la fisioterapia puede influir significativamente en el resultado de su acuerdo por accidente automovil\u00edstico. Las compa\u00f1\u00edas de seguros y las personas jur\u00eddicas suelen considerar el cumplimiento de los tratamientos prescritos como prueba de su compromiso con la recuperaci\u00f3n. Cumplir con las pautas de su fisioterapeuta garantiza que no solo lograr\u00e1 una recuperaci\u00f3n \u00f3ptima sino que tambi\u00e9n reforzar\u00e1 su caso en las negociaciones para llegar a un acuerdo.<\/span><\/p>\n<p><span style=\"font-weight: 400;\">Para garantizar el cumplimiento, establezca una rutina y c\u00famplala. Participar en los ejercicios recomendados y asistir a todas las citas programadas. Utilice recordatorios en su tel\u00e9fono e involucre a miembros de la familia para obtener apoyo adicional. Recuerde, su dedicaci\u00f3n a seguir el r\u00e9gimen de fisioterapia puede marcar una diferencia notable en su proceso de curaci\u00f3n y en la resoluci\u00f3n general de su reclamo. En Georgia Spine &amp; Ortopedia, nuestro equipo est\u00e1 aqu\u00ed para apoyarlo en cada paso del camino, ofreci\u00e9ndole asesoramiento experto y un enfoque compasivo para garantizar que su recuperaci\u00f3n sea lo m\u00e1s r\u00e1pida y completa posible.<\/span><\/p>\n<h2>Elegir Georgia Spine &amp; Ortopedia para los servicios de fisioterapia de Roswell<\/h2>\n<p><a href=\"https:\/\/www.gaspineortho.com\/wp-content\/uploads\/2020\/12\/ga-spine-ortho-docs-e1715801958933.webp\"><img decoding=\"async\" class=\"alignnone wp-image-3286 size-full\" src=\"https:\/\/www.gaspineortho.com\/wp-content\/uploads\/2020\/12\/ga-spine-ortho-docs-e1715801958933.webp\" alt=\"The Team of Georgia Spine &amp; Orthopaedics\" width=\"500\" height=\"273\" \/><\/a><\/p>\n<p><span style=\"font-weight: 400;\">En Georgia Spine &amp; Ortopedia (GSO), nuestro compromiso de brindar servicios de fisioterapia de primer nivel se refleja en los testimonios de nuestros pacientes. Desde lesiones complejas de la columna hasta afecciones ortop\u00e9dicas, nuestro enfoque multidisciplinario garantiza que cada paciente reciba una atenci\u00f3n personalizada y eficaz. Nuestro equipo capacitado, incluido el Dr. Laviel Fern\u00e1ndez, utiliza t\u00e9cnicas avanzadas de alivio del dolor y tratamientos de vanguardia para ayudar en la recuperaci\u00f3n.<\/span><\/p>\n<p><span style=\"font-weight: 400;\">Nuestros pacientes constantemente elogian nuestra atenci\u00f3n atenta y compasiva, subrayando nuestro esp\u00edritu: \u00abLa habilidad para sanar, el coraz\u00f3n para cuidar\u00bb. Los miembros del personal biling\u00fce que dominan el ingl\u00e9s y el espa\u00f1ol garantizan que toda la comunicaci\u00f3n sea clara, proporcionando un entorno de apoyo para pacientes diversos.<\/span><\/p>\n<p><span style=\"font-weight: 400;\">\u00bfListo para dar el siguiente paso hacia la recuperaci\u00f3n? Programe una evaluaci\u00f3n de fisioterapia con nosotros hoy. Comun\u00edquese con la OSG al [tel\u00e9fono] o visite nuestra ubicaci\u00f3n <a href=\"https:\/\/www.gaspineortho.com\/es\/roswell\/\">Roswell<\/a> para comenzar su viaje hacia una mejor salud y funcionalidad.<\/span><\/p>\n","protected":false},"excerpt":{"rendered":"<p>\u00bfLidiando con el dolor f\u00edsico despu\u00e9s de un accidente? El equipo de fisioterapia de Georgia Spine &amp; La ortopedia comprende los desaf\u00edos de recuperarse de una lesi\u00f3n y la importancia de volver a ponerse de pie y trabajar de la forma m\u00e1s r\u00e1pida y segura posible. Nuestro dedicado equipo de fisioterapia se compromete a guiarlo [&hellip;]<\/p>\n","protected":false},"author":44,"featured_media":0,"parent":7573,"menu_order":0,"comment_status":"closed","ping_status":"closed","template":"","meta":{"_acf_changed":false,"footnotes":""},"categories":[],"tags":[],"class_list":["post-7722","page","type-page","status-publish","hentry"],"acf":[],"_links":{"self":[{"href":"https:\/\/www.gaspineortho.com\/es\/wp-json\/wp\/v2\/pages\/7722","targetHints":{"allow":["GET"]}}],"collection":[{"href":"https:\/\/www.gaspineortho.com\/es\/wp-json\/wp\/v2\/pages"}],"about":[{"href":"https:\/\/www.gaspineortho.com\/es\/wp-json\/wp\/v2\/types\/page"}],"author":[{"embeddable":true,"href":"https:\/\/www.gaspineortho.com\/es\/wp-json\/wp\/v2\/users\/44"}],"replies":[{"embeddable":true,"href":"https:\/\/www.gaspineortho.com\/es\/wp-json\/wp\/v2\/comments?post=7722"}],"version-history":[{"count":3,"href":"https:\/\/www.gaspineortho.com\/es\/wp-json\/wp\/v2\/pages\/7722\/revisions"}],"predecessor-version":[{"id":7728,"href":"https:\/\/www.gaspineortho.com\/es\/wp-json\/wp\/v2\/pages\/7722\/revisions\/7728"}],"up":[{"embeddable":true,"href":"https:\/\/www.gaspineortho.com\/es\/wp-json\/wp\/v2\/pages\/7573"}],"wp:attachment":[{"href":"https:\/\/www.gaspineortho.com\/es\/wp-json\/wp\/v2\/media?parent=7722"}],"wp:term":[{"taxonomy":"category","embeddable":true,"href":"https:\/\/www.gaspineortho.com\/es\/wp-json\/wp\/v2\/categories?post=7722"},{"taxonomy":"post_tag","embeddable":true,"href":"https:\/\/www.gaspineortho.com\/es\/wp-json\/wp\/v2\/tags?post=7722"}],"curies":[{"name":"wp","href":"https:\/\/api.w.org\/{rel}","templated":true}]}}