{"id":7720,"date":"2025-06-20T03:42:55","date_gmt":"2025-06-20T08:42:55","guid":{"rendered":"https:\/\/www.gaspineortho.com\/roswell\/personal-injury-doctor\/"},"modified":"2024-06-01T12:11:31","modified_gmt":"2024-06-01T17:11:31","slug":"medico-de-lesiones-personales","status":"publish","type":"page","link":"https:\/\/www.gaspineortho.com\/es\/roswell\/medico-de-lesiones-personales\/","title":{"rendered":"M\u00e9dico de lesiones personales de Roswell"},"content":{"rendered":"<p>Las lesiones personales a menudo tienen un impacto significativo en la vida de una persona, particularmente cuando involucran movilidad y funcionamiento diario. Columna vertebral de Georgia y La ortopedia, al ser una pr\u00e1ctica de primer nivel en Roswell, ofrece atenci\u00f3n integral para casos de lesiones personales.<\/p>\n<h2>M\u00e9dico de lesiones personales: qui\u00e9nes son y qu\u00e9 hacen<\/h2>\n<p>Un m\u00e9dico de lesiones personales se especializa en diagnosticar y tratar lesiones que ocurren debido a accidentes, lo que las hace cruciales tanto en escenarios legales como de recuperaci\u00f3n m\u00e9dica. Su papel va m\u00e1s all\u00e1 del mero tratamiento; documentan cuidadosamente las lesiones para posibles reclamaciones legales, asegurando que los informes m\u00e9dicos reflejen el alcance real del trauma.<\/p>\n<p>El conocimiento especializado de los m\u00e9dicos de lesiones personales ayuda a identificar lesiones ocultas que podr\u00edan empeorar con el tiempo sin la intervenci\u00f3n adecuada, salvaguardando su salud y sus derechos. En Georgia Spine &amp; Ortopedia en <a href=\"https:\/\/www.roswellgov.com\/\" target=\"_blank\" rel=\"noopener\">Roswell<\/a>, la atenci\u00f3n se centra en brindar atenci\u00f3n exhaustiva con precisi\u00f3n, desde afecciones de la columna hasta servicios ortop\u00e9dicos. problemas derivados de lesiones personales, lo que los convierte en una piedra angular tanto de la recuperaci\u00f3n como del apoyo legal.<br \/>\n<a href=\"https:\/\/www.gaspineortho.com\/wp-content\/uploads\/2024\/05\/roswell-personal-injury-doctor.jpg\"><img fetchpriority=\"high\" decoding=\"async\" class=\"alignnone wp-image-5819 size-full\" src=\"https:\/\/www.gaspineortho.com\/wp-content\/uploads\/2024\/05\/roswell-personal-injury-doctor.jpg\" alt=\"roswell personal injury doctor\" width=\"500\" height=\"334\" srcset=\"https:\/\/www.gaspineortho.com\/wp-content\/uploads\/2024\/05\/roswell-personal-injury-doctor.jpg 500w, https:\/\/www.gaspineortho.com\/wp-content\/uploads\/2024\/05\/roswell-personal-injury-doctor-300x200.jpg 300w\" sizes=\"(max-width: 500px) 100vw, 500px\" \/><\/a><\/p>\n<h2>Importancia de recibir atenci\u00f3n m\u00e9dica despu\u00e9s de una lesi\u00f3n personal<\/h2>\n<p>Despu\u00e9s de un accidente, es fundamental acudir r\u00e1pidamente a un proveedor de atenci\u00f3n m\u00e9dica. \u00bfPorque el apuro? Bueno, no todas las lesiones exigen atenci\u00f3n. Algunos son como ese ninja astuto: \u00a1silenciosos pero potencialmente mortales! Piense en una lesi\u00f3n interna o una peque\u00f1a sacudida cerebral; Estos tipos podr\u00edan pasar desapercibidos pero causar serios problemas con el tiempo. Ser examinado por un m\u00e9dico especializado en lesiones personales, como los de Georgia Spine &amp; La ortopedia no se trata s\u00f3lo de detectar lesiones ocultas a tiempo; tambi\u00e9n es crucial para esas inevitables batallas legales.<\/p>\n<p>Ya sea que se trate de probar la lesi\u00f3n por un golpe en el guardabarros o un resbal\u00f3n en el trabajo, tener sus lesiones documentadas profesionalmente desde el principio podr\u00eda cambiar las reglas del juego para su reclamo legal. No lo dude: \u00a1su salud y su tranquilidad legal podr\u00edan depender de esa visita r\u00e1pida a un experto m\u00e9dico!<\/p>\n<h2>Beneficios del tratamiento m\u00e9dico despu\u00e9s de una lesi\u00f3n personal<\/h2>\n<p>Buscar tratamiento m\u00e9dico inmediato despu\u00e9s de una lesi\u00f3n personal no es s\u00f3lo una formalidad: es un paso fundamental para salvaguardar su salud y sus derechos legales. En Georgia Spine &amp; En ortopedia, la atenci\u00f3n se centra no s\u00f3lo en aliviar el dolor inmediato sino tambi\u00e9n en prevenir complicaciones a largo plazo. El tratamiento brindado por especialistas en atenci\u00f3n espinal y ortop\u00e9dica garantiza que las lesiones, posiblemente enmascaradas por la adrenalina o con presentaci\u00f3n tard\u00eda, se diagnostiquen y traten adecuadamente.<\/p>\n<p>Adem\u00e1s, la documentaci\u00f3n m\u00e9dica detallada proporcionada por Georgia Spine &amp; La ortopedia puede ser fundamental en los reclamos legales, reforzando las pruebas para una compensaci\u00f3n debida. No subestimes el impacto; La atenci\u00f3n m\u00e9dica experta despu\u00e9s de una lesi\u00f3n es crucial tanto para su recuperaci\u00f3n f\u00edsica como para su protecci\u00f3n legal.<\/p>\n<h2>Da\u00f1os comunes en la carrocer\u00eda tras un accidente automovil\u00edstico<\/h2>\n<p><a href=\"https:\/\/www.gaspineortho.com\/es\/roswell\/tratamiento-de-lesiones-por-accidente-de-automovilismo\/\">Los accidentes de tr\u00e1fico pueden desencadenar un sinf\u00edn de lesiones<\/a>, desde el menor a lo severo. Com\u00fanmente, las personas pueden experimentar <a href=\"https:\/\/www.webmd.com\/pain-management\/pain-management-whiplash\" target=\"_blank\" rel=\"noopener\">latigazo cervical<\/a>, en el que un movimiento repentino causa tensi\u00f3n en el cuello o lesiones ortop\u00e9dicas m\u00e1s graves, como fracturas y dislocaciones. Tambi\u00e9n pueden surgir problemas neurol\u00f3gicos, incluidas conmociones cerebrales o lesiones cerebrales m\u00e1s traum\u00e1ticas, que pueden no presentar s\u00edntomas inmediatos.<\/p>\n<p>En Georgia Spine &amp; Ortopedia, nuestros m\u00e9dicos de lesiones personales est\u00e1n equipados para diagnosticar y tratar estas diversas afecciones con precisi\u00f3n. Comprender el espectro completo de posibles da\u00f1os corporales posteriores a un accidente es crucial no s\u00f3lo para un tratamiento eficaz sino tambi\u00e9n para reclamaciones legales asociadas con lesiones personales.<\/p>\n<p>Nuestro equipo de Roswell est\u00e1 listo para ayudarlo con sus necesidades m\u00e9dicas y legales posteriores, garantizando atenci\u00f3n y apoyo integrales durante su proceso de recuperaci\u00f3n. Ya sea para controlar el dolor, restaurar funciones o documentar lesiones con fines legales, nuestros expertos est\u00e1n preparados.<\/p>\n<h2>Importancia de un abogado calificado en lesiones personales<\/h2>\n<p>Superar las secuelas de una lesi\u00f3n personal no se trata solo de curarse f\u00edsicamente, sino tambi\u00e9n de quitarse el peso legal de encima. Ah\u00ed es donde interviene un abogado experimentado en lesiones personales, que desempe\u00f1a un papel fundamental en su fase de recuperaci\u00f3n y batallas legales. Son su opci\u00f3n para desenredar los reclamos legales, a menudo confusos, que siguen a las lesiones. Adem\u00e1s, contar con un abogado experto le garantiza la compensaci\u00f3n que realmente merece.<\/p>\n<p>En Georgia Spine &amp; En ortopedia, entendemos la sinergia entre la atenci\u00f3n m\u00e9dica y la experiencia jur\u00eddica. Es por eso que estamos conectados a una s\u00f3lida red de referencias, que conecta a nuestros pacientes con abogados de lesiones personales de primer nivel. Con estos abogados armados con nuestra documentaci\u00f3n m\u00e9dica completa, sus reclamos legales tienen una base s\u00f3lida. Entonces, cuando se trata de algo m\u00e1s que su salud, cuando lo que est\u00e1 en juego son sus derechos y su recuperaci\u00f3n, un abogado calificado no solo es \u00fatil; son indispensables.<\/p>\n<h2>C\u00f3mo lidiar con otras lesiones personales<\/h2>\n<p>M\u00e1s all\u00e1 del trauma de los accidentes automovil\u00edsticos, Georgia Spine &amp; La ortopedia se destaca en el manejo de lesiones causadas por diversos incidentes, incluidos resbalones y ca\u00eddas y accidentes laborales. Ya sea que est\u00e9 lidiando con una desalineaci\u00f3n de la columna debido a una ca\u00edda o una lesi\u00f3n musculoesquel\u00e9tica compleja adquirida en el trabajo, los m\u00e9dicos de lesiones personales de GSO brindan tratamientos espec\u00edficos dise\u00f1ados para aliviar el dolor y restaurar la funci\u00f3n.<\/p>\n<p>Nuestro enfoque hol\u00edstico integra atenci\u00f3n ortop\u00e9dica y neurol\u00f3gica avanzada, lo que garantiza un manejo integral de su afecci\u00f3n. La experiencia del equipo en t\u00e9cnicas de <a href=\"https:\/\/www.gaspineortho.com\/es\/roswell\/manejo-del-dolor-en-roswell\/\">manejo del dolor<\/a>, incluidas las inyecciones de precisi\u00f3n, ofrece un alivio inmediato. y facilita una recuperaci\u00f3n m\u00e1s fluida. Con un personal que habla ingl\u00e9s y espa\u00f1ol con fluidez, y m\u00faltiples ubicaciones en el \u00e1rea metropolitana de Atlanta, acceder a atenci\u00f3n de primer nivel nunca ha sido tan f\u00e1cil.<\/p>\n<p>Conf\u00ede en nosotros para apoyarle en su viaje de regreso a la salud con habilidad y compasi\u00f3n. Recuerde, en GSO no solo tratamos lesiones: restauramos la calidad de vida.<\/p>\n<h2>Por qu\u00e9 elegir Georgia Spine &amp; Ortopedia en Roswell<\/h2>\n<p>Elegir al proveedor de atenci\u00f3n m\u00e9dica adecuado en Roswell es crucial, especialmente despu\u00e9s de una lesi\u00f3n personal. En Georgia Spine &amp; Ortopedia, nuestros m\u00e9dicos de lesiones personales se destacan por nuestra profunda combinaci\u00f3n de credenciales y atenci\u00f3n compasiva. Nuestro enfoque hol\u00edstico no es s\u00f3lo una palabra de moda; es una pr\u00e1ctica. Combina ortopedia, neurolog\u00eda y t\u00e9cnicas avanzadas de manejo del dolor, garantizando rutas de recuperaci\u00f3n integrales adaptadas a cada paciente.<\/p>\n<p>Adem\u00e1s, nuestra atenci\u00f3n se extiende m\u00e1s all\u00e1 de los l\u00edmites cl\u00ednicos. Es accesible, emp\u00e1tico y est\u00e1 dise\u00f1ado para satisfacer las necesidades de una comunidad diversa, que incluye pacientes de habla inglesa y espa\u00f1ola. Con expertos como el reconocido cirujano de columna, el Dr. Laviel Fern\u00e1ndez, nuestro equipo est\u00e1 equipado para manejar afecciones ortop\u00e9dicas y de columna severas derivadas de lesiones personales.<\/p>\n<p>Aqu\u00ed no se trata s\u00f3lo de tratamiento, sino de encontrar una soluci\u00f3n duradera y garantizar que recupere su calidad de vida. Venga a ver por qu\u00e9 nuestro mantra, \u00abLa habilidad para sanar, el coraz\u00f3n para cuidar\u00bb, realmente nos define.<\/p>\n<p><a href=\"https:\/\/www.gaspineortho.com\/wp-content\/uploads\/2020\/12\/ga-spine-ortho-docs-e1715801958933.webp\"><img decoding=\"async\" class=\"alignnone wp-image-3286 size-full\" src=\"https:\/\/www.gaspineortho.com\/wp-content\/uploads\/2020\/12\/ga-spine-ortho-docs-e1715801958933.webp\" alt=\"The Team of Georgia Spine &amp; Orthopaedics\" width=\"500\" height=\"273\" \/><\/a><\/p>\n<h2>P\u00f3ngase en contacto con Georgia Spine &amp; Ortopedia<\/h2>\n<p>\u00bfSufri\u00f3 una lesi\u00f3n personal? No esperes. El equipo m\u00e9dico adecuado puede marcar la diferencia. En Georgia Spine &amp; Ortopedia en Roswell, no solo encontrar\u00e1 experiencia sino tambi\u00e9n atenci\u00f3n genuina. Si est\u00e1 controlando el dolor de un accidente automovil\u00edstico o una lesi\u00f3n relacionada con el trabajo, permita que nuestros m\u00e9dicos de lesiones personales le ayuden a guiar su recuperaci\u00f3n.<\/p>\n<p>Para consultas o m\u00e1s informaci\u00f3n, ll\u00e1manos al [tel\u00e9fono] o visita nuestro <a href=\"https:\/\/www.gaspineortho.com\/es\/\" target=\"_blank\" rel=\"noopener\">sitio web<\/a>. Programe su cita hoy y experimente de primera mano por qu\u00e9 los pacientes conf\u00edan en nosotros para su recuperaci\u00f3n. Nuestras puertas y corazones est\u00e1n abiertos; Estamos aqu\u00ed para ayudarle a recuperar su vida y su bienestar.<\/p>\n","protected":false},"excerpt":{"rendered":"<p>Las lesiones personales a menudo tienen un impacto significativo en la vida de una persona, particularmente cuando involucran movilidad y funcionamiento diario. Columna vertebral de Georgia y La ortopedia, al ser una pr\u00e1ctica de primer nivel en Roswell, ofrece atenci\u00f3n integral para casos de lesiones personales. M\u00e9dico de lesiones personales: qui\u00e9nes son y qu\u00e9 hacen [&hellip;]<\/p>\n","protected":false},"author":25,"featured_media":0,"parent":7573,"menu_order":0,"comment_status":"closed","ping_status":"closed","template":"","meta":{"_acf_changed":false,"footnotes":""},"categories":[],"tags":[],"class_list":["post-7720","page","type-page","status-publish","hentry"],"acf":[],"_links":{"self":[{"href":"https:\/\/www.gaspineortho.com\/es\/wp-json\/wp\/v2\/pages\/7720","targetHints":{"allow":["GET"]}}],"collection":[{"href":"https:\/\/www.gaspineortho.com\/es\/wp-json\/wp\/v2\/pages"}],"about":[{"href":"https:\/\/www.gaspineortho.com\/es\/wp-json\/wp\/v2\/types\/page"}],"author":[{"embeddable":true,"href":"https:\/\/www.gaspineortho.com\/es\/wp-json\/wp\/v2\/users\/25"}],"replies":[{"embeddable":true,"href":"https:\/\/www.gaspineortho.com\/es\/wp-json\/wp\/v2\/comments?post=7720"}],"version-history":[{"count":4,"href":"https:\/\/www.gaspineortho.com\/es\/wp-json\/wp\/v2\/pages\/7720\/revisions"}],"predecessor-version":[{"id":7725,"href":"https:\/\/www.gaspineortho.com\/es\/wp-json\/wp\/v2\/pages\/7720\/revisions\/7725"}],"up":[{"embeddable":true,"href":"https:\/\/www.gaspineortho.com\/es\/wp-json\/wp\/v2\/pages\/7573"}],"wp:attachment":[{"href":"https:\/\/www.gaspineortho.com\/es\/wp-json\/wp\/v2\/media?parent=7720"}],"wp:term":[{"taxonomy":"category","embeddable":true,"href":"https:\/\/www.gaspineortho.com\/es\/wp-json\/wp\/v2\/categories?post=7720"},{"taxonomy":"post_tag","embeddable":true,"href":"https:\/\/www.gaspineortho.com\/es\/wp-json\/wp\/v2\/tags?post=7720"}],"curies":[{"name":"wp","href":"https:\/\/api.w.org\/{rel}","templated":true}]}}