{"id":7708,"date":"2024-05-15T15:29:53","date_gmt":"2024-05-15T20:29:53","guid":{"rendered":"https:\/\/www.gaspineortho.com\/roswell\/motorcycle-accident-treatment\/"},"modified":"2024-06-01T11:41:35","modified_gmt":"2024-06-01T16:41:35","slug":"tratamiento-accidente-de-moto","status":"publish","type":"page","link":"https:\/\/www.gaspineortho.com\/es\/roswell\/tratamiento-accidente-de-moto\/","title":{"rendered":"Tratamiento de lesiones por accidentes de motocicleta en Roswell"},"content":{"rendered":"<p>Los motociclistas corren un alto riesgo de sufrir lesiones graves en un accidente debido a la falta de barreras protectoras como las que se encuentran en los autom\u00f3viles, como estructuras de acero, bolsas de aire y cinturones de seguridad. Las lesiones provocadas por accidentes de motocicleta pueden ser catastr\u00f3ficas y afectar no s\u00f3lo al conductor sino tambi\u00e9n a los pasajeros.<\/p>\n<p>Si ha tenido un accidente de motocicleta y ha sufrido lesiones, comun\u00edquese con Georgia Spine and Orthopaedics. Como centro l\u00edder en el tratamiento de lesiones por accidentes de motocicleta, nos dedicamos a evaluar sus lesiones y brindarle el tratamiento adecuado para ayudarlo en su recuperaci\u00f3n.<\/p>\n<p>Para obtener m\u00e1s informaci\u00f3n sobre c\u00f3mo podemos ayudarlo con sus lesiones por accidente de motocicleta, los tipos de tratamientos que brindamos o para programar una cita, no dude en llamarnos hoy al [tel\u00e9fono].<\/p>\n<p><a href=\"https:\/\/www.gaspineortho.com\/wp-content\/uploads\/2024\/05\/roswell-motorcycle-accident.jpg\"><img fetchpriority=\"high\" decoding=\"async\" class=\"alignnone wp-image-5762 size-full\" src=\"https:\/\/www.gaspineortho.com\/wp-content\/uploads\/2024\/05\/roswell-motorcycle-accident.jpg\" alt=\"roswell motorcycle accident\" width=\"500\" height=\"334\" srcset=\"https:\/\/www.gaspineortho.com\/wp-content\/uploads\/2024\/05\/roswell-motorcycle-accident.jpg 500w, https:\/\/www.gaspineortho.com\/wp-content\/uploads\/2024\/05\/roswell-motorcycle-accident-300x200.jpg 300w\" sizes=\"(max-width: 500px) 100vw, 500px\" \/><\/a><\/p>\n<h2>Lesiones t\u00edpicas por accidentes de motocicleta en Roswell<\/h2>\n<p>Las motocicletas a menudo est\u00e1n relacionadas con lesiones de alto riesgo en <a href=\"https:\/\/www.roswellgov.com\/\" target=\"_blank\" rel=\"noopener\">Roswell<\/a> y en todo el mundo, incluso cuando los conductores toman precauciones. como usar cascos. A continuaci\u00f3n se detallan algunas lesiones comunes que los motociclistas pueden enfrentar:<\/p>\n<h3>Erupci\u00f3n en la carretera<\/h3>\n<p>Esta lesi\u00f3n ocurre cuando la piel de un motociclista entra en contacto con el pavimento, lo que a menudo provoca abrasiones en la piel que pueden parecerse a quemaduras. El equipo de protecci\u00f3n puede ayudar, pero aun as\u00ed pueden producirse erupciones en la carretera, lo que expone al cuerpo a posibles infecciones por residuos incrustados en la piel. Los casos graves pueden requerir injertos de piel para curarse.<\/p>\n<h3>Fracturas<\/h3>\n<p>Las ca\u00eddas de motocicletas a menudo provocan que la bicicleta aterrice sobre las piernas del conductor, lo que puede provocar fracturas. Las colisiones laterales pueden atrapar la pierna del conductor entre la motocicleta y otro veh\u00edculo, provocando roturas graves. Los brazos y las mu\u00f1ecas tambi\u00e9n corren riesgo, ya que los ciclistas instintivamente extienden la mano para amortiguar una ca\u00edda, lo que puede provocar fracturas en lugar de prevenirlas.<\/p>\n<h3>Lesiones internas<\/h3>\n<p>El intenso traumatismo de un accidente puede provocar hemorragias internas y da\u00f1os a \u00f3rganos. Esto puede deberse a un traumatismo penetrante, en el que objetos punzantes perforan la piel, o a un traumatismo contundente, que da\u00f1a las estructuras internas sin penetraci\u00f3n externa.<\/p>\n<h3>Lesiones en la cabeza<\/h3>\n<p>Estas se encuentran entre las lesiones m\u00e1s graves y pueden provocar da\u00f1o cerebral, conmoci\u00f3n cerebral, inflamaci\u00f3n del cerebro, fracturas de cr\u00e1neo e incluso par\u00e1lisis. Las consecuencias pueden ser devastadoras y afectar la memoria, la coordinaci\u00f3n y el bienestar emocional. Las lesiones faciales pueden requerir cirug\u00eda reconstructiva, mientras que las lesiones del cuello pueden variar desde un latigazo cervical hasta da\u00f1o a los nervios.<\/p>\n<h3>Lesi\u00f3n cerebral traum\u00e1tica (TBI)<\/h3>\n<p>Una lesi\u00f3n cerebral traum\u00e1tica es una consecuencia grave de un golpe en la cabeza, que puede ocurrir incluso con protecci\u00f3n de casco. Puede afectar profundamente las funciones cognitivas y f\u00edsicas, alterando dram\u00e1ticamente la calidad de vida de la v\u00edctima.<\/p>\n<h3>Lesiones de la m\u00e9dula espinal<\/h3>\n<p>Las lesiones de la m\u00e9dula espinal pueden alterar la comunicaci\u00f3n entre el cerebro y las partes del cuerpo. Estas lesiones pueden ser parciales, permitiendo alguna funci\u00f3n, o completas, lo que resulta en una p\u00e9rdida total de movimiento y sensaci\u00f3n debajo del sitio de la lesi\u00f3n. <a href=\"https:\/\/www.webmd.com\/brain\/spinal-cord-what-to-know\" target=\"_blank\" rel=\"noopener\">Lesiones de la columna<\/a> pueden provocar lesiones a largo plazo complicaciones como problemas cardiovasculares, problemas respiratorios y dolor cr\u00f3nico.<\/p>\n<p>Los accidentes de motocicleta pueden tener graves repercusiones y comprender estas posibles lesiones es crucial para cualquier motociclista. Si se ve involucrado en un accidente, la atenci\u00f3n m\u00e9dica inmediata es vital para tratar estas lesiones graves de manera efectiva.<\/p>\n<h2>Pasos esenciales a seguir despu\u00e9s de un accidente de motocicleta en Roswell<\/h2>\n<p>Si se ve involucrado en un accidente de motocicleta en Roswell, es fundamental seguir estos pasos:<\/p>\n<p><strong>Llame al 911:<\/strong> marque inmediatamente el 911 para que los servicios m\u00e9dicos de emergencia y la polic\u00eda lleguen al lugar. La polic\u00eda documentar\u00e1 el accidente y entrevistar\u00e1 a todos los involucrados y a los testigos para determinar qui\u00e9n tiene la culpa. Es importante responder honestamente a todas las consultas policiales.<\/p>\n<p><strong>Busque atenci\u00f3n m\u00e9dica:<\/strong> Incluso si no ve ninguna lesi\u00f3n aparente, es vital que lo revisen profesionales m\u00e9dicos. Es posible que las lesiones no sean visibles externamente, como da\u00f1os internos que podr\u00edan ser graves.<\/p>\n<p><strong>Re\u00fana pruebas:<\/strong> si puede, tome fotograf\u00edas con su tel\u00e9fono inteligente de la escena del accidente, incluidos todos los veh\u00edculos involucrados, su motocicleta, las placas, cualquier lesi\u00f3n visible y las condiciones de la carretera.<\/p>\n<p><strong>Intercambiar informaci\u00f3n:<\/strong> aseg\u00farese de intercambiar los datos de contacto y del seguro con los otros conductores involucrados. Adem\u00e1s, recopile informaci\u00f3n de contacto de los testigos, ya que sus relatos pueden respaldar su relato de los eventos.<\/p>\n<p><strong>Notifique a su compa\u00f1\u00eda de seguros:<\/strong> la mayor\u00eda de las p\u00f3lizas de seguro requieren que informe cualquier accidente en el que est\u00e9 involucrado. Comun\u00edquese con su aseguradora de inmediato y transmita solo los detalles reales del incidente.<\/p>\n<p><strong>Consulte a un abogado:<\/strong> Dada la gravedad de las lesiones que pueden resultar de los accidentes de motocicleta y las complejidades de reclamar una compensaci\u00f3n, contratar a un abogado con experiencia en accidentes de motocicleta puede ser incre\u00edblemente beneficioso.<\/p>\n<p>Seguir estos pasos puede ayudar a garantizar su seguridad y fortalecer su posici\u00f3n en cualquier procedimiento legal que pueda seguir.<\/p>\n<h2>Principales pr\u00e1cticas de seguridad para motociclistas para prevenir accidentes<\/h2>\n<p><a href=\"https:\/\/www.gaspineortho.com\/wp-content\/uploads\/2024\/05\/Motorcycle-safety.jpg\"><img decoding=\"async\" class=\"alignnone wp-image-5763 size-full\" src=\"https:\/\/www.gaspineortho.com\/wp-content\/uploads\/2024\/05\/Motorcycle-safety.jpg\" alt=\"motorcycle safety\" width=\"500\" height=\"334\" srcset=\"https:\/\/www.gaspineortho.com\/wp-content\/uploads\/2024\/05\/Motorcycle-safety.jpg 500w, https:\/\/www.gaspineortho.com\/wp-content\/uploads\/2024\/05\/Motorcycle-safety-300x200.jpg 300w\" sizes=\"(max-width: 500px) 100vw, 500px\" \/><\/a><\/p>\n<p>Conducir motocicletas exige altos niveles de precauci\u00f3n y responsabilidad. Aqu\u00ed hay cinco consejos de seguridad esenciales para ayudar a evitar accidentes:<\/p>\n<p><strong>Utilice siempre un casco:<\/strong> El uso de un casco es fundamental para protegerse durante un viaje en motocicleta. Adem\u00e1s, tenga siempre un casco de repuesto para los pasajeros. Los cascos reducen significativamente el riesgo de sufrir lesiones graves en accidentes.<\/p>\n<p><strong>Use equipo de conducci\u00f3n adecuado:<\/strong> Adem\u00e1s de los cascos, aseg\u00farese de usar ropa protectora, calzado, guantes y gafas dise\u00f1ados espec\u00edficamente para conducir motocicletas. Art\u00edculos como una chaqueta reflectante pueden mejorar la visibilidad y la seguridad.<\/p>\n<p><strong>Mant\u00e9ngase alerta a su entorno:<\/strong> Muchos accidentes de motocicleta se deben a que los conductores no prestan suficiente atenci\u00f3n a su entorno. Mant\u00e9ngase siempre alerta y alerta mientras conduce para detectar posibles peligros a tiempo.<\/p>\n<p><strong>Evite el alcohol antes de conducir:<\/strong> Para evitar incidentes relacionados con el alcohol, nunca beba antes o durante la conducci\u00f3n. El alcohol afecta el juicio y ralentiza los tiempos de reacci\u00f3n, haciendo imposible conducir con seguridad.<\/p>\n<p><strong>Abstenerse de conducir con mal tiempo:<\/strong> Las condiciones h\u00famedas y resbaladizas plantean peligros importantes para los motociclistas, ya que las bicicletas tienen menos tracci\u00f3n en superficies resbaladizas. Es mejor evitar conducir por completo en condiciones clim\u00e1ticas adversas.<\/p>\n<p>Seguir estos consejos puede reducir en gran medida el riesgo de accidentes y garantizar una experiencia de conducci\u00f3n m\u00e1s segura.<\/p>\n<h2>\u00bfLesionado en un accidente de motocicleta en Roswell?<\/h2>\n<p>Los accidentes de motocicleta pueden provocar lesiones graves. Si usted o alguien cercano a usted ha sido afectado recientemente por un accidente de motocicleta, no dude en <a href=\"https:\/\/www.gaspineortho.com\/es\/contacto\/\" target=\"_blank\" rel=\"noopener\">contacto<\/a> Georgia Spine and Orthopaedics.<\/p>\n<p>Nuestro dedicado equipo de profesionales de la salud est\u00e1 aqu\u00ed para ayudarlo en su proceso de recuperaci\u00f3n despu\u00e9s de un accidente de motocicleta. Nuestro objetivo es ayudarlo a restaurar su movilidad, fuerza y \u200b\u200bcalidad de vida en general. Ll\u00e1menos hoy al [tel\u00e9fono] para reservar su consulta gratuita.<\/p>\n","protected":false},"excerpt":{"rendered":"<p>Los motociclistas corren un alto riesgo de sufrir lesiones graves en un accidente debido a la falta de barreras protectoras como las que se encuentran en los autom\u00f3viles, como estructuras de acero, bolsas de aire y cinturones de seguridad. Las lesiones provocadas por accidentes de motocicleta pueden ser catastr\u00f3ficas y afectar no s\u00f3lo al conductor [&hellip;]<\/p>\n","protected":false},"author":25,"featured_media":0,"parent":7573,"menu_order":0,"comment_status":"closed","ping_status":"closed","template":"","meta":{"_acf_changed":false,"footnotes":""},"categories":[],"tags":[],"class_list":["post-7708","page","type-page","status-publish","hentry"],"acf":[],"_links":{"self":[{"href":"https:\/\/www.gaspineortho.com\/es\/wp-json\/wp\/v2\/pages\/7708","targetHints":{"allow":["GET"]}}],"collection":[{"href":"https:\/\/www.gaspineortho.com\/es\/wp-json\/wp\/v2\/pages"}],"about":[{"href":"https:\/\/www.gaspineortho.com\/es\/wp-json\/wp\/v2\/types\/page"}],"author":[{"embeddable":true,"href":"https:\/\/www.gaspineortho.com\/es\/wp-json\/wp\/v2\/users\/25"}],"replies":[{"embeddable":true,"href":"https:\/\/www.gaspineortho.com\/es\/wp-json\/wp\/v2\/comments?post=7708"}],"version-history":[{"count":3,"href":"https:\/\/www.gaspineortho.com\/es\/wp-json\/wp\/v2\/pages\/7708\/revisions"}],"predecessor-version":[{"id":7711,"href":"https:\/\/www.gaspineortho.com\/es\/wp-json\/wp\/v2\/pages\/7708\/revisions\/7711"}],"up":[{"embeddable":true,"href":"https:\/\/www.gaspineortho.com\/es\/wp-json\/wp\/v2\/pages\/7573"}],"wp:attachment":[{"href":"https:\/\/www.gaspineortho.com\/es\/wp-json\/wp\/v2\/media?parent=7708"}],"wp:term":[{"taxonomy":"category","embeddable":true,"href":"https:\/\/www.gaspineortho.com\/es\/wp-json\/wp\/v2\/categories?post=7708"},{"taxonomy":"post_tag","embeddable":true,"href":"https:\/\/www.gaspineortho.com\/es\/wp-json\/wp\/v2\/tags?post=7708"}],"curies":[{"name":"wp","href":"https:\/\/api.w.org\/{rel}","templated":true}]}}