{"id":7704,"date":"2024-05-15T15:55:06","date_gmt":"2024-05-15T20:55:06","guid":{"rendered":"https:\/\/www.gaspineortho.com\/roswell\/medical-injections\/"},"modified":"2024-06-01T11:35:15","modified_gmt":"2024-06-01T16:35:15","slug":"inyecciones-medicas","status":"publish","type":"page","link":"https:\/\/www.gaspineortho.com\/es\/roswell\/inyecciones-medicas\/","title":{"rendered":"Inyecciones m\u00e9dicas de Roswell"},"content":{"rendered":"<h2><a href=\"https:\/\/www.gaspineortho.com\/wp-content\/uploads\/2024\/05\/services-medical-injections-copy.webp\"><img fetchpriority=\"high\" decoding=\"async\" class=\"alignnone wp-image-4827 size-full\" src=\"https:\/\/www.gaspineortho.com\/wp-content\/uploads\/2024\/05\/services-medical-injections-copy.webp\" alt=\"Syringe being filled with medication injections for spine treatment at Roswell Medical Injections clinic.\" width=\"600\" height=\"400\" srcset=\"https:\/\/www.gaspineortho.com\/wp-content\/uploads\/2024\/05\/services-medical-injections-copy.webp 600w, https:\/\/www.gaspineortho.com\/wp-content\/uploads\/2024\/05\/services-medical-injections-copy-300x200.webp 300w\" sizes=\"(max-width: 600px) 100vw, 600px\" \/><\/a><\/h2>\n<h2><b>Comprensi\u00f3n<\/b> de las<b> inyecciones m\u00e9dicas<\/b><\/h2>\n<p><span style=\"font-weight: 400;\">Las inyecciones m\u00e9dicas para el control del dolor son un tratamiento especializado que se ofrece en Georgia Spine &amp; Ortopedia (GSO) orientada a aliviar el dolor y mejorar la calidad de vida. Estas inyecciones administran medicamentos directamente a la fuente del dolor, apuntando a la inflamaci\u00f3n y la irritaci\u00f3n de los nervios. El proceso implica una t\u00e9cnica precisa guiada por im\u00e1genes para garantizar la exactitud y eficacia. Administradas por nuestro equipo de expertos, estas inyecciones brindan un alivio significativo para las condiciones que surgen de colisiones automovil\u00edsticas y lesiones relacionadas con el trabajo.<\/span><\/p>\n<p><span style=\"font-weight: 400;\">En GSO, empleamos t\u00e9cnicas avanzadas, como inyecciones m\u00e9dicas dirigidas, para tratar afecciones ortop\u00e9dicas y de la columna complejas. Los beneficios de las inyecciones para el control del dolor incluyen un alivio r\u00e1pido del dolor, una reducci\u00f3n de la inflamaci\u00f3n y una mayor movilidad. Este enfoque hol\u00edstico se alinea con nuestro compromiso con la atenci\u00f3n compasiva, garantizando que los pacientes recuperen la funcionalidad y disfruten de una mejor calidad de vida. Con servicios disponibles en ingl\u00e9s y espa\u00f1ol, nuestro personal multiling\u00fce est\u00e1 dedicado a hacer que el alivio del dolor sea accesible y eficaz para todos.<\/span><\/p>\n<h2><b>Lesiones y<\/b> afecciones<b> tratables con inyecciones<\/b><\/h2>\n<p><span style=\"font-weight: 400;\">En Georgia Spine &amp; Ortopedia (GSO), nos especializamos en el tratamiento de una variedad de lesiones y afecciones mediante inyecciones m\u00e9dicas avanzadas para el manejo del dolor. Las lesiones comunes que se pueden tratar con nuestras inyecciones dirigidas incluyen <a href=\"https:\/\/www.gaspineortho.com\/es\/lesion-por-latigazo-cervical\/\">latigazo cervical<\/a>, hernias discales y esguinces de ligamentos. Estas suelen ser causadas por <a href=\"https:\/\/www.gaspineortho.com\/es\/roswell\/tratamiento-de-lesiones-por-accidente-de-automovilismo\/\" target=\"_blank\" rel=\"noopener\"> colisiones de veh\u00edculos de motor<\/a> y accidentes laborales.<\/span><\/p>\n<p><span style=\"font-weight: 400;\">Nuestras inyecciones m\u00e9dicas tambi\u00e9n son muy efectivas para controlar afecciones cr\u00f3nicas como artritis, ci\u00e1tica y estenosis espinal. Al abordar la inflamaci\u00f3n y el dolor cr\u00f3nico, ayudamos a restaurar la movilidad y mejorar la calidad de vida. Ya sea que se trate de una lesi\u00f3n deportiva o de una afecci\u00f3n cr\u00f3nica, nuestras t\u00e9cnicas de \u00faltima generaci\u00f3n est\u00e1n dise\u00f1adas para ofrecer un alivio r\u00e1pido y resultados duraderos.<\/span><\/p>\n<p><span style=\"font-weight: 400;\">Conf\u00ede en la OSG para brindarle la atenci\u00f3n especializada y compasiva que necesita para recuperarse por completo. Nuestro personal multiling\u00fce, que incluye expertos como el Dr. Laviel Fern\u00e1ndez, est\u00e1 aqu\u00ed para garantizar que reciba el mejor tratamiento posible en el \u00e1rea metropolitana de Atlanta.<\/span><\/p>\n<p><a href=\"https:\/\/www.gaspineortho.com\/wp-content\/uploads\/2024\/05\/orthopaedic-medical-injections.webp\"><img decoding=\"async\" class=\"alignnone wp-image-5753 size-full\" src=\"https:\/\/www.gaspineortho.com\/wp-content\/uploads\/2024\/05\/orthopaedic-medical-injections.webp\" alt=\"Medical professional preparing an injection for orthopaedic treatment in Roswell.\" width=\"600\" height=\"312\" srcset=\"https:\/\/www.gaspineortho.com\/wp-content\/uploads\/2024\/05\/orthopaedic-medical-injections.webp 600w, https:\/\/www.gaspineortho.com\/wp-content\/uploads\/2024\/05\/orthopaedic-medical-injections-300x156.webp 300w\" sizes=\"(max-width: 600px) 100vw, 600px\" \/><\/a><\/p>\n<h2><b>Tipos de<\/b> inyecciones<b> disponibles en Georgia Spine &amp; Ortopedia<\/b><\/h2>\n<h3>Inyecciones espinales<b><\/b><\/h3>\n<p><span style=\"font-weight: 400;\">En Georgia Spine &amp; Ortopedia, ofrecemos una variedad de inyecciones espinales dise\u00f1adas para aliviar el dolor espec\u00edfico y mejorar la funcionalidad. Nuestros especialistas realizan <\/span><b>Ablaciones por radiofrecuencia (RFA)<\/b><span style=\"font-weight: 400;\"> para interrumpir las se\u00f1ales nerviosas que causan dolor. <\/span><b>Inyecciones de bloqueo de rama medial cervical<\/b><span style=\"font-weight: 400;\"> e <\/span><b>Inyecciones epidurales cervicales<\/b><span style=\"font -peso: 400;\"> son particularmente eficaces para el dolor y la inflamaci\u00f3n del cuello. Para problemas tor\u00e1cicos, recomendamos <\/span><b>inyecciones en las articulaciones facetarias tor\u00e1cicas<\/b><span style=\"font-weight: 400;\"> e <\/span><b>inyecciones epidurales tor\u00e1cicas<\/b>&lt; abarcan estilo=\u00bbfont-weight: 400;\u00bb&gt;. Las condiciones de la espalda baja se benefician de las <b>inyecciones en las articulaciones facetarias lumbares<\/b><span style=\"font-weight: 400;\"> y las <\/span><b>inyecciones epidurales transforaminales lumbares<\/b>&lt; abarcan estilo=\u00bbfont-weight: 400;\u00bb&gt;. Adem\u00e1s, las <b>inyecciones en las articulaciones sacroil\u00edacas<\/b><span style=\"font-weight: 400;\"> se utilizan para aliviar el dolor en las articulaciones sacroil\u00edacas. Tambi\u00e9n ofrecemos innovadoras <\/span><b>inyecciones de plasma rico en plaquetas (PRP) en la columna vertebral<\/b><span style=\"font-weight: 400;\">, que mejoran los procesos de curaci\u00f3n naturales.<\/span><\/p>\n<h3><b>Inyecciones<\/b> conjuntas<\/h3>\n<p><span style=\"font-weight: 400;\">Nuestras ofertas de inyecciones articulares incluyen <\/span><b>inyecciones articulares de plasma rico en plaquetas (PRP)<\/b><span style=\"font-weight: 400;\"> , que aprovechan las capacidades regenerativas para la salud de las articulaciones. <\/span><b>Inyecciones conjuntas de esteroides<\/b><span style=\"font-weight: 400;\"> tambi\u00e9n est\u00e1n disponibles, lo que proporciona un alivio inmediato de la inflamaci\u00f3n y el dolor cr\u00f3nico. Cada tipo de inyecci\u00f3n se adapta meticulosamente para satisfacer las necesidades \u00fanicas de nuestros pacientes, garantizando resultados \u00f3ptimos.<\/span><\/p>\n<h3>Inyecciones espinales<\/h3>\n<p><span style=\"font-weight: 400;\">En Georgia Spine &amp; Ortopedia, ofrecemos una amplia gama de inyecciones espinales para abordar diversas afecciones y lesiones. <\/span><b>Las ablaciones por radiofrecuencia (RFA)<\/b><span style=\"font-weight: 400;\"> reducen con \u00e9xito el dolor cr\u00f3nico al atacar las terminaciones nerviosas, proporcionando un alivio duradero. <\/span><b>Las inyecciones de bloqueo de rama medial cervical<\/b><span style=\"font-weight: 400;\"> est\u00e1n dise\u00f1adas espec\u00edficamente para aliviar el dolor de cuello, que a menudo resulta de colisiones automovil\u00edsticas. Nuestras <\/span><b>inyecciones epidurales cervicales<\/b><span style=\"font-weight: 400;\"> se dirigen a la inflamaci\u00f3n y el dolor en la columna cervical, mejorando la movilidad y la comodidad.<\/span><\/p>\n<p><span style=\"font-weight: 400;\">Para <a href=\"https:\/\/www.gaspineortho.com\/es\/lesion-de-espalda\/\" target=\"_blank\" rel=\"noopener\">problemas en la parte media de la espalda<\/a>, <\/span>&lt; b&gt;Inyecciones en la articulaci\u00f3n facetaria tor\u00e1cica<span style=\"font-weight: 400;\"> e <\/span><b>Inyecciones epidurales tor\u00e1cicas<\/b><span style=\"font-weight: 400;\"> son tratamientos eficaces que abordan el dolor y mejoran la funcionalidad. <\/span><b>Inyecciones en la articulaci\u00f3n facetaria lumbar<\/b><span style=\"font-weight: 400;\"> e <\/span><b>Inyecciones epidurales transforaminales lumbares<\/b><span style=\"font -peso: 400;\"> tratar el dolor lumbar, permitiendo a los pacientes recuperar su calidad de vida. <\/span><b>Las inyecciones en la articulaci\u00f3n sacroil\u00edaca<\/b><span style=\"font-weight: 400;\"> se dirigen espec\u00edficamente al dolor lumbar y en las piernas relacionado con la articulaci\u00f3n sacroil\u00edaca. Finalmente, nuestras innovadoras <\/span><b>inyecciones de plasma rico en plaquetas (PRP) en la columna vertebral<\/b><span style=\"font-weight: 400;\"> utilizan las propiedades curativas propias del cuerpo para un alivio avanzado del dolor y la regeneraci\u00f3n de tejidos. <\/span><\/p>\n<h3><b>Inyecciones articulares<\/b><\/h3>\n<p><span style=\"font-weight: 400;\">En Georgia Spine &amp; En ortopedia, ofrecemos inyecciones avanzadas de plasma rico en plaquetas (PRP) en las articulaciones, reconocidas por sus capacidades regenerativas. Estas inyecciones m\u00e9dicas aprovechan los procesos de curaci\u00f3n naturales del cuerpo, promoviendo la reparaci\u00f3n de tejidos y reduciendo el dolor. Los pacientes han compartido numerosos testimonios que destacan mejoras significativas en movilidad y comodidad.<\/span><\/p>\n<p><span style=\"font-weight: 400;\">Adem\u00e1s del PRP, ofrecemos inyecciones de esteroides en las articulaciones, que son muy efectivas para aliviar la inflamaci\u00f3n y el dolor en varias articulaciones. Estas inyecciones m\u00e9dicas son particularmente beneficiosas para afecciones como artritis, tendinitis y bursitis. Nuestros especialistas cualificados garantizan planes de tratamiento personalizados, optimizando la eficacia de cada inyecci\u00f3n.<\/span><\/p>\n<p><span style=\"font-weight: 400;\">Ya sea que est\u00e9 sufriendo un dolor articular cr\u00f3nico o recuper\u00e1ndose de una lesi\u00f3n, nuestras terapias de inyecci\u00f3n articular est\u00e1n dise\u00f1adas para restaurar la funcionalidad y mejorar su calidad de vida. Conf\u00ede en Georgia Spine &amp; Ortopedia para una atenci\u00f3n compasiva y experta que le permitir\u00e1 volver a hacer lo que ama.<\/span><\/p>\n<h2>Experimente un alivio integral del dolor<\/h2>\n<p>Las inyecciones m\u00e9dicas para aliviar el dolor ofrecen una soluci\u00f3n muy eficaz para controlar diversas afecciones de la columna y ortop\u00e9dicas. En Georgia Spine &amp; Ortopedia, brindamos atenci\u00f3n especializada que incluye inyecciones para el control del dolor y tratamientos ortop\u00e9dicos avanzados, garantizando que nuestros pacientes reciban una atenci\u00f3n integral y compasiva. Ya sea que sufra dolor cr\u00f3nico, artritis o lesiones por colisiones automovil\u00edsticas e incidentes relacionados con el trabajo, nuestro equipo de expertos, incluido el cirujano de columna Dr. Laviel Fern\u00e1ndez, se dedica a restaurar su funcionalidad y calidad de vida. Con personal multiling\u00fce y m\u00faltiples ubicaciones en el \u00e1rea metropolitana de Atlanta, GSO hace que la atenci\u00f3n m\u00e9dica de primer nivel sea accesible y conveniente. Conf\u00ede en Georgia Spine &amp; El esp\u00edritu de la ortopedia, \u00abLa habilidad para curar, el coraz\u00f3n para cuidar\u00bb, y d\u00e9 el primer paso hacia un alivio eficaz del dolor hoy.<\/p>\n<h2>P\u00f3ngase en contacto con Georgia Spine &amp; Ortopedia y experimente el alivio que se merece<\/h2>\n<p><a href=\"https:\/\/www.gaspineortho.com\/wp-content\/uploads\/2020\/12\/ga-spine-ortho-docs-e1715801958933.webp\"><img decoding=\"async\" class=\"alignnone wp-image-3286 size-full\" src=\"https:\/\/www.gaspineortho.com\/wp-content\/uploads\/2020\/12\/ga-spine-ortho-docs-e1715801958933.webp\" alt=\"The Team of medical injection specialists at Georgia Spine &amp; Orthopaedics\" width=\"500\" height=\"273\" \/><\/a><\/p>\n<p>\u00bfEst\u00e1 buscando un alivio eficaz del dolor? En Georgia Spine &amp; Ortopedia (GSO), nuestras inyecciones m\u00e9dicas de Roswell pueden brindarle el alivio que se merece. Especializado en afecciones ortop\u00e9dicas y de columna complejas, nuestro equipo ofrece inyecciones de \u00faltima generaci\u00f3n para el manejo del dolor para ayudarlo a recuperar la funcionalidad y mejorar su calidad de vida. Nuestro personal compasivo y multiling\u00fce emplea un enfoque hol\u00edstico para garantizar que reciba la mejor atenci\u00f3n posible. \u00bfListo para dar el siguiente paso? P\u00f3ngase en contacto con Georgia Spine &amp; Ortopedia hoy al [tel\u00e9fono] o visite una de nuestras ubicaciones convenientes en el \u00e1rea metropolitana de Atlanta. \u00a1No espere: reserve su consulta ahora y comience su viaje hacia la recuperaci\u00f3n con GSO!<\/p>\n","protected":false},"excerpt":{"rendered":"<p>Comprensi\u00f3n de las inyecciones m\u00e9dicas Las inyecciones m\u00e9dicas para el control del dolor son un tratamiento especializado que se ofrece en Georgia Spine &amp; Ortopedia (GSO) orientada a aliviar el dolor y mejorar la calidad de vida. Estas inyecciones administran medicamentos directamente a la fuente del dolor, apuntando a la inflamaci\u00f3n y la irritaci\u00f3n de [&hellip;]<\/p>\n","protected":false},"author":44,"featured_media":0,"parent":7573,"menu_order":0,"comment_status":"closed","ping_status":"closed","template":"","meta":{"_acf_changed":false,"footnotes":""},"categories":[],"tags":[],"class_list":["post-7704","page","type-page","status-publish","hentry"],"acf":[],"_links":{"self":[{"href":"https:\/\/www.gaspineortho.com\/es\/wp-json\/wp\/v2\/pages\/7704","targetHints":{"allow":["GET"]}}],"collection":[{"href":"https:\/\/www.gaspineortho.com\/es\/wp-json\/wp\/v2\/pages"}],"about":[{"href":"https:\/\/www.gaspineortho.com\/es\/wp-json\/wp\/v2\/types\/page"}],"author":[{"embeddable":true,"href":"https:\/\/www.gaspineortho.com\/es\/wp-json\/wp\/v2\/users\/44"}],"replies":[{"embeddable":true,"href":"https:\/\/www.gaspineortho.com\/es\/wp-json\/wp\/v2\/comments?post=7704"}],"version-history":[{"count":3,"href":"https:\/\/www.gaspineortho.com\/es\/wp-json\/wp\/v2\/pages\/7704\/revisions"}],"predecessor-version":[{"id":7707,"href":"https:\/\/www.gaspineortho.com\/es\/wp-json\/wp\/v2\/pages\/7704\/revisions\/7707"}],"up":[{"embeddable":true,"href":"https:\/\/www.gaspineortho.com\/es\/wp-json\/wp\/v2\/pages\/7573"}],"wp:attachment":[{"href":"https:\/\/www.gaspineortho.com\/es\/wp-json\/wp\/v2\/media?parent=7704"}],"wp:term":[{"taxonomy":"category","embeddable":true,"href":"https:\/\/www.gaspineortho.com\/es\/wp-json\/wp\/v2\/categories?post=7704"},{"taxonomy":"post_tag","embeddable":true,"href":"https:\/\/www.gaspineortho.com\/es\/wp-json\/wp\/v2\/tags?post=7704"}],"curies":[{"name":"wp","href":"https:\/\/api.w.org\/{rel}","templated":true}]}}