{"id":7700,"date":"2025-06-27T01:49:00","date_gmt":"2025-06-27T06:49:00","guid":{"rendered":"https:\/\/www.gaspineortho.com\/roswell\/chiropractor\/"},"modified":"2024-06-01T11:30:29","modified_gmt":"2024-06-01T16:30:29","slug":"quiropractico","status":"publish","type":"page","link":"https:\/\/www.gaspineortho.com\/es\/roswell\/quiropractico\/","title":{"rendered":"quiropr\u00e1ctico de Roswell"},"content":{"rendered":"<p>Nuestros profesionales quiropr\u00e1cticos de Roswell en Georgia Spine &amp; La ortopedia se dedica a aliviar su dolor y mejorar su movilidad. En Georgia Spine &amp; Ortopedia, nos especializamos en el tratamiento de afecciones ortop\u00e9dicas y de la columna complejas que surgen de colisiones automovil\u00edsticas y lesiones relacionadas con el trabajo.<\/p>\n<p>Nuestra ubicaci\u00f3n en <a href=\"https:\/\/www.roswellgov.com\/\" target=\"_blank\" rel=\"noopener\">Roswell<\/a> sirve como un santuario para la curaci\u00f3n y ofrece atenci\u00f3n quiropr\u00e1ctica avanzada adaptada a las necesidades \u00fanicas de cada paciente. necesidades. Con la reciente incorporaci\u00f3n del cirujano de columna Dr. Laviel Fern\u00e1ndez, nuestro equipo est\u00e1 ampliando su capacidad para brindar tratamientos integrales y multidisciplinarios.<\/p>\n<p>Ya sea que experimente dolor cr\u00f3nico o malestar agudo, descubra c\u00f3mo nuestras soluciones quiropr\u00e1cticas pueden restaurar su calidad de vida. En Georgia Spine &amp; En ortopedia, tenemos tanto la habilidad para curar como el coraz\u00f3n para cuidar. \u00danase a nosotros en Roswell y comience su viaje hacia la recuperaci\u00f3n.<\/p>\n<h2>Atenci\u00f3n Quiropr\u00e1ctica Especializada para V\u00edctimas de Accidentes<\/h2>\n<p>En Georgia Spine &amp; En ortopedia, reconocemos que cada v\u00edctima de accidente tiene necesidades de recuperaci\u00f3n \u00fanicas. Nuestra atenci\u00f3n quiropr\u00e1ctica est\u00e1 adaptada para enfrentar los desaf\u00edos espec\u00edficos que plantean las colisiones de veh\u00edculos motorizados y las lesiones relacionadas con el trabajo. Al integrar t\u00e9cnicas quiropr\u00e1cticas con conocimientos ortop\u00e9dicos, nuestro equipo de expertos facilita un enfoque multidisciplinario para la curaci\u00f3n. Esta colaboraci\u00f3n garantiza que nuestra atenci\u00f3n no solo sea integral sino tambi\u00e9n personalizada para promover una recuperaci\u00f3n m\u00e1s r\u00e1pida y mejoras sostenidas de la salud.<\/p>\n<p>Ya sea para realinear anomal\u00edas de la columna o aliviar desalineaciones de las articulaciones, la sinergia entre nuestros quiropr\u00e1cticos y ortopedistas ejemplifica nuestro compromiso con la atenci\u00f3n integral del paciente, cumpliendo con nuestro esp\u00edritu: \u00abLa habilidad para sanar, el coraz\u00f3n para cuidar\u00bb. Nuestros servicios, que prestan servicios en el \u00e1rea metropolitana de Atlanta, incluida Roswell, est\u00e1n dise\u00f1ados para restaurar la funcionalidad y mejorar la calidad de vida de nuestra diversa base de pacientes.<\/p>\n<p><a href=\"https:\/\/www.gaspineortho.com\/wp-content\/uploads\/2024\/05\/roswell-chiropractor.jpg\"><img fetchpriority=\"high\" decoding=\"async\" class=\"alignnone wp-image-5745 size-full\" src=\"https:\/\/www.gaspineortho.com\/wp-content\/uploads\/2024\/05\/roswell-chiropractor.jpg\" alt=\"chiropractor showing spine\" width=\"500\" height=\"334\" srcset=\"https:\/\/www.gaspineortho.com\/wp-content\/uploads\/2024\/05\/roswell-chiropractor.jpg 500w, https:\/\/www.gaspineortho.com\/wp-content\/uploads\/2024\/05\/roswell-chiropractor-300x200.jpg 300w\" sizes=\"(max-width: 500px) 100vw, 500px\" \/><\/a><\/p>\n<h2>Comprensi\u00f3n de la atenci\u00f3n quiropr\u00e1ctica<\/h2>\n<p>La atenci\u00f3n quiropr\u00e1ctica es una disciplina sanitaria no invasiva y libre de medicamentos que se centra principalmente en los sistemas musculoesquel\u00e9tico y nervioso. Quiropr\u00e1cticos de Georgia Spine &amp; La ortopedia utiliza varios m\u00e9todos adaptados a las necesidades individuales, principalmente mediante la manipulaci\u00f3n y alineaci\u00f3n de la columna para aliviar el dolor y mejorar las capacidades funcionales. Esta atenci\u00f3n se extiende a una gama integral de servicios, desde evaluaciones de diagn\u00f3stico hasta tratamientos terap\u00e9uticos y de rehabilitaci\u00f3n.<\/p>\n<p>Las t\u00e9cnicas espec\u00edficas incluyen ajustes manuales donde se aplica una fuerza precisa a una articulaci\u00f3n de la columna. Este proceso de ajuste ayuda a corregir la alineaci\u00f3n estructural y mejorar la funci\u00f3n f\u00edsica de su cuerpo. Adem\u00e1s de las manipulaciones tradicionales, nuestros quiropr\u00e1cticos emplean t\u00e9cnicas avanzadas para aliviar el dolor, como inyecciones dirigidas y terapia de tejidos blandos, con el objetivo de restaurar la movilidad y reducir el malestar en pacientes que han sufrido colisiones automovil\u00edsticas o lesiones relacionadas con el trabajo.<\/p>\n<p>Cada sesi\u00f3n es parte de un enfoque hol\u00edstico para el bienestar general, subrayado por nuestro compromiso: \u00abLa habilidad para sanar, el coraz\u00f3n para cuidar\u00bb.<\/p>\n<h2>Beneficios de la atenci\u00f3n quiropr\u00e1ctica despu\u00e9s de un accidente automovil\u00edstico<\/h2>\n<p>Buscar atenci\u00f3n quiropr\u00e1ctica despu\u00e9s de sufrir un <a href=\"https:\/\/www.gaspineortho.com\/es\/roswell\/medico-accidente-automovilistico\/\">accidente automovil\u00edstico<\/a> puede ser fundamental en su camino hacia la recuperaci\u00f3n. En primer lugar, esta forma de atenci\u00f3n sanitaria es totalmente no invasiva, lo que la convierte en una excelente alternativa para quienes buscan evitar los procedimientos quir\u00fargicos. Adem\u00e1s, proporciona una v\u00eda de tratamiento sin f\u00e1rmacos que ayuda a <a href=\"https:\/\/www.gaspineortho.com\/es\/roswell\/manejo-del-dolor-en-roswell\/\">controlar el dolor<\/a> sin la dependencia de analg\u00e9sicos, reduciendo el riesgo de dependencia.<\/p>\n<p>La atenci\u00f3n inmediata puede disminuir significativamente el dolor agudo y la inflamaci\u00f3n. Quiropr\u00e1cticos de Georgia Spine &amp; La ortopedia emplea diversas t\u00e9cnicas que son eficaces para lograr un alivio r\u00e1pido del dolor. Estos m\u00e9todos no s\u00f3lo ayudan a reducir la inflamaci\u00f3n, sino que tambi\u00e9n son cruciales para restaurar el rango de movimiento que puede verse comprometido despu\u00e9s de un accidente.<\/p>\n<p>Adem\u00e1s, no se puede subestimar la reducci\u00f3n del estr\u00e9s asociada con la atenci\u00f3n quiropr\u00e1ctica. Manejar el estr\u00e9s posterior al accidente es esencial y, a trav\u00e9s de manipulaciones y ajustes de la columna, nuestros quiropr\u00e1cticos ayudan a normalizar las respuestas de su cuerpo, haciendo que la recuperaci\u00f3n sea un proceso m\u00e1s sencillo para usted.<\/p>\n<h2>Cu\u00e1ndo acudir a un quiropr\u00e1ctico despu\u00e9s de un accidente automovil\u00edstico<\/h2>\n<p>Visitar a un quiropr\u00e1ctico inmediatamente despu\u00e9s de un accidente automovil\u00edstico es crucial, ya que la intervenci\u00f3n quiropr\u00e1ctica temprana puede mejorar significativamente su trayectoria de recuperaci\u00f3n. Si ha experimentado s\u00edntomas como dolor persistente de cuello o espalda, rigidez o dolores de cabeza, estos podr\u00edan ser indicadores de que es necesaria una evaluaci\u00f3n quiropr\u00e1ctica. En Georgia Spine &amp; Ortopedia, entendemos que lidiar con el seguro de autom\u00f3vil mientras sufre dolor puede ser abrumador.<\/p>\n<p>Es por eso que nuestro personal capacitado est\u00e1 aqu\u00ed para guiarlo a trav\u00e9s del proceso de seguro, asegur\u00e1ndose de que comprenda su cobertura y cualquier costo de bolsillo. No espere a que los s\u00edntomas empeoren. Comun\u00edquese con nosotros inmediatamente despu\u00e9s de un accidente para beneficiarse de nuestra atenci\u00f3n quiropr\u00e1ctica especializada, que est\u00e1 formulada con precisi\u00f3n para abordar y aliviar las tensiones y lesiones \u00fanicas causadas por las colisiones automovil\u00edsticas.<\/p>\n<h2>C\u00f3mo ayuda la atenci\u00f3n quiropr\u00e1ctica despu\u00e9s de un accidente automovil\u00edstico<\/h2>\n<p>En Georgia Spine &amp; Ortopedia, nuestro enfoque de la atenci\u00f3n quiropr\u00e1ctica despu\u00e9s de un accidente automovil\u00edstico es profundamente hol\u00edstico y tiene como objetivo estrat\u00e9gico restaurar su salud de manera integral. En caso de colisi\u00f3n, el impacto brusco suele provocar inflamaciones dolorosas y malestar general. Nuestros quiropr\u00e1cticos capacitados se enfocan en estas dolencias desde su n\u00facleo, integrando t\u00e9cnicas especializadas que naturalmente alientan a su cuerpo a recuperarse sin la necesidad de productos farmac\u00e9uticos. Esto no s\u00f3lo alivia el dolor inmediato, sino que tambi\u00e9n reduce significativamente la inflamaci\u00f3n.<\/p>\n<p>Adem\u00e1s, el efecto domin\u00f3 de nuestra atenci\u00f3n quiropr\u00e1ctica se extiende a mejorar la calidad de su sue\u00f1o. Dormir mejor fomenta una recuperaci\u00f3n m\u00e1s r\u00e1pida y contribuye a la reducci\u00f3n general del estr\u00e9s. A medida que recupera un patr\u00f3n de sue\u00f1o normal, los procesos de curaci\u00f3n naturales de su cuerpo se optimizan, promoviendo una recuperaci\u00f3n m\u00e1s r\u00e1pida y saludable. Este m\u00e9todo integrado garantiza no s\u00f3lo el retorno a la funcionalidad sino que tambi\u00e9n mejora su bienestar general, encarnando nuestro esp\u00edritu: \u00abLa habilidad para sanar, el coraz\u00f3n para cuidar\u00bb.<\/p>\n<p><a href=\"https:\/\/www.gaspineortho.com\/wp-content\/uploads\/2024\/05\/Chiropractor-care-after-car-accident.jpg\"><img decoding=\"async\" class=\"alignnone wp-image-5749 size-full\" src=\"https:\/\/www.gaspineortho.com\/wp-content\/uploads\/2024\/05\/Chiropractor-care-after-car-accident.jpg\" alt=\"chiropractor care after car accident\" width=\"500\" height=\"334\" srcset=\"https:\/\/www.gaspineortho.com\/wp-content\/uploads\/2024\/05\/Chiropractor-care-after-car-accident.jpg 500w, https:\/\/www.gaspineortho.com\/wp-content\/uploads\/2024\/05\/Chiropractor-care-after-car-accident-300x200.jpg 300w\" sizes=\"(max-width: 500px) 100vw, 500px\" \/><\/a><\/p>\n<h2>Lesiones t\u00edpicas tratadas por quiropr\u00e1cticos despu\u00e9s de un accidente automovil\u00edstico<\/h2>\n<p>En Georgia Spine &amp; Ortopedia, nuestros especialistas quiropr\u00e1cticos tratan con frecuencia una variedad de <a href=\"https:\/\/www.gaspineortho.com\/es\/roswell\/tratamiento-de-lesiones-por-accidente-de-automovilismo\/\">lesiones resultantes de accidentes automovil\u00edsticos <\/a>. Uno de los problemas m\u00e1s comunes que enfrentan los pacientes es el latigazo cervical, una lesi\u00f3n por movimiento repentino del cuello que puede afectar gravemente la movilidad y la comodidad. Las lesiones de la m\u00e9dula espinal tambi\u00e9n son frecuentes, donde incluso una colisi\u00f3n menor puede provocar un malestar espinal importante. El dolor lumbar es otra queja frecuente despu\u00e9s de un accidente automovil\u00edstico, y a menudo requiere ajustes quiropr\u00e1cticos espec\u00edficos para aliviar el dolor y restaurar la funci\u00f3n.<\/p>\n<p>Adem\u00e1s, nuestro equipo aborda el dolor y el dolor muscular, que pueden afectar las actividades diarias si no se tratan. Para quienes experimentan dolor en el pecho despu\u00e9s de un accidente, a menudo como resultado de una fuerza abrupta, nuestros quiropr\u00e1cticos brindan evaluaciones cuidadosas para descartar lesiones graves y ofrecen la atenci\u00f3n adecuada para aliviar el malestar. Cada una de estas condiciones se trata con nuestro enfoque hol\u00edstico, asegurando una recuperaci\u00f3n integral y un manejo del dolor para nuestros pacientes.<\/p>\n<h2>Por qu\u00e9 elegir Georgia Spine &amp; Ortopedia para atenci\u00f3n quiropr\u00e1ctica en Roswell<\/h2>\n<p>Decidirse por Georgia Spine &amp; Ortopedia (GSO) para sus necesidades quiropr\u00e1cticas en Roswell significa priorizar una atenci\u00f3n integral dirigida por expertos y adaptada espec\u00edficamente a las v\u00edctimas de accidentes. En GSO, la combinaci\u00f3n de t\u00e9cnicas quiropr\u00e1cticas con conocimientos ortop\u00e9dicos avanzados garantiza no s\u00f3lo un r\u00e1pido alivio del dolor sino tambi\u00e9n beneficios para la salud a largo plazo. Sus quiropr\u00e1cticos expertos trabajan en conjunto con ortopedistas expertos para ofrecer un plan de tratamiento hol\u00edstico que aborde las causas fundamentales del dolor y el malestar, no solo los s\u00edntomas.<\/p>\n<p>Su reci\u00e9n incorporado cirujano de columna, el Dr. Laviel Fern\u00e1ndez, aporta profundidad adicional a su ya s\u00f3lido equipo. Con este conjunto capacitado, usted recibir\u00e1 atenci\u00f3n t\u00e9cnicamente s\u00f3lida y conmovedoramente compasiva. Encarnan su promesa: \u00abLa habilidad para curar, el coraz\u00f3n para cuidar\u00bb, en cada tratamiento, lo que los convierte en la opci\u00f3n clara para cualquiera que busque recuperarse de los traumas de un accidente automovil\u00edstico. Considere programar su cita hoy en la OSG en Roswell, donde su recuperaci\u00f3n est\u00e1 en manos capaces.<\/p>\n<h2>\u00a1Obtenga la atenci\u00f3n que necesita hoy!<\/h2>\n<p>Elegir Georgia Spine &amp; La ortopedia para su atenci\u00f3n quiropr\u00e1ctica en Roswell significa optar por un equipo que prioriza su recuperaci\u00f3n y bienestar general. En GSO, la combinaci\u00f3n de metodolog\u00edas avanzadas para el alivio del dolor y un equipo compasivo y multiling\u00fce respalda un enfoque hol\u00edstico para la curaci\u00f3n, particularmente despu\u00e9s de accidentes automovil\u00edsticos o lesiones relacionadas con el trabajo.<\/p>\n<p>Cada plan de tratamiento est\u00e1 personalizado, enfatizando \u00abLa habilidad para sanar, el coraz\u00f3n para cuidar\u00bb, para garantizar que cada paciente no solo se recupere sino que tambi\u00e9n prospere. Recupera la funcionalidad y mejora tu calidad de vida con nuestra atenci\u00f3n experta.<\/p>\n<p>Controle su viaje hacia la salud uni\u00e9ndose hoy a la familia GSO. <a href=\"tel:+16789294494\"><i class=\"fa fa-phone-alt\"><\/i>678-929-4494<\/a><\/p>\n","protected":false},"excerpt":{"rendered":"<p>Nuestros profesionales quiropr\u00e1cticos de Roswell en Georgia Spine &amp; La ortopedia se dedica a aliviar su dolor y mejorar su movilidad. En Georgia Spine &amp; Ortopedia, nos especializamos en el tratamiento de afecciones ortop\u00e9dicas y de la columna complejas que surgen de colisiones automovil\u00edsticas y lesiones relacionadas con el trabajo. Nuestra ubicaci\u00f3n en Roswell sirve [&hellip;]<\/p>\n","protected":false},"author":44,"featured_media":0,"parent":7573,"menu_order":0,"comment_status":"closed","ping_status":"closed","template":"","meta":{"_acf_changed":false,"footnotes":""},"categories":[],"tags":[],"class_list":["post-7700","page","type-page","status-publish","hentry"],"acf":[],"_links":{"self":[{"href":"https:\/\/www.gaspineortho.com\/es\/wp-json\/wp\/v2\/pages\/7700","targetHints":{"allow":["GET"]}}],"collection":[{"href":"https:\/\/www.gaspineortho.com\/es\/wp-json\/wp\/v2\/pages"}],"about":[{"href":"https:\/\/www.gaspineortho.com\/es\/wp-json\/wp\/v2\/types\/page"}],"author":[{"embeddable":true,"href":"https:\/\/www.gaspineortho.com\/es\/wp-json\/wp\/v2\/users\/44"}],"replies":[{"embeddable":true,"href":"https:\/\/www.gaspineortho.com\/es\/wp-json\/wp\/v2\/comments?post=7700"}],"version-history":[{"count":3,"href":"https:\/\/www.gaspineortho.com\/es\/wp-json\/wp\/v2\/pages\/7700\/revisions"}],"predecessor-version":[{"id":7703,"href":"https:\/\/www.gaspineortho.com\/es\/wp-json\/wp\/v2\/pages\/7700\/revisions\/7703"}],"up":[{"embeddable":true,"href":"https:\/\/www.gaspineortho.com\/es\/wp-json\/wp\/v2\/pages\/7573"}],"wp:attachment":[{"href":"https:\/\/www.gaspineortho.com\/es\/wp-json\/wp\/v2\/media?parent=7700"}],"wp:term":[{"taxonomy":"category","embeddable":true,"href":"https:\/\/www.gaspineortho.com\/es\/wp-json\/wp\/v2\/categories?post=7700"},{"taxonomy":"post_tag","embeddable":true,"href":"https:\/\/www.gaspineortho.com\/es\/wp-json\/wp\/v2\/tags?post=7700"}],"curies":[{"name":"wp","href":"https:\/\/api.w.org\/{rel}","templated":true}]}}