{"id":7681,"date":"2024-05-15T15:28:34","date_gmt":"2024-05-15T20:28:34","guid":{"rendered":"https:\/\/www.gaspineortho.com\/roswell\/roswell-pain-management\/"},"modified":"2024-05-31T17:25:31","modified_gmt":"2024-05-31T22:25:31","slug":"manejo-del-dolor-en-roswell","status":"publish","type":"page","link":"https:\/\/www.gaspineortho.com\/es\/roswell\/manejo-del-dolor-en-roswell\/","title":{"rendered":"Manejo del dolor en Roswell"},"content":{"rendered":"<p>El dolor cr\u00f3nico resultante de accidentes con lesiones personales, como colisiones automovil\u00edsticas o resbalones y ca\u00eddas, puede afectar gravemente su vida diaria. Puede limitar la movilidad, alterar el sue\u00f1o e impedir las actividades sociales, lo que lleva a una reducci\u00f3n de la productividad y una disminuci\u00f3n de la calidad de vida.<\/p>\n<p>No dejes que el dolor cr\u00f3nico controle tu vida. Si est\u00e1 sufriendo, es fundamental buscar un tratamiento de control del dolor para aliviar sus molestias. En Georgia Spine and Orthopaedics en Roswell, ofrecemos soluciones personalizadas para el manejo del dolor adaptadas a sus necesidades.<\/p>\n<p>Nuestro equipo de especialistas est\u00e1 dedicado a ayudarlo a lograr un alivio a largo plazo del dolor cr\u00f3nico. Utilizando tratamientos avanzados, identificamos la causa ra\u00edz de su dolor y desarrollamos un plan de manejo seguro y eficaz. Con nuestra amplia experiencia en la elaboraci\u00f3n de planes de tratamiento personalizados, podemos ayudarlo a recuperar su calidad de vida.<\/p>\n<p>Cont\u00e1ctenos al [tel\u00e9fono] hoy para programar una cita con uno de nuestros expertos en el manejo del dolor en Georgia Spine and Orthopaedics.<\/p>\n<h2>Comprensi\u00f3n del manejo del dolor en Roswell<\/h2>\n<p>El manejo del dolor abarca varios enfoques m\u00e9dicos destinados a aliviar, tratar o controlar el dolor mediante medicamentos, terapias, tratamientos pr\u00e1cticos y ejercicios. Si experimenta dolor persistente, buscar un tratamiento eficaz para el control del dolor puede ayudar a reducir o aliviar el dolor cr\u00f3nico sin necesidad de cirug\u00eda.<\/p>\n<p>Nuestros m\u00e9dicos expertos de Georgia Spine and Orthopaedics en <a href=\"https:\/\/www.roswellgov.com\/\" target=\"_blank\" rel=\"noopener\">Roswell<\/a> se especializan en el manejo del dolor y se dedican a mejorar tu calidad de vida. No permita que el dolor controle su vida cuando hay soluciones efectivas disponibles. Cont\u00e1ctenos hoy para programar una consulta con nuestros especialistas.<\/p>\n<p><a href=\"https:\/\/www.gaspineortho.com\/wp-content\/uploads\/2024\/05\/pain-management-in-roswell.jpg\"><img fetchpriority=\"high\" decoding=\"async\" class=\"alignnone wp-image-5805 size-full\" src=\"https:\/\/www.gaspineortho.com\/wp-content\/uploads\/2024\/05\/pain-management-in-roswell.jpg\" alt=\"pain management in roswell\" width=\"500\" height=\"334\" srcset=\"https:\/\/www.gaspineortho.com\/wp-content\/uploads\/2024\/05\/pain-management-in-roswell.jpg 500w, https:\/\/www.gaspineortho.com\/wp-content\/uploads\/2024\/05\/pain-management-in-roswell-300x200.jpg 300w\" sizes=\"(max-width: 500px) 100vw, 500px\" \/><\/a><\/p>\n<h2>El objetivo del manejo del dolor en Roswell, Georgia<\/h2>\n<p>El objetivo principal de una cl\u00ednica o un m\u00e9dico para el tratamiento del dolor es diagnosticar afecciones y crear estrategias seguras y eficaces para mitigar, controlar o tratar el dolor cr\u00f3nico. Su objetivo es ayudar a los pacientes a afrontar el malestar y proporcionarles herramientas para controlar su dolor.<\/p>\n<p>En Georgia Spine and Orthopaedics, entendemos que el manejo del dolor no es una soluci\u00f3n \u00fanica para todos. Nuestros pacientes de Roswell acuden a nosotros con una variedad de condiciones de dolor, que van desde recurrentes y debilitantes hasta impredecibles e intermitentes. Es por eso que nuestro equipo diagnosticar\u00e1 su situaci\u00f3n particular y dise\u00f1ar\u00e1 un plan de tratamiento espec\u00edficamente para usted.<\/p>\n<p>Comprometidos con una atenci\u00f3n compasiva, nuestros especialistas se esfuerzan por desarrollar el plan de tratamiento \u00f3ptimo para aliviar su dolor. Nuestro objetivo no es s\u00f3lo reducir su dolor actual, sino tambi\u00e9n prevenir incidentes futuros y ayudarle a llevar una vida plena. Conf\u00ede en nosotros para ofrecer soluciones personalizadas, efectivas y seguras para el manejo del dolor.<\/p>\n<h2>Tratamientos disponibles en Georgia Spine and Orthopaedics en Roswell, GA<\/h2>\n<p>En Georgia Spine and Orthopaedics, entendemos que diversos tipos de dolor requieren terapias personalizadas. Es por eso que ofrecemos una gama completa de tratamientos para el manejo del dolor en Roswell, GA, para abordar las necesidades \u00fanicas de nuestros pacientes. Nuestros especialistas experimentados en el manejo del dolor se destacan en identificar las causas subyacentes del dolor y elaborar planes de tratamiento personalizados.<\/p>\n<p>Algunas de las t\u00e9cnicas de manejo del dolor que ofrecemos incluyen:<\/p>\n<h3>Gesti\u00f3n de medicamentos: medicamentos recetados y de venta libre<\/h3>\n<p>Adoptamos un enfoque colaborativo para el manejo del dolor, trabajando en estrecha colaboraci\u00f3n con m\u00e9dicos de atenci\u00f3n primaria y otros profesionales de la salud para garantizar resultados \u00f3ptimos para los pacientes. Nuestra estrategia de manejo de medicamentos tiene como objetivo encontrar la opci\u00f3n de alivio del dolor m\u00e1s adecuada para cada individuo, considerando factores como la gravedad del dolor, el historial m\u00e9dico y las preferencias.<\/p>\n<h3>Ablaci\u00f3n por radiofrecuencia (columna lumbar\/columna cervical)<\/h3>\n<p>La ablaci\u00f3n por radiofrecuencia es un procedimiento m\u00ednimamente invasivo que se dirige a nervios espec\u00edficos para interrumpir las se\u00f1ales de dolor, mejorando los mecanismos de manejo del dolor del cuerpo.<\/p>\n<h3>Bloqueos nerviosos<\/h3>\n<p>Los bloqueos nerviosos implican inyectar un anest\u00e9sico local o un esteroide alrededor de un nervio para aliviar el dolor bloqueando las se\u00f1ales de dolor. Este tratamiento se usa com\u00fanmente para dolores articulares, dolores de cabeza y dolores de espalda cr\u00f3nicos.<\/p>\n<h3>Estimulador de la m\u00e9dula espinal<\/h3>\n<p>Para ciertos casos de dolor cr\u00f3nico, podemos recomendar un estimulador de m\u00e9dula espinal, que administra estimulaci\u00f3n el\u00e9ctrica para interrumpir las se\u00f1ales de dolor entre el cerebro y la m\u00e9dula espinal.<\/p>\n<h3>Inyecciones<\/h3>\n<p>Las inyecciones ofrecen una alternativa menos invasiva a la cirug\u00eda para controlar el dolor cr\u00f3nico. Utilizamos varios tipos de inyecciones, incluidas inyecciones en puntos gatillo y bloqueos nerviosos, para brindar alivio espec\u00edfico del dolor.<\/p>\n<h3><a href=\"https:\/\/www.gaspineortho.com\/roswell\/orthopedic-surgery\/\">Cirug\u00eda ortop\u00e9dica<\/a><\/h3>\n<p>Cuando el dolor proviene de lesiones en ligamentos, m\u00fasculos o huesos, puede ser necesaria la cirug\u00eda ortop\u00e9dica para el tratamiento.<\/p>\n<h3>Cioplastia<\/h3>\n<p>La cifoplastia es un procedimiento m\u00ednimamente invasivo para tratar las fracturas por compresi\u00f3n vertebral mediante la inyecci\u00f3n de cemento \u00f3seo en la v\u00e9rtebra fracturada para restaurar la estabilidad y aliviar el dolor.<\/p>\n<h3>Ajustes quiropr\u00e1cticos<\/h3>\n<p>Los ajustes quiropr\u00e1cticos implican manipular la columna y las articulaciones para mejorar la funci\u00f3n f\u00edsica y la movilidad.<\/p>\n<p>Estos son solo algunos de los tratamientos disponibles en nuestra <a href=\"https:\/\/www.gaspineortho.com\/es\/roswell\/clinica-medica\/\">cl\u00ednica Roswell<\/a>. Cont\u00e1ctenos hoy para programar una consulta con uno de nuestros expertos en el manejo del dolor.<\/p>\n<h2>Condiciones tratadas en Georgia Spine Orthopaedics en Roswell, GA<\/h2>\n<p>Lidiar con el dolor cr\u00f3nico puede afectar significativamente su calidad de vida y afectar varios aspectos del funcionamiento diario. Afortunadamente, nuestros m\u00e9dicos especializados en lesiones de Georgia Spine Orthopaedics abordan una amplia gama de afecciones utilizando estrategias seguras y efectivas para el manejo del dolor. Algunas de las condiciones que tratamos incluyen:<\/p>\n<ul>\n<li>Lesiones por accidentes automovil\u00edsticos<\/li>\n<li>Lesiones de rodilla<\/li>\n<li>Lesiones de cadera<\/li>\n<li>Lesiones en el hombro<\/li>\n<li>Huesos rotos<\/li>\n<li>Lesiones de espalda<\/li>\n<li>Lesiones de la columna<\/li>\n<li>Lesiones en el cuello<\/li>\n<li>Dolor de nervios<\/li>\n<li>Hernia de disco<\/li>\n<li>Condiciones degenerativas<\/li>\n<li>Artritis<\/li>\n<li>S\u00edndrome del t\u00fanel carpiano<\/li>\n<li>Neuropat\u00eda perif\u00e9rica<\/li>\n<li>Latigazo cervical<\/li>\n<\/ul>\n<p>&nbsp;<\/p>\n<p><a href=\"https:\/\/www.gaspineortho.com\/wp-content\/uploads\/2024\/05\/roswell-pain-management-whiplash.jpg\"><img decoding=\"async\" class=\"alignnone wp-image-5806 size-full\" src=\"https:\/\/www.gaspineortho.com\/wp-content\/uploads\/2024\/05\/roswell-pain-management-whiplash.jpg\" alt=\"roswell pain management whiplash\" width=\"500\" height=\"334\" srcset=\"https:\/\/www.gaspineortho.com\/wp-content\/uploads\/2024\/05\/roswell-pain-management-whiplash.jpg 500w, https:\/\/www.gaspineortho.com\/wp-content\/uploads\/2024\/05\/roswell-pain-management-whiplash-300x200.jpg 300w\" sizes=\"(max-width: 500px) 100vw, 500px\" \/><\/a><\/p>\n<h2>\u00bfQu\u00e9 considerar al elegir una cl\u00ednica o un m\u00e9dico para el tratamiento del dolor y qu\u00e9 evitar?<\/h2>\n<p>Garantizar que las personas reciban un tratamiento del dolor de calidad es nuestra m\u00e1xima prioridad. Para ayudarle a tomar una decisi\u00f3n informada, aqu\u00ed hay algunos factores que debe buscar en una cl\u00ednica de control del dolor de buena reputaci\u00f3n, as\u00ed como se\u00f1ales de alerta que debe evitar.<\/p>\n<h3>Una cl\u00ednica de buena reputaci\u00f3n para el tratamiento del dolor normalmente:<\/h3>\n<ul>\n<li>Emplear m\u00e9dicos certificados con formaci\u00f3n especializada en el tratamiento del dolor.<\/li>\n<li>Contar con profesionales m\u00e9dicos con amplia experiencia en el tratamiento de diversos tipos de dolor.<\/li>\n<li>Desarrollar planes de tratamiento personalizados adaptados a las necesidades \u00fanicas de cada paciente.<\/li>\n<\/ul>\n<p>&nbsp;<\/p>\n<h3>Por el contrario, una cl\u00ednica de tratamiento del dolor que se debe evitar puede:<\/h3>\n<ul>\n<li>Carece de un enfoque multidisciplinario para el tratamiento.<\/li>\n<li>No proporcionar informaci\u00f3n transparente sobre las credenciales del personal.<\/li>\n<li>Luchar por establecer relaciones positivas con los pacientes o una comunicaci\u00f3n efectiva.<\/li>\n<\/ul>\n<p>&nbsp;<\/p>\n<p>En Georgia Spine Orthopaedics en Roswell, GA, nos dedicamos a brindar una atenci\u00f3n excepcional a nuestros pacientes. Con nuestra amplia experiencia, conocimientos y compromiso con la satisfacci\u00f3n del paciente, cumplimos con todos los criterios de una cl\u00ednica de buena reputaci\u00f3n para el tratamiento del dolor. Estamos aqu\u00ed para ayudarlo a encontrar soluciones efectivas para sus necesidades de manejo del dolor.<\/p>\n<h2>Conf\u00ede en Georgia Spine Orthopaedics para un tratamiento eficaz del dolor en Roswell, GA<\/h2>\n<p>Lidiar con los brotes dolorosos o las molestias persistentes resultantes de una lesi\u00f3n puede ser un desaf\u00edo incre\u00edble. Simplemente esperar que el dolor desaparezca por s\u00ed solo no es una soluci\u00f3n viable, especialmente sin un diagn\u00f3stico adecuado por parte de un profesional de la salud. En Georgia Spine Orthopaedics, entendemos la importancia de consultar con especialistas en el manejo del dolor en Roswell, GA.<\/p>\n<p>Estamos comprometidos a ayudar a nuestros pacientes a controlar su dolor y mejorar su calidad de vida a trav\u00e9s de nuestro amplio conocimiento, experiencia y amplia gama de opciones de tratamiento. Ya sea que no est\u00e9 seguro del mejor tratamiento o tenga una terapia espec\u00edfica en mente, nuestros especialistas en dolor de Roswell est\u00e1n aqu\u00ed para ofrecerle apoyo y orientaci\u00f3n en cada paso del camino.<\/p>\n<p>Le recomendamos que se comunique con nosotros al [tel\u00e9fono] si est\u00e1 listo para tomar el control y experimentar un manejo eficaz del dolor. Esperamos colaborar con usted para desarrollar un plan de tratamiento personalizado que aborde sus necesidades m\u00e9dicas \u00fanicas y le ayude a vivir una vida m\u00e1s satisfactoria y c\u00f3moda.<\/p>\n","protected":false},"excerpt":{"rendered":"<p>El dolor cr\u00f3nico resultante de accidentes con lesiones personales, como colisiones automovil\u00edsticas o resbalones y ca\u00eddas, puede afectar gravemente su vida diaria. Puede limitar la movilidad, alterar el sue\u00f1o e impedir las actividades sociales, lo que lleva a una reducci\u00f3n de la productividad y una disminuci\u00f3n de la calidad de vida. No dejes que el [&hellip;]<\/p>\n","protected":false},"author":25,"featured_media":0,"parent":7573,"menu_order":0,"comment_status":"closed","ping_status":"closed","template":"","meta":{"_acf_changed":false,"footnotes":""},"categories":[],"tags":[],"class_list":["post-7681","page","type-page","status-publish","hentry"],"acf":[],"_links":{"self":[{"href":"https:\/\/www.gaspineortho.com\/es\/wp-json\/wp\/v2\/pages\/7681","targetHints":{"allow":["GET"]}}],"collection":[{"href":"https:\/\/www.gaspineortho.com\/es\/wp-json\/wp\/v2\/pages"}],"about":[{"href":"https:\/\/www.gaspineortho.com\/es\/wp-json\/wp\/v2\/types\/page"}],"author":[{"embeddable":true,"href":"https:\/\/www.gaspineortho.com\/es\/wp-json\/wp\/v2\/users\/25"}],"replies":[{"embeddable":true,"href":"https:\/\/www.gaspineortho.com\/es\/wp-json\/wp\/v2\/comments?post=7681"}],"version-history":[{"count":4,"href":"https:\/\/www.gaspineortho.com\/es\/wp-json\/wp\/v2\/pages\/7681\/revisions"}],"predecessor-version":[{"id":7692,"href":"https:\/\/www.gaspineortho.com\/es\/wp-json\/wp\/v2\/pages\/7681\/revisions\/7692"}],"up":[{"embeddable":true,"href":"https:\/\/www.gaspineortho.com\/es\/wp-json\/wp\/v2\/pages\/7573"}],"wp:attachment":[{"href":"https:\/\/www.gaspineortho.com\/es\/wp-json\/wp\/v2\/media?parent=7681"}],"wp:term":[{"taxonomy":"category","embeddable":true,"href":"https:\/\/www.gaspineortho.com\/es\/wp-json\/wp\/v2\/categories?post=7681"},{"taxonomy":"post_tag","embeddable":true,"href":"https:\/\/www.gaspineortho.com\/es\/wp-json\/wp\/v2\/tags?post=7681"}],"curies":[{"name":"wp","href":"https:\/\/api.w.org\/{rel}","templated":true}]}}