{"id":7671,"date":"2024-05-16T08:16:44","date_gmt":"2024-05-16T13:16:44","guid":{"rendered":"https:\/\/www.gaspineortho.com\/tucker\/cirugia-ortopedica-tucker\/"},"modified":"2024-05-16T08:16:44","modified_gmt":"2024-05-16T13:16:44","slug":"cirugia-ortopedica-tucker","status":"publish","type":"page","link":"https:\/\/www.gaspineortho.com\/es\/tucker\/cirugia-ortopedica-tucker\/","title":{"rendered":"Cirug\u00eda Ortop\u00e9dica Tucker"},"content":{"rendered":"<p>En Tucker, mereces una vida sin dolor. Si usted es un \u00e1vido corredor, un padre devoto o un profesional dedicado, los dolores de espalda persistentes, la rigidez de las articulaciones o las lesiones deportivas persistentes no deber\u00edan detenerlo. El centro de cirug\u00eda ortop\u00e9dica Tucker de la OSG puede ayudar. Ll\u00e1manos hoy al <a href=\"tel:+16789294494\"><i class=\"fa fa-phone-alt\"><\/i>678-929-4494<\/a>para programar una cita.<\/p>\n<p>Vivir con dolor afecta m\u00e1s que solo la comodidad f\u00edsica. Significa perderse actividades familiares, deportes y eventos culturales. En Georgia Spine &amp; Orthopaedics (GSO), entendemos el ritmo de vida \u00fanico en Tucker y estamos aqu\u00ed para ayudarlo a recuperarlo. Nuestro enfoque hol\u00edstico combina t\u00e9cnicas de alivio del dolor de \u00faltima generaci\u00f3n y tratamientos ortop\u00e9dicos y neurol\u00f3gicos avanzados para abordar afecciones espinales y ortop\u00e9dicas complejas.<\/p>\n<p>Ya sea que est\u00e9 lidiando con dolor de espalda debido a una colisi\u00f3n automovil\u00edstica o una lesi\u00f3n relacionada con el trabajo, nuestro personal compasivo y multiling\u00fce, incluidos especialistas en ortopedia y nuestro nuevo cirujano de columna, el Dr. Laviel Fern\u00e1ndez, est\u00e1n dedicados a restaurar su funcionalidad y calidad de vida. Con m\u00faltiples ubicaciones convenientes en todo el \u00e1rea metropolitana de Atlanta, facilitamos el acceso a la atenci\u00f3n que necesita. Acepta la vida en Tucker sin dolor, porque mereces vivir plenamente. Conf\u00ede en la OSG, donde \u00abLa habilidad para sanar, el coraz\u00f3n para cuidar\u00bb es m\u00e1s que un lema; es nuestro compromiso contigo.<\/p>\n<h2>Nuestro Compromiso con la Comunidad<\/h2>\n<p>En Georgia Spine &amp; Orthopaedics, nuestro compromiso con la comunidad de Tucker es profundo. Nuestro equipo de cirujanos ortop\u00e9dicos capacitados y especialistas se dedica a brindar atenci\u00f3n de primer nivel a pacientes que padecen afecciones ortop\u00e9dicas y de columna complejas. Desde colisiones automovil\u00edsticas hasta lesiones relacionadas con el trabajo, lo hemos visto todo. Nuestro enfoque hol\u00edstico combina el <a href=\"https:\/\/www.gaspineortho.com\/tucker\/pain-management\/\">manejo del dolor<\/a>, la ortopedia y la neurolog\u00eda para brindar una atenci\u00f3n integral.<\/p>\n<p>Ofrecemos t\u00e9cnicas de alivio del dolor de \u00faltima generaci\u00f3n, incluidas inyecciones dirigidas, para garantizar que reciba el mejor tratamiento posible. Nuestro cuidado compasivo se refleja en nuestro esp\u00edritu: \u00abLa habilidad para sanar, el coraz\u00f3n para cuidar\u00bb. Nuestro personal multiling\u00fce, que habla ingl\u00e9s y espa\u00f1ol con fluidez, garantiza que el idioma nunca sea una barrera para recibir atenci\u00f3n de calidad. Con m\u00faltiples ubicaciones en el \u00e1rea metropolitana de Atlanta, le facilitamos el acceso a la atenci\u00f3n que necesita. \u00danase a las generaciones de familias, atletas y trabajadores que han confiado en Georgia Spine &amp; Orthopaedics para ayudarlos a recuperar su calidad de vida.<br \/>\n<img fetchpriority=\"high\" decoding=\"async\" class=\"alignnone wp-image-5777 size-full\" src=\"https:\/\/www.gaspineortho.com\/wp-content\/uploads\/2024\/05\/orthopedic-surgery-center.webp\" alt=\"M\u00e9dico en Tucker consultando con un paciente sobre la pr\u00f3xima cirug\u00eda ortop\u00e9dica.\" width=\"500\" height=\"333\" srcset=\"https:\/\/www.gaspineortho.com\/wp-content\/uploads\/2024\/05\/orthopedic-surgery-center.webp 500w, https:\/\/www.gaspineortho.com\/wp-content\/uploads\/2024\/05\/orthopedic-surgery-center-300x200.webp 300w\" sizes=\"(max-width: 500px) 100vw, 500px\" \/><\/p>\n<h2>Atenci\u00f3n Ortop\u00e9dica Integral<\/h2>\n<p>En Georgia Spine &amp; Orthopaedics (GSO), nos especializamos en brindar atenci\u00f3n ortop\u00e9dica integral adaptada a sus necesidades \u00fanicas. Nuestros cirujanos ortop\u00e9dicos de Tucker emplean t\u00e9cnicas de alivio del dolor de \u00faltima generaci\u00f3n, como inyecciones dirigidas, para abordar afecciones ortop\u00e9dicas y de la columna complejas. Desde colisiones automovil\u00edsticas hasta lesiones relacionadas con el trabajo, nuestro enfoque hol\u00edstico integra ortopedia, neurolog\u00eda y manejo del dolor para restaurar su funcionalidad y calidad de vida.<\/p>\n<p>Los pacientes se benefician de tratamientos avanzados y atenci\u00f3n compasiva y multiling\u00fce, lo que garantiza que todos en Tucker reciban el mejor apoyo posible. Conf\u00ede en GSO para ayudarle a recuperar su movilidad y disfrutar de una vida sin dolor.<\/p>\n<h2>Cu\u00e1ndo considerar la ayuda de una cirug\u00eda ortop\u00e9dica<\/h2>\n<p>Cuando el dolor amenace con robarte la alegr\u00eda, recuerda que hay algo que puedes hacer. Comun\u00edquese con Georgia Spine &amp; Orthopaedics y perm\u00edtanos ayudarlo a escribir un nuevo cap\u00edtulo en su historia de Tucker, uno en el que el dolor sea un recuerdo lejano.<\/p>\n<p>Si el dolor de espalda o la rigidez de las articulaciones afectan sus actividades diarias, es hora de buscar atenci\u00f3n experta. Nuestro cirujano ortop\u00e9dico de Tucker se especializa en diagnosticar y tratar afecciones desde colisiones automovil\u00edsticas hasta lesiones relacionadas con el trabajo. Ofrecemos t\u00e9cnicas de alivio del dolor de \u00faltima generaci\u00f3n, que incluyen inyecciones dirigidas y tratamientos ortop\u00e9dicos y neurol\u00f3gicos avanzados, para restaurar su funcionalidad.<\/p>\n<p>Ya sea que tenga dolor cr\u00f3nico o una lesi\u00f3n reciente, Georgia Spine &amp; Orthopaedics brinda atenci\u00f3n integral y compasiva adaptada a sus necesidades. Nuestro personal multiling\u00fce garantiza que el idioma nunca sea una barrera para obtener la ayuda que necesita. No permita que el dolor defina su vida en Tucker: perm\u00edtanos ayudarlo a recuperar su movilidad y calidad de vida. Comun\u00edquese con la OSG hoy.<\/p>\n<p><img decoding=\"async\" class=\"alignnone wp-image-4404 size-full\" src=\"https:\/\/www.gaspineortho.com\/wp-content\/uploads\/2024\/05\/services-orthopedics-copy.webp\" alt=\"Consulta preoperatoria para un paciente en el centro de Cirug\u00eda Ortop\u00e9dica Tucker.\" width=\"600\" height=\"400\" srcset=\"https:\/\/www.gaspineortho.com\/wp-content\/uploads\/2024\/05\/services-orthopedics-copy.webp 600w, https:\/\/www.gaspineortho.com\/wp-content\/uploads\/2024\/05\/services-orthopedics-copy-300x200.webp 300w\" sizes=\"(max-width: 600px) 100vw, 600px\" \/><\/p>\n<h2>\u00bfQu\u00e9 tratan los m\u00e9dicos ortop\u00e9dicos?<\/h2>\n<p>Los m\u00e9dicos ortop\u00e9dicos tratan una amplia gama de afecciones que afectan el sistema musculoesquel\u00e9tico, que incluyen:<\/p>\n<h3>Fracturas<\/h3>\n<p>Las fracturas pueden alterar su vida cotidiana, pero Georgia Spine &amp; Orthopaedics (GSO) est\u00e1 aqu\u00ed para ayudarlo. Nuestros cirujanos ortop\u00e9dicos de Tucker se especializan en el tratamiento de huesos rotos con t\u00e9cnicas de precisi\u00f3n como yesos, entablillados y reparaci\u00f3n quir\u00fargica. Ya sea que su fractura se deba a una colisi\u00f3n automovil\u00edstica o a una lesi\u00f3n relacionada con el trabajo, nuestro equipo brinda atenci\u00f3n integral para garantizar una curaci\u00f3n \u00f3ptima. Utilizando herramientas de diagn\u00f3stico e im\u00e1genes de \u00faltima generaci\u00f3n, adaptamos cada plan de tratamiento a sus necesidades \u00fanicas. En GSO, nuestro objetivo es restaurar su funcionalidad y permitirle volver a vivir una vida sin dolor en Tucker.<\/p>\n<h3>Esguinces y distensiones<\/h3>\n<p>En Georgia Spine &amp; Orthopaedics, los esguinces y las torceduras se tratan con un enfoque de curaci\u00f3n integral. Nuestros cirujanos ortop\u00e9dicos de Tucker utilizan t\u00e9cnicas avanzadas, como aparatos ortop\u00e9dicos y <a href=\"https:\/\/www.gaspineortho.com\/es\/tucker\/fisioterapia\/\">fisioterapia dirigida<\/a>, para promover una recuperaci\u00f3n r\u00e1pida. El manejo del dolor es la piedra angular de nuestros planes de tratamiento y, a menudo, incorpora m\u00e9todos de alivio del dolor de \u00faltima generaci\u00f3n, como inyecciones dirigidas. Entendemos que un esguince o distensi\u00f3n puede afectar significativamente su vida diaria, ya sea como resultado de una lesi\u00f3n deportiva o un incidente relacionado con el trabajo. Nuestro objetivo es recuperar tu movilidad y conseguir que recuperes tu calidad de vida de forma r\u00e1pida y eficaz. Conf\u00ede en nuestro equipo para brindarle la atenci\u00f3n compasiva y experta que necesita para recuperarse.<\/p>\n<h3>Artritis<\/h3>\n<p>Controlar el dolor de la artritis es esencial para mantener su estilo de vida y su movilidad. En Georgia Spine &amp; Orthopaedics, ofrecemos un enfoque hol\u00edstico para el tratamiento de la artritis, incorporando modificaciones en el estilo de vida, medicamentos avanzados y cirug\u00eda de reemplazo de articulaciones. Nuestros cirujanos ortop\u00e9dicos de Tucker son expertos en identificar las necesidades espec\u00edficas de cada paciente y brindan planes de tratamiento personalizados dise\u00f1ados para reducir el dolor y mejorar la funci\u00f3n. Desde inyecciones dirigidas hasta procedimientos ortop\u00e9dicos de \u00faltima generaci\u00f3n, nos aseguramos de que su proceso de tratamiento de la artritis sea lo m\u00e1s sencillo y eficaz posible. Nuestro compromiso se extiende m\u00e1s all\u00e1 del simple tratamiento de los s\u00edntomas; Nuestro objetivo es mejorar su calidad de vida en general. No permita que la artritis controle su vida: deje que nuestro experimentado equipo le ayude a recuperar su libertad y flexibilidad. Visite nuestra <a href=\"https:\/\/www.gaspineortho.com\/tucker\/tucker-medical-clinic\/\">cl\u00ednica de Tucker<\/a> y experimente una atenci\u00f3n compasiva que realmente marca la diferencia.<\/p>\n<h3>Dolor de espalda y cuello<\/h3>\n<p>En Georgia Spine &amp; Orthopaedics, entendemos lo debilitante que puede ser el dolor de espalda y cuello. Nuestro equipo de cirujanos ortop\u00e9dicos de Tucker utiliza herramientas avanzadas de diagn\u00f3stico e im\u00e1genes para identificar la causa ra\u00edz de su malestar. Ya sea que surjan de colisiones automovil\u00edsticas o lesiones relacionadas con el trabajo, nuestro enfoque hol\u00edstico enfatiza el manejo del dolor, la ortopedia y la neurolog\u00eda.<\/p>\n<p>Nuestros tratamientos de \u00faltima generaci\u00f3n incluyen fisioterapia y cirug\u00eda de columna m\u00ednimamente invasiva. Empleamos inyecciones dirigidas para aliviar el dolor y ayudarle a recuperar la funcionalidad y la calidad de vida. Con el Dr. Laviel Fern\u00e1ndez, nuestro competente cirujano de columna, est\u00e1 en manos expertas. Habla ingl\u00e9s y espa\u00f1ol con fluidez y garantiza una atenci\u00f3n integral para nuestra diversa comunidad de Tucker.<\/p>\n<p>Conf\u00ede en nosotros para ayudarle a superar el dolor de espalda y cuello, para que pueda volver a disfrutar de la vida en Tucker sin limitaciones. Recuerde, en Georgia Spine &amp; Orthopaedics tenemos la habilidad para sanar y el coraz\u00f3n para cuidar.<\/p>\n<h3>Lesiones deportivas<\/h3>\n<p>En Georgia Spine &amp; Orthopaedics, nos especializamos en el tratamiento de lesiones deportivas con la m\u00e1xima experiencia y cuidado. Ya sea que se trate de un esguince de tobillo, un ligamento desgarrado o una distensi\u00f3n muscular, nuestros cirujanos ortop\u00e9dicos de Tucker emplean t\u00e9cnicas avanzadas para promover una recuperaci\u00f3n r\u00e1pida y efectiva. Entendemos que regresar a su deporte de la manera m\u00e1s r\u00e1pida y segura posible es su principal prioridad.<\/p>\n<p>Nuestro enfoque integral incluye planes de rehabilitaci\u00f3n personalizados, estrategias espec\u00edficas para el manejo del dolor y tratamientos de \u00faltima generaci\u00f3n como la terapia PRP (plasma rico en plaquetas) y opciones quir\u00fargicas m\u00ednimamente invasivas. Al centrarnos tanto en el alivio inmediato como en la prevenci\u00f3n a largo plazo, ayudamos a los atletas de todos los niveles a recuperar su m\u00e1ximo rendimiento.<\/p>\n<p>El dolor no deber\u00eda mantenerte al margen. Con la experiencia de nuestros especialistas en ortopedia, volver\u00e1 al juego antes de lo que cree. Conf\u00ede en Georgia Spine &amp; Orthopaedics para el tratamiento de sus lesiones deportivas y experimente el beneficio de una atenci\u00f3n especializada adaptada a sus necesidades espec\u00edficas.<\/p>\n<h3>Reemplazos de articulaciones<\/h3>\n<p>At Georgia Spine &amp; Orthopaedics, we specialize in state-of-the-art joint replacement procedures designed to restore your mobility and enhance your quality of life. Nuestros cirujanos ortop\u00e9dicos de Tucker emplean t\u00e9cnicas m\u00ednimamente invasivas, lo que garantiza una recuperaci\u00f3n m\u00e1s r\u00e1pida y menos dolor posoperatorio. Ya sea que est\u00e9 lidiando con una enfermedad degenerativa de las articulaciones o un da\u00f1o relacionado con un trauma, nuestro equipo de expertos aprovecha las tecnolog\u00edas avanzadas para brindar soluciones personalizadas.<\/p>\n<p>Ofrecemos atenci\u00f3n integral antes, durante y despu\u00e9s de la cirug\u00eda, enfoc\u00e1ndonos en el manejo del dolor, la fisioterapia y la educaci\u00f3n del paciente. Con Georgia Spine &amp; Orthopaedics, no solo se someter\u00e1 a un procedimiento; Te est\u00e1s embarcando en un viaje hacia una vida sin dolor. Conf\u00ede en nuestros cirujanos capacitados y nuestro personal compasivo para guiarlo en cada paso del camino. Experimente una vez m\u00e1s la libertad de movimiento y la alegr\u00eda de un estilo de vida activo con nuestros servicios de reemplazo de articulaciones de vanguardia.<\/p>\n<h3>Da\u00f1o del cart\u00edlago<\/h3>\n<p>Vivir con da\u00f1o en el cart\u00edlago puede limitar su movimiento y causar un malestar significativo. En Georgia Spine &amp; Orthopaedics, nos especializamos en tratamientos innovadores para la reparaci\u00f3n y regeneraci\u00f3n del cart\u00edlago. Utilizando t\u00e9cnicas de \u00faltima generaci\u00f3n, nuestros cirujanos ortop\u00e9dicos tienen como objetivo restaurar la funcionalidad de sus articulaciones y minimizar el dolor. Nuestro enfoque integral incluye im\u00e1genes avanzadas para diagnosticar con precisi\u00f3n la extensi\u00f3n del da\u00f1o, seguidas de planes de tratamiento personalizados que pueden incorporar procedimientos m\u00ednimamente invasivos, inyecciones dirigidas y fisioterapia.<\/p>\n<p>Al centrarnos en la reparaci\u00f3n del cart\u00edlago, nos esforzamos por retrasar o incluso prevenir la necesidad de una cirug\u00eda de reemplazo de articulaciones. Nuestro equipo est\u00e1 comprometido a emplear los \u00faltimos avances en atenci\u00f3n ortop\u00e9dica para ayudarlo a recuperar su estilo de vida activo. Ya sea por lesiones deportivas, afecciones degenerativas o traumatismos relacionados con el trabajo, conf\u00ede en nuestros cirujanos ortop\u00e9dicos de Tucker para brindarle una atenci\u00f3n experta y compasiva adaptada a sus necesidades \u00fanicas. Recupere su movilidad y viva una vida sin dolor con Georgia Spine &amp; Orthopaedics.<\/p>\n<h2>\u00bfPor qu\u00e9 consultar a un m\u00e9dico ortop\u00e9dico?<\/h2>\n<p>Ignorar el dolor es como silenciar una alarma de humo con una almohada. Tu cuerpo te est\u00e1 enviando un mensaje. He aqu\u00ed por qu\u00e9 deber\u00edas escuchar:<\/p>\n<ul>\n<li><strong>Diagn\u00f3stico experto:<\/strong> Conf\u00ede en nuestros cirujanos ortop\u00e9dicos de Tucker para brindar un diagn\u00f3stico preciso utilizando herramientas avanzadas de diagn\u00f3stico e im\u00e1genes.<\/li>\n<li><strong>Planes de tratamiento personalizados: <\/strong> adaptamos nuestros tratamientos a sus necesidades espec\u00edficas, desde fisioterapia y manejo del dolor hasta cirug\u00edas m\u00ednimamente invasivas.<\/li>\n<li><strong>Atenci\u00f3n hol\u00edstica<\/strong> nuestro equipo en Georgia Spine &amp; Orthopaedics emplea un enfoque multifac\u00e9tico que integra ortopedia, neurolog\u00eda y dolor.<\/li>\n<\/ul>\n<h2>D\u00e9 el primer paso hacia una vida sin dolor en Tucker<\/h2>\n<p><img decoding=\"async\" class=\"alignnone wp-image-3286 size-full\" src=\"https:\/\/www.gaspineortho.com\/wp-content\/uploads\/2020\/12\/ga-spine-ortho-docs-e1715801958933.webp\" alt=\"El equipo de cirug\u00eda ortop\u00e9dica de Georgia Spine &amp; Orthopaedics\" width=\"500\" height=\"273\"><\/p>\n<p>En Georgia Spine &amp; Orthopaedics, su bienestar es nuestra principal prioridad. No dejes que el dolor controle tu vida por m\u00e1s tiempo. Ya sea que est\u00e9 lidiando con una lesi\u00f3n deportiva, dolor cr\u00f3nico o un accidente reciente, nuestro dedicado equipo de cirujanos ortop\u00e9dicos en Tucker est\u00e1 aqu\u00ed para ayudarlo.<\/p>\n<p>Recupera tu movilidad y mejora tu calidad de vida con nuestra atenci\u00f3n ortop\u00e9dica integral. Ll\u00e1manos al <a href=\"tel:+16789294494\"><i class=\"fa fa-phone-alt\"><\/i>678-929-4494<\/a> para programar una cita o visita nuestro sitio web para conocer m\u00e1s sobre nuestros servicios. Experimente la diferencia de la atenci\u00f3n compasiva y experta en Georgia Spine &amp; Orthopaedics. Tu camino hacia una vida sin dolor comienza aqu\u00ed.<\/p>\n","protected":false},"excerpt":{"rendered":"<p>En Tucker, mereces una vida sin dolor. Si usted es un \u00e1vido corredor, un padre devoto o un profesional dedicado, los dolores de espalda persistentes, la rigidez de las articulaciones o las lesiones deportivas persistentes no deber\u00edan detenerlo. El centro de cirug\u00eda ortop\u00e9dica Tucker de la OSG puede ayudar. Ll\u00e1manos hoy al para programar una [&hellip;]<\/p>\n","protected":false},"author":25,"featured_media":0,"parent":7581,"menu_order":0,"comment_status":"closed","ping_status":"closed","template":"","meta":{"_acf_changed":false,"footnotes":""},"categories":[],"tags":[],"class_list":["post-7671","page","type-page","status-publish","hentry"],"acf":[],"_links":{"self":[{"href":"https:\/\/www.gaspineortho.com\/es\/wp-json\/wp\/v2\/pages\/7671","targetHints":{"allow":["GET"]}}],"collection":[{"href":"https:\/\/www.gaspineortho.com\/es\/wp-json\/wp\/v2\/pages"}],"about":[{"href":"https:\/\/www.gaspineortho.com\/es\/wp-json\/wp\/v2\/types\/page"}],"author":[{"embeddable":true,"href":"https:\/\/www.gaspineortho.com\/es\/wp-json\/wp\/v2\/users\/25"}],"replies":[{"embeddable":true,"href":"https:\/\/www.gaspineortho.com\/es\/wp-json\/wp\/v2\/comments?post=7671"}],"version-history":[{"count":0,"href":"https:\/\/www.gaspineortho.com\/es\/wp-json\/wp\/v2\/pages\/7671\/revisions"}],"up":[{"embeddable":true,"href":"https:\/\/www.gaspineortho.com\/es\/wp-json\/wp\/v2\/pages\/7581"}],"wp:attachment":[{"href":"https:\/\/www.gaspineortho.com\/es\/wp-json\/wp\/v2\/media?parent=7671"}],"wp:term":[{"taxonomy":"category","embeddable":true,"href":"https:\/\/www.gaspineortho.com\/es\/wp-json\/wp\/v2\/categories?post=7671"},{"taxonomy":"post_tag","embeddable":true,"href":"https:\/\/www.gaspineortho.com\/es\/wp-json\/wp\/v2\/tags?post=7671"}],"curies":[{"name":"wp","href":"https:\/\/api.w.org\/{rel}","templated":true}]}}