{"id":7664,"date":"2024-05-16T13:21:39","date_gmt":"2024-05-16T18:21:39","guid":{"rendered":"https:\/\/www.gaspineortho.com\/tucker\/physical-therapy\/"},"modified":"2024-05-31T16:19:44","modified_gmt":"2024-05-31T21:19:44","slug":"fisioterapia","status":"publish","type":"page","link":"https:\/\/www.gaspineortho.com\/es\/tucker\/fisioterapia\/","title":{"rendered":"Fisioterapia Tucker"},"content":{"rendered":"<p>Un accidente automovil\u00edstico impacta significativamente la salud f\u00edsica de la v\u00edctima. La recuperaci\u00f3n de un incidente de este tipo a menudo requiere la experiencia de un fisioterapeuta cualificado. Para garantizar una recuperaci\u00f3n eficaz, es fundamental trabajar con profesionales altamente experimentados que se especialicen en el tratamiento de v\u00edctimas de accidentes. Necesita servicios de fisioterapia de primer nivel en Tucker y Georgia Spine &amp; La ortopedia est\u00e1 aqu\u00ed para ayudar. \u00a1Ll\u00e1menos hoy al <a href=\"tel:+16789294494\"><i class=\"fa fa-phone-alt\"><\/i>678-929-4494<\/a> para consultar con nuestro fisioterapeuta de accidentes automovil\u00edsticos!<\/p>\n<h2>Comprensi\u00f3n de la fisioterapia<\/h2>\n<p>La fisioterapia, tambi\u00e9n conocida como fisioterapia, consiste en tratamientos que utilizan ejercicios, estiramientos, masajes y otros m\u00e9todos f\u00edsicos para aliviar el dolor, fortalecer los m\u00fasculos y mejorar la movilidad en las v\u00edctimas de accidentes automovil\u00edsticos. El enfoque implica seleccionar tratamientos dise\u00f1ados espec\u00edficamente para abordar las lesiones causadas por accidentes vehiculares.<br \/>\nNuestros especialistas consideran tanto la condici\u00f3n f\u00edsica del paciente como la necesidad de fortalecer partes espec\u00edficas del cuerpo mientras alivian el dolor. Se pueden emplear varios tratamientos, dependiendo de los requisitos individuales.<\/p>\n<p>Los m\u00e9todos de tratamiento primarios incluyen:<\/p>\n<ul>\n<li>Ejercicios centrados en las zonas afectadas<\/li>\n<li>Est\u00edmulos f\u00edsicos como calor, fr\u00edo, ultrasonidos o corrientes el\u00e9ctricas<\/li>\n<li>Movimientos guiados y pasivos realizados por terapeutas, como terapia manual y masajes<\/li>\n<\/ul>\n<p>Los ejercicios juegan un papel central en la fisioterapia. No s\u00f3lo fortalecen los m\u00fasculos debilitados sino que tambi\u00e9n mejoran la movilidad y la coordinaci\u00f3n. Durante las sesiones de terapia, nuestros terapeutas instruyen a los pacientes sobre c\u00f3mo realizar estos ejercicios correctamente y monitorean su progreso, haciendo los ajustes necesarios para garantizar el m\u00e1ximo beneficio y prevenir lesiones. Adem\u00e1s, estos ejercicios ayudan a mejorar la resistencia general y facilitan una recuperaci\u00f3n m\u00e1s r\u00e1pida de las lesiones.<br \/>\n<a href=\"https:\/\/www.gaspineortho.com\/wp-content\/uploads\/2024\/05\/shutterstock_2424700769.webp\"><img fetchpriority=\"high\" decoding=\"async\" class=\"alignnone wp-image-6717 size-full\" src=\"https: \/\/www.gaspineortho.com\/wp-content\/uploads\/2024\/05\/shutterstock_2424700769.webp\" alt=\"Foto de acci\u00f3n de fisioterapia de Tucker\" width=\"500\" height=\"334\" srcset=\"https:\/\/www.gaspineortho.com\/wp-content\/uploads\/2024\/05\/shutterstock_2424700769.webp 500w, https:\/\/www.gaspineortho.com\/wp-content\/uploads\/2024\/05\/shutterstock_2424700769-300x200.webp 300w, https:\/\/www.gaspineortho.com\/wp-content\/uploads\/2024\/05\/shutterstock_2424700769-18x12.webp 18w\" sizes=\"(max-width: 500px) 100vw, 500px\" \/><\/a><\/p>\n<p>Se pueden incorporar tratamientos pasivos al r\u00e9gimen terap\u00e9utico. En estos tratamientos, el terapeuta mueve el cuerpo del paciente o partes de \u00e9l para mejorar la movilidad en las articulaciones r\u00edgidas. Los tratamientos pasivos son particularmente \u00fatiles para pacientes que no pueden mover una articulaci\u00f3n, una extremidad o el cuello despu\u00e9s de un accidente o debido a un dolor intenso. Esta suave movilizaci\u00f3n ayuda a aumentar el flujo sangu\u00edneo a las \u00e1reas afectadas, promoviendo la curaci\u00f3n y reduciendo la inflamaci\u00f3n.<\/p>\n<p>Los tratamientos f\u00edsicos que utilizan est\u00edmulos tienen como objetivo relajar m\u00fasculos, ligamentos y tejidos conectivos, mejorando as\u00ed la movilidad y aliviando el estr\u00e9s y el dolor. Esta categor\u00eda incluye:<\/p>\n<ul>\n<li><strong>Electroterapia<\/strong> o estimulaci\u00f3n el\u00e9ctrica (e-stim) para mejorar las habilidades motoras o aliviar el dolor. Este m\u00e9todo utiliza se\u00f1ales el\u00e9ctricas para interferir con la transmisi\u00f3n de se\u00f1ales de dolor en las fibras nerviosas, proporcionando alivio y promoviendo la estimulaci\u00f3n muscular.<\/li>\n<li><strong>Iontoforesis<\/strong>, que emplea corrientes el\u00e9ctricas para administrar medicamentos directamente a los tejidos para reducir la inflamaci\u00f3n.<\/li>\n<li><strong>Drenaje linf\u00e1tico manual<\/strong> (masaje de tejidos para drenar el l\u00edquido), que ayuda a reducir la hinchaz\u00f3n y desintoxicar el cuerpo mejorando la circulaci\u00f3n linf\u00e1tica.<\/li>\n<li><strong>Terapia de luz<\/strong>, que puede ayudar a tratar afecciones como la depresi\u00f3n o el trastorno afectivo estacional imitando la luz solar natural y estimulando la producci\u00f3n de serotonina.<\/li>\n<li><strong>Terapia de fr\u00edo<\/strong>, eficaz para reducir la inflamaci\u00f3n y adormecer el dolor agudo, a menudo se utiliza inmediatamente despu\u00e9s de una lesi\u00f3n.<\/li>\n<li><strong>Terapia de calor o calor h\u00famedo<\/strong>, que ayuda a relajar y calmar los m\u00fasculos y tejidos da\u00f1ados, aumentando el flujo sangu\u00edneo y acelerando el proceso de curaci\u00f3n.<\/li>\n<\/ul>\n<p>Nuestros terapeutas experimentados dise\u00f1ar\u00e1n un r\u00e9gimen de tratamiento personalizado que combine estas opciones de manera efectiva. Cada plan de tratamiento se adapta espec\u00edficamente a las necesidades \u00fanicas y los objetivos de recuperaci\u00f3n del paciente, lo que garantiza un enfoque hol\u00edstico de rehabilitaci\u00f3n que aborda los aspectos f\u00edsicos y emocionales de la recuperaci\u00f3n.<\/p>\n<h2>Atenci\u00f3n quiropr\u00e1ctica versus fisioterapia<\/h2>\n<p>Es f\u00e1cil confundir la fisioterapia con la atenci\u00f3n quiropr\u00e1ctica, ya que ambas tienen como objetivo aliviar el dolor y mejorar la funci\u00f3n sin procedimientos invasivos. Sin embargo, sus enfoques difieren significativamente.<\/p>\n<p>La fisioterapia se centra en abordar las discapacidades y los impedimentos f\u00edsicos mediante movimientos y ejercicios guiados. Estos m\u00e9todos mejoran la movilidad y la funci\u00f3n general al realinear gradualmente las articulaciones con el tiempo. La fisioterapia de accidentes automovil\u00edsticos implica un proceso de rehabilitaci\u00f3n lento e incremental.<\/p>\n<p>La atenci\u00f3n quiropr\u00e1ctica, por otro lado, se dirige al sistema musculoesquel\u00e9tico. Los quiropr\u00e1cticos ajustan y manipulan manualmente las articulaciones para corregir desalineaciones. Esta forma de tratamiento debe ser realizada \u00fanicamente por profesionales experimentados para evitar que empeoren las lesiones.<\/p>\n<p>Si bien se anima a los pacientes a continuar con la fisioterapia de forma independiente, los ajustes quiropr\u00e1cticos requieren intervenci\u00f3n profesional.<\/p>\n<h2>Qu\u00e9 trata un fisioterapeuta de accidentes automovil\u00edsticos<\/h2>\n<h3>Lesiones de la m\u00e9dula espinal y las articulaciones<\/h3>\n<p>La fisioterapia ayuda a reducir el dolor y ayuda a la recuperaci\u00f3n de personas con lesiones en la columna y las articulaciones, como hernias de disco. Un plan de terapia integral podr\u00eda incluir movilizaciones articulares, punci\u00f3n seca en puntos gatillo y movilizaci\u00f3n de tejidos blandos para reducir el dolor, mejorar la fuerza y \u200b\u200bmejorar la movilidad.<\/p>\n<h3>Esguinces y torceduras<\/h3>\n<p>Los esguinces y las torceduras son comunes incluso en accidentes menores y, sin el tratamiento adecuado, pueden ser dif\u00edciles de curar. La fisioterapia acelera la curaci\u00f3n y minimiza el dolor de estas lesiones. Los ejercicios aumentan la circulaci\u00f3n sangu\u00ednea, entregan sangre rica en ox\u00edgeno a los lugares de la lesi\u00f3n y estimulan los procesos de curaci\u00f3n naturales.<\/p>\n<h3>Trastorno asociado al latigazo cervical (WAD)<\/h3>\n<p>Esta afecci\u00f3n implica s\u00edntomas como dolores de cabeza, dolor de cuello, rigidez de hombros y dolor en las articulaciones debido a la r\u00e1pida aceleraci\u00f3n y desaceleraci\u00f3n durante un accidente. La fisioterapia mejora la capacidad del cuerpo para recuperarse del WAD, de manera similar a c\u00f3mo trata los esguinces y las torceduras.<\/p>\n<h3>Recuperaci\u00f3n de fracturas<\/h3>\n<p>Las v\u00edctimas de accidentes automovil\u00edsticos suelen sufrir fracturas. La fisioterapia para las fracturas generalmente comienza poco despu\u00e9s de la inmovilizaci\u00f3n y se concentra en fomentar la carga de peso, reducir el dolor y la hinchaz\u00f3n, mantener el rango de movimiento y prevenir la rigidez y la debilidad.<\/p>\n<h3>Trastorno posconmoci\u00f3n cerebral<\/h3>\n<p>Los accidentes suelen provocar conmociones cerebrales y requieren una fisioterapia cuidadosa. Los terapeutas ayudan a los pacientes a recuperarse sin forzar el cerebro, que necesita reposo para sanar.<\/p>\n<h3>Importancia de seguir los consejos de su terapeuta<\/h3>\n<p>Para la salud personal, es fundamental seguir las recomendaciones de su terapeuta. Este enfoque garantiza una recuperaci\u00f3n m\u00e1s r\u00e1pida, evita potencialmente procedimientos invasivos, minimiza el dolor, reduce el riesgo de enfermedades cr\u00f3nicas y mejora la movilidad y la fuerza en general.<\/p>\n<p>Seguir los consejos de su terapeuta tambi\u00e9n afecta la resoluci\u00f3n de su accidente automovil\u00edstico. Es m\u00e1s probable que las compa\u00f1\u00edas de seguros y los tribunales reconozcan su dolor y sufrimiento si est\u00e1n documentados por un fisioterapeuta autorizado. El cumplimiento de las instrucciones de la terapia fortalece su caso de compensaci\u00f3n.<\/p>\n<p>Para evitar que la terapia afecte su liquidaci\u00f3n:<\/p>\n<ul>\n<li>Asista a todas las sesiones de terapia. La asistencia constante demuestra compromiso con la recuperaci\u00f3n y fortalece su caso.<\/li>\n<li>Mantenga todos los registros de sus visitas. Los registros m\u00e9dicos sirven como prueba de sus lesiones y respaldan sus reclamaciones de compensaci\u00f3n.<\/li>\n<li>Mantenga un diario que documente sus sesiones de terapia. Tenga en cuenta su dolor, su proceso de recuperaci\u00f3n y c\u00f3mo el accidente y el tratamiento afectan sus actividades diarias.<\/li>\n<\/ul>\n<p>Con a\u00f1os de experiencia en recuperaci\u00f3n post-accidente, ayudamos a documentar su proceso de recuperaci\u00f3n. Nuestro eficaz sistema de comunicaci\u00f3n garantiza que nunca faltar\u00e1 a una cita, optimizando su terapia y respaldando sus reclamaciones de compensaci\u00f3n.<\/p>\n<h2>Columna vertebral y columna vertebral de Georgia Ortopedia: proveedor l\u00edder de fisioterapia en Tucker<\/h2>\n<p>El dolor posterior a un accidente puede persistir durante meses, afectando la movilidad, provocando dolor y comprometiendo su calidad de vida. Si se encuentra en tal situaci\u00f3n, visite Georgia Spine &amp; Ortopedia para obtener los mejores servicios de fisioterapia en <a href=\"https:\/\/www.tuckerga.gov\" target=\"_blank\" rel=\"noopener\">Tucker<\/a>. No permita que el dolor persistente provoque complicaciones. <a href=\"https:\/\/www.gaspineortho.com\/es\/contacto\/\">Cont\u00e1ctenos<\/a> hoy al [tel\u00e9fono] para programar su cita de evaluaci\u00f3n de fisioterapia. \u00a1Las visitas sin cita previa tambi\u00e9n son bienvenidas!<\/p>\n","protected":false},"excerpt":{"rendered":"<p>Un accidente automovil\u00edstico impacta significativamente la salud f\u00edsica de la v\u00edctima. La recuperaci\u00f3n de un incidente de este tipo a menudo requiere la experiencia de un fisioterapeuta cualificado. Para garantizar una recuperaci\u00f3n eficaz, es fundamental trabajar con profesionales altamente experimentados que se especialicen en el tratamiento de v\u00edctimas de accidentes. Necesita servicios de fisioterapia de [&hellip;]<\/p>\n","protected":false},"author":44,"featured_media":0,"parent":7581,"menu_order":0,"comment_status":"closed","ping_status":"closed","template":"","meta":{"_acf_changed":false,"footnotes":""},"categories":[],"tags":[],"class_list":["post-7664","page","type-page","status-publish","hentry"],"acf":[],"_links":{"self":[{"href":"https:\/\/www.gaspineortho.com\/es\/wp-json\/wp\/v2\/pages\/7664","targetHints":{"allow":["GET"]}}],"collection":[{"href":"https:\/\/www.gaspineortho.com\/es\/wp-json\/wp\/v2\/pages"}],"about":[{"href":"https:\/\/www.gaspineortho.com\/es\/wp-json\/wp\/v2\/types\/page"}],"author":[{"embeddable":true,"href":"https:\/\/www.gaspineortho.com\/es\/wp-json\/wp\/v2\/users\/44"}],"replies":[{"embeddable":true,"href":"https:\/\/www.gaspineortho.com\/es\/wp-json\/wp\/v2\/comments?post=7664"}],"version-history":[{"count":3,"href":"https:\/\/www.gaspineortho.com\/es\/wp-json\/wp\/v2\/pages\/7664\/revisions"}],"predecessor-version":[{"id":7668,"href":"https:\/\/www.gaspineortho.com\/es\/wp-json\/wp\/v2\/pages\/7664\/revisions\/7668"}],"up":[{"embeddable":true,"href":"https:\/\/www.gaspineortho.com\/es\/wp-json\/wp\/v2\/pages\/7581"}],"wp:attachment":[{"href":"https:\/\/www.gaspineortho.com\/es\/wp-json\/wp\/v2\/media?parent=7664"}],"wp:term":[{"taxonomy":"category","embeddable":true,"href":"https:\/\/www.gaspineortho.com\/es\/wp-json\/wp\/v2\/categories?post=7664"},{"taxonomy":"post_tag","embeddable":true,"href":"https:\/\/www.gaspineortho.com\/es\/wp-json\/wp\/v2\/tags?post=7664"}],"curies":[{"name":"wp","href":"https:\/\/api.w.org\/{rel}","templated":true}]}}