{"id":7656,"date":"2024-05-16T08:23:13","date_gmt":"2024-05-16T13:23:13","guid":{"rendered":"https:\/\/www.gaspineortho.com\/tucker\/pain-management\/"},"modified":"2024-05-31T16:20:17","modified_gmt":"2024-05-31T21:20:17","slug":"el-manejo-del-dolor","status":"publish","type":"page","link":"https:\/\/www.gaspineortho.com\/es\/tucker\/el-manejo-del-dolor\/","title":{"rendered":"Manejo del dolor de Tucker"},"content":{"rendered":"<p>El dolor puede ser frustrante, especialmente cuando interfiere con el trabajo, el sue\u00f1o y otras actividades como interactuar con amigos y familiares. Columna vertebral de Georgia y El enfoque Tucker Pain Management de Orthopaedics trata diferentes dolores corporales para ayudar a los pacientes a disfrutar de la vida.<\/p>\n<p>En Georgia Spine &amp; Ortopedia (GSO), nuestros servicios de manejo del dolor <a href=\"https:\/\/www.tuckerga.gov\/\" target=\"_blank\" rel=\"noopener\">Tucker<\/a> est\u00e1n dise\u00f1ados para abordar las diversas necesidades de nuestros pacientes. Nos especializamos en t\u00e9cnicas de manejo del dolor que son avanzadas y m\u00ednimamente invasivas. Nuestro enfoque hol\u00edstico incluye inyecciones dirigidas, <a href=\"https:\/\/www.gaspineortho.com\/es\/tucker\/fisioterapia\/\">fisioterapia<\/a> y tratamientos ortop\u00e9dicos y neurol\u00f3gicos de \u00faltima generaci\u00f3n para aligerar el dolor. Combinando estos m\u00e9todos, pretendemos ayudarle a recuperar la funcionalidad y mejorar su calidad de vida.<\/p>\n<p>Nuestro equipo domina tanto el ingl\u00e9s como el espa\u00f1ol, lo que garantiza una comunicaci\u00f3n efectiva con una base diversa de pacientes. Ya sea que su dolor se deba a una colisi\u00f3n automovil\u00edstica o a una lesi\u00f3n relacionada con el trabajo, nuestro personal compasivo y multiling\u00fce est\u00e1 aqu\u00ed para brindarle la atenci\u00f3n especializada que necesita. En la OSG encarnamos nuestro esp\u00edritu: \u00abLa habilidad para sanar, el coraz\u00f3n para cuidar\u00bb.<\/p>\n<h2>Prevalencia del dolor cr\u00f3nico<\/h2>\n<p>El dolor cr\u00f3nico afecta a casi 100 millones de estadounidenses, lo que lo convierte en un problema generalizado. Este tipo de dolor no s\u00f3lo disminuye los niveles de energ\u00eda sino que tambi\u00e9n dificulta significativamente el disfrute general de la vida. En Georgia Spine &amp; Ortopedia (GSO), nuestros servicios de Manejo del Dolor de Tucker est\u00e1n dise\u00f1ados para abordar este problema generalizado. Empleamos tratamientos ortop\u00e9dicos y neurol\u00f3gicos avanzados para controlar y aliviar el dolor cr\u00f3nico.<\/p>\n<p>Ya sea que surja de colisiones automovil\u00edsticas, lesiones relacionadas con el trabajo u otras causas, el dolor cr\u00f3nico afecta las actividades cotidianas y el bienestar emocional. El enfoque hol\u00edstico de GSO garantiza que los pacientes reciban una atenci\u00f3n integral, dirigida tanto a los aspectos f\u00edsicos como emocionales del dolor cr\u00f3nico. Bajo la direcci\u00f3n de nuestro equipo experimentado, incluido el Dr. Laviel Fern\u00e1ndez, nos esforzamos por restaurar la funcionalidad y mejorar la calidad de vida de nuestros pacientes en el \u00e1rea metropolitana de Atlanta.<br \/>\n<img fetchpriority=\"high\" decoding=\"async\" class=\"alignnone size-full wp-image-6743\" src=\"https:\/\/www.gaspineortho.com\/wp-content\/uploads\/2024\/05\/chronic-pain-pain-management.jpg\" alt=\"Chronic pain - pain management\" width=\"500\" height=\"334\" srcset=\"https:\/\/www.gaspineortho.com\/wp-content\/uploads\/2024\/05\/chronic-pain-pain-management.jpg 500w, https:\/\/www.gaspineortho.com\/wp-content\/uploads\/2024\/05\/chronic-pain-pain-management-300x200.jpg 300w, https:\/\/www.gaspineortho.com\/wp-content\/uploads\/2024\/05\/chronic-pain-pain-management-18x12.jpg 18w\" sizes=\"(max-width: 500px) 100vw, 500px\" \/><\/p>\n<h2>\u00bfQu\u00e9 es el manejo del dolor?<\/h2>\n<p>El manejo del dolor es la pr\u00e1ctica de utilizar diversas t\u00e9cnicas y tratamientos para diagnosticar y aliviar el dolor causado por lesiones, enfermedades y otras afecciones. En Georgia Spine &amp; Ortopedia, nuestro enfoque de Manejo del Dolor de Tucker se enfoca en brindar atenci\u00f3n integral para abordar las causas fundamentales del dolor, ayudando a los pacientes a recuperar su calidad de vida. Empleamos m\u00e9todos de \u00faltima generaci\u00f3n, incluidos tratamientos no farmacol\u00f3gicos como inyecciones dirigidas y terapias ortop\u00e9dicas y neurol\u00f3gicas avanzadas.<\/p>\n<p>En casos raros, se utilizan medicamentos para aliviar el dolor. Al integrar el manejo del dolor con la ortopedia y la neurolog\u00eda, GSO garantiza un enfoque hol\u00edstico para el tratamiento del dolor, ya sea que se origine por colisiones automovil\u00edsticas o lesiones relacionadas con el trabajo. Nuestro objetivo es brindar atenci\u00f3n eficaz y compasiva, que permita a los pacientes reanudar sus actividades diarias sin dolor.<\/p>\n<h2>Tipos de dolor<\/h2>\n<h3>Dolor agudo<\/h3>\n<p>Dolor agudo causado por lesiones como quemaduras, fracturas y espasmos musculares. Tratado desde la ra\u00edz.<\/p>\n<h3>Dolor cr\u00f3nico<\/h3>\n<p>Dura m\u00e1s de seis meses. Resultado de enfermedades o lesiones no tratadas.<\/p>\n<h3>Dolor nociceptivo<\/h3>\n<p>Causado por tirones musculares, huesos rotos o golpes en la cabeza. Puede ser visceral (\u00f3rganos internos) o som\u00e1tico (sistema musculoesquel\u00e9tico).<\/p>\n<h3>Dolor neurop\u00e1tico<\/h3>\n<p>Afecta los nervios debido a complicaciones del sistema nervioso. Puede resultar de enfermedades como el VIH, la diabetes y la esclerosis m\u00faltiple.<\/p>\n<h2>Causas del dolor<\/h2>\n<p>En Georgia Spine &amp; En ortopedia, entendemos que el dolor puede provenir de diversas fuentes. Una causa com\u00fan son los accidentes de tr\u00e1fico, que provocan m\u00e1s de tres millones de lesiones al a\u00f1o y con frecuencia provocan dolor cr\u00f3nico. Estas lesiones a menudo involucran condiciones complejas de la columna y ortop\u00e9dicas que nuestro equipo de Tucker Pain Management aborda de manera experta.<\/p>\n<p>Otra causa importante es la estimulaci\u00f3n, donde las lesiones tisulares activan los receptores del dolor, lo que provoca un malestar agudo. Nuestro enfoque hol\u00edstico garantiza que estos dolores se manejen de manera efectiva con t\u00e9cnicas espec\u00edficas de alivio del dolor.<\/p>\n<p>La disfunci\u00f3n en el cerebro y la columna puede causar dolor neurop\u00e1tico, a menudo como resultado de afecciones como la esclerosis m\u00faltiple o la diabetes. Nuestros tratamientos neurol\u00f3gicos avanzados est\u00e1n dise\u00f1ados para aliviar este tipo de dolor abordando el da\u00f1o nervioso subyacente.<\/p>\n<p>Por \u00faltimo, factores psicol\u00f3gicos como la depresi\u00f3n pueden influir significativamente en la percepci\u00f3n del dolor. Al incorporar un enfoque multidisciplinario que incluye apoyo psicol\u00f3gico, nuestro objetivo es brindar un manejo integral del dolor a nuestros pacientes.<\/p>\n<h2>\u00bfQu\u00e9 hace un m\u00e9dico especialista en dolor?<\/h2>\n<p>Un m\u00e9dico especialista en dolor desempe\u00f1a un papel crucial en la mejora de la calidad de vida de los pacientes que padecen dolor agudo, cr\u00f3nico, nociceptivo y neurop\u00e1tico. En Georgia Spine &amp; Ortopedia, nuestros especialistas utilizan habilidades de \u00faltima generaci\u00f3n para diagnosticar y tratar diversos tipos de dolor. Emplean un enfoque hol\u00edstico, combinando t\u00e9cnicas de ortopedia, neurolog\u00eda y manejo del dolor para abordar los factores f\u00edsicos y emocionales que contribuyen al dolor.<\/p>\n<p>Al personalizar los planes de tratamiento, incluidas las inyecciones y terapias avanzadas, nuestros m\u00e9dicos garantizan que cada paciente reciba un alivio espec\u00edfico adaptado a sus necesidades espec\u00edficas. Ya sea recuper\u00e1ndose de colisiones automovil\u00edsticas o manejando lesiones relacionadas con el trabajo, nuestro equipo est\u00e1 dedicado a restaurar la funcionalidad y mejorar el bienestar general.<\/p>\n<p>Con la experiencia de profesionales como el Dr. Laviel Fern\u00e1ndez, que domina tanto el ingl\u00e9s como el espa\u00f1ol, Georgia Spine &amp; La ortopedia brinda atenci\u00f3n accesible y compasiva en toda el \u00e1rea metropolitana de Atlanta.<\/p>\n<h2>Signos de necesidad de intervenci\u00f3n contra el dolor<\/h2>\n<h3>Dolor constante<\/h3>\n<p>Experimentar un dolor persistente que no desaparece justifica buscar experiencia m\u00e9dica. Columna vertebral de Georgia y Tucker Pain Management de Orthopaedics se especializa en diagnosticar y tratar el dolor continuo, garantizando que los pacientes encuentren alivio y recuperen su calidad de vida.<\/p>\n<h3>Dolor agudo en expansi\u00f3n<\/h3>\n<p>Cuando el dolor agudo se expande y empeora progresivamente, es crucial intervenir temprano. GSO emplea t\u00e9cnicas avanzadas para identificar la fuente del dolor e implementar tratamientos efectivos, previniendo mayores complicaciones.<\/p>\n<h3>Dolor perturbador<\/h3>\n<p>El dolor que altera su rutina diaria, ya sea que interfiera con el trabajo, el sue\u00f1o o las interacciones sociales, requiere intervenci\u00f3n profesional. El enfoque integral de GSO incluye medicaci\u00f3n, fisioterapia y otras intervenciones adaptadas a las necesidades de cada paciente.<\/p>\n<h3>Incapacidad para dormir<\/h3>\n<p>Si el dolor provoca insomnio, es hora de buscar ayuda. Columna vertebral de Georgia y La ortopedia ofrece tratamientos especializados para abordar el dolor que afecta el sue\u00f1o, ayudando a los pacientes a descansar mejor y rejuvenecer.<\/p>\n<p><img decoding=\"async\" class=\"alignnone size-full wp-image-6753\" src=\"https:\/\/www.gaspineortho.com\/wp-content\/uploads\/2024\/05\/Inability-to-sleep-pain-management.jpg\" alt=\"inability to sleep - pain management\" width=\"500\" height=\"334\" srcset=\"https:\/\/www.gaspineortho.com\/wp-content\/uploads\/2024\/05\/Inability-to-sleep-pain-management.jpg 500w, https:\/\/www.gaspineortho.com\/wp-content\/uploads\/2024\/05\/Inability-to-sleep-pain-management-300x200.jpg 300w, https:\/\/www.gaspineortho.com\/wp-content\/uploads\/2024\/05\/Inability-to-sleep-pain-management-18x12.jpg 18w\" sizes=\"(max-width: 500px) 100vw, 500px\" \/><\/p>\n<h2>Restaura tu vida: act\u00faa hoy contra el dolor<\/h2>\n<p>El dolor puede alterar significativamente su vida, interfiriendo con el trabajo, el sue\u00f1o y su capacidad para disfrutar de las interacciones con amigos y familiares. En Georgia Spine &amp; Ortopedia (GSO), entendemos el profundo impacto que el dolor puede tener en sus actividades diarias y en su felicidad general. Nuestros servicios de Manejo del Dolor de Tucker est\u00e1n meticulosamente dise\u00f1ados para tratar diferentes tipos de dolores corporales, ya sean agudos o cr\u00f3nicos, ayud\u00e1ndolo a recuperar la alegr\u00eda de vivir.<\/p>\n<p>Nuestro equipo se dedica a utilizar t\u00e9cnicas avanzadas de manejo del dolor m\u00ednimamente invasivas, que incluyen inyecciones dirigidas, fisioterapia y tratamientos ortop\u00e9dicos y neurol\u00f3gicos de vanguardia. Estos m\u00e9todos se combinan no s\u00f3lo para aliviar el dolor sino tambi\u00e9n para abordar sus causas fundamentales, garantizando un alivio a largo plazo. Con nuestro personal multiling\u00fce, competente tanto en ingl\u00e9s como en espa\u00f1ol, garantizamos una comunicaci\u00f3n efectiva y una atenci\u00f3n personalizada adaptada a sus necesidades espec\u00edficas.<\/p>\n<p>No dejes que el dolor controle tu vida. Si tiene dolor persistente, ya sea por colisiones automovil\u00edsticas, lesiones laborales u otras causas, es hora de buscar atenci\u00f3n experta. <a href=\"https:\/\/www.gaspineortho.com\/es\/contacto\/\">Contacta con Georgia Spine &amp; Ortopedia<\/a> hoy al [tel\u00e9fono] para programar una cita. Perm\u00edtanos ayudarlo a restaurar la funcionalidad y mejorar su calidad de vida con nuestro enfoque compasivo y hol\u00edstico. Recuerde, en la OSG, \u00abLa habilidad para sanar, el coraz\u00f3n para cuidar\u00bb no es s\u00f3lo nuestro lema: es un compromiso con su salud y bienestar.<\/p>\n","protected":false},"excerpt":{"rendered":"<p>El dolor puede ser frustrante, especialmente cuando interfiere con el trabajo, el sue\u00f1o y otras actividades como interactuar con amigos y familiares. Columna vertebral de Georgia y El enfoque Tucker Pain Management de Orthopaedics trata diferentes dolores corporales para ayudar a los pacientes a disfrutar de la vida. En Georgia Spine &amp; Ortopedia (GSO), nuestros [&hellip;]<\/p>\n","protected":false},"author":25,"featured_media":0,"parent":7581,"menu_order":0,"comment_status":"closed","ping_status":"closed","template":"","meta":{"_acf_changed":false,"footnotes":""},"categories":[],"tags":[],"class_list":["post-7656","page","type-page","status-publish","hentry"],"acf":[],"_links":{"self":[{"href":"https:\/\/www.gaspineortho.com\/es\/wp-json\/wp\/v2\/pages\/7656","targetHints":{"allow":["GET"]}}],"collection":[{"href":"https:\/\/www.gaspineortho.com\/es\/wp-json\/wp\/v2\/pages"}],"about":[{"href":"https:\/\/www.gaspineortho.com\/es\/wp-json\/wp\/v2\/types\/page"}],"author":[{"embeddable":true,"href":"https:\/\/www.gaspineortho.com\/es\/wp-json\/wp\/v2\/users\/25"}],"replies":[{"embeddable":true,"href":"https:\/\/www.gaspineortho.com\/es\/wp-json\/wp\/v2\/comments?post=7656"}],"version-history":[{"count":4,"href":"https:\/\/www.gaspineortho.com\/es\/wp-json\/wp\/v2\/pages\/7656\/revisions"}],"predecessor-version":[{"id":7669,"href":"https:\/\/www.gaspineortho.com\/es\/wp-json\/wp\/v2\/pages\/7656\/revisions\/7669"}],"up":[{"embeddable":true,"href":"https:\/\/www.gaspineortho.com\/es\/wp-json\/wp\/v2\/pages\/7581"}],"wp:attachment":[{"href":"https:\/\/www.gaspineortho.com\/es\/wp-json\/wp\/v2\/media?parent=7656"}],"wp:term":[{"taxonomy":"category","embeddable":true,"href":"https:\/\/www.gaspineortho.com\/es\/wp-json\/wp\/v2\/categories?post=7656"},{"taxonomy":"post_tag","embeddable":true,"href":"https:\/\/www.gaspineortho.com\/es\/wp-json\/wp\/v2\/tags?post=7656"}],"curies":[{"name":"wp","href":"https:\/\/api.w.org\/{rel}","templated":true}]}}