{"id":7647,"date":"2024-05-16T11:50:11","date_gmt":"2024-05-16T16:50:11","guid":{"rendered":"https:\/\/www.gaspineortho.com\/stockbridge\/orthopedic-surgery\/"},"modified":"2024-05-31T16:06:57","modified_gmt":"2024-05-31T21:06:57","slug":"cirugia-ortopedica","status":"publish","type":"page","link":"https:\/\/www.gaspineortho.com\/es\/stockbridge\/cirugia-ortopedica\/","title":{"rendered":"Cirug\u00eda Ortop\u00e9dica Stockbridge"},"content":{"rendered":"<p>Ya sea que sea un corredor activo en Panola Mountain State Park, un padre que juega en Clark Community Park o un profesional ocupado que viaja al trabajo, el dolor persistente no deber\u00eda detenerlo. Aqu\u00ed es donde un especialista en cirug\u00eda ortop\u00e9dica de Stockbridge puede marcar la diferencia.<\/p>\n<p>Vivir con dolor afecta su salud f\u00edsica y su calidad de vida. Entendemos el ritmo de vida en Stockbridge y nos comprometemos a ayudarlo a recuperarlo. Nuestros especialistas en ortopedia en Stockbridge son una parte integral de esta comunidad.<\/p>\n<p>Perm\u00edtanos acompa\u00f1arle en su viaje hacia una existencia sin dolor. Con t\u00e9cnicas avanzadas y atenci\u00f3n personalizada, nuestro objetivo es restaurar su movilidad, reavivar sus pasiones y ayudarlo a disfrutar de todo lo que ofrece Stockbridge.<\/p>\n<section><\/section>\n<section>No dejes que el dolor te robe la alegr\u00eda. P\u00f3ngase en contacto con Georgia Spine &amp; Ortopedia al [tel\u00e9fono]. Le ayudaremos a comenzar un nuevo cap\u00edtulo, uno en el que el dolor sea un recuerdo y una vida activa sea su realidad.<br \/>\n<\/section>\n<h2>\u00bfQu\u00e9 tratan los m\u00e9dicos ortop\u00e9dicos?<\/h2>\n<p><img fetchpriority=\"high\" decoding=\"async\" class=\"alignnone wp-image-4404\" src=\"https:\/\/www.gaspineortho.com\/wp-content\/uploads\/2024\/05\/services-orthopedics-copy.webp\" alt=\"Orthopedic doctor shows a patient an x-ray of his shoulder in preparation of orthopedic surgery\" width=\"500\" height=\"333\" srcset=\"https:\/\/www.gaspineortho.com\/wp-content\/uploads\/2024\/05\/services-orthopedics-copy.webp 600w, https:\/\/www.gaspineortho.com\/wp-content\/uploads\/2024\/05\/services-orthopedics-copy-300x200.webp 300w\" sizes=\"(max-width: 500px) 100vw, 500px\" \/><\/p>\n<p>Su sistema musculoesquel\u00e9tico es vital para cada movimiento. Desde escribir a escribir hasta trotar, este complejo sistema de huesos, articulaciones, m\u00fasculos, tendones y ligamentos le permite moverse, trabajar y disfrutar de la vida. En Georgia Spine &amp; Ortopedia, nos dedicamos a mantener y restaurar este sistema a su mejor condici\u00f3n.<\/p>\n<p>Ya sea que usted est\u00e9 sufriendo un dolor de hombro debido a los deportes de fin de semana, un anciano con dolor de rodilla o un trabajador con dolor de espalda cr\u00f3nico, sabemos c\u00f3mo estos problemas afectan su vida diaria. Nuestros expertos en ortopedia est\u00e1n altamente capacitados en el diagn\u00f3stico y tratamiento de diversas afecciones musculoesquel\u00e9ticas. Encontramos la causa ra\u00edz de su dolor y brindamos soluciones innovadoras y personalizadas.<\/p>\n<p>&lt;secci\u00f3n&gt;<\/p>\n<h2>Condiciones comunes que tratamos<\/h2>\n<p>Fracturas, esguinces y Las distensiones, la artritis, el dolor de espalda y cuello, las lesiones deportivas, los reemplazos de articulaciones y el da\u00f1o del cart\u00edlago son problemas comunes que abordamos.<\/p>\n<p>&lt;\/secci\u00f3n&gt;&lt;secci\u00f3n&gt;<\/p>\n<h2>\u00bfPor qu\u00e9 consultar a un especialista en cirug\u00eda ortop\u00e9dica de Stockbridge?<\/h2>\n<p>Ignorar el dolor o la rigidez persistentes es como intentar silenciar una alarma de humo con una almohada: puede amortiguar el sonido temporalmente, pero el problema persiste. Su cuerpo se\u00f1ala un problema y es aconsejable escucharlo. Aqu\u00ed es donde un m\u00e9dico ortop\u00e9dico puede ayudar. Entendemos la complejidad del sistema musculoesquel\u00e9tico e incluso los problemas menores pueden agravarse si se ignoran.<\/p>\n<p>As\u00ed es como podemos ayudarte a mejorar tu movimiento:<\/p>\n<ul>\n<li><strong>Comprensi\u00f3n de su dolor:<\/strong> Nos tomamos el tiempo para escuchar su historia y comprender c\u00f3mo su dolor afecta su vida. A trav\u00e9s de evaluaciones exhaustivas e im\u00e1genes avanzadas, identificamos la verdadera causa de su malestar, no solo los s\u00edntomas.<\/li>\n<li><strong>Planes de tratamiento personalizados:<\/strong> Cada individuo y su camino hacia la curaci\u00f3n es diferente. Trabajamos contigo para crear un plan adaptado a tu estilo de vida y objetivos. Ya sea que se trate de <a href=\"https:\/\/www.gaspineortho.com\/es\/stockbridge\/fisiterapia\/\">fisioterapia<\/a> dirigida, terapias regenerativas, procedimientos m\u00ednimamente invasivos o cirug\u00eda precisa, lo guiamos hacia el la mejor soluci\u00f3n para su caso.<\/li>\n<li><strong>Manejo integral del dolor:<\/strong> El dolor cr\u00f3nico afecta todos los aspectos de su vida. Estamos comprometidos a ayudarlo a recuperar la alegr\u00eda y la libertad mediante un enfoque multifac\u00e9tico para el manejo del dolor, que incluye medicamentos, fisioterapia, inyecciones y bloqueos nerviosos.<\/li>\n<li><strong>Restaurar la movilidad:<\/strong> Ya sea que te gusten las caminatas de fin de semana o necesites mantenerte al d\u00eda con las exigencias diarias, nuestro objetivo es ayudarte a moverte con comodidad y confianza. Abordamos problemas subyacentes, fortalecemos las debilidades y mejoramos la resiliencia de su cuerpo, permiti\u00e9ndole mantener un estilo de vida activo.<\/li>\n<li><strong>Protecci\u00f3n de la salud futura:<\/strong> Proporcionamos el conocimiento y las herramientas para mantener su salud musculoesquel\u00e9tica a largo plazo. A trav\u00e9s de t\u00e9cnicas de movimiento adecuadas, ejercicios espec\u00edficos y opciones de estilo de vida saludables, promovemos una salud duradera de las articulaciones y la columna.<\/li>\n<\/ul>\n<p>Comience hoy su viaje hacia una vida activa y sin dolor. Cont\u00e1ctenos y deje que los expertos en ortopedia de Georgia Spine &amp; La ortopedia sea su socio de confianza en la salud y la curaci\u00f3n.<\/p>\n<section>\n<h2>Columna vertebral com\u00fan y Problemas articulares<\/h2>\n<p><img decoding=\"async\" class=\"alignnone wp-image-3324\" src=\"https:\/\/www.gaspineortho.com\/wp-content\/uploads\/2024\/05\/shutterstock_2264264459-copy.webp\" alt=\"Doctor points to a miniature spine model to show what the orthopedic surgery will correct\" width=\"500\" height=\"297\" srcset=\"https:\/\/www.gaspineortho.com\/wp-content\/uploads\/2024\/05\/shutterstock_2264264459-copy.webp 1000w, https:\/\/www.gaspineortho.com\/wp-content\/uploads\/2024\/05\/shutterstock_2264264459-copy-300x178.webp 300w, https:\/\/www.gaspineortho.com\/wp-content\/uploads\/2024\/05\/shutterstock_2264264459-copy-768x455.webp 768w\" sizes=\"(max-width: 500px) 100vw, 500px\" \/><\/p>\n<p>Tu columna y tus articulaciones son esenciales para cada movimiento que realices. Pero cuando no funcionan bien, los efectos pueden ser de gran alcance. Nos especializamos en comprender y tratar condiciones complejas dentro de estas estructuras.<\/p>\n<p>Problemas comunes que abordamos:<\/p>\n<ul>\n<li>Hernias de disco<\/li>\n<li>Estenosis espinal<\/li>\n<li>Enfermedad degenerativa del disco<\/li>\n<li>Osteoartritis<\/li>\n<li>Artritis reumatoide<\/li>\n<li>Tendinitis<\/li>\n<li><a href=\"https:\/\/www.webmd.com\/arthritis\/olecranon-bursitis\" target=\"_blank\" rel=\"noopener\">Bursitis<\/a><\/li>\n<\/ul>\n<p>Si siente molestias o limitaciones en la espalda, el cuello o las articulaciones, busque ayuda. Nuestros especialistas en ortopedia se dedican a identificar la ra\u00edz de su problema y brindarle atenci\u00f3n personalizada para ayudarlo a vivir la vida al m\u00e1ximo.<\/p>\n<\/section>\n<section>\n<h2>Tratamiento de la columna y la columna vertebral Condiciones conjuntas<\/h2>\n<p>Nuestro enfoque integral de curaci\u00f3n prioriza los m\u00e9todos no invasivos siempre que sea posible. Las opciones de tratamiento incluyen:<\/p>\n<ul>\n<li><strong>Fisioterapia:<\/strong> programas de ejercicios personalizados y t\u00e9cnicas manuales para mejorar la fuerza, la flexibilidad y el rango de movimiento.<\/li>\n<li><strong>Medicamentos:<\/strong> medicamentos antiinflamatorios, analg\u00e9sicos y m\u00e1s para controlar los s\u00edntomas y ayudar a la curaci\u00f3n.<\/li>\n<li><strong>Inyecciones:<\/strong> inyecciones dirigidas de corticosteroides u otras sustancias para reducir la inflamaci\u00f3n y el dolor.<\/li>\n<li><strong>Medicina regenerativa:<\/strong> terapias como plasma rico en plaquetas (PRP) e inyecciones de c\u00e9lulas madre que estimulan los procesos de curaci\u00f3n naturales.<\/li>\n<\/ul>\n<p>Si los tratamientos conservadores no son suficientes, nuestros cirujanos est\u00e1n capacitados en procedimientos avanzados, incluidas t\u00e9cnicas m\u00ednimamente invasivas para una recuperaci\u00f3n m\u00e1s r\u00e1pida y menos dolor. Discutiremos sus opciones y lo ayudaremos a elegir el camino correcto.<\/p>\n<\/section>\n<section>\n<h2>Quiropr\u00e1ctico versus m\u00e9dico ortop\u00e9dico<\/h2>\n<p>Tanto los <a href=\"https:\/\/www.gaspineortho.com\/es\/stockbridge\/quiropractico\/\">quiropr\u00e1cticos<\/a> como los m\u00e9dicos ortop\u00e9dicos se ocupan de cuestiones musculoesquel\u00e9ticas, pero su formaci\u00f3n, enfoque y alcance de pr\u00e1ctica difieren significativamente:<\/p>\n<ul>\n<li><strong>Capacitaci\u00f3n:<\/strong> Los m\u00e9dicos ortop\u00e9dicos son m\u00e9dicos (MD o DO) con amplia capacitaci\u00f3n en el diagn\u00f3stico y tratamiento de afecciones musculoesquel\u00e9ticas, incluida la cirug\u00eda. Los quiropr\u00e1cticos tienen un t\u00edtulo de Doctor en Quiropr\u00e1ctica (DC) y se centran principalmente en ajustes manuales de la columna.<\/li>\n<li><strong>Enfoque:<\/strong> Los m\u00e9dicos ortop\u00e9dicos ofrecen un enfoque amplio, que incluye medicamentos, fisioterapia, inyecciones y cirug\u00eda. Los quiropr\u00e1cticos se centran en la manipulaci\u00f3n de la columna y tambi\u00e9n pueden brindar consejos sobre estilo de vida y nutrici\u00f3n.<\/li>\n<li><strong>\u00c1mbito de pr\u00e1ctica:<\/strong> Los m\u00e9dicos ortop\u00e9dicos tratan una amplia gama de afecciones, incluidas fracturas, artritis, lesiones deportivas y problemas complejos de la columna. Los quiropr\u00e1cticos suelen tratar problemas relacionados con la columna y los nervios.<\/li>\n<\/ul>\n<p>Si no est\u00e1 seguro de qu\u00e9 m\u00e9dico le conviene, estaremos encantados de analizar sus opciones. Nuestro objetivo es ayudarle a encontrar la atenci\u00f3n adecuada a sus necesidades.<\/p>\n<\/section>\n<section>\n<h2>Consiga el mejor equipo de cirug\u00eda ortop\u00e9dica en Stockbridge<\/h2>\n<p><img decoding=\"async\" class=\"alignnone size-full wp-image-3286\" src=\"https:\/\/www.gaspineortho.com\/wp-content\/uploads\/2020\/12\/ga-spine-ortho-docs-e1715801958933.webp\" alt=\"The Team of Georgia Spine &amp; Orthopaedics\" width=\"500\" height=\"273\" \/><\/p>\n<p>Entendemos que lidiar con el dolor y las lesiones es un desaf\u00edo. Es por eso que ofrecemos m\u00e1s que experiencia m\u00e9dica: brindamos un o\u00eddo atento, un equipo de apoyo y un plan personalizado adaptado a sus necesidades. Llame a Georgia Spine &amp; Ortopedia al [tel\u00e9fono] y experimente c\u00f3mo la atenci\u00f3n ortop\u00e9dica compasiva puede transformar su recuperaci\u00f3n.<\/p>\n<\/section>\n<\/section>\n","protected":false},"excerpt":{"rendered":"<p>Ya sea que sea un corredor activo en Panola Mountain State Park, un padre que juega en Clark Community Park o un profesional ocupado que viaja al trabajo, el dolor persistente no deber\u00eda detenerlo. Aqu\u00ed es donde un especialista en cirug\u00eda ortop\u00e9dica de Stockbridge puede marcar la diferencia. Vivir con dolor afecta su salud f\u00edsica [&hellip;]<\/p>\n","protected":false},"author":44,"featured_media":0,"parent":7603,"menu_order":0,"comment_status":"closed","ping_status":"closed","template":"","meta":{"_acf_changed":false,"footnotes":""},"categories":[],"tags":[],"class_list":["post-7647","page","type-page","status-publish","hentry"],"acf":[],"_links":{"self":[{"href":"https:\/\/www.gaspineortho.com\/es\/wp-json\/wp\/v2\/pages\/7647","targetHints":{"allow":["GET"]}}],"collection":[{"href":"https:\/\/www.gaspineortho.com\/es\/wp-json\/wp\/v2\/pages"}],"about":[{"href":"https:\/\/www.gaspineortho.com\/es\/wp-json\/wp\/v2\/types\/page"}],"author":[{"embeddable":true,"href":"https:\/\/www.gaspineortho.com\/es\/wp-json\/wp\/v2\/users\/44"}],"replies":[{"embeddable":true,"href":"https:\/\/www.gaspineortho.com\/es\/wp-json\/wp\/v2\/comments?post=7647"}],"version-history":[{"count":4,"href":"https:\/\/www.gaspineortho.com\/es\/wp-json\/wp\/v2\/pages\/7647\/revisions"}],"predecessor-version":[{"id":7653,"href":"https:\/\/www.gaspineortho.com\/es\/wp-json\/wp\/v2\/pages\/7647\/revisions\/7653"}],"up":[{"embeddable":true,"href":"https:\/\/www.gaspineortho.com\/es\/wp-json\/wp\/v2\/pages\/7603"}],"wp:attachment":[{"href":"https:\/\/www.gaspineortho.com\/es\/wp-json\/wp\/v2\/media?parent=7647"}],"wp:term":[{"taxonomy":"category","embeddable":true,"href":"https:\/\/www.gaspineortho.com\/es\/wp-json\/wp\/v2\/categories?post=7647"},{"taxonomy":"post_tag","embeddable":true,"href":"https:\/\/www.gaspineortho.com\/es\/wp-json\/wp\/v2\/tags?post=7647"}],"curies":[{"name":"wp","href":"https:\/\/api.w.org\/{rel}","templated":true}]}}