{"id":7618,"date":"2024-05-16T11:51:18","date_gmt":"2024-05-16T16:51:18","guid":{"rendered":"https:\/\/www.gaspineortho.com\/stockbridge\/pain-management\/"},"modified":"2024-05-31T15:37:22","modified_gmt":"2024-05-31T20:37:22","slug":"el-manejo-del-dolor","status":"publish","type":"page","link":"https:\/\/www.gaspineortho.com\/es\/stockbridge\/el-manejo-del-dolor\/","title":{"rendered":"Manejo del dolor en Stockbridge"},"content":{"rendered":"<h2>Manejo del dolor Stockbridge, Georgia, Estados Unidos<\/h2>\n<p><img fetchpriority=\"high\" decoding=\"async\" class=\"alignnone wp-image-5591 size-full\" src=\"https:\/\/www.gaspineortho.com\/wp-content\/uploads\/2024\/05\/pain-management.jpg\" alt=\"Pain management specialist consulting with a patient at Georgia Spine &amp; Orthopaedics in Stockbridge.\" width=\"500\" height=\"334\" srcset=\"https:\/\/www.gaspineortho.com\/wp-content\/uploads\/2024\/05\/pain-management.jpg 500w, https:\/\/www.gaspineortho.com\/wp-content\/uploads\/2024\/05\/pain-management-300x200.jpg 300w\" sizes=\"(max-width: 500px) 100vw, 500px\" \/><\/p>\n<p>Experimentar dolor puede ser incre\u00edblemente frustrante, especialmente cuando interrumpe actividades diarias como el trabajo, el sue\u00f1o y las relaciones. En Georgia Spine &amp; Ortopedia en Stockbridge, nuestro enfoque de manejo del dolor ayuda a los pacientes a aliviar varios tipos de dolor para disfrutar de una mejor calidad de vida.<\/p>\n<p>El dolor afecta a casi 100 millones de estadounidenses, seg\u00fan The National Academies Press. Vivir con dolor cr\u00f3nico afecta los niveles de energ\u00eda y el bienestar general. Si tiene dolor persistente, programar una sesi\u00f3n con nuestros especialistas en manejo del dolor en Stockbridge puede cambiar las reglas del juego. Nuestro equipo comprende su lucha y est\u00e1 listo para ofrecerle un tratamiento profesional.<\/p>\n<h2>\u00bfQu\u00e9 es el manejo del dolor?<\/h2>\n<p>El dolor suele ser un s\u00edntoma de determinadas lesiones, enfermedades o afecciones. Nuestro plan Stockbridge Pain Management integra varias t\u00e9cnicas y tratamientos para diagnosticar y abordar la causa ra\u00edz del dolor. Este enfoque no s\u00f3lo proporciona alivio sino que tambi\u00e9n mejora la calidad de vida de los afectados. Utilizamos principalmente m\u00e9todos no farmacol\u00f3gicos y podemos recurrir a medicamentos en casos particulares.<\/p>\n<h2>Tipos de dolor<\/h2>\n<p>El dolor se manifiesta de diferentes formas debido a diversas complicaciones, como enfermedades y accidentes. A veces, no se conoce la causa del dolor. Los tipos de dolor que tratamos incluyen:<\/p>\n<h3>Dolor agudo<\/h3>\n<p>El dolor agudo es un dolor agudo e intenso que normalmente resulta de una lesi\u00f3n. Puede surgir de quemaduras, fracturas o espasmos musculares. Nuestros especialistas se centran en tratar la causa ra\u00edz para aliviar el dolor agudo r\u00e1pidamente.<\/p>\n<h3>Dolor cr\u00f3nico<\/h3>\n<p>El dolor cr\u00f3nico es cualquier dolor que dura m\u00e1s de seis meses. Por lo general, se debe a una lesi\u00f3n o enfermedad no tratada. En Georgia Spine &amp; En ortopedia, abordamos diversos tipos de dolor cr\u00f3nico, entre ellos la <a href=\"https:\/\/www.gaspineortho.com\/es\/lesion-de-espalda\/\" target=\"_blank\" rel=\"noopener\">lumbalgia cr\u00f3nica <\/a>.<\/p>\n<h3>Dolor nociceptivo<\/h3>\n<p>El dolor nociceptivo ocurre cuando se tira un m\u00fasculo, se rompe un hueso o sufre un golpe en la cabeza. Puede ser repentino y de corta duraci\u00f3n o duradero. Nuestros especialistas tratan estos dolores centr\u00e1ndose en fuentes viscerales (\u00f3rganos internos) o som\u00e1ticas (sistema musculoesquel\u00e9tico).<\/p>\n<h3>Dolor neurop\u00e1tico<\/h3>\n<p>El dolor neurop\u00e1tico afecta los nervios debido a complicaciones en el sistema nervioso. Tambi\u00e9n puede deberse a que los nervios env\u00edan por error se\u00f1ales de dolor sin una lesi\u00f3n real. Nuestros especialistas brindan atenci\u00f3n detallada para estos dolores, que a menudo se encuentran en pacientes con enfermedades graves como VIH, diabetes o esclerosis m\u00faltiple.<\/p>\n<h2>Causas del dolor<\/h2>\n<p>El dolor es una experiencia compleja influenciada por factores biol\u00f3gicos, psicol\u00f3gicos y sociales. Sus causas subyacentes pueden variar desde lesiones f\u00edsicas hasta problemas de salud mental. Algunas causas comunes incluyen:<\/p>\n<h3>Accidentes de carretera<\/h3>\n<p>Seg\u00fan la NHTSA, m\u00e1s de tres millones de personas resultan heridas en accidentes de tr\u00e1fico cada a\u00f1o. Estos <a href=\"https:\/\/www.gaspineortho.com\/es\/atlanta\/tratamiento-de-accidente-automovilistico\/\" target=\"_blank\" rel=\"noopener\">accidentes suelen provocar lesiones internas<\/a> y provocar dolor cr\u00f3nico. Los CDC se\u00f1alan que muchos estadounidenses pasan mucho tiempo en hospitales debido a accidentes automovil\u00edsticos.<\/p>\n<h3>Estimulaci\u00f3n de los receptores del dolor<\/h3>\n<p>La estimulaci\u00f3n de los receptores del dolor inducida por una lesi\u00f3n puede causar dolor nociceptivo, que a menudo se manifiesta como dolor agudo.<\/p>\n<h3>Disfunci\u00f3n en los nervios<\/h3>\n<p>El da\u00f1o o disfunci\u00f3n en el cerebro y la columna puede provocar dolor neurop\u00e1tico. Esto ocurre cuando los nervios se comprimen, se da\u00f1an o cuando se interrumpen los procesos de se\u00f1ales de dolor del cerebro y la columna.<\/p>\n<h3>Factores psicol\u00f3gicos<\/h3>\n<p>Los factores psicol\u00f3gicos como la depresi\u00f3n pueden influir significativamente en la forma en que las personas perciben el dolor. Si bien algunos pueden encontrar un dolor leve insoportable, otros lo toleran mejor dependiendo de sus mecanismos de afrontamiento.<br \/>\n<img decoding=\"async\" class=\"alignnone wp-image-4405 size-full\" src=\"https:\/\/www.gaspineortho.com\/wp-content\/uploads\/2024\/05\/services-pain-mgt-copy.webp\" alt=\"Stockbridge pain management center providing advanced therapeutic care.\" width=\"600\" height=\"400\" srcset=\"https:\/\/www.gaspineortho.com\/wp-content\/uploads\/2024\/05\/services-pain-mgt-copy.webp 600w, https:\/\/www.gaspineortho.com\/wp-content\/uploads\/2024\/05\/services-pain-mgt-copy-300x200.webp 300w\" sizes=\"(max-width: 600px) 100vw, 600px\" \/><\/p>\n<h2>\u00bfQu\u00e9 hace un m\u00e9dico especialista en dolor?<\/h2>\n<p>Los especialistas en el tratamiento del dolor tienen como objetivo mejorar la calidad de vida de los pacientes que padecen diversos tipos de dolor. Nuestros m\u00e9dicos de Georgia Spine &amp; La ortopedia utiliza habilidades y m\u00e9todos avanzados para diagnosticar y tratar el dolor. Creamos planes de tratamiento personalizados que abordan factores tanto f\u00edsicos como emocionales.<\/p>\n<p>Nuestros especialistas trabajan para mejorar la funci\u00f3n f\u00edsica, reducir la intensidad del dolor y mejorar el bienestar general. Utilizamos un enfoque multidisciplinario, que involucra <a href=\"https:\/\/www.gaspineortho.com\/stockbridge\/medical-injections\/\" target=\"_blank\" rel=\"noopener\">medicaci\u00f3n<\/a>, <a href=\"https:\/\/www.gaspineortho.com\/stockbridge\/physical-therapy\/\" target=\"_blank\" rel=\"noopener\">fisioterapia<\/a> y cambios en el estilo de vida. En casos espec\u00edficos, se pueden recomendar intervenciones quir\u00fargicas.<\/p>\n<h2>Se\u00f1ales de que necesita intervenci\u00f3n para el dolor<\/h2>\n<p>Vivir con dolor es debilitante y, a menudo, empeora si no se maneja adecuadamente. Considere buscar ayuda profesional de Georgia Spine &amp; Ortopedia si experimenta:<\/p>\n<h3>Dolor persistente<\/h3>\n<p>Si su dolor comienza levemente pero se vuelve intenso con el tiempo, busque experiencia m\u00e9dica para tratar la afecci\u00f3n subyacente y prevenir m\u00e1s problemas.<\/p>\n<h3>Dolor en expansi\u00f3n<\/h3>\n<p>Un dolor que se expande y se mueve por el cuerpo podr\u00eda convertirse en dolor cr\u00f3nico. La intervenci\u00f3n temprana es crucial para controlarlo antes de que empeore.<\/p>\n<h3>Dolor disruptivo<\/h3>\n<p>El dolor puede reducir la calidad de vida al cambiar sus experiencias diarias. Ofrecemos medicamentos y fisioterapia a pacientes cuyas vidas se ven perturbadas por el dolor. Tambi\u00e9n se pueden recomendar m\u00e9todos adicionales como meditaci\u00f3n, biorretroalimentaci\u00f3n, acupuntura y servicios de salud mental.<\/p>\n<h3>Incapacidad para dormir<\/h3>\n<p>El dolor a menudo provoca insomnio, lo que a su vez puede empeorar el dolor. Si le resulta dif\u00edcil dormir debido al dolor, considere buscar opciones de tratamiento especializadas.<\/p>\n<h2>Tratamientos disponibles en Georgia Spine and Orthopaedics<\/h2>\n<p>En Georgia Spine &amp; Ortopedia, ofrecemos una amplia gama de tratamientos para diagnosticar y controlar el dolor de forma eficaz. Nuestro equipo interdisciplinario colabora para ofrecer un enfoque hol\u00edstico para el manejo del dolor. Garantizamos planes de tratamiento personalizados para satisfacer las necesidades espec\u00edficas de cada paciente.<\/p>\n<h3>Intervenciones quir\u00fargicas<\/h3>\n<p>Cuando los tratamientos conservadores fallan, se pueden considerar <a href=\"https:\/\/www.gaspineortho.com\/stockbridge\/orthopedic-surgery\/\" target=\"_blank\" rel=\"noopener\">opciones quir\u00fargicas<\/a>. Estos procedimientos se planifican cuidadosamente para optimizar los resultados y mejorar la calidad de vida.<\/p>\n<h3>Terapia de inyecci\u00f3n<\/h3>\n<p>Las <a href=\"\/\/www.gaspineortho.com\/es\/stockbridge\/inyecciones-medicas\/\" target=\"_blank\" rel=\"noopener\">inyecciones m\u00e9dicas<\/a> se usan com\u00fanmente para controlar el dolor y la inflamaci\u00f3n en \u00e1reas espec\u00edficas. . Opciones como las inyecciones de corticosteroides y la viscosuplementaci\u00f3n ayudan a reducir la inflamaci\u00f3n y mejorar la funci\u00f3n de las articulaciones.<\/p>\n<h3>Gesti\u00f3n m\u00e9dica<\/h3>\n<p>Esto implica varias estrategias basadas en las necesidades individuales. Los medicamentos recetados como opioides, esteroides y antidepresivos pueden ser parte del plan de tratamiento, seg\u00fan los s\u00edntomas y la respuesta al tratamiento.<\/p>\n<h3>Terapia conductual<\/h3>\n<p>La terapia conductual est\u00e1 integrada para ayudar a los pacientes a desarrollar estrategias de afrontamiento. Este enfoque complementa otros tratamientos, ayudando a mejorar la calidad de vida.<\/p>\n<h3>Fisioterapia<\/h3>\n<p>Nuestros programas de <a href=\"https:\/\/www.gaspineortho.com\/es\/stockbridge\/fisiterapia\/\" target=\"_blank\" rel=\"noopener\">fisioterapia<\/a> tienen como objetivo mejorar la fuerza, la flexibilidad y la movilidad. . Estos programas abordan problemas musculoesquel\u00e9ticos subyacentes, promueven el bienestar y reducen la necesidad de analg\u00e9sicos o cirug\u00eda.<\/p>\n<h3>Atenci\u00f3n Integral<\/h3>\n<p>Empleamos un enfoque hol\u00edstico para el manejo del dolor, combinando diversas modalidades para abordar las necesidades \u00fanicas de los pacientes. Esta estrategia integral ayuda a lograr un alivio duradero y una mejor calidad de vida.<\/p>\n<p><img decoding=\"async\" class=\"alignnone wp-image-4188 size-full\" src=\"https:\/\/www.gaspineortho.com\/wp-content\/uploads\/2020\/12\/hp-pain-management-copy.webp\" alt=\"Patient receiving a tailored pain management plan at Stockbridge medical center.\" width=\"500\" height=\"334\" srcset=\"https:\/\/www.gaspineortho.com\/wp-content\/uploads\/2020\/12\/hp-pain-management-copy.webp 500w, https:\/\/www.gaspineortho.com\/wp-content\/uploads\/2020\/12\/hp-pain-management-copy-300x200.webp 300w\" sizes=\"(max-width: 500px) 100vw, 500px\" \/><\/p>\n<h2>Condiciones tratadas en Georgia Spine &amp; Ortopedia<\/h2>\n<p>Columna vertebral de Georgia y La ortopedia crea planes de tratamiento individualizados para controlar el dolor despu\u00e9s de las lesiones. Tambi\u00e9n nos especializamos en el tratamiento de afecciones neurol\u00f3gicas cr\u00f3nicas.<\/p>\n<ul>\n<li><strong>Lesiones ortop\u00e9dicas relacionadas con accidentes<\/strong>: las lesiones ortop\u00e9dicas posteriores a un accidente afectan significativamente la movilidad y requieren tratamientos avanzados para una recuperaci\u00f3n \u00f3ptima. Nuestros expertos se ocupan de fracturas, da\u00f1os a los tejidos blandos y otros problemas ortop\u00e9dicos.<\/li>\n<li><strong>Dolor neurop\u00e1tico<\/strong>: Nuestros especialistas controlan eficazmente el dolor neurop\u00e1tico, caracterizado por da\u00f1o a los nervios y alteraciones sensoriales. Tratamos enfermedades como el s\u00edndrome del t\u00fanel carpiano y otros problemas relacionados con los nervios de forma integral.<\/li>\n<li><strong>Manejo del dolor<\/strong>: Nos enfocamos en el manejo del dolor cr\u00f3nico, tratando afecciones como el s\u00edndrome de dolor regional complejo y la fibromialgia. Nuestras estrategias integrales ayudan a aliviar el malestar y mejorar la calidad de vida.<\/li>\n<\/ul>\n<h2>Experto en alivio del dolor de Stockbridge y Georgia Spine &amp; Ortopedia<\/h2>\n<p>En Georgia Spine &amp; Ortopedia, ofrecemos soluciones integrales para el manejo del dolor en Stockbridge. Nuestro objetivo es ayudar a los pacientes con dolor cr\u00f3nico a recuperar su calidad de vida y retomar sus actividades diarias.<\/p>\n<h3>Planes de tratamiento personalizados<\/h3>\n<p>Nuestros especialistas eval\u00faan el historial m\u00e9dico, los s\u00edntomas y los objetivos personales de cada paciente para desarrollar planes de tratamiento individualizados. Estos planes apuntan a la causa ra\u00edz del dolor para lograr un alivio eficaz.<\/p>\n<h3>Modalidades utilizadas<\/h3>\n<p>Ofrecemos una variedad de tratamientos, desde manejo de medicamentos y procedimientos intervencionistas hasta fisioterapia y terapias alternativas. Esta variedad nos permite satisfacer las necesidades espec\u00edficas de cada paciente.<\/p>\n<h3>Restaurar la calidad de vida<\/h3>\n<p>Ya sea que usted o un ser querido est\u00e9 lidiando con un dolor persistente despu\u00e9s de un accidente o padeciendo afecciones cr\u00f3nicas que interrumpen la vida diaria, estamos seguros de que podemos encontrar una soluci\u00f3n duradera. Perm\u00edtanos ayudarle a recuperar su independencia y disfrutar de una vida sin dolor.<\/p>\n<h2>Cont\u00e1ctenos para un manejo experto del dolor en Stockbridge<\/h2>\n<p><img loading=\"lazy\" decoding=\"async\" class=\"alignnone wp-image-3286 size-full\" src=\"https:\/\/www.gaspineortho.com\/wp-content\/uploads\/2020\/12\/ga-spine-ortho-docs-e1715801958933.webp\" alt=\"Equipo de manejo del dolor de Georgia Spine &amp; Orthopaedics\" width=\"500\" height=\"273\" \/><\/p>\n<p>Vivir con dolor puede afectar significativamente su calidad de vida. En <a href=\"https:\/\/www.gaspineortho.com\/stockbridge\/stockbridge-medical-clinic\/\" target=\"_blank\" rel=\"noopener\">Georgia Spine &amp; Ortopedia en Stockbridge<\/a>, ofrecemos soluciones personalizadas para el manejo del dolor para ayudarlo a superar el dolor y reanudar las actividades cotidianas. Nuestro enfoque integral, que incluye gesti\u00f3n m\u00e9dica, fisioterapia y t\u00e9cnicas avanzadas, garantiza que su plan de tratamiento se adapte a sus necesidades espec\u00edficas. Comun\u00edquese hoy para comenzar su viaje hacia una vida sin dolor.<\/p>\n<p>Ll\u00e1menos al [tel\u00e9fono] para programar una sesi\u00f3n con nuestros especialistas en manejo del dolor de Stockbridge. Nuestro equipo dedicado brinda atenci\u00f3n compasiva, tratamientos basados \u200b\u200ben evidencia y apoyo inquebrantable en cada paso del camino.<\/p>\n","protected":false},"excerpt":{"rendered":"<p>Manejo del dolor Stockbridge, Georgia, Estados Unidos Experimentar dolor puede ser incre\u00edblemente frustrante, especialmente cuando interrumpe actividades diarias como el trabajo, el sue\u00f1o y las relaciones. En Georgia Spine &amp; Ortopedia en Stockbridge, nuestro enfoque de manejo del dolor ayuda a los pacientes a aliviar varios tipos de dolor para disfrutar de una mejor calidad [&hellip;]<\/p>\n","protected":false},"author":44,"featured_media":0,"parent":7603,"menu_order":0,"comment_status":"closed","ping_status":"closed","template":"","meta":{"_acf_changed":false,"footnotes":""},"categories":[],"tags":[],"class_list":["post-7618","page","type-page","status-publish","hentry"],"acf":[],"_links":{"self":[{"href":"https:\/\/www.gaspineortho.com\/es\/wp-json\/wp\/v2\/pages\/7618","targetHints":{"allow":["GET"]}}],"collection":[{"href":"https:\/\/www.gaspineortho.com\/es\/wp-json\/wp\/v2\/pages"}],"about":[{"href":"https:\/\/www.gaspineortho.com\/es\/wp-json\/wp\/v2\/types\/page"}],"author":[{"embeddable":true,"href":"https:\/\/www.gaspineortho.com\/es\/wp-json\/wp\/v2\/users\/44"}],"replies":[{"embeddable":true,"href":"https:\/\/www.gaspineortho.com\/es\/wp-json\/wp\/v2\/comments?post=7618"}],"version-history":[{"count":3,"href":"https:\/\/www.gaspineortho.com\/es\/wp-json\/wp\/v2\/pages\/7618\/revisions"}],"predecessor-version":[{"id":7630,"href":"https:\/\/www.gaspineortho.com\/es\/wp-json\/wp\/v2\/pages\/7618\/revisions\/7630"}],"up":[{"embeddable":true,"href":"https:\/\/www.gaspineortho.com\/es\/wp-json\/wp\/v2\/pages\/7603"}],"wp:attachment":[{"href":"https:\/\/www.gaspineortho.com\/es\/wp-json\/wp\/v2\/media?parent=7618"}],"wp:term":[{"taxonomy":"category","embeddable":true,"href":"https:\/\/www.gaspineortho.com\/es\/wp-json\/wp\/v2\/categories?post=7618"},{"taxonomy":"post_tag","embeddable":true,"href":"https:\/\/www.gaspineortho.com\/es\/wp-json\/wp\/v2\/tags?post=7618"}],"curies":[{"name":"wp","href":"https:\/\/api.w.org\/{rel}","templated":true}]}}