{"id":7603,"date":"2024-05-13T12:56:04","date_gmt":"2024-05-13T17:56:04","guid":{"rendered":"https:\/\/www.gaspineortho.com\/stockbridge\/"},"modified":"2024-05-31T12:42:37","modified_gmt":"2024-05-31T17:42:37","slug":"stockbridge","status":"publish","type":"page","link":"https:\/\/www.gaspineortho.com\/es\/stockbridge\/","title":{"rendered":"Stockbridge"},"content":{"rendered":"<p>Stockbridge, Georgia, es una ciudad encantadora ubicada a unas 20 millas al sur de Atlanta, conocida por su comunidad acogedora, su rica historia y su belleza natural.<\/p>\n<p>Con una poblaci\u00f3n de alrededor de 28.000 habitantes, Stockbridge ofrece una sensaci\u00f3n suburbana con acceso conveniente a las comodidades del \u00e1rea metropolitana de Atlanta.<\/p>\n<p>La ciudad se enorgullece de su atm\u00f3sfera orientada a la comunidad, destacada por eventos como el BridgeFest anual, un festival que celebra las artes, artesan\u00edas y entretenimiento locales.<\/p>\n<p>El centro hist\u00f3rico, con sus pintorescas tiendas y restaurantes, refleja el encanto de un pueblo peque\u00f1o de Stockbridge y sirve como centro de reuniones locales.<\/p>\n<p>Los entusiastas de la naturaleza aprecian los abundantes espacios verdes de Stockbridge, como el Memorial Park, el Clark Community Park y el cercano Panola Mountain State Park. Estos parques brindan oportunidades para hacer caminatas, hacer picnics y disfrutar del paisaje al aire libre.<\/p>\n<p>El sendero Reeves Creek es particularmente popular para caminar y andar en bicicleta, y ofrece un escape sereno a la naturaleza.<\/p>\n<p>Stockbridge es parte del Distrito Escolar del Condado de Henry, conocido por su compromiso con la excelencia educativa, lo que lo convierte en un lugar deseable para las familias.<\/p>\n<p>La ubicaci\u00f3n estrat\u00e9gica de la ciudad cerca de las principales autopistas como la I-75 y la I-675 garantiza un f\u00e1cil acceso a Atlanta y sus alrededores, lo que mejora su atractivo para los residentes que trabajan en la ciudad pero prefieren la vida suburbana.<\/p>\n<p>Con su combinaci\u00f3n de encanto hist\u00f3rico, esp\u00edritu comunitario y acceso a servicios naturales y urbanos, <a href=\"https:\/\/stockbridgega.org\/\" target=\"_blank\" rel=\"noopener\">Stockbridge<\/a> ofrece un estilo de vida equilibrado y satisfactorio para sus residentes.<\/p>\n","protected":false},"excerpt":{"rendered":"<p>Stockbridge, Georgia, es una ciudad encantadora ubicada a unas 20 millas al sur de Atlanta, conocida por su comunidad acogedora, su rica historia y su belleza natural. Con una poblaci\u00f3n de alrededor de 28.000 habitantes, Stockbridge ofrece una sensaci\u00f3n suburbana con acceso conveniente a las comodidades del \u00e1rea metropolitana de Atlanta. La ciudad se enorgullece [&hellip;]<\/p>\n","protected":false},"author":22,"featured_media":6462,"parent":0,"menu_order":0,"comment_status":"closed","ping_status":"closed","template":"","meta":{"_acf_changed":false,"footnotes":""},"categories":[],"tags":[],"class_list":["post-7603","page","type-page","status-publish","has-post-thumbnail","hentry"],"acf":[],"_links":{"self":[{"href":"https:\/\/www.gaspineortho.com\/es\/wp-json\/wp\/v2\/pages\/7603","targetHints":{"allow":["GET"]}}],"collection":[{"href":"https:\/\/www.gaspineortho.com\/es\/wp-json\/wp\/v2\/pages"}],"about":[{"href":"https:\/\/www.gaspineortho.com\/es\/wp-json\/wp\/v2\/types\/page"}],"author":[{"embeddable":true,"href":"https:\/\/www.gaspineortho.com\/es\/wp-json\/wp\/v2\/users\/22"}],"replies":[{"embeddable":true,"href":"https:\/\/www.gaspineortho.com\/es\/wp-json\/wp\/v2\/comments?post=7603"}],"version-history":[{"count":1,"href":"https:\/\/www.gaspineortho.com\/es\/wp-json\/wp\/v2\/pages\/7603\/revisions"}],"predecessor-version":[{"id":7606,"href":"https:\/\/www.gaspineortho.com\/es\/wp-json\/wp\/v2\/pages\/7603\/revisions\/7606"}],"wp:featuredmedia":[{"embeddable":true,"href":"https:\/\/www.gaspineortho.com\/es\/wp-json\/wp\/v2\/media\/6462"}],"wp:attachment":[{"href":"https:\/\/www.gaspineortho.com\/es\/wp-json\/wp\/v2\/media?parent=7603"}],"wp:term":[{"taxonomy":"category","embeddable":true,"href":"https:\/\/www.gaspineortho.com\/es\/wp-json\/wp\/v2\/categories?post=7603"},{"taxonomy":"post_tag","embeddable":true,"href":"https:\/\/www.gaspineortho.com\/es\/wp-json\/wp\/v2\/tags?post=7603"}],"curies":[{"name":"wp","href":"https:\/\/api.w.org\/{rel}","templated":true}]}}