{"id":7584,"date":"2024-05-09T08:29:06","date_gmt":"2024-05-09T13:29:06","guid":{"rendered":"https:\/\/www.gaspineortho.com\/columbus\/"},"modified":"2024-05-31T11:17:56","modified_gmt":"2024-05-31T16:17:56","slug":"columbus","status":"publish","type":"page","link":"https:\/\/www.gaspineortho.com\/es\/columbus\/","title":{"rendered":"Columbus"},"content":{"rendered":"<p>Columbus, Georgia, es una ciudad vibrante ubicada en la frontera occidental del estado a lo largo del r\u00edo Chattahoochee. Conocida por su rica historia, diversidad cultural y belleza esc\u00e9nica, Columbus es la segunda ciudad m\u00e1s grande de Georgia con una poblaci\u00f3n de aproximadamente 200.000 habitantes.<\/p>\n<p>Fundada en 1828, la ciudad tiene una profunda importancia hist\u00f3rica, particularmente destacada por su papel durante la Guerra Civil y como centro de comercio e industria.<\/p>\n<p>Una de las caracter\u00edsticas m\u00e1s destacadas de Columbus es su revitalizada zona ribere\u00f1a. Chattahoochee RiverWalk, un parque lineal de 15 millas, ofrece vistas panor\u00e1micas, senderos para caminar y andar en bicicleta, y acceso a deportes acu\u00e1ticos como rafting y kayak.<\/p>\n<p>La cercana Columbus Ironworks y el Centro de Ciencias Espaciales de Coca-Cola se suman al atractivo de la zona.<\/p>\n<p>Columbus es tambi\u00e9n un centro cultural, hogar de instituciones como el Museo de Col\u00f3n, el Museo Nacional de Infanter\u00eda y la \u00d3pera Springer, que es el Teatro Estatal de Georgia.<\/p>\n<p>El distrito Uptown de la ciudad es una zona animada repleta de restaurantes, tiendas y lugares de entretenimiento que fomentan una vibrante vida nocturna.<\/p>\n<p>La educaci\u00f3n y la presencia militar juegan un papel importante en Columbus. Aqu\u00ed se encuentra Fort Moore (anteriormente Fort Benning), una importante instalaci\u00f3n del ej\u00e9rcito de EE. UU., que contribuye a la econom\u00eda y la diversidad cultural de la ciudad.<\/p>\n<p>Columbus State University ofrece una variedad de programas acad\u00e9micos y eventos culturales.<\/p>\n<p>Con su combinaci\u00f3n de importancia hist\u00f3rica, oportunidades recreativas y riqueza cultural, <a href=\"https:\/\/www.columbusga.gov\/\" target=\"_blank\" rel=\"noopener\">Columbus<\/a>, Georgia, ofrece una alta calidad de vida, lo que lo convierte en un lugar atractivo tanto para residentes como para visitantes.<\/p>\n","protected":false},"excerpt":{"rendered":"<p>Columbus, Georgia, es una ciudad vibrante ubicada en la frontera occidental del estado a lo largo del r\u00edo Chattahoochee. Conocida por su rica historia, diversidad cultural y belleza esc\u00e9nica, Columbus es la segunda ciudad m\u00e1s grande de Georgia con una poblaci\u00f3n de aproximadamente 200.000 habitantes. Fundada en 1828, la ciudad tiene una profunda importancia hist\u00f3rica, [&hellip;]<\/p>\n","protected":false},"author":22,"featured_media":6461,"parent":0,"menu_order":24,"comment_status":"closed","ping_status":"closed","template":"","meta":{"_acf_changed":false,"footnotes":""},"categories":[],"tags":[],"class_list":["post-7584","page","type-page","status-publish","has-post-thumbnail","hentry"],"acf":[],"_links":{"self":[{"href":"https:\/\/www.gaspineortho.com\/es\/wp-json\/wp\/v2\/pages\/7584","targetHints":{"allow":["GET"]}}],"collection":[{"href":"https:\/\/www.gaspineortho.com\/es\/wp-json\/wp\/v2\/pages"}],"about":[{"href":"https:\/\/www.gaspineortho.com\/es\/wp-json\/wp\/v2\/types\/page"}],"author":[{"embeddable":true,"href":"https:\/\/www.gaspineortho.com\/es\/wp-json\/wp\/v2\/users\/22"}],"replies":[{"embeddable":true,"href":"https:\/\/www.gaspineortho.com\/es\/wp-json\/wp\/v2\/comments?post=7584"}],"version-history":[{"count":1,"href":"https:\/\/www.gaspineortho.com\/es\/wp-json\/wp\/v2\/pages\/7584\/revisions"}],"predecessor-version":[{"id":7585,"href":"https:\/\/www.gaspineortho.com\/es\/wp-json\/wp\/v2\/pages\/7584\/revisions\/7585"}],"wp:featuredmedia":[{"embeddable":true,"href":"https:\/\/www.gaspineortho.com\/es\/wp-json\/wp\/v2\/media\/6461"}],"wp:attachment":[{"href":"https:\/\/www.gaspineortho.com\/es\/wp-json\/wp\/v2\/media?parent=7584"}],"wp:term":[{"taxonomy":"category","embeddable":true,"href":"https:\/\/www.gaspineortho.com\/es\/wp-json\/wp\/v2\/categories?post=7584"},{"taxonomy":"post_tag","embeddable":true,"href":"https:\/\/www.gaspineortho.com\/es\/wp-json\/wp\/v2\/tags?post=7584"}],"curies":[{"name":"wp","href":"https:\/\/api.w.org\/{rel}","templated":true}]}}