{"id":7581,"date":"2024-05-13T12:55:48","date_gmt":"2024-05-13T17:55:48","guid":{"rendered":"https:\/\/www.gaspineortho.com\/tucker\/"},"modified":"2024-05-31T11:13:15","modified_gmt":"2024-05-31T16:13:15","slug":"tucker","status":"publish","type":"page","link":"https:\/\/www.gaspineortho.com\/es\/tucker\/","title":{"rendered":"Fatigar"},"content":{"rendered":"<p>Tucker, Georgia, es una ciudad acogedora ubicada a unas 15 millas al noreste del centro de Atlanta. Conocido por su comunidad unida y su encanto suburbano, Tucker ofrece una alta calidad de vida con una combinaci\u00f3n de espacios residenciales, comerciales y recreativos.<\/p>\n<p>Establecida a finales del siglo XIX como una comunidad ferroviaria, Tucker se ha convertido en una ciudad vibrante con una poblaci\u00f3n de aproximadamente 36.000 habitantes.<\/p>\n<p>El coraz\u00f3n de la ciudad es su centro hist\u00f3rico, que cuenta con una variedad de tiendas, restaurantes y negocios locales que fomentan un fuerte sentido de comunidad.<\/p>\n<p>Tucker&#8217;s Main Street es el punto focal para eventos como el Tucker Farmers Market y la celebraci\u00f3n anual del D\u00eda de Tucker, que resaltan el esp\u00edritu comunitario y la cultura local de la ciudad.<\/p>\n<p>Los entusiastas del aire libre disfrutan de los numerosos parques y espacios verdes de Tucker, incluidos Henderson Park y Kelley Cofer Park, que ofrecen senderos, instalaciones deportivas y \u00e1reas de p\u00edcnic. La Reserva Natural Tucker ofrece un refugio tranquilo para los amantes de la naturaleza.<\/p>\n<p>La educaci\u00f3n es una prioridad en Tucker, y las escuelas del distrito escolar del condado de DeKalb prestan servicios en el \u00e1rea y contribuyen al ambiente familiar de la ciudad.<\/p>\n<p>La ubicaci\u00f3n estrat\u00e9gica de Tucker cerca de las principales autopistas como la I-285 y la I-85 garantiza un acceso conveniente al \u00e1rea metropolitana de Atlanta, lo que lo convierte en un lugar ideal para quienes buscan tranquilidad suburbana con f\u00e1cil conectividad urbana.<\/p>\n<p>Con sus ra\u00edces hist\u00f3ricas, eventos centrados en la comunidad y abundantes espacios verdes, <a href=\"https:\/\/www.tuckerga.gov\/\" target=\"_blank\" rel=\"noopener\">Tucker <\/a> es una ciudad que combina el encanto de la vida en un pueblo peque\u00f1o con las comodidades de la vida suburbana.<\/p>\n","protected":false},"excerpt":{"rendered":"<p>Tucker, Georgia, es una ciudad acogedora ubicada a unas 15 millas al noreste del centro de Atlanta. Conocido por su comunidad unida y su encanto suburbano, Tucker ofrece una alta calidad de vida con una combinaci\u00f3n de espacios residenciales, comerciales y recreativos. Establecida a finales del siglo XIX como una comunidad ferroviaria, Tucker se ha [&hellip;]<\/p>\n","protected":false},"author":22,"featured_media":6460,"parent":0,"menu_order":0,"comment_status":"closed","ping_status":"closed","template":"","meta":{"_acf_changed":false,"footnotes":""},"categories":[],"tags":[],"class_list":["post-7581","page","type-page","status-publish","has-post-thumbnail","hentry"],"acf":[],"_links":{"self":[{"href":"https:\/\/www.gaspineortho.com\/es\/wp-json\/wp\/v2\/pages\/7581","targetHints":{"allow":["GET"]}}],"collection":[{"href":"https:\/\/www.gaspineortho.com\/es\/wp-json\/wp\/v2\/pages"}],"about":[{"href":"https:\/\/www.gaspineortho.com\/es\/wp-json\/wp\/v2\/types\/page"}],"author":[{"embeddable":true,"href":"https:\/\/www.gaspineortho.com\/es\/wp-json\/wp\/v2\/users\/22"}],"replies":[{"embeddable":true,"href":"https:\/\/www.gaspineortho.com\/es\/wp-json\/wp\/v2\/comments?post=7581"}],"version-history":[{"count":1,"href":"https:\/\/www.gaspineortho.com\/es\/wp-json\/wp\/v2\/pages\/7581\/revisions"}],"predecessor-version":[{"id":7582,"href":"https:\/\/www.gaspineortho.com\/es\/wp-json\/wp\/v2\/pages\/7581\/revisions\/7582"}],"wp:featuredmedia":[{"embeddable":true,"href":"https:\/\/www.gaspineortho.com\/es\/wp-json\/wp\/v2\/media\/6460"}],"wp:attachment":[{"href":"https:\/\/www.gaspineortho.com\/es\/wp-json\/wp\/v2\/media?parent=7581"}],"wp:term":[{"taxonomy":"category","embeddable":true,"href":"https:\/\/www.gaspineortho.com\/es\/wp-json\/wp\/v2\/categories?post=7581"},{"taxonomy":"post_tag","embeddable":true,"href":"https:\/\/www.gaspineortho.com\/es\/wp-json\/wp\/v2\/tags?post=7581"}],"curies":[{"name":"wp","href":"https:\/\/api.w.org\/{rel}","templated":true}]}}