{"id":7571,"date":"2024-05-13T12:55:31","date_gmt":"2024-05-13T17:55:31","guid":{"rendered":"https:\/\/www.gaspineortho.com\/suwanee\/"},"modified":"2024-05-13T12:55:31","modified_gmt":"2024-05-13T17:55:31","slug":"suwanee","status":"publish","type":"page","link":"https:\/\/www.gaspineortho.com\/es\/suwanee\/","title":{"rendered":"Suwanee"},"content":{"rendered":"<p>Suwanee, Georgia, es una ciudad pr\u00f3spera ubicada a unas 30 millas al noreste de Atlanta, conocida por su atm\u00f3sfera familiar, su comunidad vibrante y su excelente calidad de vida.<\/p>\n<p>Originalmente una peque\u00f1a ciudad agr\u00edcola, Suwanee se ha transformado en una din\u00e1mica ciudad suburbana con una poblaci\u00f3n de alrededor de 20.000 habitantes.<\/p>\n<p>Uno de los aspectos m\u00e1s destacados de Suwanee es su extenso sistema de parques, que incluye el galardonado Suwanee Creek Greenway y el Town Center Park. Este \u00faltimo sirve como centro social y cultural de la ciudad y alberga numerosos eventos, conciertos y festivales durante todo el a\u00f1o.<\/p>\n<p>El parque tambi\u00e9n incluye una gran fuente interactiva, un anfiteatro y una variedad de tiendas y restaurantes.<\/p>\n<p>Suwanee se enorgullece de un fuerte sentido de comunidad, ejemplificado por sus acogedores vecindarios y sus activas organizaciones c\u00edvicas. La ciudad ha obtenido reconocimiento por su compromiso de mantener una alta calidad de vida, gan\u00e1ndose un lugar en varias listas de \u00abMejores lugares para vivir\u00bb.<\/p>\n<p>La educaci\u00f3n es una prioridad en Suwanee, las Escuelas P\u00fablicas del Condado de Gwinnett prestan servicios en el \u00e1rea y varias escuelas altamente calificadas contribuyen al atractivo de la ciudad para las familias. La ciudad tambi\u00e9n ofrece una variedad de actividades recreativas y culturales, desde deportes al aire libre hasta iniciativas art\u00edsticas locales.<\/p>\n<p><a href=\"https:\/\/www.suwanee.com\/\" target=\"_blank\" rel=\"noopener\">Suwanee <\/a> combina el encanto de una peque\u00f1a ciudad con las comodidades de la vida suburbana, lo que la convierte en un lugar ideal para familias e individuos que buscan un estilo de vida equilibrado con f\u00e1cil acceso a las comodidades urbanas de Atlanta.<\/p>\n","protected":false},"excerpt":{"rendered":"<p>Suwanee, Georgia, es una ciudad pr\u00f3spera ubicada a unas 30 millas al noreste de Atlanta, conocida por su atm\u00f3sfera familiar, su comunidad vibrante y su excelente calidad de vida. Originalmente una peque\u00f1a ciudad agr\u00edcola, Suwanee se ha transformado en una din\u00e1mica ciudad suburbana con una poblaci\u00f3n de alrededor de 20.000 habitantes. Uno de los aspectos [&hellip;]<\/p>\n","protected":false},"author":22,"featured_media":6457,"parent":0,"menu_order":0,"comment_status":"closed","ping_status":"closed","template":"","meta":{"_acf_changed":false,"footnotes":""},"categories":[],"tags":[],"class_list":["post-7571","page","type-page","status-publish","has-post-thumbnail","hentry"],"acf":[],"_links":{"self":[{"href":"https:\/\/www.gaspineortho.com\/es\/wp-json\/wp\/v2\/pages\/7571","targetHints":{"allow":["GET"]}}],"collection":[{"href":"https:\/\/www.gaspineortho.com\/es\/wp-json\/wp\/v2\/pages"}],"about":[{"href":"https:\/\/www.gaspineortho.com\/es\/wp-json\/wp\/v2\/types\/page"}],"author":[{"embeddable":true,"href":"https:\/\/www.gaspineortho.com\/es\/wp-json\/wp\/v2\/users\/22"}],"replies":[{"embeddable":true,"href":"https:\/\/www.gaspineortho.com\/es\/wp-json\/wp\/v2\/comments?post=7571"}],"version-history":[{"count":0,"href":"https:\/\/www.gaspineortho.com\/es\/wp-json\/wp\/v2\/pages\/7571\/revisions"}],"wp:featuredmedia":[{"embeddable":true,"href":"https:\/\/www.gaspineortho.com\/es\/wp-json\/wp\/v2\/media\/6457"}],"wp:attachment":[{"href":"https:\/\/www.gaspineortho.com\/es\/wp-json\/wp\/v2\/media?parent=7571"}],"wp:term":[{"taxonomy":"category","embeddable":true,"href":"https:\/\/www.gaspineortho.com\/es\/wp-json\/wp\/v2\/categories?post=7571"},{"taxonomy":"post_tag","embeddable":true,"href":"https:\/\/www.gaspineortho.com\/es\/wp-json\/wp\/v2\/tags?post=7571"}],"curies":[{"name":"wp","href":"https:\/\/api.w.org\/{rel}","templated":true}]}}