{"id":7566,"date":"2024-05-13T12:55:11","date_gmt":"2024-05-13T17:55:11","guid":{"rendered":"https:\/\/www.gaspineortho.com\/marietta\/"},"modified":"2024-05-31T10:53:44","modified_gmt":"2024-05-31T15:53:44","slug":"marietta","status":"publish","type":"page","link":"https:\/\/www.gaspineortho.com\/es\/marietta\/","title":{"rendered":"Marietta"},"content":{"rendered":"<p>Marietta, Georgia, una ciudad encantadora ubicada a unas 20 millas al noroeste de Atlanta, es conocida por su rica historia, su vibrante comunidad y la hospitalidad sure\u00f1a.<\/p>\n<p>Establecida en 1834, Marietta ha conservado gran parte de su car\u00e1cter hist\u00f3rico, evidente en sus casas bien mantenidas antes de la guerra, sus distritos hist\u00f3ricos y la Plaza Marietta.<\/p>\n<p>La plaza, el coraz\u00f3n de la ciudad, cuenta con una combinaci\u00f3n de tiendas, restaurantes y lugares de inter\u00e9s cultural, incluido el Museo de Historia de Marietta y el Teatro Earl Smith Strand.<\/p>\n<p>La ciudad tambi\u00e9n alberga el Parque Nacional del Campo de Batalla de la Monta\u00f1a Kennesaw, un lugar de importantes batallas de la Guerra Civil, que ofrece a los visitantes informaci\u00f3n hist\u00f3rica y rutas de senderismo panor\u00e1micas.<\/p>\n<p>Las instituciones educativas de Marietta, como Marietta High School y el distrito escolar de la ciudad de Marietta, gozan de gran prestigio y contribuyen al atractivo de la ciudad para las familias.<\/p>\n<p>Marietta cuenta con un fuerte sentido de comunidad, con numerosos festivales, mercados de agricultores y eventos p\u00fablicos que fomentan la participaci\u00f3n local. Su diversa escena culinaria abarca desde la cl\u00e1sica comida sure\u00f1a hasta la cocina internacional, lo que refleja la diversidad cultural de la ciudad.<\/p>\n<p>Con su combinaci\u00f3n de encanto hist\u00f3rico, comodidades modernas y atm\u00f3sfera orientada a la comunidad, <a href=\"https:\/\/www.mariettaga.gov\/\" target=\"_blank\" rel=\"noopener\">Marietta <\/a> ofrece una alta calidad de vida, lo que la convierte en un lugar deseable para vivir y visitar.<\/p>\n<p>La proximidad de la ciudad a Atlanta brinda a los residentes un f\u00e1cil acceso a los servicios metropolitanos y al mismo tiempo mantiene una sensaci\u00f3n distintiva de ciudad peque\u00f1a.<\/p>\n","protected":false},"excerpt":{"rendered":"<p>Marietta, Georgia, una ciudad encantadora ubicada a unas 20 millas al noroeste de Atlanta, es conocida por su rica historia, su vibrante comunidad y la hospitalidad sure\u00f1a. Establecida en 1834, Marietta ha conservado gran parte de su car\u00e1cter hist\u00f3rico, evidente en sus casas bien mantenidas antes de la guerra, sus distritos hist\u00f3ricos y la Plaza [&hellip;]<\/p>\n","protected":false},"author":22,"featured_media":6456,"parent":0,"menu_order":0,"comment_status":"closed","ping_status":"closed","template":"","meta":{"_acf_changed":false,"footnotes":""},"categories":[],"tags":[],"class_list":["post-7566","page","type-page","status-publish","has-post-thumbnail","hentry"],"acf":[],"_links":{"self":[{"href":"https:\/\/www.gaspineortho.com\/es\/wp-json\/wp\/v2\/pages\/7566","targetHints":{"allow":["GET"]}}],"collection":[{"href":"https:\/\/www.gaspineortho.com\/es\/wp-json\/wp\/v2\/pages"}],"about":[{"href":"https:\/\/www.gaspineortho.com\/es\/wp-json\/wp\/v2\/types\/page"}],"author":[{"embeddable":true,"href":"https:\/\/www.gaspineortho.com\/es\/wp-json\/wp\/v2\/users\/22"}],"replies":[{"embeddable":true,"href":"https:\/\/www.gaspineortho.com\/es\/wp-json\/wp\/v2\/comments?post=7566"}],"version-history":[{"count":1,"href":"https:\/\/www.gaspineortho.com\/es\/wp-json\/wp\/v2\/pages\/7566\/revisions"}],"predecessor-version":[{"id":7567,"href":"https:\/\/www.gaspineortho.com\/es\/wp-json\/wp\/v2\/pages\/7566\/revisions\/7567"}],"wp:featuredmedia":[{"embeddable":true,"href":"https:\/\/www.gaspineortho.com\/es\/wp-json\/wp\/v2\/media\/6456"}],"wp:attachment":[{"href":"https:\/\/www.gaspineortho.com\/es\/wp-json\/wp\/v2\/media?parent=7566"}],"wp:term":[{"taxonomy":"category","embeddable":true,"href":"https:\/\/www.gaspineortho.com\/es\/wp-json\/wp\/v2\/categories?post=7566"},{"taxonomy":"post_tag","embeddable":true,"href":"https:\/\/www.gaspineortho.com\/es\/wp-json\/wp\/v2\/tags?post=7566"}],"curies":[{"name":"wp","href":"https:\/\/api.w.org\/{rel}","templated":true}]}}