{"id":7563,"date":"2024-05-13T12:56:22","date_gmt":"2024-05-13T17:56:22","guid":{"rendered":"https:\/\/www.gaspineortho.com\/college-park\/"},"modified":"2024-06-05T09:16:55","modified_gmt":"2024-06-05T14:16:55","slug":"college-park","status":"publish","type":"page","link":"https:\/\/www.gaspineortho.com\/es\/college-park\/","title":{"rendered":"College Park"},"content":{"rendered":"<p>College Park, Georgia, es una ciudad ubicada al suroeste de Atlanta, conocida por su rica historia, ubicaci\u00f3n conveniente y comunidad vibrante.<\/p>\n<p>Con una poblaci\u00f3n de alrededor de 15.000 habitantes, College Park alberga el aeropuerto m\u00e1s transitado del mundo, el Aeropuerto Internacional Hartsfield-Jackson de Atlanta, que contribuye significativamente a su econom\u00eda y conectividad local.<\/p>\n<p>La ciudad cuenta con una combinaci\u00f3n de encanto hist\u00f3rico y desarrollo moderno, con calles arboladas y casas victorianas bien conservadas en sus barrios hist\u00f3ricos. College Park tambi\u00e9n alberga el Centro Internacional de Convenciones de Georgia, un importante lugar para conferencias y eventos.<\/p>\n<p>La educaci\u00f3n es una piedra angular de la comunidad, resaltada por la presencia de la prestigiosa Woodward Academy, una de las escuelas independientes m\u00e1s grandes de los Estados Unidos continentales. La educaci\u00f3n es una piedra angular de la comunidad, resaltada por la presencia de la prestigiosa Woodward Academy, una de las escuelas independientes m\u00e1s grandes de los Estados Unidos continentales.<\/p>\n<p>College Park es parte de la Alianza Aerotropolis Atlanta, una iniciativa regional destinada a fomentar el crecimiento econ\u00f3mico y el desarrollo alrededor del \u00e1rea del aeropuerto. Esto incluye una variedad de negocios, desde log\u00edstica y transporte hasta hoteler\u00eda y comercio minorista.<\/p>\n<p>La vibrante escena art\u00edstica de la ciudad, las diversas opciones gastron\u00f3micas y los numerosos parques, como Barrett Park y Richard D. Zupp Park, brindan a los residentes amplias oportunidades recreativas.<\/p>\n<p><a href=\"https:\/\/www.collegeparkga.com\/\" target=\"_blank\" rel=\"noopener\">College Park <\/a> combina importancia hist\u00f3rica, excelencia educativa y vitalidad econ\u00f3mica, lo que lo convierte en un lugar \u00fanico y din\u00e1mico para vivir y trabajar.<\/p>\n","protected":false},"excerpt":{"rendered":"<p>College Park, Georgia, es una ciudad ubicada al suroeste de Atlanta, conocida por su rica historia, ubicaci\u00f3n conveniente y comunidad vibrante. Con una poblaci\u00f3n de alrededor de 15.000 habitantes, College Park alberga el aeropuerto m\u00e1s transitado del mundo, el Aeropuerto Internacional Hartsfield-Jackson de Atlanta, que contribuye significativamente a su econom\u00eda y conectividad local. La ciudad [&hellip;]<\/p>\n","protected":false},"author":22,"featured_media":6458,"parent":0,"menu_order":0,"comment_status":"closed","ping_status":"closed","template":"","meta":{"_acf_changed":false,"footnotes":""},"categories":[],"tags":[],"class_list":["post-7563","page","type-page","status-publish","has-post-thumbnail","hentry"],"acf":[],"_links":{"self":[{"href":"https:\/\/www.gaspineortho.com\/es\/wp-json\/wp\/v2\/pages\/7563","targetHints":{"allow":["GET"]}}],"collection":[{"href":"https:\/\/www.gaspineortho.com\/es\/wp-json\/wp\/v2\/pages"}],"about":[{"href":"https:\/\/www.gaspineortho.com\/es\/wp-json\/wp\/v2\/types\/page"}],"author":[{"embeddable":true,"href":"https:\/\/www.gaspineortho.com\/es\/wp-json\/wp\/v2\/users\/22"}],"replies":[{"embeddable":true,"href":"https:\/\/www.gaspineortho.com\/es\/wp-json\/wp\/v2\/comments?post=7563"}],"version-history":[{"count":2,"href":"https:\/\/www.gaspineortho.com\/es\/wp-json\/wp\/v2\/pages\/7563\/revisions"}],"predecessor-version":[{"id":8137,"href":"https:\/\/www.gaspineortho.com\/es\/wp-json\/wp\/v2\/pages\/7563\/revisions\/8137"}],"wp:featuredmedia":[{"embeddable":true,"href":"https:\/\/www.gaspineortho.com\/es\/wp-json\/wp\/v2\/media\/6458"}],"wp:attachment":[{"href":"https:\/\/www.gaspineortho.com\/es\/wp-json\/wp\/v2\/media?parent=7563"}],"wp:term":[{"taxonomy":"category","embeddable":true,"href":"https:\/\/www.gaspineortho.com\/es\/wp-json\/wp\/v2\/categories?post=7563"},{"taxonomy":"post_tag","embeddable":true,"href":"https:\/\/www.gaspineortho.com\/es\/wp-json\/wp\/v2\/tags?post=7563"}],"curies":[{"name":"wp","href":"https:\/\/api.w.org\/{rel}","templated":true}]}}