{"id":7469,"date":"2020-12-08T16:33:50","date_gmt":"2020-12-08T21:33:50","guid":{"rendered":"https:\/\/www.gaspineortho.com\/nuestro-equipo\/dr-erik-bendiks\/"},"modified":"2024-05-24T13:34:03","modified_gmt":"2024-05-24T18:34:03","slug":"dr-erik-bendiks","status":"publish","type":"page","link":"https:\/\/www.gaspineortho.com\/es\/nuestro-equipo\/dr-erik-bendiks\/","title":{"rendered":"Dr. Erik Bendiks"},"content":{"rendered":"<h2>Dr. Erik Bendiks &#8211; Cirujano ortop\u00e9dico de columna certificado<\/h2>\n<p>El Dr. Erik Bendiks es un cirujano ortop\u00e9dico certificado, un destacado cirujano e investigador de columna y miembro de la Academia Estadounidense de Cirujanos Ortop\u00e9dicos.<\/p>\n<p>El Dr. Bendiks ha sido nominado como Top Doctor por la <a href=\"https:\/\/www.omicsonline.org\/\" target=\"_blank\" rel=\"noopener\">Asociaci\u00f3n Internacional de Cirujanos Ortop\u00e9dicos<\/a>, ha impartido conferencias en numerosas conferencias y ha ense\u00f1ado a otros cirujanos de columna sobre nuevas t\u00e9cnicas y tecnolog\u00edas para incluir su conocimiento y desarrollo de nuevos dise\u00f1os de implantes.<\/p>\n<p>El Dr. Bendiks complet\u00f3 su formaci\u00f3n en la Facultad de Medicina de la Universidad de Texas Southwestern en Dallas, Texas, seguida de su residencia en cirug\u00eda ortop\u00e9dica en la <a href=\"https:\/\/jacksonhealth.org\/locations\/jackson-memorial-hospital\/\" target=\"_blank\" rel=\"noopener\">Universidad de Miami\/Jackson Memorial Hospital en Miami<\/a>, Florida, y su beca en cirug\u00eda de columna en la Universidad de Rochester\/ Strong Memorial Hospital en Rochester, Nueva York.<\/p>\n<p>En 2015 fund\u00f3<a href=\"https:\/\/www.gaspineortho.com\/es\/\"> Georgia Spine and Orthopaedics<\/a>, y en 2018 fund\u00f3 el <a href=\"https:\/\/www.google.com\/maps\/place\/Surgery+Center+of+Roswell\/@34.0630136,-84.3301467,16z\/data=!4m10!1m2!2m1!1sSurgery+Center+of+Roswell!3m6!1s0x88f575964412bfa3:0x49467618929691b!8m2!3d34.0630136!4d-84.3235119!15sChlTdXJnZXJ5IENlbnRlciBvZiBSb3N3ZWxskgEPc3VyZ2ljYWxfY2VudGVy4AEA!16s%2Fg%2F11g231j02v?entry=ttu\" target=\"_blank\" rel=\"noopener\">Surgery Center of Roswell<\/a>. El Dr. Bendiks est\u00e1 afiliado a varios hospitales en el \u00e1rea metropolitana de Atlanta y forma parte del personal del Centro de Cirug\u00eda de Roswell. El Dr. Bendiks habla ingl\u00e9s, espa\u00f1ol y franc\u00e9s con fluidez.<\/p>\n<p>Fuera del trabajo, al Dr. Bendiks le gusta pescar, cultivar verduras y hierbas en su jard\u00edn, pasar tiempo saltando en el trampol\u00edn con sus hijos, esquiar y juguetear en su cobertizo de herramientas.<\/p>\n","protected":false},"excerpt":{"rendered":"<p>Dr. Erik Bendiks &#8211; Cirujano ortop\u00e9dico de columna certificado El Dr. Erik Bendiks es un cirujano ortop\u00e9dico certificado, un destacado cirujano e investigador de columna y miembro de la Academia Estadounidense de Cirujanos Ortop\u00e9dicos. El Dr. Bendiks ha sido nominado como Top Doctor por la Asociaci\u00f3n Internacional de Cirujanos Ortop\u00e9dicos, ha impartido conferencias en numerosas [&hellip;]<\/p>\n","protected":false},"author":22,"featured_media":6398,"parent":7114,"menu_order":0,"comment_status":"closed","ping_status":"closed","template":"","meta":{"_acf_changed":false,"footnotes":""},"categories":[],"tags":[],"class_list":["post-7469","page","type-page","status-publish","has-post-thumbnail","hentry"],"acf":[],"_links":{"self":[{"href":"https:\/\/www.gaspineortho.com\/es\/wp-json\/wp\/v2\/pages\/7469","targetHints":{"allow":["GET"]}}],"collection":[{"href":"https:\/\/www.gaspineortho.com\/es\/wp-json\/wp\/v2\/pages"}],"about":[{"href":"https:\/\/www.gaspineortho.com\/es\/wp-json\/wp\/v2\/types\/page"}],"author":[{"embeddable":true,"href":"https:\/\/www.gaspineortho.com\/es\/wp-json\/wp\/v2\/users\/22"}],"replies":[{"embeddable":true,"href":"https:\/\/www.gaspineortho.com\/es\/wp-json\/wp\/v2\/comments?post=7469"}],"version-history":[{"count":2,"href":"https:\/\/www.gaspineortho.com\/es\/wp-json\/wp\/v2\/pages\/7469\/revisions"}],"predecessor-version":[{"id":7501,"href":"https:\/\/www.gaspineortho.com\/es\/wp-json\/wp\/v2\/pages\/7469\/revisions\/7501"}],"up":[{"embeddable":true,"href":"https:\/\/www.gaspineortho.com\/es\/wp-json\/wp\/v2\/pages\/7114"}],"wp:featuredmedia":[{"embeddable":true,"href":"https:\/\/www.gaspineortho.com\/es\/wp-json\/wp\/v2\/media\/6398"}],"wp:attachment":[{"href":"https:\/\/www.gaspineortho.com\/es\/wp-json\/wp\/v2\/media?parent=7469"}],"wp:term":[{"taxonomy":"category","embeddable":true,"href":"https:\/\/www.gaspineortho.com\/es\/wp-json\/wp\/v2\/categories?post=7469"},{"taxonomy":"post_tag","embeddable":true,"href":"https:\/\/www.gaspineortho.com\/es\/wp-json\/wp\/v2\/tags?post=7469"}],"curies":[{"name":"wp","href":"https:\/\/api.w.org\/{rel}","templated":true}]}}