{"id":7453,"date":"2024-05-07T14:47:16","date_gmt":"2024-05-07T19:47:16","guid":{"rendered":"https:\/\/www.gaspineortho.com\/nuestro-equipo\/dr-stanley-tao\/"},"modified":"2024-06-04T13:17:57","modified_gmt":"2024-06-04T18:17:57","slug":"dr-stanley-tao","status":"publish","type":"page","link":"https:\/\/www.gaspineortho.com\/es\/nuestro-equipo\/dr-stanley-tao\/","title":{"rendered":"Dr. Stanley Tao"},"content":{"rendered":"<h2>Dra. Stanley Tao &#8211; Cirujano ortop\u00e9dico certificado<\/h2>\n<p>El Dr. Stanley Tao es un cirujano ortop\u00e9dico certificado con un certificado de calificaci\u00f3n adicional en medicina deportiva. El Dr. Tao complet\u00f3 su t\u00edtulo de m\u00e9dico en la <a href=\"https:\/\/case.edu\/medicine\/\" target=\"_blank\" rel=\"noopener\">Facultad de Medicina de la Universidad Western Reserve<\/a> en Cleveland, Ohio. .<\/p>\n<p>Complet\u00f3 sus programas de pasant\u00eda y residencia en el programa de Cirug\u00eda Ortop\u00e9dica de la Facultad de Medicina de Ohio, adem\u00e1s de una beca de medicina deportiva y artroscopia en Orthopaedic Research de Virginia. El Dr. Tao se especializa en medicina deportiva y cirug\u00edas articulares, tiene muchas publicaciones y se esfuerza por ayudarlo a seleccionar el mejor tratamiento para brindar el mejor resultado. El Dr. Tao es uno de los mejores m\u00e9dicos de Castle Connolly y ha sido nombrado uno de los mejores m\u00e9dicos de Estados Unidos anualmente desde 2004.<\/p>\n<p>Cuando el Dr. Tao no est\u00e1 realizando <a href=\"https:\/\/www.gaspineortho.com\/es\/atlanta\/cirugia-ortopedica\/\">cirug\u00eda ortop\u00e9dica<\/a>, disfruta pasar tiempo con la familia, viajar y jugar. tenis y baloncesto.<\/p>\n","protected":false},"excerpt":{"rendered":"<p>Dra. Stanley Tao &#8211; Cirujano ortop\u00e9dico certificado El Dr. Stanley Tao es un cirujano ortop\u00e9dico certificado con un certificado de calificaci\u00f3n adicional en medicina deportiva. El Dr. Tao complet\u00f3 su t\u00edtulo de m\u00e9dico en la Facultad de Medicina de la Universidad Western Reserve en Cleveland, Ohio. . Complet\u00f3 sus programas de pasant\u00eda y residencia en [&hellip;]<\/p>\n","protected":false},"author":36,"featured_media":6401,"parent":7114,"menu_order":2,"comment_status":"closed","ping_status":"closed","template":"","meta":{"_acf_changed":false,"footnotes":""},"categories":[],"tags":[],"class_list":["post-7453","page","type-page","status-publish","has-post-thumbnail","hentry"],"acf":[],"_links":{"self":[{"href":"https:\/\/www.gaspineortho.com\/es\/wp-json\/wp\/v2\/pages\/7453","targetHints":{"allow":["GET"]}}],"collection":[{"href":"https:\/\/www.gaspineortho.com\/es\/wp-json\/wp\/v2\/pages"}],"about":[{"href":"https:\/\/www.gaspineortho.com\/es\/wp-json\/wp\/v2\/types\/page"}],"author":[{"embeddable":true,"href":"https:\/\/www.gaspineortho.com\/es\/wp-json\/wp\/v2\/users\/36"}],"replies":[{"embeddable":true,"href":"https:\/\/www.gaspineortho.com\/es\/wp-json\/wp\/v2\/comments?post=7453"}],"version-history":[{"count":2,"href":"https:\/\/www.gaspineortho.com\/es\/wp-json\/wp\/v2\/pages\/7453\/revisions"}],"predecessor-version":[{"id":8131,"href":"https:\/\/www.gaspineortho.com\/es\/wp-json\/wp\/v2\/pages\/7453\/revisions\/8131"}],"up":[{"embeddable":true,"href":"https:\/\/www.gaspineortho.com\/es\/wp-json\/wp\/v2\/pages\/7114"}],"wp:featuredmedia":[{"embeddable":true,"href":"https:\/\/www.gaspineortho.com\/es\/wp-json\/wp\/v2\/media\/6401"}],"wp:attachment":[{"href":"https:\/\/www.gaspineortho.com\/es\/wp-json\/wp\/v2\/media?parent=7453"}],"wp:term":[{"taxonomy":"category","embeddable":true,"href":"https:\/\/www.gaspineortho.com\/es\/wp-json\/wp\/v2\/categories?post=7453"},{"taxonomy":"post_tag","embeddable":true,"href":"https:\/\/www.gaspineortho.com\/es\/wp-json\/wp\/v2\/tags?post=7453"}],"curies":[{"name":"wp","href":"https:\/\/api.w.org\/{rel}","templated":true}]}}