{"id":7353,"date":"2024-05-13T12:28:38","date_gmt":"2024-05-13T17:28:38","guid":{"rendered":"https:\/\/www.gaspineortho.com\/atlanta\/workplace-injury-treatment\/"},"modified":"2024-09-09T12:25:20","modified_gmt":"2024-09-09T17:25:20","slug":"tratamiento-de-lesiones-en-el-trabajo","status":"publish","type":"page","link":"https:\/\/www.gaspineortho.com\/es\/atlanta\/tratamiento-de-lesiones-en-el-trabajo\/","title":{"rendered":"Tratamiento de lesiones laborales en Atlanta"},"content":{"rendered":"<p>Las lesiones laborales son bastante comunes y algunas son debilitantes. La mayor\u00eda de las lesiones laborales se desarrollan debido a un entorno laboral peligroso, exposici\u00f3n a algo da\u00f1ino para el cuerpo y grandes exigencias f\u00edsicas.<\/p>\n<p>Ya sea por una ca\u00edda en el trabajo o por desarrollar tendinitis por hacer los mismos movimientos f\u00edsicos repetidamente, una lesi\u00f3n en el lugar de trabajo puede causar un dolor intenso. Dejar una lesi\u00f3n de este tipo sin tratar podr\u00eda provocar afecciones m\u00e1s graves, por lo que siempre es aconsejable que un m\u00e9dico eval\u00fae y trate la lesi\u00f3n lo antes posible.<\/p>\n<p><a href=\"https:\/\/www.gaspineortho.com\/es\/\">Georgia Spine &amp; Orthopaedics<\/a> quiere que usted regrese a su vida y a su trabajo lo m\u00e1s r\u00e1pido y sin dolor posible. <a href=\"https:\/\/www.gaspineortho.com\/meet-our-team\/\">Nuestro equipo<\/a> se especializa en una amplia gama de condiciones y tratamientos, y podemos brindarle la soluci\u00f3n personalizada que mejor se adapte a sus necesidades.<\/p>\n<p>Desde nuestras opciones de atenci\u00f3n de urgencia hasta servicios quir\u00fargicos avanzados para <a href=\"https:\/\/www.gaspineortho.com\/es\/atlanta\/el-manejo-del-dolor\/\">el manejo del dolor<\/a>, podemos ser su socio en su viaje de recuperaci\u00f3n y tratamiento de lesiones en el lugar de trabajo.<\/p>\n<h2>Qu\u00e9 hacer si ha sufrido una lesi\u00f3n laboral<\/h2>\n<p><a href=\"https:\/\/www.gaspineortho.com\/wp-content\/uploads\/2024\/05\/shutterstock_1409572676-min.jpg\"><img fetchpriority=\"high\" decoding=\"async\" class=\"alignnone wp-image-3409 size-full\" src=\"https:\/\/www.gaspineortho.com\/wp-content\/uploads\/2024\/05\/shutterstock_1409572676-min.jpg\" alt=\"Un hombre se sostiene la cadera por el dolor despu\u00e9s de una lesi\u00f3n en el trabajo\" width=\"500\" height=\"334\" srcset=\"https:\/\/www.gaspineortho.com\/wp-content\/uploads\/2024\/05\/shutterstock_1409572676-min.jpg 500w, https:\/\/www.gaspineortho.com\/wp-content\/uploads\/2024\/05\/shutterstock_1409572676-min-300x200.jpg 300w\" sizes=\"(max-width: 500px) 100vw, 500px\" \/><\/a><\/p>\n<p>Cuando se lesiona en el trabajo, hay varios pasos que puede tomar para ayudar a proteger su salud y asegurarse de no afectar sus posibilidades de recibir la compensaci\u00f3n laboral completa por la lesi\u00f3n.<\/p>\n<h3>Informe la lesi\u00f3n lo antes posible.<\/h3>\n<p>Una de las primeras cosas que debe hacer es informar la lesi\u00f3n a su gerente o supervisor lo antes posible despu\u00e9s de la lesi\u00f3n. Si es posible, intenta tenerlo por escrito, detallando el incidente y las lesiones sufridas.<\/p>\n<h3>buscar atenci\u00f3n m\u00e9dica<\/h3>\n<p>Tu salud es una m\u00e1xima prioridad. Incluso si las lesiones que sufri\u00f3 parecen menores, a\u00fan as\u00ed debe ser examinado por un m\u00e9dico calificado. En caso de lesiones graves, visite una sala de emergencias o un centro de atenci\u00f3n de urgencia local. Para obtener resultados \u00f3ptimos, aseg\u00farese de seguir las instrucciones, prescripciones y recomendaciones de su m\u00e9dico y haga un seguimiento seg\u00fan sea necesario.<\/p>\n<h3>Documentar todo<\/h3>\n<p>Para ayudar con su reclamo de compensaci\u00f3n laboral, aseg\u00farese de mantener un registro de todo lo relacionado con su lesi\u00f3n. Esto incluye informes m\u00e9dicos, cualquier factura incurrida debido a la lesi\u00f3n y cualquier correspondencia con su empleador y su compa\u00f1\u00eda de seguros.<\/p>\n<h3>Regrese al trabajo solo cuando est\u00e9 completamente recuperado<\/h3>\n<p>Para ayudar a minimizar el riesgo de prolongar el per\u00edodo de recuperaci\u00f3n y exacerbar la lesi\u00f3n, no vuelva a trabajar hasta que se haya recuperado. Regresar antes de haberse recuperado por completo podr\u00eda provocar una nueva lesi\u00f3n y empeorar las lesiones existentes. Hable con nuestro personal para obtener orientaci\u00f3n sobre c\u00f3mo saber que est\u00e1 listo para volver a trabajar.<\/p>\n<h2>Causas de las lesiones laborales<\/h2>\n<p><a href=\"https:\/\/www.gaspineortho.com\/wp-content\/uploads\/2024\/05\/shutterstock_1070432666-copy.webp\"><img decoding=\"async\" class=\"alignnone wp-image-3344\" src=\"https:\/\/www.gaspineortho.com\/wp-content\/uploads\/2024\/05\/shutterstock_1070432666-copy.webp\" alt=\"El m\u00e9dico de accidentes trabaja en la rodilla de un paciente es una sesi\u00f3n de fisioterapia\" width=\"500\" height=\"334\" srcset=\"https:\/\/www.gaspineortho.com\/wp-content\/uploads\/2024\/05\/shutterstock_1070432666-copy.webp 1000w, https:\/\/www.gaspineortho.com\/wp-content\/uploads\/2024\/05\/shutterstock_1070432666-copy-300x200.webp 300w, https:\/\/www.gaspineortho.com\/wp-content\/uploads\/2024\/05\/shutterstock_1070432666-copy-768x513.webp 768w\" sizes=\"(max-width: 500px) 100vw, 500px\" \/><\/a><\/p>\n<p>Algunos de los tipos m\u00e1s comunes de lesiones laborales que encontramos en Georgia Spine &amp; Orthopaedics incluyen los siguientes:<\/p>\n<p><strong>Lesiones por esfuerzo excesivo:<\/strong> Lesiones causadas por actividades extenuantes como tirar, levantar, empujar, transportar y arrojar objetos en el trabajo.<\/p>\n<p><strong>Resbalones\/Tropiezos:<\/strong> Son lesiones causadas por ca\u00eddas sobre superficies mojadas o resbaladizas o por tropiezos con obst\u00e1culos en el piso.<\/p>\n<p><strong>Ca\u00eddas desde alturas:<\/strong> son lesiones resultantes de ca\u00eddas desde \u00e1reas elevadas como techos, escaleras o escaleras.<\/p>\n<p><strong>Lesiones por reacci\u00f3n:<\/strong> Lesiones sufridas por resbalones o tropezones sin caer, lo que provoca distensiones musculares, traumatismos corporales y diversos problemas m\u00e9dicos.<\/p>\n<p><strong>Lesiones por ca\u00edda de objetos:<\/strong> las lesiones son causadas por objetos que caen de los estantes o son dejados caer por otras personas, lo que a menudo resulta en lesiones graves <a href=\"https:\/\/www.gaspineortho.com\/es\/lesion-craneal\/\">en la cabeza<\/a>.<\/p>\n<p><strong>Lesiones por caminar:<\/strong> colisiones accidentales con objetos estacionarios como paredes, puertas, gabinetes, mesas y sillas.<\/p>\n<p><strong>Accidentes de veh\u00edculos:<\/strong> lesiones sufridas por empleados que conducen con fines comerciales, que a menudo implican colisiones automovil\u00edsticas.<\/p>\n<p><strong>Accidentes de maquinaria: <\/strong> Lesiones que ocurren en entornos de f\u00e1brica que involucran maquinaria y equipos pesados, donde las m\u00e1quinas pesadas mutilan o aplastan a un empleado.<\/p>\n<p><strong>Lesiones por movimientos repetitivos:<\/strong> da\u00f1os a largo plazo por acciones repetitivas como escribir a m\u00e1quina y usar la computadora, lo que provoca afecciones como el s\u00edndrome del t\u00fanel carpiano, problemas de visi\u00f3n, distensiones musculares y dolor de espalda.<\/p>\n<h2>Precauciones para prevenir lesiones ortop\u00e9dicas relacionadas con el trabajo<\/h2>\n<p>Hay ciertas cosas que los trabajadores podr\u00edan hacer para ayudar a prevenir accidentes laborales y las lesiones resultantes. \u00c9stas incluyen:<\/p>\n<p><strong>Adoptar la forma y la t\u00e9cnica adecuadas:<\/strong> aprender y aplicar la forma y la t\u00e9cnica correctas para diversas tareas laborales puede reducir significativamente el riesgo de tensi\u00f3n y lesiones. Aseg\u00farese tambi\u00e9n de vestirse apropiadamente para el trabajo para evitar que las m\u00e1quinas o los productos qu\u00edmicos enganchen la ropa holgada y lo lastimen.<\/p>\n<p><strong>Incorporar descansos regulares:<\/strong> tomar varios descansos durante la jornada laboral para descansar y estirar ayuda a prevenir la fatiga y las lesiones por uso excesivo. Incluso si est\u00e1s en una oficina, lev\u00e1ntate, mu\u00e9vete con frecuencia y haz algunos estiramientos.<\/p>\n<p><strong>Usar el equipo adecuado:<\/strong> emplear las herramientas y el equipo adecuados para las tareas laborales reduce el riesgo de accidentes y lesiones. Participe en capacitaci\u00f3n laboral para aprender c\u00f3mo operar equipos de manera segura y realizar tareas laborales con riesgos m\u00ednimos.<\/p>\n<p><strong>Informe r\u00e1pido de lesiones:<\/strong> los trabajadores deben informar inmediatamente cualquier lesi\u00f3n a su supervisor no solo para garantizar un tratamiento oportuno sino tambi\u00e9n para que el lugar de trabajo implemente medidas de seguridad contra futuros accidentes.<\/p>\n<p>Por supuesto, nadie tiene control total sobre cu\u00e1ndo ocurren los accidentes. Por lo tanto, siempre es mejor tomar medidas de precauci\u00f3n que puedan ayudar a protegerlo a usted y a los dem\u00e1s.<\/p>\n<h2>Lesiones laborales comunes<\/h2>\n<p><a href=\"https:\/\/www.gaspineortho.com\/wp-content\/uploads\/2024\/05\/shutterstock_2264264459-copy.webp\"><img decoding=\"async\" class=\"alignnone wp-image-3324\" src=\"https:\/\/www.gaspineortho.com\/wp-content\/uploads\/2024\/05\/shutterstock_2264264459-copy.webp\" alt=\"El doctor gesticula a un modelo de columna vertebral en miniatura.\" width=\"500\" height=\"297\" srcset=\"https:\/\/www.gaspineortho.com\/wp-content\/uploads\/2024\/05\/shutterstock_2264264459-copy.webp 1000w, https:\/\/www.gaspineortho.com\/wp-content\/uploads\/2024\/05\/shutterstock_2264264459-copy-300x178.webp 300w, https:\/\/www.gaspineortho.com\/wp-content\/uploads\/2024\/05\/shutterstock_2264264459-copy-768x455.webp 768w\" sizes=\"(max-width: 500px) 100vw, 500px\" \/><\/a><\/p>\n<h3>Lesiones musculoesquel\u00e9ticas<\/h3>\n<p>Estas lesiones afectan los m\u00fasculos, ligamentos, tendones, articulaciones y huesos. Pueden ser causados \u200b\u200bpor movimientos repetitivos, uso excesivo o trauma. Ejemplos de lesiones musculoesquel\u00e9ticas incluyen torceduras, esguinces, s\u00edndrome del t\u00fanel carpiano, tendinitis y bursitis.<\/p>\n<h3>Lesiones de la columna cervical<\/h3>\n<p>La columna cervical, ubicada en el cuello, es cr\u00edtica pero vulnerable. Las lesiones aqu\u00ed pueden provocar da\u00f1os graves en la m\u00e9dula espinal, lo que podr\u00eda provocar par\u00e1lisis o incluso resultar mortales. Los accidentes deportivos y laborales son causas comunes.<\/p>\n<h3>Dislocaciones<\/h3>\n<p>Una dislocaci\u00f3n ocurre cuando un hueso se sale de su posici\u00f3n normal. Puede ser causada por <a href=\"https:\/\/www.gaspineortho.com\/es\/atlanta\/tratamiento-de-accidente-automovilistico\/\">accidentes automovil\u00edsticos<\/a>, ca\u00eddas y otros eventos traum\u00e1ticos.<\/p>\n<h3>Fracturas<\/h3>\n<p>Las fracturas o huesos rotos a menudo son causados \u200b\u200bpor lesiones corporales traum\u00e1ticas debidas a accidentes como resbalones, ca\u00eddas y golpes directos en el cuerpo.<\/p>\n<h3>Lesiones de la columna tor\u00e1cica<\/h3>\n<p>Debajo de la columna cervical, la columna tor\u00e1cica afecta la respiraci\u00f3n y la postura. Las fracturas aqu\u00ed pueden provocar par\u00e1lisis o problemas de movilidad, a menudo derivados de accidentes impactantes.<\/p>\n<h3>Lesiones de la columna lumbar<\/h3>\n<p>En la zona lumbar, las <a href=\"https:\/\/www.gaspineortho.com\/es\/lesion-en-la-columna\/\">lesiones de la columna<\/a> lumbar pueden afectar la funci\u00f3n de la cadera y las piernas, y en ocasiones requieren dispositivos de apoyo.<\/p>\n<h3>Hernia de disco<\/h3>\n<p>Cuando los discos espinales se hernian, pueden comprimir los nervios, provocando dolor y entumecimiento. El tratamiento incluye inyecciones, terapia o cirug\u00eda para casos graves.<\/p>\n<h3>Lesi\u00f3n de la m\u00e9dula espinal<\/h3>\n<p>Las lesiones directas de la m\u00e9dula espinal pueden provocar par\u00e1lisis o p\u00e9rdida de funci\u00f3n, lo que requiere una estabilizaci\u00f3n inmediata.<\/p>\n<p>En Georgia Spine &amp; Orthopaedics, nos esforzamos por brindar atenci\u00f3n integral para una recuperaci\u00f3n completa. Para una evaluaci\u00f3n y tratamiento personalizados de lesiones laborales, comun\u00edquese con nuestra cl\u00ednica hoy.<\/p>\n<h2>Tratamiento de lesiones laborales<\/h2>\n<p>El procedimiento y las t\u00e9cnicas de tratamiento variar\u00e1n de un paciente a otro dependiendo de la naturaleza y gravedad de su lesi\u00f3n laboral. Las lesiones m\u00e1s graves pueden requerir tratamientos m\u00e1s intensivos y potencialmente invasivos.<\/p>\n<p>Sin embargo, siempre comenzamos con un enfoque no invasivo para todos los tratamientos. Entendemos c\u00f3mo los enfoques invasivos pueden afectar el bienestar general y la calidad de vida de un paciente, por lo que siempre comenzamos el tratamiento con t\u00e9cnicas como medicamentos, ejercicio, terapia y rehabilitaci\u00f3n. S\u00f3lo cuando estos tratamientos no logran aliviar el dolor recurrimos a tratamientos quir\u00fargicos.<\/p>\n<p>Para lesiones menores, el tratamiento suele implicar el m\u00e9todo RICE: reposo, hielo, compresi\u00f3n y elevaci\u00f3n. Las lesiones m\u00e1s graves pueden requerir una variedad de intervenciones, que incluyen <a href=\"https:\/\/www.gaspineortho.com\/es\/atlanta\/terapia-fisica\/\">fisioterapia<\/a>, medicaci\u00f3n o procedimientos quir\u00fargicos.<\/p>\n<h3>El manejo del dolor<\/h3>\n<p>El dolor no te detiene. Nuestro equipo especializado ofrece una variedad de tratamientos para aliviar las molestias articulares y musculares, desde ejercicios espec\u00edficos hasta planes de medicaci\u00f3n personalizados, podemos hacer que se sienta mejor en poco tiempo.<\/p>\n<h3>Reemplazo de la articulaci\u00f3n<\/h3>\n<p>Desde las caderas hasta los pies, brindamos servicios integrales de reemplazo de articulaciones da\u00f1adas o enfermas. Experimente resultados seguros y precisos con nuestras t\u00e9cnicas de \u00faltima generaci\u00f3n.<\/p>\n<h3>Terapia f\u00edsica<\/h3>\n<p>Ya sea que se est\u00e9 preparando para una cirug\u00eda o est\u00e9 buscando opciones de recuperaci\u00f3n no invasivas, nuestros programas de fisioterapia est\u00e1n dise\u00f1ados para optimizar la curaci\u00f3n musculoesquel\u00e9tica a trav\u00e9s de ejercicios guiados por expertos y estrategias de rehabilitaci\u00f3n.<\/p>\n<h3>Medicina regenerativa<\/h3>\n<p>Podemos ayudar a las capacidades curativas naturales de su cuerpo con t\u00e9cnicas regenerativas como la terapia con <a href=\"https:\/\/newsnetwork.mayoclinic.org\/discussion\/platelet-rich-plasma-a-regenerative-approach-to-healing-chronic-wounds\/\" target=\"_blank\" rel=\"noopener\">plasma rico en plaquetas (PRP). <\/a> Nuestras t\u00e9cnicas y terapias pueden abordar eficazmente afecciones como tendinitis, bursitis y artritis.<\/p>\n<h3>Fracturas de hueso<\/h3>\n<p>Nos especializamos en el tratamiento de fracturas, desde lesiones menores por estr\u00e9s hasta roturas completas. Nuestro enfoque integral incluye opciones no quir\u00fargicas y m\u00ednimamente invasivas para promover una curaci\u00f3n eficiente.<\/p>\n<h3>Refuerzo y fundici\u00f3n<\/h3>\n<p>Para fracturas y lesiones que requieren estabilizaci\u00f3n, nuestros servicios expertos de aparatos ortop\u00e9dicos y yesos brindan soluciones personalizadas para la pierna, el tobillo, el pie, el brazo, la mu\u00f1eca y la mano. Conf\u00ede en nuestro equipo para obtener un apoyo y una recuperaci\u00f3n \u00f3ptimos.<\/p>\n<h3>Cirug\u00eda Ortop\u00e9dica<\/h3>\n<p>Ofrecemos una amplia gama de procedimientos quir\u00fargicos para ayudar a abordar afecciones de la columna, incluida la estenosis espinal, la hernia de disco y la enfermedad degenerativa del disco. Estos tienen como objetivo mejorar la movilidad, aliviar el dolor y restaurar la funci\u00f3n <a href=\"https:\/\/www.gaspineortho.com\/es\/atlanta\/neurologia\/\">neurol\u00f3gica<\/a>.<\/p>\n<h3>Tratamientos de columna no quir\u00fargicos<\/h3>\n<p>Ofrecemos una amplia gama de tratamientos no quir\u00fargicos especializados que incluyen medicamentos recetados, inyecciones epidurales de esteroides, ablaci\u00f3n por radiofrecuencia, tratamientos psicol\u00f3gicos como terapia cognitivo conductual (TCC), acupuntura, inyecciones en las articulaciones epidurales o sacroil\u00edacas y m\u00e1s.<\/p>\n<p>Nuestro equipo de m\u00e9dicos compasivos y capacitados tiene experiencia en el manejo del dolor, <a href=\"https:\/\/www.gaspineortho.com\/es\/atlanta\/cirugia-ortopedica\/\">cirug\u00eda ortop\u00e9dica<\/a>, tratamientos no invasivos de la columna y m\u00e1s. Siempre personalizamos las plantas de tratamiento para adaptarlas a su situaci\u00f3n y necesidades \u00fanicas.<\/p>\n<h2>Gestionemos su tratamiento de lesiones en el lugar de trabajo<\/h2>\n<p>Georgia Spine &amp; Orthopaedics comprende lo importante que es recibir atenci\u00f3n lo antes posible. Cuando programe una cita con nuestra cl\u00ednica, comenzaremos a trabajar para brindarle toda la informaci\u00f3n que necesita. Su primera cita consistir\u00e1 en diagnosticar completamente su lesi\u00f3n, adem\u00e1s de personalizar su tratamiento, y luego lo asignar\u00e1n al m\u00e9dico adecuado.<\/p>\n<p>Ll\u00e1menos hoy para programar una cita y comenzar su viaje hacia una recuperaci\u00f3n completa de su lesi\u00f3n laboral.<\/p>\n","protected":false},"excerpt":{"rendered":"<p>Las lesiones laborales son bastante comunes y algunas son debilitantes. La mayor\u00eda de las lesiones laborales se desarrollan debido a un entorno laboral peligroso, exposici\u00f3n a algo da\u00f1ino para el cuerpo y grandes exigencias f\u00edsicas. Ya sea por una ca\u00edda en el trabajo o por desarrollar tendinitis por hacer los mismos movimientos f\u00edsicos repetidamente, una [&hellip;]<\/p>\n","protected":false},"author":44,"featured_media":0,"parent":7148,"menu_order":0,"comment_status":"closed","ping_status":"closed","template":"","meta":{"_acf_changed":false,"footnotes":""},"categories":[],"tags":[],"class_list":["post-7353","page","type-page","status-publish","hentry"],"acf":[],"_links":{"self":[{"href":"https:\/\/www.gaspineortho.com\/es\/wp-json\/wp\/v2\/pages\/7353","targetHints":{"allow":["GET"]}}],"collection":[{"href":"https:\/\/www.gaspineortho.com\/es\/wp-json\/wp\/v2\/pages"}],"about":[{"href":"https:\/\/www.gaspineortho.com\/es\/wp-json\/wp\/v2\/types\/page"}],"author":[{"embeddable":true,"href":"https:\/\/www.gaspineortho.com\/es\/wp-json\/wp\/v2\/users\/44"}],"replies":[{"embeddable":true,"href":"https:\/\/www.gaspineortho.com\/es\/wp-json\/wp\/v2\/comments?post=7353"}],"version-history":[{"count":10,"href":"https:\/\/www.gaspineortho.com\/es\/wp-json\/wp\/v2\/pages\/7353\/revisions"}],"predecessor-version":[{"id":9370,"href":"https:\/\/www.gaspineortho.com\/es\/wp-json\/wp\/v2\/pages\/7353\/revisions\/9370"}],"up":[{"embeddable":true,"href":"https:\/\/www.gaspineortho.com\/es\/wp-json\/wp\/v2\/pages\/7148"}],"wp:attachment":[{"href":"https:\/\/www.gaspineortho.com\/es\/wp-json\/wp\/v2\/media?parent=7353"}],"wp:term":[{"taxonomy":"category","embeddable":true,"href":"https:\/\/www.gaspineortho.com\/es\/wp-json\/wp\/v2\/categories?post=7353"},{"taxonomy":"post_tag","embeddable":true,"href":"https:\/\/www.gaspineortho.com\/es\/wp-json\/wp\/v2\/tags?post=7353"}],"curies":[{"name":"wp","href":"https:\/\/api.w.org\/{rel}","templated":true}]}}