{"id":7347,"date":"2020-12-08T16:35:28","date_gmt":"2020-12-08T21:35:28","guid":{"rendered":"https:\/\/www.gaspineortho.com\/atlanta\/truck-accident-injury-treatment\/"},"modified":"2024-07-22T13:31:25","modified_gmt":"2024-07-22T18:31:25","slug":"tratamiento-de-lesiones-por-accidente-de-camion","status":"publish","type":"page","link":"https:\/\/www.gaspineortho.com\/es\/atlanta\/tratamiento-de-lesiones-por-accidente-de-camion\/","title":{"rendered":"Tratamiento de lesiones por accidentes de camiones en Atlanta"},"content":{"rendered":"<p>Verse involucrado en un accidente de cami\u00f3n es la peor pesadilla de todo usuario de la v\u00eda. Dado el tama\u00f1o y el peso de este tipo de veh\u00edculos, las lesiones por accidentes de camiones tienden a ser m\u00e1s graves que las sufridas en accidentes entre veh\u00edculos normales y, a menudo, tienen consecuencias a largo plazo en las vidas de las v\u00edctimas.<\/p>\n<p>Si ha estado involucrado en un accidente de cami\u00f3n en Atlanta, necesita atenci\u00f3n m\u00e9dica inmediata y profesional para recuperar su salud y minimizar el impacto en su vida diaria. En Georgia Spine and Orthopaedics en Atlanta, nos especializamos en diagnosticar y tratar lesiones resultantes de accidentes de camiones.<\/p>\n<p>Nuestro equipo se dedica a ayudar a las v\u00edctimas a lidiar con el dolor y el malestar, restaurar la fuerza y \u200b\u200bla funci\u00f3n en las \u00e1reas afectadas, mejorar su calidad de vida general y lograr una recuperaci\u00f3n r\u00e1pida y completa a trav\u00e9s de planes de tratamiento personalizados, estrategias de rehabilitaci\u00f3n efectivas y atenci\u00f3n compasiva.<\/p>\n<p>\u00bfPor qu\u00e9 esperar? Cont\u00e1ctenos hoy en <a href=\"tel:+16789294494\"><i class=\"fa fa-phone-alt\"><\/i>678-929-4494<\/a> para comenzar su viaje hacia la recuperaci\u00f3n.<\/p>\n<h2>\u00bfQu\u00e9 debo hacer despu\u00e9s de un accidente de cami\u00f3n?<\/h2>\n<p>Estar involucrado en un accidente de cami\u00f3n es sin duda una de las experiencias m\u00e1s aterradoras y abrumadoras. Sin embargo, es crucial asegurarse de mantener la calma en medio de todo el caos y tomar todas las medidas necesarias para proteger sus derechos legales y su bienestar.<\/p>\n<p>Esto es lo que debe hacer despu\u00e9s de un accidente de cami\u00f3n.<\/p>\n<h3>Contacta con la polic\u00eda<\/h3>\n<p>Uno de los primeros y m\u00e1s importantes pasos a seguir despu\u00e9s de un accidente de cami\u00f3n es contactar a los servicios de emergencia. Involucrar a la polic\u00eda ayuda a garantizar que el accidente quede documentado oficialmente, que usted obtenga la asistencia necesaria y que la situaci\u00f3n se maneje de manera segura y efectiva.<\/p>\n<p>Los agentes de polic\u00eda que respondan recopilar\u00e1n toda la informaci\u00f3n disponible, evaluar\u00e1n las lesiones y crear\u00e1n un informe <a href=\"https:\/\/www.atlantapd.org\/services\/central-records-unit\" target=\"_blank\" rel=\"noopener\">formal del accidente<\/a>, que puede resultar muy valioso para reclamaciones de seguros y procedimientos legales.<\/p>\n<h3>Verifique a otras partes involucradas (\u00a1no se vaya!)<\/h3>\n<p>Si puede hacerlo, verifique el bienestar de otras personas involucradas en el accidente. Si alguien resulta herido, solicite asistencia m\u00e9dica de inmediato. Tanto si eres culpable del accidente como si no, es fundamental permanecer en el lugar hasta que llegue la polic\u00eda, ya que salir podr\u00eda tener consecuencias legales.<\/p>\n<h3>Informaci\u00f3n de intercambio<\/h3>\n<p>A continuaci\u00f3n, aseg\u00farese de intercambiar informaci\u00f3n de contacto, detalles del seguro e informaci\u00f3n de la licencia de conducir con el conductor del cami\u00f3n y cualquier otra parte involucrada en el accidente. Aseg\u00farese de anotar o tomar una fotograf\u00eda del n\u00famero de placa, marca, modelo y color del cami\u00f3n. Adem\u00e1s, recopile informaci\u00f3n de contacto de los testigos presentes en el lugar que puedan haber observado el accidente. Adem\u00e1s, recopile informaci\u00f3n de contacto de los testigos presentes en el lugar que puedan haber observado el accidente.<\/p>\n<h3>Grabar la escena<\/h3>\n<p>El siguiente paso importante es documentar la escena del accidente. Usando la c\u00e1mara de su c\u00e1mara o tel\u00e9fono inteligente, tome fotograf\u00edas o videos de la escena desde diferentes \u00e1ngulos. Aseg\u00farese de capturar im\u00e1genes de da\u00f1os del veh\u00edculo, marcas de derrape, condiciones de la carretera, se\u00f1ales de tr\u00e1fico y cualquier otro detalle relevante. Estas im\u00e1genes servir\u00e1n como prueba crucial durante el proceso de reclamaci\u00f3n de seguros o procedimientos legales.<\/p>\n<h3>Nunca admitas la culpa<\/h3>\n<p>Hagas lo que hagas, es imperativo que te abstengas de admitir culpa o de hacer declaraciones que puedan interpretarse como una admisi\u00f3n de responsabilidad. Incluso si cree que pudo haber contribuido al accidente, no se disculpe ni hable sobre las culpas con otras partes involucradas ni con la polic\u00eda. S\u00f3lo proporcione informaci\u00f3n factual sobre lo ocurrido sin asignar culpas.<\/p>\n<h3>Busque atenci\u00f3n m\u00e9dica<\/h3>\n<p>Este paso es crucial no s\u00f3lo para proteger su bienestar sino tambi\u00e9n su derecho legal a una compensaci\u00f3n. Incluso si no se siente gravemente herido, aseg\u00farese de buscar atenci\u00f3n m\u00e9dica profesional despu\u00e9s del accidente. Tenga en cuenta que algunas lesiones, como latigazo cervical o traumatismo interno, pueden estar presentes, pero los s\u00edntomas tardan en manifestarse.<\/p>\n<p>Una evaluaci\u00f3n m\u00e9dica exhaustiva ayudar\u00e1 a identificar cualquier lesi\u00f3n oculta y garantizar\u00e1 que reciba el tratamiento adecuado. Adem\u00e1s, los registros m\u00e9dicos de esta evaluaci\u00f3n pueden servir como prueba de sus lesiones durante las negociaciones del seguro o los procedimientos legales.<\/p>\n<p><a href=\"https:\/\/www.gaspineortho.com\/wp-content\/uploads\/2024\/05\/shutterstock_1455750278-min.jpg\"><img fetchpriority=\"high\" decoding=\"async\" class=\"alignnone size-full wp-image-3465\" src=\"https:\/\/www.gaspineortho.com\/wp-content\/uploads\/2024\/05\/shutterstock_1455750278-min.jpg\" alt=\"Accidente de cami\u00f3n en Atlanta\" width=\"500\" height=\"334\" srcset=\"https:\/\/www.gaspineortho.com\/wp-content\/uploads\/2024\/05\/shutterstock_1455750278-min.jpg 500w, https:\/\/www.gaspineortho.com\/wp-content\/uploads\/2024\/05\/shutterstock_1455750278-min-300x200.jpg 300w\" sizes=\"(max-width: 500px) 100vw, 500px\" \/><\/a><\/p>\n<h3>\u00a1Llame a un abogado de accidentes de camiones de Atlanta!<\/h3>\n<p>Contactar a un abogado de accidentes de camiones en Atlanta deber\u00eda ser una prioridad despu\u00e9s de verse involucrado en un accidente de cami\u00f3n. Los accidentes de camiones a menudo implican cuestiones legales complejas y tener un abogado experimentado de su lado puede marcar la diferencia en el resultado de su caso.<\/p>\n<p>Un abogado calificado lo ayudar\u00e1 a navegar el proceso de reclamos de seguros, reunir pruebas, negociar con las compa\u00f1\u00edas de seguros y, si es necesario, representarlo ante el tribunal.<\/p>\n<h2>\u00bfCu\u00e1les son algunas lesiones comunes por accidentes de camiones?<\/h2>\n<p>Las v\u00edctimas de accidentes de camiones pueden sufrir una amplia gama de lesiones, que var\u00edan en gravedad, desde cortes y contusiones menores hasta discapacidades o muertes que alteran sus vidas. Los informes indican que m\u00e1s del 70% de todas las lesiones y muertes por accidentes de camiones son ocupantes de veh\u00edculos de pasajeros.<\/p>\n<p>Estas son algunas de las lesiones comunes en accidentes de camiones.<\/p>\n<h3>latigazo<\/h3>\n<p>Este es quiz\u00e1s el tipo de lesi\u00f3n m\u00e1s com\u00fan sufrida en accidentes automovil\u00edsticos, incluidos los accidentes de camiones. El <a href=\"https:\/\/www.gaspineortho.com\/es\/lesion-por-latigazo-cervical\/\">latigazo <\/a> cervical ocurre cuando la cabeza y el cuello de un pasajero se sacuden repentinamente hacia adelante y luego hacia atr\u00e1s. Esto puede causar tensi\u00f3n o da\u00f1o a los m\u00fasculos, tendones y ligamentos del cuello, lo que provoca dolor, rigidez y reducci\u00f3n del rango de movimiento.<\/p>\n<h3>Lesiones cerebrales traum\u00e1ticas (TBI)<\/h3>\n<p>La fuerza del impacto en un accidente de cami\u00f3n puede hacer que el cerebro se mueva con fuerza y \u200b\u200bchoque con el interior del cr\u00e1neo, lo que provoca <a href=\"https:\/\/www.gaspineortho.com\/es\/lesion-craneal\/\">lesiones cerebrales traum\u00e1ticas<\/a>.<\/p>\n<h3>Huesos rotos y fracturas<\/h3>\n<p>Los huesos fracturados y rotos son otro tipo com\u00fan de lesi\u00f3n en accidentes de camiones. Las v\u00edctimas pueden sufrir fracturas de huesos en varias partes del cuerpo, incluidos brazos, piernas, costillas, pelvis y columna.<\/p>\n<h3>Lesiones de la m\u00e9dula espinal<\/h3>\n<p>Los accidentes de camiones pueden provocar un <a href=\"https:\/\/www.gaspineortho.com\/es\/lesion-en-la-columna\/\"> traumatismo grave en la m\u00e9dula espinal<\/a> y provocar una par\u00e1lisis parcial o completa.<\/p>\n<h3>Lesiones de tejidos blandos<\/h3>\n<p>Los accidentes de camiones pueden provocar diversas lesiones de tejidos blandos, incluidas torceduras, esguinces y desgarros de m\u00fasculos, tendones y ligamentos.<\/p>\n<h3>Lesiones por quemaduras<\/h3>\n<p>Si un accidente de cami\u00f3n provoca un incendio o una explosi\u00f3n, los ocupantes de los veh\u00edculos pueden sufrir quemaduras que van desde quemaduras leves hasta quemaduras graves de tercer grado.<\/p>\n<h3>Lesiones por aplastamiento<\/h3>\n<p>Quedarse atrapado o inmovilizado debajo de un cami\u00f3n u otros veh\u00edculos puede provocar lesiones por aplastamiento y da\u00f1os a m\u00fasculos, huesos y \u00f3rganos internos.<\/p>\n<h3>Heridas internas<\/h3>\n<p>El traumatismo contundente experimentado en un accidente de cami\u00f3n puede provocar lesiones internas, como <a href=\"https:\/\/www.healthline.com\/health\/internal-bleeding\" target=\"_blank\" rel=\"noopener\">hemorragias internas<\/a> y da\u00f1os a \u00f3rganos.<\/p>\n<p><a href=\"https:\/\/www.gaspineortho.com\/wp-content\/uploads\/2024\/05\/shutterstock_1129652123-min.jpg\"><img decoding=\"async\" class=\"alignnone size-full wp-image-3472\" src=\"https:\/\/www.gaspineortho.com\/wp-content\/uploads\/2024\/05\/shutterstock_1129652123-min.jpg\" alt=\"Lesiones por accidentes de camiones\" width=\"500\" height=\"375\" srcset=\"https:\/\/www.gaspineortho.com\/wp-content\/uploads\/2024\/05\/shutterstock_1129652123-min.jpg 500w, https:\/\/www.gaspineortho.com\/wp-content\/uploads\/2024\/05\/shutterstock_1129652123-min-300x225.jpg 300w\" sizes=\"(max-width: 500px) 100vw, 500px\" \/><\/a><\/p>\n<h2>\u00bfDebo ir a la sala de emergencias o a Georgia Spine &amp; Orthopaedics despu\u00e9s de un accidente de cami\u00f3n?<\/h2>\n<p>Como se se\u00f1al\u00f3, si ha estado involucrado en un accidente de cami\u00f3n, es muy recomendable buscar atenci\u00f3n m\u00e9dica de inmediato. Sin embargo, es posible que se pregunte si deber\u00eda visitar la sala de emergencias o venir a Georgia Spine &amp; Orthopaedics.<\/p>\n<p>La respuesta depender\u00e1 de varios factores, incluida la gravedad de sus lesiones y sus necesidades m\u00e9dicas inmediatas. Si ha sufrido lesiones graves o que ponen en peligro su vida, deber\u00e1 acudir a la sala de emergencias para recibir atenci\u00f3n inmediata y especializada.<\/p>\n<p>Una vez que haya recibido el tratamiento inicial en la sala de emergencias, puede ser necesario realizar un seguimiento con un <a href=\"https:\/\/www.gaspineortho.com\/es\/atlanta\/cirugia-ortopedica\/\">m\u00e9dico ortop\u00e9dico<\/a> en nuestro centro para una evaluaci\u00f3n adicional y atenci\u00f3n continua, especialmente si ha sufrido lesiones ortop\u00e9dicas como huesos rotos, lesiones de la m\u00e9dula espinal o da\u00f1os en los tejidos blandos. .<\/p>\n<p>En Georgia Spine and Orthopaedics, nos especializamos en brindar atenci\u00f3n integral a las lesiones musculoesquel\u00e9ticas resultantes de accidentes automovil\u00edsticos. Ofrecemos evaluaciones integrales, pruebas de diagn\u00f3stico como resonancias magn\u00e9ticas y <a href=\"https:\/\/www.gaspineortho.com\/es\/atlanta\/servicios-de-rayos-x\/\">radiograf\u00edas<\/a>, y planes de tratamiento personalizados para abordar una amplia gama de lesiones y promover una recuperaci\u00f3n r\u00e1pida y completa.<\/p>\n<h2>\u00bfC\u00f3mo pueden ayudar nuestros m\u00e9dicos de accidentes de camiones en Atlanta?<\/h2>\n<p>En Georgia Spine and Orthopaedics, nos especializamos en brindar atenci\u00f3n integral adaptada a sus lesiones y necesidades m\u00e9dicas espec\u00edficas. As\u00ed es como podemos ayudarlo en su proceso de recuperaci\u00f3n despu\u00e9s de un accidente de cami\u00f3n en Atlanta.<\/p>\n<h3>Ayuda para controlar el dolor<\/h3>\n<p>Las v\u00edctimas de accidentes de camiones pueden experimentar distintos niveles de dolor e incomodidad despu\u00e9s del incidente, lo que puede tener un impacto significativo en su vida diaria.<\/p>\n<p>Nuestros especialistas en lesiones por accidentes de camiones en Atlanta en Georgia Spine and Orthopaedics llevar\u00e1n a cabo una evaluaci\u00f3n exhaustiva de sus lesiones, incluidas pruebas de diagn\u00f3stico como radiograf\u00edas, resonancias magn\u00e9ticas y ex\u00e1menes f\u00edsicos para diagnosticar con precisi\u00f3n la fuente de su dolor y desarrollar el plan de tratamiento m\u00e1s adecuado. .<\/p>\n<p>Ofrecen un enfoque multimodal para el <a href=\"https:\/\/www.gaspineortho.com\/es\/atlanta\/el-manejo-del-dolor\/\">manejo del dolor<\/a>, incorporando varias estrategias para aliviarlo de manera efectiva. Esto puede incluir administraci\u00f3n de medicamentos, procedimientos intervencionistas como <a href=\"https:\/\/www.gaspineortho.com\/es\/atlanta\/inyecciones-medicas\/\">inyecciones <\/a> epidurales o bloqueos nerviosos, <a href=\"\/es\/atlanta\/terapia-fisica\/\">fisioterapia<\/a>, <a href=\"https:\/\/www.gaspineortho.com\/es\/atlanta\/quiropractico\/\">atenci\u00f3n quiropr\u00e1ctica<\/a>, acupuntura y otros tratamientos no quir\u00fargicos. Trabajar\u00e1n estrechamente con usted para abordar su dolor y mejorar su calidad de vida.<\/p>\n<h3>Prevenci\u00f3n de da\u00f1os a largo plazo<\/h3>\n<p>No abordar de manera oportuna y adecuada las lesiones musculoesquel\u00e9ticas sufridas en un accidente de cami\u00f3n puede provocar complicaciones a largo plazo, como dolor cr\u00f3nico, deterioro funcional, cambios degenerativos en el sistema musculoesquel\u00e9tico, complicaciones neurol\u00f3gicas y discapacidad a largo plazo.<\/p>\n<p>El equipo de expertos de Georgia Spine and Orthopaedics en Atlanta ayuda a prevenir da\u00f1os y complicaciones a largo plazo mediante una intervenci\u00f3n m\u00e9dica oportuna y planes de tratamiento y programas de rehabilitaci\u00f3n personalizados. Tambi\u00e9n ofrecemos monitoreo continuo y atenci\u00f3n de seguimiento para garantizar que sus lesiones se curen adecuadamente y para abordar cualquier s\u00edntoma o inquietud nueva que pueda surgir.<\/p>\n<h2>\u00a1Llame a Georgia Spine &amp; Orthopaedics hoy mismo!<\/h2>\n<p>Las lesiones por accidentes de camiones pueden tener un impacto grave y a largo plazo en la vida de una persona. Asegurarse de recibir atenci\u00f3n m\u00e9dica adecuada e inmediata es de suma importancia.<\/p>\n<p><a href=\"https:\/\/www.gaspineortho.com\/es\/\">Georgia Spine and Orthopaedics<\/a> se dedica a brindar atenci\u00f3n integral a personas que han sufrido lesiones musculoesquel\u00e9ticas en accidentes de camiones. Nuestro equipo de especialistas ortop\u00e9dicos en Atlanta ofrece evaluaci\u00f3n experta, planes de tratamiento personalizados y apoyo continuo para ayudar a los pacientes a controlar el dolor, prevenir da\u00f1os a largo plazo y lograr una recuperaci\u00f3n \u00f3ptima.<\/p>\n<p>Si ha estado involucrado en un accidente de cami\u00f3n y experimenta dolor o problemas de movilidad, no espere para buscar ayuda. Comun\u00edquese con Georgia Spine and Orthopaedics hoy en <a href=\"tel:+16789294494\"><i class=\"fa fa-phone-alt\"><\/i>678-929-4494<\/a>para programar una consulta con nuestro equipo experimentado. Desarrollaremos un plan de tratamiento personalizado para sus lesiones por accidente de cami\u00f3n y lo devolveremos r\u00e1pidamente al camino hacia la salud y el bienestar.<\/p>\n","protected":false},"excerpt":{"rendered":"<p>Verse involucrado en un accidente de cami\u00f3n es la peor pesadilla de todo usuario de la v\u00eda. Dado el tama\u00f1o y el peso de este tipo de veh\u00edculos, las lesiones por accidentes de camiones tienden a ser m\u00e1s graves que las sufridas en accidentes entre veh\u00edculos normales y, a menudo, tienen consecuencias a largo plazo [&hellip;]<\/p>\n","protected":false},"author":22,"featured_media":0,"parent":7148,"menu_order":4,"comment_status":"closed","ping_status":"closed","template":"","meta":{"_acf_changed":false,"footnotes":""},"categories":[],"tags":[],"class_list":["post-7347","page","type-page","status-publish","hentry"],"acf":[],"_links":{"self":[{"href":"https:\/\/www.gaspineortho.com\/es\/wp-json\/wp\/v2\/pages\/7347","targetHints":{"allow":["GET"]}}],"collection":[{"href":"https:\/\/www.gaspineortho.com\/es\/wp-json\/wp\/v2\/pages"}],"about":[{"href":"https:\/\/www.gaspineortho.com\/es\/wp-json\/wp\/v2\/types\/page"}],"author":[{"embeddable":true,"href":"https:\/\/www.gaspineortho.com\/es\/wp-json\/wp\/v2\/users\/22"}],"replies":[{"embeddable":true,"href":"https:\/\/www.gaspineortho.com\/es\/wp-json\/wp\/v2\/comments?post=7347"}],"version-history":[{"count":11,"href":"https:\/\/www.gaspineortho.com\/es\/wp-json\/wp\/v2\/pages\/7347\/revisions"}],"predecessor-version":[{"id":8824,"href":"https:\/\/www.gaspineortho.com\/es\/wp-json\/wp\/v2\/pages\/7347\/revisions\/8824"}],"up":[{"embeddable":true,"href":"https:\/\/www.gaspineortho.com\/es\/wp-json\/wp\/v2\/pages\/7148"}],"wp:attachment":[{"href":"https:\/\/www.gaspineortho.com\/es\/wp-json\/wp\/v2\/media?parent=7347"}],"wp:term":[{"taxonomy":"category","embeddable":true,"href":"https:\/\/www.gaspineortho.com\/es\/wp-json\/wp\/v2\/categories?post=7347"},{"taxonomy":"post_tag","embeddable":true,"href":"https:\/\/www.gaspineortho.com\/es\/wp-json\/wp\/v2\/tags?post=7347"}],"curies":[{"name":"wp","href":"https:\/\/api.w.org\/{rel}","templated":true}]}}