{"id":7343,"date":"2024-05-13T11:57:14","date_gmt":"2024-05-13T16:57:14","guid":{"rendered":"https:\/\/www.gaspineortho.com\/atlanta\/pedestrian-accident-injury-treatment\/"},"modified":"2025-07-31T10:14:22","modified_gmt":"2025-07-31T15:14:22","slug":"accidente-de-peatones","status":"publish","type":"page","link":"https:\/\/www.gaspineortho.com\/es\/atlanta\/accidente-de-peatones\/","title":{"rendered":"Tratamiento de lesiones por accidentes de peatones en Atlanta"},"content":{"rendered":"<p>Es bien sabido que los peatones son los usuarios de la v\u00eda p\u00fablica m\u00e1s vulnerables del pa\u00eds, y en Atlanta no es diferente. Los peatones, especialmente en las zonas urbanas, corren un riesgo considerable de ser atropellados por coches, lo que puede tener consecuencias mortales. Es por eso que Georgia Spine &amp; Orthopaedics se esfuerza por ofrecer el mejor tratamiento de lesiones por accidentes de peatones en Atlanta para ayudar a las v\u00edctimas de accidentes de peatones a recuperarse de sus lesiones.<\/p>\n<p>Un accidente de peatones con un autom\u00f3vil que se mueve a una velocidad de hasta 40 mph puede causar la muerte. Incluso a velocidades m\u00e1s lentas, el accidente puede provocar lesiones de por vida. Ofrecemos servicios m\u00e9dicos dedicados que se adaptan a las necesidades de cada paciente.<\/p>\n<p>En Georgia Spine &amp; Orthopaedics, puede estar seguro de contar con un atento equipo de expertos que trabajan juntos para ayudarlo a recuperarse. Ll\u00e1menos hoy al <a href=\"tel:+16789294494\"><i class=\"fa fa-phone-alt\"><\/i>678-929-4494<\/a> y obtenga m\u00e1s informaci\u00f3n sobre nuestros servicios de tratamiento de lesiones por accidentes de peatones.<\/p>\n<h2>Causas de accidentes de peatones<\/h2>\n<p>Si bien los accidentes fatales de peatones est\u00e1n aumentando en todo el pa\u00eds, es un problema enorme en Georgia. Nuestro estado tiene una de <a href=\"https:\/\/www.fox5atlanta.com\/news\/georgia-has-one-of-the-highest-pedestrian-fatality-rates-in-the-country-data-shows\" target=\"_blank\" rel=\"noopener\">las tasas de mortalidad por accidentes de peatones m\u00e1s altas del pa\u00eds. <\/a> El <a href=\"https:\/\/www.dot.ga.gov\/GDOT\/Pages\/SeeBeSeen.aspx#:~:text=Georgia%20DOT&#039;s%20SEE%20%26%20BE%20SEEN,342%20people%20killed%20in%202022\" target=\"_blank\" rel=\"noopener\">Departamento de Transpiraci\u00f3n de Georgia (GDOT) <\/a> inform\u00f3 que en 2022-2023, hubo 548 accidentes que involucraron a personas caminando (adem\u00e1s de andar en bicicleta o rodando), lo que result\u00f3 en 324 peatones muertos y numerosas lesiones en Georgia.<\/p>\n<h3>No ceder el derecho de paso<\/h3>\n<p>El derecho de paso es el derecho legal de un automovilista o peat\u00f3n a utilizar la v\u00eda en una parte particular de la v\u00eda o situaci\u00f3n. En caso de que un tr\u00e1fico indique a los peatones que utilicen el cruce de peatones, el automovilista debe permitir que los peatones crucen la calle primero antes de continuar. Las estad\u00edsticas de accidentes de 2022 del GDOT en Atlanta mostraron que el 21% de las muertes de peatones fueron causadas por automovilistas que no cedieron el paso a los peatones.<\/p>\n<p>Sin embargo, lo contrario tambi\u00e9n es cierto si el tr\u00e1fico le indica al automovilista que avance. No ceder el paso puede ser causado por el automovilista o el peat\u00f3n, lo que resulta en un accidente de peatones.<\/p>\n<h3>Drogas y alcohol<\/h3>\n<p>Conducir en estado de ebriedad es un factor importante que contribuye a los accidentes en general y a los accidentes de peatones en particular. Un conductor ebrio corre un alto riesgo de tener un mal juicio. en cuanto a distancias y velocidad. Tambi\u00e9n pueden tener dificultades para notar las se\u00f1ales viales y detectar a los peatones en la v\u00eda, lo que aumenta el riesgo de accidentes.<\/p>\n<p>Lo mismo ocurre con los peatones. Un peat\u00f3n bajo los efectos del alcohol tambi\u00e9n puede tener dificultades para juzgar la velocidad de los autom\u00f3viles y detectar las se\u00f1ales viales, como cu\u00e1ndo cruzar y c\u00f3mo mantenerse seguro mientras usa la carretera.<\/p>\n<h3>Pobre visibilidad<\/h3>\n<p>La mala visibilidad es otra causa importante de accidentes en Atlanta. Puede ser ocasionado por malas condiciones clim\u00e1ticas, veh\u00edculos u objetos al costado de la carretera que obstruyen la visi\u00f3n del conductor de los peatones, malas luces delanteras de un autom\u00f3vil o incluso luces brillantes que brillan sobre los peatones o los ojos del conductor.<\/p>\n<h3>Falta de aceras<\/h3>\n<p>Algunas carreteras en Atlanta est\u00e1n dise\u00f1adas sin aceras seguras para el uso de peatones. En tales casos, los peatones se ven obligados a caminar por la carretera principal junto a veh\u00edculos que circulan r\u00e1pidamente, lo que no es seguro. De hecho, el informe del GDOT mostr\u00f3 que el <a href=\"https:\/\/saportareport.com\/atlantas-pedestrian-death-rate-is-rising-and-worse-in-majority-black-neighborhoods-report-says\/sections\/reports\/johnruch\/\" target=\"_blank\" rel=\"noopener\">63% de las muertes de peatones en 2022-2023 ocurrieron en carreteras que carec\u00edan de aceras.<\/a><\/p>\n<p><a href=\"https:\/\/gaspineortho.kinsta.cloud\/wp-content\/uploads\/2024\/05\/shutterstock_594283319-min.jpg\" target=\"_blank\" rel=\"noopener\"><img fetchpriority=\"high\" decoding=\"async\" class=\"alignnone size-full wp-image-3876\" src=\"https:\/\/gaspineortho.kinsta.cloud\/wp-content\/uploads\/2024\/05\/shutterstock_594283319-min.jpg\" alt=\"Accidente de peatones en Atlanta\" width=\"500\" height=\"334\" srcset=\"https:\/\/www.gaspineortho.com\/wp-content\/uploads\/2024\/05\/shutterstock_594283319-min.jpg 500w, https:\/\/www.gaspineortho.com\/wp-content\/uploads\/2024\/05\/shutterstock_594283319-min-300x200.jpg 300w\" sizes=\"(max-width: 500px) 100vw, 500px\" \/><\/a><\/p>\n<p>Alrededor del 79% de las muertes de peatones en Georgia en 2022-2023 se atribuyeron a peatones. Algunas de las formas en que los peatones contribuyen a los accidentes incluyen caminar distra\u00eddos y cruzar las intersecciones de manera inadecuada.<\/p>\n<h3>Opciones de ropa<\/h3>\n<p>La elecci\u00f3n de la ropa que usa un peat\u00f3n puede contribuir a un accidente de peatones. Usar ropa de tonos oscuros puede hacer que sea dif\u00edcil detectar a alguien, especialmente en condiciones de oscuridad y poca visibilidad. En consecuencia, es posible que el conductor no vea al peat\u00f3n cruzando la calle o usando la intersecci\u00f3n hasta que sea demasiado tarde si usa ropa que haga que se mezcle con el fondo.<\/p>\n<h3>Caminar distra\u00eddo<\/h3>\n<p>Otra forma en que los peatones pueden causar accidentes es al distraerse mientras caminan por la v\u00eda. La distracci\u00f3n al caminar suele deberse al uso de dispositivos electr\u00f3nicos como tel\u00e9fonos inteligentes o c\u00e1maras mientras se camina. Estas distracciones pueden reducir la conciencia del peat\u00f3n de su entorno, incluido el tr\u00e1fico rodado, lo que puede provocar un accidente de tr\u00e1fico y lesiones personales.<\/p>\n<h3>Cruzar una intersecci\u00f3n o una carretera de forma inadecuada<\/h3>\n<p>Cruzar las calles de forma inadecuada es otra forma notable en la que los peatones pueden provocar accidentes. Por ejemplo, cruzar la calle en una secci\u00f3n que no est\u00e1 designada para cruzar la calle (cruzar imprudentemente) pone al peat\u00f3n en un gran riesgo de ser atropellado por un veh\u00edculo. El informe del GDOT mostr\u00f3 que el 95% de las muertes de peatones en 2022-2023 ocurrieron fuera de los cruces peatonales.<\/p>\n<p>Otro ejemplo de cruce inadecuado de una v\u00eda es cuando un peat\u00f3n cruza la v\u00eda en los \u00faltimos segundos antes de un cambio de sem\u00e1foro o antes de que el tr\u00e1fico se despeje despu\u00e9s de un cambio de sem\u00e1foro. En ambos casos, es posible que el conductor no tenga tiempo suficiente para detectar al peat\u00f3n, lo que provoca un accidente de peat\u00f3n.<\/p>\n<h3>Pararse, jugar o trabajar en la carretera<\/h3>\n<p>Estar de pie, demorarse, correr, lanzarse o jugar en la carretera aumenta el riesgo de sufrir accidentes vehiculares. Incluso si el primer conductor ve que usted puede virar para evitar causar un accidente, es probable que el siguiente conductor no lo detecte, lo que provocar\u00e1 un accidente.<\/p>\n<p>En algunos casos, las obras viales en curso pueden afectar el tr\u00e1fico normal y el flujo de peatones, provocando que algunos peatones caminen por donde normalmente no deber\u00edan caminar. Esto aumenta la susceptibilidad del peat\u00f3n a ser atropellado por veh\u00edculos.<\/p>\n<p>Otras causas importantes de accidentes de peatones incluyen la conducci\u00f3n imprudente, el exceso de velocidad, las paradas bruscas, los sem\u00e1foros defectuosos y la conducci\u00f3n que distrae.<\/p>\n<h2>Prevenci\u00f3n de accidentes de peatones<\/h2>\n<p><a href=\"https:\/\/gaspineortho.kinsta.cloud\/wp-content\/uploads\/2024\/05\/shutterstock_301027541-min.jpg\" target=\"_blank\" rel=\"noopener\"><img decoding=\"async\" class=\"alignnone size-full wp-image-3861\" src=\"https:\/\/gaspineortho.kinsta.cloud\/wp-content\/uploads\/2024\/05\/shutterstock_301027541-min.jpg\" alt=\"Pedestrian Accident Injuries\" width=\"500\" height=\"334\" srcset=\"https:\/\/www.gaspineortho.com\/wp-content\/uploads\/2024\/05\/shutterstock_301027541-min.jpg 500w, https:\/\/www.gaspineortho.com\/wp-content\/uploads\/2024\/05\/shutterstock_301027541-min-300x200.jpg 300w\" sizes=\"(max-width: 500px) 100vw, 500px\" \/><\/a><\/p>\n<p>Cuando se trata de accidentes de peatones, es mejor evitarlos. Las consecuencias de un accidente de peatones son nefastas, independientemente de si la culpa es del conductor o del peat\u00f3n. Como peat\u00f3n, siempre haga su parte para mantenerse seguro cuando utilice la carretera siguiendo estas medidas de seguridad:<\/p>\n<ul>\n<li><strong>Utilice los cruces peatonales designados: <\/strong> siga las reglas de tr\u00e1nsito y cruce la calle donde tenga un cruce peatonal designado. Evite cruzar imprudentemente en \u00e1reas con cruce de peatones y donde el tr\u00e1fico se mueve a alta velocidad, como autopistas e interestatales.<\/li>\n<li><strong>Evite caminar por las calles: <\/strong> evite caminar por las calles. Utilice estrictamente las aceras mientras se desplaza a pie. Dicho esto, hay muchos casos en los que es posible que desees caminar hasta una parte del tiempo sin acera. En tales situaciones, camine de cara al tr\u00e1fico y mant\u00e9ngase lo m\u00e1s alejado posible de la carretera.<\/li>\n<li><strong>Preste atenci\u00f3n a los conductores y a su entorno: <\/strong> no asuma que los conductores pueden verlo. Preste especial atenci\u00f3n al cruzar intersecciones muy transitadas, especialmente cuando los conductores giran a la izquierda o a la derecha, incluso cuando usted tiene el derecho de paso. Aseg\u00farese de que el camino est\u00e9 despejado antes de cruzarlo.<\/li>\n<li><strong>Use ropa muy visible mientras camina:<\/strong> siempre que tenga la intenci\u00f3n de caminar, use ropa de colores brillantes y muy visible, especialmente si hay condiciones de poca visibilidad, como mal tiempo u oscuridad.<\/li>\n<li><strong>Evite caminar por las calles en estado de ebriedad: <\/strong> si va a salir por la noche, planifique sus movimientos con mucha anticipaci\u00f3n para evitar caminar mientras su juicio est\u00e9 un poco afectado.<\/li>\n<\/ul>\n<h2>\u00bfC\u00f3mo evaluamos sus lesiones por accidentes de peatones?<\/h2>\n<p>La naturaleza de los accidentes de peatones es provocar lesiones concurrentes que afectan diferentes partes del cuerpo. Por ello, cuando una v\u00edctima de un accidente de peat\u00f3n ingresa a nuestras instalaciones, suele presentar numerosos s\u00edntomas, como n\u00e1useas o v\u00f3mitos, dolor de cabeza y lesiones en la cabeza y la cara, algunos de los cuales pueden ser causados \u200b\u200bpor diferentes dolencias.<\/p>\n<p>Como tal, hemos invertido en las mejores herramientas de diagn\u00f3stico para garantizar que nuestros especialistas en ortopedia puedan identificar la causa exacta del s\u00edntoma, lo cual es esencial para desarrollar un tratamiento y un plan de recuperaci\u00f3n hol\u00edstico, integral y eficaz para usted.<\/p>\n<p>Si bien nos enorgullecemos de nuestra experiencia y conocimiento en el tratamiento de nuestros pacientes con el m\u00e1ximo cuidado y preocupaci\u00f3n, tambi\u00e9n nos enorgullecemos de nuestras inversiones en equipos de diagn\u00f3stico. Y por una buena raz\u00f3n. Por ejemplo, utilizamos tomograf\u00edas computarizadas (TC) para identificar lesiones traum\u00e1ticas en los tejidos que son una gran fuente de dolor para muchas v\u00edctimas de accidentes de peatones.<\/p>\n<p>Tambi\u00e9n utilizamos im\u00e1genes de resonancia magn\u00e9tica para identificar lesiones de tejidos blandos. Finalmente, utilizamos <a href=\"https:\/\/www.gaspineortho.com\/es\/atlanta\/servicios-de-rayos-x\/\">rayos X<\/a> para identificar huesos rotos y dislocaciones en casos de sospecha de fracturas esquel\u00e9ticas.<\/p>\n<p>La combinaci\u00f3n de estas pruebas garantiza que nuestros expertos comprendan la causa fundamental de su dolor y, lo que es m\u00e1s importante, puedan desarrollar un plan de tratamiento que incluya una combinaci\u00f3n de terapias que se adapte a sus condiciones espec\u00edficas.<\/p>\n<p>Ll\u00e1menos al <a href=\"tel:+16789294494\"><i class=\"fa fa-phone-alt\"><\/i>678-929-4494<\/a>para saber c\u00f3mo nuestros diagnosticadores pueden ayudar a identificar d\u00f3nde result\u00f3 herido despu\u00e9s de un accidente de peatones.<\/p>\n<h2>Lesiones comunes por accidentes de peatones<\/h2>\n<p>Como podr\u00e1s apreciar, no hay dos accidentes iguales. Despu\u00e9s de todo, la velocidad del autom\u00f3vil, la ubicaci\u00f3n del accidente y una multitud de otros factores influir\u00e1n en la gravedad del accidente y las lesiones resultantes. Sin embargo, la mayor\u00eda de las v\u00edctimas de accidentes de peatones suelen sufrir una o m\u00e1s de las siguientes lesiones.<\/p>\n<ul>\n<li>Lesiones cerebrales traum\u00e1ticas como hemorragias subaracnoideas, contusiones y fracturas de cr\u00e1neo.<\/li>\n<li>Lesiones de tejidos blandos, especialmente en la <a href=\"https:\/\/www.gaspineortho.com\/es\/lesion-de-espalda\/\">espalda<\/a>, <a href=\"https:\/\/www.gaspineortho.com\/es\/lesion-en-el-hombro\/\">los hombros<\/a> y <a href=\"https:\/\/www.gaspineortho.com\/es\/lesion-en-el-cuello\/\">el cuello<\/a>.<\/li>\n<li>Lesiones de miembros inferiores y pelvis.<\/li>\n<li>Huesos rotos<\/li>\n<li>fracturas de costillas<\/li>\n<li>Lesiones en dientes y boca.<\/li>\n<li><a href=\"https:\/\/www.gaspineortho.com\/es\/lesion-en-la-columna\/\">Lesiones de la m\u00e9dula espinal<\/a><\/li>\n<li>Erupci\u00f3n en la carretera<\/li>\n<\/ul>\n<p>Trabajamos con nuestra muestra representativa de expertos m\u00e9dicos internos para desarrollar un plan de tratamiento eficaz guiado por sus lesiones.<\/p>\n<p><a href=\"https:\/\/gaspineortho.kinsta.cloud\/wp-content\/uploads\/2024\/05\/shutterstock_495722575-min-1.jpg\" target=\"_blank\" rel=\"noopener\"><img decoding=\"async\" class=\"alignnone size-full wp-image-3879\" src=\"https:\/\/gaspineortho.kinsta.cloud\/wp-content\/uploads\/2024\/05\/shutterstock_495722575-min-1.jpg\" alt=\"Tratamiento de lesiones por accidentes de peatones en Atlanta\" width=\"500\" height=\"334\" srcset=\"https:\/\/www.gaspineortho.com\/wp-content\/uploads\/2024\/05\/shutterstock_495722575-min-1.jpg 500w, https:\/\/www.gaspineortho.com\/wp-content\/uploads\/2024\/05\/shutterstock_495722575-min-1-300x200.jpg 300w\" sizes=\"(max-width: 500px) 100vw, 500px\" \/><\/a><\/p>\n<h2>C\u00f3mo tratamos sus lesiones por accidentes de peatones<\/h2>\n<p>La t\u00edpica concurrencia de lesiones en un accidente de peatones requiere la participaci\u00f3n de muchos expertos para garantizar que nuestros pacientes se recuperen bien. Teniendo esto en cuenta, la atenci\u00f3n de nuestros pacientes se realiza de la siguiente manera:<\/p>\n<h3>Atenci\u00f3n Neurol\u00f3gica<\/h3>\n<p>Nuestros expertos en neurotrauma trabajan para diagnosticar lesiones que su cerebro y sistema nervioso habr\u00edan experimentado debido a accidentes. Nuestros especialistas en <a href=\"https:\/\/www.gaspineortho.com\/es\/atlanta\/neurologia\/\">neurolog\u00eda <\/a> desarrollan planes de tratamiento y rehabilitaci\u00f3n personalizados para ayudar en su recuperaci\u00f3n y al mismo tiempo mitigar cualquier posible efecto a largo plazo del trauma.<\/p>\n<h3>Cuidado ortop\u00e9dico<\/h3>\n<p>Nuestros especialistas en ortopedia diagnostican y tratan lesiones resultantes de impactos traum\u00e1ticos en accidentes de peatones, como dislocaciones, da\u00f1os a los tejidos blandos y fracturas. Nuestro equipo capacitado puede realizar <a href=\"https:\/\/www.gaspineortho.com\/es\/atlanta\/cirugia-ortopedica\/\">cirug\u00eda ortop\u00e9dica<\/a>.<\/p>\n<h3>El manejo del dolor<\/h3>\n<p>Finalmente, desarrollamos estrategias hol\u00edsticas e integradas <a href=\"https:\/\/www.gaspineortho.com\/es\/atlanta\/el-manejo-del-dolor\/\">de manejo del dolor<\/a> destinadas a abordar el dolor y ayudar a nuestros pacientes a volver a un estilo de vida activo despu\u00e9s de un accidente.<\/p>\n<p>Es importante destacar que integramos estos tratamientos especializados en un tratamiento hol\u00edstico unificado para garantizar una recuperaci\u00f3n efectiva.<\/p>\n<h2>Georgia Spine &amp; Orthopaedics: el centro de tratamiento de lesiones por accidentes de peatones al que acudir en Atlanta<\/h2>\n<p>La gravedad de las lesiones por accidentes de peatones puede ser grave y durar toda la vida. En <a href=\"\/es\/\">Georgia Spine &amp; Orthopaedics<\/a>, ofrecemos servicios ortop\u00e9dicos y de columna personalizados dise\u00f1ados y optimizados para ayudar en la recuperaci\u00f3n. Ya sea que haya sufrido lesiones graves o menores, tenemos experiencia en la creaci\u00f3n de planes de tratamiento y recuperaci\u00f3n para v\u00edctimas de accidentes de peatones.<\/p>\n<p>Como el principal tratamiento de lesiones por accidentes de peatones en Atlanta, damos la bienvenida a personas sin cita previa. Estamos listos para ayudarlo a recuperarse de un accidente de peatones. Ll\u00e1menos hoy al <a href=\"tel:+16789294494\"><i class=\"fa fa-phone-alt\"><\/i>678-929-4494<\/a> o visite nuestro centro de tratamiento.<\/p>\n","protected":false},"excerpt":{"rendered":"<p>Es bien sabido que los peatones son los usuarios de la v\u00eda p\u00fablica m\u00e1s vulnerables del pa\u00eds, y en Atlanta no es diferente. Los peatones, especialmente en las zonas urbanas, corren un riesgo considerable de ser atropellados por coches, lo que puede tener consecuencias mortales. Es por eso que Georgia Spine &amp; Orthopaedics se esfuerza [&hellip;]<\/p>\n","protected":false},"author":44,"featured_media":0,"parent":7148,"menu_order":0,"comment_status":"closed","ping_status":"closed","template":"","meta":{"_acf_changed":false,"footnotes":""},"categories":[],"tags":[],"class_list":["post-7343","page","type-page","status-publish","hentry"],"acf":[],"_links":{"self":[{"href":"https:\/\/www.gaspineortho.com\/es\/wp-json\/wp\/v2\/pages\/7343","targetHints":{"allow":["GET"]}}],"collection":[{"href":"https:\/\/www.gaspineortho.com\/es\/wp-json\/wp\/v2\/pages"}],"about":[{"href":"https:\/\/www.gaspineortho.com\/es\/wp-json\/wp\/v2\/types\/page"}],"author":[{"embeddable":true,"href":"https:\/\/www.gaspineortho.com\/es\/wp-json\/wp\/v2\/users\/44"}],"replies":[{"embeddable":true,"href":"https:\/\/www.gaspineortho.com\/es\/wp-json\/wp\/v2\/comments?post=7343"}],"version-history":[{"count":8,"href":"https:\/\/www.gaspineortho.com\/es\/wp-json\/wp\/v2\/pages\/7343\/revisions"}],"predecessor-version":[{"id":12766,"href":"https:\/\/www.gaspineortho.com\/es\/wp-json\/wp\/v2\/pages\/7343\/revisions\/12766"}],"up":[{"embeddable":true,"href":"https:\/\/www.gaspineortho.com\/es\/wp-json\/wp\/v2\/pages\/7148"}],"wp:attachment":[{"href":"https:\/\/www.gaspineortho.com\/es\/wp-json\/wp\/v2\/media?parent=7343"}],"wp:term":[{"taxonomy":"category","embeddable":true,"href":"https:\/\/www.gaspineortho.com\/es\/wp-json\/wp\/v2\/categories?post=7343"},{"taxonomy":"post_tag","embeddable":true,"href":"https:\/\/www.gaspineortho.com\/es\/wp-json\/wp\/v2\/tags?post=7343"}],"curies":[{"name":"wp","href":"https:\/\/api.w.org\/{rel}","templated":true}]}}