{"id":7340,"date":"2020-12-10T18:59:28","date_gmt":"2020-12-10T23:59:28","guid":{"rendered":"https:\/\/www.gaspineortho.com\/atlanta\/motorcycle-accident-treatment\/"},"modified":"2024-07-19T15:22:55","modified_gmt":"2024-07-19T20:22:55","slug":"accidentes-de-motocicleta","status":"publish","type":"page","link":"https:\/\/www.gaspineortho.com\/es\/atlanta\/accidentes-de-motocicleta\/","title":{"rendered":"Tratamientos de Accidentes de Moto"},"content":{"rendered":"<p>Los motociclistas son particularmente vulnerables a sufrir lesiones graves y catastr\u00f3ficas despu\u00e9s de un accidente. No hay una jaula de acero que los rodee como los pasajeros de un veh\u00edculo, ni bolsas de aire ni cinturones de seguridad. Las lesiones por accidentes de motocicleta suelen ser devastadoras tanto para el conductor como para el pasajero.<\/p>\n<p>Si estuvo involucrado en un accidente de motocicleta en Atlanta y sufri\u00f3 lesiones, comun\u00edquese con Georgia Spine and Orthopaedics. Somos un centro de tratamiento l\u00edder para lesiones por accidentes de motocicleta y estamos aqu\u00ed para evaluar sus lesiones y brindarle el tratamiento adecuado para ayudarlo a recuperarse.<\/p>\n<p>Si tiene preguntas sobre c\u00f3mo podemos ayudarlo con su lesi\u00f3n por accidente de motocicleta o incluso el tipo de terapias que ofrecemos o si desea programar una cita, no dude en llamarnos hoy a <a href=\"tel:+16789294494\"><i class=\"fa fa-phone-alt\"><\/i>678-929-4494<\/a>.<\/p>\n<h2>\u00bfCu\u00e1les son algunas lesiones comunes por accidentes de motocicleta?<\/h2>\n<p>Las motocicletas tienen una notoria reputaci\u00f3n en Atlanta y el resto de Estados Unidos y el mundo en general, por causar diversas lesiones traum\u00e1ticas, incluso cuando el motociclista toma las precauciones adecuadas, como usar casco. Las lesiones t\u00edpicas incluyen:<\/p>\n<h3>Erupci\u00f3n en la carretera<\/h3>\n<p><a href=\"https:\/\/www.verywellhealth.com\/road-rash-treatment-1298921\" target=\"_blank\" rel=\"noopener\">La erupci\u00f3n en la carretera<\/a> ocurre cuando el pavimento entra en contacto con la piel del ciclista. Es una lesi\u00f3n exclusiva de los motociclistas, ya que no hay nada entre el motociclista y la carretera. En ocasiones, el accidente puede provocar que el ciclista salga despedido de la bicicleta y se deslice por la carretera.<\/p>\n<p>Idealmente, el conductor deber\u00eda usar alg\u00fan tipo de equipo de protecci\u00f3n, pero a menudo no hay mucho para proteger el cuerpo de las erupciones en la carretera. El concreto puede raspar la piel, lo que termina pareci\u00e9ndose a quemaduras. Los casos muy graves de sarpullido en la carretera requieren injertos de piel para repararlos.<\/p>\n<p>Otro problema desafortunado con las erupciones en la carretera es que los residuos pueden alojarse f\u00e1cilmente en el cuerpo una vez que se ha raspado la piel. Si esto no se trata adecuadamente, puede provocar una infecci\u00f3n grave.<\/p>\n<h3>Fracturas<\/h3>\n<p>Los accidentes de motocicleta a menudo implican que la bicicleta se caiga de alguna manera. Desafortunadamente, esto suele suceder tan r\u00e1pido que el ciclista no tiene tiempo suficiente para quitar las piernas del camino. Entonces, en muchos casos, la bicicleta cae sobre la pierna del ciclista y se fractura.<\/p>\n<p>La pierna del conductor tambi\u00e9n puede romperse en caso de impacto si un veh\u00edculo golpea la motocicleta desde un lado. Una vez m\u00e1s, el motociclista no tiene tiempo suficiente para apartar la pierna, lo que provoca que \u00e9sta quede aplastada entre la moto y el coche.<\/p>\n<p>Las fracturas de brazo y mu\u00f1eca tambi\u00e9n son muy comunes en los accidentes de motocicleta. Como la mayor\u00eda de las personas, su instinto es intentar usar las manos para frenar una ca\u00edda. Sin embargo, si usted cae de una motocicleta, es mucho m\u00e1s probable que se rompa el brazo que que se rompa la ca\u00edda.<\/p>\n<h3>Heridas internas<\/h3>\n<p>Los accidentes de moto suelen dejar heridas externas, pero tambi\u00e9n es com\u00fan encontrar motociclistas que sufren heridas internas tras verse involucrados en un accidente. El intenso traumatismo experimentado por el cuerpo debido al accidente puede provocar hemorragias internas y da\u00f1os a los \u00f3rganos.<\/p>\n<p>El sangrado interno y el da\u00f1o a los \u00f3rganos pueden ser causados \u200b\u200bpor un traumatismo penetrante (cuando un objeto punzante, como escombros o vidrios rotos, penetra la piel) o un traumatismo contundente (un golpe causado por algo duro que no rompe la piel) en un accidente.<\/p>\n<p><a href=\"https:\/\/www.gaspineortho.com\/wp-content\/uploads\/2024\/05\/shutterstock_1849847926-min.jpg\"><img fetchpriority=\"high\" decoding=\"async\" class=\"alignnone wp-image-3489 size-full\" src=\"https:\/\/www.gaspineortho.com\/wp-content\/uploads\/2024\/05\/shutterstock_1849847926-min.jpg\" alt=\"Accidente de motocicleta en Atlanta\" width=\"500\" height=\"281\" srcset=\"https:\/\/www.gaspineortho.com\/wp-content\/uploads\/2024\/05\/shutterstock_1849847926-min.jpg 500w, https:\/\/www.gaspineortho.com\/wp-content\/uploads\/2024\/05\/shutterstock_1849847926-min-300x169.jpg 300w\" sizes=\"(max-width: 500px) 100vw, 500px\" \/><\/a><\/p>\n<h3>Heridas en la cabeza<\/h3>\n<p>Las lesiones en cuello, cara y cabeza son sin duda unas de las m\u00e1s graves que sufren los motociclistas en accidentes. Lo m\u00e1s obvio es que tales lesiones pueden provocar da\u00f1os f\u00edsicos permanentes o incluso la muerte.<\/p>\n<p><a href=\"https:\/\/www.gaspineortho.com\/es\/lesion-craneal\/\">Las lesiones en la cabeza<\/a> pueden causar da\u00f1o cerebral, conmoci\u00f3n cerebral, inflamaci\u00f3n y hemorragia cerebral, fracturas de cr\u00e1neo o incluso par\u00e1lisis. Las lesiones en la cabeza a menudo resultan en p\u00e9rdida de memoria, coordinaci\u00f3n, habilidades motoras, problemas del habla y la visi\u00f3n, ansiedad y depresi\u00f3n.<\/p>\n<p>Las narices rotas, los p\u00f3mulos, las mand\u00edbulas y los dientes rotos requieren cirug\u00eda reconstructiva y pueden provocar cicatrices permanentes. Por otro lado, las <a href=\"https:\/\/www.gaspineortho.com\/es\/lesion-en-el-cuello\/\">lesiones del cuello<\/a> van desde tendones da\u00f1ados y latigazos cervicales hasta nervios, ligamentos y m\u00fasculos tensos.<\/p>\n<h3>Lesi\u00f3n cerebral traum\u00e1tica (TBI)<\/h3>\n<p>Podr\u00eda decirse que la cabeza es la parte m\u00e1s importante de todo el cuerpo. Alberga el cerebro, que controla el resto del cuerpo. Si sufre un golpe en la cabeza en un accidente de motocicleta, podr\u00eda correr riesgo de sufrir inflamaci\u00f3n cerebral, conmoci\u00f3n cerebral, hemorragia cerebral o incluso algo peor.<\/p>\n<p>Si se golpea la cabeza durante un accidente de motocicleta, es posible que le preocupe una conmoci\u00f3n cerebral o cualquiera de las lesiones antes mencionadas, pero <a href=\"https:\/\/www.mayoclinic.org\/diseases-conditions\/traumatic-brain-injury\/symptoms-causes\/syc-20378557\" target=\"_blank\" rel=\"noopener\">una lesi\u00f3n cerebral traum\u00e1tica (LCT)<\/a> deber\u00eda ser el principal motivo de preocupaci\u00f3n. La TBI ocurre por un traumatismo repentino y violento en la cabeza, incluso cuando se usa casco.<\/p>\n<p>Las TBI son particularmente traumatizantes para las v\u00edctimas, ya que el impacto de la lesi\u00f3n cerebral es de gran alcance. Puede terminar afectando la forma en que percibe el mundo, su capacidad para mover las extremidades o hablar, o cualquier cantidad de funciones corporales subconscientes.<\/p>\n<h3>Lesiones de la m\u00e9dula espinal<\/h3>\n<p>La m\u00e9dula espinal juega un papel importante ya que es esencialmente el sistema de retransmisi\u00f3n entre el cerebro y el resto del cuerpo. Si se da\u00f1a o incluso se corta en un accidente de motocicleta, esto puede terminar afect\u00e1ndote por el resto de tu vida.<\/p>\n<p><a href=\"https:\/\/www.gaspineortho.com\/es\/lesion-en-el-cuello\/\">Las lesiones de la m\u00e9dula espinal<\/a> son de 2 formas:<\/p>\n<ul>\n<li>Parcial<\/li>\n<li>Completo<\/li>\n<\/ul>\n<p>Las personas que sufren lesiones parciales de la m\u00e9dula espinal conservan cierto nivel de funci\u00f3n motora y sensaci\u00f3n por debajo del punto de la lesi\u00f3n, pero existen muchos grados de gravedad. Las lesiones completas de la m\u00e9dula espinal, por otro lado, implican una separaci\u00f3n total de la m\u00e9dula espinal que resulta en una p\u00e9rdida total del control motor y de la sensaci\u00f3n debajo del punto de la lesi\u00f3n.<\/p>\n<p>Dependiendo de la naturaleza de la lesi\u00f3n de la m\u00e9dula espinal, podr\u00eda haber otras complicaciones secundarias cr\u00f3nicas que incluyen problemas cardiovasculares, osteoporosis, \u00falceras por presi\u00f3n, s\u00edndromes de dolor, complicaciones urinarias e intestinales y problemas respiratorios.<\/p>\n<h2>\u00bfQu\u00e9 debo hacer despu\u00e9s de un accidente de motocicleta en Atlanta?<\/h2>\n<p>Si alguna vez se ve involucrado en un accidente de motocicleta en Atlanta, haga lo siguiente.<\/p>\n<h3>Llama al 911<\/h3>\n<p>Si puede, llame al 911 para que los param\u00e9dicos y la polic\u00eda acudan al lugar del accidente. Luego, la polic\u00eda interrogar\u00e1 a todos los involucrados en el accidente, as\u00ed como a los testigos del accidente, para determinar la culpa del accidente. Responda todas las preguntas de la polic\u00eda con sinceridad.<\/p>\n<h3>Busque atenci\u00f3n m\u00e9dica<\/h3>\n<p>Si ha sufrido lesiones visibles, debe asegurarse de que lo trate un profesional m\u00e9dico competente en un centro acreditado. Tambi\u00e9n debe buscar atenci\u00f3n m\u00e9dica incluso si no tiene lesiones visibles, ya que podr\u00eda haber sufrido lesiones internas en el accidente.<\/p>\n<p><a href=\"https:\/\/www.gaspineortho.com\/wp-content\/uploads\/2024\/05\/shutterstock_1915335706-min.jpg\"><img decoding=\"async\" class=\"alignnone size-full wp-image-3491\" src=\"https:\/\/www.gaspineortho.com\/wp-content\/uploads\/2024\/05\/shutterstock_1915335706-min.jpg\" alt=\"Tratamiento de lesiones por accidentes de motocicleta\" width=\"500\" height=\"334\" srcset=\"https:\/\/www.gaspineortho.com\/wp-content\/uploads\/2024\/05\/shutterstock_1915335706-min.jpg 500w, https:\/\/www.gaspineortho.com\/wp-content\/uploads\/2024\/05\/shutterstock_1915335706-min-300x200.jpg 300w\" sizes=\"(max-width: 500px) 100vw, 500px\" \/><\/a><\/p>\n<h3>Reunir evidencias<\/h3>\n<p>Si puede, use su tel\u00e9fono celular para capturar fotograf\u00edas de la escena del accidente, incluidos los veh\u00edculos involucrados, su motocicleta, las placas de todos los veh\u00edculos involucrados, sus lesiones e incluso las condiciones de la carretera.<\/p>\n<h3>Intercambiar informaci\u00f3n<\/h3>\n<p>Tambi\u00e9n debe intercambiar informaci\u00f3n de contacto y de seguro con el otro conductor o conductores. Si hay testigos presentes, debe asegurarse de obtener su informaci\u00f3n de contacto para que puedan ayudar a corroborar su versi\u00f3n de los hechos.<\/p>\n<h3>Comun\u00edquese con su compa\u00f1\u00eda de seguros<\/h3>\n<p>Su p\u00f3liza de seguro probablemente establezca que debe notificar a su compa\u00f1\u00eda de seguros cuando est\u00e9 involucrado en un accidente. Llame a su aseguradora tan pronto como pueda y proporci\u00f3neles los hechos del accidente.<\/p>\n<h3>P\u00f3ngase en contacto con un abogado de accidentes de motocicleta en Atlanta<\/h3>\n<p>Las lesiones por accidentes de motocicleta suelen ser bastante graves y obtener una indemnizaci\u00f3n suele ser un proceso complejo. Puede beneficiarse significativamente si lo representa un abogado con experiencia en accidentes de motocicleta en Atlanta.<\/p>\n<h2>\u00bfCu\u00e1les son algunos consejos de seguridad para evitar accidentes de motocicleta?<\/h2>\n<p>Aqu\u00ed hay 5 consejos de seguridad para evitar accidentes de motocicleta.<\/p>\n<h3>Siempre usa un casco<\/h3>\n<p>Es muy importante utilizar siempre casco siempre que conduzcas tu motocicleta. Tambi\u00e9n deber\u00edas tener un casco extra para tus pasajeros. Un casco ayuda a minimizar el impacto de un accidente.<\/p>\n<h3>Use el equipo adecuado para el ciclista<\/h3>\n<p>Adem\u00e1s de usar casco, tambi\u00e9n es importante que siempre use ropa, zapatos, guantes y gafas especialmente dise\u00f1ados para conducir una motocicleta de forma segura, como una chaqueta reflectante.<\/p>\n<h3>Tenga cuidado con su entorno<\/h3>\n<p>Puede parecer obvio, pero le sorprender\u00e1 saber que los accidentes de motocicleta a menudo son causados \u200b\u200bpor el comportamiento habitual de los conductores de no prestar plena atenci\u00f3n a su entorno mientras conducen.<\/p>\n<h3>No bebas ni montes<\/h3>\n<p>La \u00fanica forma eficaz de evitar realmente cualquier accidente relacionado con el alcohol es abstenerse de beber justo antes o mientras conduce la motocicleta. El alcohol afecta su juicio y provoca tiempos de respuesta m\u00e1s lentos.<\/p>\n<h3>No conduzca en condiciones clim\u00e1ticas desfavorables<\/h3>\n<p>Las carreteras mojadas y resbaladizas son las peores condiciones a las que se puede enfrentar un motociclista. Los neum\u00e1ticos de bicicleta tienden a tener mucha menos tracci\u00f3n en carreteras resbaladizas que en carreteras secas. En general, es aconsejable evitar por completo conducir con un clima desfavorable.<\/p>\n<h2>\u00bfUsted o un ser querido ha resultado herido en un accidente de motocicleta en Atlanta?<\/h2>\n<p>Entendemos que las lesiones por accidentes de motocicleta pueden ser bastante devastadoras. Si usted o un ser querido result\u00f3 herido recientemente en un accidente de motocicleta en Atlanta, no dude en comunicarse con <a href=\"https:\/\/www.gaspineortho.com\/es\/\">Georgia Spine &amp; Orthopaedics<\/a> hoy.<\/p>\n<p>Nuestro equipo de profesionales m\u00e9dicos experimentados est\u00e1 listo para ayudarlo en su camino hacia la recuperaci\u00f3n de sus lesiones por accidente de motocicleta. Perm\u00edtanos ayudarle a recuperar su movilidad, fuerza y \u200b\u200bcalidad de vida. Ll\u00e1menos hoy al <a href=\"tel:+16789294494\"><i class=\"fa fa-phone-alt\"><\/i>678-929-4494<\/a> para programar su consulta gratuita.<\/p>\n","protected":false},"excerpt":{"rendered":"<p>Los motociclistas son particularmente vulnerables a sufrir lesiones graves y catastr\u00f3ficas despu\u00e9s de un accidente. No hay una jaula de acero que los rodee como los pasajeros de un veh\u00edculo, ni bolsas de aire ni cinturones de seguridad. Las lesiones por accidentes de motocicleta suelen ser devastadoras tanto para el conductor como para el pasajero. [&hellip;]<\/p>\n","protected":false},"author":22,"featured_media":0,"parent":7148,"menu_order":5,"comment_status":"closed","ping_status":"closed","template":"","meta":{"_acf_changed":false,"footnotes":""},"categories":[],"tags":[],"class_list":["post-7340","page","type-page","status-publish","hentry"],"acf":[],"_links":{"self":[{"href":"https:\/\/www.gaspineortho.com\/es\/wp-json\/wp\/v2\/pages\/7340","targetHints":{"allow":["GET"]}}],"collection":[{"href":"https:\/\/www.gaspineortho.com\/es\/wp-json\/wp\/v2\/pages"}],"about":[{"href":"https:\/\/www.gaspineortho.com\/es\/wp-json\/wp\/v2\/types\/page"}],"author":[{"embeddable":true,"href":"https:\/\/www.gaspineortho.com\/es\/wp-json\/wp\/v2\/users\/22"}],"replies":[{"embeddable":true,"href":"https:\/\/www.gaspineortho.com\/es\/wp-json\/wp\/v2\/comments?post=7340"}],"version-history":[{"count":5,"href":"https:\/\/www.gaspineortho.com\/es\/wp-json\/wp\/v2\/pages\/7340\/revisions"}],"predecessor-version":[{"id":8758,"href":"https:\/\/www.gaspineortho.com\/es\/wp-json\/wp\/v2\/pages\/7340\/revisions\/8758"}],"up":[{"embeddable":true,"href":"https:\/\/www.gaspineortho.com\/es\/wp-json\/wp\/v2\/pages\/7148"}],"wp:attachment":[{"href":"https:\/\/www.gaspineortho.com\/es\/wp-json\/wp\/v2\/media?parent=7340"}],"wp:term":[{"taxonomy":"category","embeddable":true,"href":"https:\/\/www.gaspineortho.com\/es\/wp-json\/wp\/v2\/categories?post=7340"},{"taxonomy":"post_tag","embeddable":true,"href":"https:\/\/www.gaspineortho.com\/es\/wp-json\/wp\/v2\/tags?post=7340"}],"curies":[{"name":"wp","href":"https:\/\/api.w.org\/{rel}","templated":true}]}}