{"id":7336,"date":"2020-12-08T16:35:28","date_gmt":"2020-12-08T21:35:28","guid":{"rendered":"https:\/\/www.gaspineortho.com\/atlanta\/car-accident-treatment\/"},"modified":"2024-07-22T10:55:11","modified_gmt":"2024-07-22T15:55:11","slug":"tratamiento-de-accidente-automovilistico","status":"publish","type":"page","link":"https:\/\/www.gaspineortho.com\/es\/atlanta\/tratamiento-de-accidente-automovilistico\/","title":{"rendered":"accidentes automovil\u00edsticos"},"content":{"rendered":"<p>Sufrir un accidente automovil\u00edstico puede ser una experiencia aterradora y hacerte sentir completamente fuera de control. Incluso cuando el accidente es bastante menor, el dolor f\u00edsico y las lesiones sufridas pueden ser debilitantes. E incluso si sobrevive a las lesiones f\u00edsicas, el evento podr\u00eda tener efectos a largo plazo en su bienestar mental.<\/p>\n<p>Si ha sufrido lesiones graves en un accidente automovil\u00edstico en Atlanta, debe actuar con rapidez para asegurarse de curarse r\u00e1pidamente y evitar que se desarrollen m\u00e1s problemas. Nuestra cl\u00ednica de tratamiento de lesiones por accidentes automovil\u00edsticos en Atlanta brinda atenci\u00f3n experta y atenci\u00f3n personalizada para ayudar a tratar sus lesiones y garantizar un camino sin problemas hacia una recuperaci\u00f3n completa.<\/p>\n<p>Llame a <a href=\"tel:+16789294494\"><i class=\"fa fa-phone-alt\"><\/i>678-929-4494<\/a> hoy para hablar con un experto en lesiones por accidentes automovil\u00edsticos en Atlanta en Georgia Spine and Orthopaedics. Nuestro equipo est\u00e1 a la espera para ayudarle a alcanzar la m\u00e1xima recuperaci\u00f3n.<\/p>\n<h2>\u00bfQu\u00e9 debo hacer despu\u00e9s de un accidente automovil\u00edstico?<\/h2>\n<p>Estos son los pasos que debe seguir despu\u00e9s de un accidente automovil\u00edstico en Atlanta.<\/p>\n<h3>Contacta con la polic\u00eda<\/h3>\n<p>Lo primero que debe hacer despu\u00e9s de un accidente automovil\u00edstico en Atlanta es marcar el 911 para informar el accidente. No asuma simplemente que alguien m\u00e1s lo har\u00e1. La otra parte puede intentar persuadirlo para que no solicite asistencia de emergencia por varias razones. Sin embargo, llamar a la polic\u00eda al lugar del accidente garantizar\u00e1 que se env\u00eden los primeros auxilios y se presente un <a href=\"https:\/\/www.atlantapd.org\/services\/central-records-unit\" target=\"_blank\" rel=\"noopener\">informe del accidente<\/a> con todos los detalles sobre el accidente.<\/p>\n<h3>Verifique a otras partes involucradas (\u00a1no se vaya!)<\/h3>\n<p>Nunca abandone el lugar del accidente. En su lugar, mueva su veh\u00edculo a un \u00e1rea segura, si es posible. Aseg\u00farese tambi\u00e9n de controlar a las otras personas involucradas en el accidente. Comience revisando a los pasajeros que ten\u00eda en su veh\u00edculo y luego verifique a los dem\u00e1s conductores.<\/p>\n<p>Si hay ni\u00f1os peque\u00f1os con usted, aseg\u00farese de que puedan realizar movimientos normales sin necesariamente indicar que est\u00e1n en peligro. Tenga en cuenta que es posible que usted sea la \u00fanica persona disponible para brindar primeros auxilios hasta que lleguen los socorristas.<\/p>\n<h3>Intercambiar informaci\u00f3n<\/h3>\n<p>En muchos casos, cuando los agentes de polic\u00eda llegan al lugar del accidente, los testigos de la colisi\u00f3n ya no est\u00e1n. Por eso, siempre es importante identificar a los testigos del accidente. Aseg\u00farese de anotar sus nombres, n\u00fameros de tel\u00e9fono y direcciones. En caso de que el conductor culpable intente cambiar su versi\u00f3n de los hechos, los testigos independientes ser\u00e1n cruciales para demostrar qui\u00e9n fue el responsable del accidente.<\/p>\n<h3>Grabar la escena del accidente<\/h3>\n<p>Hoy en d\u00eda, pr\u00e1cticamente todo el mundo tiene un tel\u00e9fono inteligente con c\u00e1mara, por lo que deber\u00eda haber pocas razones para no tomar fotograf\u00edas del accidente. Aseg\u00farese de capturar todo, desde los da\u00f1os a los veh\u00edculos y las condiciones de la carretera hasta las lesiones que sufri\u00f3. Las fotos y los videos ser\u00e1n invaluables aqu\u00ed. Las im\u00e1genes de la c\u00e1mara del tablero tambi\u00e9n pueden ser de gran ayuda para demostrar qui\u00e9n tuvo la culpa del accidente.<\/p>\n<h3>Busque atenci\u00f3n m\u00e9dica<\/h3>\n<p>Inmediatamente despu\u00e9s del accidente, el shock y la adrenalina pueden enmascarar los s\u00edntomas de ciertas lesiones, lo que podr\u00eda hacer que algunas personas crean que no est\u00e1n heridas. Sin embargo, ciertas lesiones, como <a href=\"https:\/\/www.gaspineortho.com\/es\/lesion-craneal\/\">conmociones <\/a> cerebrales, <a href=\"https:\/\/www.healthline.com\/health\/internal-bleeding\" target=\"_blank\" rel=\"noopener\">hemorragias internas<\/a> y lesiones de tejidos blandos, pueden no ser evidentes de inmediato, pero pueden volverse graves e incluso fatales si no se tratan.<\/p>\n<p>Por lo tanto, acuda al hospital o sala de emergencias m\u00e1s cercana lo antes posible despu\u00e9s del accidente. La detecci\u00f3n y el tratamiento tempranos permitir\u00e1n una curaci\u00f3n oportuna. Adem\u00e1s, no buscar tratamiento m\u00e9dico o retrasar su obtenci\u00f3n puede darle al ajustador del seguro motivos para dudar de que usted no result\u00f3 realmente herido en el accidente para intentar descartar su reclamo.<\/p>\n<p>No asumas que estar\u00e1s bien. Sea evaluado por un especialista en tratamiento de accidentes automovil\u00edsticos en Atlanta de inmediato.<\/p>\n<p><a href=\"https:\/\/www.gaspineortho.com\/wp-content\/uploads\/2024\/05\/shutterstock_1967420284-min.jpg\"><img fetchpriority=\"high\" decoding=\"async\" class=\"alignnone wp-image-3432 size-full\" src=\"https:\/\/www.gaspineortho.com\/wp-content\/uploads\/2024\/05\/shutterstock_1967420284-min.jpg\" alt=\"Accidente automovil\u00edstico en Atlanta\" width=\"500\" height=\"299\" srcset=\"https:\/\/www.gaspineortho.com\/wp-content\/uploads\/2024\/05\/shutterstock_1967420284-min.jpg 500w, https:\/\/www.gaspineortho.com\/wp-content\/uploads\/2024\/05\/shutterstock_1967420284-min-300x179.jpg 300w\" sizes=\"(max-width: 500px) 100vw, 500px\" \/><\/a><\/p>\n<h3>Llame a un abogado de accidentes automovil\u00edsticos de Atlanta<\/h3>\n<p>Siempre debe hablar con su abogado antes de aceptar hablar con las compa\u00f1\u00edas de seguros o presentar un reclamo por un accidente automovil\u00edstico. Un abogado experimentado podr\u00e1 manejar gran parte del papeleo y las negociaciones en su nombre. De esta manera, podr\u00e1 concentrarse en lograr una recuperaci\u00f3n completa, sabiendo que su caso est\u00e1 en manos competentes.<\/p>\n<h2>Tratamiento de lesiones por accidentes automovil\u00edsticos en Atlanta<\/h2>\n<p>Recuperarse completamente de las lesiones por accidentes automovil\u00edsticos requerir\u00e1 algo m\u00e1s que tratamientos m\u00e9dicos y rehabilitaci\u00f3n. A menudo tambi\u00e9n implicar\u00e1 t\u00e9cnicas de recuperaci\u00f3n que se centren en la rehabilitaci\u00f3n, el descanso y la realizaci\u00f3n de cambios positivos en el estilo de vida. Estos desempe\u00f1an un papel importante en su proceso general de recuperaci\u00f3n y pueden ayudarlo a manejar de manera efectiva cualquier problema relacionado con su dolor f\u00edsico y sus lesiones.<\/p>\n<h3>Ayuda para controlar el dolor<\/h3>\n<p><a href=\"https:\/\/www.gaspineortho.com\/es\/atlanta\/el-manejo-del-dolor\/\">El manejo del dolor<\/a> es una de las principales preocupaciones de las v\u00edctimas de accidentes. Nuestros expertos en lesiones por accidentes automovil\u00edsticos en Atlanta suelen utilizar varias t\u00e9cnicas comprobadas para ayudar a mejorar la comodidad del paciente y aliviar cualquier dolor que pueda sentir. Seg\u00fan la gravedad de las lesiones, podr\u00edan recomendar analg\u00e9sicos t\u00f3picos, analg\u00e9sicos y tratamientos no invasivos como acupuntura y ajustes quiropr\u00e1cticos.<\/p>\n<p>Algunas de las t\u00e9cnicas comunes de manejo del dolor incluyen las siguientes.<\/p>\n<h3>medicamentos<\/h3>\n<p>Estos suelen ser necesarios para el manejo del dolor a corto plazo y para ayudar a facilitar su plan de tratamiento general. Se pueden administrar en forma de <a href=\"https:\/\/www.gaspineortho.com\/es\/atlanta\/inyecciones-medicas\/\">inyecciones<\/a>, dirigidas a un \u00e1rea espec\u00edfica, o medicamentos recetados, como los antiinflamatorios no esteroides (AINE), que son eficaces para tratar el dolor agudo.<\/p>\n<h3>Atenci\u00f3n quiropr\u00e1ctica<\/h3>\n<p>Los <a href=\"https:\/\/www.gaspineortho.com\/es\/atlanta\/quiropractico\/\">quiropr\u00e1cticos <\/a> se especializan en el diagn\u00f3stico y tratamiento de afecciones relacionadas con el sistema musculoesquel\u00e9tico, especialmente la columna. A trav\u00e9s de ajustes y manipulaciones, los tratamientos quiropr\u00e1cticos ayudan a minimizar el dolor y restaurar la movilidad, permitiendo al paciente mover sus articulaciones con mayor libertad. Esto puede resultar muy beneficioso para las <a href=\"https:\/\/www.gaspineortho.com\/es\/lesion-en-el-cuello\/\">lesiones de cuello<\/a>, <a href=\"https:\/\/www.gaspineortho.com\/es\/lesion-en-el-cuello\/\">el dolor de espalda<\/a> y la movilidad general.<\/p>\n<h3>Intervenciones Quir\u00fargicas<\/h3>\n<p>A veces, pueden ser necesarias intervenciones quir\u00fargicas para ayudar a reparar algunas lesiones sufridas en un accidente automovil\u00edstico y tratar el dolor resultante. Los huesos rotos, los desgarros graves de ligamentos y lesiones similares pueden requerir <a href=\"https:\/\/www.gaspineortho.com\/es\/atlanta\/cirugia-ortopedica\/\">cirug\u00eda ortop\u00e9dica <\/a> para ayudar a estabilizar y alinear las \u00e1reas afectadas. Las tecnolog\u00edas modernas han hecho que los procedimientos sean menos invasivos pero m\u00e1s eficaces para promover la curaci\u00f3n.<\/p>\n<h3>Aumento de la movilidad<\/h3>\n<p>Aumentar la movilidad es otra parte crucial de la recuperaci\u00f3n. A menudo implica tratamientos como fisioterapia, acupuntura, terapia ocupacional y otras terapias especializadas basadas en las lesiones sufridas. La rehabilitaci\u00f3n generalmente se enfoca en mejorar la movilidad, la funci\u00f3n y la fuerza, esencialmente ayud\u00e1ndolo a recuperar la independencia total y una sensaci\u00f3n de normalidad en su vida diaria.<\/p>\n<h3>Terapia f\u00edsica<\/h3>\n<p><a href=\"https:\/\/www.gaspineortho.com\/es\/atlanta\/terapia-fisica\/\">Los fisioterapeutas<\/a> est\u00e1n capacitados para evaluar sus lesiones y elaborar un plan de tratamiento personalizado que pueda reducir eficazmente el dolor, mejorar la movilidad y restaurar la fuerza. Utilizan una variedad de t\u00e9cnicas que incluyen terapia manual, ejercicios y modalidades como terapia con calor y hielo.<\/p>\n<h3>Terapia de Masajes<\/h3>\n<p>Esta es una terapia pr\u00e1ctica que implica manipular f\u00edsicamente tendones, m\u00fasculos y tejidos blandos para promover la relajaci\u00f3n, aliviar el dolor y ayudar a mejorar la circulaci\u00f3n sangu\u00ednea. Puede ayudar a reducir la rigidez y la tensi\u00f3n muscular, mejorar el rango de movimiento y promover la curaci\u00f3n general.<\/p>\n<h3>Aproximaciones alternativas<\/h3>\n<p>Se pueden utilizar otras terapias no convencionales, como la acupuntura y el reiki, en combinaci\u00f3n con otras t\u00e9cnicas para ayudar a aumentar la movilidad y aliviar el dolor. Sin embargo, siempre es importante consultar con profesionales experimentados para analizar sus necesidades y descubrir las mejores terapias para usted.<\/p>\n<p><a href=\"https:\/\/www.gaspineortho.com\/wp-content\/uploads\/2024\/05\/shutterstock_1694016703-min.jpg\"><img decoding=\"async\" class=\"alignnone wp-image-3435 size-full\" src=\"https:\/\/www.gaspineortho.com\/wp-content\/uploads\/2024\/05\/shutterstock_1694016703-min.jpg\" alt=\"Tratamiento de lesiones por accidentes automovil\u00edsticos\" width=\"500\" height=\"334\" srcset=\"https:\/\/www.gaspineortho.com\/wp-content\/uploads\/2024\/05\/shutterstock_1694016703-min.jpg 500w, https:\/\/www.gaspineortho.com\/wp-content\/uploads\/2024\/05\/shutterstock_1694016703-min-300x200.jpg 300w\" sizes=\"(max-width: 500px) 100vw, 500px\" \/><\/a><\/p>\n<h2>\u00bfC\u00f3mo puede ayudarme la b\u00fasqueda de atenci\u00f3n m\u00e9dica con mi caso de lesiones personales?<\/h2>\n<p>Buscar atenci\u00f3n m\u00e9dica es dolorosamente obvio cuando el accidente automovil\u00edstico y las lesiones resultantes son graves. Pero \u00bfqu\u00e9 pasa con los casos en los que tienes dudas de que tus lesiones sean graves? Bueno, a veces puede resultar tentador no consultar a un m\u00e9dico y dejar que las lesiones desaparezcan por s\u00ed solas.<\/p>\n<p>Sin embargo, siempre se recomienda buscar atenci\u00f3n m\u00e9dica, ya que algunas de estas lesiones aparentemente menores podr\u00edan enmascarar lesiones internas graves, y consultar a un m\u00e9dico tambi\u00e9n puede desempe\u00f1ar un papel importante si termina presentando un reclamo por lesiones personales. As\u00ed es como buscar atenci\u00f3n m\u00e9dica puede ayudar en su caso.<\/p>\n<h3>Documentar sus lesiones<\/h3>\n<p>Cuanto m\u00e1s espere para ver a un m\u00e9dico despu\u00e9s del accidente automovil\u00edstico, m\u00e1s f\u00e1cil ser\u00e1 para el conductor culpable y su aseguradora argumentar que sus lesiones no fueron causadas por el accidente. Buscar atenci\u00f3n m\u00e9dica inmediata ayudar\u00e1 a establecer un v\u00ednculo entre sus lesiones y el accidente. Esto hace que al acusado no le resulte pr\u00e1ctico argumentar que las lesiones se produjeron en otro lugar.<\/p>\n<h3>Requisitos de seguro<\/h3>\n<p>Si sufri\u00f3 lesiones en un accidente automovil\u00edstico, algunas p\u00f3lizas requieren que consulte a un m\u00e9dico calificado para que ciertos tipos de cobertura de seguro entren en vigor. Adem\u00e1s, cuando presente una demanda por lesiones personales relacionadas con lesiones o un reclamo de seguro, necesitar\u00e1 pruebas s\u00f3lidas para respaldar su caso. El conductor culpable y su aseguradora o abogado querr\u00e1n m\u00e1s que su palabra para pagar la totalidad de sus lesiones.<\/p>\n<p>Obtener atenci\u00f3n m\u00e9dica inmediatamente despu\u00e9s de un accidente automovil\u00edstico es importante para proteger su bienestar, seguridad y el \u00e9xito de su reclamo por lesiones personales. Si estuvo involucrado en un accidente automovil\u00edstico en Atlanta, debe buscar atenci\u00f3n m\u00e9dica inmediata para documentar sus lesiones y ayudarlo a obtener la compensaci\u00f3n que merece.<\/p>\n<h2>\u00a1P\u00f3ngase en contacto con nuestro centro de lesiones por accidentes automovil\u00edsticos en Atlanta hoy!<\/h2>\n<p>Los accidentes automovil\u00edsticos pueden ser eventos graves que cambian la vida con un proceso de recuperaci\u00f3n largo y debilitante. Sin embargo, puede recuperarse completamente de sus lesiones y seguir adelante con su vida. El mejor lugar para comenzar es con una evaluaci\u00f3n m\u00e9dica en <a href=\"https:\/\/www.gaspineortho.com\/es\/\"> Georgia Spine and Orthopaedics. <\/a><\/p>\n<p>Nuestros especialistas en lesiones por accidentes automovil\u00edsticos en Atlanta pueden detectar lesiones graves y tratarlas de manera efectiva. Ofrecemos una amplia gama de opciones de tratamiento destinadas a ayudarle a controlar el dolor, mejorar su rango de movilidad y lograr una recuperaci\u00f3n completa.<\/p>\n<p>Si usted o un ser querido result\u00f3 herido en un accidente automovil\u00edstico en Atlanta, no dude en buscar atenci\u00f3n m\u00e9dica. Ll\u00e1menos hoy al <a href=\"tel:+16789294494\"><i class=\"fa fa-phone-alt\"><\/i>678-929-4494<\/a> para hablar con uno de nuestros representantes. Ofrecemos citas el mismo d\u00eda para v\u00edctimas de lesiones por accidentes automovil\u00edsticos.<\/p>\n","protected":false},"excerpt":{"rendered":"<p>Sufrir un accidente automovil\u00edstico puede ser una experiencia aterradora y hacerte sentir completamente fuera de control. Incluso cuando el accidente es bastante menor, el dolor f\u00edsico y las lesiones sufridas pueden ser debilitantes. E incluso si sobrevive a las lesiones f\u00edsicas, el evento podr\u00eda tener efectos a largo plazo en su bienestar mental. Si ha [&hellip;]<\/p>\n","protected":false},"author":22,"featured_media":0,"parent":7148,"menu_order":3,"comment_status":"closed","ping_status":"closed","template":"","meta":{"_acf_changed":false,"footnotes":""},"categories":[],"tags":[],"class_list":["post-7336","page","type-page","status-publish","hentry"],"acf":[],"_links":{"self":[{"href":"https:\/\/www.gaspineortho.com\/es\/wp-json\/wp\/v2\/pages\/7336","targetHints":{"allow":["GET"]}}],"collection":[{"href":"https:\/\/www.gaspineortho.com\/es\/wp-json\/wp\/v2\/pages"}],"about":[{"href":"https:\/\/www.gaspineortho.com\/es\/wp-json\/wp\/v2\/types\/page"}],"author":[{"embeddable":true,"href":"https:\/\/www.gaspineortho.com\/es\/wp-json\/wp\/v2\/users\/22"}],"replies":[{"embeddable":true,"href":"https:\/\/www.gaspineortho.com\/es\/wp-json\/wp\/v2\/comments?post=7336"}],"version-history":[{"count":10,"href":"https:\/\/www.gaspineortho.com\/es\/wp-json\/wp\/v2\/pages\/7336\/revisions"}],"predecessor-version":[{"id":8808,"href":"https:\/\/www.gaspineortho.com\/es\/wp-json\/wp\/v2\/pages\/7336\/revisions\/8808"}],"up":[{"embeddable":true,"href":"https:\/\/www.gaspineortho.com\/es\/wp-json\/wp\/v2\/pages\/7148"}],"wp:attachment":[{"href":"https:\/\/www.gaspineortho.com\/es\/wp-json\/wp\/v2\/media?parent=7336"}],"wp:term":[{"taxonomy":"category","embeddable":true,"href":"https:\/\/www.gaspineortho.com\/es\/wp-json\/wp\/v2\/categories?post=7336"},{"taxonomy":"post_tag","embeddable":true,"href":"https:\/\/www.gaspineortho.com\/es\/wp-json\/wp\/v2\/tags?post=7336"}],"curies":[{"name":"wp","href":"https:\/\/api.w.org\/{rel}","templated":true}]}}