{"id":7329,"date":"2025-07-02T12:22:10","date_gmt":"2025-07-02T17:22:10","guid":{"rendered":"https:\/\/www.gaspineortho.com\/atlanta\/physical-therapy\/"},"modified":"2024-09-09T12:27:13","modified_gmt":"2024-09-09T17:27:13","slug":"terapia-fisica","status":"publish","type":"page","link":"https:\/\/www.gaspineortho.com\/es\/atlanta\/terapia-fisica\/","title":{"rendered":"Fisioterapia"},"content":{"rendered":"<p>La mayor\u00eda de las personas sufren un accidente automovil\u00edstico al menos una vez en la vida. Afortunadamente, la mayor\u00eda son peque\u00f1os golpes en el guardabarros que no causan lesiones graves. Sin embargo, no todas las personas tienen suerte. Seg\u00fan un informe del Consejo Nacional de Seguridad (NSC), cada a\u00f1o se producen al menos 5 millones de lesiones por accidentes automovil\u00edsticos que requieren consulta m\u00e9dica.<\/p>\n<p>Afortunadamente, la mayor\u00eda se recupera sin dolor cr\u00f3nico ni discapacidad, gracias a la atenci\u00f3n m\u00e9dica y la fisioterapia adecuadas en Atlanta. Esta forma de terapia de rehabilitaci\u00f3n generalmente se recomienda para personas que experimentan dolor, entumecimiento, rigidez y problemas de movilidad como resultado de accidentes.<\/p>\n<p>Si est\u00e1s entre ellos, no esperes a que el dolor se convierta en tu compa\u00f1ero constante. Ll\u00e1menos al <a href=\"tel:+16789294494\"><i class=\"fa fa-phone-alt\"><\/i>678-929-4494<\/a> para programar una cita con un profesional calificado en fisioterapia de Atlanta hoy.<\/p>\n<h2>\u00bfQu\u00e9 es la fisioterapia?<\/h2>\n<p>La fisioterapia es un enfoque no invasivo de la atenci\u00f3n m\u00e9dica que ayuda a los pacientes a lograr, mantener y restaurar la funcionalidad f\u00edsica y la movilidad \u00f3ptimas. Proporciona alivio del dolor, ayuda en la recuperaci\u00f3n de lesiones, ayuda a controlar enfermedades cr\u00f3nicas e incluso puede prevenir posibles lesiones futuras. Apta para todas las edades y etapas de la vida, el objetivo principal de la fisioterapia es mejorar la salud y elevar la calidad de vida.<\/p>\n<p>Fisioterapia con valoraci\u00f3n, que incluye una revisi\u00f3n exhaustiva de la historia cl\u00ednica del paciente y un examen f\u00edsico. Con base en esta informaci\u00f3n, el terapeuta dise\u00f1ar\u00e1 un plan de tratamiento personalizado, ofrecer\u00e1 apoyo pr\u00e1ctico durante los ejercicios y realizar\u00e1 un seguimiento del progreso del paciente a lo largo del tiempo.<\/p>\n<h2>\u00bfCu\u00e1ndo necesito fisioterapia despu\u00e9s de un accidente?<\/h2>\n<p>Si bien siempre se recomienda la evaluaci\u00f3n de un m\u00e9dico despu\u00e9s de un accidente, aqu\u00ed hay algunos indicadores de que la fisioterapia puede ser fundamental en su recuperaci\u00f3n:<\/p>\n<ul>\n<li>El dolor que persiste m\u00e1s all\u00e1 de unos pocos d\u00edas, especialmente si empeora con ciertos movimientos o actividades, es una se\u00f1al de alerta. Los fisioterapeutas pueden identificar la fuente del dolor y crear un plan de tratamiento para aliviarlo.<\/li>\n<li>Mareos, v\u00e9rtigo o sensaci\u00f3n de inestabilidad al estar de pie despu\u00e9s de un accidente.<\/li>\n<li>Rango de movimiento reducido<\/li>\n<li>Debilidad muscular<\/li>\n<li>Dificultad con tareas b\u00e1sicas como ba\u00f1arse, vestirse o subir escaleras.<\/li>\n<li>Lesiones persistentes de tejidos blandos como torceduras y esguinces.<\/li>\n<\/ul>\n<p>Tenga en cuenta que la intervenci\u00f3n temprana es clave para prevenir problemas cr\u00f3nicos. Si experimenta alguno de los s\u00edntomas anteriores, no dude en buscar la evaluaci\u00f3n de un fisioterapeuta de Atlanta.<\/p>\n<h2>Herramientas de diagn\u00f3stico de fisioterapia<\/h2>\n<p>Una evaluaci\u00f3n exhaustiva es la base de una fisioterapia eficaz. Esto es lo que puede esperar durante su evaluaci\u00f3n inicial:<\/p>\n<h3>Historia detallada<\/h3>\n<p>El fisioterapeuta recopilar\u00e1 informaci\u00f3n sobre el accidente, su historial m\u00e9dico, los s\u00edntomas actuales y cualquier limitaci\u00f3n que est\u00e9 experimentando.<\/p>\n<h3>Examen f\u00edsico<\/h3>\n<p>A continuaci\u00f3n, realizar\u00e1n una serie de pruebas de movimiento, evaluaciones de fuerza muscular, an\u00e1lisis de la marcha (c\u00f3mo camina) y pruebas espec\u00edficas para evaluar el equilibrio y la coordinaci\u00f3n.<\/p>\n<h3>Pruebas de imagen<\/h3>\n<p>Estos no siempre son necesarios, pero en algunos casos se pueden recomendar <a href=\"https:\/\/www.gaspineortho.com\/es\/atlanta\/servicios-de-rayos-x\/\">radiograf\u00edas<\/a>, resonancias magn\u00e9ticas o ecograf\u00edas para obtener una imagen m\u00e1s clara de la lesi\u00f3n subyacente, especialmente si se sospecha una fractura o un desgarro del ligamento.<br \/>\nCon base en esta evaluaci\u00f3n integral, el fisioterapeuta desarrollar\u00e1 un plan de tratamiento personalizado adaptado a sus necesidades y objetivos espec\u00edficos.<\/p>\n<p><a href=\"https:\/\/www.gaspineortho.com\/wp-content\/uploads\/2024\/05\/shutterstock_1177541623-min.jpg\"><img fetchpriority=\"high\" decoding=\"async\" class=\"alignnone size-full wp-image-3747\" src=\"https:\/\/www.gaspineortho.com\/wp-content\/uploads\/2024\/05\/shutterstock_1177541623-min.jpg\" alt=\"Fisioterapia en Atlanta \" width=\"500\" height=\"334\" srcset=\"https:\/\/www.gaspineortho.com\/wp-content\/uploads\/2024\/05\/shutterstock_1177541623-min.jpg 500w, https:\/\/www.gaspineortho.com\/wp-content\/uploads\/2024\/05\/shutterstock_1177541623-min-300x200.jpg 300w\" sizes=\"(max-width: 500px) 100vw, 500px\" \/><\/a><\/p>\n<h2>Qu\u00e9 esperar de la fisioterapia despu\u00e9s de un accidente<\/h2>\n<p>Las sesiones de fisioterapia suelen durar entre 45 y 60 minutos y inicialmente se programan 2 o 3 veces por semana. La frecuencia puede disminuir a medida que avanza en su viaje de recuperaci\u00f3n. A continuaci\u00f3n se muestra un desglose de lo que podr\u00eda implicar una sesi\u00f3n t\u00edpica:<\/p>\n<h3>Revisi\u00f3n del progreso<\/h3>\n<p>El terapeuta discutir\u00e1 su progreso desde la \u00faltima sesi\u00f3n y cualquier cambio en sus s\u00edntomas.<\/p>\n<h3>Terapia manual<\/h3>\n<p>Esto abarca una variedad de t\u00e9cnicas pr\u00e1cticas como masajes, movilizaci\u00f3n articular y liberaci\u00f3n miofascial (MFR). El masaje puede mejorar la circulaci\u00f3n, reducir la tensi\u00f3n y el dolor muscular y promover la curaci\u00f3n. La movilizaci\u00f3n articular aumenta suavemente el rango de movimiento en una articulaci\u00f3n r\u00edgida. MFR se dirige a puntos gatillo espec\u00edficos en los m\u00fasculos y la fascia (tejido conectivo) para aliviar el dolor y mejorar la flexibilidad.<\/p>\n<h3>Ejercicios terap\u00e9uticos<\/h3>\n<p>Un programa de ejercicio personalizado est\u00e1 dise\u00f1ado para fortalecer los m\u00fasculos debilitados, mejorar la flexibilidad, restablecer el equilibrio y mejorar la coordinaci\u00f3n. Estos ejercicios pueden realizarse en la cl\u00ednica y continuarse en casa para obtener resultados \u00f3ptimos.<\/p>\n<h3>Educaci\u00f3n del paciente<\/h3>\n<p>El m\u00e9dico le informar\u00e1 sobre su lesi\u00f3n, el plan de tratamiento y c\u00f3mo controlar su dolor en casa. Esto podr\u00eda implicar instrucciones sobre la postura adecuada, la mec\u00e1nica corporal y las t\u00e9cnicas de manejo del dolor.<\/p>\n<p>A lo largo de sus sesiones de terapia, la comunicaci\u00f3n abierta con su fisioterapeuta es crucial. Por lo tanto, no dude en hacer preguntas, expresar cualquier inquietud e informar cualquier cambio en sus s\u00edntomas.<\/p>\n<p><img decoding=\"async\" class=\"aligncenter size-large wp-image-7256\" src=\"https:\/\/www.gaspineortho.com\/wp-content\/uploads\/2024\/05\/Physical-Therapy-1-410x1024.png\" alt=\"Qu\u00e9 esperar de la fisioterapia despu\u00e9s de un accidente\" width=\"410\" height=\"1024\" srcset=\"https:\/\/www.gaspineortho.com\/wp-content\/uploads\/2024\/05\/Physical-Therapy-1-410x1024.png 410w, https:\/\/www.gaspineortho.com\/wp-content\/uploads\/2024\/05\/Physical-Therapy-1-120x300.png 120w, https:\/\/www.gaspineortho.com\/wp-content\/uploads\/2024\/05\/Physical-Therapy-1-768x1920.png 768w, https:\/\/www.gaspineortho.com\/wp-content\/uploads\/2024\/05\/Physical-Therapy-1.png 800w\" sizes=\"(max-width: 410px) 100vw, 410px\" \/><\/p>\n<h2>T\u00e9cnicas de fisioterapia para tratar lesiones por accidentes<\/h2>\n<p>Existen varias t\u00e9cnicas de fisioterapia que se pueden utilizar para tratar lesiones por accidentes. Sin embargo, la adecuada depende del tipo de lesi\u00f3n y de su gravedad.<\/p>\n<h3>punci\u00f3n seca<\/h3>\n<p>Este es un m\u00e9todo de fisioterapia m\u00ednimamente inc\u00f3modo y generalmente eficaz para personas con problemas musculoesquel\u00e9ticos. En este procedimiento, un fisioterapeuta certificado inserta una aguja de monofilamento en la piel para tratar los puntos gatillo musculares subyacentes y abordar las alteraciones del movimiento y el dolor neuromusculoesquel\u00e9tico.<\/p>\n<h3>Utilizaci\u00f3n de tazas<\/h3>\n<p>Esta t\u00e9cnica, como su nombre lo indica, consiste en colocar copas sobre la piel para crear succi\u00f3n. Esto aumenta el flujo de energ\u00eda en su cuerpo, facilitando la curaci\u00f3n.<\/p>\n<h3>T\u00e9cnica Graston<\/h3>\n<p>Esta es una forma manual de fisioterapia que utiliza herramientas de acero inoxidable para realizar movilizaciones musculares. Los fisioterapeutas utilizan las herramientas Graston para encontrar primero restricciones o nudos musculares. Luego, utilizan estos dispositivos para romper el tejido y restaurar la movilidad y la funci\u00f3n.<\/p>\n<p><a href=\"https:\/\/www.gaspineortho.com\/wp-content\/uploads\/2024\/05\/shutterstock_435746674-min.jpg\"><img decoding=\"async\" class=\"alignnone size-full wp-image-3757\" src=\"https:\/\/www.gaspineortho.com\/wp-content\/uploads\/2024\/05\/shutterstock_435746674-min.jpg\" alt=\"Fisioterapia en Atlanta\" width=\"500\" height=\"334\" srcset=\"https:\/\/www.gaspineortho.com\/wp-content\/uploads\/2024\/05\/shutterstock_435746674-min.jpg 500w, https:\/\/www.gaspineortho.com\/wp-content\/uploads\/2024\/05\/shutterstock_435746674-min-300x200.jpg 300w\" sizes=\"(max-width: 500px) 100vw, 500px\" \/><\/a><\/p>\n<h2>\u00bfC\u00f3mo podemos ayudarle a recuperarse de una lesi\u00f3n por accidente?<\/h2>\n<p>Somos expertos en movimiento dedicados a ayudarlo a recuperar su fuerza, movilidad e independencia despu\u00e9s de un accidente. As\u00ed es como un fisioterapeuta de Atlanta puede ser su socio en la recuperaci\u00f3n:<\/p>\n<ol>\n<li><strong>Plan de tratamiento personalizado:<\/strong> no existe un enfoque \u00fanico para todos en la fisioterapia. En cambio, su terapeuta dise\u00f1ar\u00e1 un plan de tratamiento espec\u00edfico para su lesi\u00f3n, sus objetivos y su salud en general.<\/li>\n<li><strong>Reducci\u00f3n del dolor:<\/strong> la fisioterapia juega un papel crucial en <a href=\"https:\/\/www.gaspineortho.com\/es\/atlanta\/el-manejo-del-dolor\/\">el control del dolor<\/a> y la reducci\u00f3n de la inflamaci\u00f3n, lo que le permite moverse con mayor facilidad y participar en actividades que disfruta.<\/li>\n<li><strong>Movilidad y flexibilidad mejoradas:<\/strong> a trav\u00e9s de ejercicios espec\u00edficos y t\u00e9cnicas de terapia manual, los fisioterapeutas pueden ayudarlo a recuperar un rango completo de movimiento en sus articulaciones y mejorar la flexibilidad general.<\/li>\n<li><strong>Fuerza y \u200b\u200bresistencia mejoradas:<\/strong> un programa de fortalecimiento personalizado lo ayudar\u00e1 a reconstruir la fuerza muscular y mejorar la resistencia, permiti\u00e9ndole regresar a sus actividades diarias con confianza.<\/li>\n<li><strong>Riesgo reducido de lesiones futuras:<\/strong> la fisioterapia puede abordar los desequilibrios y debilidades subyacentes que pueden haber contribuido a su accidente. Fortalecer estas \u00e1reas puede ayudar a prevenir futuras lesiones.<\/li>\n<li><strong>Educaci\u00f3n y autocontrol:<\/strong> los fisioterapeutas le brindan el conocimiento y las herramientas que necesita para controlar su dolor, prevenir lesiones futuras y mantener su salud a largo plazo.<\/li>\n<\/ol>\n<h2>Tipos de lesiones por accidentes automovil\u00edsticos<\/h2>\n<p>Es importante comprender los distintos tipos de lesiones por accidentes automovil\u00edsticos para que, si usted es una v\u00edctima, pueda determinar si la fisioterapia es el mejor curso de acci\u00f3n. Algunas de las lesiones por accidentes automovil\u00edsticos m\u00e1s comunes incluyen:<\/p>\n<h3>latigazo<\/h3>\n<p>Se trata de una <a href=\"https:\/\/www.gaspineortho.com\/es\/lesion-en-el-cuello\/\">lesi\u00f3n en el cuello<\/a> que se produce como resultado de un tir\u00f3n repentino de la cabeza durante una colisi\u00f3n. La fisioterapia resulta beneficiosa para ayudar a reducir el dolor, la tensi\u00f3n y la rigidez que acompa\u00f1an al <a href=\"https:\/\/www.gaspineortho.com\/es\/lesion-por-latigazo-cervical\/\">latigazo <\/a> cervical.<\/p>\n<h3>Lesiones de espalda y columna vertebral<\/h3>\n<p><a href=\"https:\/\/www.gaspineortho.com\/es\/atlanta\/doctor-en-accidentes-automovilisticos-de-atlanta\/\">Los accidentes automovil\u00edsticos<\/a> pueden causar lesiones en las articulaciones facetarias, hernias de disco y esguinces de columna. La fisioterapia puede abordar <a href=\"https:\/\/www.gaspineortho.com\/es\/lesion-de-espalda\/\">el dolor de espalda<\/a>, mejorar la flexibilidad y la fuerza central y promover la estabilidad de la columna.<\/p>\n<h3>Heridas en la cabeza<\/h3>\n<p>Si bien en casos graves la <a href=\"https:\/\/www.gaspineortho.com\/es\/atlanta\/neurologia\/\">fisioterapia <\/a> suele ser manejada por neur\u00f3logos, puede desempe\u00f1ar un papel en la recuperaci\u00f3n de <a href=\"https:\/\/www.gaspineortho.com\/es\/lesion-craneal\/\"> lesiones leves en la cabeza<\/a>, como conmociones cerebrales. Esto puede implicar ejercicios para mejorar el equilibrio, la coordinaci\u00f3n y la funci\u00f3n cognitiva que pueden verse afectados por una conmoci\u00f3n cerebral.<\/p>\n<h3>lesiones articulares<\/h3>\n<p>Las lesiones en <a href=\"https:\/\/www.gaspineortho.com\/es\/lesion-en-el-hombro\/\">el hombro<\/a>, <a href=\"https:\/\/www.gaspineortho.com\/es\/lesion-de-rodilla\/\">la rodilla<\/a>, el tobillo u otras articulaciones pueden ser consecuencia de un accidente automovil\u00edstico. La fisioterapia ayuda a restaurar el rango de movimiento, fortalecer los m\u00fasculos de soporte y mejorar la estabilidad de las articulaciones.<\/p>\n<h3>Lesiones de tejidos blandos<\/h3>\n<p>Las torceduras, <a href=\"https:\/\/www.mayoclinic.org\/diseases-conditions\/sprains\/symptoms-causes\/syc-20377938\" target=\"_blank\" rel=\"noopener\">esguinces <\/a> y contusiones (moretones) pueden ocurrir en varias partes del cuerpo debido a un accidente. La fisioterapia promueve la curaci\u00f3n, reduce la inflamaci\u00f3n y mejora la flexibilidad en el \u00e1rea afectada.<\/p>\n<h3>Fracturas<\/h3>\n<p>Si bien las fracturas a menudo requieren inmovilizaci\u00f3n inicial, la fisioterapia juega un papel vital en las \u00faltimas etapas de la recuperaci\u00f3n. Los ejercicios de fortalecimiento y el entrenamiento de movilidad ayudan a recuperar fuerza y \u200b\u200brestaurar la funci\u00f3n en el \u00e1rea lesionada.<\/p>\n<h3>Lesiones del manguito rotador<\/h3>\n<p>El manguito rotador es un grupo de tendones y m\u00fasculos que estabilizan la articulaci\u00f3n del hombro. Los accidentes automovil\u00edsticos pueden provocar <a href=\"https:\/\/orthoinfo.aaos.org\/en\/diseases--conditions\/rotator-cuff-tears\/\" target=\"_blank\" rel=\"noopener\">desgarros del manguito rotador<\/a>, lo que provoca dolor, debilidad y dificultad para levantar el brazo. Los ejercicios de fisioterapia pueden fortalecer los m\u00fasculos del manguito rotador, mejorar la estabilidad del hombro y restaurar el movimiento sin dolor.<\/p>\n<h2>\u00a1Consiga un fisioterapeuta que comprenda su dolor!<\/h2>\n<p>Vivir con dolor puede ser agotador tanto f\u00edsica como emocionalmente. Como tal, es recomendable buscar ayuda de un profesional de fisioterapia en Atlanta que pueda dise\u00f1ar un plan de tratamiento personalizado.<\/p>\n<p>En <a href=\"https:\/\/www.gaspineortho.com\/es\/\">Georgia Spine &amp; Orthopaedics<\/a>, reconocemos que la experiencia de dolor de cada individuo es \u00fanica y que no existe una soluci\u00f3n universal para todos los dolores. Por eso creamos planes de fisioterapia personalizados para cada paciente, teniendo en cuenta sus s\u00edntomas, estilo de vida, historial m\u00e9dico y mucho m\u00e1s.<\/p>\n<p>Empleamos herramientas y metodolog\u00edas de vanguardia, lo que garantiza que nos esforzamos por identificar la causa subyacente de su dolor y formular un plan de tratamiento para aliviar su malestar. Despu\u00e9s de todo, es m\u00e1s f\u00e1cil afrontar el dolor despu\u00e9s de descubrir la causa subyacente. \u00a1Llame a nuestras oficinas hoy al <a href=\"tel:+16789294494\"><i class=\"fa fa-phone-alt\"><\/i>678-929-4494<\/a> para comenzar!<\/p>\n","protected":false},"excerpt":{"rendered":"<p>La mayor\u00eda de las personas sufren un accidente automovil\u00edstico al menos una vez en la vida. Afortunadamente, la mayor\u00eda son peque\u00f1os golpes en el guardabarros que no causan lesiones graves. Sin embargo, no todas las personas tienen suerte. Seg\u00fan un informe del Consejo Nacional de Seguridad (NSC), cada a\u00f1o se producen al menos 5 millones [&hellip;]<\/p>\n","protected":false},"author":44,"featured_media":0,"parent":7148,"menu_order":0,"comment_status":"closed","ping_status":"closed","template":"","meta":{"_acf_changed":false,"footnotes":""},"categories":[],"tags":[],"class_list":["post-7329","page","type-page","status-publish","hentry"],"acf":[],"_links":{"self":[{"href":"https:\/\/www.gaspineortho.com\/es\/wp-json\/wp\/v2\/pages\/7329","targetHints":{"allow":["GET"]}}],"collection":[{"href":"https:\/\/www.gaspineortho.com\/es\/wp-json\/wp\/v2\/pages"}],"about":[{"href":"https:\/\/www.gaspineortho.com\/es\/wp-json\/wp\/v2\/types\/page"}],"author":[{"embeddable":true,"href":"https:\/\/www.gaspineortho.com\/es\/wp-json\/wp\/v2\/users\/44"}],"replies":[{"embeddable":true,"href":"https:\/\/www.gaspineortho.com\/es\/wp-json\/wp\/v2\/comments?post=7329"}],"version-history":[{"count":15,"href":"https:\/\/www.gaspineortho.com\/es\/wp-json\/wp\/v2\/pages\/7329\/revisions"}],"predecessor-version":[{"id":9371,"href":"https:\/\/www.gaspineortho.com\/es\/wp-json\/wp\/v2\/pages\/7329\/revisions\/9371"}],"up":[{"embeddable":true,"href":"https:\/\/www.gaspineortho.com\/es\/wp-json\/wp\/v2\/pages\/7148"}],"wp:attachment":[{"href":"https:\/\/www.gaspineortho.com\/es\/wp-json\/wp\/v2\/media?parent=7329"}],"wp:term":[{"taxonomy":"category","embeddable":true,"href":"https:\/\/www.gaspineortho.com\/es\/wp-json\/wp\/v2\/categories?post=7329"},{"taxonomy":"post_tag","embeddable":true,"href":"https:\/\/www.gaspineortho.com\/es\/wp-json\/wp\/v2\/tags?post=7329"}],"curies":[{"name":"wp","href":"https:\/\/api.w.org\/{rel}","templated":true}]}}