{"id":7328,"date":"2024-05-13T12:11:44","date_gmt":"2024-05-13T17:11:44","guid":{"rendered":"https:\/\/www.gaspineortho.com\/atlanta\/personal-injury-doctor\/"},"modified":"2024-07-24T15:50:18","modified_gmt":"2024-07-24T20:50:18","slug":"doctor-en-lesiones-personales","status":"publish","type":"page","link":"https:\/\/www.gaspineortho.com\/es\/atlanta\/doctor-en-lesiones-personales\/","title":{"rendered":"Doctor en lesiones personales de Atlanta"},"content":{"rendered":"<p>Los accidentes pueden desviar su vida. Ya sea el impacto de un accidente automovil\u00edstico, el dolor de una ca\u00edda u otro evento imprevisto, el dolor y el estr\u00e9s que siguen pueden parecer insuperables. Pero aqu\u00ed en Atlanta hay un lugar dedicado a ayudarle a encontrar su equilibrio nuevamente.<\/p>\n<p>Georgia Spine &amp; Orthopaedics entiende que las lesiones no son s\u00f3lo superficiales. Se propagan por su vida y afectan sus emociones, sus finanzas y su bienestar general. Hemos creado un equipo de especialistas apasionados por lograr que usted vuelva a su mejor nivel. Eso significa m\u00e1s que simplemente tratar el dolor: se trata de comprender sus necesidades individuales, dise\u00f1ar un plan de recuperaci\u00f3n solo para usted y apoyarlo en cada etapa.<\/p>\n<p>Los accidentes no vienen con una hoja de ruta, pero la recuperaci\u00f3n s\u00ed. Nuestros m\u00e9dicos de lesiones personales de Atlanta lo ayudar\u00e1n a navegar los giros y vueltas de su viaje de regreso a la salud. Ya sea que se trate de controlar el dolor, restaurar la movilidad o simplemente brindarle un o\u00eddo atento, estamos aqu\u00ed para ayudarlo en cada paso del camino. Ll\u00e1menos hoy al <a href=\"tel:+16789294494\"><i class=\"fa fa-phone-alt\"><\/i>678-929-4494<\/a> para una consulta gratuita.<\/p>\n<h2>\u00bfC\u00f3mo me van a ayudar los m\u00e9dicos de lesiones ortop\u00e9dicas y de columna de GA?<\/h2>\n<p>Creemos en tratar a la persona en su totalidad, no s\u00f3lo la lesi\u00f3n. As\u00ed es como nuestros m\u00e9dicos de lesiones personales de Atlanta pueden ayudarlo.<\/p>\n<p><strong>Diagn\u00f3stico integral:<\/strong> comenzamos con una evaluaci\u00f3n exhaustiva de sus lesiones, utilizando las \u00faltimas herramientas de diagn\u00f3stico para crear una imagen clara de su condici\u00f3n.<\/p>\n<p><strong>Planes de tratamiento personalizados:<\/strong> no hay dos lesiones iguales. Desarrollamos planes de tratamiento personalizados que abordan sus necesidades espec\u00edficas, ya sea <a href=\"https:\/\/www.gaspineortho.com\/es\/atlanta\/el-manejo-del-dolor\/\">manejo del dolor<\/a>, fisioterapia u otras intervenciones especializadas.<\/p>\n<p><strong>Atenci\u00f3n coordinada: <\/strong> nuestro equipo de m\u00e9dicos, fisioterapeutas y especialistas trabajan juntos para garantizar que su tratamiento sea fluido y eficaz.<\/p>\n<p><strong>Orientaci\u00f3n para la recuperaci\u00f3n: <\/strong> lo apoyaremos durante su recuperaci\u00f3n, brind\u00e1ndole educaci\u00f3n y recursos para ayudarlo a sanar y recuperar sus fuerzas.<\/p>\n<p><strong>Defensa:<\/strong> entendemos las complejidades de los casos de lesiones personales. Nuestro equipo trabajar\u00e1 con su abogado (si corresponde) y su compa\u00f1\u00eda de seguros para garantizar que reciba la atenci\u00f3n que necesita.<\/p>\n<p>Nuestro objetivo es capacitarlo para que se haga cargo de su recuperaci\u00f3n y recupere el control de su vida despu\u00e9s de una lesi\u00f3n. Estamos comprometidos a brindarle atenci\u00f3n de la m\u00e1s alta calidad en un entorno compasivo y de apoyo.<\/p>\n<h2>\u00bfQu\u00e9 tratan los m\u00e9dicos de lesiones personales?<\/h2>\n<p>En Georgia Spine &amp; Orthopaedics, nuestros m\u00e9dicos experimentados han ayudado a innumerables personas en Atlanta a recuperarse de una amplia gama de lesiones, que incluyen:<\/p>\n<h3>Lesiones de la columna<\/h3>\n<p>La intrincada red de huesos, discos y nervios que forman la columna es vulnerable a da\u00f1os por accidentes y ca\u00eddas. Cuando esta estructura vital se ve comprometida, las consecuencias pueden ser graves, desde dolor cr\u00f3nico hasta par\u00e1lisis. Nuestro equipo se especializa en diagnosticar y tratar <a href=\"https:\/\/www.gaspineortho.com\/es\/lesion-en-la-columna\/\">lesiones de la columna<\/a>, empleando las \u00faltimas t\u00e9cnicas para aliviar el dolor, restaurar la funci\u00f3n y mejorar la calidad de vida.<\/p>\n<h3>Lesiones de tejidos blandos<\/h3>\n<p>Los m\u00fasculos y ligamentos son los h\u00e9roes an\u00f3nimos de nuestro cuerpo, ya que brindan apoyo y permiten el movimiento. Pero cuando estos tejidos se estiran demasiado o se desgarran, el dolor y la inflamaci\u00f3n resultantes pueden ser debilitantes. Ofrecemos un enfoque integral para el tratamiento de lesiones de tejidos blandos, utilizando terapias que promueven la curaci\u00f3n, reducen la inflamaci\u00f3n y restauran la flexibilidad.<\/p>\n<h3>Lesiones articulares<\/h3>\n<p>Nuestras articulaciones son estructuras complejas que nos permiten movernos libremente y realizar una amplia gama de actividades. Sin embargo, la intrincada interacci\u00f3n de huesos, cart\u00edlagos y ligamentos dentro de una articulaci\u00f3n los hace susceptibles a sufrir lesiones. Ya sea que se trate de un esguince de tobillo por un paso en falso o de un <a href=\"https:\/\/www.gaspineortho.com\/es\/lesion-en-el-hombro\/\">hombro dislocado por una lesi\u00f3n deportiva<\/a>, nuestro equipo se dedica a brindar un tratamiento r\u00e1pido y eficaz para restaurar la funci\u00f3n de las articulaciones y aliviar el dolor.<\/p>\n<h3>Lesiones cerebrales traum\u00e1ticas (TBI)<\/h3>\n<p>El cerebro es el \u00f3rgano m\u00e1s complejo del cuerpo humano y las lesiones en esta delicada estructura pueden tener consecuencias de gran alcance. Las TBI pueden afectar la funci\u00f3n cognitiva, las habilidades motoras y el bienestar emocional.<\/p>\n<p>Nuestro equipo de especialistas est\u00e1 comprometido a brindar atenci\u00f3n integral a personas con lesiones cerebrales traum\u00e1ticas, utilizando un enfoque multidisciplinario que abarca evaluaci\u00f3n <a href=\"https:\/\/www.gaspineortho.com\/es\/atlanta\/neurologia\/\">neurol\u00f3gica<\/a>, terapias de rehabilitaci\u00f3n y apoyo continuo.<\/p>\n<p><a href=\"https:\/\/www.gaspineortho.com\/wp-content\/uploads\/2024\/05\/shutterstock_570241147-min.jpg\"><img fetchpriority=\"high\" decoding=\"async\" class=\"alignnone size-full wp-image-3796\" src=\"https:\/\/www.gaspineortho.com\/wp-content\/uploads\/2024\/05\/shutterstock_570241147-min.jpg\" alt=\"Doctor en lesiones personales de Atlanta\" width=\"500\" height=\"333\" srcset=\"https:\/\/www.gaspineortho.com\/wp-content\/uploads\/2024\/05\/shutterstock_570241147-min.jpg 500w, https:\/\/www.gaspineortho.com\/wp-content\/uploads\/2024\/05\/shutterstock_570241147-min-300x200.jpg 300w\" sizes=\"(max-width: 500px) 100vw, 500px\" \/><\/a><\/p>\n<h2>Causas de lesiones personales<\/h2>\n<p>En Atlanta vemos el impacto de las lesiones todos los d\u00edas. Sabemos que vienen en todas las formas y tama\u00f1os, desde golpes en el guardabarros hasta ca\u00eddas y esos extra\u00f1os accidentes que nunca viste venir.<\/p>\n<h3>Accidentes automovil\u00edsticos<\/h3>\n<p>Metal retorcido, cristales rotos, chirrido de neum\u00e1ticos: un <a href=\"https:\/\/www.gaspineortho.com\/es\/atlanta\/tratamiento-de-accidente-automovilistico\/\">accidente automovil\u00edstico<\/a> puede hacer que te sientas tembloroso y desorientado. En medio del caos, es posible que tu cuerpo haya sufrido lesiones de las que ni siquiera eres consciente todav\u00eda.<\/p>\n<h3>Resbalones y ca\u00eddas<\/h3>\n<p>En un momento est\u00e1s siguiendo con tu d\u00eda y al siguiente est\u00e1s en el suelo, agarrando una cadera magullada o un tobillo torcido. Ya sea que se trate de una superficie resbaladiza, un paso suelto o un simple paso en falso, el impacto de una ca\u00edda puede ser de gran alcance.<\/p>\n<h3>Accidentes Laborales<\/h3>\n<p>Una lesi\u00f3n en el trabajo tambi\u00e9n puede afectar su sustento y su estabilidad financiera. En Georgia Spine &amp; Orthopaedics, estamos comprometidos a ayudar a los <a href=\"https:\/\/www.gaspineortho.com\/es\/atlanta\/tratamiento-de-lesiones-en-el-trabajo\/\">trabajadores lesionados <\/a> a navegar las complejidades de los reclamos de compensaci\u00f3n laboral mientras brindamos atenci\u00f3n m\u00e9dica de primer nivel.<\/p>\n<h3>Lesiones deportivas<\/h3>\n<p>La pasi\u00f3n y el impulso que alimentan el rendimiento deportivo a veces pueden provocar <a href=\"https:\/\/www.hopkinsmedicine.org\/health\/conditions-and-diseases\/overuse-injuries\" target=\"_blank\" rel=\"noopener\">lesiones por uso excesivo<\/a>, torceduras, esguinces e incluso fracturas. Ya sea que sea un atleta profesional o un guerrero de fin de semana, nuestro equipo de especialistas en medicina deportiva lo ayudar\u00e1 a comprender su lesi\u00f3n, desarrollar un plan de tratamiento espec\u00edfico e implementar estrategias para prevenir futuras lesiones, para que pueda continuar persiguiendo sus objetivos atl\u00e9ticos con confianza.<\/p>\n<p><img decoding=\"async\" class=\"aligncenter size-large wp-image-7241\" src=\"https:\/\/www.gaspineortho.com\/wp-content\/uploads\/2024\/05\/9-410x1024.png\" alt=\"Causas de lesiones personales.\" width=\"410\" height=\"1024\" srcset=\"https:\/\/www.gaspineortho.com\/wp-content\/uploads\/2024\/05\/9-410x1024.png 410w, https:\/\/www.gaspineortho.com\/wp-content\/uploads\/2024\/05\/9-120x300.png 120w, https:\/\/www.gaspineortho.com\/wp-content\/uploads\/2024\/05\/9-768x1920.png 768w, https:\/\/www.gaspineortho.com\/wp-content\/uploads\/2024\/05\/9.png 800w\" sizes=\"(max-width: 410px) 100vw, 410px\" \/><\/p>\n<h2>Tratamientos en Georgia Spine &amp; Orthopaedics<\/h2>\n<p>En Georgia Spine &amp; Orthopaedics, creemos que no hay dos lesiones iguales. Es por eso que nos tomamos el tiempo para conocerlo a usted y sus necesidades \u00fanicas. Trabajaremos con usted para crear un plan de tratamiento personalizado que podr\u00eda incluir:<\/p>\n<h3>Medicamento<\/h3>\n<p>El dolor es la forma que tiene tu cuerpo de decirte que algo anda mal, pero no tiene por qu\u00e9 gobernar tu vida. Nuestro equipo trabajar\u00e1 con usted para encontrar la combinaci\u00f3n adecuada de medicamentos para controlar su dolor, permiti\u00e9ndole descansar y recuperarse sin verse marginado por las molestias.<\/p>\n<h3>Terapia f\u00edsica<\/h3>\n<p>Nuestros <a href=\"https:\/\/www.gaspineortho.com\/es\/atlanta\/terapia-fisica\/\">fisioterapeutas <\/a> capacitados actuar\u00e1n como sus mec\u00e1nicos personales, dise\u00f1ando un programa personalizado para abordar sus necesidades espec\u00edficas y ayudarlo a recuperar la fuerza, la flexibilidad y el rango de movimiento que necesita para volver a vivir su vida al m\u00e1ximo.<\/p>\n<h3>Inyecciones<\/h3>\n<p>A veces, el dolor puede persistir como un hu\u00e9sped no deseado que se niega a irse a pesar de sus mejores esfuerzos. Las <a href=\"https:\/\/www.gaspineortho.com\/es\/atlanta\/inyecciones-medicas\/\">inyecciones <\/a> pueden brindar un alivio espec\u00edfico, administrando medicamentos directamente a la fuente del dolor para reducir la inflamaci\u00f3n y promover la curaci\u00f3n.<\/p>\n<h3>Cirug\u00eda<\/h3>\n<p>Si bien la <a href=\"https:\/\/www.gaspineortho.com\/es\/atlanta\/cirugia-ortopedica\/\">cirug\u00eda <\/a> suele ser el \u00faltimo recurso, puede ser una opci\u00f3n que cambie la vida de quienes han agotado otras v\u00edas de tratamiento. Nuestros cirujanos experimentados utilizan las \u00faltimas t\u00e9cnicas m\u00ednimamente invasivas siempre que sea posible, minimizando las cicatrices y el tiempo de recuperaci\u00f3n.<\/p>\n<p><a href=\"https:\/\/www.gaspineortho.com\/wp-content\/uploads\/2024\/05\/shutterstock_495722575-min.jpg\"><img decoding=\"async\" class=\"alignnone size-full wp-image-3794\" src=\"https:\/\/www.gaspineortho.com\/wp-content\/uploads\/2024\/05\/shutterstock_495722575-min.jpg\" alt=\"Doctor en lesiones personales de Atlanta\" width=\"500\" height=\"334\" srcset=\"https:\/\/www.gaspineortho.com\/wp-content\/uploads\/2024\/05\/shutterstock_495722575-min.jpg 500w, https:\/\/www.gaspineortho.com\/wp-content\/uploads\/2024\/05\/shutterstock_495722575-min-300x200.jpg 300w\" sizes=\"(max-width: 500px) 100vw, 500px\" \/><\/a><\/p>\n<h2>How Much Does It Cost to Visit a Personal Injury Doctor?<\/h2>\n<p>Sabemos que lidiar con una lesi\u00f3n es bastante estresante sin tener que preocuparse por las facturas m\u00e9dicas. La buena noticia es que, si su lesi\u00f3n fue causada por la negligencia de otra persona, su seguro deber\u00eda cubrir sus gastos m\u00e9dicos, incluidas sus visitas a nuestros m\u00e9dicos de lesiones personales de Atlanta.<\/p>\n<p>Sin embargo, entendemos que las reclamaciones de seguros pueden resultar confusas. Es por eso que nuestro equipo de Georgia Spine &amp; Orthopaedics trabajar\u00e1 directamente con su compa\u00f1\u00eda de seguros para manejar la documentaci\u00f3n y asegurarse de que su tratamiento est\u00e9 cubierto. Si no tiene seguro, o si la parte culpable no tiene seguro, ofrecemos opciones de pago flexibles para asegurarnos de que reciba la atenci\u00f3n que necesita.<\/p>\n<h2>\u00bfCu\u00e1l es el plazo de recuperaci\u00f3n de lesiones personales?<\/h2>\n<p>La verdad es que no existe una respuesta \u00fanica en lo que respecta al tiempo de recuperaci\u00f3n. Cada lesi\u00f3n es diferente y cada persona se cura a su propio ritmo.<\/p>\n<p>Factores como la gravedad de su lesi\u00f3n, su edad, su salud general y el tipo de tratamiento que recibe pueden afectar el tiempo que lleva recuperarse. Algunas lesiones menores pueden sanar en unas pocas semanas, mientras que las lesiones m\u00e1s graves pueden tardar meses o incluso a\u00f1os.<\/p>\n<p>Lo importante es tener paciencia contigo mismo y con tu cuerpo. Conc\u00e9ntrate en seguir las recomendaciones de tu m\u00e9dico y asistir a todas tus citas. Y recuerde, el equipo de Georgia Spine &amp; Orthopaedics est\u00e1 aqu\u00ed para apoyarlo en cada paso del camino. Supervisaremos su progreso, ajustaremos su plan de tratamiento seg\u00fan sea necesario y le ayudaremos a volver a su vida de la forma m\u00e1s r\u00e1pida y segura posible.<\/p>\n<h2>\u00bfQu\u00e9 debo llevar a mi primera cita con un m\u00e9dico de lesiones personales?<\/h2>\n<p>Queremos que su primera visita sea lo m\u00e1s tranquila posible. Esto es lo que debes traer contigo:<\/p>\n<ul>\n<li><strong>Identificaci\u00f3n:<\/strong> Licencia de conducir u otra forma de identificaci\u00f3n.<\/li>\n<li><strong>Informaci\u00f3n del seguro:<\/strong> Su(s) tarjeta(s) de seguro, si corresponde.<\/li>\n<li><strong>Registros m\u00e9dicos:<\/strong> si ha recibido alg\u00fan tratamiento relacionado con su lesi\u00f3n, traiga esos registros con usted.<\/li>\n<li><strong>Lista de medicamentos:<\/strong> incluya cualquier medicamento recetado, de venta libre o suplemento que est\u00e9 tomando.<\/li>\n<li><strong>Informaci\u00f3n sobre el accidente:<\/strong> si tiene un <a href=\"https:\/\/www.atlantapd.org\/services\/central-records-unit\" target=\"_blank\" rel=\"noopener\"> informe policial<\/a>, fotograf\u00edas o cualquier otro detalle sobre el accidente, tr\u00e1igalos tambi\u00e9n.<\/li>\n<\/ul>\n<p>Incluso si no tienes toda esta informaci\u00f3n, no te preocupes. Todav\u00eda podemos comenzar con su evaluaci\u00f3n y tratamiento.<\/p>\n<h2>Llame a los mejores m\u00e9dicos de lesiones personales en Atlanta<\/h2>\n<p><a href=\"https:\/\/www.gaspineortho.com\/es\/\">Georgia Spine &amp; Orthopaedics<\/a> se compromete a ayudarlo a volver a su vida despu\u00e9s de una lesi\u00f3n. Nuestro equipo de m\u00e9dicos de lesiones personales de Atlanta tiene la experiencia, la compasi\u00f3n y los conocimientos para guiarlo a trav\u00e9s del proceso de recuperaci\u00f3n.<\/p>\n<p>No dejes que el dolor y la incertidumbre te detengan. Cont\u00e1ctenos hoy en <a href=\"tel:+16789294494\"><i class=\"fa fa-phone-alt\"><\/i>678-929-4494<\/a> para programar una cita. Estamos listos para escuchar su historia, comprender sus inquietudes y crear un plan de tratamiento personalizado que aborde sus necesidades espec\u00edficas.<\/p>\n","protected":false},"excerpt":{"rendered":"<p>Los accidentes pueden desviar su vida. Ya sea el impacto de un accidente automovil\u00edstico, el dolor de una ca\u00edda u otro evento imprevisto, el dolor y el estr\u00e9s que siguen pueden parecer insuperables. Pero aqu\u00ed en Atlanta hay un lugar dedicado a ayudarle a encontrar su equilibrio nuevamente. Georgia Spine &amp; Orthopaedics entiende que las [&hellip;]<\/p>\n","protected":false},"author":44,"featured_media":0,"parent":7148,"menu_order":0,"comment_status":"closed","ping_status":"closed","template":"","meta":{"_acf_changed":false,"footnotes":""},"categories":[],"tags":[],"class_list":["post-7328","page","type-page","status-publish","hentry"],"acf":[],"_links":{"self":[{"href":"https:\/\/www.gaspineortho.com\/es\/wp-json\/wp\/v2\/pages\/7328","targetHints":{"allow":["GET"]}}],"collection":[{"href":"https:\/\/www.gaspineortho.com\/es\/wp-json\/wp\/v2\/pages"}],"about":[{"href":"https:\/\/www.gaspineortho.com\/es\/wp-json\/wp\/v2\/types\/page"}],"author":[{"embeddable":true,"href":"https:\/\/www.gaspineortho.com\/es\/wp-json\/wp\/v2\/users\/44"}],"replies":[{"embeddable":true,"href":"https:\/\/www.gaspineortho.com\/es\/wp-json\/wp\/v2\/comments?post=7328"}],"version-history":[{"count":4,"href":"https:\/\/www.gaspineortho.com\/es\/wp-json\/wp\/v2\/pages\/7328\/revisions"}],"predecessor-version":[{"id":8847,"href":"https:\/\/www.gaspineortho.com\/es\/wp-json\/wp\/v2\/pages\/7328\/revisions\/8847"}],"up":[{"embeddable":true,"href":"https:\/\/www.gaspineortho.com\/es\/wp-json\/wp\/v2\/pages\/7148"}],"wp:attachment":[{"href":"https:\/\/www.gaspineortho.com\/es\/wp-json\/wp\/v2\/media?parent=7328"}],"wp:term":[{"taxonomy":"category","embeddable":true,"href":"https:\/\/www.gaspineortho.com\/es\/wp-json\/wp\/v2\/categories?post=7328"},{"taxonomy":"post_tag","embeddable":true,"href":"https:\/\/www.gaspineortho.com\/es\/wp-json\/wp\/v2\/tags?post=7328"}],"curies":[{"name":"wp","href":"https:\/\/api.w.org\/{rel}","templated":true}]}}