{"id":7322,"date":"2024-05-13T01:20:08","date_gmt":"2024-05-13T06:20:08","guid":{"rendered":"https:\/\/www.gaspineortho.com\/atlanta\/orthopedic-surgery\/"},"modified":"2024-09-09T12:27:53","modified_gmt":"2024-09-09T17:27:53","slug":"cirugia-ortopedica","status":"publish","type":"page","link":"https:\/\/www.gaspineortho.com\/es\/atlanta\/cirugia-ortopedica\/","title":{"rendered":"Cirug\u00eda Ortop\u00e9dica de Atlanta"},"content":{"rendered":"<p>El cuerpo humano est\u00e1 formado por sistemas complejos que necesitan trabajar en conjunto para lograr una funcionalidad \u00f3ptima. Una de esas estructuras es el sistema musculoesquel\u00e9tico, una intrincada red de huesos, articulaciones, m\u00fasculos, ligamentos, tendones y cart\u00edlagos, todos ellos importantes para el movimiento, la estabilidad y el apoyo. Los problemas dentro de este sistema pueden afectar significativamente nuestra vida diaria, provocando dolor, movilidad limitada y dificultad para realizar incluso las actividades m\u00e1s b\u00e1sicas.<\/p>\n<p>Aqu\u00ed es donde la cirug\u00eda ortop\u00e9dica entra en escena. Como campo especializado de la medicina, la cirug\u00eda ortop\u00e9dica se centra en el diagn\u00f3stico, tratamiento y prevenci\u00f3n de afecciones que afectan el sistema musculoesquel\u00e9tico. Los cirujanos ortop\u00e9dicos de Georgia Spine &amp; Orthopaedics cuentan con una amplia formaci\u00f3n y experiencia. Esto garantiza que est\u00e9n equipados para abordar una amplia gama de problemas, desde reparar fracturas hasta aliviar el dolor cr\u00f3nico.<\/p>\n<p>Entonces, si ha estado luchando contra el dolor y los problemas de movilidad, no dude en comunicarse llamando a <a href=\"tel:+16789294494\"><i class=\"fa fa-phone-alt\"><\/i>678-929-4494<\/a>.<\/p>\n<h2>\u00bfQu\u00e9 es la cirug\u00eda ortop\u00e9dica?<\/h2>\n<p><a href=\"https:\/\/www.gaspineortho.com\/wp-content\/uploads\/2024\/05\/shutterstock_207938626-min.jpg\"><img fetchpriority=\"high\" decoding=\"async\" class=\"alignnone wp-image-3410 size-full\" src=\"https:\/\/www.gaspineortho.com\/wp-content\/uploads\/2024\/05\/shutterstock_207938626-min.jpg\" alt=\"M\u00e9dico se prepara para cirug\u00eda ortop\u00e9dica con rayos X\" width=\"500\" height=\"334\" srcset=\"https:\/\/www.gaspineortho.com\/wp-content\/uploads\/2024\/05\/shutterstock_207938626-min.jpg 500w, https:\/\/www.gaspineortho.com\/wp-content\/uploads\/2024\/05\/shutterstock_207938626-min-300x200.jpg 300w\" sizes=\"(max-width: 500px) 100vw, 500px\" \/><\/a><\/p>\n<p>La cirug\u00eda ortop\u00e9dica implica el diagn\u00f3stico, tratamiento y rehabilitaci\u00f3n de afecciones que afectan el sistema musculoesquel\u00e9tico. Este sistema incluye huesos, articulaciones, ligamentos, tendones y m\u00fasculos. Los cirujanos ortop\u00e9dicos utilizan t\u00e9cnicas quir\u00fargicas y no quir\u00fargicas para abordar una amplia gama de problemas, con el objetivo de aliviar el dolor, restaurar la funci\u00f3n y prevenir da\u00f1os mayores.<\/p>\n<h2>\u00bfCu\u00e1les son las razones comunes por las que se necesita una cirug\u00eda ortop\u00e9dica?<\/h2>\n<p>La cirug\u00eda ortop\u00e9dica suele ser necesaria cuando los tratamientos no quir\u00fargicos, como la fisioterapia, los medicamentos o los dispositivos de asistencia, no logran aliviar el dolor o mejorar la funci\u00f3n. La necesidad del procedimiento puede surgir debido a varios factores. Algunas de las razones m\u00e1s comunes incluyen:<\/p>\n<h3>Lesiones<\/h3>\n<p>Los esguinces, las fracturas, las dislocaciones y los ligamentos desgarrados son motivos potenciales para buscar una intervenci\u00f3n ortop\u00e9dica. Estas lesiones pueden ocurrir durante ca\u00eddas, uso excesivo, lesiones deportivas y otros accidentes.<\/p>\n<h3>Trastornos de la columna<\/h3>\n<p>El dolor de espalda es un problema com\u00fan y, a veces, las afecciones subyacentes, como hernias de disco, estenosis espinal o escoliosis, pueden requerir cirug\u00eda para su tratamiento.<\/p>\n<h3>Artritis<\/h3>\n<p>Esta es una condici\u00f3n degenerativa que afecta las articulaciones y causa dolor, rigidez e inflamaci\u00f3n. En casos graves, puede ser necesaria una cirug\u00eda ortop\u00e9dica para reemplazar la articulaci\u00f3n da\u00f1ada por una artificial.<\/p>\n<h3>Condiciones cong\u00e9nitas<\/h3>\n<p>Algunas personas nacen con anomal\u00edas musculoesquel\u00e9ticas que requieren correcci\u00f3n quir\u00fargica para mejorar la funci\u00f3n o prevenir complicaciones futuras.<\/p>\n<h3>Tumores<\/h3>\n<p>Si bien los tumores benignos o malignos en los huesos o los tejidos blandos son poco comunes, pueden requerir cirug\u00eda para su extirpaci\u00f3n o tratamiento.<\/p>\n<h2>\u00bfCu\u00e1ndo es necesario acudir a un cirujano ortop\u00e9dico?<\/h2>\n<p><a href=\"https:\/\/www.gaspineortho.com\/wp-content\/uploads\/2024\/05\/shutterstock_732789862-min.jpg\"><img decoding=\"async\" class=\"alignnone wp-image-3391 size-full\" src=\"https:\/\/www.gaspineortho.com\/wp-content\/uploads\/2024\/05\/shutterstock_732789862-min.jpg\" alt=\"Hombre con una lesi\u00f3n en el hombro\" width=\"500\" height=\"334\" srcset=\"https:\/\/www.gaspineortho.com\/wp-content\/uploads\/2024\/05\/shutterstock_732789862-min.jpg 500w, https:\/\/www.gaspineortho.com\/wp-content\/uploads\/2024\/05\/shutterstock_732789862-min-300x200.jpg 300w\" sizes=\"(max-width: 500px) 100vw, 500px\" \/><\/a><\/p>\n<p>Entonces, \u00bfc\u00f3mo sabes que es hora de consultar a un cirujano ortop\u00e9dico? Aqu\u00ed hay algunas se\u00f1ales reveladoras:<\/p>\n<h3>Dolor cr\u00f3nico<\/h3>\n<p>Todos experimentamos dolor, pero hay una diferencia entre un dolor muscular despu\u00e9s de una sesi\u00f3n de entrenamiento y un dolor que simplemente no desaparece. Si lleva m\u00e1s de 3 meses experimentando dolores en m\u00fasculos, huesos o articulaciones, es momento de consultar a un cirujano ortop\u00e9dico, ya que podr\u00eda ser se\u00f1al de una afecci\u00f3n subyacente.<\/p>\n<h3>Limited Range of Motion<\/h3>\n<p>\u00a1Las articulaciones est\u00e1n dise\u00f1adas para necesitar movimiento! Entonces, si le resulta dif\u00edcil doblar el codo por completo, levantar el brazo por encima de la cabeza o agacharse c\u00f3modamente, eso es una se\u00f1al de alerta. Un rango de movimiento limitado puede hacer que las actividades cotidianas sean una tarea ardua y podr\u00eda ser causada por una lesi\u00f3n, artritis u otros problemas. Un cirujano ortop\u00e9dico puede ayudar a llegar a la ra\u00edz del problema y hacer que sus articulaciones vuelvan a moverse sin problemas.<\/p>\n<h3>Inestabilidad al caminar o estar de pie<\/h3>\n<p>Si se siente tambaleante al caminar o al estar de pie, podr\u00eda ser un signo de debilidad, un problema de equilibrio o una lesi\u00f3n en los huesos, las articulaciones o los m\u00fasculos. \u00a1No te arriesgues a caer! An orthopedic surgeon can check your stability and recommend treatments to get you feeling steady on your feet again.<\/p>\n<h3>Lesi\u00f3n de tejidos blandos que no ha mejorado despu\u00e9s de 48 horas<\/h3>\n<p>La mayor\u00eda de las distensiones y esguinces musculares menores mejoran con un poco de descanso, hielo y compresi\u00f3n. Sin embargo, si se lesion\u00f3 y el dolor, la hinchaz\u00f3n o los hematomas no han mejorado despu\u00e9s de 48 horas, es aconsejable consultar a un cirujano ortop\u00e9dico. Pueden descartar cualquier lesi\u00f3n grave y encaminarlo hacia la recuperaci\u00f3n.<\/p>\n<h2>\u00bfCu\u00e1les son algunos de los tipos comunes de cirug\u00eda ortop\u00e9dica?<\/h2>\n<p>Existen muchos tipos de cirug\u00eda ortop\u00e9dica dise\u00f1adas para abordar diferentes afecciones. Algunos de los m\u00e1s comunes son los siguientes.<\/p>\n<p><img decoding=\"async\" class=\"aligncenter size-large wp-image-7233\" src=\"https:\/\/www.gaspineortho.com\/wp-content\/uploads\/2024\/05\/Orthopedic-Surgery-410x1024.png\" alt=\"algunos de los tipos comunes de cirug\u00eda ortop\u00e9dica\" width=\"410\" height=\"1024\" srcset=\"https:\/\/www.gaspineortho.com\/wp-content\/uploads\/2024\/05\/Orthopedic-Surgery-410x1024.png 410w, https:\/\/www.gaspineortho.com\/wp-content\/uploads\/2024\/05\/Orthopedic-Surgery-120x300.png 120w, https:\/\/www.gaspineortho.com\/wp-content\/uploads\/2024\/05\/Orthopedic-Surgery-768x1920.png 768w, https:\/\/www.gaspineortho.com\/wp-content\/uploads\/2024\/05\/Orthopedic-Surgery.png 800w\" sizes=\"(max-width: 410px) 100vw, 410px\" \/><\/p>\n<h3>Cirug\u00eda de injerto \u00f3seo<\/h3>\n<p>La cirug\u00eda de injerto \u00f3seo es un procedimiento en el que se trasplanta tejido \u00f3seo sano a un sitio donde falta hueso, est\u00e1 da\u00f1ado o debilitado. Este hueso trasplantado puede proceder del propio paciente (autoinjerto), de un donante (aloinjerto) o de un sustituto \u00f3seo sint\u00e9tico.<\/p>\n<p>El injerto \u00f3seo desempe\u00f1a un papel crucial en diversas cirug\u00edas ortop\u00e9dicas, incluidos los ejemplos siguientes.<\/p>\n<ul>\n<li><strong>Reparaci\u00f3n de fracturas:<\/strong> si una fractura provoca una p\u00e9rdida \u00f3sea sustancial, el procedimiento se puede realizar para llenar el vac\u00edo y estimular la curaci\u00f3n.<\/li>\n<li><strong>Procedimientos de fusi\u00f3n:<\/strong> en la fusi\u00f3n espinal o en ciertas fusiones de articulaciones, el injerto \u00f3seo ayuda a crear un puente entre los huesos, promoviendo su crecimiento conjunto para mejorar la estabilidad.<\/li>\n<li><strong>Procedimientos dentales:<\/strong> tambi\u00e9n es posible que se requiera un injerto \u00f3seo para proporcionar una base s\u00f3lida para los implantes dentales.<\/li>\n<\/ul>\n<h3>Cirug\u00eda de reparaci\u00f3n de fracturas<\/h3>\n<p>Las fracturas o huesos rotos son un motivo com\u00fan para buscar atenci\u00f3n ortop\u00e9dica. El tipo de cirug\u00eda de reparaci\u00f3n de fracturas realizada depende de la gravedad de la fractura, la ubicaci\u00f3n del hueso y la salud general del paciente.<\/p>\n<p>Para fracturas m\u00e1s complejas, <strong>es posible que se requiera reducci\u00f3n abierta y fijaci\u00f3n interna (RAFI)<\/strong> para acceder directamente a los huesos rotos. Durante el procedimiento, el cirujano utiliza placas, tornillos, pasadores o varillas para mantener los huesos en su lugar mientras sanan.<\/p>\n<p><strong>La fijaci\u00f3n externa<\/strong> implica colocar alambres o clavos a trav\u00e9s de la piel y fijarlos a un marco met\u00e1lico fuera del cuerpo para estabilizar la fractura.<\/p>\n<h3>Fusi\u00f3n espinal<\/h3>\n<p>Este procedimiento se utiliza para corregir problemas con los huesos peque\u00f1os de la columna, tambi\u00e9n conocidos como v\u00e9rtebras. B\u00e1sicamente, la fusi\u00f3n espinal \u00absuelda\u00bb m\u00faltiples v\u00e9rtebras, lo que les permite sanar en un solo hueso s\u00f3lido. Por lo general, esto se hace para eliminar el movimiento doloroso causado por discos da\u00f1ados o para estabilizar <a href=\"https:\/\/www.gaspineortho.com\/es\/lesion-en-la-columna\/\">la columna despu\u00e9s de una lesi\u00f3n grave. <\/a><\/p>\n<p>Puede ser necesario para tratar diferentes afecciones de la columna, incluidas las siguientes.<\/p>\n<ul>\n<li>Una <strong>hernia de disco<\/strong> ocurre cuando el coj\u00edn blando entre las v\u00e9rtebras se abulta o se rompe, causando dolor y compresi\u00f3n nerviosa. La fusi\u00f3n espinal puede ayudar a impedir una mayor hernia.<\/li>\n<li><strong>La espondilolistesis<\/strong> es el deslizamiento de una v\u00e9rtebra sobre otra, lo que puede provocar inestabilidad y dolor. El procedimiento ayuda a proporcionar estabilidad y evita un mayor deslizamiento.<\/li>\n<li><strong>La estenosis espina<\/strong>l es el estrechamiento del canal espinal debido a espolones \u00f3seos o engrosamiento de ligamentos, que afecta los nervios y provoca dolor y debilidad. La fusi\u00f3n espinal ayuda a crear m\u00e1s espacio dentro del canal.<\/li>\n<\/ul>\n<h3>Cirug\u00eda de reemplazo de articulaciones<\/h3>\n<p>Como su nombre lo indica, este procedimiento consiste en reemplazar una articulaci\u00f3n da\u00f1ada por una articulaci\u00f3n artificial, llamada pr\u00f3tesis. La cirug\u00eda de reemplazo de articulaciones es una soluci\u00f3n com\u00fan para personas con artritis grave en la cadera, la rodilla o el hombro.<\/p>\n<h3>Cirug\u00eda de reemplazo de cadera<\/h3>\n<p>La cirug\u00eda de reemplazo de cadera tambi\u00e9n se realiza de dos maneras: la forma tradicional implica reemplazar toda la articulaci\u00f3n esf\u00e9rica con una pr\u00f3tesis hecha de metal o pl\u00e1stico. Por otro lado, el m\u00e9todo Birmingham Hip Resurfacing solo reemplaza las secciones da\u00f1adas de la articulaci\u00f3n, lo que hace que la cirug\u00eda sea menos invasiva y resulte en un per\u00edodo de recuperaci\u00f3n m\u00e1s corto.<\/p>\n<h3>Cirug\u00eda de reconstrucci\u00f3n del LCA<\/h3>\n<p>Este es un procedimiento quir\u00fargico dise\u00f1ado para reparar o reconstruir un ligamento cruzado anterior (LCA) desgarrado, que es uno de los cuatro ligamentos principales de la rodilla. Esta cirug\u00eda se realiza a menudo en atletas que se han lesionado el ligamento anterior cruzado.<\/p>\n<h3>Cirug\u00eda artrosc\u00f3pica<\/h3>\n<p>La artroscopia es una t\u00e9cnica m\u00ednimamente invasiva que se utiliza para diagnosticar y tratar problemas articulares como inflamaci\u00f3n, rotura de ligamentos o da\u00f1o del cart\u00edlago. Implica insertar una peque\u00f1a c\u00e1mara e instrumentos a trav\u00e9s de peque\u00f1as incisiones, lo que da como resultado tiempos de recuperaci\u00f3n m\u00e1s r\u00e1pidos y menos cicatrices.<\/p>\n<h3>Artroscopia de rodilla<\/h3>\n<p>Este es otro procedimiento quir\u00fargico m\u00ednimamente invasivo que se utiliza para diagnosticar y tratar complicaciones dentro de la articulaci\u00f3n de la rodilla. El procedimiento generalmente se usa para reparar cart\u00edlago desgarrado, eliminar fragmentos sueltos de hueso o recortar tejido demasiado crecido.<\/p>\n<h3>Artroscopia de hombro<\/h3>\n<p>La artroscopia de hombro se utiliza para diagnosticar y tratar problemas dentro de la articulaci\u00f3n del hombro. Esta cirug\u00eda se realiza principalmente para reparar los tendones desgarrados del manguito rotador, recortar el tejido demasiado crecido y eliminar fragmentos de hueso sueltos.<\/p>\n<h3>Liberaci\u00f3n del t\u00fanel carpiano<\/h3>\n<p>El s\u00edndrome del t\u00fanel carpiano es una afecci\u00f3n dolorosa de la mu\u00f1eca que resulta de la presi\u00f3n sobre el nervio mediano. Normalmente se utilizan dos m\u00e9todos quir\u00fargicos para aliviar esta presi\u00f3n, aliviar el dolor y restaurar la funci\u00f3n completa de la mu\u00f1eca y la mano.<\/p>\n<ul>\n<li><strong>Cirug\u00eda endosc\u00f3pica:<\/strong> aqu\u00ed, el cirujano utiliza una <a href=\"https:\/\/medlineplus.gov\/ency\/article\/002360.htm#:~:text=An%20endoscope%20is%20a%20medical,the%20rectum%20for%20a%20sigmoidoscopy.\" target=\"_blank\" rel=\"noopener\">peque\u00f1a c\u00e1mara (endoscopio)<\/a> para visualizar el interior del t\u00fanel carpiano. Luego se corta el ligamento a trav\u00e9s de peque\u00f1as incisiones realizadas en la mu\u00f1eca o la mano para liberar la presi\u00f3n.<\/li>\n<li><strong>Cirug\u00eda abierta:<\/strong> en este m\u00e9todo, el cirujano crea una incisi\u00f3n en la palma sobre el t\u00fanel carpiano. A trav\u00e9s de esta incisi\u00f3n se corta el ligamento para liberar el nervio.<\/li>\n<\/ul>\n<p>&nbsp;<\/p>\n<h2>\u00a1Obtenga el tratamiento y la terapia ortop\u00e9dicos adecuados en Atlanta!<\/h2>\n<p>La cirug\u00eda ortop\u00e9dica juega un papel vital en el diagn\u00f3stico, tratamiento y manejo de afecciones que afectan el sistema musculoesquel\u00e9tico. Ya sea dolor cr\u00f3nico, movilidad limitada, inestabilidad o una lesi\u00f3n persistente de los tejidos blandos, un cirujano ortop\u00e9dico puede brindarle el tratamiento necesario para ayudar a mejorar su calidad de vida.<\/p>\n<p>Si experimenta alguno de los s\u00edntomas mencionados anteriormente, no dude en comunicarse con los mejores cirujanos ortop\u00e9dicos de Atlanta. Al llamar a <a href=\"tel:+16789294494\"><i class=\"fa fa-phone-alt\"><\/i>678-929-4494<\/a>, estar\u00e1s dando el primer paso hacia una vida m\u00e1s saludable y activa.<\/p>\n","protected":false},"excerpt":{"rendered":"<p>El cuerpo humano est\u00e1 formado por sistemas complejos que necesitan trabajar en conjunto para lograr una funcionalidad \u00f3ptima. Una de esas estructuras es el sistema musculoesquel\u00e9tico, una intrincada red de huesos, articulaciones, m\u00fasculos, ligamentos, tendones y cart\u00edlagos, todos ellos importantes para el movimiento, la estabilidad y el apoyo. Los problemas dentro de este sistema pueden [&hellip;]<\/p>\n","protected":false},"author":44,"featured_media":0,"parent":7148,"menu_order":1,"comment_status":"closed","ping_status":"closed","template":"","meta":{"_acf_changed":false,"footnotes":""},"categories":[],"tags":[],"class_list":["post-7322","page","type-page","status-publish","hentry"],"acf":[],"_links":{"self":[{"href":"https:\/\/www.gaspineortho.com\/es\/wp-json\/wp\/v2\/pages\/7322","targetHints":{"allow":["GET"]}}],"collection":[{"href":"https:\/\/www.gaspineortho.com\/es\/wp-json\/wp\/v2\/pages"}],"about":[{"href":"https:\/\/www.gaspineortho.com\/es\/wp-json\/wp\/v2\/types\/page"}],"author":[{"embeddable":true,"href":"https:\/\/www.gaspineortho.com\/es\/wp-json\/wp\/v2\/users\/44"}],"replies":[{"embeddable":true,"href":"https:\/\/www.gaspineortho.com\/es\/wp-json\/wp\/v2\/comments?post=7322"}],"version-history":[{"count":4,"href":"https:\/\/www.gaspineortho.com\/es\/wp-json\/wp\/v2\/pages\/7322\/revisions"}],"predecessor-version":[{"id":9372,"href":"https:\/\/www.gaspineortho.com\/es\/wp-json\/wp\/v2\/pages\/7322\/revisions\/9372"}],"up":[{"embeddable":true,"href":"https:\/\/www.gaspineortho.com\/es\/wp-json\/wp\/v2\/pages\/7148"}],"wp:attachment":[{"href":"https:\/\/www.gaspineortho.com\/es\/wp-json\/wp\/v2\/media?parent=7322"}],"wp:term":[{"taxonomy":"category","embeddable":true,"href":"https:\/\/www.gaspineortho.com\/es\/wp-json\/wp\/v2\/categories?post=7322"},{"taxonomy":"post_tag","embeddable":true,"href":"https:\/\/www.gaspineortho.com\/es\/wp-json\/wp\/v2\/tags?post=7322"}],"curies":[{"name":"wp","href":"https:\/\/api.w.org\/{rel}","templated":true}]}}