{"id":7318,"date":"2024-05-10T10:20:08","date_gmt":"2024-05-10T15:20:08","guid":{"rendered":"https:\/\/www.gaspineortho.com\/atlanta\/neurologia-de-atlanta\/"},"modified":"2024-09-09T12:29:30","modified_gmt":"2024-09-09T17:29:30","slug":"neurologia","status":"publish","type":"page","link":"https:\/\/www.gaspineortho.com\/es\/atlanta\/neurologia\/","title":{"rendered":"Neurolog\u00eda"},"content":{"rendered":"<p>Si tienes problemas de memoria, migra\u00f1as, mareos, dolores cr\u00f3nicos o de movimiento, el tiempo es de suma importancia. Determinar la causa ra\u00edz es la mejor manera de garantizar su salud neurol\u00f3gica y su bienestar general. Si padece alg\u00fan trastorno neurol\u00f3gico, lo mejor es consultar con un especialista experimentado. En Georgia Spine and Orthopaedics, nuestros servicios de neurolog\u00eda brindan soluciones de tratamiento precisas y efectivas para afecciones que afectan el sistema nervioso, la m\u00e9dula espinal y el cerebro.<\/p>\n<p>La angustia y el dolor neurol\u00f3gicos requieren m\u00e1s que servicios est\u00e1ndar. Si padece una afecci\u00f3n neurol\u00f3gica, nuestro equipo m\u00e9dico capacitado puede ayudarlo a identificar el problema preciso y brindarle el tratamiento adecuado. Nuestra principal prioridad es diagnosticar y comprender con precisi\u00f3n su situaci\u00f3n y desarrollar una opci\u00f3n de tratamiento factible para controlar la afecci\u00f3n.<\/p>\n<p>Nuestros neurocirujanos y neur\u00f3logos experimentados utilizan diversas terapias para brindar apoyo a los pacientes durante todo el proceso. Si ha estado involucrado en un accidente y est\u00e1 buscando un especialista en neurolog\u00eda en Atlanta o desea obtener m\u00e1s informaci\u00f3n sobre los diversos servicios que brindamos, comun\u00edquese con nuestro atento y compasivo personal de neurolog\u00eda en Georgia Spine &amp; Orthopaedics.<\/p>\n<p>Cont\u00e1ctenos en <a href=\"tel:+16789294494\"><i class=\"fa fa-phone-alt\"><\/i>678-929-4494<\/a> para reservar una consulta inicial sin costo.<\/p>\n<h2>\u00bfQu\u00e9 es la neurolog\u00eda?<\/h2>\n<p><a href=\"https:\/\/www.gaspineortho.com\/wp-content\/uploads\/2024\/05\/shutterstock_2128527452-copy.webp\"><img fetchpriority=\"high\" decoding=\"async\" class=\"alignnone wp-image-3350\" src=\"https:\/\/www.gaspineortho.com\/wp-content\/uploads\/2024\/05\/shutterstock_2128527452-copy.webp\" alt=\"Especialista en neurolog\u00eda inspecciona la rodilla de un hombre\" width=\"500\" height=\"364\" srcset=\"https:\/\/www.gaspineortho.com\/wp-content\/uploads\/2024\/05\/shutterstock_2128527452-copy.webp 1000w, https:\/\/www.gaspineortho.com\/wp-content\/uploads\/2024\/05\/shutterstock_2128527452-copy-300x218.webp 300w, https:\/\/www.gaspineortho.com\/wp-content\/uploads\/2024\/05\/shutterstock_2128527452-copy-768x559.webp 768w\" sizes=\"(max-width: 500px) 100vw, 500px\" \/><\/a><\/p>\n<p>La neurolog\u00eda es una rama de la medicina que se especializa en afecciones que afectan los nervios y el sistema nervioso. Se centra en los procesos cerebrales, c\u00f3mo nos comunicamos y las reacciones corporales. Las condiciones neurol\u00f3gicas son muy complicadas de diagnosticar ya que los s\u00edntomas pueden manifestarse de diversas maneras. Algunas personas pueden experimentar p\u00e9rdida de memoria, sensaci\u00f3n de hormigueo debajo de las piernas, migra\u00f1as o trastornos del sue\u00f1o.<\/p>\n<p>El cerebro es el centro de comunicaci\u00f3n del cuerpo, ya que transmite mensajes a varias partes del cuerpo utilizando los nervios y el sistema nervioso central como v\u00eda. Por lo tanto, si el funcionamiento del cerebro se ve obstaculizado de alguna manera, puede provocar dolor cr\u00f3nico, disfunci\u00f3n corporal y una variedad de otras enfermedades. Independientemente del tipo de lesi\u00f3n que pueda estar experimentando, si es neurol\u00f3gica, nuestros expertos m\u00e9dicos de Georgia Spine and Orthopaedics pueden diagnosticarlo y tratarlo adecuadamente. Le ayudamos a obtener un respiro de su dolor.<\/p>\n<h2>\u00bfCu\u00e1les son los s\u00edntomas de una lesi\u00f3n neurol\u00f3gica?<\/h2>\n<p>Entonces, \u00bfc\u00f3mo sabr\u00e1 que es hora de consultar con un m\u00e9dico especialista en lesiones? Las condiciones neurol\u00f3gicas deben identificarse desde el principio, ya que pueden desarrollarse complicaciones que alteren la vida si se deja que la lesi\u00f3n se agrave.<\/p>\n<p>Las lesiones neurol\u00f3gicas requieren soluciones integrales y efectivas, ya que las lesiones pueden afectar considerablemente la vida de una persona y provocar s\u00edntomas duraderos. Por lo tanto, lo mejor es consultar con uno de nuestros especialistas en neurolog\u00eda para examinar sus lesiones.<\/p>\n<p>Los signos y s\u00edntomas asociados con lesiones neurol\u00f3gicas incluyen:<\/p>\n<ul>\n<li>Mareo<\/li>\n<li>Fatiga<\/li>\n<li>P\u00e9rdida de movilidad<\/li>\n<li>Sensaci\u00f3n de hormigueo<\/li>\n<li>Entumecimiento<\/li>\n<li>dolores de cabeza<\/li>\n<li>dolor<\/li>\n<li>P\u00e9rdida de consciencia<\/li>\n<li>Convulsiones<\/li>\n<li>V\u00f3mitos<\/li>\n<li>O\u00eddos que drenan l\u00edquido claro.<\/li>\n<li>P\u00e9rdida de memoria<\/li>\n<li>Capacidad mental deteriorada<\/li>\n<li><a href=\"https:\/\/www.gaspineortho.com\/es\/lesion-de-espalda\/\">Dolor de espalda<\/a><\/li>\n<li>Desorden del sue\u00f1o<\/li>\n<li>Trastorno del lenguaje<\/li>\n<\/ul>\n<p><img decoding=\"async\" class=\"aligncenter size-large wp-image-7230\" src=\"https:\/\/www.gaspineortho.com\/wp-content\/uploads\/2024\/05\/Neurology-410x1024.png\" alt=\"S\u00edntomas de una lesi\u00f3n neurol\u00f3gica\" width=\"410\" height=\"1024\" srcset=\"https:\/\/www.gaspineortho.com\/wp-content\/uploads\/2024\/05\/Neurology-410x1024.png 410w, https:\/\/www.gaspineortho.com\/wp-content\/uploads\/2024\/05\/Neurology-120x300.png 120w, https:\/\/www.gaspineortho.com\/wp-content\/uploads\/2024\/05\/Neurology-768x1920.png 768w, https:\/\/www.gaspineortho.com\/wp-content\/uploads\/2024\/05\/Neurology.png 800w\" sizes=\"(max-width: 410px) 100vw, 410px\" \/><\/p>\n<p>Si usted o alguien cercano a usted presenta signos y s\u00edntomas de una lesi\u00f3n neurol\u00f3gica, debe visitar un centro de lesiones de inmediato. No se arriesgue y corra el riesgo de sufrir da\u00f1os duraderos. Las condiciones neurol\u00f3gicas todav\u00eda son tratables, as\u00ed que no pierdas la esperanza. Visite a nuestros especialistas en Georgia Spine and Orthopedics.<\/p>\n<h2>\u00bfCu\u00e1les son los s\u00edntomas de una lesi\u00f3n cerebral traum\u00e1tica (TBI)?<\/h2>\n<p><a href=\"https:\/\/www.gaspineortho.com\/wp-content\/uploads\/2024\/05\/shutterstock_1930897430-min.jpg\"><img decoding=\"async\" class=\"alignnone wp-image-3422 size-full\" src=\"https:\/\/www.gaspineortho.com\/wp-content\/uploads\/2024\/05\/shutterstock_1930897430-min.jpg\" alt=\"El doctor analiza los rayos X de una lesi\u00f3n cerebral traum\u00e1tica\" width=\"500\" height=\"386\" srcset=\"https:\/\/www.gaspineortho.com\/wp-content\/uploads\/2024\/05\/shutterstock_1930897430-min.jpg 500w, https:\/\/www.gaspineortho.com\/wp-content\/uploads\/2024\/05\/shutterstock_1930897430-min-300x232.jpg 300w\" sizes=\"(max-width: 500px) 100vw, 500px\" \/><\/a><\/p>\n<p>Si sufre una lesi\u00f3n cerebral traum\u00e1tica, puede presentar ciertos s\u00edntomas m\u00e1s adelante despu\u00e9s de la lesi\u00f3n. Es importante tener en cuenta que los <a href=\"https:\/\/www.gaspineortho.com\/es\/lesion-craneal\/\">TBI<\/a> pueden provocar afecciones potencialmente mortales y una discapacidad duradera. La gravedad de los s\u00edntomas var\u00eda desde leve (como una conmoci\u00f3n cerebral) hasta moderada o aguda, seg\u00fan el grado de lesi\u00f3n cerebral.<\/p>\n<p>Es fundamental que est\u00e9 atento a signos y s\u00edntomas espec\u00edficos y que un neur\u00f3logo calificado le realice un examen m\u00e9dico inmediato para recibir la mejor atenci\u00f3n. Nuestros especialistas en neurolog\u00eda de Georgia Spine and Orthopaedics pueden ayudarlo a facilitar su recuperaci\u00f3n.<\/p>\n<p>Algunos de los s\u00edntomas asociados con una lesi\u00f3n cerebral traum\u00e1tica incluyen dolores de cabeza, mareos, fatiga, dolor, p\u00e9rdida de movilidad, sensaci\u00f3n de hormigueo, entumecimiento, confusi\u00f3n, problemas de memoria, dificultad para despertarse, p\u00e9rdida del conocimiento, convulsiones, v\u00f3mitos, pupilas dilatadas y l\u00edquido claro. drenando de la nariz y los o\u00eddos.<\/p>\n<p>Si ha sufrido una lesi\u00f3n cerebral en Atlanta, le recomendamos encarecidamente que consulte con nosotros en Georgia Spine and Orthopaedics. Nuestro equipo es emp\u00e1tico con lo que est\u00e1 pasando y trabajar\u00e1 para brindarle una atenci\u00f3n respetuosa mientras se concentra en recuperarse. P\u00f3ngase en contacto con nosotros ahora para organizar una evaluaci\u00f3n.<\/p>\n<h2>Diagn\u00f3stico de afecciones neurol\u00f3gicas<\/h2>\n<p>Para que usted reciba el tratamiento adecuado cuando se recupera de un trastorno neurol\u00f3gico, el diagn\u00f3stico adecuado es fundamental. Aunque los trastornos neurol\u00f3gicos son dif\u00edciles de diagnosticar, los neur\u00f3logos de Georgia Spine and Orthopaedics est\u00e1n adecuadamente capacitados y tienen el conocimiento suficiente para identificar el problema. Nuestras oficinas est\u00e1n equipadas con tecnolog\u00eda de im\u00e1genes de vanguardia que puede ayudar a visualizar el alcance de su sufrimiento y da\u00f1o.<\/p>\n<p>Los especialistas y m\u00e9dicos de Georgia Spine and Orthopaedics solicitar\u00e1n exploraciones y pruebas seg\u00fan su evaluaci\u00f3n de la lesi\u00f3n. Ofrecemos NCV, resonancias magn\u00e9ticas, tomograf\u00edas computarizadas, <a href=\"https:\/\/www.gaspineortho.com\/es\/atlanta\/servicios-de-rayos-x\/\">rayos X<\/a> y pruebas EMG, que podemos realizar seg\u00fan la conveniencia de nuestro horario. Si experimenta dolor o presenta s\u00edntomas como resultado de un trastorno neurol\u00f3gico, perm\u00edtanos determinar el origen del problema e idear una soluci\u00f3n que satisfaga sus necesidades espec\u00edficas. Despu\u00e9s de eso, discutiremos las opciones de tratamiento con el paciente.<\/p>\n<p>Antes de hablar de someterse a una cirug\u00eda, creemos que nuestros pacientes siempre deben tener la oportunidad de explorar alternativas m\u00ednimamente intrusivas. Si su afecci\u00f3n se puede curar mediante medios no invasivos, le asesoraremos sobre c\u00f3mo recibir ese tratamiento. Contamos con los recursos y el conocimiento para encaminarlo r\u00e1pidamente hacia la recuperaci\u00f3n y aliviar su malestar.<\/p>\n<h2>Tratamientos Neurol\u00f3gicos<\/h2>\n<p>Independientemente del tipo de trastorno neurol\u00f3gico que tenga, nuestros m\u00e9dicos se asegurar\u00e1n de que reciba el tratamiento m\u00e1s eficaz posible. Siempre exploramos primero alternativas de tratamiento no invasivos para evitar someterlo a m\u00e1s de lo que puede soportar. Los procedimientos quir\u00fargicos pueden ofrecer un alivio r\u00e1pido y ser de gran ayuda; sin embargo, generalmente implican un per\u00edodo prolongado de recuperaci\u00f3n caracterizado por <a href=\"https:\/\/www.gaspineortho.com\/es\/atlanta\/el-manejo-del-dolor\/\">el manejo del dolor<\/a>, la curaci\u00f3n de heridas en m\u00faltiples sitios de incisi\u00f3n y una rehabilitaci\u00f3n f\u00edsica intensa.<\/p>\n<p>Nuestros m\u00e9dicos de neurolog\u00eda colaboran con otros especialistas del personal, como fisioterapeutas, quiropr\u00e1cticos y m\u00e9dicos ortop\u00e9dicos, entre otros, para brindarle la atenci\u00f3n m\u00e1s completa posible. Si bien algunas personas con trastornos neurol\u00f3gicos pueden encontrar un alivio completo de su afecci\u00f3n \u00fanicamente mediante la atenci\u00f3n quiropr\u00e1ctica, otras pueden requerir la intervenci\u00f3n de un neurocirujano. Si es necesaria una intervenci\u00f3n quir\u00fargica, nuestros cirujanos ortop\u00e9dicos est\u00e1n equipados para realizar la mayor\u00eda de los procedimientos.<\/p>\n<p>Antes de tomar cualquier medida, discutiremos con usted el mejor curso de acci\u00f3n. Continuaremos utilizando t\u00e9cnicas m\u00e9dicas de vanguardia y tecnolog\u00eda innovadora para brindarle el alivio y la recuperaci\u00f3n que busca. Sostenemos que el curso de tratamiento que le proporcione un alivio r\u00e1pido y completo de los s\u00edntomas es la opci\u00f3n m\u00e1s adecuada para usted. En Georgia Spine and Orthopaedics estamos comprometidos a brindarle la curaci\u00f3n y el alivio que por derecho se merece.<\/p>\n<h2>\u00bfNecesito un neur\u00f3logo para lesiones despu\u00e9s de un accidente?<\/h2>\n<p>Si ha estado involucrado en un accidente en el que ha sufrido una <a href=\"https:\/\/www.gaspineortho.com\/es\/lesion-en-la-columna\/\">lesi\u00f3n en la columna<\/a>, la espalda, <a href=\"https:\/\/www.gaspineortho.com\/es\/lesion-en-el-cuello\/\">el cuello<\/a> o <a href=\"https:\/\/www.gaspineortho.com\/es\/lesion-craneal\/\">la cabeza,<\/a> especialmente si presenta alguno de los s\u00edntomas mencionados, comun\u00edquese con un especialista en neurolog\u00eda de inmediato para asegurarse de que su accidente no haya ocurrido. causar da\u00f1os permanentes.<\/p>\n<p>Lamentablemente, la mayor\u00eda de las lesiones neurol\u00f3gicas no se diagnostican ni se tratan, ya que el individuo afectado no reconoce los primeros s\u00edntomas. Se recomienda consultar con un neur\u00f3logo tras un accidente. Esto ayudar\u00e1 a obtener un diagn\u00f3stico temprano y preciso, lo que aumenta las posibilidades de una recuperaci\u00f3n completa.<\/p>\n<p>Despu\u00e9s de sufrir una lesi\u00f3n en un accidente, hay una serie de pasos cr\u00edticos que debe tomar para garantizar un diagn\u00f3stico integral y asegurar su reclamo de compensaci\u00f3n. Si ha resultado herido como resultado de la negligencia de otra parte y est\u00e1 buscando el reembolso de sus gastos m\u00e9dicos a trav\u00e9s de un seguro o un acuerdo, es fundamental que se someta a un examen completo con un m\u00e9dico para asegurarse de que su reclamo incluya los costos relacionados con cualquier problema <a href=\"https:\/\/www.hopkinsmedicine.org\/health\/conditions-and-diseases\/neurological-disorders\" target=\"_blank\" rel=\"noopener\">neurol\u00f3gico. da\u00f1o<\/a>.<\/p>\n<p>Estamos equipados para ofrecer asistencia diagn\u00f3stica y planes de tratamiento personalizados. Nuestro equipo de neur\u00f3logos altamente capacitados emplear\u00e1 herramientas de diagn\u00f3stico de vanguardia para determinar la causa subyacente de sus problemas de salud.<\/p>\n<p>Colaboramos con usted y otros expertos de Georgia Spine and Orthopaedics para dise\u00f1ar el tratamiento m\u00e1s eficaz que alivie su malestar. No permita que un incidente aislado cause un dolor persistente que dure toda la vida. \u00a1P\u00f3ngase en contacto con nuestro equipo hoy para estar tranquilo!<\/p>\n<h2>\u00a1Comun\u00edquese con Georgia Spine and Orthopaedics para recibir servicios de neurolog\u00eda expertos!<\/h2>\n<p>Si presenta s\u00edntomas de una afecci\u00f3n neurol\u00f3gica, no soporte el dolor y nuestros especialistas podr\u00e1n ayudarle. El tratamiento eficaz de una lesi\u00f3n neurol\u00f3gica necesita un m\u00e9dico altamente capacitado con la experiencia y el conocimiento necesarios para diagnosticar y ofrecer el mejor tratamiento que se adapte a sus necesidades.<\/p>\n<p>Nuestros m\u00e9dicos especializados en lesiones de <a href=\"https:\/\/www.gaspineortho.com\/es\/\">Georgia Spine and Orthopaedics<\/a> poseen un amplio conocimiento de c\u00f3mo manejar los trastornos neurol\u00f3gicos y ponen \u00e9nfasis en lo siguiente: diagn\u00f3stico integral, identificaci\u00f3n precisa de los tratamientos e implementaci\u00f3n oportuna. Nuestros especialistas l\u00edderes en la industria est\u00e1n dedicados a brindar a los pacientes una atenci\u00f3n superior y ayudarlos durante todo su proceso de recuperaci\u00f3n.<\/p>\n<p>Georgia Spine and Orthopaedics se encuentran entre los mejores centros de neurolog\u00eda de Atlanta, por lo que puede confiar en ellos para brindar diagn\u00f3stico, tratamiento y manejo del dolor de los trastornos neurol\u00f3gicos. Nuestro objetivo es aliviar los s\u00edntomas, preservar la funci\u00f3n cognitiva y mejorar el bienestar neurol\u00f3gico sin importar la causa de la lesi\u00f3n.<\/p>\n<p>Cont\u00e1ctanos en <a href=\"tel:+16789294494\"><i class=\"fa fa-phone-alt\"><\/i>678-929-4494<\/a> para reservar una cita y obtener una consulta neurol\u00f3gica.<\/p>\n","protected":false},"excerpt":{"rendered":"<p>Si tienes problemas de memoria, migra\u00f1as, mareos, dolores cr\u00f3nicos o de movimiento, el tiempo es de suma importancia. Determinar la causa ra\u00edz es la mejor manera de garantizar su salud neurol\u00f3gica y su bienestar general. Si padece alg\u00fan trastorno neurol\u00f3gico, lo mejor es consultar con un especialista experimentado. En Georgia Spine and Orthopaedics, nuestros servicios [&hellip;]<\/p>\n","protected":false},"author":44,"featured_media":0,"parent":7148,"menu_order":2,"comment_status":"closed","ping_status":"closed","template":"","meta":{"_acf_changed":false,"footnotes":""},"categories":[],"tags":[],"class_list":["post-7318","page","type-page","status-publish","hentry"],"acf":[],"_links":{"self":[{"href":"https:\/\/www.gaspineortho.com\/es\/wp-json\/wp\/v2\/pages\/7318","targetHints":{"allow":["GET"]}}],"collection":[{"href":"https:\/\/www.gaspineortho.com\/es\/wp-json\/wp\/v2\/pages"}],"about":[{"href":"https:\/\/www.gaspineortho.com\/es\/wp-json\/wp\/v2\/types\/page"}],"author":[{"embeddable":true,"href":"https:\/\/www.gaspineortho.com\/es\/wp-json\/wp\/v2\/users\/44"}],"replies":[{"embeddable":true,"href":"https:\/\/www.gaspineortho.com\/es\/wp-json\/wp\/v2\/comments?post=7318"}],"version-history":[{"count":10,"href":"https:\/\/www.gaspineortho.com\/es\/wp-json\/wp\/v2\/pages\/7318\/revisions"}],"predecessor-version":[{"id":9374,"href":"https:\/\/www.gaspineortho.com\/es\/wp-json\/wp\/v2\/pages\/7318\/revisions\/9374"}],"up":[{"embeddable":true,"href":"https:\/\/www.gaspineortho.com\/es\/wp-json\/wp\/v2\/pages\/7148"}],"wp:attachment":[{"href":"https:\/\/www.gaspineortho.com\/es\/wp-json\/wp\/v2\/media?parent=7318"}],"wp:term":[{"taxonomy":"category","embeddable":true,"href":"https:\/\/www.gaspineortho.com\/es\/wp-json\/wp\/v2\/categories?post=7318"},{"taxonomy":"post_tag","embeddable":true,"href":"https:\/\/www.gaspineortho.com\/es\/wp-json\/wp\/v2\/tags?post=7318"}],"curies":[{"name":"wp","href":"https:\/\/api.w.org\/{rel}","templated":true}]}}