{"id":7306,"date":"2024-05-13T11:25:36","date_gmt":"2024-05-13T16:25:36","guid":{"rendered":"https:\/\/www.gaspineortho.com\/atlanta\/medical-clinic\/"},"modified":"2024-07-22T08:51:13","modified_gmt":"2024-07-22T13:51:13","slug":"clinica-medica","status":"publish","type":"page","link":"https:\/\/www.gaspineortho.com\/es\/atlanta\/clinica-medica\/","title":{"rendered":"Cl\u00ednica M\u00e9dica Atlanta"},"content":{"rendered":"<p>El dolor es algo que nos tomamos muy en serio en Georgia Spine &amp; Orthopaedics, una cl\u00ednica m\u00e9dica l\u00edder en Atlanta. Somos claramente \u00fanicos de otras cl\u00ednicas de manejo del dolor ya que primero optamos por opciones de tratamiento menos invasivas y m\u00e1s rentables antes de considerar la cirug\u00eda.<\/p>\n<p>Si tiene dolor continuo y no ha encontrado alivio con la ayuda de su m\u00e9dico de atenci\u00f3n primaria, deber\u00eda considerar programar una cita hoy con nuestro especialista en el manejo del dolor llamando a <a href=\"tel:+16789294494\"><i class=\"fa fa-phone-alt\"><\/i>678-929-4494<\/a>. Estamos espec\u00edficamente capacitados para ayudar a personas con dolor cr\u00f3nico.<\/p>\n<h2>Nuestros servicios m\u00e9dicos<\/h2>\n<p>Ofrecemos los siguientes servicios m\u00e9dicos destinados a abordar su dolor cr\u00f3nico.<\/p>\n<h3>Tratamiento ortop\u00e9dico<\/h3>\n<p><a href=\"https:\/\/www.gaspineortho.com\/es\/atlanta\/cirugia-ortopedica\/\">La ortopedia <\/a> es un \u00e1rea de la medicina que se centra en la atenci\u00f3n y el tratamiento de pacientes que han sufrido una lesi\u00f3n o enfermedad en el sistema musculoesquel\u00e9tico, que incluye articulaciones, huesos, m\u00fasculos, ligamentos, nervios y tendones. Nuestros ortopedistas de Georgia Spine &amp; Orthopaedics son especialistas que tratan una amplia gama de afecciones musculoesquel\u00e9ticas.<\/p>\n<h3>El manejo del dolor<\/h3>\n<p><a href=\"https:\/\/www.gaspineortho.com\/es\/atlanta\/el-manejo-del-dolor\/\">El manejo del dolor<\/a> es nuestro enfoque principal en Georgia Spine &amp; Orthopaedics. Nuestros especialistas profesionales en el manejo del dolor brindan numerosas opciones para terapia integral y avanzada, as\u00ed como tratamientos dirigidos principalmente a controlar los impactos sensoriales y emocionales, as\u00ed como a restaurar la funci\u00f3n provocada por diversos grados de dolor.<\/p>\n<h3>Neurolog\u00eda<\/h3>\n<p><a href=\"https:\/\/www.gaspineortho.com\/es\/atlanta\/neurologia\/\">La neurolog\u00eda<\/a> se refiere al estudio de los nervios y el sistema nervioso y c\u00f3mo el cerebro se comunica con el resto del cuerpo a trav\u00e9s de esta compleja serie de nervios. El da\u00f1o a los nervios o al cerebro puede provocar todo tipo de problemas dentro del cuerpo, desde dolores de cabeza, entumecimiento y sensaciones de hormigueo hasta ciertas enfermedades. En Georgia Spine &amp; Orthopaedics, podemos diagnosticar y tratar problemas neurol\u00f3gicos de todo tipo.<\/p>\n<h3>Quiropr\u00e1ctico<\/h3>\n<p><a href=\"https:\/\/www.gaspineortho.com\/es\/atlanta\/quiropractico\/\">La atenci\u00f3n quiropr\u00e1ctica<\/a> ayuda a restaurar la funci\u00f3n, previene lesiones y proporciona un alivio eficaz del dolor cr\u00f3nico. Implica el uso de ajustes manuales en los que un m\u00e9dico, conocido como quiropr\u00e1ctico, utiliza una fuerza repentina y controlada para manipular las articulaciones y mejorar la calidad y el rango de movimiento. Los diferentes tipos de tratamientos quiropr\u00e1cticos pueden ayudar a controlar el dolor cr\u00f3nico.<\/p>\n<h3>Terapia f\u00edsica<\/h3>\n<p><a href=\"https:\/\/www.gaspineortho.com\/es\/atlanta\/terapia-fisica\/\">La fisioterapia<\/a>, com\u00fanmente conocida como fisioterapia, utiliza fuerza y \u200b\u200b\u200b\u200bmovimientos mec\u00e1nicos, terapia de ejercicio y electroterapia para remediar las deficiencias y promover la movilidad y la funci\u00f3n. En Georgia Spine &amp; Orthopaedics, brindamos un tratamiento de fisioterapia no invasivo y sin medicamentos que es exclusivo para usted y su situaci\u00f3n particular.<\/p>\n<p><a href=\"https:\/\/www.gaspineortho.com\/wp-content\/uploads\/2024\/05\/shutterstock_390902179-min.jpg\"><img fetchpriority=\"high\" decoding=\"async\" class=\"alignnone size-full wp-image-3927\" src=\"https:\/\/www.gaspineortho.com\/wp-content\/uploads\/2024\/05\/shutterstock_390902179-min.jpg\" alt=\"Cl\u00ednica M\u00e9dica Atlanta\" width=\"500\" height=\"334\" srcset=\"https:\/\/www.gaspineortho.com\/wp-content\/uploads\/2024\/05\/shutterstock_390902179-min.jpg 500w, https:\/\/www.gaspineortho.com\/wp-content\/uploads\/2024\/05\/shutterstock_390902179-min-300x200.jpg 300w\" sizes=\"(max-width: 500px) 100vw, 500px\" \/><\/a><\/p>\n<h3>resonancia magn\u00e9tica<\/h3>\n<p>La resonancia magn\u00e9tica (MRI) es una herramienta de diagn\u00f3stico m\u00e9dico que utiliza imanes y ondas de radio para capturar im\u00e1genes que muestran detalles m\u00e1s finos de los \u00f3rganos internos del cuerpo, las estructuras y los tejidos blandos, como las ra\u00edces nerviosas y el cart\u00edlago. Las resonancias magn\u00e9ticas a menudo ayudan a los m\u00e9dicos a identificar la ubicaci\u00f3n exacta o la causa del dolor en el cuerpo para ayudarlo a recuperarse.<\/p>\n<h3>Radiograf\u00eda<\/h3>\n<p><a href=\"https:\/\/www.gaspineortho.com\/es\/atlanta\/servicios-de-rayos-x\/\">Los rayos X <\/a> son otra herramienta eficaz de diagn\u00f3stico m\u00e9dico que utiliza im\u00e1genes para mostrar los huesos del cuerpo y pueden alertar a los m\u00e9dicos sobre fracturas, tumores u otras anomal\u00edas \u00f3seas. Los rayos X brindan una imagen clara para indicar dolor y lesiones y nos informan del tipo exacto de tratamiento m\u00e1s adecuado para garantizar una curaci\u00f3n m\u00e1s r\u00e1pida y eficiente.<\/p>\n<h3>Inyecciones m\u00e9dicas<\/h3>\n<p><a href=\"https:\/\/www.gaspineortho.com\/es\/atlanta\/inyecciones-medicas\/\">Las inyecciones m\u00e9dicas<\/a> se utilizan para brindar alivio temporal enviando medicamentos potentes a las \u00e1reas donde se origina el dolor para mejorar tanto la funci\u00f3n como la calidad de vida. A menudo proporcionamos inyecciones epidurales de esteroides en Georgia Spine &amp; Orthopaedics para ayudar a aliviar el dolor radicular.<\/p>\n<h2>Lesiones que tratamos en nuestra cl\u00ednica m\u00e9dica de Atlanta<\/h2>\n<p>Ofrecemos tratamiento para los siguientes tipos de lesiones en nuestra cl\u00ednica m\u00e9dica de Atlanta.<\/p>\n<h3>Heridas en la cabeza<\/h3>\n<p><a href=\"https:\/\/www.gaspineortho.com\/es\/lesion-craneal\/\">Las lesiones en la cabeza <\/a> var\u00edan significativamente en gravedad, desde da\u00f1o cerebral debilitante hasta lesiones menores que sanan en unos pocos d\u00edas. Puede sufrir una <a href=\"https:\/\/www.mayoclinic.org\/diseases-conditions\/traumatic-brain-injury\/symptoms-causes\/syc-20378557\" target=\"_blank\" rel=\"noopener\">lesi\u00f3n cerebral traum\u00e1tica<\/a> leve sin efectos duraderos o sufrir s\u00edntomas persistentes.<\/p>\n<p>En Georgia Spine &amp; Orthopaedics, tratamos a pacientes que sufren los efectos de lesiones en la cabeza, ya sean graves o leves. Siempre puede contar con nuestros expertos para llegar a la ra\u00edz del problema y proponer un tratamiento eficaz.<\/p>\n<h3>Lesiones de cuello<\/h3>\n<p>El cuello controla una gran parte del cuerpo y puede lesionarse f\u00e1cilmente. Las <a href=\"https:\/\/www.gaspineortho.com\/es\/lesion-en-el-cuello\/\">lesiones en el cuello<\/a> pueden provenir de diferentes fuentes, como accidentes automovil\u00edsticos, actividades deportivas, etc., que pueden causar da\u00f1os en el cuello, as\u00ed como dolor, malestar y movilidad limitada.<\/p>\n<p>Para garantizar un diagn\u00f3stico adecuado y una mejor posibilidad de recuperarse completamente de su lesi\u00f3n en el cuello, es importante buscar atenci\u00f3n m\u00e9dica. En Georgia Spine &amp; Orthopaedics, puede contar con nosotros para eliminar el dolor, prevenir recurrencias y volver a su vida normal.<\/p>\n<h3>Lesiones de la columna vertebral<\/h3>\n<p>Una <a href=\"https:\/\/www.gaspineortho.com\/es\/lesion-en-la-columna\/\">lesi\u00f3n en la columna<\/a> es bastante grave ya que f\u00e1cilmente puede provocar da\u00f1os en la m\u00e9dula espinal, que es responsable de transportar se\u00f1ales entre el cerebro y el resto del cuerpo. Las lesiones de la columna suelen ser el resultado de un traumatismo en la columna.<\/p>\n<p>En Georgia Spine &amp; Orthopaedics, tenemos la experiencia y los conocimientos para tratar todo tipo de lesiones en la columna. Trabajamos en estrecha colaboraci\u00f3n con diferentes profesionales, como fisioterapeutas y quiropr\u00e1cticos, para brindar la atenci\u00f3n m\u00e1s avanzada.<\/p>\n<p><a href=\"https:\/\/www.gaspineortho.com\/wp-content\/uploads\/2024\/05\/shutterstock_1789461236-min.jpg\"><img decoding=\"async\" class=\"alignnone size-full wp-image-3935\" src=\"https:\/\/www.gaspineortho.com\/wp-content\/uploads\/2024\/05\/shutterstock_1789461236-min.jpg\" alt=\"Cl\u00ednica M\u00e9dica Atlanta\" width=\"500\" height=\"334\" srcset=\"https:\/\/www.gaspineortho.com\/wp-content\/uploads\/2024\/05\/shutterstock_1789461236-min.jpg 500w, https:\/\/www.gaspineortho.com\/wp-content\/uploads\/2024\/05\/shutterstock_1789461236-min-300x200.jpg 300w\" sizes=\"(max-width: 500px) 100vw, 500px\" \/><\/a><\/p>\n<h3>Dolor de espalda baja<\/h3>\n<p>El <a href=\"https:\/\/www.gaspineortho.com\/es\/lesion-de-espalda\/\">dolor lumbar<\/a> puede tener muchas causas diferentes. Sin embargo, generalmente se desarrolla debido a una lesi\u00f3n o tensi\u00f3n en los tejidos blandos, que incluyen ligamentos, tendones y m\u00fasculos. Cualquiera que sea la causa, el dolor lumbar puede provocar una menor calidad de vida.<\/p>\n<p>En Georgia Spine &amp; Orthopaedics, nuestro equipo de especialistas en ortopedia est\u00e1 completamente equipado para ayudarlo a recuperarse de las lesiones y el dolor de la espalda baja. Utilizamos una gama de herramientas para el diagn\u00f3stico y ofrecemos un tratamiento integral.<\/p>\n<h3>Lesiones en el hombro<\/h3>\n<p><a href=\"https:\/\/www.gaspineortho.com\/shoulder-injury\/\">Las lesiones de hombro <\/a> y el dolor resultante a menudo son causados \u200b\u200bpor actividades deportivas que implican movimientos excesivos y repetitivos por encima de la cabeza, como levantamiento de pesas, lanzamiento, tenis y nataci\u00f3n. Tambi\u00e9n pueden producirse lesiones al realizar actividades dom\u00e9sticas cotidianas, como colgar cortinas, lavar paredes, etc.<\/p>\n<p>En Georgia Spine &amp; Orthopaedics, contamos con algunos de los mejores m\u00e9dicos especializados en el tratamiento de lesiones y dolores de hombro, incluidas las complejidades del dolor en las articulaciones del hombro. Estamos dedicados al diagn\u00f3stico y tratamiento efectivo de su condici\u00f3n.<\/p>\n<h3>Lesiones de codo<\/h3>\n<p>Se estima que el codo de tenista y otros tipos de lesiones del codo afectan hasta 1 de cada 3 personas en los Estados Unidos a lo largo de sus vidas, independientemente de que participen activamente en actividades deportivas o no.<\/p>\n<p>Si se encuentra en Atlanta y sufre lesiones en el codo y el dolor resultante, siempre puede contar con el equipo dedicado de Georgia Spine &amp; Orthopaedics para brindarle una amplia gama de opciones de tratamiento, personalizadas para usted para garantizar un alivio eficaz del dolor.<\/p>\n<h3>Lesiones de mu\u00f1eca<\/h3>\n<p>Las lesiones de mu\u00f1eca son comunes en Atlanta pero debilitantes en la mayor\u00eda de los casos. Si tiene problemas con un dolor de mu\u00f1eca intenso o continuo causado por cualquier tipo de lesi\u00f3n en la mu\u00f1eca, siempre puede contar con Georgia Spine &amp; Orthopaedics. Nuestros especialistas en ortopedia certificados y el equipo de expertos ofrecen numerosas opciones de tratamiento para sus lesiones de mu\u00f1eca para brindar un alivio efectivo.<\/p>\n<h3>Lesiones en la mano<\/h3>\n<p>Cualquiera puede sufrir lesiones en las manos. Algunas de las causas m\u00e1s comunes de lesiones en las manos son realizar movimientos repetidos en el trabajo, lastimarse en deportes y desarrollar enfermedades cr\u00f3nicas, como la <a href=\"https:\/\/www.mayoclinic.org\/diseases-conditions\/arthritis\/symptoms-causes\/syc-20350772\" target=\"_blank\" rel=\"noopener\">artritis<\/a>. Si sufre una lesi\u00f3n en la mano, puede hacer que incluso las tareas m\u00e1s simples sean un desaf\u00edo.<\/p>\n<p>Para garantizar una atenci\u00f3n de calidad y la recuperaci\u00f3n m\u00e1s r\u00e1pida posible de su lesi\u00f3n en la mano, puede contar con Georgia Spine &amp; Orthopaedics. Nuestro equipo de especialistas en ortopedia est\u00e1 altamente capacitado en el tratamiento de afecciones que afectan la mano.<\/p>\n<p><a href=\"https:\/\/www.gaspineortho.com\/wp-content\/uploads\/2024\/05\/shutterstock_435746674-min-1.jpg\"><img decoding=\"async\" class=\"alignnone size-full wp-image-3928\" src=\"https:\/\/www.gaspineortho.com\/wp-content\/uploads\/2024\/05\/shutterstock_435746674-min-1.jpg\" alt=\"Cl\u00ednica M\u00e9dica Atlanta\" width=\"500\" height=\"334\" srcset=\"https:\/\/www.gaspineortho.com\/wp-content\/uploads\/2024\/05\/shutterstock_435746674-min-1.jpg 500w, https:\/\/www.gaspineortho.com\/wp-content\/uploads\/2024\/05\/shutterstock_435746674-min-1-300x200.jpg 300w\" sizes=\"(max-width: 500px) 100vw, 500px\" \/><\/a><\/p>\n<h3>Lesiones de cadera<\/h3>\n<p>El dolor de cadera es com\u00fan, especialmente a medida que envejecemos. Tiene muchas causas posibles, como una <a href=\"https:\/\/www.gaspineortho.com\/hip-injury\/\">lesi\u00f3n repentina en la cadera<\/a> o un problema m\u00e1s duradero como la artritis. Puedes hacer varias cosas para aliviar el dolor, pero es importante buscar ayuda m\u00e9dica si el dolor no mejora.<\/p>\n<p>Si sufre dolor de cadera, puede asumir que la cirug\u00eda es la \u00fanica opci\u00f3n eficaz para obtener alivio. Sin embargo, en Georgia Spine &amp; Orthopaedics, nuestros especialistas en dolor de cadera pueden ofrecer otros tratamientos igualmente eficaces.<\/p>\n<h3>Lesiones de rodilla<\/h3>\n<p>La rodilla es una articulaci\u00f3n compleja que tiene muchos componentes diferentes, lo que la hace particularmente vulnerable a diferentes tipos de lesiones. Los esguinces, dislocaciones y fracturas de ligamentos son algunas de las lesiones de rodilla m\u00e1s com\u00fanmente reportadas.<\/p>\n<p><a href=\"https:\/\/www.gaspineortho.com\/knee-injury\/\">Los especialistas<\/a> en lesiones de rodilla, como los de Georgia Spine &amp; Orthopaedics, saben que el dolor de rodilla puede afectar su vida e impedirle realizar las actividades que ama y pueden ofrecer varios tratamientos no quir\u00fargicos para reducir o eliminar el dolor de rodilla.<\/p>\n<h3>Lesiones de tobillo<\/h3>\n<p>Los esguinces de tobillo son algunas de las lesiones de tobillo m\u00e1s comunes que ocurren cuando uno o m\u00e1s ligamentos del tobillo se desgarran o estiran. Las lesiones de tobillo suelen ser el resultado de un accidente, una ca\u00edda o una lesi\u00f3n deportiva. Independientemente de la causa, pueden dificultar la marcha.<\/p>\n<p>En Georgia Spine &amp; Orthopaedics, ofrecemos las opciones menos agresivas y menos invasivas para tratar el dolor y los s\u00edntomas del tobillo para que pueda volver a realizar las actividades que ama.<\/p>\n<h3>Lesiones en los pies<\/h3>\n<p>Lesiones del pie El pie est\u00e1 formado por muchos huesos, tendones y ligamentos diferentes que trabajan juntos para permitir el movimiento y el equilibrio. Si los tendones se desgarran o lesionan, puede causar hinchaz\u00f3n, dolor y debilidad en el pie, as\u00ed como molestias al caminar, estar de pie o practicar deportes.<\/p>\n<p>En Georgia Spine &amp; Orthopaedics, realizamos evaluaciones completas de su pie para determinar el tipo de lesi\u00f3n que tiene. Una vez que tengamos un diagn\u00f3stico preciso y podamos ver d\u00f3nde y c\u00f3mo se lesion\u00f3 el tend\u00f3n, podremos desarrollar un plan de tratamiento personalizado.<\/p>\n<p><img loading=\"lazy\" decoding=\"async\" class=\"aligncenter size-large wp-image-7219\" src=\"https:\/\/www.gaspineortho.com\/wp-content\/uploads\/2024\/05\/Medical-Clinic-1-410x1024.png\" alt=\"Lesiones que tratamos\" width=\"410\" height=\"1024\" srcset=\"https:\/\/www.gaspineortho.com\/wp-content\/uploads\/2024\/05\/Medical-Clinic-1-410x1024.png 410w, https:\/\/www.gaspineortho.com\/wp-content\/uploads\/2024\/05\/Medical-Clinic-1-120x300.png 120w, https:\/\/www.gaspineortho.com\/wp-content\/uploads\/2024\/05\/Medical-Clinic-1-768x1920.png 768w, https:\/\/www.gaspineortho.com\/wp-content\/uploads\/2024\/05\/Medical-Clinic-1.png 800w\" sizes=\"(max-width: 410px) 100vw, 410px\" \/><\/p>\n<h2>\u00bfLuchando contra el dolor cr\u00f3nico? Ll\u00e1menos hoy<\/h2>\n<p>Si ha tenido dolor o lesi\u00f3n en la espalda, el cuello, la cabeza, el hombro, el pie, el tobillo, la rodilla, la cadera, la mano, la mu\u00f1eca o el codo y est\u00e1 luchando contra el dolor cr\u00f3nico, deber\u00eda considerar acudir a un centro con varios profesionales experimentados. .<\/p>\n<p>En <a href=\"https:\/\/www.gaspineortho.com\/es\/\">Georgia Spine &amp; Orthopaedics<\/a>, somos la cl\u00ednica m\u00e9dica l\u00edder en Atlanta para sus necesidades y ofrecemos diferentes opciones de tratamiento para garantizar un alivio eficaz del dolor. Visite a un proveedor hoy o ll\u00e1menos al <a href=\"tel:+16789294494\"><i class=\"fa fa-phone-alt\"><\/i>678-929-4494<\/a> para programar su cita.<\/p>\n","protected":false},"excerpt":{"rendered":"<p>El dolor es algo que nos tomamos muy en serio en Georgia Spine &amp; Orthopaedics, una cl\u00ednica m\u00e9dica l\u00edder en Atlanta. Somos claramente \u00fanicos de otras cl\u00ednicas de manejo del dolor ya que primero optamos por opciones de tratamiento menos invasivas y m\u00e1s rentables antes de considerar la cirug\u00eda. Si tiene dolor continuo y no [&hellip;]<\/p>\n","protected":false},"author":44,"featured_media":0,"parent":7148,"menu_order":0,"comment_status":"closed","ping_status":"closed","template":"","meta":{"_acf_changed":false,"footnotes":""},"categories":[],"tags":[],"class_list":["post-7306","page","type-page","status-publish","hentry"],"acf":[],"_links":{"self":[{"href":"https:\/\/www.gaspineortho.com\/es\/wp-json\/wp\/v2\/pages\/7306","targetHints":{"allow":["GET"]}}],"collection":[{"href":"https:\/\/www.gaspineortho.com\/es\/wp-json\/wp\/v2\/pages"}],"about":[{"href":"https:\/\/www.gaspineortho.com\/es\/wp-json\/wp\/v2\/types\/page"}],"author":[{"embeddable":true,"href":"https:\/\/www.gaspineortho.com\/es\/wp-json\/wp\/v2\/users\/44"}],"replies":[{"embeddable":true,"href":"https:\/\/www.gaspineortho.com\/es\/wp-json\/wp\/v2\/comments?post=7306"}],"version-history":[{"count":13,"href":"https:\/\/www.gaspineortho.com\/es\/wp-json\/wp\/v2\/pages\/7306\/revisions"}],"predecessor-version":[{"id":8769,"href":"https:\/\/www.gaspineortho.com\/es\/wp-json\/wp\/v2\/pages\/7306\/revisions\/8769"}],"up":[{"embeddable":true,"href":"https:\/\/www.gaspineortho.com\/es\/wp-json\/wp\/v2\/pages\/7148"}],"wp:attachment":[{"href":"https:\/\/www.gaspineortho.com\/es\/wp-json\/wp\/v2\/media?parent=7306"}],"wp:term":[{"taxonomy":"category","embeddable":true,"href":"https:\/\/www.gaspineortho.com\/es\/wp-json\/wp\/v2\/categories?post=7306"},{"taxonomy":"post_tag","embeddable":true,"href":"https:\/\/www.gaspineortho.com\/es\/wp-json\/wp\/v2\/tags?post=7306"}],"curies":[{"name":"wp","href":"https:\/\/api.w.org\/{rel}","templated":true}]}}