{"id":7303,"date":"2025-07-02T11:17:26","date_gmt":"2025-07-02T16:17:26","guid":{"rendered":"https:\/\/www.gaspineortho.com\/atlanta\/chiropractor\/"},"modified":"2024-09-09T12:28:49","modified_gmt":"2024-09-09T17:28:49","slug":"quiropractico","status":"publish","type":"page","link":"https:\/\/www.gaspineortho.com\/es\/atlanta\/quiropractico\/","title":{"rendered":"Quiropr\u00e1ctico"},"content":{"rendered":"<p>En el acelerado mundo actual, el dolor de espalda, la rigidez del cuello y los dolores de cabeza son demasiado comunes. Estos problemas pueden afectar significativamente su vida diaria, limitando su movilidad y bienestar general. En Georgia Spine &amp; Orthopaedics, entendemos la frustraci\u00f3n y las limitaciones que puede causar el dolor cr\u00f3nico. Es por eso que ofrecemos atenci\u00f3n quiropr\u00e1ctica integral en Atlanta, brindando un enfoque natural y sin medicamentos para aliviar el dolor y mejorar la salud de la columna.<\/p>\n<p>Nuestro equipo de quiropr\u00e1cticos experimentados de Atlanta est\u00e1 dedicado a ayudarlo a lograr una salud y funci\u00f3n \u00f3ptimas. Creemos que el cuerpo tiene una capacidad incre\u00edble para curarse a s\u00ed mismo y la atenci\u00f3n quiropr\u00e1ctica puede desbloquear este potencial. \u00a1Programe una consulta hoy! Obtenga m\u00e1s informaci\u00f3n sobre c\u00f3mo la atenci\u00f3n quiropr\u00e1ctica puede beneficiarlo y tomar el control de su salud. Ll\u00e1manos al <a href=\"tel:+16789294494\"><i class=\"fa fa-phone-alt\"><\/i>678-929-4494<\/a> para comenzar.<\/p>\n<h2>Lesiones comunes que tratamos<\/h2>\n<p><a href=\"https:\/\/www.gaspineortho.com\/wp-content\/uploads\/2024\/05\/shutterstock_769605700-min.jpg\"><img fetchpriority=\"high\" decoding=\"async\" class=\"alignnone size-full wp-image-3676\" src=\"https:\/\/www.gaspineortho.com\/wp-content\/uploads\/2024\/05\/shutterstock_769605700-min.jpg\" alt=\"Quiropr\u00e1ctico de Atlanta\" width=\"500\" height=\"334\" srcset=\"https:\/\/www.gaspineortho.com\/wp-content\/uploads\/2024\/05\/shutterstock_769605700-min.jpg 500w, https:\/\/www.gaspineortho.com\/wp-content\/uploads\/2024\/05\/shutterstock_769605700-min-300x200.jpg 300w\" sizes=\"(max-width: 500px) 100vw, 500px\" \/><\/a><\/p>\n<p>La atenci\u00f3n quiropr\u00e1ctica es una opci\u00f3n de tratamiento segura y eficaz para una amplia gama de afecciones musculoesquel\u00e9ticas, que incluyen:<\/p>\n<h3>Dolor de espalda<\/h3>\n<p>Esta es una preocupaci\u00f3n generalizada y la atenci\u00f3n quiropr\u00e1ctica ofrece un enfoque natural y sin medicamentos para controlarla. <a href=\"https:\/\/www.gaspineortho.com\/es\/lesion-de-espalda\/\">El dolor de espalda<\/a> puede deberse a diversas fuentes, incluidas desalineaciones de la columna, espasmos musculares, <a href=\"https:\/\/www.mayoclinic.org\/diseases-conditions\/herniated-disk\/symptoms-causes\/syc-20354095\" target=\"_blank\" rel=\"noopener\">hernias de disco<\/a> y enfermedades degenerativas del disco. Los ajustes quiropr\u00e1cticos pueden ayudar a restaurar la alineaci\u00f3n adecuada de la columna, reducir la tensi\u00f3n muscular y promover la salud del disco, lo que conduce a un alivio significativo del dolor y una mejor movilidad.<\/p>\n<h3>Dolor de cuello<\/h3>\n<p>El cuello es una estructura compleja susceptible de sufrir dolor debido a una mala postura, lesiones como el <a href=\"https:\/\/www.gaspineortho.com\/es\/lesion-por-latigazo-cervical\/\">latigazo <\/a> cervical y el desgaste diario. La atenci\u00f3n quiropr\u00e1ctica puede abordar el <a href=\"https:\/\/www.gaspineortho.com\/es\/lesion-en-el-cuello\/\">dolor de cuello<\/a> mejorando la movilidad de las articulaciones de la columna cervical. Los ajustes tambi\u00e9n pueden ayudar a aliviar la tensi\u00f3n y la inflamaci\u00f3n muscular, reduciendo el dolor y la rigidez. Adem\u00e1s, la atenci\u00f3n quiropr\u00e1ctica puede mejorar la postura, reduciendo el riesgo de futuros episodios de dolor de cuello.<\/p>\n<h3>dolores de cabeza<\/h3>\n<p>Los dolores de cabeza tensionales y las migra\u00f1as pueden ser debilitantes y afectar la concentraci\u00f3n y el bienestar general. La atenci\u00f3n quiropr\u00e1ctica puede ofrecer alivio al abordar las posibles causas subyacentes de los dolores de cabeza, como las desalineaciones de la columna que contribuyen a la tensi\u00f3n en la parte superior del cuello y la cabeza. Al mejorar el flujo sangu\u00edneo y reducir la tensi\u00f3n en estas \u00e1reas, los ajustes quiropr\u00e1cticos pueden reducir significativamente la frecuencia e intensidad del dolor de cabeza.<\/p>\n<h3>Sciatica<\/h3>\n<p>Este dolor que se irradia hacia la pierna es causado por la irritaci\u00f3n o compresi\u00f3n del nervio ci\u00e1tico, el nervio m\u00e1s largo del cuerpo. Los ajustes quiropr\u00e1cticos pueden ayudar a aliviar <a href=\"https:\/\/www.mayoclinic.org\/diseases-conditions\/sciatica\/symptoms-causes\/syc-20377435\" target=\"_blank\" rel=\"noopener\">el dolor ci\u00e1tico<\/a> al abordar las desalineaciones en la parte inferior de la columna que pueden estar afectando la ra\u00edz nerviosa. Adem\u00e1s, la atenci\u00f3n quiropr\u00e1ctica puede ayudar a mejorar la flexibilidad y reducir la inflamaci\u00f3n, promoviendo una curaci\u00f3n m\u00e1s r\u00e1pida y un alivio del dolor.<\/p>\n<h3>Artritis<\/h3>\n<p>Si bien no existe cura para la artritis, la atenci\u00f3n quiropr\u00e1ctica puede mejorar significativamente su calidad de vida al controlar el dolor asociado con esta afecci\u00f3n. Los ajustes quiropr\u00e1cticos pueden ayudar a mejorar la movilidad y flexibilidad de las articulaciones, permitiendo un movimiento m\u00e1s f\u00e1cil y reduciendo la rigidez. Adem\u00e1s, la atenci\u00f3n quiropr\u00e1ctica puede ayudar a reducir la inflamaci\u00f3n, un factor clave que contribuye al dolor en la artritis.<\/p>\n<h3>Lesiones deportivas<\/h3>\n<p>Los atletas llevan sus cuerpos al l\u00edmite, lo que los hace propensos a sufrir diversas lesiones como esguinces, torceduras y desgarros musculares. La atenci\u00f3n quiropr\u00e1ctica puede desempe\u00f1ar un papel vital en la recuperaci\u00f3n de lesiones deportivas al promover la curaci\u00f3n, reducir la inflamaci\u00f3n y mejorar la flexibilidad. Los quiropr\u00e1cticos tambi\u00e9n pueden ayudar a los atletas a mejorar su postura y biomec\u00e1nica, reduciendo el riesgo de lesiones futuras y mejorando el rendimiento general.<\/p>\n<h3>Lesiones relacionadas con el trabajo<\/h3>\n<p>Muchas profesiones implican movimientos repetitivos o posturas inc\u00f3modas que pueden provocar dolor e incomodidad. La atenci\u00f3n quiropr\u00e1ctica puede abordar lesiones relacionadas con el trabajo, como el s\u00edndrome del t\u00fanel carpiano, el dolor de cuello y el dolor lumbar. Al mejorar la alineaci\u00f3n de la columna, reducir la tensi\u00f3n muscular y promover una ergonom\u00eda adecuada, la atenci\u00f3n quiropr\u00e1ctica puede ayudarlo a recuperarse de <a href=\"https:\/\/www.gaspineortho.com\/es\/atlanta\/tratamiento-de-lesiones-en-el-trabajo\/\">lesiones laborales<\/a> y prevenir futuras.<\/p>\n<p><img decoding=\"async\" class=\"aligncenter size-large wp-image-7101\" src=\"https:\/\/www.gaspineortho.com\/wp-content\/uploads\/2024\/05\/Chiropractor-410x1024.png\" alt=\"Lesiones comunes que tratamos\" width=\"410\" height=\"1024\" srcset=\"https:\/\/www.gaspineortho.com\/wp-content\/uploads\/2024\/05\/Chiropractor-410x1024.png 410w, https:\/\/www.gaspineortho.com\/wp-content\/uploads\/2024\/05\/Chiropractor-120x300.png 120w, https:\/\/www.gaspineortho.com\/wp-content\/uploads\/2024\/05\/Chiropractor-768x1920.png 768w, https:\/\/www.gaspineortho.com\/wp-content\/uploads\/2024\/05\/Chiropractor.png 800w\" sizes=\"(max-width: 410px) 100vw, 410px\" \/><\/p>\n<h2>\u00bfCu\u00e1nto tiempo tengo para ver a un quiropr\u00e1ctico despu\u00e9s de un accidente?<\/h2>\n<p>No hay una respuesta m\u00e1gica para esta pregunta. Buscar atenci\u00f3n m\u00e9dica inmediata despu\u00e9s de un accidente automovil\u00edstico es crucial, independientemente de si experimenta dolor inmediato. Los quiropr\u00e1cticos est\u00e1n capacitados para evaluar y tratar <a href=\"https:\/\/www.gaspineortho.com\/es\/atlanta\/tratamiento-de-accidente-automovilistico\/\">lesiones por accidentes automovil\u00edsticos<\/a>, y la intervenci\u00f3n temprana puede mejorar significativamente los resultados de su recuperaci\u00f3n.<\/p>\n<p>Si ha tenido un <a href=\"https:\/\/www.gaspineortho.com\/atlanta\/car-accident-doctor\/\">accidente automovil\u00edstico<\/a> y siente dolor, no dude en programar una consulta con un quiropr\u00e1ctico de Atlanta. Incluso si han pasado semanas o meses desde el accidente, la atenci\u00f3n quiropr\u00e1ctica a\u00fan puede ser beneficiosa para abordar el dolor persistente y promover la curaci\u00f3n a largo plazo.<\/p>\n<h2>C\u00f3mo la quiropr\u00e1ctica puede ayudar con las lesiones por accidentes automovil\u00edsticos<\/h2>\n<p>Los accidentes automovil\u00edsticos pueden causar una variedad de lesiones musculoesquel\u00e9ticas, como latigazo cervical, dolor de espalda, dolor de cuello y dolores de cabeza. La atenci\u00f3n quiropr\u00e1ctica ofrece un enfoque natural y libre de medicamentos para tratar estas lesiones. As\u00ed es c\u00f3mo:<\/p>\n<ul>\n<li><strong>Ajustes de la columna:<\/strong> los quiropr\u00e1cticos utilizan ajustes espec\u00edficos para realinear suavemente la columna, mejorando la movilidad y reduciendo el dolor causado por las desalineaciones.<\/li>\n<li><strong>Rango de movimiento mejorado:<\/strong> la atenci\u00f3n quiropr\u00e1ctica puede ayudar a restaurar el rango de movimiento perdido en la columna y las articulaciones, mejorando la flexibilidad y la funci\u00f3n general.<\/li>\n<li><strong>Reducci\u00f3n de la inflamaci\u00f3n: <\/strong> los ajustes quiropr\u00e1cticos pueden ayudar a reducir la inflamaci\u00f3n en el cuerpo, lo que contribuye al dolor y la rigidez.<\/li>\n<li><strong>Relajaci\u00f3n muscular:<\/strong> la atenci\u00f3n quiropr\u00e1ctica puede ayudar a relajar la tensi\u00f3n y los espasmos musculares, aliviando el dolor y promoviendo la curaci\u00f3n.<\/li>\n<li><a href=\"https:\/\/www.gaspineortho.com\/es\/atlanta\/el-manejo-del-dolor\/\"><strong>Manejo del dolor:<\/strong><\/a> los ajustes quiropr\u00e1cticos pueden proporcionar un alivio significativo del dolor sin el uso de medicamentos.<\/li>\n<\/ul>\n<h2>Beneficios de acudir a un quiropr\u00e1ctico despu\u00e9s de un accidente<\/h2>\n<p>Existen numerosos beneficios al buscar atenci\u00f3n quiropr\u00e1ctica despu\u00e9s de un accidente automovil\u00edstico.<\/p>\n<h3>Alivio del dolor dirigido<\/h3>\n<p>Los accidentes automovil\u00edsticos pueden causar dolor en varias \u00e1reas del cuerpo, desde dolor de cuello inducido por latigazo cervical hasta ci\u00e1tica irradiada. Los accidentes automovil\u00edsticos pueden causar dolor en varias \u00e1reas del cuerpo, desde dolor de cuello inducido por latigazo cervical hasta ci\u00e1tica irradiada. Al realinear suavemente las desalineaciones de la columna y mejorar la movilidad de las articulaciones, los quiropr\u00e1cticos pueden reducir significativamente el dolor y la incomodidad, permiti\u00e9ndole moverse con mayor facilidad.<\/p>\n<h3>Acelerar el proceso de curaci\u00f3n<\/h3>\n<p>El cuerpo humano tiene una notable capacidad de curaci\u00f3n, pero las lesiones por accidentes automovil\u00edsticos pueden alterar este proceso natural. La atenci\u00f3n quiropr\u00e1ctica act\u00faa como un catalizador, acelera la curaci\u00f3n al mejorar el flujo sangu\u00edneo a los tejidos lesionados, promover la relajaci\u00f3n muscular y reducir la inflamaci\u00f3n. Este enfoque espec\u00edfico puede acortar su tiempo de recuperaci\u00f3n y permitirle regresar a sus actividades diarias m\u00e1s r\u00e1pido.<\/p>\n<h3>Minimizar la dependencia de los medicamentos<\/h3>\n<p>Los analg\u00e9sicos recetados a menudo se recetan despu\u00e9s de accidentes automovil\u00edsticos, pero conllevan el riesgo de efectos secundarios y una posible dependencia. La atenci\u00f3n quiropr\u00e1ctica ofrece un enfoque natural y libre de medicamentos para el manejo del dolor. Al abordar la causa subyacente del dolor, los ajustes quiropr\u00e1cticos pueden reducir significativamente su dependencia de los medicamentos, permitiendo que su cuerpo sane sin los posibles inconvenientes de la intervenci\u00f3n farmac\u00e9utica.<\/p>\n<h3>Recuperar la movilidad perdida<\/h3>\n<p>La fuerza de un accidente automovil\u00edstico puede provocar rigidez y restricci\u00f3n del movimiento en la columna y las articulaciones. La atenci\u00f3n quiropr\u00e1ctica puede ayudar a restaurar la movilidad perdida al mejorar la alineaci\u00f3n de la columna, reducir la tensi\u00f3n muscular y aumentar el rango de movimiento de las articulaciones. Esta movilidad mejorada le permite realizar las tareas cotidianas con mayor facilidad y confianza.<\/p>\n<h3>Prevenir el dolor cr\u00f3nico<\/h3>\n<p>Si no se tratan, las lesiones por accidentes automovil\u00edsticos pueden evolucionar hacia condiciones de dolor cr\u00f3nico. La atenci\u00f3n quiropr\u00e1ctica juega un papel crucial en la prevenci\u00f3n de esto al abordar las desalineaciones y promover una curaci\u00f3n adecuada. Los ajustes quiropr\u00e1cticos regulares pueden ayudar a mantener la salud de la columna, reducir la inflamaci\u00f3n y minimizar el riesgo de dolor cr\u00f3nico, permiti\u00e9ndole disfrutar de una vida activa y sin dolor.<\/p>\n<h3>Impulsar el bienestar general<\/h3>\n<p>Los beneficios de la atenci\u00f3n quiropr\u00e1ctica van m\u00e1s all\u00e1 del alivio del dolor. Al promover la salud de la columna y mejorar la funci\u00f3n del sistema nervioso, los ajustes quiropr\u00e1cticos pueden mejorar su bienestar general. Es posible que experimente un mejor sue\u00f1o, una mejor digesti\u00f3n y una mayor sensaci\u00f3n de energ\u00eda. Invertir en atenci\u00f3n quiropr\u00e1ctica despu\u00e9s de un accidente automovil\u00edstico es una inversi\u00f3n en su salud y bienestar a largo plazo.<\/p>\n<h3>Costo de su atenci\u00f3n<\/h3>\n<p>Es importante tener en cuenta que Georgia Spine &amp; Orthopaedics no acepta Medicare, Medicaid ni seguros m\u00e9dicos. Ofrecemos opciones asequibles de pago por cuenta propia y planes de pago flexibles para que la atenci\u00f3n quiropr\u00e1ctica sea accesible para todos. Durante su consulta inicial, discutiremos nuestros honorarios y responderemos cualquier pregunta que pueda tener sobre las opciones de pago.<\/p>\n<p><a href=\"https:\/\/www.gaspineortho.com\/wp-content\/uploads\/2024\/05\/shutterstock_1818604649-1-min.jpg\"><img decoding=\"async\" class=\"alignnone size-full wp-image-3679\" src=\"https:\/\/www.gaspineortho.com\/wp-content\/uploads\/2024\/05\/shutterstock_1818604649-1-min.jpg\" alt=\"Quiropr\u00e1ctico de Atlanta\" width=\"500\" height=\"334\" srcset=\"https:\/\/www.gaspineortho.com\/wp-content\/uploads\/2024\/05\/shutterstock_1818604649-1-min.jpg 500w, https:\/\/www.gaspineortho.com\/wp-content\/uploads\/2024\/05\/shutterstock_1818604649-1-min-300x200.jpg 300w\" sizes=\"(max-width: 500px) 100vw, 500px\" \/><\/a><\/p>\n<h2>\u00bfPor qu\u00e9 elegirnos?<\/h2>\n<p>En Georgia Spine &amp; Orthopaedics, nos diferenciamos por nuestro compromiso con la atenci\u00f3n centrada en el paciente y las soluciones curativas naturales. Esto es lo que nos diferencia:<\/p>\n<h3>Quiropr\u00e1cticos experimentados en Atlanta<\/h3>\n<p>Nuestro equipo est\u00e1 formado por quiropr\u00e1cticos de Atlanta altamente capacitados y experimentados a quienes les apasiona ayudar a los pacientes a lograr una salud \u00f3ptima. Utilizan una variedad de t\u00e9cnicas quiropr\u00e1cticas para adaptar los planes de tratamiento a sus necesidades y lesiones espec\u00edficas.<\/p>\n<h3>Atenci\u00f3n personalizada<\/h3>\n<p>Nos tomamos el tiempo para comprender su situaci\u00f3n y sus objetivos \u00fanicos. Su plan de tratamiento no ser\u00e1 un enfoque \u00fanico para todos. Trabajaremos en colaboraci\u00f3n con usted para desarrollar un plan que promueva la curaci\u00f3n y le permita tomar el control de su salud.<\/p>\n<h3>Centrarse en el bienestar<\/h3>\n<p>Creemos que la atenci\u00f3n quiropr\u00e1ctica es m\u00e1s que solo aliviar el dolor. Nuestro objetivo es optimizar su bienestar general. Podemos recomendar terapias adicionales como terapia de masajes o estiramientos para complementar sus ajustes quiropr\u00e1cticos y mejorar su recuperaci\u00f3n.<\/p>\n<h3>Comunicaci\u00f3n y Transparencia<\/h3>\n<p>Creemos que la comunicaci\u00f3n clara es primordial. Nuestros quiropr\u00e1cticos de Atlanta le explicar\u00e1n su diagn\u00f3stico, las opciones de tratamiento y el curso de atenci\u00f3n esperado de una manera f\u00e1cil de entender. Participar\u00e1 activamente en sus decisiones de tratamiento.<\/p>\n<h3>Programaci\u00f3n conveniente<\/h3>\n<p>Entendemos que su tiempo es valioso. Es por eso que ofrecemos opciones de programaci\u00f3n flexibles para adaptarnos a su ajetreado estilo de vida.<\/p>\n<h2>\u00a1P\u00f3ngase en contacto con nuestros quiropr\u00e1cticos de Atlanta hoy!<\/h2>\n<p>El dolor cr\u00f3nico y los problemas musculoesquel\u00e9ticos pueden afectar significativamente su calidad de vida. En <a href=\"https:\/\/www.gaspineortho.com\/es\/\">Georgia Spine &amp; Orthopaedics<\/a>, nuestra atenci\u00f3n quiropr\u00e1ctica en Atlanta ofrece una alternativa segura y eficaz para controlar el dolor y promover la curaci\u00f3n a largo plazo. Creemos que el cuerpo tiene una capacidad asombrosa para curarse a s\u00ed mismo y la atenci\u00f3n quiropr\u00e1ctica puede desbloquear ese potencial.<\/p>\n<p>\u00a1No esperes m\u00e1s para tomar el control de tu salud! Programe una consulta con un quiropr\u00e1ctico experimentado en Atlanta hoy. Obtenga m\u00e1s informaci\u00f3n sobre c\u00f3mo la atenci\u00f3n quiropr\u00e1ctica de Atlanta puede beneficiarlo y comenzar su viaje hacia una vida m\u00e1s saludable y sin dolor. Ll\u00e1manos al <a href=\"tel:+16789294494\"><i class=\"fa fa-phone-alt\"><\/i>678-929-4494<\/a> para comenzar.<\/p>\n","protected":false},"excerpt":{"rendered":"<p>En el acelerado mundo actual, el dolor de espalda, la rigidez del cuello y los dolores de cabeza son demasiado comunes. Estos problemas pueden afectar significativamente su vida diaria, limitando su movilidad y bienestar general. En Georgia Spine &amp; Orthopaedics, entendemos la frustraci\u00f3n y las limitaciones que puede causar el dolor cr\u00f3nico. Es por eso [&hellip;]<\/p>\n","protected":false},"author":44,"featured_media":0,"parent":7148,"menu_order":0,"comment_status":"closed","ping_status":"closed","template":"","meta":{"_acf_changed":false,"footnotes":""},"categories":[],"tags":[],"class_list":["post-7303","page","type-page","status-publish","hentry"],"acf":[],"_links":{"self":[{"href":"https:\/\/www.gaspineortho.com\/es\/wp-json\/wp\/v2\/pages\/7303","targetHints":{"allow":["GET"]}}],"collection":[{"href":"https:\/\/www.gaspineortho.com\/es\/wp-json\/wp\/v2\/pages"}],"about":[{"href":"https:\/\/www.gaspineortho.com\/es\/wp-json\/wp\/v2\/types\/page"}],"author":[{"embeddable":true,"href":"https:\/\/www.gaspineortho.com\/es\/wp-json\/wp\/v2\/users\/44"}],"replies":[{"embeddable":true,"href":"https:\/\/www.gaspineortho.com\/es\/wp-json\/wp\/v2\/comments?post=7303"}],"version-history":[{"count":6,"href":"https:\/\/www.gaspineortho.com\/es\/wp-json\/wp\/v2\/pages\/7303\/revisions"}],"predecessor-version":[{"id":9373,"href":"https:\/\/www.gaspineortho.com\/es\/wp-json\/wp\/v2\/pages\/7303\/revisions\/9373"}],"up":[{"embeddable":true,"href":"https:\/\/www.gaspineortho.com\/es\/wp-json\/wp\/v2\/pages\/7148"}],"wp:attachment":[{"href":"https:\/\/www.gaspineortho.com\/es\/wp-json\/wp\/v2\/media?parent=7303"}],"wp:term":[{"taxonomy":"category","embeddable":true,"href":"https:\/\/www.gaspineortho.com\/es\/wp-json\/wp\/v2\/categories?post=7303"},{"taxonomy":"post_tag","embeddable":true,"href":"https:\/\/www.gaspineortho.com\/es\/wp-json\/wp\/v2\/tags?post=7303"}],"curies":[{"name":"wp","href":"https:\/\/api.w.org\/{rel}","templated":true}]}}