{"id":7302,"date":"2024-05-13T11:12:14","date_gmt":"2024-05-13T16:12:14","guid":{"rendered":"https:\/\/www.gaspineortho.com\/atlanta\/doctor-en-accidentes-automovilisticos-de-atlanta\/"},"modified":"2024-07-24T15:32:47","modified_gmt":"2024-07-24T20:32:47","slug":"doctor-en-accidentes-automovilisticos-de-atlanta","status":"publish","type":"page","link":"https:\/\/www.gaspineortho.com\/es\/atlanta\/doctor-en-accidentes-automovilisticos-de-atlanta\/","title":{"rendered":"Doctor en accidentes automovil\u00edsticos de Atlanta"},"content":{"rendered":"<p>Estar involucrado en un accidente automovil\u00edstico puede ser una experiencia aterradora y desorientadora. Inmediatamente despu\u00e9s, es posible que se sienta conmocionado, confundido e inseguro del alcance de sus lesiones. La adrenalina puede enmascarar el dolor, por lo que es fundamental buscar atenci\u00f3n m\u00e9dica de un m\u00e9dico especializado en accidentes automovil\u00edsticos en Atlanta lo antes posible, incluso si al principio se siente bien.<\/p>\n<p>En Georgia Spine &amp; Orthopaedics, nuestro equipo de profesionales m\u00e9dicos experimentados y compasivos se dedica a brindar atenci\u00f3n integral a las v\u00edctimas de accidentes automovil\u00edsticos en Atlanta. Entendemos el costo f\u00edsico, emocional y financiero que puede tener un accidente y estamos aqu\u00ed para ayudarlo a recuperarse.<\/p>\n<p>\u00a1Programe una cita hoy! No espere para recibir la atenci\u00f3n m\u00e9dica que se merece. Ll\u00e1menos al <a href=\"tel:+16789294494\"><i class=\"fa fa-phone-alt\"><\/i>678-929-4494<\/a> para programar una consulta con un m\u00e9dico de accidentes automovil\u00edsticos de Atlanta.<\/p>\n<h2>\u00bfPor qu\u00e9 necesita atenci\u00f3n m\u00e9dica despu\u00e9s de un accidente automovil\u00edstico?<\/h2>\n<p>Incluso los accidentes automovil\u00edsticos aparentemente menores pueden causar lesiones graves. La fuerza de una colisi\u00f3n puede causar da\u00f1os ocultos en m\u00fasculos, ligamentos y huesos. Es posible que los s\u00edntomas de estas lesiones no aparezcan de inmediato y retrasar la atenci\u00f3n m\u00e9dica puede empeorar su condici\u00f3n y hacer que sea m\u00e1s dif\u00edcil recuperarse por completo.<\/p>\n<p>Una evaluaci\u00f3n m\u00e9dica exhaustiva por parte de un m\u00e9dico especializado en accidentes automovil\u00edsticos en Atlanta es esencial por varias razones:<\/p>\n<ul>\n<li><strong>Diagn\u00f3stico y tratamiento:<\/strong> un m\u00e9dico puede diagnosticar cualquier lesi\u00f3n que haya sufrido y crear un plan de tratamiento personalizado para ayudarlo a sanar.<\/li>\n<li><strong>Documentaci\u00f3n m\u00e9dica:<\/strong> un registro m\u00e9dico de sus lesiones es una prueba crucial si necesita presentar un reclamo ante su compa\u00f1\u00eda de seguros.<\/li>\n<li><strong>Recuperaci\u00f3n mejorada:<\/strong> la intervenci\u00f3n m\u00e9dica temprana puede mejorar significativamente sus posibilidades de una recuperaci\u00f3n completa y minimizar el riesgo de complicaciones a largo plazo.<\/li>\n<\/ul>\n<h2>Beneficios del tratamiento m\u00e9dico despu\u00e9s de un accidente automovil\u00edstico<\/h2>\n<p>Despu\u00e9s de un accidente automovil\u00edstico, la descarga de adrenalina y el shock inicial pueden enmascarar el verdadero alcance de sus lesiones. Sin embargo, buscar atenci\u00f3n m\u00e9dica de un m\u00e9dico especializado en accidentes automovil\u00edsticos en Atlanta lo antes posible ofrece una multitud de beneficios que van mucho m\u00e1s all\u00e1 del alivio inmediato del dolor.<\/p>\n<p>A continuaci\u00f3n presentamos un vistazo m\u00e1s de cerca a las importantes ventajas de priorizar su salud despu\u00e9s de una colisi\u00f3n.<\/p>\n<h3>Garantizar un diagn\u00f3stico y tratamiento adecuados<\/h3>\n<p>Una evaluaci\u00f3n m\u00e9dica exhaustiva realizada por un m\u00e9dico calificado es fundamental para identificar incluso las lesiones ocultas. Los accidentes automovil\u00edsticos pueden causar una variedad de lesiones en los tejidos blandos, como el latigazo cervical, que pueden no presentar s\u00edntomas inmediatos. Tambi\u00e9n pueden presentarse lesiones internas, como da\u00f1o a \u00f3rganos o hemorragia, sin signos evidentes.<\/p>\n<p>Un m\u00e9dico puede realizar un examen completo, que incluye <a href=\"https:\/\/www.gaspineortho.com\/es\/atlanta\/servicios-de-rayos-x\/\">radiograf\u00edas<\/a>, resonancias magn\u00e9ticas u otras pruebas de im\u00e1genes, para diagnosticar cualquier problema subyacente. La detecci\u00f3n temprana y el tratamiento adecuado son cruciales para una curaci\u00f3n \u00f3ptima y para prevenir las complicaciones que podr\u00edan surgir si no se tratan.<\/p>\n<h3>Crear un registro m\u00e9dico detallado<\/h3>\n<p>Un registro m\u00e9dico detallado de su m\u00e9dico sirve como documentaci\u00f3n vital si necesita presentar un reclamo por lesiones personales ante su compa\u00f1\u00eda de seguros. This record will chronologically document the date of the accident, the nature of your injuries, the course of treatment you received, and your progress toward recovery.<\/p>\n<p>Esta documentaci\u00f3n sirve como evidencia concreta que vincula sus lesiones con el accidente y fortalece su caso cuando busca compensaci\u00f3n por facturas m\u00e9dicas, salarios perdidos y otros da\u00f1os.<\/p>\n<h3>Optimizar su recuperaci\u00f3n y minimizar los problemas a largo plazo<\/h3>\n<p>La intervenci\u00f3n m\u00e9dica temprana juega un papel crucial para maximizar su potencial de recuperaci\u00f3n. Un m\u00e9dico puede crear un plan de tratamiento personalizado adaptado a sus lesiones espec\u00edficas. Este plan puede incluir analg\u00e9sicos, fisioterapia, ejercicios de rehabilitaci\u00f3n u otras modalidades para promover la curaci\u00f3n y restaurar su rango de movimiento y funcionalidad.<\/p>\n<p>La atenci\u00f3n m\u00e9dica inmediata puede acortar significativamente el tiempo de recuperaci\u00f3n, minimizar el dolor y el malestar y reducir el riesgo de desarrollar dolor cr\u00f3nico o complicaciones a largo plazo como artritis o debilidad muscular.<\/p>\n<p><a href=\"https:\/\/www.gaspineortho.com\/wp-content\/uploads\/2024\/05\/shutterstock_1904369335-min.jpg\"><img fetchpriority=\"high\" decoding=\"async\" class=\"alignnone size-full wp-image-3686\" src=\"https:\/\/www.gaspineortho.com\/wp-content\/uploads\/2024\/05\/shutterstock_1904369335-min.jpg\" alt=\"Doctor en accidentes automovil\u00edsticos de Atlanta\" width=\"500\" height=\"334\" srcset=\"https:\/\/www.gaspineortho.com\/wp-content\/uploads\/2024\/05\/shutterstock_1904369335-min.jpg 500w, https:\/\/www.gaspineortho.com\/wp-content\/uploads\/2024\/05\/shutterstock_1904369335-min-300x200.jpg 300w\" sizes=\"(max-width: 500px) 100vw, 500px\" \/><\/a><\/p>\n<h3>Protegiendo sus derechos legales<\/h3>\n<p>Desafortunadamente, los casos de accidentes automovil\u00edsticos a veces pueden implicar disputas legales para determinar la culpa y obtener una compensaci\u00f3n justa. Tener un historial m\u00e9dico documentado de sus lesiones por parte de un m\u00e9dico calificado fortalece su posici\u00f3n legal. Esta documentaci\u00f3n proporciona evidencia clara del impacto del accidente en su salud y bienestar, lo que puede ser fundamental si su caso llega a los tribunales.<\/p>\n<h3>Tranquilidad y reducci\u00f3n del estr\u00e9s<\/h3>\n<p>Un accidente automovil\u00edstico puede ser una experiencia muy estresante. La incertidumbre que rodea a sus lesiones y la posible carga financiera pueden aumentar la tensi\u00f3n emocional. Buscar atenci\u00f3n m\u00e9dica brinda tranquilidad al garantizar un diagn\u00f3stico adecuado y un plan de tratamiento claro. Saber que est\u00e1 tomando los pasos necesarios hacia la recuperaci\u00f3n puede reducir significativamente el estr\u00e9s y permitirle concentrarse en la curaci\u00f3n.<\/p>\n<h2>C\u00f3mo especializamos los planes de tratamiento para cada paciente \u00fanico<\/h2>\n<p>En Georgia Spine &amp; Orthopaedics, entendemos que no hay dos accidentes automovil\u00edsticos iguales, ni tampoco lo son las lesiones que causan. Es por eso que adoptamos un enfoque de tratamiento personalizado, adaptando un plan para abordar sus necesidades y lesiones espec\u00edficas.<\/p>\n<p>Nuestro equipo realizar\u00e1 una evaluaci\u00f3n integral, que incluye un examen f\u00edsico, una revisi\u00f3n de su historial m\u00e9dico y cualquier prueba de im\u00e1genes necesaria. Con base en esta evaluaci\u00f3n, desarrollaremos un plan de tratamiento que puede incluir:<\/p>\n<ul>\n<li><strong>Medicamentos:<\/strong> analg\u00e9sicos, antiinflamatorios y relajantes musculares para controlar el dolor y la inflamaci\u00f3n.<\/li>\n<li><strong><a href=\"https:\/\/www.gaspineortho.com\/es\/atlanta\/terapia-fisica\/\">Fisioterapia:<\/a><\/strong> un programa personalizado de ejercicios para mejorar la fuerza, la flexibilidad, el rango de movimiento y el equilibrio.<\/li>\n<li><strong><a href=\"https:\/\/www.gaspineortho.com\/es\/atlanta\/inyecciones-medicas\/\">Inyecciones:<\/a><\/strong> Inyecciones de corticosteroides para reducir la inflamaci\u00f3n y el dolor en \u00e1reas espec\u00edficas.<\/li>\n<li><strong>Cirug\u00eda:<\/strong> en algunos casos, puede ser necesaria una cirug\u00eda ortop\u00e9dica para reparar fracturas u otras lesiones graves.<\/li>\n<\/ul>\n<h2>Especialistas en accidentes automovil\u00edsticos<\/h2>\n<p>Nuestro equipo de m\u00e9dicos de accidentes automovil\u00edsticos en Atlanta incluye:<\/p>\n<ul>\n<li><strong><a href=\"https:\/\/www.gaspineortho.com\/es\/atlanta\/cirugia-ortopedica\/\">Cirujanos Ortop\u00e9dicos:<\/a><\/strong> Especialistas en el diagn\u00f3stico, tratamiento y prevenci\u00f3n de lesiones y trastornos musculoesquel\u00e9ticos.<\/li>\n<li><strong>Especialistas en <a href=\"https:\/\/www.gaspineortho.com\/es\/atlanta\/el-manejo-del-dolor\/\">el tratamiento del dolor:<\/a><\/strong> m\u00e9dicos que se centran en aliviar el dolor cr\u00f3nico.<\/li>\n<li><strong>Fisioterapeutas:<\/strong> profesionales de la salud autorizados que crean y supervisan programas de ejercicio personalizados para mejorar el movimiento y la funci\u00f3n.<\/li>\n<\/ul>\n<p>Trabajamos juntos como un equipo para garantizar que reciba la atenci\u00f3n m\u00e1s completa y eficaz posible.<\/p>\n<h2>Tipos de lesiones por accidentes automovil\u00edsticos<\/h2>\n<p><a href=\"https:\/\/www.gaspineortho.com\/wp-content\/uploads\/2024\/05\/shutterstock_1999056566-min.jpg\"><img decoding=\"async\" class=\"alignnone size-full wp-image-3693\" src=\"https:\/\/www.gaspineortho.com\/wp-content\/uploads\/2024\/05\/shutterstock_1999056566-min.jpg\" alt=\"Doctora en accidentes automovil\u00edsticos de Atlanta\" width=\"500\" height=\"334\" srcset=\"https:\/\/www.gaspineortho.com\/wp-content\/uploads\/2024\/05\/shutterstock_1999056566-min.jpg 500w, https:\/\/www.gaspineortho.com\/wp-content\/uploads\/2024\/05\/shutterstock_1999056566-min-300x200.jpg 300w\" sizes=\"(max-width: 500px) 100vw, 500px\" \/><\/a><\/p>\n<p>Los accidentes automovil\u00edsticos pueden causar una amplia gama de lesiones, desde peque\u00f1os golpes y magulladuras hasta condiciones que alteran la vida. Estas son algunas de las lesiones por accidentes automovil\u00edsticos m\u00e1s comunes que tratamos:<\/p>\n<h3>latigazo<\/h3>\n<p>Esta es una lesi\u00f3n de los tejidos <a href=\"https:\/\/www.gaspineortho.com\/es\/lesion-por-latigazo-cervical\/\">blandos del cuello<\/a> que ocurre cuando la cabeza se mueve r\u00e1pidamente hacia adelante y hacia atr\u00e1s. Los s\u00edntomas del <a href=\"https:\/\/www.gaspineortho.com\/es\/lesion-por-latigazo-cervical\/\">latigazo <\/a> cervical pueden incluir dolor de cuello, rigidez, dolores de cabeza y mareos.<\/p>\n<h3>Lesiones de espalda y m\u00e9dula espinal<\/h3>\n<p>Los accidentes automovil\u00edsticos pueden causar una variedad de lesiones en la espalda y <a href=\"https:\/\/www.gaspineortho.com\/es\/lesion-en-la-columna\/\"> la m\u00e9dula espinal<\/a>, que van desde esguinces y torceduras hasta hernias discales e incluso par\u00e1lisis.<\/p>\n<h3>Lesiones de tejidos blandos<\/h3>\n<p>Estas lesiones involucran m\u00fasculos, ligamentos y tendones y pueden causar dolor, hinchaz\u00f3n y hematomas.<\/p>\n<h3>Huesos rotos<\/h3>\n<p>El impacto de un accidente automovil\u00edstico puede romper huesos f\u00e1cilmente, especialmente en las costillas, piernas, brazos y tobillos.<\/p>\n<h3>Lesi\u00f3n cerebral traum\u00e1tica (TBI)<\/h3>\n<p>Un golpe en la cabeza durante un accidente automovil\u00edstico puede causar una lesi\u00f3n cerebral traum\u00e1tica, que va desde conmociones cerebrales leves hasta da\u00f1o cerebral grave. Los <a href=\"https:\/\/www.mayoclinic.org\/diseases-conditions\/traumatic-brain-injury\/symptoms-causes\/syc-20378557\" target=\"_blank\" rel=\"noopener\">s\u00edntomas de una lesi\u00f3n cerebral traum\u00e1tica <\/a> pueden variar seg\u00fan la gravedad de la lesi\u00f3n, pero pueden incluir dolores de cabeza, mareos, p\u00e9rdida de memoria y dificultad para concentrarse.<\/p>\n<p><img decoding=\"async\" class=\"aligncenter size-large wp-image-7097\" src=\"https:\/\/www.gaspineortho.com\/wp-content\/uploads\/2024\/05\/Car-Accident-Doctor-410x1024.png\" alt=\"Tipos de lesiones por accidentes automovil\u00edsticos\" width=\"410\" height=\"1024\" srcset=\"https:\/\/www.gaspineortho.com\/wp-content\/uploads\/2024\/05\/Car-Accident-Doctor-410x1024.png 410w, https:\/\/www.gaspineortho.com\/wp-content\/uploads\/2024\/05\/Car-Accident-Doctor-120x300.png 120w, https:\/\/www.gaspineortho.com\/wp-content\/uploads\/2024\/05\/Car-Accident-Doctor-768x1920.png 768w, https:\/\/www.gaspineortho.com\/wp-content\/uploads\/2024\/05\/Car-Accident-Doctor.png 800w\" sizes=\"(max-width: 410px) 100vw, 410px\" \/><\/p>\n<h2>\u00bfCu\u00e1ndo deber\u00eda buscar tratamiento m\u00e9dico?<\/h2>\n<p>No espere para buscar atenci\u00f3n m\u00e9dica despu\u00e9s de un accidente automovil\u00edstico. Aqu\u00ed hay algunas situaciones que justifican una evaluaci\u00f3n m\u00e9dica inmediata por parte de un m\u00e9dico especialista en accidentes automovil\u00edsticos de Atlanta:<\/p>\n<ul>\n<li><strong>P\u00e9rdida del conocimiento:<\/strong> incluso una breve p\u00e9rdida del conocimiento es un signo de una posible <a href=\"https:\/\/www.gaspineortho.com\/es\/lesion-craneal\/\">lesi\u00f3n en la cabeza<\/a> y requiere atenci\u00f3n m\u00e9dica inmediata.<\/li>\n<li><strong>Dolores de cabeza, mareos o confusi\u00f3n:<\/strong> estos s\u00edntomas pueden ser indicativos de una conmoci\u00f3n cerebral u otra lesi\u00f3n en la cabeza.<\/li>\n<li><strong>Dolor de cuello o <a href=\"https:\/\/www.gaspineortho.com\/es\/lesion-de-espalda\/\">espalda<\/a>:<\/strong> el dolor en el cuello o la espalda puede ser un signo de una lesi\u00f3n grave, como un latigazo cervical o una lesi\u00f3n de la m\u00e9dula espinal.<\/li>\n<li><strong>Entumecimiento u hormigueo:<\/strong> el entumecimiento u hormigueo en cualquier parte del cuerpo puede indicar da\u00f1o a los nervios y debe ser evaluado por un m\u00e9dico.<\/li>\n<li><strong>Lesiones visibles:<\/strong> cualquier corte, laceraci\u00f3n o fractura de hueso requiere atenci\u00f3n m\u00e9dica para prevenir infecciones y promover una curaci\u00f3n adecuada.<\/li>\n<li><strong>Dificultad para respirar:<\/strong> si tiene problemas para respirar despu\u00e9s de un accidente, busque atenci\u00f3n m\u00e9dica de inmediato, ya que esto podr\u00eda ser un signo de lesiones internas.<\/li>\n<li><strong>Dolor persistente:<\/strong> incluso si su dolor parece menor al principio, si empeora o persiste durante varios d\u00edas, consulte a un m\u00e9dico para descartar cualquier lesi\u00f3n subyacente.<\/li>\n<\/ul>\n<h2>Qu\u00e9 puede hacer nuestro equipo para ayudar<\/h2>\n<p>En Georgia Spine &amp; Orthopaedics, nuestros m\u00e9dicos de accidentes automovil\u00edsticos en Atlanta est\u00e1n comprometidos a brindarle la atenci\u00f3n que necesita para recuperarse de sus lesiones. Esto es lo que puede esperar cuando nos elige.<\/p>\n<h3>Cuidado compasivo<\/h3>\n<ul>\n<li>Entendemos el estr\u00e9s f\u00edsico y emocional de un accidente automovil\u00edstico. Nuestro equipo lo tratar\u00e1 con respeto y compasi\u00f3n durante su viaje de recuperaci\u00f3n.<\/li>\n<\/ul>\n<h3>Atenci\u00f3n Integral<\/h3>\n<ul>\n<li>Ofrecemos una amplia gama de servicios bajo un mismo techo, desde diagn\u00f3stico y planificaci\u00f3n de tratamiento hasta fisioterapia y <a href=\"https:\/\/www.gaspineortho.com\/es\/atlanta\/el-manejo-del-dolor\/\">manejo del dolor. <\/a><\/li>\n<\/ul>\n<h3>Planes de tratamiento personalizados<\/h3>\n<ul>\n<li>Adoptamos un enfoque personalizado para el tratamiento, adaptando un plan para abordar sus necesidades y lesiones espec\u00edficas.<\/li>\n<\/ul>\n<h3>Comunicaci\u00f3n y colaboraci\u00f3n<\/h3>\n<ul>\n<li>Le explicaremos claramente su diagn\u00f3stico y opciones de tratamiento y trabajaremos estrechamente con usted durante todo el proceso de recuperaci\u00f3n.<\/li>\n<\/ul>\n<h3>Equipo experimentado<\/h3>\n<ul>\n<li>Nuestro equipo de m\u00e9dicos, fisioterapeutas y otros profesionales de la salud tienen amplia experiencia en el tratamiento de lesiones por accidentes automovil\u00edsticos.<\/li>\n<\/ul>\n<h2>\u00a1Llame hoy a nuestros m\u00e9dicos de accidentes automovil\u00edsticos en Atlanta!<\/h2>\n<p>Estar involucrado en un accidente automovil\u00edstico puede ser una experiencia que cambie la vida. El camino hacia la recuperaci\u00f3n puede ser largo y desafiante, pero no es necesario que lo recorra solo. En <a href=\"https:\/\/www.gaspineortho.com\/es\/\">Georgia Spine &amp; Orthopaedics<\/a>, nuestros m\u00e9dicos de accidentes automovil\u00edsticos en Atlanta est\u00e1n aqu\u00ed para ayudarlo a sanar.<\/p>\n<p>Ofrecemos atenci\u00f3n integral, planes de tratamiento personalizados y un equipo de profesionales experimentados dedicados a su recuperaci\u00f3n. No espere para recibir la atenci\u00f3n m\u00e9dica que se merece. \u00a1Programe una cita con un m\u00e9dico especializado en accidentes automovil\u00edsticos en Atlanta hoy! Ll\u00e1manos al <a href=\"tel:+16789294494\"><i class=\"fa fa-phone-alt\"><\/i>678-929-4494<\/a>para comenzar tu camino hacia la recuperaci\u00f3n.<\/p>\n","protected":false},"excerpt":{"rendered":"<p>Estar involucrado en un accidente automovil\u00edstico puede ser una experiencia aterradora y desorientadora. Inmediatamente despu\u00e9s, es posible que se sienta conmocionado, confundido e inseguro del alcance de sus lesiones. La adrenalina puede enmascarar el dolor, por lo que es fundamental buscar atenci\u00f3n m\u00e9dica de un m\u00e9dico especializado en accidentes automovil\u00edsticos en Atlanta lo antes posible, [&hellip;]<\/p>\n","protected":false},"author":44,"featured_media":0,"parent":7148,"menu_order":0,"comment_status":"closed","ping_status":"closed","template":"","meta":{"_acf_changed":false,"footnotes":""},"categories":[],"tags":[],"class_list":["post-7302","page","type-page","status-publish","hentry"],"acf":[],"_links":{"self":[{"href":"https:\/\/www.gaspineortho.com\/es\/wp-json\/wp\/v2\/pages\/7302","targetHints":{"allow":["GET"]}}],"collection":[{"href":"https:\/\/www.gaspineortho.com\/es\/wp-json\/wp\/v2\/pages"}],"about":[{"href":"https:\/\/www.gaspineortho.com\/es\/wp-json\/wp\/v2\/types\/page"}],"author":[{"embeddable":true,"href":"https:\/\/www.gaspineortho.com\/es\/wp-json\/wp\/v2\/users\/44"}],"replies":[{"embeddable":true,"href":"https:\/\/www.gaspineortho.com\/es\/wp-json\/wp\/v2\/comments?post=7302"}],"version-history":[{"count":3,"href":"https:\/\/www.gaspineortho.com\/es\/wp-json\/wp\/v2\/pages\/7302\/revisions"}],"predecessor-version":[{"id":8842,"href":"https:\/\/www.gaspineortho.com\/es\/wp-json\/wp\/v2\/pages\/7302\/revisions\/8842"}],"up":[{"embeddable":true,"href":"https:\/\/www.gaspineortho.com\/es\/wp-json\/wp\/v2\/pages\/7148"}],"wp:attachment":[{"href":"https:\/\/www.gaspineortho.com\/es\/wp-json\/wp\/v2\/media?parent=7302"}],"wp:term":[{"taxonomy":"category","embeddable":true,"href":"https:\/\/www.gaspineortho.com\/es\/wp-json\/wp\/v2\/categories?post=7302"},{"taxonomy":"post_tag","embeddable":true,"href":"https:\/\/www.gaspineortho.com\/es\/wp-json\/wp\/v2\/tags?post=7302"}],"curies":[{"name":"wp","href":"https:\/\/api.w.org\/{rel}","templated":true}]}}