{"id":7297,"date":"2024-05-09T14:01:35","date_gmt":"2024-05-09T19:01:35","guid":{"rendered":"https:\/\/www.gaspineortho.com\/lesion-en-el-hombro\/"},"modified":"2024-07-15T12:46:29","modified_gmt":"2024-07-15T17:46:29","slug":"lesion-en-el-hombro","status":"publish","type":"page","link":"https:\/\/www.gaspineortho.com\/es\/lesion-en-el-hombro\/","title":{"rendered":"Lesi\u00f3n en el hombro"},"content":{"rendered":"<p>Los accidentes automovil\u00edsticos pueden ser una experiencia aterradora y desorientadora. Despu\u00e9s de la colisi\u00f3n, la descarga de adrenalina podr\u00eda enmascarar cualquier lesi\u00f3n subyacente. Sin embargo, el dolor de hombro es una queja com\u00fan despu\u00e9s de un accidente automovil\u00edstico y es fundamental abordarlo lo antes posible.<\/p>\n<p>Una lesi\u00f3n en el hombro, como una dislocaci\u00f3n o un desgarro del manguito rotador, puede provocar dolor hasta 12 meses despu\u00e9s del incidente. Esto puede cambiar su vida, especialmente si no puede trabajar y las facturas siguen aumentando. Por lo tanto, es imperativo visitar a un m\u00e9dico lo antes posible para una evaluaci\u00f3n y tratamiento precisos.<\/p>\n<p>Si reside en Georgia y tiene dolor en el hombro, visite Georgia Spine &amp; Orthopaedics. Disponemos de un amplio conocimiento y experiencia en el manejo de todo tipo de problemas musculoesquel\u00e9ticos. Nuestro equipo crear\u00e1 un tratamiento personalizado y un programa de recuperaci\u00f3n para ayudarle a volver a la normalidad. Ll\u00e1manos al <a href=\"tel:+16789294494\"><i class=\"fa fa-phone-alt\"><\/i>678-929-4494<\/a> para comenzar.<\/p>\n<h2>\u00bfQu\u00e9 debo hacer si tengo dolor en el hombro despu\u00e9s de un accidente automovil\u00edstico?<\/h2>\n<p>El dolor de hombro despu\u00e9s de un <a href=\"https:\/\/www.gaspineortho.com\/es\/atlanta\/tratamiento-de-accidente-automovilistico\/\">accidente automovil\u00edstico<\/a> no es infrecuente y puede indicar varias lesiones subyacentes. Esto es lo que debe hacer si se encuentra en esta situaci\u00f3n.<\/p>\n<h3>Busque un examen m\u00e9dico<\/h3>\n<p>No ignores el dolor. Incluso si al principio parece leve, es importante consultar a un m\u00e9dico para obtener un diagn\u00f3stico adecuado. Un profesional m\u00e9dico puede evaluar el alcance de su lesi\u00f3n en el hombro y recomendar el tratamiento m\u00e1s adecuado. La intervenci\u00f3n temprana es clave para prevenir complicaciones y garantizar una recuperaci\u00f3n m\u00e1s r\u00e1pida.<\/p>\n<h3>Obtenga tratamiento para el diagn\u00f3stico<\/h3>\n<p>Una vez que tenga un diagn\u00f3stico, siga diligentemente el plan de tratamiento de su m\u00e9dico. Esto puede implicar reposo, fisioterapia, medicaci\u00f3n o incluso cirug\u00eda en casos graves. Cumplir con el plan de tratamiento maximizar\u00e1 sus posibilidades de una recuperaci\u00f3n completa y minimizar\u00e1 el riesgo de da\u00f1os a largo plazo.<\/p>\n<h3>Guarde la documentaci\u00f3n m\u00e9dica para el seguro y su caso de lesiones personales<\/h3>\n<p>Recopile y mantenga copias de todas las facturas m\u00e9dicas, informes m\u00e9dicos y otra documentaci\u00f3n m\u00e9dica relevante. Este papeleo ser\u00eda crucial para presentar reclamos de seguro y potencialmente presentar un caso de lesiones personales si la negligencia de otra persona caus\u00f3 el accidente.<\/p>\n<h3>No intentes resistirlo<\/h3>\n<p>Es posible que sienta la tentaci\u00f3n de superar el dolor y reanudar sus actividades diarias como de costumbre. Sin embargo, este enfoque puede tener graves consecuencias. Ignorar el dolor de hombro puede provocar:<\/p>\n<ul>\n<li><strong>Empeoramiento de la lesi\u00f3n:<\/strong> sin un diagn\u00f3stico y tratamiento adecuados, la lesi\u00f3n inicial podr\u00eda empeorar y provocar complicaciones a largo plazo como dolor cr\u00f3nico, rigidez y movilidad limitada.<\/li>\n<li><strong>Recuperaci\u00f3n retrasada:<\/strong> Ignorar el dolor puede retrasar el tratamiento adecuado, extendiendo el tiempo de recuperaci\u00f3n y potencialmente causando da\u00f1os permanentes.<\/li>\n<li><strong>Complicaciones adicionales:<\/strong> una lesi\u00f3n en el hombro no tratada puede provocar complicaciones como artritis, hombro congelado y da\u00f1o a los nervios.<\/li>\n<\/ul>\n<h3>Hablar con un abogado<\/h3>\n<p>Si el accidente automovil\u00edstico fue causado por la negligencia de otra persona, considere consultar con un abogado de lesiones personales. Ellos pueden asesorarlo sobre sus derechos y opciones legales. Un abogado competente en accidentes automovil\u00edsticos puede ayudarlo a navegar por las complejidades de las reclamaciones de seguros y potencialmente solicitar una compensaci\u00f3n por gastos m\u00e9dicos, salarios perdidos y dolor y sufrimiento.<\/p>\n<h3>Contacto Seguro de Auto<\/h3>\n<p>Independientemente de qui\u00e9n caus\u00f3 el accidente, es importante comunicarse con su compa\u00f1\u00eda de seguros de autom\u00f3vil lo antes posible. Reporta el accidente y consulta sobre tu cobertura de gastos m\u00e9dicos y reparaciones de veh\u00edculos.<\/p>\n<h3>No firme ning\u00fan acuerdo o acuerdo antes de hablar con un abogado<\/h3>\n<p>Antes de firmar cualquier acuerdo o acuerdo con la compa\u00f1\u00eda de seguros de la parte culpable, consulte con su abogado. Estos acuerdos pueden parecer atractivos a corto plazo, pero podr\u00edan limitar su capacidad de buscar una compensaci\u00f3n adicional m\u00e1s adelante si se hace evidente el alcance total de sus lesiones.<\/p>\n<p><a href=\"https:\/\/www.gaspineortho.com\/wp-content\/uploads\/2024\/05\/shutterstock_732789862-min.jpg\"><img fetchpriority=\"high\" decoding=\"async\" class=\"alignnone size-full wp-image-3391\" src=\"https:\/\/www.gaspineortho.com\/wp-content\/uploads\/2024\/05\/shutterstock_732789862-min.jpg\" alt=\"Lesi\u00f3n en el hombro\" width=\"500\" height=\"334\" srcset=\"https:\/\/www.gaspineortho.com\/wp-content\/uploads\/2024\/05\/shutterstock_732789862-min.jpg 500w, https:\/\/www.gaspineortho.com\/wp-content\/uploads\/2024\/05\/shutterstock_732789862-min-300x200.jpg 300w\" sizes=\"(max-width: 500px) 100vw, 500px\" \/><\/a><\/p>\n<h2>\u00bfCu\u00e1les son las lesiones comunes del hombro?<\/h2>\n<p>El dolor de hombro es el resultado del da\u00f1o a las delicadas estructuras del brazo, incluidos m\u00fasculos, huesos, tendones, cart\u00edlagos, ligamentos y nervios. El impacto de una colisi\u00f3n puede desgarrar los tejidos blandos, fracturar y dislocar los huesos. A continuaci\u00f3n se muestran algunas lesiones comunes en el hombro causadas por accidentes automovil\u00edsticos.<\/p>\n<h3>latigazo<\/h3>\n<p>Esta es una lesi\u00f3n que resulta del movimiento r\u00e1pido del cuello y el cr\u00e1neo. El impacto de un accidente automovil\u00edstico, particularmente una colisi\u00f3n trasera, ejerce una fuerza que sacude la mitad del cuerpo hacia adelante y lo empuja instant\u00e1neamente hacia atr\u00e1s. Esto hace que los m\u00fasculos y otros tejidos se estiren y desgarren. La mayor\u00eda de los tejidos blandos que se encuentran en el cuello se conectan con el hombro, por lo que no es sorprendente tener dolor en el hombro como s\u00edntoma de <a href=\"https:\/\/www.gaspineortho.com\/es\/lesion-por-latigazo-cervical\/\">latigazo <\/a> cervical.<\/p>\n<p>En casos de latigazo cervical intenso, la inflamaci\u00f3n posterior podr\u00eda reducir el espacio dentro de la articulaci\u00f3n del hombro. En consecuencia, el hueso del hombro puede entrar en contacto con tejidos blandos como los ligamentos, lo que provoca una situaci\u00f3n dolorosa conocida como pinzamiento del hombro. Esta forma de lesi\u00f3n requiere atenci\u00f3n m\u00e9dica inmediata.<\/p>\n<h3>Manguito rotador roto<\/h3>\n<p><a href=\"https:\/\/www.mayoclinic.org\/diseases-conditions\/rotator-cuff-injury\/symptoms-causes\/syc-20350225\" target=\"_blank\" rel=\"noopener\">El manguito rotador<\/a> tiene cuatro m\u00fasculos que forman tendones para mantener la articulaci\u00f3n del hombro en su lugar. Si alguien en un accidente automovil\u00edstico recibe un golpe muy r\u00e1pido o agarra el volante con mucha fuerza antes del choque, la parte blanda del manguito rotador puede romperse.<\/p>\n<h3>L\u00e1grima de bofetada<\/h3>\n<p><a href=\"https:\/\/orthoinfo.aaos.org\/en\/diseases--conditions\/slap-tears\/\" target=\"_blank\" rel=\"noopener\">Un desgarro SLAP,<\/a> abreviatura de desgarro del labrum superior anterior a posterior, se refiere a un desgarro en el cart\u00edlago dentro de la articulaci\u00f3n del hombro. Las articulaciones facilitan la movilidad de los hombros y, cuando el cart\u00edlago se rompe, puede provocar inestabilidad en el brazo. A diferencia de los desgarros del manguito rotador, los s\u00edntomas de un desgarro del labrum generalmente se sienten en la parte frontal del hombro en lugar de en todo el hombro.<\/p>\n<h3>Fractura de clav\u00edcula<\/h3>\n<p>La clav\u00edcula, o clav\u00edcula, es un hueso fr\u00e1gil que puede romperse en un accidente automovil\u00edstico, especialmente si se apoya contra el tablero con el brazo extendido. Esta fractura puede causar un dolor e inestabilidad significativos en el hombro.<\/p>\n<h3>Hombro dislocado<\/h3>\n<p>La fuerza del impacto puede hacer que los huesos de la articulaci\u00f3n del hombro se salgan de su lugar, lo que provoca dolor intenso, hinchaz\u00f3n e inestabilidad. Nuevamente, querr\u00e1 buscar atenci\u00f3n m\u00e9dica de inmediato si esto sucede.<\/p>\n<h2>\u00bfCu\u00e1les son los s\u00edntomas comunes de una lesi\u00f3n en el hombro?<\/h2>\n<p>El hombro, una fr\u00e1gil articulaci\u00f3n esf\u00e9rica, es muy propenso a sufrir lesiones, especialmente durante un accidente automovil\u00edstico. Si bien es normal sentir cierta molestia despu\u00e9s de una colisi\u00f3n, un dolor intenso en el hombro podr\u00eda indicar una lesi\u00f3n grave.<\/p>\n<p>El principal signo de una lesi\u00f3n en el hombro resultante de un accidente automovil\u00edstico es el dolor en el hombro, la parte superior de la espalda y el brazo. Otros s\u00edntomas comunes incluyen inestabilidad en la articulaci\u00f3n del hombro, movimiento restringido o dolor que se irradia desde el om\u00f3plato. El dolor podr\u00eda comenzar inmediatamente despu\u00e9s del accidente o en los d\u00edas siguientes.<\/p>\n<p>El dolor que surge uno o dos d\u00edas despu\u00e9s del accidente se conoce como dolor retardado. Este retraso en la aparici\u00f3n del dolor despu\u00e9s de los accidentes a menudo hace que sea dif\u00edcil evaluar la gravedad de las lesiones del hombro hasta que es demasiado tarde. Sin un tratamiento oportuno, la lesi\u00f3n podr\u00eda deteriorarse con el tiempo o incluso provocar da\u00f1os permanentes.<\/p>\n<p><a href=\"https:\/\/www.gaspineortho.com\/wp-content\/uploads\/2024\/05\/shutterstock_1383406592-min.jpg\"><img decoding=\"async\" class=\"alignnone size-full wp-image-3394\" src=\"https:\/\/www.gaspineortho.com\/wp-content\/uploads\/2024\/05\/shutterstock_1383406592-min.jpg\" alt=\"Tratamiento de lesiones de hombro\" width=\"500\" height=\"334\" srcset=\"https:\/\/www.gaspineortho.com\/wp-content\/uploads\/2024\/05\/shutterstock_1383406592-min.jpg 500w, https:\/\/www.gaspineortho.com\/wp-content\/uploads\/2024\/05\/shutterstock_1383406592-min-300x200.jpg 300w\" sizes=\"(max-width: 500px) 100vw, 500px\" \/><\/a><\/p>\n<p>Aqu\u00ed hay algunos otros s\u00edntomas clave de una posible lesi\u00f3n en el hombro debido a una colisi\u00f3n automovil\u00edstica:<\/p>\n<ul>\n<li>Hinchaz\u00f3n y rigidez<\/li>\n<li>Debilidad o incapacidad para moverse.<\/li>\n<li>Rango de movimiento limitado<\/li>\n<li>Moretones o decoloraci\u00f3n<\/li>\n<li>Dolor de cuello y espalda superior<\/li>\n<li>inestabilidad articular<\/li>\n<li>Entumecimiento<\/li>\n<li>Sonido de crujido al moverse<\/li>\n<li>Espasmos musculares o calambres en los hombros o brazos.<\/li>\n<\/ul>\n<p>No espere hasta que el dolor se vuelva insoportable. Visite a un m\u00e9dico especializado en ortopedia de inmediato.<\/p>\n<h2>\u00bfCu\u00e1les son algunos tratamientos comunes para las lesiones del hombro?<\/h2>\n<p>Afortunadamente, existen muchas formas eficaces de tratar el dolor de hombro. Por supuesto, el adecuado depende de la causa y la gravedad de la lesi\u00f3n. Dicho esto, aqu\u00ed hay un desglose de algunos enfoques comunes para una lesi\u00f3n de hombro.<\/p>\n<h3>Remedios caseros<\/h3>\n<ul>\n<li><strong>Descanso:<\/strong> El remedio m\u00e1s sencillo a veces es el mejor. Abstenerse de actividades que fuercen el hombro y le den tiempo para sanar.<\/li>\n<li><strong>Terapia con hielo y calor:<\/strong> considere aplicar compresas de hielo durante 15 minutos seguidos para ayudar a reducir la inflamaci\u00f3n en las primeras etapas de una lesi\u00f3n. El calor puede ser \u00fatil para el dolor cr\u00f3nico, pero ev\u00edtelo si hay hinchaz\u00f3n.<\/li>\n<li><strong>Analg\u00e9sicos de venta libre:<\/strong> los medicamentos de venta libre como el ibuprofeno y el paracetamol pueden ayudar a <a href=\"https:\/\/www.gaspineortho.com\/es\/atlanta\/el-manejo-del-dolor\/\">aliviar el dolor<\/a> y la inflamaci\u00f3n.<\/li>\n<\/ul>\n<p>Como consejo adicional, aseg\u00farate de mantener una buena postura. Practica sentarte derecho y mantener los hombros hacia atr\u00e1s y relajados. Esto ayudar\u00e1 a prevenir tensiones y acelerar la recuperaci\u00f3n de una lesi\u00f3n en el hombro.<\/p>\n<h3>Intervenciones m\u00e9dicas<\/h3>\n<ul>\n<li><strong>Fisioterapia:<\/strong> Nuestros <a href=\"https:\/\/www.gaspineortho.com\/es\/atlanta\/terapia-fisica\/\">fisioterapeutas<\/a> pueden dise\u00f1ar un programa de ejercicios personalizado que mejore la flexibilidad, fortalezca los m\u00fasculos y restablezca el rango de movimiento del hombro.<\/li>\n<li><strong>Inyecciones de corticosteroides:<\/strong> estas <a href=\"https:\/\/www.gaspineortho.com\/es\/atlanta\/inyecciones-medicas\/\">inyecciones <\/a> pueden brindar un alivio espec\u00edfico de la inflamaci\u00f3n en la articulaci\u00f3n del hombro.<\/li>\n<li><strong>Inmovilizaci\u00f3n:<\/strong> en algunos casos, se puede recomendar un cabestrillo o un aparato ortop\u00e9dico para inmovilizar el hombro y promover la curaci\u00f3n.<\/li>\n<\/ul>\n<h3>Soluciones Quir\u00fargicas<\/h3>\n<p>En algunas situaciones, la <a href=\"https:\/\/www.gaspineortho.com\/es\/atlanta\/cirugia-ortopedica\/\">cirug\u00eda ortop\u00e9dica<\/a> puede ser la \u00fanica soluci\u00f3n viable. Algunos ejemplos incluyen:<\/p>\n<ul>\n<li><strong>Reparaci\u00f3n del manguito rotador:<\/strong> si un desgarro en el manguito rotador le causa un dolor significativo, podr\u00eda ser necesaria una cirug\u00eda para reparar el tend\u00f3n da\u00f1ado.<\/li>\n<li><strong>Reemplazo de hombro:<\/strong> en casos graves de artritis o da\u00f1o articular, la cirug\u00eda de reemplazo de hombro puede ser una opci\u00f3n para restaurar la funci\u00f3n y aliviar el dolor.<\/li>\n<\/ul>\n<h2>\u00a1Obtenga el tratamiento adecuado para las lesiones del hombro en Georgia!<\/h2>\n<p>Experimentar dolor en el hombro despu\u00e9s de un accidente automovil\u00edstico puede ser un desaf\u00edo, pero tomar las medidas adecuadas puede conducir a una recuperaci\u00f3n exitosa. Busque atenci\u00f3n m\u00e9dica de inmediato, documente sus lesiones y gastos y consulte a un abogado de lesiones personales para proteger sus derechos.<\/p>\n<p>Si est\u00e1s en Georgia y t\u00fa o un ser querido tiene una lesi\u00f3n en el hombro, programa una cita llam\u00e1ndonos al <a href=\"tel:+16789294494\"><i class=\"fa fa-phone-alt\"><\/i>678-929-4494<\/a>. \u00a1Nuestro equipo en <a href=\"https:\/\/www.gaspineortho.com\/es\/\">Georgia Spine &amp; Orthopaedics<\/a> garantizar\u00e1 un diagn\u00f3stico y tratamiento tempranos para una r\u00e1pida recuperaci\u00f3n!<\/p>\n","protected":false},"excerpt":{"rendered":"<p>Los accidentes automovil\u00edsticos pueden ser una experiencia aterradora y desorientadora. Despu\u00e9s de la colisi\u00f3n, la descarga de adrenalina podr\u00eda enmascarar cualquier lesi\u00f3n subyacente. Sin embargo, el dolor de hombro es una queja com\u00fan despu\u00e9s de un accidente automovil\u00edstico y es fundamental abordarlo lo antes posible. Una lesi\u00f3n en el hombro, como una dislocaci\u00f3n o un [&hellip;]<\/p>\n","protected":false},"author":36,"featured_media":0,"parent":0,"menu_order":31,"comment_status":"closed","ping_status":"closed","template":"","meta":{"_acf_changed":false,"footnotes":""},"categories":[],"tags":[],"class_list":["post-7297","page","type-page","status-publish","hentry"],"acf":[],"_links":{"self":[{"href":"https:\/\/www.gaspineortho.com\/es\/wp-json\/wp\/v2\/pages\/7297","targetHints":{"allow":["GET"]}}],"collection":[{"href":"https:\/\/www.gaspineortho.com\/es\/wp-json\/wp\/v2\/pages"}],"about":[{"href":"https:\/\/www.gaspineortho.com\/es\/wp-json\/wp\/v2\/types\/page"}],"author":[{"embeddable":true,"href":"https:\/\/www.gaspineortho.com\/es\/wp-json\/wp\/v2\/users\/36"}],"replies":[{"embeddable":true,"href":"https:\/\/www.gaspineortho.com\/es\/wp-json\/wp\/v2\/comments?post=7297"}],"version-history":[{"count":1,"href":"https:\/\/www.gaspineortho.com\/es\/wp-json\/wp\/v2\/pages\/7297\/revisions"}],"predecessor-version":[{"id":8695,"href":"https:\/\/www.gaspineortho.com\/es\/wp-json\/wp\/v2\/pages\/7297\/revisions\/8695"}],"wp:attachment":[{"href":"https:\/\/www.gaspineortho.com\/es\/wp-json\/wp\/v2\/media?parent=7297"}],"wp:term":[{"taxonomy":"category","embeddable":true,"href":"https:\/\/www.gaspineortho.com\/es\/wp-json\/wp\/v2\/categories?post=7297"},{"taxonomy":"post_tag","embeddable":true,"href":"https:\/\/www.gaspineortho.com\/es\/wp-json\/wp\/v2\/tags?post=7297"}],"curies":[{"name":"wp","href":"https:\/\/api.w.org\/{rel}","templated":true}]}}