{"id":7279,"date":"2024-05-10T15:23:19","date_gmt":"2024-05-10T20:23:19","guid":{"rendered":"https:\/\/www.gaspineortho.com\/neck-injury\/"},"modified":"2024-07-15T12:38:05","modified_gmt":"2024-07-15T17:38:05","slug":"lesion-en-el-cuello","status":"publish","type":"page","link":"https:\/\/www.gaspineortho.com\/es\/lesion-en-el-cuello\/","title":{"rendered":"Lesi\u00f3n en el cuello"},"content":{"rendered":"<p>Una lesi\u00f3n en el cuello puede afectar negativamente su calidad de vida y obstaculizar su capacidad para realizar tareas rutinarias. Desde afectar su capacidad para dormir hasta limitar su rango de movimiento, el dolor de cuello puede causar una gran incomodidad a muchos pacientes. Las lesiones personales, como resbalones y ca\u00eddas, accidentes automovil\u00edsticos y lesiones laborales, pueden contribuir al dolor de cuello cr\u00f3nico.<\/p>\n<p>Y dadas las complicaciones a largo plazo que puede causar, como degeneraci\u00f3n muscular, inmovilidad y dolores de cabeza, debes tomar en serio el dolor de cuello. Si siente dolor o malestar cada vez que mueve el cuello y la situaci\u00f3n no cesa despu\u00e9s de unos d\u00edas, debe buscar tratamiento para las lesiones del cuello para encontrar la causa subyacente de este malestar.<\/p>\n<p>Si desea recibir un tratamiento experto para las lesiones del cuello en Georgia, nuestros m\u00e9dicos experimentados y altamente capacitados pueden ayudarlo. El equipo de Georgia Spine and Orthopaedics est\u00e1 familiarizado con el tratamiento de lesiones del cuello y puede ofrecer un tratamiento continuo del dolor. Podemos abordar todas las formas de dolor de cuello agudo y cr\u00f3nico y ayudar a los pacientes a obtener alivio a largo plazo.<\/p>\n<p>Si experimenta dolor de cuello u otras complicaciones relacionadas despu\u00e9s de una lesi\u00f3n personal en Georgia, comun\u00edquese hoy con nuestros especialistas en cuello en Georgia Spine and Orthopaedics en <a href=\"tel:+16789294494\"><i class=\"fa fa-phone-alt\"><\/i>678-929-4494<\/a> para programar una cita.<\/p>\n<h2>\u00bfQu\u00e9 es el dolor de cuello?<\/h2>\n<p>El cuello est\u00e1 formado por una red de nervios, m\u00fasculos, huesos y articulaciones. La funci\u00f3n principal del cuello es ofrecer apoyo y movilidad a la cabeza. En cualquier momento hay un problema con los m\u00fasculos, huesos, articulaciones o nervios del cuello, puede provocar dolor de cuello. Por lo tanto, el dolor de cuello puede ser cualquier dolor o molestia que se experimente en la zona del cuello.<\/p>\n<p>El dolor de cuello tambi\u00e9n se asocia con dolores de cabeza y dolor en las manos, hombros y brazos. Dado que el cuello forma parte de la m\u00e9dula espinal, cualquier irritaci\u00f3n puede provocar dolor en algunas partes del cuerpo, incluidas las piernas. El dolor de cuello puede surgir por diversas razones, incluido un resbal\u00f3n y una ca\u00edda, una lesi\u00f3n en deportes de contacto o dormir mal.<\/p>\n<p>Generalmente, el dolor de cuello puede desaparecer despu\u00e9s de un par de d\u00edas, pero si contin\u00faa, puede ser un indicio de problemas graves en el cuello. Comun\u00edquese con los expertos en lesiones de Georgia Spine and Orthopaedics para obtener un diagn\u00f3stico y tratamiento r\u00e1pidos si experimenta dolor de cuello persistente.<\/p>\n<h2>\u00bfCu\u00e1les son los s\u00edntomas comunes de una lesi\u00f3n en el cuello?<\/h2>\n<p>Las lesiones del cuello pueden presentar s\u00edntomas en otras secciones del cuerpo adem\u00e1s del \u00e1rea del cuello. Identificar los s\u00edntomas asociados con una lesi\u00f3n en el cuello es fundamental para un tratamiento eficaz.<\/p>\n<p>Los s\u00edntomas comunes incluyen:<\/p>\n<ul>\n<li><strong>Dolores de cabeza:<\/strong> el dolor de cuello se asocia frecuentemente con dolores de cabeza, especialmente dolores de cabeza tensionales, en los que siente como si una banda se apretara alrededor de su cabeza.<\/li>\n<li><strong>Dolor radicular:<\/strong> se caracteriza por un dolor agudo y punzante que emana del brazo y tambi\u00e9n puede causar hormigueo o entumecimiento.<\/li>\n<li><strong>Problemas para levantar o agarrar objetos:<\/strong> el dolor de cuello puede dificultar la realizaci\u00f3n de tareas diarias como sostener el pomo de una puerta o levantar una bolsa, lo que puede afectar su funcionalidad.<\/li>\n<li><strong>Radiculopat\u00eda cervical:<\/strong> esta complicaci\u00f3n se produce por la compresi\u00f3n de una ra\u00edz nerviosa en la columna cervical, lo que provoca s\u00edntomas <a href=\"https:\/\/www.gaspineortho.com\/es\/atlanta\/neurologia\/\">neurol\u00f3gicos <\/a> como hormigueo, entumecimiento o debilidad en los brazos.<\/li>\n<li><strong>Dolor general:<\/strong> es t\u00edpico tener un dolor persistente en la regi\u00f3n del cuello que empeora con el tacto o el movimiento.<\/li>\n<li><strong>Dolor agudo:<\/strong> otro signo a tener en cuenta es el dolor agudo localizado, especialmente al inclinar la cabeza.<\/li>\n<li><strong>Cuello r\u00edgido:<\/strong> un rango de movimiento restringido por el cual girar la cabeza se convierte en una tarea desagradable suele ser un signo de una lesi\u00f3n en el cuello.<\/li>\n<\/ul>\n<p>Si presenta alguno de estos s\u00edntomas, podr\u00eda ser el resultado de una lesi\u00f3n en el cuello. Si los s\u00edntomas del dolor de cuello se exacerban, puede resultarle dif\u00edcil realizar actividades est\u00e1ndar como dormir.<\/p>\n<p>No ignore las se\u00f1ales y aseg\u00farese de programar una cita con los especialistas de Georgia Spine and Orthopaedics para obtener alivio hoy. Conocer los s\u00edntomas exactos que est\u00e1 experimentando puede ayudar a nuestros m\u00e9dicos a elaborar un plan de tratamiento personalizado espec\u00edficamente para usted.<\/p>\n<p><a href=\"https:\/\/www.gaspineortho.com\/wp-content\/uploads\/2024\/05\/shutterstock_2362528925-min.jpg\"><img fetchpriority=\"high\" decoding=\"async\" class=\"alignnone size-full wp-image-3361\" src=\"https:\/\/www.gaspineortho.com\/wp-content\/uploads\/2024\/05\/shutterstock_2362528925-min.jpg\" alt=\"Lesi\u00f3n en el cuello\" width=\"500\" height=\"334\" srcset=\"https:\/\/www.gaspineortho.com\/wp-content\/uploads\/2024\/05\/shutterstock_2362528925-min.jpg 500w, https:\/\/www.gaspineortho.com\/wp-content\/uploads\/2024\/05\/shutterstock_2362528925-min-300x200.jpg 300w\" sizes=\"(max-width: 500px) 100vw, 500px\" \/><\/a><\/p>\n<h2>\u00bfCu\u00e1les son las causas comunes del dolor de cuello?<\/h2>\n<p>Una amplia gama de complicaciones m\u00e9dicas y lesiones pueden provocar dolor de cuello. Nuestros expertos en dolor de cuello en Georgia Spine and Orthopaedics pueden abordar los siguientes casos comunes.<\/p>\n<ul>\n<li><strong>Lesi\u00f3n: <\/strong> Una variedad de lesiones pueden provocar dolor de cuello. Accidentes como resbalones y ca\u00eddas, <a href=\"https:\/\/www.gaspineortho.com\/es\/atlanta\/tratamiento-de-accidente-automovilistico\/\">accidentes automovil\u00edsticos<\/a> o <a href=\"https:\/\/www.gaspineortho.com\/es\/atlanta\/tratamiento-de-lesiones-en-el-trabajo\/\">accidentes laborales<\/a> pueden provocar un dolor de cuello agudo e inmediato. El dolor de cuello tambi\u00e9n es una ocurrencia com\u00fan en los deportes de contacto.<\/li>\n<li><strong>Envejecimiento:<\/strong> a medida que envejecemos, podemos sufrir osteoartritis o e<a href=\"https:\/\/www.mayoclinic.org\/diseases-conditions\/spinal-stenosis\/symptoms-causes\/syc-20352961\" target=\"_blank\" rel=\"noopener\">stenosis espinal<\/a>, lo que puede provocar dolor de cuello.<\/li>\n<li><strong>Esfuerzo f\u00edsico:<\/strong> si pasa un per\u00edodo prolongado frente a su tel\u00e9fono inteligente o trabajando en su escritorio, podr\u00eda provocar tensi\u00f3n muscular. Forzar los m\u00fasculos del cuello es bastante f\u00e1cil e incluso puede ocurrir simplemente durmiendo en la posici\u00f3n incorrecta.<\/li>\n<li><strong>Estr\u00e9s mental: <\/strong> si sufre malestar psicol\u00f3gico, puede contraer los m\u00fasculos del cuello y provocar dolor y rigidez en el cuello.<\/li>\n<li><strong>Condiciones que afectan el equilibrio de la columna: <\/strong> si hay hernias de disco o espolones \u00f3seos en las v\u00e9rtebras del cuello, los nervios espinales circundantes se comprimir\u00e1n y causar\u00e1n dolor de cuello.<\/li>\n<li><strong>Crecimientos y otras condiciones de salud:<\/strong> Varios crecimientos como quistes, tumores y otras complicaciones de salud pueden provocar dolor de cuello.<\/li>\n<\/ul>\n<h2>Tratamientos de lesiones de cuello en Georgia Spine and Orthopaedics<\/h2>\n<p>Nuestros especialistas en cuello en Georgia Spine and Orthopaedics entienden que no hay dos pacientes iguales, por lo que ofrecemos una amplia gama de tratamientos para diferentes tipos de lesiones del cuello. Nuestros expertos m\u00e9dicos formulan un plan de tratamiento personalizado para cada paciente seg\u00fan la ubicaci\u00f3n del dolor de cuello, la existencia de otras complicaciones m\u00e9dicas y una variedad de factores diferentes.<\/p>\n<p>A continuaci\u00f3n se detallan algunos de los tratamientos para lesiones del cuello que brindan nuestros expertos de Georgia Spine and Orthopaedics.<\/p>\n<h3>Manejo de medicamentos<\/h3>\n<p>El dolor de cuello se puede controlar con una variedad de medicamentos, incluidos medicamentos de venta libre y recetados. El primer tratamiento suele consistir en el uso de f\u00e1rmacos antiinflamatorios no esteroides como ibuprofeno, Motrin o Advil. Nuestros especialistas tambi\u00e9n pueden recetarle otros analg\u00e9sicos nerviosos y relajantes musculares para aliviar el dolor agudo.<\/p>\n<p>Estos medicamentos pueden ofrecer un alivio inmediato, aunque temporal, de los s\u00edntomas graves, proporcionando la plataforma para opciones de tratamiento a largo plazo.<\/p>\n<h3>bloqueos nerviosos<\/h3>\n<p>Los bloqueos nerviosos funcionan impidiendo que ciertos nervios transmitan se\u00f1ales de dolor al sistema nervioso central (SNC), ofreciendo as\u00ed alivio del dolor. Existen principalmente dos tipos de bloqueos nerviosos: no quir\u00fargicos y quir\u00fargicos.<\/p>\n<p>Cuando se trata de bloqueos nerviosos quir\u00fargicos, se destruyen o cortan nervios concretos para impedir que transmitan se\u00f1ales de dolor al cerebro. Esto suele ser permanente y suele realizarse en situaciones extremas.<\/p>\n<p>Los bloqueos nerviosos no quir\u00fargicos logran los mismos resultados inyectando un anest\u00e9sico alrededor de un grupo de nervios o de nervios espec\u00edficos. Esto proporciona un alivio temporal y solo adormece el \u00e1rea. Nuestros especialistas pueden realizar ambos procedimientos.<\/p>\n<h3>Ajustes quiropr\u00e1cticos<\/h3>\n<p>Nuestros m\u00e9dicos tambi\u00e9n brindan <a href=\"https:\/\/www.gaspineortho.com\/es\/atlanta\/quiropractico\/\">ajustes quiropr\u00e1cticos<\/a> en los que aplican presi\u00f3n en ubicaciones espec\u00edficas del nervio para relajar los m\u00fasculos y ofrecer alivio del dolor de cuello.<\/p>\n<p><a href=\"https:\/\/www.gaspineortho.com\/wp-content\/uploads\/2024\/05\/shutterstock_347439827-min.jpg\"><img decoding=\"async\" class=\"alignnone size-full wp-image-3365\" src=\"https:\/\/www.gaspineortho.com\/wp-content\/uploads\/2024\/05\/shutterstock_347439827-min.jpg\" alt=\"Tratamiento de lesiones de cuello\" width=\"500\" height=\"334\" srcset=\"https:\/\/www.gaspineortho.com\/wp-content\/uploads\/2024\/05\/shutterstock_347439827-min.jpg 500w, https:\/\/www.gaspineortho.com\/wp-content\/uploads\/2024\/05\/shutterstock_347439827-min-300x200.jpg 300w\" sizes=\"(max-width: 500px) 100vw, 500px\" \/><\/a><\/p>\n<h3>Estimulador de la m\u00e9dula espinal<\/h3>\n<p>Nuestros especialistas suelen recomendar este tratamiento si no ha recibido alivio con otros tratamientos. Son dispositivos implantables que evitan que las se\u00f1ales de dolor se transmitan al cerebro.<\/p>\n<p>Nuestros especialistas m\u00e9dicos pueden calibrar la configuraci\u00f3n de estas herramientas avanzadas, brind\u00e1ndole un control m\u00e1s expl\u00edcito sobre <a href=\"https:\/\/www.gaspineortho.com\/es\/atlanta\/el-manejo-del-dolor\/\"> el manejo del dolor. <\/a> Obtener un estimulador de la m\u00e9dula espinal podr\u00eda ser una opci\u00f3n de tratamiento viable en comparaci\u00f3n con procedimientos m\u00e1s intrusivos como la fusi\u00f3n espinal u otros tipos de cirug\u00eda de columna.<\/p>\n<h3>Ablaci\u00f3n por radiofrecuencia<\/h3>\n<p>Este procedimiento m\u00ednimamente intrusivo utiliza el calor emitido por corrientes el\u00e9ctricas para impedir que las se\u00f1ales nerviosas dolorosas lleguen al sistema nervioso central. Este es un alivio temporal y puede durar de nueve meses a dos a\u00f1os.<\/p>\n<h3>Cirug\u00eda Ortop\u00e9dica<\/h3>\n<p><a href=\"https:\/\/www.gaspineortho.com\/es\/atlanta\/cirugia-ortopedica\/\">La cirug\u00eda ortop\u00e9dica <\/a> se realiza cuando otras opciones de tratamiento no han sido efectivas. Las opciones disponibles incluyen reemplazo de disco, laminoplastia, laminectom\u00eda, discectom\u00eda y fusi\u00f3n espinal cervical.<\/p>\n<h3>Cifoplastia<\/h3>\n<p>Este es otro tratamiento m\u00ednimamente intrusivo que consiste en inyectar cemento \u00f3seo de secado r\u00e1pido en las fracturas por compresi\u00f3n vertebral. El objetivo de este procedimiento es restaurar la fuerza y \u200b\u200b\u200b\u200bla funci\u00f3n de los huesos y al mismo tiempo aliviar el dolor de cuello intenso.<\/p>\n<h3>Inyecciones<\/h3>\n<p>Si nuestro diagn\u00f3stico muestra que su dolor cr\u00f3nico de cuello se debe a la compresi\u00f3n de un nervio sensible, podemos usar ciertas <a href=\"https:\/\/www.gaspineortho.com\/es\/atlanta\/inyecciones-medicas\/\">inyecciones<\/a>, como inyecciones en las articulaciones facetarias, inyecciones epidurales de esteroides y bloqueos de la rama medial. Las inyecciones combinan un esteroide con un anest\u00e9sico local, lo que ayuda a aliviar el dolor y reducir la inflamaci\u00f3n.<\/p>\n<h2>\u00a1Reserve hoy su tratamiento para lesiones de cuello en Georgia!<\/h2>\n<p>Una lesi\u00f3n en el cuello puede disminuir considerablemente tu calidad de vida. Realizar tareas rutinarias puede convertirse en una tarea ardua y el dolor persistente puede afectarle emocionalmente. Si sufre de dolor de cuello cr\u00f3nico, debe contratar especialistas en dolor de cuello de <a href=\"https:\/\/www.gaspineortho.com\/es\/\">Georgia Spine and Orthopaedics<\/a>.<\/p>\n<p>Nuestros m\u00e9dicos especializados en lesiones ofrecen varias opciones de tratamiento de lesiones en el cuello para aliviar su dolor y recuperar su mejor nivel. Contamos con la experiencia y los recursos para brindar un tratamiento de vanguardia que aborde la causa ra\u00edz del problema y ofrezca alivio a largo plazo.<\/p>\n<p>\u00a1Cont\u00e1ctenos en <a href=\"tel:+16789294494\"><i class=\"fa fa-phone-alt\"><\/i>678-929-4494<\/a> para programar una cita con nuestros especialistas en lesiones!<\/p>\n","protected":false},"excerpt":{"rendered":"<p>Una lesi\u00f3n en el cuello puede afectar negativamente su calidad de vida y obstaculizar su capacidad para realizar tareas rutinarias. Desde afectar su capacidad para dormir hasta limitar su rango de movimiento, el dolor de cuello puede causar una gran incomodidad a muchos pacientes. Las lesiones personales, como resbalones y ca\u00eddas, accidentes automovil\u00edsticos y lesiones [&hellip;]<\/p>\n","protected":false},"author":25,"featured_media":0,"parent":0,"menu_order":0,"comment_status":"closed","ping_status":"closed","template":"","meta":{"_acf_changed":false,"footnotes":""},"categories":[],"tags":[],"class_list":["post-7279","page","type-page","status-publish","hentry"],"acf":[],"_links":{"self":[{"href":"https:\/\/www.gaspineortho.com\/es\/wp-json\/wp\/v2\/pages\/7279","targetHints":{"allow":["GET"]}}],"collection":[{"href":"https:\/\/www.gaspineortho.com\/es\/wp-json\/wp\/v2\/pages"}],"about":[{"href":"https:\/\/www.gaspineortho.com\/es\/wp-json\/wp\/v2\/types\/page"}],"author":[{"embeddable":true,"href":"https:\/\/www.gaspineortho.com\/es\/wp-json\/wp\/v2\/users\/25"}],"replies":[{"embeddable":true,"href":"https:\/\/www.gaspineortho.com\/es\/wp-json\/wp\/v2\/comments?post=7279"}],"version-history":[{"count":4,"href":"https:\/\/www.gaspineortho.com\/es\/wp-json\/wp\/v2\/pages\/7279\/revisions"}],"predecessor-version":[{"id":8694,"href":"https:\/\/www.gaspineortho.com\/es\/wp-json\/wp\/v2\/pages\/7279\/revisions\/8694"}],"wp:attachment":[{"href":"https:\/\/www.gaspineortho.com\/es\/wp-json\/wp\/v2\/media?parent=7279"}],"wp:term":[{"taxonomy":"category","embeddable":true,"href":"https:\/\/www.gaspineortho.com\/es\/wp-json\/wp\/v2\/categories?post=7279"},{"taxonomy":"post_tag","embeddable":true,"href":"https:\/\/www.gaspineortho.com\/es\/wp-json\/wp\/v2\/tags?post=7279"}],"curies":[{"name":"wp","href":"https:\/\/api.w.org\/{rel}","templated":true}]}}