{"id":7218,"date":"2024-05-09T13:30:23","date_gmt":"2024-05-09T18:30:23","guid":{"rendered":"https:\/\/www.gaspineortho.com\/hip-injury\/"},"modified":"2024-07-15T12:30:58","modified_gmt":"2024-07-15T17:30:58","slug":"lesion-de-cadera","status":"publish","type":"page","link":"https:\/\/www.gaspineortho.com\/es\/lesion-de-cadera\/","title":{"rendered":"Lesi\u00f3n de cadera"},"content":{"rendered":"<p>La cadera es una de las principales articulaciones del cuerpo que soportan carga. Casi todos los movimientos involucran a la cadera de una forma u otra. Las lesiones de cadera tambi\u00e9n son bastante comunes despu\u00e9s de accidentes automovil\u00edsticos. El dolor puede variar de leve a severo. No importa el tipo de dolor, buscar <a href=\"https:\/\/www.gaspineortho.com\/atlanta\/workplace-injury-treatment\/\">tratamiento para las lesiones<\/a> de cadera despu\u00e9s de un accidente automovil\u00edstico puede ayudarlo a evitar da\u00f1os a largo plazo.<\/p>\n<p>Si sufri\u00f3 una lesi\u00f3n en la cadera en un accidente automovil\u00edstico, es importante comprender el alcance y la gravedad de sus lesiones y los pasos a seguir para lograr una recuperaci\u00f3n completa. Georgia Spine and Orthopaedics cuenta con un equipo de especialistas que pueden brindarle la atenci\u00f3n que necesita para volver a ser m\u00f3vil, activo y sin dolor.<\/p>\n<p>Ll\u00e1menos hoy al <a href=\"tel:+16789294494\"><i class=\"fa fa-phone-alt\"><\/i>678-929-4494<\/a> para obtener la atenci\u00f3n personalizada y de alta calidad que necesita por parte de especialistas ortop\u00e9dicos con experiencia en Georgia.<\/p>\n<h2>\u00bfQu\u00e9 debo hacer si tengo dolor de cadera despu\u00e9s de un accidente automovil\u00edstico?<\/h2>\n<p>No podemos enfatizar esto lo suficiente: si experimenta alg\u00fan tipo de dolor en la cadera despu\u00e9s de un <a href=\"https:\/\/www.gaspineortho.com\/es\/atlanta\/tratamiento-de-accidente-automovilistico\/\">accidente automovil\u00edstico<\/a>, o cualquier otro s\u00edntoma, le recomendamos que visite a un m\u00e9dico lo antes posible para un examen f\u00edsico completo. Esto se aplica incluso en los casos en los que el dolor es leve o siente que puede superarlo.<\/p>\n<h3>Busque un examen m\u00e9dico<\/h3>\n<p>Seeking medical attention as soon as possible after an accident is crucial. Es necesario hacerse un examen f\u00edsico, incluso si cree que el dolor de cadera es leve. Algunas lesiones graves, incluidas las que afectan a las caderas, pueden tardar d\u00edas o semanas en manifestarse por completo. Consultar a un m\u00e9dico garantizar\u00e1 que se identifique la fuente de su dolor antes de que las cosas se vuelvan demasiado graves o pongan en peligro su vida.<\/p>\n<p>Si espera demasiado, pronto descubrir\u00e1 que se enfrenta a un problema mucho mayor y m\u00e1s dif\u00edcil de tratar.<\/p>\n<h3>Buscar tratamiento<\/h3>\n<p>Buscar tratamiento le brindar\u00e1 un diagn\u00f3stico claro, opciones de tratamiento y un plan de tratamiento personalizado. La mayor\u00eda de las lesiones de cadera se pueden tratar con fisioterapia, atenci\u00f3n adecuada, medicamentos y, en algunos casos graves, cirug\u00eda.<\/p>\n<p>Buscar tratamiento temprano garantizar\u00e1 que las lesiones se detecten antes, lo que puede ayudarlo a evitar dolor y sufrimiento innecesarios. Adem\u00e1s, cuanto antes comience el tratamiento, mayores ser\u00e1n sus posibilidades de recuperarse por completo.<\/p>\n<h3>Documentar temprano<\/h3>\n<p>Documentar las lesiones con antelaci\u00f3n le facilitar\u00e1 evitar posibles problemas con las compa\u00f1\u00edas de seguros y su caso de lesiones personales. Buscar atenci\u00f3n m\u00e9dica generar\u00e1 registros m\u00e9dicos que pueden ayudar a demostrar que su dolor de cadera es un resultado directo del accidente. Esto puede ser muy valioso en su reclamo o caso de lesiones personales, ya que establece una relaci\u00f3n causal entre la lesi\u00f3n y el accidente.<\/p>\n<h3>P\u00f3ngase en contacto con un abogado de lesiones personales<\/h3>\n<p>Tambi\u00e9n querr\u00e1 considerar hablar con un abogado con experiencia en lesiones personales, idealmente uno que haya ayudado a personas con dolor despu\u00e9s de un accidente automovil\u00edstico y sepa lo que valen esos casos. Los abogados de lesiones personales que se especializan en accidentes automovil\u00edsticos y tienen amplia experiencia en litigios en estos casos pueden brindarle la ayuda legal que necesita para obtener la compensaci\u00f3n completa que se le debe por el accidente.<\/p>\n<h3>Notifique a su compa\u00f1\u00eda de seguros<\/h3>\n<p>Aseg\u00farese de que su proveedor de seguros est\u00e9 al tanto del accidente automovil\u00edstico y de su lesi\u00f3n lo antes posible. Aqu\u00ed puede resultar \u00fatil proporcionar el informe policial sobre el accidente. Tenga en cuenta que, si bien el seguro est\u00e1 dise\u00f1ado para cubrirlo de dificultades financieras, tambi\u00e9n tienen un motivo oculto m\u00e1s importante: ahorrar la mayor cantidad de dinero posible para mantener su negocio altamente rentable.<\/p>\n<p>No firme ning\u00fan acuerdo ni d\u00e9 declaraciones sin consultar con su abogado.<\/p>\n<h3>No firme ninguna exenci\u00f3n, acuerdo o exoneraci\u00f3n<\/h3>\n<p>Nunca firme ninguna exenci\u00f3n, acuerdo o exenci\u00f3n por su accidente automovil\u00edstico sin consultar con un abogado con experiencia en lesiones personales. Un abogado velar\u00e1 por sus mejores intereses y puede ayudarle a evitar aceptar ofertas de conciliaci\u00f3n que est\u00e9n muy por debajo del valor de su caso.<\/p>\n<p>Por lo tanto, no apruebe nada que le presenten, especialmente la aseguradora del conductor culpable u otras personas aseguradoras, sin importar cu\u00e1n convincente pueda ser su caso.<\/p>\n<p><a href=\"https:\/\/www.gaspineortho.com\/wp-content\/uploads\/2024\/05\/shutterstock_1409572676-min.jpg\"><img fetchpriority=\"high\" decoding=\"async\" class=\"alignnone size-full wp-image-3409\" src=\"https:\/\/www.gaspineortho.com\/wp-content\/uploads\/2024\/05\/shutterstock_1409572676-min.jpg\" alt=\"Lesi\u00f3n de cadera\" width=\"500\" height=\"334\" srcset=\"https:\/\/www.gaspineortho.com\/wp-content\/uploads\/2024\/05\/shutterstock_1409572676-min.jpg 500w, https:\/\/www.gaspineortho.com\/wp-content\/uploads\/2024\/05\/shutterstock_1409572676-min-300x200.jpg 300w\" sizes=\"(max-width: 500px) 100vw, 500px\" \/><\/a><\/p>\n<h2>\u00bfCu\u00e1les son los s\u00edntomas comunes de una lesi\u00f3n de cadera?<\/h2>\n<p>Los s\u00edntomas de lesi\u00f3n de cadera que experimente depender\u00e1n del tipo de lesi\u00f3n. Es bastante com\u00fan experimentar alg\u00fan tipo de malestar en la cadera despu\u00e9s de un accidente automovil\u00edstico y el dolor puede extenderse a las piernas, las nalgas y los muslos. El dolor puede ser sordo, agudo o doloroso. Algunos de los s\u00edntomas comunes de las lesiones de cadera incluyen:<\/p>\n<ul>\n<li>No poder levantarse tan f\u00e1cilmente como antes.<\/li>\n<li>Dolor intenso en la zona de la ingle o la cadera.<\/li>\n<li>No poder apoyar peso sobre la pierna del lado de la cadera lesionada.<\/li>\n<li>Pierna m\u00e1s corta del lado de la cadera lesionada.<\/li>\n<li>Giro hacia afuera de la pierna del lado de la cadera lesionada.<\/li>\n<li>Moretones o hinchaz\u00f3n alrededor del \u00e1rea de la cadera.<\/li>\n<\/ul>\n<p>Los s\u00edntomas podr\u00edan tardar alg\u00fan tiempo en manifestarse por completo despu\u00e9s del accidente automovil\u00edstico. Inicialmente, podr\u00edas ignorar un dolor sordo alrededor de las caderas solo para descubrir m\u00e1s tarde que son los efectos de la bursitis. Es posible que tampoco notes inmediatamente una fractura de cadera hasta que desaparezca el efecto de la adrenalina. Por lo tanto, es mejor buscar atenci\u00f3n m\u00e9dica inmediatamente despu\u00e9s del accidente para evitar mayores complicaciones.<\/p>\n<h2>\u00bfCu\u00e1les son las lesiones comunes de cadera despu\u00e9s de accidentes automovil\u00edsticos?<\/h2>\n<p>Los accidentes automovil\u00edsticos pueden da\u00f1ar huesos, m\u00fasculos, ligamentos y la articulaci\u00f3n esf\u00e9rica de la cadera. \u00c9stos son algunos de los tipos comunes de lesiones de cadera por accidentes automovil\u00edsticos.<\/p>\n<h3>Dislocaci\u00f3n de cadera<\/h3>\n<p>Cuando la bola del hueso de la cadera sale de la cavidad, se disloca. En los accidentes automovil\u00edsticos, ocurre cuando un golpe en la articulaci\u00f3n hace que los huesos se desplacen de su posici\u00f3n normal. Este es especialmente el caso cuando la rodilla golpea el tablero durante el choque y la cadera es empujada hacia atr\u00e1s desde el encaje.<\/p>\n<p>Una <a href=\"https:\/\/orthoinfo.aaos.org\/en\/diseases--conditions\/hip-dislocation\/\" target=\"_blank\" rel=\"noopener\">cadera dislocada<\/a> requiere atenci\u00f3n m\u00e9dica inmediata.<\/p>\n<h3>Fractura por estr\u00e9s<\/h3>\n<p>Una fractura por estr\u00e9s ocurre cuando la carga de peso ejercida sobre un hueso excede su capacidad para curarse a s\u00ed mismo. Esto a menudo provoca un dolor sordo que empeora cuando se hace actividad f\u00edsica o se soporta peso. A menudo se puede tratar en casa con reposo y hielo si el dolor y la hinchaz\u00f3n no son intensos.<\/p>\n<h3>Fracturas de cadera<\/h3>\n<p>Las fracturas en la cavidad de la cadera u otras partes de la cadera tambi\u00e9n pueden ocurrir en accidentes automovil\u00edsticos. Las fracturas de cadera pueden deberse a fracturas que involucran otros huesos golpeados por un traumatismo y forzados hacia el \u00e1rea de la cadera. Las fracturas de cadera son una emergencia m\u00e9dica grave y recuperarse de una puede ser un viaje largo, doloroso y arduo, y requerir\u00e1 atenci\u00f3n y tratamiento especializados.<\/p>\n<h3>Bursitis<\/h3>\n<p><a href=\"https:\/\/www.mayoclinic.org\/diseases-conditions\/bursitis\/symptoms-causes\/syc-20353242\" target=\"_blank\" rel=\"noopener\">Bursitis<\/a> es la inflamaci\u00f3n de la bolsa, que es un saco lleno de l\u00edquido alrededor de la articulaci\u00f3n que rodea las partes donde el tejido muscular, los tendones y la piel se unen a los huesos. A\u00f1aden lubricaci\u00f3n que ayuda a reducir la fricci\u00f3n cuando la articulaci\u00f3n est\u00e1 en movimiento. La bursitis causa dolor y malestar, lo que reduce la forma en que se puede mover una articulaci\u00f3n.<\/p>\n<h3>Distensiones y esguinces de ligamentos de cadera<\/h3>\n<p>Los esguinces y distensiones en los ligamentos de la cadera a menudo son causados \u200b\u200bpor ligamentos desgarrados o demasiado estirados en la cadera. B\u00e1sicamente, los ligamentos unen los huesos a otros huesos y ayudan a proporcionar estabilidad a las articulaciones. Las distensiones y esguinces de cadera a menudo se tratan con reposo, fisioterapia y otros procedimientos m\u00e9dicos seg\u00fan su ubicaci\u00f3n y gravedad.<\/p>\n<h2>Diagn\u00f3stico de una lesi\u00f3n de cadera<\/h2>\n<p>La cadera est\u00e1 formada por una articulaci\u00f3n esf\u00e9rica, la pelvis y el f\u00e9mur. B\u00e1sicamente, permite que el muslo se mueva en diferentes direcciones y permite que la cadera soporte todo el peso del cuerpo. La articulaci\u00f3n de la cadera tambi\u00e9n tiene una c\u00e1psula que contiene l\u00edquido lubricante y ligamentos que evitan que la bola se salga de la cavidad.<\/p>\n<p>Los profesionales m\u00e9dicos suelen examinar toda la articulaci\u00f3n de la cadera para establecer la causa fundamental del dolor. El diagn\u00f3stico de lesi\u00f3n de cadera puede incluir ex\u00e1menes f\u00edsicos para revisar la cadera y las piernas. Tambi\u00e9n puede implicar mover la cadera y las piernas en varias posiciones y probar su fuerza pidi\u00e9ndole que resista el movimiento de las piernas.<\/p>\n<p>Los m\u00e9dicos tambi\u00e9n emplean <a href=\"https:\/\/www.gaspineortho.com\/es\/atlanta\/servicios-de-rayos-x\/\">pruebas de im\u00e1genes como radiograf\u00edas<\/a>, tomograf\u00edas computarizadas y resonancias magn\u00e9ticas para diagnosticar lesiones de cadera.<\/p>\n<p><a href=\"https:\/\/www.gaspineortho.com\/wp-content\/uploads\/2024\/05\/shutterstock_207938626-min.jpg\"><img decoding=\"async\" class=\"alignnone size-full wp-image-3410\" src=\"https:\/\/www.gaspineortho.com\/wp-content\/uploads\/2024\/05\/shutterstock_207938626-min.jpg\" alt=\"Tratamiento de lesiones de cadera\" width=\"500\" height=\"334\" srcset=\"https:\/\/www.gaspineortho.com\/wp-content\/uploads\/2024\/05\/shutterstock_207938626-min.jpg 500w, https:\/\/www.gaspineortho.com\/wp-content\/uploads\/2024\/05\/shutterstock_207938626-min-300x200.jpg 300w\" sizes=\"(max-width: 500px) 100vw, 500px\" \/><\/a><\/p>\n<h2>Opciones de tratamiento de lesiones de cadera<\/h2>\n<p>El tratamiento para una lesi\u00f3n de cadera puede incluir reemplazo parcial o total de cadera, atenci\u00f3n quiropr\u00e1ctica, fisioterapia, medicaci\u00f3n y <a href=\"https:\/\/www.gaspineortho.com\/es\/atlanta\/neurologia\/\">atenci\u00f3n neurol\u00f3gica<\/a> para ayudar a abordar el dolor y facilitar el proceso de curaci\u00f3n.<\/p>\n<p>Es importante contar con un m\u00e9dico ortop\u00e9dico profesional que pueda diagnosticar eficazmente una lesi\u00f3n de cadera y recomendarle un plan de tratamiento personalizado. De esta manera, podr\u00e1 volver a sus actividades diarias sin dolor, minimizar el dolor mientras sana, fortalecer su cadera, corregir sus movimientos y recuperar su rango completo de movimiento.<\/p>\n<h3>El manejo del dolor<\/h3>\n<p><a href=\"https:\/\/www.gaspineortho.com\/es\/atlanta\/el-manejo-del-dolor\/\">El manejo del dolor<\/a> Es a menudo el primer paso en el tratamiento de una lesi\u00f3n de cadera, que incluye medicamentos como los antiinflamatorios no esteroides (AINE) o el paracetamol para aliviar las molestias y reducir la inflamaci\u00f3n. En casos de dolor intenso, pueden ser necesarios medicamentos recetados m\u00e1s fuertes.<\/p>\n<p>Las inyecciones en la articulaci\u00f3n de la cadera pueden proporcionar un alivio del dolor eficaz y espec\u00edfico.<\/p>\n<h3>Cirug\u00eda Ortop\u00e9dica<\/h3>\n<p><a href=\"https:\/\/www.gaspineortho.com\/es\/atlanta\/cirugia-ortopedica\/\">Cirug\u00eda Ortop\u00e9dica<\/a> Puede ser necesario para lesiones de cadera m\u00e1s graves, como fracturas o dislocaciones. Los procedimientos quir\u00fargicos como la artroscopia de cadera, el reemplazo de cadera o la reparaci\u00f3n de fracturas tienen como objetivo restaurar la alineaci\u00f3n, la estabilidad y la funci\u00f3n adecuadas de la articulaci\u00f3n de la cadera.<\/p>\n<p>Estas intervenciones suelen ir acompa\u00f1adas de rehabilitaci\u00f3n postoperatoria para optimizar los resultados y facilitar una recuperaci\u00f3n exitosa.<\/p>\n<h3>Terapia f\u00edsica<\/h3>\n<p><a href=\"https:\/\/www.gaspineortho.com\/es\/atlanta\/terapia-fisica\/\">Terapia f\u00edsica<\/a> juega un papel crucial en la rehabilitaci\u00f3n de lesiones de cadera, ayudando a restaurar la fuerza, la flexibilidad y el rango de movimiento. Los ejercicios terap\u00e9uticos, las rutinas de estiramiento y las t\u00e9cnicas espec\u00edficas pueden ayudar a fortalecer los m\u00fasculos alrededor de la articulaci\u00f3n de la cadera y mejorar la movilidad.<\/p>\n<h2>\u00a1Llame a Georgia Spine and Orthopaedics ahora!<\/h2>\n<p>En <a href=\"https:\/\/www.gaspineortho.com\/\">Georgia Spine and Orthopaedics<\/a>, utilizamos un enfoque hol\u00edstico para diagnosticar y tratar cualquier lesi\u00f3n de cadera resultante de un accidente automovil\u00edstico. Estamos comprometidos a identificar la causa ra\u00edz de su dolor y crear un plan de tratamiento personalizado para usted.<\/p>\n<p>Ofrecemos una amplia gama de opciones de tratamiento, incluidos procedimientos no invasivos y atenci\u00f3n quiropr\u00e1ctica que pueden brindar alivio sin necesidad de un largo tiempo de recuperaci\u00f3n. Comun\u00edquese con nosotros hoy en <a href=\"tel:+16789294494\"><i class=\"fa fa-phone-alt\"><\/i>678-929-4494<\/a> para obtener m\u00e1s informaci\u00f3n sobre c\u00f3mo podemos ayudarlo con el tratamiento de su lesi\u00f3n de cadera.<\/p>\n","protected":false},"excerpt":{"rendered":"<p>La cadera es una de las principales articulaciones del cuerpo que soportan carga. Casi todos los movimientos involucran a la cadera de una forma u otra. Las lesiones de cadera tambi\u00e9n son bastante comunes despu\u00e9s de accidentes automovil\u00edsticos. El dolor puede variar de leve a severo. No importa el tipo de dolor, buscar tratamiento para [&hellip;]<\/p>\n","protected":false},"author":36,"featured_media":0,"parent":0,"menu_order":28,"comment_status":"closed","ping_status":"closed","template":"","meta":{"_acf_changed":false,"footnotes":""},"categories":[],"tags":[],"class_list":["post-7218","page","type-page","status-publish","hentry"],"acf":[],"_links":{"self":[{"href":"https:\/\/www.gaspineortho.com\/es\/wp-json\/wp\/v2\/pages\/7218","targetHints":{"allow":["GET"]}}],"collection":[{"href":"https:\/\/www.gaspineortho.com\/es\/wp-json\/wp\/v2\/pages"}],"about":[{"href":"https:\/\/www.gaspineortho.com\/es\/wp-json\/wp\/v2\/types\/page"}],"author":[{"embeddable":true,"href":"https:\/\/www.gaspineortho.com\/es\/wp-json\/wp\/v2\/users\/36"}],"replies":[{"embeddable":true,"href":"https:\/\/www.gaspineortho.com\/es\/wp-json\/wp\/v2\/comments?post=7218"}],"version-history":[{"count":4,"href":"https:\/\/www.gaspineortho.com\/es\/wp-json\/wp\/v2\/pages\/7218\/revisions"}],"predecessor-version":[{"id":8689,"href":"https:\/\/www.gaspineortho.com\/es\/wp-json\/wp\/v2\/pages\/7218\/revisions\/8689"}],"wp:attachment":[{"href":"https:\/\/www.gaspineortho.com\/es\/wp-json\/wp\/v2\/media?parent=7218"}],"wp:term":[{"taxonomy":"category","embeddable":true,"href":"https:\/\/www.gaspineortho.com\/es\/wp-json\/wp\/v2\/categories?post=7218"},{"taxonomy":"post_tag","embeddable":true,"href":"https:\/\/www.gaspineortho.com\/es\/wp-json\/wp\/v2\/tags?post=7218"}],"curies":[{"name":"wp","href":"https:\/\/api.w.org\/{rel}","templated":true}]}}