{"id":7167,"date":"2024-05-10T11:31:06","date_gmt":"2024-05-10T16:31:06","guid":{"rendered":"https:\/\/www.gaspineortho.com\/back-injury\/"},"modified":"2024-09-09T12:33:37","modified_gmt":"2024-09-09T17:33:37","slug":"lesion-de-espalda","status":"publish","type":"page","link":"https:\/\/www.gaspineortho.com\/es\/lesion-de-espalda\/","title":{"rendered":"Lesi\u00f3n de espalda"},"content":{"rendered":"<p>Una lesi\u00f3n en la espalda puede alterar todos los aspectos de su vida, incluido el sue\u00f1o, el ejercicio f\u00edsico y el trabajo. El dolor de espalda cr\u00f3nico puede provocar cambios de humor, ira, depresi\u00f3n y ansiedad. Si no se trata, una lesi\u00f3n en la espalda puede provocar discapacidades permanentes.<\/p>\n<p>En Georgia Spine &amp; Orthopaedics, nos especializamos en brindar un tratamiento excepcional para las lesiones de espalda. Nuestro equipo de especialistas ofrece una variedad de opciones de tratamiento, incluidas t\u00e9cnicas <a href=\"https:\/\/www.gaspineortho.com\/atlanta\/orthopedic-surgery\/\">de manejo del dolor,<\/a> como medicamentos, inyecciones y bloqueos nerviosos. Si bien damos prioridad a los enfoques no invasivos, tambi\u00e9n realizamos <a href=\"https:\/\/www.gaspineortho.com\/atlanta\/orthopedic-surgery\/\">cirug\u00eda ortop\u00e9dica<\/a> cuando es necesario.<\/p>\n<p>El tratamiento eficaz de las lesiones de espalda puede aliviar el dolor y mejorar su bienestar general y su calidad de vida. Una vez que diagnostiquemos la causa subyacente de su lesi\u00f3n en la espalda, crearemos un plan de tratamiento que se adapte a sus objetivos.<\/p>\n<p>\u00a1D\u00e9janos ayudarte a recuperar tu vida! Cont\u00e1ctenos hoy en <a href=\"tel:+16789294494\"><i class=\"fa fa-phone-alt\"><\/i>678-929-4494<\/a> para programar una cita.<\/p>\n<h2>S\u00edntomas de una lesi\u00f3n de espalda<\/h2>\n<p><img fetchpriority=\"high\" decoding=\"async\" class=\"alignnone wp-image-3307\" src=\"https:\/\/www.gaspineortho.com\/wp-content\/uploads\/2024\/05\/shutterstock_726176974-copy.webp\" alt=\"Hombre lidiando con el dolor de una lesi\u00f3n en la espalda\" width=\"500\" height=\"364\" srcset=\"https:\/\/www.gaspineortho.com\/wp-content\/uploads\/2024\/05\/shutterstock_726176974-copy.webp 1000w, https:\/\/www.gaspineortho.com\/wp-content\/uploads\/2024\/05\/shutterstock_726176974-copy-300x218.webp 300w, https:\/\/www.gaspineortho.com\/wp-content\/uploads\/2024\/05\/shutterstock_726176974-copy-768x559.webp 768w\" sizes=\"(max-width: 500px) 100vw, 500px\" \/><\/p>\n<p>Los s\u00edntomas de una lesi\u00f3n en la espalda pueden variar en gravedad, desde leves hasta debilitantes. Las lesiones graves en la espalda pueden provocar una discapacidad permanente. Por lo tanto, es imperativo buscar un tratamiento r\u00e1pido.<\/p>\n<h3>Dolor de espalda<\/h3>\n<p>En primer lugar, sentir\u00e1 dolor en la espalda. El dolor puede incluso extenderse a las caderas y la regi\u00f3n p\u00e9lvica. Adem\u00e1s, el dolor puede llegar hasta la pierna. Es posible que experimente una sensaci\u00f3n de ardor, punzada o punzada en la espalda. Si permanece sentado o de pie por mucho tiempo, el dolor puede empeorar.<\/p>\n<h3>Sensaciones de hormigueo y ardor en la espalda<\/h3>\n<p>Si ha sufrido una lesi\u00f3n en la espalda, es posible que sienta una sensaci\u00f3n de hormigueo y ardor en la espalda. Es posible que el dolor no sea intenso. Sin embargo, puede interferir con sus actividades diarias. Es posible que haya sufrido da\u00f1os en la columna en el accidente. Por eso es fundamental buscar atenci\u00f3n experimentada por parte de nuestros especialistas en Georgia.<\/p>\n<h3>Hinchaz\u00f3n en el \u00e1rea afectada<\/h3>\n<p>Es f\u00e1cil notar algunos s\u00edntomas, como la hinchaz\u00f3n. La hinchaz\u00f3n suele ser causada por la inflamaci\u00f3n de los tejidos. Si sufri\u00f3 una lesi\u00f3n en la espalda y nota hinchaz\u00f3n en la espalda, es fundamental que lo revise un profesional m\u00e9dico.<\/p>\n<h3>moretones<\/h3>\n<p>Si ha sufrido una lesi\u00f3n en la espalda, es posible que note signos de hematomas en la espalda. Un hematoma suele producirse como resultado de un impacto directo en la espalda. Tenga en cuenta que los hematomas pueden indicar una afecci\u00f3n subyacente.<\/p>\n<h3>Movilidad reducida<\/h3>\n<p>Si se ha lesionado la espalda, es posible que experimente movilidad reducida debido al dolor e incluso rigidez en la espalda. Por lo tanto, le resultar\u00e1 dif\u00edcil caminar y realizar sus tareas habituales. Deber\u00e1 buscar tratamiento para deshacerse del dolor.<\/p>\n<p>Si experimenta uno o m\u00e1s de estos s\u00edntomas, no dude en comunicarse con Georgia Spine and Orthopaedics llamando a <a href=\"tel:+16789294494\"><i class=\"fa fa-phone-alt\"><\/i>678-929-4494<\/a> hoy.<\/p>\n<h2>Tipos comunes de lesiones de espalda<\/h2>\n<p><img decoding=\"async\" class=\"alignnone wp-image-3303\" src=\"https:\/\/www.gaspineortho.com\/wp-content\/uploads\/2024\/05\/shutterstock_545783518-copy.webp\" alt=\"Un m\u00e9dico muestra a un paciente un modelo de columna vertebral\" width=\"500\" height=\"334\" srcset=\"https:\/\/www.gaspineortho.com\/wp-content\/uploads\/2024\/05\/shutterstock_545783518-copy.webp 1000w, https:\/\/www.gaspineortho.com\/wp-content\/uploads\/2024\/05\/shutterstock_545783518-copy-300x200.webp 300w, https:\/\/www.gaspineortho.com\/wp-content\/uploads\/2024\/05\/shutterstock_545783518-copy-768x512.webp 768w\" sizes=\"(max-width: 500px) 100vw, 500px\" \/><\/p>\n<p>Comprender los tipos comunes de lesiones de espalda es importante para identificar los s\u00edntomas y buscar la atenci\u00f3n adecuada.<\/p>\n<h3>Lesiones de tejidos blandos<\/h3>\n<p>Las lesiones de tejidos blandos son una de las lesiones de espalda m\u00e1s comunes. Una de las principales causas del dolor de espalda es la lesi\u00f3n de los tendones, ligamentos y m\u00fasculos de la espalda. Por ejemplo, un tir\u00f3n muscular puede causar dolor en la parte baja de la espalda. Las lesiones de tejidos blandos pueden afectar su rango de movimiento.<\/p>\n<h3>Hernia de disco<\/h3>\n<p>Los discos abultados se desarrollan con el tiempo. Los discos espinales protegen la columna del da\u00f1o. Sin embargo, estos discos pueden salirse de su lugar, irritando los nervios cercanos. Por lo tanto, experimentar\u00e1 debilidad, entumecimiento, entumecimiento o dolor en la pierna o el brazo. El dolor empeorar\u00e1 con el tiempo.<\/p>\n<h3>Da\u00f1o en el nervio<\/h3>\n<p>Si se da\u00f1a un nervio de la columna, puede causar debilidad muscular, aumento del dolor, entumecimiento y mayor sensibilidad. El dolor puede irradiarse hacia las piernas. Los fragmentos de hueso y los discos abultados pueden da\u00f1ar los nervios y provocar dolor de espalda.<\/p>\n<h3>Hernia de disco<\/h3>\n<p>Una <a href=\"https:\/\/www.mayoclinic.org\/diseases-conditions\/herniated-disk\/symptoms-causes\/syc-20354095\" target=\"_blank\" rel=\"noopener\">hernia de disco<\/a> ocurre cuando el centro blando, parecido a un gel, de un disco espinal empuja a trav\u00e9s de una grieta en el exterior m\u00e1s duro, ejerciendo presi\u00f3n sobre los nervios cercanos. Esto puede provocar dolor, entumecimiento o debilidad en la espalda y las extremidades.<\/p>\n<h3>Fracturas<\/h3>\n<p>Las fracturas vertebrales son fracturas o huesos rotos de la columna. Un empuj\u00f3n violento, un accidente o una ca\u00edda pueden provocar este tipo de lesiones. Las fracturas de columna pueden causar dolor intenso en la espalda. Si no busca atenci\u00f3n m\u00e9dica de inmediato, las fracturas de v\u00e9rtebras pueden da\u00f1ar la m\u00e9dula espinal y provocar par\u00e1lisis.<\/p>\n<h3>Lesi\u00f3n de la m\u00e9dula espinal<\/h3>\n<p><a href=\"https:\/\/www.gaspineortho.com\/spine-injury\/\">Las lesiones de la m\u00e9dula espinal<\/a> son el resultado de da\u00f1os en la propia m\u00e9dula espinal, a menudo debido a un traumatismo, como un <a href=\"https:\/\/www.gaspineortho.com\/atlanta\/car-accident-treatment\/\">accidente automovil\u00edstico<\/a> o una ca\u00edda. Estas lesiones pueden provocar diversos grados de par\u00e1lisis y p\u00e9rdida de sensaci\u00f3n debajo del sitio de la lesi\u00f3n, lo que afecta las funciones motoras y sensoriales.<\/p>\n<h2>\u00bfC\u00f3mo diagnosticar\u00e1 su m\u00e9dico su lesi\u00f3n de espalda?<\/h2>\n<p>El diagn\u00f3stico de una lesi\u00f3n en la espalda generalmente implica una combinaci\u00f3n de examen f\u00edsico y pruebas de imagen.<\/p>\n<h3>Examen f\u00edsico<\/h3>\n<p>Los m\u00e9dicos realizar\u00e1n un examen f\u00edsico para evaluar el rango de movimiento, la fuerza y \u200b\u200bla sensaci\u00f3n en el \u00e1rea afectada. Durante este examen, los m\u00e9dicos tambi\u00e9n pueden buscar signos de inflamaci\u00f3n, sensibilidad o deformidad.<\/p>\n<h3>Pruebas de imagen<\/h3>\n<p><a href=\"https:\/\/www.gaspineortho.com\/es\/atlanta\/servicios-de-rayos-x\/\">Las radiograf\u00edas<\/a> se utilizan a menudo para comprobar la posici\u00f3n de los discos y huesos de la columna. Las tomograf\u00edas computarizadas proporcionan im\u00e1genes detalladas de huesos, m\u00fasculos y tejidos blandos. Ellos pueden ayudar a verificar la compresi\u00f3n espinal.<\/p>\n<p>Su m\u00e9dico puede usar una resonancia magn\u00e9tica para obtener una visi\u00f3n m\u00e1s clara de los tejidos blandos de su espalda. Las im\u00e1genes por resonancia magn\u00e9tica son particularmente efectivas para evaluar lesiones de tejidos blandos y compresi\u00f3n nerviosa.<\/p>\n<h2>Tipos de tratamientos para lesiones de espalda<\/h2>\n<p>El mejor plan de tratamiento de lesiones de espalda para usted depender\u00e1 del tipo de lesi\u00f3n y de su gravedad.<\/p>\n<h3>Terapia con l\u00e1ser<\/h3>\n<p>Los tejidos que comprimen los nervios espinales son una causa com\u00fan de dolor de espalda. La terapia con l\u00e1ser alivia la presi\u00f3n sobre los nervios espinales y reduce el dolor de espalda.<\/p>\n<h3>Terapia de fr\u00edo\/calor<\/h3>\n<p>La terapia con fr\u00edo ayuda a disminuir la hinchaz\u00f3n y la inflamaci\u00f3n en la espalda. Recuerde, la hinchaz\u00f3n y la inflamaci\u00f3n son las principales causas de compresi\u00f3n y dolor. La terapia con calor, por otro lado, ayuda a mejorar el movimiento de los tejidos blandos y la flexibilidad. Mejora la funcionalidad de los tejidos blandos. La terapia con calor tambi\u00e9n puede ayudar a reducir el dolor.<\/p>\n<h3>Terapia f\u00edsica<\/h3>\n<p>Si desea mejorar el proceso de curaci\u00f3n y reducir la rigidez de los tendones, m\u00fasculos, m\u00fasculos esquel\u00e9ticos y ligamentos, debe hacer ejercicio con regularidad. El ejercicio puede ayudar a aliviar el dolor. Los ejercicios de estiramiento y fortalecimiento abdominal, por ejemplo, pueden ayudar a reducir el dolor lumbar.<\/p>\n<p>Un <a href=\"https:\/\/www.gaspineortho.com\/es\/atlanta\/terapia-fisica\/\">fisioterapeuta <\/a> puede ense\u00f1arle ejercicios para mejorar su postura, fortalecer los m\u00fasculos abdominales y de la espalda y aumentar su flexibilidad.<\/p>\n<h3>Terapia de ultrasonido<\/h3>\n<p>Los m\u00e9dicos utilizan la terapia con ultrasonido para tratar lesiones de tejidos blandos y lesiones de la m\u00e9dula espinal. Hay m\u00e1quinas de ultrasonido que producen vibraciones. Los m\u00e9dicos frotan estas m\u00e1quinas en el \u00e1rea lesionada de la espalda. Las vibraciones u ondas sonoras ayudan a aliviar el dolor.<\/p>\n<h3>Atenci\u00f3n quiropr\u00e1ctica<\/h3>\n<p>La desalineaci\u00f3n de la columna es una de las causas comunes de dolor de espalda. Los <a href=\"https:\/\/www.gaspineortho.com\/es\/atlanta\/quiropractico\/\">quiropr\u00e1cticos <\/a> utilizan ajustes manuales para mejorar la alineaci\u00f3n y aliviar el dolor de espalda.<\/p>\n<h3>Medicamentos<\/h3>\n<p>Los medicamentos se usan com\u00fanmente para <a href=\"https:\/\/www.gaspineortho.com\/es\/atlanta\/el-manejo-del-dolor\/\">controlar el dolor<\/a> y la inflamaci\u00f3n despu\u00e9s de una lesi\u00f3n en la espalda. Los medicamentos antiinflamatorios no esteroides (AINE), como el ibuprofeno, reducen la inflamaci\u00f3n y alivian el dolor. Se pueden usar relajantes musculares para aliviar los espasmos musculares.<\/p>\n<h3>Inyecciones<\/h3>\n<p><a href=\"https:\/\/www.gaspineortho.com\/es\/atlanta\/inyecciones-medicas\/\">Las inyecciones:<\/a> como los corticosteroides o los anest\u00e9sicos, pueden proporcionar un alivio espec\u00edfico para el dolor de espalda. Las inyecciones epidurales de esteroides se usan com\u00fanmente para reducir la inflamaci\u00f3n alrededor de los nervios espinales, brindando un alivio temporal. Las inyecciones en las articulaciones facetarias se dirigen a articulaciones espec\u00edficas de la columna para aliviar el dolor causado por la inflamaci\u00f3n o la irritaci\u00f3n.<\/p>\n<h3>Bloqueos nerviosos<\/h3>\n<p>Los bloqueos nerviosos implican la inyecci\u00f3n de medicamentos anest\u00e9sicos o antiinflamatorios cerca de nervios espec\u00edficos para bloquear las se\u00f1ales de dolor. These injections can provide targeted relief for conditions like sciatica or facet joint syndrome.<\/p>\n<h3>Ablaci\u00f3n por radiofrecuencia<\/h3>\n<p>La ablaci\u00f3n por radiofrecuencia (RFA) es un procedimiento m\u00ednimamente invasivo que se utiliza para aliviar el dolor de espalda cr\u00f3nico. Durante la ARF, se inserta una aguja especializada cerca de los nervios afectados. La energ\u00eda de radiofrecuencia se env\u00eda a trav\u00e9s de la aguja a los nervios, calent\u00e1ndolos e interrumpiendo su capacidad para transmitir se\u00f1ales de dolor.<\/p>\n<p>La RFA proporciona un alivio duradero del dolor a muchos pacientes, que a menudo dura entre seis meses y un a\u00f1o o m\u00e1s. Se considera seguro y eficaz.<\/p>\n<h3>Cifoplastia<\/h3>\n<p><a href=\"https:\/\/www.webmd.com\/ankylosing-spondylitis\/features\/cm\/kyphoplasty-for-patients-with-ankylosing-spondylitis\" target=\"_blank\" rel=\"noopener\">Cifoplastia<\/a> Es un procedimiento m\u00ednimamente invasivo que se utiliza para tratar fracturas por compresi\u00f3n en la columna, a menudo causadas por osteoporosis o lesiones traum\u00e1ticas. Un cirujano infla un globo dentro de la v\u00e9rtebra fracturada y luego inyecta cemento \u00f3seo para estabilizar el hueso y aliviar el dolor.<\/p>\n<h3>Cirug\u00eda Ortop\u00e9dica<\/h3>\n<p>En casos de dolor de espalda severo o persistente que no responde a tratamientos conservadores, se puede considerar la <a href=\"https:\/\/www.gaspineortho.com\/es\/atlanta\/cirugia-ortopedica\/\">cirug\u00eda ortop\u00e9dica<\/a>. Los procedimientos como la fusi\u00f3n espinal, la laminectom\u00eda o la discectom\u00eda tienen como objetivo aliviar la presi\u00f3n sobre los nervios, estabilizar la columna o eliminar el tejido da\u00f1ado.<\/p>\n<p>Estas cirug\u00edas pueden considerarse para afecciones como estenosis espinal y hernias de disco.<\/p>\n<h2>\u00a1Comun\u00edquese con Georgia Spine and Orthopaedics hoy mismo!<\/h2>\n<p>Si tiene una lesi\u00f3n en la espalda, probablemente sienta muchas molestias. El dolor persistente y la movilidad limitada debido a un dolor de espalda pueden interferir con sus actividades diarias y provocar sentimientos de ansiedad, estr\u00e9s y depresi\u00f3n. Buscar atenci\u00f3n m\u00e9dica puede ayudarle a recuperarse m\u00e1s r\u00e1pido.<\/p>\n<p>En <a href=\"https:\/\/www.gaspineortho.com\/\">Georgia Spine &amp; Orthopaedics<\/a>, estamos altamente capacitados para tratar una variedad de lesiones de espalda, incluidos discos abultados, hernias discales, esguinces y torceduras, y muchos m\u00e1s. Nuestros especialistas utilizan tecnolog\u00eda de punta para diagnosticar con precisi\u00f3n la causa de su dolor de espalda. Luego, dise\u00f1amos un plan de tratamiento personalizado para lesiones de espalda para usted.<\/p>\n<p>Ll\u00e1manos hoy al <a href=\"tel:+16789294494\"><i class=\"fa fa-phone-alt\"><\/i>678-929-4494<\/a> para saber c\u00f3mo podemos ayudarte a recuperarte de tu lesi\u00f3n en la espalda.<\/p>\n","protected":false},"excerpt":{"rendered":"<p>Una lesi\u00f3n en la espalda puede alterar todos los aspectos de su vida, incluido el sue\u00f1o, el ejercicio f\u00edsico y el trabajo. El dolor de espalda cr\u00f3nico puede provocar cambios de humor, ira, depresi\u00f3n y ansiedad. Si no se trata, una lesi\u00f3n en la espalda puede provocar discapacidades permanentes. En Georgia Spine &amp; Orthopaedics, nos [&hellip;]<\/p>\n","protected":false},"author":44,"featured_media":0,"parent":0,"menu_order":0,"comment_status":"closed","ping_status":"closed","template":"","meta":{"_acf_changed":false,"footnotes":""},"categories":[],"tags":[],"class_list":["post-7167","page","type-page","status-publish","hentry"],"acf":[],"_links":{"self":[{"href":"https:\/\/www.gaspineortho.com\/es\/wp-json\/wp\/v2\/pages\/7167","targetHints":{"allow":["GET"]}}],"collection":[{"href":"https:\/\/www.gaspineortho.com\/es\/wp-json\/wp\/v2\/pages"}],"about":[{"href":"https:\/\/www.gaspineortho.com\/es\/wp-json\/wp\/v2\/types\/page"}],"author":[{"embeddable":true,"href":"https:\/\/www.gaspineortho.com\/es\/wp-json\/wp\/v2\/users\/44"}],"replies":[{"embeddable":true,"href":"https:\/\/www.gaspineortho.com\/es\/wp-json\/wp\/v2\/comments?post=7167"}],"version-history":[{"count":5,"href":"https:\/\/www.gaspineortho.com\/es\/wp-json\/wp\/v2\/pages\/7167\/revisions"}],"predecessor-version":[{"id":9377,"href":"https:\/\/www.gaspineortho.com\/es\/wp-json\/wp\/v2\/pages\/7167\/revisions\/9377"}],"wp:attachment":[{"href":"https:\/\/www.gaspineortho.com\/es\/wp-json\/wp\/v2\/media?parent=7167"}],"wp:term":[{"taxonomy":"category","embeddable":true,"href":"https:\/\/www.gaspineortho.com\/es\/wp-json\/wp\/v2\/categories?post=7167"},{"taxonomy":"post_tag","embeddable":true,"href":"https:\/\/www.gaspineortho.com\/es\/wp-json\/wp\/v2\/tags?post=7167"}],"curies":[{"name":"wp","href":"https:\/\/api.w.org\/{rel}","templated":true}]}}