{"id":7114,"date":"2022-09-19T15:04:32","date_gmt":"2022-09-19T20:04:32","guid":{"rendered":"https:\/\/www.gaspineortho.com\/meet-our-team\/"},"modified":"2025-07-03T07:51:46","modified_gmt":"2025-07-03T12:51:46","slug":"nuestro-equipo","status":"publish","type":"page","link":"https:\/\/www.gaspineortho.com\/es\/nuestro-equipo\/","title":{"rendered":"Nuestro equipo"},"content":{"rendered":"\t\t<div data-elementor-type=\"wp-page\" data-elementor-id=\"7114\" class=\"elementor elementor-7114 elementor-1525\" data-elementor-post-type=\"page\">\n\t\t\t\t\t\t<section class=\"elementor-section elementor-top-section elementor-element elementor-element-3a0b613b elementor-section-height-min-height elementor-section-full_width elementor-section-height-default elementor-section-items-middle\" data-id=\"3a0b613b\" data-element_type=\"section\" data-e-type=\"section\" data-settings=\"{&quot;background_background&quot;:&quot;classic&quot;}\">\n\t\t\t\t\t\t\t<div class=\"elementor-background-overlay\"><\/div>\n\t\t\t\t\t\t\t<div class=\"elementor-container elementor-column-gap-default\">\n\t\t\t\t\t<div class=\"elementor-column elementor-col-100 elementor-top-column elementor-element elementor-element-6d677bb5\" data-id=\"6d677bb5\" data-element_type=\"column\" data-e-type=\"column\">\n\t\t\t<div class=\"elementor-widget-wrap elementor-element-populated\">\n\t\t\t\t\t\t<div class=\"elementor-element elementor-element-b82f4e6 elementor-widget elementor-widget-heading\" data-id=\"b82f4e6\" data-element_type=\"widget\" data-e-type=\"widget\" data-widget_type=\"heading.default\">\n\t\t\t\t\t<h1 class=\"elementor-heading-title elementor-size-default\">Nuestro equipo<\/h1>\t\t\t\t<\/div>\n\t\t\t\t\t<\/div>\n\t\t<\/div>\n\t\t\t\t\t<\/div>\n\t\t<\/section>\n\t\t\t\t<section class=\"elementor-section elementor-top-section elementor-element elementor-element-104ee83f elementor-section-boxed elementor-section-height-default elementor-section-height-default\" data-id=\"104ee83f\" data-element_type=\"section\" data-e-type=\"section\" data-settings=\"{&quot;background_background&quot;:&quot;classic&quot;}\">\n\t\t\t\t\t\t<div class=\"elementor-container elementor-column-gap-default\">\n\t\t\t\t\t<div class=\"elementor-column elementor-col-100 elementor-top-column elementor-element elementor-element-396a80ea\" data-id=\"396a80ea\" data-element_type=\"column\" data-e-type=\"column\">\n\t\t\t<div class=\"elementor-widget-wrap elementor-element-populated\">\n\t\t\t\t\t\t<div class=\"elementor-element elementor-element-2fdd2b78 elementor-widget elementor-widget-shortcode\" data-id=\"2fdd2b78\" data-element_type=\"widget\" data-e-type=\"widget\" data-widget_type=\"shortcode.default\">\n\t\t\t\t\t\t\t<div class=\"elementor-shortcode\"><nav aria-label=\"breadcrumbs\" class=\"rank-math-breadcrumb\"><p><span class=\"last\">Home<\/span><\/p><\/nav><\/div>\n\t\t\t\t\t\t<\/div>\n\t\t\t\t\t<\/div>\n\t\t<\/div>\n\t\t\t\t\t<\/div>\n\t\t<\/section>\n\t\t<div class=\"elementor-element elementor-element-70f5cbaa e-flex e-con-boxed e-con e-parent\" data-id=\"70f5cbaa\" data-element_type=\"container\" data-e-type=\"container\" data-settings=\"{&quot;background_background&quot;:&quot;classic&quot;}\">\n\t\t\t\t\t<div class=\"e-con-inner\">\n\t\t<div class=\"elementor-element elementor-element-743851fb e-flex e-con-boxed e-con e-child\" data-id=\"743851fb\" data-element_type=\"container\" data-e-type=\"container\">\n\t\t\t\t\t<div class=\"e-con-inner\">\n\t\t\t\t<div class=\"elementor-element elementor-element-5739498 elementor-widget elementor-widget-text-editor\" data-id=\"5739498\" data-element_type=\"widget\" data-e-type=\"widget\" data-widget_type=\"text-editor.default\">\n\t\t\t\t\t\t\t\t\t<p>\u00a1Conoce a nuestro equipo de m\u00e9dicos expertos dedicados a tu bienestar! <\/p>\n\t\t\t\t\t\t\t\t<\/div>\n\t\t\t\t\t<\/div>\n\t\t\t\t<\/div>\n\t\t<div class=\"elementor-element elementor-element-5ed94fec e-flex e-con-boxed e-con e-child\" data-id=\"5ed94fec\" data-element_type=\"container\" data-e-type=\"container\">\n\t\t\t\t\t<div class=\"e-con-inner\">\n\t\t<div class=\"elementor-element elementor-element-a452f6 e-flex e-con-boxed e-con e-child\" data-id=\"a452f6\" data-element_type=\"container\" data-e-type=\"container\">\n\t\t\t\t\t<div class=\"e-con-inner\">\n\t\t\t\t<div class=\"elementor-element elementor-element-5a36efee elementor-widget elementor-widget-image\" data-id=\"5a36efee\" data-element_type=\"widget\" data-e-type=\"widget\" data-widget_type=\"image.default\">\n\t\t\t\t\t\t\t\t\t\t\t\t\t\t\t\t<a href=\"\/es\/nuestro-equipo\/dr-erik-bendiks\/\" title=\"Dr. Erik Bendiks\">\n\t\t\t\t\t\t\t<img fetchpriority=\"high\" decoding=\"async\" width=\"350\" height=\"350\" src=\"https:\/\/www.gaspineortho.com\/wp-content\/uploads\/2020\/12\/erik-bendiks.webp\" class=\"attachment-large size-large wp-image-6398\" alt=\"\" srcset=\"https:\/\/www.gaspineortho.com\/wp-content\/uploads\/2020\/12\/erik-bendiks.webp 350w, https:\/\/www.gaspineortho.com\/wp-content\/uploads\/2020\/12\/erik-bendiks-300x300.webp 300w, https:\/\/www.gaspineortho.com\/wp-content\/uploads\/2020\/12\/erik-bendiks-150x150.webp 150w\" sizes=\"(max-width: 350px) 100vw, 350px\" \/>\t\t\t\t\t\t\t\t<\/a>\n\t\t\t\t\t\t\t\t\t\t\t\t\t\t\t<\/div>\n\t\t\t\t<div class=\"elementor-element elementor-element-64dbcba5 elementor-widget elementor-widget-heading\" data-id=\"64dbcba5\" data-element_type=\"widget\" data-e-type=\"widget\" data-widget_type=\"heading.default\">\n\t\t\t\t\t<h3 class=\"elementor-heading-title elementor-size-default\"><a href=\"https:\/\/www.gaspineortho.com\/meet-our-team\/dr-erik-bendiks\/\">Dr. Erik Bendiks<\/a><\/h3>\t\t\t\t<\/div>\n\t\t\t\t<div class=\"elementor-element elementor-element-5837d785 elementor-widget-divider--view-line elementor-widget elementor-widget-divider\" data-id=\"5837d785\" data-element_type=\"widget\" data-e-type=\"widget\" data-widget_type=\"divider.default\">\n\t\t\t\t\t\t\t<div class=\"elementor-divider\">\n\t\t\t<span class=\"elementor-divider-separator\">\n\t\t\t\t\t\t<\/span>\n\t\t<\/div>\n\t\t\t\t\t\t<\/div>\n\t\t\t\t<div class=\"elementor-element elementor-element-48672d6c elementor-widget elementor-widget-heading\" data-id=\"48672d6c\" data-element_type=\"widget\" data-e-type=\"widget\" data-widget_type=\"heading.default\">\n\t\t\t\t\t<div class=\"elementor-heading-title elementor-size-default\">Cirujano ortop\u00e9dico de columna certificado<\/div>\t\t\t\t<\/div>\n\t\t\t\t\t<\/div>\n\t\t\t\t<\/div>\n\t\t<div class=\"elementor-element elementor-element-3bb53d50 e-flex e-con-boxed e-con e-child\" data-id=\"3bb53d50\" data-element_type=\"container\" data-e-type=\"container\">\n\t\t\t\t\t<div class=\"e-con-inner\">\n\t\t\t\t<div class=\"elementor-element elementor-element-317a7281 elementor-widget elementor-widget-image\" data-id=\"317a7281\" data-element_type=\"widget\" data-e-type=\"widget\" data-widget_type=\"image.default\">\n\t\t\t\t\t\t\t\t\t\t\t\t\t\t\t\t<a href=\"\/es\/nuestro-equipo\/dr-vinson-smith\/\" title=\"Dr. Vinson Smith\">\n\t\t\t\t\t\t\t<img decoding=\"async\" width=\"350\" height=\"350\" src=\"https:\/\/www.gaspineortho.com\/wp-content\/uploads\/2020\/12\/vinson-smith.webp\" class=\"attachment-large size-large wp-image-6399\" alt=\"\" srcset=\"https:\/\/www.gaspineortho.com\/wp-content\/uploads\/2020\/12\/vinson-smith.webp 350w, https:\/\/www.gaspineortho.com\/wp-content\/uploads\/2020\/12\/vinson-smith-300x300.webp 300w, https:\/\/www.gaspineortho.com\/wp-content\/uploads\/2020\/12\/vinson-smith-150x150.webp 150w\" sizes=\"(max-width: 350px) 100vw, 350px\" \/>\t\t\t\t\t\t\t\t<\/a>\n\t\t\t\t\t\t\t\t\t\t\t\t\t\t\t<\/div>\n\t\t\t\t<div class=\"elementor-element elementor-element-3f0311a1 elementor-widget elementor-widget-heading\" data-id=\"3f0311a1\" data-element_type=\"widget\" data-e-type=\"widget\" data-widget_type=\"heading.default\">\n\t\t\t\t\t<h3 class=\"elementor-heading-title elementor-size-default\"><a href=\"https:\/\/www.gaspineortho.com\/meet-our-team\/dr-vinson-smith\/\">Dr. Vinson Smith<\/a><\/h3>\t\t\t\t<\/div>\n\t\t\t\t<div class=\"elementor-element elementor-element-68115da0 elementor-widget-divider--view-line elementor-widget elementor-widget-divider\" data-id=\"68115da0\" data-element_type=\"widget\" data-e-type=\"widget\" data-widget_type=\"divider.default\">\n\t\t\t\t\t\t\t<div class=\"elementor-divider\">\n\t\t\t<span class=\"elementor-divider-separator\">\n\t\t\t\t\t\t<\/span>\n\t\t<\/div>\n\t\t\t\t\t\t<\/div>\n\t\t\t\t<div class=\"elementor-element elementor-element-70b72ffe elementor-widget elementor-widget-heading\" data-id=\"70b72ffe\" data-element_type=\"widget\" data-e-type=\"widget\" data-widget_type=\"heading.default\">\n\t\t\t\t\t<div class=\"elementor-heading-title elementor-size-default\">Cirujano ortop\u00e9dico certificado<\/div>\t\t\t\t<\/div>\n\t\t\t\t\t<\/div>\n\t\t\t\t<\/div>\n\t\t<div class=\"elementor-element elementor-element-760e3b04 e-flex e-con-boxed e-con e-child\" data-id=\"760e3b04\" data-element_type=\"container\" data-e-type=\"container\">\n\t\t\t\t\t<div class=\"e-con-inner\">\n\t\t\t\t<div class=\"elementor-element elementor-element-5155fba4 elementor-widget elementor-widget-image\" data-id=\"5155fba4\" data-element_type=\"widget\" data-e-type=\"widget\" data-widget_type=\"image.default\">\n\t\t\t\t\t\t\t\t\t\t\t\t\t\t\t\t<a href=\"\/es\/nuestro-equipo\/dr-daryl-l-figa\/\" title=\"Dr. Daryl L. Figa\">\n\t\t\t\t\t\t\t<img decoding=\"async\" width=\"350\" height=\"350\" src=\"https:\/\/www.gaspineortho.com\/wp-content\/uploads\/2020\/12\/daryl-figa.webp\" class=\"attachment-large size-large wp-image-6400\" alt=\"\" srcset=\"https:\/\/www.gaspineortho.com\/wp-content\/uploads\/2020\/12\/daryl-figa.webp 350w, https:\/\/www.gaspineortho.com\/wp-content\/uploads\/2020\/12\/daryl-figa-300x300.webp 300w, https:\/\/www.gaspineortho.com\/wp-content\/uploads\/2020\/12\/daryl-figa-150x150.webp 150w\" sizes=\"(max-width: 350px) 100vw, 350px\" \/>\t\t\t\t\t\t\t\t<\/a>\n\t\t\t\t\t\t\t\t\t\t\t\t\t\t\t<\/div>\n\t\t\t\t<div class=\"elementor-element elementor-element-b872cd0 elementor-widget elementor-widget-heading\" data-id=\"b872cd0\" data-element_type=\"widget\" data-e-type=\"widget\" data-widget_type=\"heading.default\">\n\t\t\t\t\t<h3 class=\"elementor-heading-title elementor-size-default\"><a href=\"https:\/\/www.gaspineortho.com\/meet-our-team\/dr-daryl-l-figa\/\">Dr. Daryl L. Figa<\/a><\/h3>\t\t\t\t<\/div>\n\t\t\t\t<div class=\"elementor-element elementor-element-e584e91 elementor-widget-divider--view-line elementor-widget elementor-widget-divider\" data-id=\"e584e91\" data-element_type=\"widget\" data-e-type=\"widget\" data-widget_type=\"divider.default\">\n\t\t\t\t\t\t\t<div class=\"elementor-divider\">\n\t\t\t<span class=\"elementor-divider-separator\">\n\t\t\t\t\t\t<\/span>\n\t\t<\/div>\n\t\t\t\t\t\t<\/div>\n\t\t\t\t<div class=\"elementor-element elementor-element-7e4f6eff elementor-widget elementor-widget-heading\" data-id=\"7e4f6eff\" data-element_type=\"widget\" data-e-type=\"widget\" data-widget_type=\"heading.default\">\n\t\t\t\t\t<div class=\"elementor-heading-title elementor-size-default\">Certificado por la Junta en Medicina F\u00edsica y Rehabilitaci\u00f3n<\/div>\t\t\t\t<\/div>\n\t\t\t\t\t<\/div>\n\t\t\t\t<\/div>\n\t\t\t\t\t<\/div>\n\t\t\t\t<\/div>\n\t\t<div class=\"elementor-element elementor-element-2c5710e3 e-flex e-con-boxed e-con e-child\" data-id=\"2c5710e3\" data-element_type=\"container\" data-e-type=\"container\">\n\t\t\t\t\t<div class=\"e-con-inner\">\n\t\t<div class=\"elementor-element elementor-element-31f8ea18 e-flex e-con-boxed e-con e-child\" data-id=\"31f8ea18\" data-element_type=\"container\" data-e-type=\"container\">\n\t\t\t\t\t<div class=\"e-con-inner\">\n\t\t\t\t<div class=\"elementor-element elementor-element-6862cdb elementor-widget elementor-widget-image\" data-id=\"6862cdb\" data-element_type=\"widget\" data-e-type=\"widget\" data-widget_type=\"image.default\">\n\t\t\t\t\t\t\t\t\t\t\t\t\t\t\t\t<a href=\"\/es\/nuestro-equipo\/dr-stanley-tao\/\" title=\"Dr. Stanley Tao\">\n\t\t\t\t\t\t\t<img loading=\"lazy\" decoding=\"async\" width=\"350\" height=\"350\" src=\"https:\/\/www.gaspineortho.com\/wp-content\/uploads\/2020\/12\/stanley-tao.webp\" class=\"attachment-large size-large wp-image-6401\" alt=\"\" srcset=\"https:\/\/www.gaspineortho.com\/wp-content\/uploads\/2020\/12\/stanley-tao.webp 350w, https:\/\/www.gaspineortho.com\/wp-content\/uploads\/2020\/12\/stanley-tao-300x300.webp 300w, https:\/\/www.gaspineortho.com\/wp-content\/uploads\/2020\/12\/stanley-tao-150x150.webp 150w\" sizes=\"(max-width: 350px) 100vw, 350px\" \/>\t\t\t\t\t\t\t\t<\/a>\n\t\t\t\t\t\t\t\t\t\t\t\t\t\t\t<\/div>\n\t\t\t\t<div class=\"elementor-element elementor-element-3689cfdf elementor-widget elementor-widget-heading\" data-id=\"3689cfdf\" data-element_type=\"widget\" data-e-type=\"widget\" data-widget_type=\"heading.default\">\n\t\t\t\t\t<h3 class=\"elementor-heading-title elementor-size-default\"><a href=\"https:\/\/www.gaspineortho.com\/meet-our-team\/dr-stanley-tao\/\">Dr. Stanley Tao<\/a><\/h3>\t\t\t\t<\/div>\n\t\t\t\t<div class=\"elementor-element elementor-element-5babf9ef elementor-widget-divider--view-line elementor-widget elementor-widget-divider\" data-id=\"5babf9ef\" data-element_type=\"widget\" data-e-type=\"widget\" data-widget_type=\"divider.default\">\n\t\t\t\t\t\t\t<div class=\"elementor-divider\">\n\t\t\t<span class=\"elementor-divider-separator\">\n\t\t\t\t\t\t<\/span>\n\t\t<\/div>\n\t\t\t\t\t\t<\/div>\n\t\t\t\t<div class=\"elementor-element elementor-element-62db9c6d elementor-widget elementor-widget-heading\" data-id=\"62db9c6d\" data-element_type=\"widget\" data-e-type=\"widget\" data-widget_type=\"heading.default\">\n\t\t\t\t\t<div class=\"elementor-heading-title elementor-size-default\">Cirujano ortop\u00e9dico certificado<\/div>\t\t\t\t<\/div>\n\t\t\t\t\t<\/div>\n\t\t\t\t<\/div>\n\t\t<div class=\"elementor-element elementor-element-56435979 e-con-full e-flex e-con e-child\" data-id=\"56435979\" data-element_type=\"container\" data-e-type=\"container\">\n\t\t\t\t<div class=\"elementor-element elementor-element-d381965 elementor-widget elementor-widget-image\" data-id=\"d381965\" data-element_type=\"widget\" data-e-type=\"widget\" data-widget_type=\"image.default\">\n\t\t\t\t\t\t\t\t\t\t\t\t\t\t\t<img loading=\"lazy\" decoding=\"async\" width=\"350\" height=\"350\" src=\"https:\/\/www.gaspineortho.com\/wp-content\/uploads\/2025\/05\/ShenkmanBiophoto_CIRCLE-copy.webp\" class=\"attachment-large size-large wp-image-12311\" alt=\"Dr. Carl Shenkman\" srcset=\"https:\/\/www.gaspineortho.com\/wp-content\/uploads\/2025\/05\/ShenkmanBiophoto_CIRCLE-copy.webp 350w, https:\/\/www.gaspineortho.com\/wp-content\/uploads\/2025\/05\/ShenkmanBiophoto_CIRCLE-copy-300x300.webp 300w, https:\/\/www.gaspineortho.com\/wp-content\/uploads\/2025\/05\/ShenkmanBiophoto_CIRCLE-copy-150x150.webp 150w\" sizes=\"(max-width: 350px) 100vw, 350px\" \/>\t\t\t\t\t\t\t\t\t\t\t\t\t\t\t<\/div>\n\t\t\t\t<div class=\"elementor-element elementor-element-e8d6af3 elementor-widget elementor-widget-heading\" data-id=\"e8d6af3\" data-element_type=\"widget\" data-e-type=\"widget\" data-widget_type=\"heading.default\">\n\t\t\t\t\t<h3 class=\"elementor-heading-title elementor-size-default\">Dr. Carl Shenkman<\/h3>\t\t\t\t<\/div>\n\t\t\t\t<div class=\"elementor-element elementor-element-33b980d elementor-widget-divider--view-line elementor-widget elementor-widget-divider\" data-id=\"33b980d\" data-element_type=\"widget\" data-e-type=\"widget\" data-widget_type=\"divider.default\">\n\t\t\t\t\t\t\t<div class=\"elementor-divider\">\n\t\t\t<span class=\"elementor-divider-separator\">\n\t\t\t\t\t\t<\/span>\n\t\t<\/div>\n\t\t\t\t\t\t<\/div>\n\t\t\t\t<div class=\"elementor-element elementor-element-950a113 elementor-widget elementor-widget-heading\" data-id=\"950a113\" data-element_type=\"widget\" data-e-type=\"widget\" data-widget_type=\"heading.default\">\n\t\t\t\t\t<div class=\"elementor-heading-title elementor-size-default\">Neur\u00f3logo Certificado por la Junta<\/div>\t\t\t\t<\/div>\n\t\t\t\t<\/div>\n\t\t<div class=\"elementor-element elementor-element-637b45f0 e-flex e-con-boxed e-con e-child\" data-id=\"637b45f0\" data-element_type=\"container\" data-e-type=\"container\">\n\t\t\t\t\t<div class=\"e-con-inner\">\n\t\t\t\t<div class=\"elementor-element elementor-element-e89294b elementor-widget elementor-widget-image\" data-id=\"e89294b\" data-element_type=\"widget\" data-e-type=\"widget\" data-widget_type=\"image.default\">\n\t\t\t\t\t\t\t\t\t\t\t\t\t\t\t<img loading=\"lazy\" decoding=\"async\" width=\"350\" height=\"350\" src=\"https:\/\/www.gaspineortho.com\/wp-content\/uploads\/2020\/12\/dr-strong-new-copy.webp\" class=\"attachment-large size-large wp-image-12506\" alt=\"Dr. Christian Strong\" srcset=\"https:\/\/www.gaspineortho.com\/wp-content\/uploads\/2020\/12\/dr-strong-new-copy.webp 350w, https:\/\/www.gaspineortho.com\/wp-content\/uploads\/2020\/12\/dr-strong-new-copy-300x300.webp 300w, https:\/\/www.gaspineortho.com\/wp-content\/uploads\/2020\/12\/dr-strong-new-copy-150x150.webp 150w\" sizes=\"(max-width: 350px) 100vw, 350px\" \/>\t\t\t\t\t\t\t\t\t\t\t\t\t\t\t<\/div>\n\t\t\t\t<div class=\"elementor-element elementor-element-1f71cd0 elementor-widget elementor-widget-heading\" data-id=\"1f71cd0\" data-element_type=\"widget\" data-e-type=\"widget\" data-widget_type=\"heading.default\">\n\t\t\t\t\t<h3 class=\"elementor-heading-title elementor-size-default\">Dr. Christian Strong<\/h3>\t\t\t\t<\/div>\n\t\t\t\t<div class=\"elementor-element elementor-element-3bb1666 elementor-widget-divider--view-line elementor-widget elementor-widget-divider\" data-id=\"3bb1666\" data-element_type=\"widget\" data-e-type=\"widget\" data-widget_type=\"divider.default\">\n\t\t\t\t\t\t\t<div class=\"elementor-divider\">\n\t\t\t<span class=\"elementor-divider-separator\">\n\t\t\t\t\t\t<\/span>\n\t\t<\/div>\n\t\t\t\t\t\t<\/div>\n\t\t\t\t<div class=\"elementor-element elementor-element-e718819 elementor-widget elementor-widget-heading\" data-id=\"e718819\" data-element_type=\"widget\" data-e-type=\"widget\" data-widget_type=\"heading.default\">\n\t\t\t\t\t<div class=\"elementor-heading-title elementor-size-default\">Neurocirujano Certificado por la Junta<\/div>\t\t\t\t<\/div>\n\t\t\t\t\t<\/div>\n\t\t\t\t<\/div>\n\t\t\t\t\t<\/div>\n\t\t\t\t<\/div>\n\t\t\t\t\t<\/div>\n\t\t\t\t<\/div>\n\t\t<div class=\"elementor-element elementor-element-8779caf e-con-full e-flex e-con e-parent\" data-id=\"8779caf\" data-element_type=\"container\" data-e-type=\"container\">\n\t\t\t\t<div class=\"elementor-element elementor-element-27512d5 elementor-widget elementor-widget-template\" data-id=\"27512d5\" data-element_type=\"widget\" data-e-type=\"widget\" data-widget_type=\"template.default\">\n\t\t\t\t<div class=\"elementor-widget-container\">\n\t\t\t\t\t\t\t<div class=\"elementor-template\">\n\t\t\t\t\t<div data-elementor-type=\"container\" data-elementor-id=\"7119\" class=\"elementor elementor-7119 elementor-3637 elementor-3637\" data-elementor-post-type=\"elementor_library\">\n\t\t\t\t<div class=\"elementor-element elementor-element-4c52f7cc e-flex e-con-boxed e-con e-parent\" data-id=\"4c52f7cc\" data-element_type=\"container\" data-e-type=\"container\" data-settings=\"{&quot;background_background&quot;:&quot;classic&quot;}\">\n\t\t\t\t\t<div class=\"e-con-inner\">\n\t\t<div class=\"elementor-element elementor-element-3835e73d e-con-full e-flex e-con e-child\" data-id=\"3835e73d\" data-element_type=\"container\" data-e-type=\"container\">\n\t\t\t\t<div class=\"elementor-element elementor-element-39b18a75 elementor-widget elementor-widget-heading\" data-id=\"39b18a75\" data-element_type=\"widget\" data-e-type=\"widget\" data-widget_type=\"heading.default\">\n\t\t\t\t\t<h2 class=\"elementor-heading-title elementor-size-default\">PROGRAMA TU CITA EN L\u00cdNEA<\/h2>\t\t\t\t<\/div>\n\t\t\t\t<\/div>\n\t\t<div class=\"elementor-element elementor-element-237dfcab e-con-full e-flex e-con e-child\" data-id=\"237dfcab\" data-element_type=\"container\" data-e-type=\"container\">\n\t\t\t\t<div class=\"elementor-element elementor-element-55d37c8e elementor-align-center elementor-widget elementor-widget-button\" data-id=\"55d37c8e\" data-element_type=\"widget\" data-e-type=\"widget\" data-widget_type=\"button.default\">\n\t\t\t\t\t\t\t\t\t\t<a class=\"elementor-button elementor-button-link elementor-size-lg\" href=\"\/es\/solicitar-cita\/\">\n\t\t\t\t\t\t<span class=\"elementor-button-content-wrapper\">\n\t\t\t\t\t\t\t\t\t<span class=\"elementor-button-text\">Solicitar cita<\/span>\n\t\t\t\t\t<\/span>\n\t\t\t\t\t<\/a>\n\t\t\t\t\t\t\t\t<\/div>\n\t\t\t\t<\/div>\n\t\t\t\t\t<\/div>\n\t\t\t\t<\/div>\n\t\t\t\t<\/div>\n\t\t\t\t<\/div>\n\t\t\t\t\t\t<\/div>\n\t\t\t\t<\/div>\n\t\t\t\t<\/div>\n\t\t\t\t<\/div>\n\t\t","protected":false},"excerpt":{"rendered":"<p>\u00a1Conoce a nuestro equipo de m\u00e9dicos expertos dedicados a tu bienestar! Dr. Erik Bendiks Cirujano ortop\u00e9dico de columna certificado Dr. Vinson Smith Cirujano ortop\u00e9dico certificado Dr. Daryl L. Figa Certificado por la Junta en Medicina F\u00edsica y Rehabilitaci\u00f3n Dr. Stanley Tao Cirujano ortop\u00e9dico certificado Dr. Carl Shenkman Neur\u00f3logo Certificado por la Junta Dr. Christian Strong [&hellip;]<\/p>\n","protected":false},"author":22,"featured_media":0,"parent":0,"menu_order":13,"comment_status":"closed","ping_status":"closed","template":"elementor_header_footer","meta":{"_acf_changed":false,"footnotes":""},"categories":[],"tags":[],"class_list":["post-7114","page","type-page","status-publish","hentry"],"acf":[],"_links":{"self":[{"href":"https:\/\/www.gaspineortho.com\/es\/wp-json\/wp\/v2\/pages\/7114","targetHints":{"allow":["GET"]}}],"collection":[{"href":"https:\/\/www.gaspineortho.com\/es\/wp-json\/wp\/v2\/pages"}],"about":[{"href":"https:\/\/www.gaspineortho.com\/es\/wp-json\/wp\/v2\/types\/page"}],"author":[{"embeddable":true,"href":"https:\/\/www.gaspineortho.com\/es\/wp-json\/wp\/v2\/users\/22"}],"replies":[{"embeddable":true,"href":"https:\/\/www.gaspineortho.com\/es\/wp-json\/wp\/v2\/comments?post=7114"}],"version-history":[{"count":40,"href":"https:\/\/www.gaspineortho.com\/es\/wp-json\/wp\/v2\/pages\/7114\/revisions"}],"predecessor-version":[{"id":12514,"href":"https:\/\/www.gaspineortho.com\/es\/wp-json\/wp\/v2\/pages\/7114\/revisions\/12514"}],"wp:attachment":[{"href":"https:\/\/www.gaspineortho.com\/es\/wp-json\/wp\/v2\/media?parent=7114"}],"wp:term":[{"taxonomy":"category","embeddable":true,"href":"https:\/\/www.gaspineortho.com\/es\/wp-json\/wp\/v2\/categories?post=7114"},{"taxonomy":"post_tag","embeddable":true,"href":"https:\/\/www.gaspineortho.com\/es\/wp-json\/wp\/v2\/tags?post=7114"}],"curies":[{"name":"wp","href":"https:\/\/api.w.org\/{rel}","templated":true}]}}