{"id":6889,"date":"2024-05-16T14:28:48","date_gmt":"2024-05-16T19:28:48","guid":{"rendered":"https:\/\/www.gaspineortho.com\/car-accident-injury-treatment-2\/"},"modified":"2024-09-09T13:49:23","modified_gmt":"2024-09-09T18:49:23","slug":"tratamiento-de-lesiones-por-accidente-de-automovilismo","status":"publish","type":"page","link":"https:\/\/www.gaspineortho.com\/es\/college-park\/tratamiento-de-lesiones-por-accidente-de-automovilismo\/","title":{"rendered":"Tratamiento de lesiones por accidentes automovil\u00edsticos en College Park"},"content":{"rendered":"<p>Los accidentes automovil\u00edsticos son eventos traum\u00e1ticos que pueden dejar cicatrices tanto emocionales como f\u00edsicas. Lamentablemente, este tipo de incidentes son comunes. Seg\u00fan el Departamento de Salud P\u00fablica de Georgia, los accidentes automovil\u00edsticos son la segunda causa principal de visitas a las salas de emergencia relacionadas con lesiones en Georgia. Incluso las colisiones aparentemente menores pueden provocar lesiones graves que pueden no manifestarse de inmediato, como latigazo cervical, hemorragia interna y lesi\u00f3n cerebral traum\u00e1tica.<\/p>\n<p>Cada lesi\u00f3n es distinta. Las lesiones por accidentes automovil\u00edsticos difieren de otros tipos de lesiones, e incluso de las sufridas por otras v\u00edctimas de accidentes. El diagn\u00f3stico adecuado y el tratamiento oportuno son cruciales para abordar sus s\u00edntomas espec\u00edficos de manera efectiva.<\/p>\n<p>Despu\u00e9s de un accidente automovil\u00edstico en College Park, Georgia Spine &amp; La ortopedia ofrece atenci\u00f3n especializada. Nuestros expertos eval\u00faan y tratan lesiones comunes por accidentes automovil\u00edsticos, incluidas lesiones ortop\u00e9dicas y neurol\u00f3gicas como fracturas y conmociones cerebrales. Adoptamos un enfoque individualizado del tratamiento, ofreciendo una amplia gama de opciones adaptadas a sus necesidades espec\u00edficas.<\/p>\n<p>Para un tratamiento personalizado de accidentes automovil\u00edsticos, cont\u00e1ctenos al [tel\u00e9fono].<\/p>\n<h2>Tipos comunes de lesiones por accidentes automovil\u00edsticos<\/h2>\n<p>Los accidentes automovil\u00edsticos pueden causar diversas lesiones ortop\u00e9dicas y neurol\u00f3gicas, cada una con s\u00edntomas \u00fanicos que requieren tratamientos espec\u00edficos. Incluso las colisiones aparentemente menores pueden provocar lesiones graves que pueden no manifestarse de inmediato, como <a href=\"https:\/\/www.gaspineortho.com\/whiplash-injury\/\">latigazo cervical<\/a> y lesi\u00f3n cerebral traum\u00e1tica.<\/p>\n<p>A continuaci\u00f3n se muestran algunas lesiones comunes que vemos y tratamos.<\/p>\n<h3>Lesiones ortop\u00e9dicas<\/h3>\n<p>Las lesiones ortop\u00e9dicas afectan el sistema musculoesquel\u00e9tico, incluidos huesos, m\u00fasculos, ligamentos, tendones y articulaciones. Estas lesiones son comunes en accidentes automovil\u00edsticos debido a las fuerzas repentinas y violentas de la colisi\u00f3n.<\/p>\n<p>Los factores que contribuyen a la prevalencia de lesiones ortop\u00e9dicas en accidentes automovil\u00edsticos en Georgia incluyen:<\/p>\n<ul>\n<li>Fuerzas de alto impacto<\/li>\n<li>Deformaci\u00f3n del veh\u00edculo<\/li>\n<li>Colisiones secundarias y eyecciones<\/li>\n<li>Fuerzas del cintur\u00f3n de seguridad y del airbag<\/li>\n<\/ul>\n<p>Algunas lesiones ortop\u00e9dicas comunes incluyen:<\/p>\n<h4>Fracturas<\/h4>\n<p>Las fracturas son roturas de huesos que pueden resultar del impacto de un accidente automovil\u00edstico. Los s\u00edntomas incluyen:<\/p>\n<ul>\n<li>Dolor y sensibilidad en el lugar de la lesi\u00f3n<\/li>\n<li>Hinchaz\u00f3n y hematomas<\/li>\n<li>Deformidad o desalineaci\u00f3n visible<\/li>\n<li>Dificultad para mover la zona afectada<\/li>\n<\/ul>\n<h4>Lesiones de tejidos blandos<\/h4>\n<p>Las lesiones de tejidos blandos implican da\u00f1o a m\u00fasculos, ligamentos y tendones. Estos pueden manifestarse como:<\/p>\n<ul>\n<li>Dolor y sensibilidad<\/li>\n<li>Hinchaz\u00f3n e inflamaci\u00f3n<\/li>\n<li>Rango de movimiento restringido<\/li>\n<li>Espasmos musculares<\/li>\n<\/ul>\n<p><a href=\"https:\/\/www.gaspineortho.com\/wp-content\/uploads\/2024\/05\/shutterstock_2154839175-min.jpg\"><img fetchpriority=\"high\" decoding=\"async\" class=\"alignnone size-full wp-image-5800\" src=\"https:\/\/www.gaspineortho.com\/wp-content\/uploads\/2024\/05\/shutterstock_2154839175-min.jpg\" alt=\"Car Accident Injury\" width=\"500\" height=\"334\" srcset=\"https:\/\/www.gaspineortho.com\/wp-content\/uploads\/2024\/05\/shutterstock_2154839175-min.jpg 500w, https:\/\/www.gaspineortho.com\/wp-content\/uploads\/2024\/05\/shutterstock_2154839175-min-300x200.jpg 300w\" sizes=\"(max-width: 500px) 100vw, 500px\" \/><\/a><\/p>\n<h4>Lesiones de la m\u00e9dula espinal (LME)<\/h4>\n<p>La LME puede ocurrir cuando un traumatismo <a href=\"https:\/\/www.gaspineortho.com\/spine-injury\/\">da\u00f1a la m\u00e9dula espinal<\/a>. Los s\u00edntomas var\u00edan seg\u00fan la ubicaci\u00f3n y la gravedad de la lesi\u00f3n y pueden incluir:<\/p>\n<ul>\n<li>P\u00e9rdida parcial o completa de la sensaci\u00f3n y la funci\u00f3n motora debajo del lugar de la lesi\u00f3n<\/li>\n<li>Disfunci\u00f3n intestinal y vesical<\/li>\n<li>Dificultad para respirar, en casos graves<\/li>\n<\/ul>\n<p>Otras lesiones ortop\u00e9dicas incluyen:<\/p>\n<ul>\n<li><a href=\"https:\/\/www.gaspineortho.com\/knee-injury\/\">Lesiones de rodilla<\/a><\/li>\n<li><a href=\"https:\/\/www.gaspineortho.com\/back-injury\/\">Lesiones de espalda<\/a><\/li>\n<\/ul>\n<h3>Lesiones neurol\u00f3gicas<\/h3>\n<p>Si sufre una <a href=\"https:\/\/www.gaspineortho.com\/head-injury\/\">lesi\u00f3n en la cabeza<\/a> en un accidente automovil\u00edstico, podr\u00eda experimentar problemas neurol\u00f3gicos. Es importante consultar a un <a href=\"https:\/\/www.gaspineortho.com\/college-park\/neurology\/\">neur\u00f3logo de College Park<\/a> para recibir la atenci\u00f3n adecuada.<\/p>\n<h4>Lesi\u00f3n cerebral traum\u00e1tica (TBI)<\/h4>\n<p>Las TBI son el resultado de impactos repentinos o sacudidas violentas en la cabeza. Los s\u00edntomas pueden variar y pueden incluir:<\/p>\n<ul>\n<li>Dolores de cabeza<\/li>\n<li>Mareos y v\u00e9rtigo<\/li>\n<li>Confusi\u00f3n y desorientaci\u00f3n<\/li>\n<li>Problemas de memoria y dificultad para concentrarse<\/li>\n<li>N\u00e1useas o v\u00f3mitos<\/li>\n<\/ul>\n<h4>Conmoci\u00f3n cerebral<\/h4>\n<p>Las conmociones cerebrales son un tipo de lesi\u00f3n cerebral traum\u00e1tica leve y pueden ocurrir sin un impacto directo en la cabeza. Los s\u00edntomas incluyen:<\/p>\n<ul>\n<li>Dolores de cabeza<\/li>\n<li>Sensibilidad a la luz y al ruido<\/li>\n<li>N\u00e1useas o v\u00f3mitos<\/li>\n<li>Dificultad para concentrarse y problemas de memoria<\/li>\n<li>Fatiga y alteraciones del sue\u00f1o<\/li>\n<\/ul>\n<h4>Lesiones de los nervios perif\u00e9ricos<\/h4>\n<p>Estas lesiones afectan los nervios fuera del cerebro y la m\u00e9dula espinal. Los s\u00edntomas incluyen:<\/p>\n<ul>\n<li>Dolor, hormigueo o entumecimiento en la zona afectada<\/li>\n<li>Debilidad o par\u00e1lisis de los m\u00fasculos controlados por los nervios afectados<\/li>\n<li>P\u00e9rdida de reflejos<\/li>\n<li>Dificultad con la motricidad fina<\/li>\n<\/ul>\n<p>Las lesiones por accidentes automovil\u00edsticos pueden afectar gravemente la movilidad, la funci\u00f3n y el bienestar f\u00edsico, cognitivo y emocional de un individuo. La evaluaci\u00f3n m\u00e9dica inmediata y el tratamiento adecuado son esenciales para controlar estas lesiones, prevenir complicaciones y promover mejores resultados de recuperaci\u00f3n para usted o un ser querido despu\u00e9s de un accidente automovil\u00edstico.<\/p>\n<h2>Nuestros tratamientos para lesiones por accidentes automovil\u00edsticos<\/h2>\n<p><a href=\"https:\/\/www.gaspineortho.com\/wp-content\/uploads\/2024\/05\/shutterstock_2336863569-min.jpg\"><img decoding=\"async\" class=\"alignnone size-full wp-image-5804\" src=\"https:\/\/www.gaspineortho.com\/wp-content\/uploads\/2024\/05\/shutterstock_2336863569-min.jpg\" alt=\"College Park Car Accident Injury Treatment\" width=\"500\" height=\"367\" srcset=\"https:\/\/www.gaspineortho.com\/wp-content\/uploads\/2024\/05\/shutterstock_2336863569-min.jpg 500w, https:\/\/www.gaspineortho.com\/wp-content\/uploads\/2024\/05\/shutterstock_2336863569-min-300x220.jpg 300w\" sizes=\"(max-width: 500px) 100vw, 500px\" \/><\/a><\/p>\n<p>Los accidentes automovil\u00edsticos imponen una tensi\u00f3n f\u00edsica y emocional significativa, incluso cuando las lesiones parecen menores. En Georgia Spine &amp; Ortopedia, nuestro dedicado equipo de m\u00e9dicos ortop\u00e9dicos, cirujanos y fisioterapeutas se dedica a brindar atenci\u00f3n de primer nivel para las lesiones resultantes de accidentes automovil\u00edsticos. Con especialistas capacitados en nuestro equipo, poseemos la experiencia necesaria para facilitar su viaje de recuperaci\u00f3n.<\/p>\n<p>Entendemos que no existe un enfoque de tratamiento \u00fanico para todos. Por lo tanto, nuestro equipo colabora con usted para desarrollar planes de tratamiento personalizados que brinden resultados inigualables. Ofrecemos una amplia gama de intervenciones para abordar las lesiones ortop\u00e9dicas y neurol\u00f3gicas sufridas en accidentes automovil\u00edsticos, que incluyen:<\/p>\n<h3>Gesti\u00f3n de medicamentos<\/h3>\n<p>El manejo de medicamentos utiliza medicamentos para tratar una lesi\u00f3n o afecci\u00f3n. En casos de accidentes automovil\u00edsticos, se pueden recetar medicamentos para aliviar el dolor o facilitar la curaci\u00f3n. Por ejemplo, si sufre una fractura de tobillo, su ortopedista podr\u00eda recomendarle medicamentos para reducir la hinchaz\u00f3n, aliviar el dolor y reducir la inflamaci\u00f3n.<\/p>\n<p>Del mismo modo, si sufre una conmoci\u00f3n cerebral, su m\u00e9dico puede recetarle medicamentos destinados a controlar los s\u00edntomas. Si bien es beneficioso, el manejo de la medicaci\u00f3n conlleva riesgos potenciales, como la posibilidad de desarrollar dependencia.<\/p>\n<h3>Cirug\u00eda<\/h3>\n<p>Despu\u00e9s de un accidente automovil\u00edstico, se pueden considerar varios procedimientos de <a href=\"https:\/\/www.gaspineortho.com\/college-park\/orthopedic-surgery\/\">cirug\u00eda ortop\u00e9dica<\/a>, incluida la cirug\u00eda m\u00ednimamente invasiva y la reconstrucci\u00f3n quir\u00fargica. Nuestros especialistas pueden utilizar la cirug\u00eda artrosc\u00f3pica, que ofrece per\u00edodos de recuperaci\u00f3n m\u00e1s r\u00e1pidos y menos dolor en comparaci\u00f3n con los m\u00e9todos tradicionales.<\/p>\n<p>Ejemplos de opciones de cirug\u00eda ortop\u00e9dica de extremidades incluyen:<\/p>\n<ul>\n<li>Artroscopia de hombro<\/li>\n<li>Manguito rotador de desbridamiento limitado<\/li>\n<li>Reparaci\u00f3n de lesi\u00f3n SLAP<\/li>\n<li>Meniscectom\u00eda de rodilla<\/li>\n<li>Liberaci\u00f3n del t\u00fanel carpiano<\/li>\n<li>Reparaci\u00f3n de sinovectom\u00eda parcial<\/li>\n<li>Meniscectom\u00eda de rodilla, incluida la reparaci\u00f3n del ligamento cruzado anterior mediante afeitado<\/li>\n<\/ul>\n<p>Adem\u00e1s, se pueden realizar ciertas cirug\u00edas neurol\u00f3gicas despu\u00e9s de un accidente automovil\u00edstico para tratar lesiones en el cerebro o la m\u00e9dula espinal. Estas cirug\u00edas incluyen:<\/p>\n<ul>\n<li><strong>Craniectom\u00eda descompresiva<\/strong>: alivia la presi\u00f3n sobre el cerebro al extirpar parte del cr\u00e1neo.<\/li>\n<li><strong>Fusi\u00f3n espinal:<\/strong> estabiliza y fusiona las v\u00e9rtebras de la columna.<\/li>\n<li><strong>Cirug\u00eda de hernia de disco:<\/strong> Procedimientos de discectom\u00eda o laminectom\u00eda para extirpar o reparar <a href=\"https:\/\/www.mayoclinic.org\/diseases-conditions\/herniated-disk\/symptoms-causes\/syc -20354095\" target=\"_blank\" rel=\"noopener\">hernias discales<\/a>, aliviando la presi\u00f3n sobre los nervios.<\/li>\n<li><strong>Neuroestimulaci\u00f3n:<\/strong> dispositivos implantados para enviar se\u00f1ales el\u00e9ctricas al sistema nervioso, controlando el dolor cr\u00f3nico o los s\u00edntomas neurol\u00f3gicos.<\/li>\n<\/ul>\n<h3>Manejo intervencionista del dolor<\/h3>\n<p>El manejo intervencionista del dolor incluye procedimientos m\u00ednimamente invasivos destinados a aliviar el dolor asociado con las lesiones por accidentes automovil\u00edsticos. Nuestro objetivo es ayudar a las v\u00edctimas de lesiones en su proceso de recuperaci\u00f3n restaurando la funci\u00f3n y permitiendo actividades diarias libres de molestias.<\/p>\n<p>Despu\u00e9s de un examen y revisi\u00f3n exhaustivos de MRI\/<a href=\"https:\/\/gaspineortho.kinsta .cloud\/es\/x-ray-services\/\">hallazgos de rayos X<\/a>, nuestro <a href=\"https:\/\/www.gaspineortho.com\/college-park\/pain-management\/\">manejo del dolor Los especialistas en College Park<\/a> pueden realizar procedimientos para mitigar el dolor despu\u00e9s de un accidente automovil\u00edstico, que incluyen:<\/p>\n<ul>\n<li>Inyecci\u00f3n epidural de esteroides<\/li>\n<li>Neurotom\u00eda por radiofrecuencia<\/li>\n<li>Bloqueo de faceta y rama medial<\/li>\n<li>Inyecci\u00f3n de esteroides en articulaciones grandes<\/li>\n<li>Inyecciones en puntos gatillo<\/li>\n<\/ul>\n<h2>\u00bfCu\u00e1ndo deber\u00eda buscar tratamiento por accidente automovil\u00edstico?<\/h2>\n<p>Conocer el alcance de su lesi\u00f3n es el primer paso para tratar y recuperarse de un accidente automovil\u00edstico. Para su bienestar y caso de lesiones personales, busque tratamiento lo antes posible. El tratamiento inmediato garantiza que sus lesiones se diagnostiquen, traten y documenten exhaustivamente correctamente.<\/p>\n<h2>\u00bfCu\u00e1nto tiempo tienes para ir al m\u00e9dico despu\u00e9s de un accidente automovil\u00edstico en Georgia?<\/h2>\n<p>No existe una fecha l\u00edmite espec\u00edfica para consultar a un m\u00e9dico despu\u00e9s de un accidente. Algunas compa\u00f1\u00edas de seguros permiten aproximadamente una semana para que el tratamiento est\u00e9 cubierto. Sin embargo, buscar tratamiento de inmediato o dentro de las 24 horas es lo mejor para su bienestar y para evitar restricciones del seguro.<\/p>\n<p>No buscar atenci\u00f3n m\u00e9dica inmediata permite que la parte responsable socave su caso al sugerir:<\/p>\n<ul>\n<li>Sufriste la lesi\u00f3n en otro lugar despu\u00e9s del accidente pero antes de buscar tratamiento.<\/li>\n<li>La lesi\u00f3n es anterior al accidente automovil\u00edstico.<\/li>\n<li>No sufri\u00f3 ninguna lesi\u00f3n en el accidente y est\u00e1 inventando dolor para respaldar su reclamo.<\/li>\n<\/ul>\n<p>Para evitar estas afirmaciones y acelerar la recuperaci\u00f3n, busque tratamiento de inmediato. Abordar las posibles lesiones con prontitud, incluso si los s\u00edntomas no est\u00e1n presentes inicialmente, muestra un enfoque proactivo para proteger la salud despu\u00e9s de un accidente. La evaluaci\u00f3n m\u00e9dica temprana puede revelar la ocurrencia de lesiones tard\u00edas, que a menudo se observan en tales incidentes.<\/p>\n<p>La atenci\u00f3n m\u00e9dica de urgencia tambi\u00e9n establece un registro documentado de su consulta y tratamiento posterior, evidenciando posiblemente lesiones posteriores que necesiten intervenci\u00f3n m\u00e9dica. Realizar un seguimiento de cada cita m\u00e9dica y sesi\u00f3n de tratamiento es vital para respaldar su reclamo por accidente automovil\u00edstico.<\/p>\n<h2>\u00bfPor qu\u00e9 elegirnos para tratar sus lesiones por accidentes automovil\u00edsticos?<\/h2>\n<p>En Georgia Spine &amp; Ortopedia, nos enfocamos en su bienestar f\u00edsico y comodidad emocional durante el proceso de curaci\u00f3n. Estamos aqu\u00ed para ofrecerle atenci\u00f3n y apoyo compasivos mientras se recupera.<\/p>\n<p>Nuestro objetivo es colaborar con usted durante todo el proceso de recuperaci\u00f3n, desde el diagn\u00f3stico hasta el tratamiento, garantizando que reciba la atenci\u00f3n y el apoyo adecuados en cada paso del camino.<\/p>\n<h2>P\u00f3ngase en contacto con Georgia Spine &amp; Ortopedia para el tratamiento r\u00e1pido de lesiones por accidentes automovil\u00edsticos en College Park<\/h2>\n<p>Aunque un accidente automovil\u00edstico es un evento grave y que a menudo cambia la vida, es posible que usted o un ser querido lesionado se recupere y siga adelante con sus vidas. La intervenci\u00f3n temprana es la clave para la recuperaci\u00f3n, comenzando con una evaluaci\u00f3n por parte de un especialista de <a href=\"https:\/\/www.gaspineortho.com\/es\/\">Georgia Spine &amp; M\u00e9dico ortopedista<\/a>.<\/p>\n<p>Nuestro compromiso es brindar atenci\u00f3n personalizada, atenci\u00f3n compasiva y opciones de tratamiento excepcionales. Si bien una colisi\u00f3n vehicular puede ser angustiosa, es esencial recordar que nuestro experimentado equipo de m\u00e9dicos est\u00e1 aqu\u00ed para ayudarlo a recuperar el equilibrio.<\/p>\n<p>La recuperaci\u00f3n es posible y nos dedicamos a identificar estrategias para reducir el dolor, mejorar la movilidad y apoyar su proceso de recuperaci\u00f3n despu\u00e9s del accidente automovil\u00edstico.<\/p>\n<p>Cont\u00e1ctenos al [tel\u00e9fono] para programar una cita.<\/p>\n","protected":false},"excerpt":{"rendered":"<p>Los accidentes automovil\u00edsticos son eventos traum\u00e1ticos que pueden dejar cicatrices tanto emocionales como f\u00edsicas. Lamentablemente, este tipo de incidentes son comunes. Seg\u00fan el Departamento de Salud P\u00fablica de Georgia, los accidentes automovil\u00edsticos son la segunda causa principal de visitas a las salas de emergencia relacionadas con lesiones en Georgia. Incluso las colisiones aparentemente menores pueden [&hellip;]<\/p>\n","protected":false},"author":44,"featured_media":0,"parent":7563,"menu_order":0,"comment_status":"closed","ping_status":"closed","template":"","meta":{"_acf_changed":false,"footnotes":""},"categories":[],"tags":[],"class_list":["post-6889","page","type-page","status-publish","hentry"],"acf":[],"_links":{"self":[{"href":"https:\/\/www.gaspineortho.com\/es\/wp-json\/wp\/v2\/pages\/6889","targetHints":{"allow":["GET"]}}],"collection":[{"href":"https:\/\/www.gaspineortho.com\/es\/wp-json\/wp\/v2\/pages"}],"about":[{"href":"https:\/\/www.gaspineortho.com\/es\/wp-json\/wp\/v2\/types\/page"}],"author":[{"embeddable":true,"href":"https:\/\/www.gaspineortho.com\/es\/wp-json\/wp\/v2\/users\/44"}],"replies":[{"embeddable":true,"href":"https:\/\/www.gaspineortho.com\/es\/wp-json\/wp\/v2\/comments?post=6889"}],"version-history":[{"count":5,"href":"https:\/\/www.gaspineortho.com\/es\/wp-json\/wp\/v2\/pages\/6889\/revisions"}],"predecessor-version":[{"id":9385,"href":"https:\/\/www.gaspineortho.com\/es\/wp-json\/wp\/v2\/pages\/6889\/revisions\/9385"}],"up":[{"embeddable":true,"href":"https:\/\/www.gaspineortho.com\/es\/wp-json\/wp\/v2\/pages\/7563"}],"wp:attachment":[{"href":"https:\/\/www.gaspineortho.com\/es\/wp-json\/wp\/v2\/media?parent=6889"}],"wp:term":[{"taxonomy":"category","embeddable":true,"href":"https:\/\/www.gaspineortho.com\/es\/wp-json\/wp\/v2\/categories?post=6889"},{"taxonomy":"post_tag","embeddable":true,"href":"https:\/\/www.gaspineortho.com\/es\/wp-json\/wp\/v2\/tags?post=6889"}],"curies":[{"name":"wp","href":"https:\/\/api.w.org\/{rel}","templated":true}]}}