{"id":6888,"date":"2024-05-16T14:29:51","date_gmt":"2024-05-16T19:29:51","guid":{"rendered":"https:\/\/www.gaspineortho.com\/car-accident-injury-treatment-2\/"},"modified":"2024-06-01T14:10:18","modified_gmt":"2024-06-01T19:10:18","slug":"tratamiento-de-lesiones-por-accidente-de-automovilismo","status":"publish","type":"page","link":"https:\/\/www.gaspineortho.com\/es\/marietta\/tratamiento-de-lesiones-por-accidente-de-automovilismo\/","title":{"rendered":"Tratamiento de lesiones por accidentes automovil\u00edsticos en Marietta"},"content":{"rendered":"<p>Los accidentes automovil\u00edsticos son eventos angustiosos que pueden dejar impactos f\u00edsicos y emocionales duraderos. Seg\u00fan el Departamento de Salud P\u00fablica de Georgia, los accidentes automovil\u00edsticos son la segunda causa principal de visitas a las salas de emergencia relacionadas con lesiones en el estado.<\/p>\n<p>Es posible que las lesiones graves, como latigazo cervical, hemorragia interna y lesi\u00f3n cerebral traum\u00e1tica, no presenten s\u00edntomas de inmediato, por lo que es fundamental buscar una evaluaci\u00f3n m\u00e9dica inmediata.<\/p>\n<p>Despu\u00e9s de un accidente en Marietta, recibir tratamiento experto de Georgia Spine &amp; La ortopedia es imprescindible. Nuestros especialistas capacitados brindan atenci\u00f3n integral para lesiones relacionadas con accidentes automovil\u00edsticos, incluidos da\u00f1os ortop\u00e9dicos y <a href=\"https:\/\/www.gaspineortho.com\/marietta\/neurology\/\">neurol\u00f3gicos<\/a>.<\/p>\n<p>Adoptamos un enfoque individualizado, asegur\u00e1ndonos de que reciba la mejor atenci\u00f3n para sus necesidades espec\u00edficas. Para un tratamiento personalizado de accidentes automovil\u00edsticos, cont\u00e1ctenos al [tel\u00e9fono].<\/p>\n<h2>Common Car Accident Injuries<\/h2>\n<p><img fetchpriority=\"high\" decoding=\"async\" class=\"alignnone wp-image-3335\" src=\"https:\/\/www.gaspineortho.com\/wp-content\/uploads\/2020\/12\/hp-hero-v3.webp\" alt=\"Georgia Spine &amp; Orthopaedics | Car Accident Doctors, Orthopaedics, Chiropractors, Neurology\" width=\"500\" height=\"196\" srcset=\"https:\/\/www.gaspineortho.com\/wp-content\/uploads\/2020\/12\/hp-hero-v3.webp 1400w, https:\/\/www.gaspineortho.com\/wp-content\/uploads\/2020\/12\/hp-hero-v3-300x118.webp 300w, https:\/\/www.gaspineortho.com\/wp-content\/uploads\/2020\/12\/hp-hero-v3-1024x402.webp 1024w, https:\/\/www.gaspineortho.com\/wp-content\/uploads\/2020\/12\/hp-hero-v3-768x302.webp 768w\" sizes=\"(max-width: 500px) 100vw, 500px\" \/><\/p>\n<p>Las personas involucradas en accidentes automovil\u00edsticos pueden sufrir una variedad de lesiones ortop\u00e9dicas y neurol\u00f3gicas, cada una de las cuales requiere tratamiento especializado. Tratamos muchos tipos de lesiones, incluyendo:<\/p>\n<h3>Lesiones ortop\u00e9dicas comunes:<\/h3>\n<p>Las lesiones ortop\u00e9dicas alteran el sistema musculoesquel\u00e9tico: huesos, m\u00fasculos, ligamentos, tendones y articulaciones. Este tipo de lesiones son frecuentes en los accidentes automovil\u00edsticos debido a las intensas fuerzas involucradas.<\/p>\n<h4>1. Fracturas:<\/h4>\n<p>Las fracturas \u00f3seas son comunes en los accidentes automovil\u00edsticos. Los signos incluyen:<\/p>\n<ul>\n<li>Dolor y sensibilidad<\/li>\n<li>Hinchaz\u00f3n y hematomas<\/li>\n<li>Deformidad \u00f3sea visible<\/li>\n<li>Movimiento restringido<\/li>\n<\/ul>\n<h4>2. Lesiones de tejidos blandos:<\/h4>\n<p>Estas lesiones afectan a m\u00fasculos, ligamentos y tendones, present\u00e1ndose como:<\/p>\n<ul>\n<li>Dolor y malestar<\/li>\n<li>Hinchaz\u00f3n e inflamaci\u00f3n<\/li>\n<li>Rango de movimiento limitado<\/li>\n<li>Espasmos musculares<\/li>\n<\/ul>\n<h4>3. Lesiones de la m\u00e9dula espinal (LME):<\/h4>\n<p>El da\u00f1o a la m\u00e9dula espinal puede tener consecuencias graves. Los s\u00edntomas pueden incluir:<\/p>\n<ul>\n<li>P\u00e9rdida de sensaci\u00f3n o movimiento por debajo del nivel de la lesi\u00f3n<\/li>\n<li>Disfunci\u00f3n intestinal y vesical<\/li>\n<li>Dificultades respiratorias en casos graves<\/li>\n<\/ul>\n<p>Otras lesiones ortop\u00e9dicas com\u00fanmente tratadas por accidentes automovil\u00edsticos son:<\/p>\n<ul>\n<li>Lesiones de rodilla<\/li>\n<li>Lesiones de espalda<\/li>\n<\/ul>\n<h3>Lesiones neurol\u00f3gicas:<\/h3>\n<p>El da\u00f1o neurol\u00f3gico puede ser particularmente grave despu\u00e9s de un accidente automovil\u00edstico. Los tipos comunes incluyen:<\/p>\n<h4>1. Lesi\u00f3n cerebral traum\u00e1tica (TBI):<\/h4>\n<p>Las TBI ocurren por un impacto repentino o una sacudida en la cabeza. Los s\u00edntomas var\u00edan ampliamente y pueden incluir:<\/p>\n<ul>\n<li>Dolores de cabeza y mareos<\/li>\n<li>Confusi\u00f3n y desorientaci\u00f3n<\/li>\n<li>Problemas de memoria y dificultades de concentraci\u00f3n<\/li>\n<li>N\u00e1useas o v\u00f3mitos<\/li>\n<\/ul>\n<h4>2. Conmoci\u00f3n cerebral:<\/h4>\n<p>Las conmociones cerebrales, una forma leve de lesi\u00f3n cerebral traum\u00e1tica, pueden ocurrir sin un impacto directo en la cabeza. Los s\u00edntomas suelen implicar:<\/p>\n<ul>\n<li>Dolores de cabeza<\/li>\n<li>Sensibilidad a la luz y al ruido<\/li>\n<li>N\u00e1useas o v\u00f3mitos<\/li>\n<li>Problemas de concentraci\u00f3n y memoria<\/li>\n<li>Fatiga y problemas de sue\u00f1o<\/li>\n<\/ul>\n<h4>3. Lesiones de los nervios perif\u00e9ricos:<\/h4>\n<p>Estas lesiones afectan los nervios fuera del cerebro y la m\u00e9dula espinal, provocando s\u00edntomas como:<\/p>\n<ul>\n<li>Dolor, hormigueo o entumecimiento<\/li>\n<li>Debilidad muscular o par\u00e1lisis<\/li>\n<li>P\u00e9rdida de reflejos<\/li>\n<li>Dificultad con la motricidad fina<\/li>\n<\/ul>\n<p>&nbsp;<\/p>\n<p>Las lesiones por accidentes automovil\u00edsticos pueden afectar profundamente la movilidad, la funci\u00f3n y el bienestar general. Una evaluaci\u00f3n m\u00e9dica r\u00e1pida y un tratamiento adecuado son clave para manejar estas lesiones de manera efectiva, prevenir complicaciones y promover la recuperaci\u00f3n.<\/p>\n<section>\n<h2>Nuestros tratamientos para lesiones por accidentes automovil\u00edsticos<\/h2>\n<p>Los accidentes automovil\u00edsticos pueden ejercer una tensi\u00f3n f\u00edsica y emocional sustancial, incluso cuando las lesiones parecen menores. En Georgia Spine &amp; Ortopedia, nuestros dedicados m\u00e9dicos ortop\u00e9dicos, cirujanos y fisioterapeutas est\u00e1n comprometidos a brindar atenci\u00f3n de primer nivel para las lesiones relacionadas con accidentes automovil\u00edsticos. Con nuestra experiencia, facilitamos su viaje de recuperaci\u00f3n de manera efectiva.<\/p>\n<p>Reconocemos que cada lesi\u00f3n es distinta. Por lo tanto, nuestro equipo trabaja estrechamente con cada paciente para desarrollar planes de tratamiento personalizados para obtener resultados \u00f3ptimos. Ofrecemos una amplia gama de intervenciones, que incluyen:<\/p>\n<ul>\n<li>Gesti\u00f3n de medicamentos<\/li>\n<li>Cirug\u00eda<\/li>\n<li>Intervencionista <a href=\"https:\/\/www.gaspineortho.com\/marietta\/pain-management\/\">Manejo del dolor<\/a><\/li>\n<\/ul>\n<p><\/secci\u00f3n><secci\u00f3n><\/p>\n<h2>Gesti\u00f3n de medicamentos<\/h2>\n<p>La medicaci\u00f3n juega un papel esencial en el tratamiento de las lesiones por accidentes automovil\u00edsticos. Dependiendo de la lesi\u00f3n espec\u00edfica, los medicamentos pueden ayudar a reducir el dolor, la hinchaz\u00f3n y la inflamaci\u00f3n. Por ejemplo:<\/p>\n<ul>\n<li>Medicamentos para aliviar el dolor de las fracturas<\/li>\n<li>Medicamentos para controlar los s\u00edntomas de una conmoci\u00f3n cerebral<\/li>\n<\/ul>\n<p><\/secci\u00f3n><secci\u00f3n><\/p>\n<h2>Cirug\u00eda<\/h2>\n<p>Es posible que se necesiten cirug\u00edas ortop\u00e9dicas y neurol\u00f3gicas despu\u00e9s de un accidente automovil\u00edstico. Empleamos procedimientos m\u00ednimamente invasivos y t\u00e9cnicas avanzadas para promover la recuperaci\u00f3n. Ejemplos incluyen:<\/p>\n<ul>\n<li><a href=\"https:\/\/www.gaspineortho.com\/marietta\/orthopedic-surgery\/\">Cirug\u00edas ortop\u00e9dicas<\/a>:\n<ul>\n<li>Artroscopia de hombro<\/li>\n<li>Reparaci\u00f3n del manguito rotador<\/li>\n<li>Reparaci\u00f3n de lesiones SLAP<\/li>\n<li>Meniscectom\u00eda de rodilla<\/li>\n<li>Liberaci\u00f3n del t\u00fanel carpiano<\/li>\n<\/ul>\n<\/li>\n<li>Cirug\u00edas Neurol\u00f3gicas:\n<ul>\n<li>Craniectom\u00eda descompresiva para aliviar la presi\u00f3n cerebral<\/li>\n<li>Fusi\u00f3n espinal para estabilizar las v\u00e9rtebras<\/li>\n<li>Cirug\u00eda de hernia discal<\/li>\n<li>Dispositivos de neuroestimulaci\u00f3n para el tratamiento del dolor cr\u00f3nico<\/li>\n<\/ul>\n<\/li>\n<\/ul>\n<p>><br \/>\n&nbsp;<\/p>\n<\/section>\n<section>\n<h2>Manejo intervencionista del dolor<\/h2>\n<p><img decoding=\"async\" class=\"alignnone wp-image-3308\" src=\"https:\/\/www.gaspineortho.com\/wp-content\/uploads\/2024\/05\/shutterstock_1018935985-copy.webp\" alt=\"A woman in pain with her hands on her neck and back\" width=\"500\" height=\"360\" srcset=\"https:\/\/www.gaspineortho.com\/wp-content\/uploads\/2024\/05\/shutterstock_1018935985-copy.webp 1000w, https:\/\/www.gaspineortho.com\/wp-content\/uploads\/2024\/05\/shutterstock_1018935985-copy-300x216.webp 300w, https:\/\/www.gaspineortho.com\/wp-content\/uploads\/2024\/05\/shutterstock_1018935985-copy-768x553.webp 768w\" sizes=\"(max-width: 500px) 100vw, 500px\" \/><\/p>\n<p>El manejo intervencionista del dolor incluye procedimientos m\u00ednimamente invasivos para aliviar el dolor de las lesiones por accidentes automovil\u00edsticos. Nuestros especialistas realizan:<\/p>\n<ul>\n<li><a href=\"https:\/\/www.mayo.edu\/research\/clinical-trials\/cls-20112462\" target=\"_blank\" rel=\"noopener\">Inyecciones epidurales de esteroides<\/a><\/li>\n<li>Neurotom\u00eda por radiofrecuencia<\/li>\n<li>Bloqueos facetarios y de rama medial<\/li>\n<li>Inyecciones conjuntas de esteroides<\/li>\n<li>Inyecciones en puntos gatillo<\/li>\n<\/ul>\n<section>\n<h2>\u00bfCu\u00e1ndo buscar tratamiento por accidente automovil\u00edstico?<\/h2>\n<p>Comprender el alcance de su lesi\u00f3n comienza con una evaluaci\u00f3n adecuada. Despu\u00e9s de un accidente automovil\u00edstico, busque tratamiento de inmediato por varias razones:<\/p>\n<h3>Por qu\u00e9 es importante el tratamiento oportuno:<\/h3>\n<ul>\n<li><strong>Diagn\u00f3stico correcto:<\/strong> la evaluaci\u00f3n inmediata ayuda a identificar lesiones que podr\u00edan no manifestarse inicialmente.<\/li>\n<li><strong>Documentaci\u00f3n adecuada:<\/strong> Los registros m\u00e9dicos son fundamentales para su caso de lesiones personales.<\/li>\n<li><strong>Prevenci\u00f3n de complicaciones:<\/strong> el tratamiento temprano puede prevenir problemas a largo plazo y mejorar la recuperaci\u00f3n.<\/li>\n<\/ul>\n<h3>Plazo de Atenci\u00f3n M\u00e9dica:<\/h3>\n<p>Si bien no existe una fecha l\u00edmite estricta para buscar tratamiento, las compa\u00f1\u00edas de seguros suelen conceder una semana para las reclamaciones. Buscar atenci\u00f3n dentro de las 24 horas es ideal tanto por motivos legales como de salud. Retrasar el tratamiento puede permitir que la parte responsable cuestione la validez de sus lesiones.<\/p>\n<p>La atenci\u00f3n m\u00e9dica oportuna tambi\u00e9n ayuda a documentar sus lesiones y garantiza un caso s\u00f3lido si surgen disputas legales. Un examen oportuno puede detectar lesiones latentes y respaldar sus reclamaciones de manera efectiva.<\/p>\n<\/section>\n<section>\n<h2>\u00bfPor qu\u00e9 elegirnos para sus lesiones por accidentes automovil\u00edsticos?<\/h2>\n<p>En Georgia Spine &amp; En ortopedia, nos centramos no s\u00f3lo en tu recuperaci\u00f3n f\u00edsica sino tambi\u00e9n en tu bienestar emocional. Nuestro enfoque es hol\u00edstico y combina atenci\u00f3n m\u00e9dica experta con apoyo compasivo durante todo el proceso de curaci\u00f3n.<\/p>\n<ul>\n<li><strong>Atenci\u00f3n Integral<\/strong><\/li>\n<li><strong>Trato personalizado<\/strong><\/li>\n<li><strong>Equipo de expertos<\/strong><\/li>\n<li><strong>Comunicaci\u00f3n efectiva<\/strong><\/li>\n<li><strong>Amplia experiencia<\/strong><\/li>\n<\/ul>\n<\/section>\n<section>\n<h2>Cont\u00e1ctenos para tratamiento de accidentes automovil\u00edsticos en Marietta<\/h2>\n<p>Un accidente automovil\u00edstico puede cambiar la vida, pero la recuperaci\u00f3n es posible. La intervenci\u00f3n temprana es crucial. Comience su recuperaci\u00f3n con una evaluaci\u00f3n integral de Georgia Spine &amp; Ortoped\u00eda. Nuestro compromiso con la atenci\u00f3n personalizada, la atenci\u00f3n compasiva y las opciones terap\u00e9uticas avanzadas respaldar\u00e1n su viaje hacia la recuperaci\u00f3n.<\/p>\n<p>Aunque un accidente automovil\u00edstico puede ser una experiencia traum\u00e1tica, nuestro equipo est\u00e1 dedicado a ayudarlo a recuperar su salud y calidad de vida. Ll\u00e1menos al [tel\u00e9fono] para programar una cita hoy. D\u00e9 el primer paso hacia la recuperaci\u00f3n con Georgia Spine &amp; Ortopedia: su socio de confianza en el tratamiento de accidentes automovil\u00edsticos en Marietta.<\/p>\n<\/section>\n<section>\n<h2><img decoding=\"async\" class=\"alignnone size-full wp-image-3286\" src=\"https:\/\/www.gaspineortho.com\/wp-content\/uploads\/2020\/12\/ga-spine-ortho-docs-e1715801958933.webp\" alt=\"The Team of Georgia Spine &amp; Orthopaedics\" width=\"500\" height=\"273\" \/><\/h2>\n<p>Los accidentes automovil\u00edsticos pueden causar una variedad de lesiones, desde hematomas menores hasta traumatismos graves. La intervenci\u00f3n m\u00e9dica temprana y adecuada es clave para la recuperaci\u00f3n. En Georgia Spine &amp; Ortopedia, nuestros <a href=\"https:\/\/www.gaspineortho.com\/marietta\/car-accident-doctor\/\">m\u00e9dicos de accidentes automovil\u00edsticos de Marietta<\/a> brindan atenci\u00f3n integral adaptada a sus lesiones espec\u00edficas.<\/p>\n<p>Nuestro equipo de especialistas en ortopedia, expertos en el manejo del dolor y fisioterapeutas trabajan juntos para ofrecer una amplia gama de opciones de tratamiento dise\u00f1adas para aliviar el dolor, mejorar la movilidad y restaurar la funci\u00f3n. La evaluaci\u00f3n m\u00e9dica inmediata garantiza un diagn\u00f3stico y tratamiento adecuados, previniendo complicaciones y apoyando su recuperaci\u00f3n general.<\/p>\n<p>Recuerde, buscar atenci\u00f3n m\u00e9dica inmediata no s\u00f3lo ayuda a su recuperaci\u00f3n f\u00edsica sino que tambi\u00e9n fortalece su posici\u00f3n legal en caso de reclamos por lesiones personales. No demores tu tratamiento. P\u00f3ngase en contacto con Georgia Spine &amp; Ortopedia hoy para comenzar su viaje hacia la recuperaci\u00f3n. Ll\u00e1manos al [tel\u00e9fono] para programar tu cita.<\/p>\n<p>Tu salud y bienestar son nuestra m\u00e1xima prioridad. Conf\u00ede en Georgia Spine &amp; Ortopedia para una atenci\u00f3n compasiva y experta.<br \/>\n<\/section>\n<\/section>\n","protected":false},"excerpt":{"rendered":"<p>Los accidentes automovil\u00edsticos son eventos angustiosos que pueden dejar impactos f\u00edsicos y emocionales duraderos. Seg\u00fan el Departamento de Salud P\u00fablica de Georgia, los accidentes automovil\u00edsticos son la segunda causa principal de visitas a las salas de emergencia relacionadas con lesiones en el estado. Es posible que las lesiones graves, como latigazo cervical, hemorragia interna y [&hellip;]<\/p>\n","protected":false},"author":44,"featured_media":0,"parent":7566,"menu_order":0,"comment_status":"closed","ping_status":"closed","template":"","meta":{"_acf_changed":false,"footnotes":""},"categories":[],"tags":[],"class_list":["post-6888","page","type-page","status-publish","hentry"],"acf":[],"_links":{"self":[{"href":"https:\/\/www.gaspineortho.com\/es\/wp-json\/wp\/v2\/pages\/6888","targetHints":{"allow":["GET"]}}],"collection":[{"href":"https:\/\/www.gaspineortho.com\/es\/wp-json\/wp\/v2\/pages"}],"about":[{"href":"https:\/\/www.gaspineortho.com\/es\/wp-json\/wp\/v2\/types\/page"}],"author":[{"embeddable":true,"href":"https:\/\/www.gaspineortho.com\/es\/wp-json\/wp\/v2\/users\/44"}],"replies":[{"embeddable":true,"href":"https:\/\/www.gaspineortho.com\/es\/wp-json\/wp\/v2\/comments?post=6888"}],"version-history":[{"count":4,"href":"https:\/\/www.gaspineortho.com\/es\/wp-json\/wp\/v2\/pages\/6888\/revisions"}],"predecessor-version":[{"id":7804,"href":"https:\/\/www.gaspineortho.com\/es\/wp-json\/wp\/v2\/pages\/6888\/revisions\/7804"}],"up":[{"embeddable":true,"href":"https:\/\/www.gaspineortho.com\/es\/wp-json\/wp\/v2\/pages\/7566"}],"wp:attachment":[{"href":"https:\/\/www.gaspineortho.com\/es\/wp-json\/wp\/v2\/media?parent=6888"}],"wp:term":[{"taxonomy":"category","embeddable":true,"href":"https:\/\/www.gaspineortho.com\/es\/wp-json\/wp\/v2\/categories?post=6888"},{"taxonomy":"post_tag","embeddable":true,"href":"https:\/\/www.gaspineortho.com\/es\/wp-json\/wp\/v2\/tags?post=6888"}],"curies":[{"name":"wp","href":"https:\/\/api.w.org\/{rel}","templated":true}]}}