{"id":6887,"date":"2024-05-16T14:30:55","date_gmt":"2024-05-16T19:30:55","guid":{"rendered":"https:\/\/www.gaspineortho.com\/car-accident-injury-treatment-2\/"},"modified":"2024-05-31T17:32:33","modified_gmt":"2024-05-31T22:32:33","slug":"tratamiento-de-lesiones-por-accidente-de-automovilismo","status":"publish","type":"page","link":"https:\/\/www.gaspineortho.com\/es\/roswell\/tratamiento-de-lesiones-por-accidente-de-automovilismo\/","title":{"rendered":"Tratamiento de lesiones por accidentes automovil\u00edsticos en Roswell"},"content":{"rendered":"<p>Los accidentes automovil\u00edsticos son experiencias traum\u00e1ticas que a menudo dejan da\u00f1os f\u00edsicos y emocionales duraderos. Desafortunadamente, ocurren con frecuencia. Incluso los choques menores pueden provocar lesiones graves como latigazo cervical, hemorragia interna o lesi\u00f3n cerebral traum\u00e1tica que pueden no mostrar s\u00edntomas de inmediato.<\/p>\n<p>Roswell, GA, las v\u00edctimas de accidentes automovil\u00edsticos pueden confiar en Georgia Spine &amp; Ortopedia para atenci\u00f3n experta. Nos especializamos en evaluar y tratar lesiones comunes resultantes de accidentes automovil\u00edsticos, como fracturas y conmociones cerebrales. Nuestro enfoque individualizado garantiza que usted obtenga el mejor y m\u00e1s adecuado tratamiento para su situaci\u00f3n espec\u00edfica. Para un tratamiento personalizado que satisfaga sus necesidades, ll\u00e1menos al [tel\u00e9fono].<\/p>\n<h2>Tipos comunes de lesiones por accidentes automovil\u00edsticos<\/h2>\n<p><a href=\"https:\/\/www.gaspineortho.com\/wp-content\/uploads\/2024\/05\/car-accident-copy.webp\"><img decoding=\"async\" class=\"alignnone wp-image-4443 size-full\" src=\"https:\/\/www.gaspineortho.com\/wp-content\/uploads\/2024\/05\/car-accident-copy.webp\" alt=\"Lesi\u00f3n por accidente automovil\u00edstico: un hombre se agarra el cuello despu\u00e9s de sufrir un latigazo cervical\" width=\" 600\" srcset=\"https:\/\/www.gaspineortho.com\/wp-content\/uploads\/2024\/05\/car-accident-copy.webp 600w, https:\/\/www.gaspineortho.com\/wp-content\/uploads\/2024\/05\/car-accident-copy-300x200.webp 300w\" sizes=\"(max-width: 600px) 100vw, 600px\" \/><\/a><\/p>\n<p>Las personas involucradas en accidentes automovil\u00edsticos a menudo sufren lesiones ortop\u00e9dicas y neurol\u00f3gicas, cada una de las cuales requiere enfoques de tratamiento \u00fanicos. En Georgia Spine &amp; En ortopedia, vemos y tratamos diversas lesiones, que incluyen:<\/p>\n<h3>Lesiones ortop\u00e9dicas<\/h3>\n<p>Las lesiones ortop\u00e9dicas afectan el sistema musculoesquel\u00e9tico, abarcando huesos, m\u00fasculos, ligamentos, tendones y articulaciones. Estas lesiones son comunes debido a los impactos repentinos y contundentes t\u00edpicos de las colisiones automovil\u00edsticas.<\/p>\n<p>Los factores que contribuyen a estas lesiones incluyen:<\/p>\n<ul>\n<li>Fuerzas de alto impacto<\/li>\n<li>Deformaci\u00f3n del veh\u00edculo<\/li>\n<li>Colisiones secundarias y eyecciones<\/li>\n<li>Fuerzas del cintur\u00f3n de seguridad y del airbag<\/li>\n<\/ul>\n<h4><b>Lesiones ortop\u00e9dicas comunes<\/b><\/h4>\n<p><b>Fracturas:<\/b> Roturas de huesos resultantes del impacto de la colisi\u00f3n. Los s\u00edntomas pueden incluir:<\/p>\n<ul>\n<li>Dolor y sensibilidad en el lugar de la lesi\u00f3n<\/li>\n<li>Hinchaz\u00f3n y hematomas<\/li>\n<li>Deformidad o desalineaci\u00f3n visible<\/li>\n<li>Dificultad para mover la zona afectada<\/li>\n<\/ul>\n<p><b>Lesiones de tejidos blandos:<\/b> Da\u00f1o a m\u00fasculos, ligamentos y tendones. Los s\u00edntomas pueden incluir:<\/p>\n<ul>\n<li>Dolor y sensibilidad<\/li>\n<li>Hinchaz\u00f3n e inflamaci\u00f3n<\/li>\n<li>Rango de movimiento restringido<\/li>\n<li>Espasmos musculares<\/li>\n<\/ul>\n<p><b>Lesiones de la m\u00e9dula espinal (LME):<\/b> Da\u00f1o inducido por traumatismo en el <a href=\"https:\/\/www.webmd.com\/brain\/spinal-cord-what-to-know\" target=\" _blank\" rel=\"noopener\">m\u00e9dula espinal<\/a>.Los s\u00edntomas var\u00edan seg\u00fan la gravedad y la ubicaci\u00f3n de la lesi\u00f3n, pero pueden incluir:<\/p>\n<ul>\n<li>P\u00e9rdida de sensaci\u00f3n y funci\u00f3n motora debajo del sitio de la lesi\u00f3n<\/li>\n<li>Disfunci\u00f3n intestinal y vesical<\/li>\n<li>Dificultades respiratorias en casos graves<\/li>\n<\/ul>\n<p>Otras lesiones ortop\u00e9dicas que encontramos con frecuencia incluyen lesiones de rodilla y espalda.<\/p>\n<h3><b>Lesiones neurol\u00f3gicas<\/b><\/h3>\n<p><a href=\"https:\/\/www.gaspineortho.com\/wp-content\/uploads\/2020\/12\/hp-neurology-copy.webp\"><img fetchpriority=\"high\" decoding=\"async\" class=\"alignnone wp-image-4189 size-full\" src=\"https:\/\/www.gaspineortho.com\/wp-content\/uploads\/2020\/12\/hp-neurology-copy.webp\" alt=\"Pruebas de neurolog\u00eda\" width=\"500\" height=\"334\" srcset=\"https:\/\/www.gaspineortho.com\/wp-content\/uploads\/2020\/12\/hp-neurology-copy.webp 500w, https:\/\/www.gaspineortho.com\/wp-content\/uploads\/2020\/12\/hp-neurology-copy-300x200.webp 300w\" sizes=\"(max-width: 500px) 100vw, 500px\" \/><\/a><\/p>\n<p><b>Lesi\u00f3n cerebral traum\u00e1tica (TBI):<\/b> Causada por un impacto repentino en la cabeza o sacudidas violentas. Los s\u00edntomas pueden incluir:<\/p>\n<ul>\n<li>Dolores de cabeza<\/li>\n<li>Mareos y v\u00e9rtigo<\/li>\n<li>Confusi\u00f3n y desorientaci\u00f3n<\/li>\n<li>Problemas de memoria y dificultad para concentrarse<\/li>\n<li>N\u00e1useas o v\u00f3mitos<\/li>\n<\/ul>\n<p><b>Conmoci\u00f3n cerebral:<\/b> Una lesi\u00f3n cerebral traum\u00e1tica leve que puede ocurrir sin un impacto directo en la cabeza. Los s\u00edntomas incluyen:<\/p>\n<ul>\n<li>Dolores de cabeza<\/li>\n<li>Sensibilidad a la luz y al ruido<\/li>\n<li>N\u00e1useas o v\u00f3mitos<\/li>\n<li>Dificultad para concentrarse y problemas de memoria<\/li>\n<li>Fatiga y alteraciones del sue\u00f1o<\/li>\n<\/ul>\n<p><b>Lesiones de los nervios perif\u00e9ricos:<\/b> Afectan los nervios fuera del cerebro y la m\u00e9dula espinal. Los s\u00edntomas incluyen:<\/p>\n<ul>\n<li>Dolor, hormigueo o entumecimiento en el \u00e1rea afectada<\/li>\n<li>Debilidad muscular o par\u00e1lisis<\/li>\n<li>P\u00e9rdida de reflejos<\/li>\n<li>Dificultad con la motricidad fina<\/li>\n<\/ul>\n<p>Las lesiones por accidentes automovil\u00edsticos pueden afectar significativamente la movilidad, el funcionamiento y el bienestar general de una persona. La evaluaci\u00f3n y el tratamiento m\u00e9dicos oportunos son cruciales para controlar estas lesiones y promover mejores resultados de recuperaci\u00f3n.<\/p>\n<h2>Tratamientos para lesiones por accidentes automovil\u00edsticos<\/h2>\n<p>Los accidentes automovil\u00edsticos causan una tensi\u00f3n f\u00edsica y emocional significativa, incluso cuando las lesiones parecen menores. En Georgia Spine &amp; Ortopedia, nuestro equipo de m\u00e9dicos ortop\u00e9dicos, cirujanos y fisioterapeutas se dedican a brindar atenci\u00f3n de primer nivel. Nuestros expertos tienen las habilidades y la experiencia para guiarlo a trav\u00e9s de su recuperaci\u00f3n.<\/p>\n<h3>Planes de tratamiento personalizados<\/h3>\n<p>Reconocemos que no hay dos pacientes iguales, por eso trabajamos estrechamente con usted para crear planes de tratamiento individualizados. Nuestra amplia gama de intervenciones incluye:<\/p>\n<h4>Gesti\u00f3n de medicamentos<\/h4>\n<p>La gesti\u00f3n de medicamentos implica el uso de medicamentos para tratar las lesiones. Despu\u00e9s de un accidente automovil\u00edstico, se pueden recetar medicamentos para reducir el dolor, la inflamaci\u00f3n y la hinchaz\u00f3n.<\/p>\n<p>Por ejemplo, si sufre una fractura de tobillo, su ortopedista podr\u00eda recomendarle medicamentos para controlar la hinchaz\u00f3n y aliviar el dolor. De manera similar, si sufre una conmoci\u00f3n cerebral, es posible que le receten medicamentos para controlar los s\u00edntomas. Sin embargo, es importante considerar los riesgos potenciales, incluida la dependencia.<\/p>\n<h4>Cirug\u00eda<\/h4>\n<p>Es posible que se requieran varios procedimientos ortop\u00e9dicos, incluida la cirug\u00eda m\u00ednimamente invasiva, despu\u00e9s de un accidente automovil\u00edstico. Los procedimientos como la cirug\u00eda artrosc\u00f3pica ofrecen ventajas como una recuperaci\u00f3n m\u00e1s r\u00e1pida y una reducci\u00f3n del dolor en comparaci\u00f3n con las cirug\u00edas tradicionales.<\/p>\n<p><strong>Ejemplos de cirug\u00edas ortop\u00e9dicas:<\/strong><\/p>\n<ul>\n<li>Artroscopia de hombro<\/li>\n<li>Manguito rotador de desbridamiento limitado<\/li>\n<li>Reparaci\u00f3n de lesi\u00f3n SLAP<\/li>\n<li>Meniscectom\u00eda de rodilla<\/li>\n<li>Liberaci\u00f3n del t\u00fanel carpiano<\/li>\n<li>Reparaci\u00f3n de sinovectom\u00eda parcial<\/li>\n<li>Meniscectom\u00eda de rodilla que incluye afeitado y reparaci\u00f3n del LCA<\/li>\n<\/ul>\n<p>Tambi\u00e9n pueden ser necesarias cirug\u00edas neurol\u00f3gicas para tratar lesiones cerebrales o de la m\u00e9dula espinal. Estas cirug\u00edas pueden incluir:<\/p>\n<ul>\n<li>Craniectom\u00eda descompresiva para aliviar la presi\u00f3n sobre el cerebro<\/li>\n<li>Fusi\u00f3n espinal para estabilizar y fusionar las v\u00e9rtebras<\/li>\n<li>Cirug\u00eda de hernia de disco como discectom\u00eda o laminectom\u00eda<\/li>\n<li>Dispositivos de neuroestimulaci\u00f3n para el manejo del dolor cr\u00f3nico<\/li>\n<\/ul>\n<h4>Manejo intervencionista del dolor<\/h4>\n<p>El manejo intervencionista del dolor abarca procedimientos m\u00ednimamente invasivos para aliviar el dolor de las lesiones por accidentes automovil\u00edsticos. Nuestro objetivo es apoyar su recuperaci\u00f3n restaurando la funci\u00f3n y permitiendo el regreso a las actividades diarias.<\/p>\n<p>Despu\u00e9s de un examen y una revisi\u00f3n exhaustivos de los hallazgos de la resonancia magn\u00e9tica y los rayos X, nuestros experimentados especialistas en el manejo del dolor pueden realizar los siguientes procedimientos para mitigar el dolor:<\/p>\n<ul>\n<li>Inyecci\u00f3n epidural de esteroides<\/li>\n<li>Neurotom\u00eda por radiofrecuencia<\/li>\n<li>Bloqueo facetario y de rama medial<\/li>\n<li>Inyecci\u00f3n de esteroides en articulaciones grandes<\/li>\n<li>Inyecciones en puntos gatillo<\/li>\n<\/ul>\n<h2>\u00bfCu\u00e1ndo deber\u00eda buscar tratamiento por accidente automovil\u00edstico?<\/h2>\n<p><a href=\"https:\/\/www.gaspineortho.com\/wp-content\/uploads\/2024\/05\/shutterstock_1789461236-min.jpg\"><img decoding=\"async\" class=\"alignnone wp-image-3935 size-full\" src=\" https:\/\/www.gaspineortho.com\/wp-content\/uploads\/2024\/05\/shutterstock_1789461236-min.jpg\" alt=\"El m\u00e9dico examina una radiograf\u00eda del cuello de un hombre\" width=\"500\" height=\"334\" srcset=\"https:\/\/www.gaspineortho.com\/wp-content\/uploads\/2024\/05\/shutterstock_1789461236-min.jpg 500w, https:\/\/www.gaspineortho.com\/wp-content\/uploads\/2024\/05\/shutterstock_1789461236-min-300x200.jpg 300w\" sizes=\"(max-width: 500px) 100vw, 500px\" \/><\/a><\/p>\n<p>Comprender el alcance de sus lesiones es clave para comenzar el tratamiento y la recuperaci\u00f3n. Despu\u00e9s de un accidente automovil\u00edstico, priorice la b\u00fasqueda de atenci\u00f3n m\u00e9dica de inmediato para garantizar que las lesiones se diagnostiquen, traten y documenten correctamente.<\/p>\n<h3>\u00bfCu\u00e1nto tiempo tienes para ver a un m\u00e9dico despu\u00e9s de un accidente automovil\u00edstico?<\/h3>\n<p>No existe una fecha l\u00edmite espec\u00edfica para consultar a un <a href=\"https:\/\/www.gaspineortho.com\/es\/roswell\/medico-accidente-automovilistico\/\">m\u00e9dico despu\u00e9s de un accidente<\/a>. Algunas compa\u00f1\u00edas de seguros permiten aproximadamente una semana de tratamiento para cubrir las reclamaciones. Sin embargo, buscar tratamiento de inmediato, idealmente dentro de las 24 horas, es lo mejor para su salud y para evitar complicaciones con el seguro.<\/p>\n<p>Descuidar la atenci\u00f3n m\u00e9dica inmediata puede crear oportunidades para que la parte culpable impugne sus reclamos por lesiones. Las razones por las que podr\u00edan argumentar incluyen:<\/p>\n<ul>\n<li>La lesi\u00f3n se produjo en otro lugar despu\u00e9s del accidente pero antes de buscar tratamiento.<\/li>\n<li>La lesi\u00f3n o el dolor exist\u00edan antes del accidente.<\/li>\n<li>La lesi\u00f3n se fabrica para respaldar un reclamo o demanda.<\/li>\n<\/ul>\n<p>Para evitar estas complicaciones y apoyar su recuperaci\u00f3n, busque atenci\u00f3n m\u00e9dica inmediata. Abordar posibles lesiones con prontitud, incluso si los s\u00edntomas no son evidentes de inmediato, muestra un enfoque proactivo para proteger su salud. La evaluaci\u00f3n m\u00e9dica temprana permite a los profesionales identificar lesiones tard\u00edas, algo com\u00fan en este tipo de incidentes.<\/p>\n<p>Buscar atenci\u00f3n m\u00e9dica con prontitud tambi\u00e9n establece un registro documentado de consultas y tratamientos. Esta documentaci\u00f3n es invaluable para demostrar la necesidad de intervenciones m\u00e9dicas posteriores.<\/p>\n<h2>Conf\u00ede en Georgia Spine &amp; Ortopedia para sus lesiones por accidentes automovil\u00edsticos<\/h2>\n<p>En Georgia Spine &amp; En Ortopedia, priorizamos tanto tu bienestar f\u00edsico como tu comodidad emocional durante la recuperaci\u00f3n. Nuestra atenci\u00f3n compasiva ofrece apoyo durante todo su proceso de curaci\u00f3n.<\/p>\n<p>Nuestro objetivo es colaborar con usted desde el diagn\u00f3stico hasta el tratamiento, garantizando que reciba la atenci\u00f3n adecuada en cada paso del camino. Al elegir Georgia Spine &amp; Ortopedia en <a href=\"https:\/\/www.gaspineortho.com\/roswell\/\">Roswell<\/a>, usted opta por una atenci\u00f3n personalizada y opciones de tratamiento excepcionales. Un accidente automovil\u00edstico puede ser angustioso, pero nuestros m\u00e9dicos experimentados est\u00e1n aqu\u00ed para ayudarlo a recuperarse y recuperar su vida.<\/p>\n<h2>Tipos de lesiones por accidentes automovil\u00edsticos que tratamos<\/h2>\n<p>No hay dos accidentes automovil\u00edsticos iguales y cada uno puede causar una amplia gama de lesiones. Estas son algunas de las lesiones comunes por accidentes automovil\u00edsticos que tratamos en Georgia Spine &amp; Ortoped\u00eda:<\/p>\n<ol>\n<li><b>Fracturas:<\/b> Los huesos rotos y las fracturas son comunes en colisiones de alto impacto. Los s\u00edntomas incluyen dolor, hinchaz\u00f3n y dificultad para mover el \u00e1rea afectada.<\/li>\n<li><b>Latigazo cervical:<\/b> Lesi\u00f3n en el cuello causada por un movimiento r\u00e1pido de la cabeza hacia adelante y hacia atr\u00e1s. Los s\u00edntomas incluyen dolor de cuello, dolores de cabeza y mareos.<\/li>\n<li><b>Lesiones de espalda y m\u00e9dula espinal:<\/b> van desde esguinces menores hasta afecciones graves como hernias discales o par\u00e1lisis. Los s\u00edntomas pueden incluir dolor de espalda, entumecimiento y p\u00e9rdida de la funci\u00f3n motora.<\/li>\n<li><b>Lesiones de tejidos blandos:<\/b> El da\u00f1o a m\u00fasculos, ligamentos y tendones causa dolor, hinchaz\u00f3n y restricci\u00f3n de movimiento.<\/li>\n<li><b>Lesi\u00f3n cerebral traum\u00e1tica (TBI):<\/b> Causada por sacudidas o impactos en la cabeza. Los s\u00edntomas pueden variar desde conmociones cerebrales leves hasta da\u00f1o cerebral grave, que provoca dolores de cabeza, p\u00e9rdida de memoria y problemas de concentraci\u00f3n.<\/li>\n<\/ol>\n<h2>Opciones de tratamiento integral<\/h2>\n<h3>Manejo del dolor<\/h3>\n<p>El manejo del dolor es esencial para una recuperaci\u00f3n eficaz de un accidente automovil\u00edstico. Nuestros especialistas ofrecen diversos tratamientos para aliviar el dolor y apoyar la curaci\u00f3n. Las opciones de <a href=\"https:\/\/www.gaspineortho.com\/roswell\/roswell-pain-management\/\">manejo del dolor<\/a> incluyen:<\/p>\n<ul>\n<li><b>Inyecciones epidurales de esteroides:<\/b> reducen la hinchaz\u00f3n y alivian el dolor en la regi\u00f3n espinal.<\/li>\n<li><b>Neurotom\u00eda por radiofrecuencia:<\/b> utiliza calor para interrumpir las se\u00f1ales de dolor de las terminaciones nerviosas.<\/li>\n<li><b>Bloqueos facetarios y de rama medial:<\/b> inyecciones dirigidas a \u00e1reas espec\u00edficas que causan dolor.<\/li>\n<li><b>Inyecciones en puntos gatillo:<\/b> alivie el dolor muscular inyectando medicamentos directamente en los puntos gatillo.<\/li>\n<\/ul>\n<h3>Fisioterapia<\/h3>\n<p>La <a href=\"https:\/\/www.gaspineortho.com\/es\/roswell\/fisioterapia\/\">fisioterapia<\/a> es crucial para restaurar la fuerza, la flexibilidad, el equilibrio y el rango de movimiento despu\u00e9s de lesiones por accidentes automovil\u00edsticos. Nuestros fisioterapeutas autorizados crean programas de ejercicio personalizados para ayudar en su recuperaci\u00f3n.<\/p>\n<h3>Cirug\u00eda ortop\u00e9dica<\/h3>\n<p>Cuando es necesario, la cirug\u00eda ortop\u00e9dica aborda lesiones graves, como fracturas y da\u00f1os en las articulaciones. Nuestros cirujanos capacitados utilizan t\u00e9cnicas avanzadas para garantizar los mejores resultados posibles, incluidos procedimientos artrosc\u00f3picos y m\u00ednimamente invasivos.<\/p>\n<h3>Atenci\u00f3n Neurol\u00f3gica<\/h3>\n<p>Los accidentes automovil\u00edsticos pueden provocar lesiones neurol\u00f3gicas que requieren tratamiento especializado. Nuestro equipo experimentado ofrece opciones quir\u00fargicas y no quir\u00fargicas para afecciones como lesiones cerebrales traum\u00e1ticas y da\u00f1o de la m\u00e9dula espinal.<\/p>\n<h3>Apoyo psicol\u00f3gico<\/h3>\n<p>Los accidentes automovil\u00edsticos a menudo provocan angustia emocional y psicol\u00f3gica. Nuestro enfoque integrado incluye brindar apoyo para la salud mental y ayudarlo a afrontar las secuelas de un evento traum\u00e1tico.<\/p>\n<h2>Cu\u00e1ndo buscar tratamiento inmediato<\/h2>\n<p>Es fundamental buscar atenci\u00f3n m\u00e9dica de inmediato si experimenta alguno de los siguientes s\u00edntomas despu\u00e9s de un accidente automovil\u00edstico:<\/p>\n<ul>\n<li>P\u00e9rdida del conocimiento<\/li>\n<li>Dolores de cabeza, mareos o confusi\u00f3n<\/li>\n<li>Dolor de cuello o espalda<\/li>\n<li>Entumecimiento u hormigueo<\/li>\n<li>Lesiones visibles, como cortes o huesos rotos<\/li>\n<li>Dificultad para respirar<\/li>\n<li>Dolor persistente o que empeora<\/li>\n<\/ul>\n<h2>Garantizar una recuperaci\u00f3n \u00f3ptima<\/h2>\n<p>Nuestro enfoque integrado garantiza que reciba la mejor atenci\u00f3n posible. Al abordar todos los aspectos de su lesi\u00f3n y recuperaci\u00f3n, nuestro objetivo es reducir el dolor, mejorar la movilidad y mejorar el bienestar general.<\/p>\n<h3>Evaluaci\u00f3n Integral<\/h3>\n<p>Comenzamos con una evaluaci\u00f3n exhaustiva para comprender el alcance total de sus lesiones. Esto incluye ex\u00e1menes f\u00edsicos, revisiones del historial m\u00e9dico y pruebas de im\u00e1genes necesarias, como radiograf\u00edas o resonancias magn\u00e9ticas.<\/p>\n<h3>Planes de tratamiento personalizados<\/h3>\n<p>Seg\u00fan su evaluaci\u00f3n, desarrollamos un plan de tratamiento adaptado a sus lesiones y necesidades espec\u00edficas. Nuestro enfoque prioriza su recuperaci\u00f3n y ofrece diversos tratamientos y terapias dise\u00f1adas para abordar su situaci\u00f3n particular.<\/p>\n<h3>Atenci\u00f3n y apoyo continuos<\/h3>\n<p>La recuperaci\u00f3n de lesiones por accidentes automovil\u00edsticos puede ser un largo viaje. En Georgia Spine &amp; Ortopedia, brindamos atenci\u00f3n y apoyo continuos, ajustando los planes de tratamiento seg\u00fan sea necesario para garantizar resultados de recuperaci\u00f3n \u00f3ptimos.<\/p>\n<h2>P\u00f3ngase en contacto con Georgia Spine &amp; \u00a1Ortopedia en Roswell hoy!<\/h2>\n<p><a href=\"https:\/\/www.gaspineortho.com\/wp-content\/uploads\/2020\/12\/ga-spine-ortho-docs-e1715801958933.webp\"><img decoding=\"async\" class=\"alignnone wp-image-3286 tama\u00f1o -full\" src=\"https:\/\/www.gaspineortho.com\/wp-content\/uploads\/2020\/12\/ga-spine-ortho-docs-e1715801958933.webp\" alt=\"El equipo de Georgia Spine &amp; ancho=\" \/><\/a><\/p>\n<p>Estar involucrado en un accidente automovil\u00edstico es un evento grave, pero la recuperaci\u00f3n es posible con la atenci\u00f3n adecuada. En Georgia Spine &amp; Ortopedia, ofrecemos atenci\u00f3n personalizada y opciones de tratamiento excepcionales para ayudarlo a sanar y recuperar su vida.<\/p>\n<p>Si usted o un ser querido resulta herido en un accidente automovil\u00edstico, programe una evaluaci\u00f3n con nuestro equipo experimentado. La intervenci\u00f3n temprana es clave para una recuperaci\u00f3n exitosa. Ll\u00e1menos al [tel\u00e9fono] para programar su cita hoy y comenzar su viaje hacia una mejor salud.<\/p>\n","protected":false},"excerpt":{"rendered":"<p>Los accidentes automovil\u00edsticos son experiencias traum\u00e1ticas que a menudo dejan da\u00f1os f\u00edsicos y emocionales duraderos. Desafortunadamente, ocurren con frecuencia. Incluso los choques menores pueden provocar lesiones graves como latigazo cervical, hemorragia interna o lesi\u00f3n cerebral traum\u00e1tica que pueden no mostrar s\u00edntomas de inmediato. Roswell, GA, las v\u00edctimas de accidentes automovil\u00edsticos pueden confiar en Georgia Spine [&hellip;]<\/p>\n","protected":false},"author":44,"featured_media":0,"parent":7573,"menu_order":0,"comment_status":"closed","ping_status":"closed","template":"","meta":{"_acf_changed":false,"footnotes":""},"categories":[],"tags":[],"class_list":["post-6887","page","type-page","status-publish","hentry"],"acf":[],"_links":{"self":[{"href":"https:\/\/www.gaspineortho.com\/es\/wp-json\/wp\/v2\/pages\/6887","targetHints":{"allow":["GET"]}}],"collection":[{"href":"https:\/\/www.gaspineortho.com\/es\/wp-json\/wp\/v2\/pages"}],"about":[{"href":"https:\/\/www.gaspineortho.com\/es\/wp-json\/wp\/v2\/types\/page"}],"author":[{"embeddable":true,"href":"https:\/\/www.gaspineortho.com\/es\/wp-json\/wp\/v2\/users\/44"}],"replies":[{"embeddable":true,"href":"https:\/\/www.gaspineortho.com\/es\/wp-json\/wp\/v2\/comments?post=6887"}],"version-history":[{"count":5,"href":"https:\/\/www.gaspineortho.com\/es\/wp-json\/wp\/v2\/pages\/6887\/revisions"}],"predecessor-version":[{"id":7695,"href":"https:\/\/www.gaspineortho.com\/es\/wp-json\/wp\/v2\/pages\/6887\/revisions\/7695"}],"up":[{"embeddable":true,"href":"https:\/\/www.gaspineortho.com\/es\/wp-json\/wp\/v2\/pages\/7573"}],"wp:attachment":[{"href":"https:\/\/www.gaspineortho.com\/es\/wp-json\/wp\/v2\/media?parent=6887"}],"wp:term":[{"taxonomy":"category","embeddable":true,"href":"https:\/\/www.gaspineortho.com\/es\/wp-json\/wp\/v2\/categories?post=6887"},{"taxonomy":"post_tag","embeddable":true,"href":"https:\/\/www.gaspineortho.com\/es\/wp-json\/wp\/v2\/tags?post=6887"}],"curies":[{"name":"wp","href":"https:\/\/api.w.org\/{rel}","templated":true}]}}