{"id":6886,"date":"2024-05-16T14:31:55","date_gmt":"2024-05-16T19:31:55","guid":{"rendered":"https:\/\/www.gaspineortho.com\/car-accident-treatment\/"},"modified":"2024-05-31T15:58:16","modified_gmt":"2024-05-31T20:58:16","slug":"tratamiento-de-accidente-automovilistico","status":"publish","type":"page","link":"https:\/\/www.gaspineortho.com\/es\/stockbridge\/tratamiento-de-accidente-automovilistico\/","title":{"rendered":"Tratamiento de lesiones por accidentes automovil\u00edsticos en Stockbridge"},"content":{"rendered":"<p>Estar involucrado en un accidente automovil\u00edstico puede ser una experiencia traum\u00e1tica que lo deja desorientado e impotente. Incluso si el accidente parece menor, las lesiones f\u00edsicas sufridas pueden ser debilitantes. Adem\u00e1s, el impacto mental y emocional del evento puede persistir mucho despu\u00e9s de que las heridas f\u00edsicas hayan sanado.<\/p>\n<p>Si ha sufrido lesiones importantes en un accidente automovil\u00edstico, una acci\u00f3n r\u00e1pida es crucial para garantizar una recuperaci\u00f3n r\u00e1pida y evitar complicaciones adicionales. En Georgia Spine and Orthopaedics en Stockbridge, ofrecemos atenci\u00f3n especializada y atenci\u00f3n individualizada para ayudarlo a recuperarse de sus lesiones y recuperar su bienestar.<\/p>\n<p>Para hablar con un especialista en lesiones por accidentes automovil\u00edsticos en nuestra oficina de <a href=\"https:\/\/stockbridgega.org\/\" target=\"_blank\" rel=\"noopener\">Stockbridge<\/a>, llame al [tel\u00e9fono] hoy. Nuestro equipo est\u00e1 aqu\u00ed para apoyarlo en su camino hacia la recuperaci\u00f3n.<\/p>\n<h2>Pasos a seguir despu\u00e9s de un accidente automovil\u00edstico<\/h2>\n<h3>Informe el accidente a la polic\u00eda<\/h3>\n<p>Informe el accidente a la polic\u00eda. Despu\u00e9s de un accidente, el primer paso es comunicarse con la polic\u00eda marcando el 911. No asuma que otra persona har\u00e1 la llamada. La otra parte podr\u00eda intentar disuadirlo de contactar a los servicios de emergencia por varias razones. Sin embargo, tener a la polic\u00eda en el lugar es vital para garantizar que se env\u00eden los primeros auxilios y se presente un informe detallado del accidente.<\/p>\n<h3>Verifique a todas las partes involucradas (qu\u00e9dese quieto)<\/h3>\n<p>Nunca abandone el lugar del accidente. Si es posible, mueva su veh\u00edculo a un lugar seguro. Verifique a otras personas involucradas en el accidente, comenzando por sus pasajeros y luego por otros conductores. Se debe vigilar de cerca a los ni\u00f1os peque\u00f1os para garantizar que puedan realizar movimientos normales y que no sufran angustia. Es posible que usted sea la \u00fanica persona disponible para brindar primeros auxilios hasta que llegue la ayuda.e Polic\u00eda<br \/>\n<img fetchpriority=\"high\" decoding=\"async\" class=\"alignnone size-full wp-image-5921\" src=\"https:\/\/www.gaspineortho.com\/wp-content\/uploads\/2024\/05\/Car-Accident-Stockbridge.jpg\" alt=\"car accident stockbridge\" width=\"500\" height=\"334\" srcset=\"https:\/\/www.gaspineortho.com\/wp-content\/uploads\/2024\/05\/Car-Accident-Stockbridge.jpg 500w, https:\/\/www.gaspineortho.com\/wp-content\/uploads\/2024\/05\/Car-Accident-Stockbridge-300x200.jpg 300w\" sizes=\"(max-width: 500px) 100vw, 500px\" \/><\/p>\n<h3>Intercambiar informaci\u00f3n<\/h3>\n<p>Cuando los agentes de polic\u00eda llegan al lugar del accidente, es posible que los testigos ya se hayan marchado. Por lo tanto, es importante identificar y registrar la informaci\u00f3n de los testigos. Obtenga sus nombres, n\u00fameros de tel\u00e9fono y direcciones. Los testigos independientes pueden ser fundamentales para verificar la secuencia de los acontecimientos si la parte culpable cambia su historia.<\/p>\n<h3>Documentar la escena<\/h3>\n<p>La mayor\u00eda de las personas tienen tel\u00e9fonos inteligentes con c\u00e1maras, lo que facilita documentar la escena del accidente. Capture fotograf\u00edas de veh\u00edculos da\u00f1ados, condiciones de la carretera y lesiones visibles. Las im\u00e1genes de la c\u00e1mara del tablero tambi\u00e9n pueden proporcionar evidencia crucial para establecer la falla.<\/p>\n<p>Busque atenci\u00f3n m\u00e9dica inmediatamente<\/p>\n<p>El shock y la adrenalina pueden enmascarar los s\u00edntomas de una lesi\u00f3n inmediatamente despu\u00e9s de un accidente. Por lo tanto, buscar atenci\u00f3n m\u00e9dica lo antes posible es fundamental. Algunas lesiones, como conmociones cerebrales, hemorragias internas y da\u00f1os en los tejidos blandos, pueden no ser evidentes de inmediato, pero pueden volverse graves si no se tratan.<\/p>\n<h3>Acuda al hospital o sala de emergencias m\u00e1s cercana lo antes posible.<\/h3>\n<p>La detecci\u00f3n y el tratamiento tempranos de las lesiones facilitan una curaci\u00f3n m\u00e1s r\u00e1pida. Retrasar el tratamiento m\u00e9dico puede llevar a los ajustadores de seguros a cuestionar la legitimidad de sus lesiones y disminuir su reclamo.<\/p>\n<h3>Consulte a un abogado de accidentes automovil\u00edsticos en Stockbridge<\/h3>\n<p>Antes de hablar con las compa\u00f1\u00edas de seguros o presentar un reclamo, consulte con un abogado experto en accidentes automovil\u00edsticos. Un abogado experimentado puede encargarse de los tr\u00e1mites y las negociaciones necesarios, permiti\u00e9ndole concentrarse en su recuperaci\u00f3n.<\/p>\n<h2>Tratamiento de lesiones por accidentes automovil\u00edsticos en Georgia Spine and Orthopaedics en Stockbridge<\/h2>\n<p>Una recuperaci\u00f3n completa de las lesiones por accidentes automovil\u00edsticos a menudo implica una combinaci\u00f3n de tratamientos m\u00e9dicos, rehabilitaci\u00f3n, descanso y cambios en el estilo de vida. Estos elementos son vitales para el proceso de curaci\u00f3n general y ayudan a controlar los problemas relacionados con el dolor f\u00edsico y las lesiones.<\/p>\n<h3>Manejando el dolor<\/h3>\n<p>El <a href=\"https:\/\/www.gaspineortho.com\/es\/stockbridge\/el-manejo-del-dolor\/\">el manejo del dolor<\/a> es crucial para las v\u00edctimas de accidentes. Nuestros m\u00e9dicos de accidentes automovil\u00edsticos utilizan varias t\u00e9cnicas comprobadas para mejorar la comodidad y aliviar el dolor. Dependiendo de la gravedad de la lesi\u00f3n, los tratamientos pueden incluir analg\u00e9sicos t\u00f3picos, medicamentos y terapias no invasivas como acupuntura y atenci\u00f3n quiropr\u00e1ctica.<\/p>\n<p>T\u00e9cnicas comunes de manejo del dolor:<\/p>\n<h4>Medicamentos:<\/h4>\n<p>Esencial para el alivio del dolor a corto plazo y para apoyar el tratamiento general. Estos pueden administrarse como <a href=\"https:\/\/www.gaspineortho.com\/es\/stockbridge\/inyecciones-medicas\/\">inyecciones dirigidas a \u00e1reas espec\u00edficas o como medicamentos recetados<\/a>, como los antiinflamatorios no esteroides. (AINE).<\/p>\n<h4>Atenci\u00f3n quiropr\u00e1ctica:<\/h4>\n<p>Los quiropr\u00e1cticos diagnostican y tratan afecciones musculoesquel\u00e9ticas, especialmente aquellas que afectan la columna. A trav\u00e9s de ajustes y manipulaciones, los tratamientos quiropr\u00e1cticos ayudan a reducir el dolor y restaurar la movilidad, beneficiando las lesiones del cuello, el dolor de espalda y el movimiento general.<\/p>\n<h4>Intervenciones quir\u00fargicas:<\/h4>\n<p>En algunos casos, puede ser necesaria una cirug\u00eda para reparar las lesiones sufridas en un accidente automovil\u00edstico, como lesiones internas o desgarros graves de ligamentos. Las t\u00e9cnicas quir\u00fargicas modernas son menos invasivas y m\u00e1s efectivas para promover la curaci\u00f3n.<\/p>\n<h4>Aumento de la movilidad:<\/h4>\n<p>Aumentar la movilidad tambi\u00e9n es vital para la recuperaci\u00f3n. Tratamientos como <a href=\"https:\/\/www.gaspineortho.com\/stockbridge\/physical-therapy\/\">fisioterapia<\/a>, acupuntura, terapia ocupacional y otras terapias especializadas suelen formar parte del proceso de rehabilitaci\u00f3n. Este enfoque se centra en mejorar la movilidad, la funci\u00f3n y la fuerza, ayud\u00e1ndole a recuperar la independencia y la normalidad en la vida diaria.<\/p>\n<h4>Fisioterapia:<\/h4>\n<p>Los fisioterapeutas eval\u00faan las lesiones y desarrollan planes de tratamiento personalizados para reducir el dolor, mejorar la movilidad y recuperar la fuerza. Las t\u00e9cnicas incluyen terapia manual, ejercicios y modalidades como terapia con calor y hielo.<\/p>\n<h4>Terapia de masaje:<\/h4>\n<p>Esta terapia pr\u00e1ctica implica manipular tendones, m\u00fasculos y tejidos blandos para promover la relajaci\u00f3n y mejorar la circulaci\u00f3n sangu\u00ednea. El masaje puede ayudar a reducir la rigidez muscular, aumentar el rango de movimiento y mejorar la curaci\u00f3n general.<\/p>\n<p><img decoding=\"async\" width=\"500\" height=\"334\" class=\"alignnone size-full wp-image-5922\" src=\"https:\/\/www.gaspineortho.com\/wp-content\/uploads\/2024\/05\/massage-therapy-stockbridge.jpg\" alt=\"masaje terapia stockbridge\" srcset=\"https:\/\/www.gaspineortho.com\/wp-content\/uploads\/2024\/05\/massage-therapy-stockbridge.jpg 500w, https:\/\/www.gaspineortho.com\/wp-content\/uploads\/2024\/05\/massage-therapy-stockbridge-300x200.jpg 300w\" sizes=\"(max-width: 500px) 100vw, 500px\" \/><\/p>\n<h4>Enfoques alternativos:<\/h4>\n<p>Las terapias no convencionales como la acupuntura se pueden combinar con otros tratamientos para aumentar la movilidad y aliviar el dolor. Es esencial consultar a profesionales experimentados para determinar las mejores terapias para sus necesidades.<\/p>\n<h2>El papel de la atenci\u00f3n m\u00e9dica en casos de lesiones personales<\/h2>\n<p>Buscar atenci\u00f3n m\u00e9dica inmediata despu\u00e9s de un accidente automovil\u00edstico es fundamental, incluso si duda de la gravedad de sus lesiones. Algunas lesiones aparentemente menores pueden ocultar problemas graves, y consultar a un m\u00e9dico tambi\u00e9n es vital si presenta un reclamo por lesiones personales.<\/p>\n<h3>Documentar lesiones<\/h3>\n<p>Cuanto m\u00e1s tiempo pase antes de consultar a un m\u00e9dico despu\u00e9s de un accidente, m\u00e1s f\u00e1cil ser\u00e1 para la parte culpable argumentar que sus lesiones no fueron causadas por el accidente. La atenci\u00f3n m\u00e9dica inmediata ayuda a establecer un v\u00ednculo entre sus lesiones y el incidente, lo que dificulta que el acusado afirme lo contrario.<\/p>\n<h3>Requisitos de seguro<\/h3>\n<p>Ciertas p\u00f3lizas de seguro requieren que usted consulte a un m\u00e9dico calificado para que la cobertura entre en vigor. Adem\u00e1s, se necesitan pruebas s\u00f3lidas al presentar una demanda o reclamaci\u00f3n de seguro relacionada con una lesi\u00f3n. La parte culpable y su aseguradora o abogado exigir\u00e1n algo m\u00e1s que su palabra para pagar sus lesiones.<\/p>\n<p>Obtener atenci\u00f3n m\u00e9dica inmediata despu\u00e9s de un accidente automovil\u00edstico es vital para proteger su salud y respaldar su reclamo por lesiones. Si ha estado involucrado en un accidente, busque atenci\u00f3n m\u00e9dica inmediata para documentar las lesiones y obtener una compensaci\u00f3n.<\/p>\n<h2>\u00bfPor qu\u00e9 elegir Georgia Spine and Orthopaedics en Stockbridge?<\/h2>\n<p>En Georgia Spine and Orthopaedics, entendemos los desaf\u00edos \u00fanicos que enfrentan las v\u00edctimas de accidentes automovil\u00edsticos. Nuestro enfoque integral y nuestro equipo de expertos est\u00e1n dedicados a brindar la mejor atenci\u00f3n posible.<\/p>\n<h3>Atenci\u00f3n compasiva e integral<\/h3>\n<p>Brindamos una variedad de servicios, desde diagn\u00f3stico y planificaci\u00f3n de tratamiento hasta fisioterapia y manejo del dolor. Nuestro compasivo equipo comprende el estr\u00e9s y el trauma que implica la recuperaci\u00f3n de un accidente automovil\u00edstico.<\/p>\n<h3>Planes de tratamiento personalizados<\/h3>\n<p>Adaptamos cada plan de tratamiento en funci\u00f3n de las lesiones y necesidades individuales. Este enfoque personalizado garantiza resultados de recuperaci\u00f3n \u00f3ptimos.<\/p>\n<h3>Equipo de expertos y colaboraci\u00f3n<\/h3>\n<p>Nuestro equipo incluye m\u00e9dicos, fisioterapeutas y otros profesionales de la salud con amplia experiencia en el tratamiento de lesiones por accidentes automovil\u00edsticos. Trabajamos juntos para ofrecer la atenci\u00f3n m\u00e1s eficaz posible.<\/p>\n<h3>Comunicaci\u00f3n transparente<\/h3>\n<p>Explicamos claramente su diagn\u00f3stico y opciones de tratamiento y colaboramos con usted durante todo el proceso de recuperaci\u00f3n. Nuestro objetivo es guiarlo hacia una recuperaci\u00f3n completa.<\/p>\n<h3>Tipos de lesiones por accidentes automovil\u00edsticos que tratamos<\/h3>\n<p>Los accidentes automovil\u00edsticos causan lesiones variadas, desde menores hasta que alteran la vida. Estas son las lesiones comunes que tratamos:<\/p>\n<h3>Latigazo cervical<\/h3>\n<p>Una lesi\u00f3n de los tejidos blandos del cuello causada por un movimiento r\u00e1pido de la cabeza. Los s\u00edntomas incluyen dolor de cuello, rigidez, dolores de cabeza y mareos.<\/p>\n<h3>Lesiones de espalda y m\u00e9dula espinal<\/h3>\n<p>Estas lesiones van desde esguinces y torceduras hasta hernias de disco y par\u00e1lisis.<\/p>\n<h3>Lesiones de tejidos blandos<\/h3>\n<p>Estos involucran m\u00fasculos, ligamentos y tendones, causando dolor, hinchaz\u00f3n y hematomas.<\/p>\n<h3>Huesos rotos<\/h3>\n<p>Los accidentes pueden romper huesos, especialmente en las costillas, piernas, brazos y tobillos.<\/p>\n<h3>Lesi\u00f3n cerebral traum\u00e1tica (TBI)<\/h3>\n<p>Un golpe en la cabeza durante un accidente puede provocar una lesi\u00f3n cerebral traum\u00e1tica, desde conmociones cerebrales leves hasta da\u00f1o cerebral grave. Los s\u00edntomas var\u00edan desde dolores de cabeza y mareos hasta p\u00e9rdida de memoria y dificultad para concentrarse.<\/p>\n<h2>Cu\u00e1ndo buscar tratamiento m\u00e9dico<\/h2>\n<p>No demore la atenci\u00f3n m\u00e9dica despu\u00e9s de un accidente automovil\u00edstico. La evaluaci\u00f3n inmediata es fundamental en los siguientes casos:<\/p>\n<p><strong>P\u00e9rdida del conocimiento:<\/strong> Incluso una breve p\u00e9rdida del conocimiento indica una posible lesi\u00f3n en la cabeza.<\/p>\n<p><strong>Dolores de cabeza, mareos o confusi\u00f3n:<\/strong> estos s\u00edntomas pueden indicar una conmoci\u00f3n cerebral.<\/p>\n<p><strong>Dolor de cuello o espalda:<\/strong> el dolor aqu\u00ed podr\u00eda indicar lesiones graves como latigazo cervical.<\/p>\n<p><strong>Entumecimiento u hormigueo:<\/strong> estas sensaciones pueden indicar da\u00f1o a los nervios.<\/p>\n<p><strong>Lesiones visibles:<\/strong> los cortes o fracturas necesitan atenci\u00f3n para prevenir complicaciones.<\/p>\n<p><strong>Dificultad para respirar:<\/strong> Esto podr\u00eda indicar lesiones internas.<\/p>\n<p><strong>Dolor persistente:<\/strong> El dolor que empeora o se prolonga requiere una evaluaci\u00f3n m\u00e9dica.<\/p>\n<h2>C\u00f3mo le ayudamos a recuperarse<\/h2>\n<p>En Georgia Spine and Orthopaedics en Stockbridge, nuestra prioridad es guiarlo durante su recuperaci\u00f3n. Esto es lo que puede esperar:<\/p>\n<h3>Trato compasivo<\/h3>\n<p>Reconocemos el costo f\u00edsico y emocional de un accidente automovil\u00edstico. Nuestro equipo brinda atenci\u00f3n respetuosa y solidaria durante todo su viaje de recuperaci\u00f3n.<\/p>\n<h3>Servicios Integrales<\/h3>\n<p>Ofrecemos una amplia gama de servicios, desde la evaluaci\u00f3n inicial hasta planes de tratamiento personalizados y atenci\u00f3n continua.<\/p>\n<h3>Enfoque personalizado<\/h3>\n<p>Cada plan de tratamiento est\u00e1 personalizado para abordar sus lesiones espec\u00edficas y promover los mejores resultados de recuperaci\u00f3n.<\/p>\n<h3>Atenci\u00f3n colaborativa<\/h3>\n<p>Trabajamos estrechamente con usted, explic\u00e1ndole diagn\u00f3sticos y opciones de tratamiento, asegur\u00e1ndonos de que est\u00e9 informado e involucrado en su atenci\u00f3n.<\/p>\n<h3>Profesionales experimentados<\/h3>\n<p>Nuestro equipo de m\u00e9dicos, fisioterapeutas y profesionales de la salud tienen una amplia experiencia en el tratamiento de lesiones por accidentes automovil\u00edsticos.<\/p>\n<p>El camino hacia la recuperaci\u00f3n puede ser desafiante, pero con el apoyo adecuado se puede recorrer con \u00e9xito. En Georgia Spine and Orthopaedics, estamos comprometidos a brindarle la atenci\u00f3n necesaria para una recuperaci\u00f3n completa. No espere para recibir la atenci\u00f3n m\u00e9dica que se merece. Programe una cita con un <a href=\"https:\/\/www.gaspineortho.com\/es\/stockbridge\/medico-accidente-automovilistico\/\">m\u00e9dico de accidentes automovil\u00edsticos de Stockbridge<\/a> hoy llamando al [tel\u00e9fono] y dando el primer paso su camino hacia la recuperaci\u00f3n.<\/p>\n<p><img decoding=\"async\" class=\"alignnone size-full wp-image-3286\" src=\"https:\/\/www.gaspineortho.com\/wp-content\/uploads\/2020\/12\/ga-spine-ortho-docs-e1715801958933.webp\" alt=\"Equipo de columna y ortopedia de Georgia\" width=\"500\" height=\"273\" \/><\/p>\n<h2>Comun\u00edquese con Georgia Spine and Orthopaedics en Stockbridge hoy<\/h2>\n<p>Los accidentes automovil\u00edsticos pueden ser eventos que cambian la vida con largos procesos de recuperaci\u00f3n. Sin embargo, con el tratamiento adecuado podr\u00e1s recuperarte plenamente y recuperar tu calidad de vida. El primer paso es una evaluaci\u00f3n m\u00e9dica en Georgia Spine and Orthopaedics.<\/p>\n<p>Nuestros profesionales se especializan en detectar y tratar lesiones graves de forma eficaz. Ofrecemos una gama completa de tratamientos para controlar el dolor, mejorar la movilidad y facilitar la recuperaci\u00f3n completa.<\/p>\n<p>Si usted o un ser querido result\u00f3 herido en un accidente automovil\u00edstico, no espere para buscar atenci\u00f3n m\u00e9dica. Ll\u00e1menos al <a href=\"tel:+16789294494\"><i class=\"fa fa-phone-alt\"><\/i>678-929-4494<\/a> hoy para hablar con nuestros representantes y programar una cita. Ofrecemos citas el mismo d\u00eda para v\u00edctimas de lesiones por accidentes automovil\u00edsticos.<\/p>\n","protected":false},"excerpt":{"rendered":"<p>Estar involucrado en un accidente automovil\u00edstico puede ser una experiencia traum\u00e1tica que lo deja desorientado e impotente. Incluso si el accidente parece menor, las lesiones f\u00edsicas sufridas pueden ser debilitantes. Adem\u00e1s, el impacto mental y emocional del evento puede persistir mucho despu\u00e9s de que las heridas f\u00edsicas hayan sanado. Si ha sufrido lesiones importantes en [&hellip;]<\/p>\n","protected":false},"author":44,"featured_media":0,"parent":7603,"menu_order":0,"comment_status":"closed","ping_status":"closed","template":"","meta":{"_acf_changed":false,"footnotes":""},"categories":[],"tags":[],"class_list":["post-6886","page","type-page","status-publish","hentry"],"acf":[],"_links":{"self":[{"href":"https:\/\/www.gaspineortho.com\/es\/wp-json\/wp\/v2\/pages\/6886","targetHints":{"allow":["GET"]}}],"collection":[{"href":"https:\/\/www.gaspineortho.com\/es\/wp-json\/wp\/v2\/pages"}],"about":[{"href":"https:\/\/www.gaspineortho.com\/es\/wp-json\/wp\/v2\/types\/page"}],"author":[{"embeddable":true,"href":"https:\/\/www.gaspineortho.com\/es\/wp-json\/wp\/v2\/users\/44"}],"replies":[{"embeddable":true,"href":"https:\/\/www.gaspineortho.com\/es\/wp-json\/wp\/v2\/comments?post=6886"}],"version-history":[{"count":5,"href":"https:\/\/www.gaspineortho.com\/es\/wp-json\/wp\/v2\/pages\/6886\/revisions"}],"predecessor-version":[{"id":7645,"href":"https:\/\/www.gaspineortho.com\/es\/wp-json\/wp\/v2\/pages\/6886\/revisions\/7645"}],"up":[{"embeddable":true,"href":"https:\/\/www.gaspineortho.com\/es\/wp-json\/wp\/v2\/pages\/7603"}],"wp:attachment":[{"href":"https:\/\/www.gaspineortho.com\/es\/wp-json\/wp\/v2\/media?parent=6886"}],"wp:term":[{"taxonomy":"category","embeddable":true,"href":"https:\/\/www.gaspineortho.com\/es\/wp-json\/wp\/v2\/categories?post=6886"},{"taxonomy":"post_tag","embeddable":true,"href":"https:\/\/www.gaspineortho.com\/es\/wp-json\/wp\/v2\/tags?post=6886"}],"curies":[{"name":"wp","href":"https:\/\/api.w.org\/{rel}","templated":true}]}}