{"id":6883,"date":"2024-05-17T09:45:21","date_gmt":"2024-05-17T14:45:21","guid":{"rendered":"https:\/\/www.gaspineortho.com\/workplace-injury-treatment\/"},"modified":"2024-09-09T13:55:36","modified_gmt":"2024-09-09T18:55:36","slug":"tratamiento-de-lesiones-en-el-trabajo","status":"publish","type":"page","link":"https:\/\/www.gaspineortho.com\/es\/college-park\/tratamiento-de-lesiones-en-el-trabajo\/","title":{"rendered":"Tratamiento de lesiones en el lugar de trabajo de College Park"},"content":{"rendered":"<p>Lamentablemente, las lesiones laborales son comunes y pueden ser debilitantes. A menudo surgen de entornos peligrosos, exposici\u00f3n a sustancias nocivas y las exigencias f\u00edsicas del trabajo. Desde ca\u00eddas hasta lesiones por estr\u00e9s repetitivo como la tendinitis, las lesiones laborales pueden causar un dolor significativo. Si no se tratan, estas lesiones pueden convertirse en afecciones m\u00e1s graves, por lo que la evaluaci\u00f3n y el tratamiento m\u00e9dicos oportunos son esenciales.<\/p>\n<p>En Georgia Spine &amp; Ortopedia en College Park, nuestra prioridad es ayudarte a regresar a tu rutina r\u00e1pidamente y con el m\u00ednimo dolor. Nuestro equipo de expertos trata un amplio espectro de afecciones y ofrece planes de atenci\u00f3n individualizados adaptados a sus necesidades espec\u00edficas. Ya sea que necesite atenci\u00f3n urgente o intervenciones quir\u00fargicas avanzadas para controlar el dolor, estamos comprometidos a apoyarlo durante su proceso de recuperaci\u00f3n y tratamiento.<\/p>\n<p>\u00a1Ll\u00e1manos hoy al [tel\u00e9fono]!<\/p>\n<h2>Pasos a seguir despu\u00e9s de una lesi\u00f3n laboral<\/h2>\n<p>Si sufre una lesi\u00f3n laboral en College Park, Georgia, debe seguir los siguientes pasos.<\/p>\n<h3>Informe la lesi\u00f3n inmediatamente<\/h3>\n<p>Informe de inmediato a su supervisor sobre el incidente. Si es posible, presente un informe escrito detallando lo sucedido y la naturaleza de sus lesiones.<\/p>\n<h3>Buscar atenci\u00f3n m\u00e9dica<\/h3>\n<p>Tu salud es lo primero. Incluso si la lesi\u00f3n parece menor, haga que lo examine un m\u00e9dico calificado en lesiones laborales de College Park. En caso de lesiones graves, visite la sala de emergencias o un centro de atenci\u00f3n de urgencia local. Siga meticulosamente los consejos y el plan de tratamiento de su m\u00e9dico.<\/p>\n<h3>Documentar todo<\/h3>\n<p>Mantenga registros de todos los informes m\u00e9dicos, facturas y cualquier comunicaci\u00f3n con su empleador o su compa\u00f1\u00eda de seguros. Esta documentaci\u00f3n es vital para cualquier reclamaci\u00f3n de <a href=\"https:\/\/sbwc.georgia.gov\/\" target=\"_blank\" rel=\"noopener\">compensaci\u00f3n laboral<\/a>.<\/p>\n<h3>Regresar al trabajo solo cuando est\u00e9 completamente recuperado<\/h3>\n<p>Evite reanudar el trabajo hasta que se haya recuperado por completo para evitar prolongar el proceso de curaci\u00f3n o empeorar la lesi\u00f3n. Consulte con nuestro equipo m\u00e9dico para obtener orientaci\u00f3n sobre cu\u00e1ndo es seguro regresar.<\/p>\n<h2>Causas comunes de lesiones laborales<\/h2>\n<p>Si bien algunas industrias, como la construcci\u00f3n, son m\u00e1s peligrosas que otras, los accidentes laborales pueden ocurrir en cualquier entorno. Estas son algunas de las formas m\u00e1s comunes en que las personas sufren una lesi\u00f3n en el lugar de trabajo.<\/p>\n<h3>Lesiones por esfuerzo excesivo<\/h3>\n<p>Estos ocurren por actividades extenuantes como levantar, tirar, empujar y lanzar.<\/p>\n<h3>Resbalones y tropezones<\/h3>\n<p>Muchos empleados resultan lesionados al caer sobre superficies mojadas o irregulares o al tropezar con obst\u00e1culos.<\/p>\n<h3>Ca\u00eddas desde alturas<\/h3>\n<p>Estas son causadas por ca\u00eddas desde \u00e1reas elevadas como techos, escaleras o escaleras.<\/p>\n<h3>Lesiones por reacci\u00f3n<\/h3>\n<p>Las distensiones musculares y los traumatismos corporales pueden deberse a resbalones o tropezones sin caerse.<\/p>\n<h3>Lesiones por ca\u00edda de objetos<\/h3>\n<p>Esto sucede cuando los objetos caen de los estantes o se dejan caer, lo que a menudo provoca lesiones graves en la cabeza.<\/p>\n<p><a href=\"https:\/\/www.gaspineortho.com\/wp-content\/uploads\/2024\/05\/shutterstock_1848610903-min.jpg\"><img fetchpriority=\"high\" decoding=\"async\" class=\"alignnone size-full wp-image-5946\" src=\"https:\/\/www.gaspineortho.com\/wp-content\/uploads\/2024\/05\/shutterstock_1848610903-min.jpg\" alt=\"Workplace Injury, Boxes Falling on Warehouse Worker\" width=\"500\" height=\"282\" srcset=\"https:\/\/www.gaspineortho.com\/wp-content\/uploads\/2024\/05\/shutterstock_1848610903-min.jpg 500w, https:\/\/www.gaspineortho.com\/wp-content\/uploads\/2024\/05\/shutterstock_1848610903-min-300x169.jpg 300w\" sizes=\"(max-width: 500px) 100vw, 500px\" \/><\/a><\/p>\n<h3>Colisiones con objetos estacionarios<\/h3>\n<p>Son comunes las colisiones accidentales con paredes, puertas, armarios, mesas y sillas.<\/p>\n<h3>Accidentes de veh\u00edculos<\/h3>\n<p>Lesiones sufridas al conducir para actividades relacionadas con el trabajo, a menudo como resultado de colisiones automovil\u00edsticas.<\/p>\n<h3>Accidentes de maquinaria<\/h3>\n<p>Las lesiones causadas por maquinaria y equipos pesados \u200b\u200bson comunes en las f\u00e1bricas.<\/p>\n<h3>Lesiones por movimientos repetitivos<\/h3>\n<p>El da\u00f1o causado por acciones repetitivas, como escribir, puede provocar afecciones como <a href=\"https:\/\/www.mayoclinic.org\/diseases-conditions\/carpal-tunnel-syndrome\/symptoms-causes\/syc-20355603\" target=\" _blank\" rel=\"noopener\">s\u00edndrome del t\u00fanel carpiano<\/a>, distensiones musculares y dolor de espalda.<\/p>\n<h2>Medidas preventivas de accidentes laborales<\/h2>\n<p>Las siguientes estrategias pueden ayudar a prevenir lesiones en el lugar de trabajo.<\/p>\n<h3>Forma y t\u00e9cnica adecuadas<\/h3>\n<p>Utilice la forma y t\u00e9cnica correctas para diversas tareas para reducir la tensi\u00f3n y el riesgo de lesiones. Use vestimenta adecuada para evitar que la ropa holgada quede atrapada en la maquinaria.<\/p>\n<h3>Descansos regulares<\/h3>\n<p>Tome descansos regulares para descansar y estirarse. Incluso en entornos de oficina, los movimientos y estiramientos frecuentes pueden prevenir la fatiga y las lesiones por uso excesivo.<\/p>\n<h3>Uso apropiado del equipo<\/h3>\n<p>El uso de las herramientas y equipos adecuados para las tareas reduce los riesgos de accidentes y lesiones. Participe en capacitaci\u00f3n para aprender a operar equipos y realizar tareas de manera segura.<\/p>\n<h3>Informe inmediato de lesiones<\/h3>\n<p>Informe inmediatamente las lesiones a los supervisores para permitir un tratamiento oportuno y medidas de seguridad en el lugar de trabajo contra futuros accidentes.<\/p>\n<h2>Tipos comunes de lesiones relacionadas con el trabajo<\/h2>\n<h3>Lesiones musculoesquel\u00e9ticas<\/h3>\n<p>Estos afectan a m\u00fasculos, ligamentos, tendones, articulaciones y huesos. Surgen por movimientos repetitivos, uso excesivo o trauma. Los ejemplos incluyen torceduras, esguinces, s\u00edndrome del t\u00fanel carpiano, <a href=\"https:\/\/www.mayoclinic.org\/diseases-conditions\/tendinitis\/symptoms-causes\/syc-20378243\" target=\"_blank\" rel=\"noopener\"> tendinitis<\/a> y bursitis.<\/p>\n<h3>Dislocaciones<\/h3>\n<p>Ocurren cuando un hueso se desplaza de su posici\u00f3n normal, a menudo debido a ca\u00eddas u otros eventos traum\u00e1ticos.<\/p>\n<h3>Fracturas<\/h3>\n<p>Los huesos rotos suelen ser el resultado de accidentes, incluidos resbalones, ca\u00eddas e impactos directos.<\/p>\n<h3>Lesiones de la columna cervical<\/h3>\n<p>Las lesiones en la zona del cuello pueden tener repercusiones graves, como da\u00f1o a la m\u00e9dula espinal, par\u00e1lisis o incluso la muerte. Los accidentes laborales suelen causar estas lesiones.<\/p>\n<h3>Lesiones de la columna tor\u00e1cica<\/h3>\n<p>Ubicadas debajo de la zona cervical, las lesiones de la columna tor\u00e1cica pueden afectar la respiraci\u00f3n y la postura, derivadas de accidentes de alto impacto.<\/p>\n<h3>Lesiones de la columna lumbar<\/h3>\n<p>Las lesiones en la parte baja de la espalda pueden afectar la funci\u00f3n de la cadera y las piernas, y a veces necesitan dispositivos de apoyo.<\/p>\n<h3>Hernias Discales<\/h3>\n<p>Una hernia de disco ocurre cuando el centro blando y gelatinoso de un disco espinal sobresale a trav\u00e9s de un desgarro en el exterior resistente. Una hernia de disco a veces se denomina hernia de disco o rotura de disco. Cuando los discos espinales se hernian, pueden comprimir los nervios, provocando dolor y entumecimiento.<\/p>\n<h3>Lesiones de la m\u00e9dula espinal<\/h3>\n<p>Las lesiones directas a la m\u00e9dula espinal pueden causar par\u00e1lisis o p\u00e9rdida de funci\u00f3n, lo que requiere atenci\u00f3n inmediata.<\/p>\n<p><a href=\"https:\/\/www.gaspineortho.com\/wp-content\/uploads\/2024\/05\/shutterstock_2128527452-min.jpg\"><img decoding=\"async\" class=\"alignnone size-full wp-image-5947\" src=\"https:\/\/www.gaspineortho.com\/wp-content\/uploads\/2024\/05\/shutterstock_2128527452-min.jpg\" alt=\"College Park Workplace Injury Doctor\" width=\"500\" height=\"364\" srcset=\"https:\/\/www.gaspineortho.com\/wp-content\/uploads\/2024\/05\/shutterstock_2128527452-min.jpg 500w, https:\/\/www.gaspineortho.com\/wp-content\/uploads\/2024\/05\/shutterstock_2128527452-min-300x218.jpg 300w\" sizes=\"(max-width: 500px) 100vw, 500px\" \/><\/a><\/p>\n<h2>Enfoques de tratamiento de las lesiones laborales<\/h2>\n<p>Para lesiones menores, los tratamientos incluyen reposo, hielo, compresi\u00f3n y elevaci\u00f3n (RICE). Los casos m\u00e1s graves pueden requerir fisioterapia, medicaci\u00f3n o cirug\u00eda.<\/p>\n<p>Priorizamos los tratamientos no invasivos, comenzando con medicamentos, ejercicio, terapia y rehabilitaci\u00f3n. S\u00f3lo cuando estos m\u00e9todos no funcionan consideramos opciones quir\u00fargicas.<\/p>\n<h3>Manejo del dolor<\/h3>\n<p>Nuestro equipo ofrece diversos tratamientos para aliviar el dolor causado por lesiones laborales. Estas t\u00e9cnicas de <a href=\"https:\/\/www.gaspineortho.com\/college-park\/pain-management\/\">control del dolor<\/a> van desde ejercicios espec\u00edficos hasta planes de medicaci\u00f3n personalizados. Tambi\u00e9n utilizamos inyecciones para aliviar el dolor y bloqueos nerviosos.<\/p>\n<h3>Fisioterapia<\/h3>\n<p>Nuestros programas de <a href=\"https:\/\/www.gaspineortho.com\/college-park\/physical-therapy\/\">fisioterapia<\/a> est\u00e1n dise\u00f1ados para optimizar la curaci\u00f3n musculoesquel\u00e9tica, mejorar la movilidad y restaurar la fuerza.<\/p>\n<h3>Medicina Regenerativa<\/h3>\n<p>Utilizamos t\u00e9cnicas como la terapia con plasma rico en plaquetas (PRP) para ayudar al proceso de curaci\u00f3n natural del cuerpo, tratando eficazmente afecciones como tendinitis, bursitis y artritis.<\/p>\n<h3>Tratamiento de huesos rotos<\/h3>\n<p>Nos especializamos en el tratamiento de fracturas, desde lesiones menores por estr\u00e9s hasta roturas completas. Para lesiones que requieren estabilizaci\u00f3n, utilizamos aparatos ortop\u00e9dicos y yesos. Podemos recomendar cirug\u00eda ortop\u00e9dica para fracturas graves.<\/p>\n<h3>Cirug\u00eda Ortop\u00e9dica<\/h3>\n<p>Realizamos una variedad de procedimientos quir\u00fargicos para abordar afecciones de la columna como estenosis, hernia de disco y enfermedad degenerativa del disco. Estas <a href=\"https:\/\/www.gaspineortho.com\/college-park\/orthopedic-surgery\/\">cirug\u00edas ortop\u00e9dicas<\/a> tienen como objetivo mejorar la movilidad y aliviar el dolor.<\/p>\n<h3>Tratamientos de columna no quir\u00fargicos<\/h3>\n<p>Hemos desarrollado tratamientos no quir\u00fargicos especializados que incluyen medicamentos recetados, inyecciones de esteroides, ablaci\u00f3n por radiofrecuencia, terapia cognitiva, acupuntura e inyecciones en las articulaciones.<\/p>\n<h3>Reemplazo de articulaciones<\/h3>\n<p>Brindamos servicios de reemplazo de articulaciones para articulaciones da\u00f1adas o enfermas, utilizando t\u00e9cnicas avanzadas para obtener resultados seguros y precisos.<\/p>\n<h2>\u00bfPor qu\u00e9 elegir a nuestros m\u00e9dicos de lesiones laborales en College Park?<\/h2>\n<p>Columna vertebral de Georgia y La ortopedia se compromete a ayudarle a volver a su vida despu\u00e9s de una lesi\u00f3n laboral. Nuestro equipo tiene la experiencia, la compasi\u00f3n y los conocimientos para guiarlo a trav\u00e9s del proceso de recuperaci\u00f3n.<\/p>\n<h3>Atenci\u00f3n y soporte integral<\/h3>\n<p>En Georgia Spine &amp; Ortopedia, nos enfocamos en su bienestar f\u00edsico y comodidad emocional durante el proceso de curaci\u00f3n. Estamos aqu\u00ed para ofrecerle atenci\u00f3n y apoyo compasivos mientras se recupera.<\/p>\n<h3>Tratamientos personalizados<\/h3>\n<p>Nuestros planes de tratamiento est\u00e1n dise\u00f1ados para satisfacer los requisitos individuales, garantizando que cada paciente reciba la atenci\u00f3n m\u00e1s adecuada para su afecci\u00f3n.<\/p>\n<h3>Equipo experimentado<\/h3>\n<p>Nuestro equipo est\u00e1 formado por m\u00e9dicos compasivos y capacitados con experiencia en el manejo del dolor, cirug\u00eda ortop\u00e9dica y <a href=\"https:\/\/www.gaspineortho.com\/college-park\/neurology\/\">neurolog\u00eda<\/a>.<\/p>\n<h2>Programe su cita hoy<\/h2>\n<p><a href=\"https:\/\/www.gaspineortho.com\/es\/\">Georgia Spine &amp; Ortopedia<\/a> comprende la importancia de la atenci\u00f3n oportuna. Cuando reserva una cita con nosotros, comenzamos por diagnosticar minuciosamente su lesi\u00f3n y personalizar su plan de tratamiento.<\/p>\n<p>Cont\u00e1ctenos hoy al [tel\u00e9fono] para programar una cita y comenzar su viaje hacia la recuperaci\u00f3n de una lesi\u00f3n laboral.<\/p>\n","protected":false},"excerpt":{"rendered":"<p>Lamentablemente, las lesiones laborales son comunes y pueden ser debilitantes. A menudo surgen de entornos peligrosos, exposici\u00f3n a sustancias nocivas y las exigencias f\u00edsicas del trabajo. Desde ca\u00eddas hasta lesiones por estr\u00e9s repetitivo como la tendinitis, las lesiones laborales pueden causar un dolor significativo. Si no se tratan, estas lesiones pueden convertirse en afecciones m\u00e1s [&hellip;]<\/p>\n","protected":false},"author":25,"featured_media":0,"parent":7563,"menu_order":0,"comment_status":"closed","ping_status":"closed","template":"","meta":{"_acf_changed":false,"footnotes":""},"categories":[],"tags":[],"class_list":["post-6883","page","type-page","status-publish","hentry"],"acf":[],"_links":{"self":[{"href":"https:\/\/www.gaspineortho.com\/es\/wp-json\/wp\/v2\/pages\/6883","targetHints":{"allow":["GET"]}}],"collection":[{"href":"https:\/\/www.gaspineortho.com\/es\/wp-json\/wp\/v2\/pages"}],"about":[{"href":"https:\/\/www.gaspineortho.com\/es\/wp-json\/wp\/v2\/types\/page"}],"author":[{"embeddable":true,"href":"https:\/\/www.gaspineortho.com\/es\/wp-json\/wp\/v2\/users\/25"}],"replies":[{"embeddable":true,"href":"https:\/\/www.gaspineortho.com\/es\/wp-json\/wp\/v2\/comments?post=6883"}],"version-history":[{"count":4,"href":"https:\/\/www.gaspineortho.com\/es\/wp-json\/wp\/v2\/pages\/6883\/revisions"}],"predecessor-version":[{"id":9386,"href":"https:\/\/www.gaspineortho.com\/es\/wp-json\/wp\/v2\/pages\/6883\/revisions\/9386"}],"up":[{"embeddable":true,"href":"https:\/\/www.gaspineortho.com\/es\/wp-json\/wp\/v2\/pages\/7563"}],"wp:attachment":[{"href":"https:\/\/www.gaspineortho.com\/es\/wp-json\/wp\/v2\/media?parent=6883"}],"wp:term":[{"taxonomy":"category","embeddable":true,"href":"https:\/\/www.gaspineortho.com\/es\/wp-json\/wp\/v2\/categories?post=6883"},{"taxonomy":"post_tag","embeddable":true,"href":"https:\/\/www.gaspineortho.com\/es\/wp-json\/wp\/v2\/tags?post=6883"}],"curies":[{"name":"wp","href":"https:\/\/api.w.org\/{rel}","templated":true}]}}