{"id":6882,"date":"2024-05-17T09:50:43","date_gmt":"2024-05-17T14:50:43","guid":{"rendered":"https:\/\/www.gaspineortho.com\/x-ray-services\/"},"modified":"2024-06-03T15:07:14","modified_gmt":"2024-06-03T20:07:14","slug":"servicios-de-rayos-x","status":"publish","type":"page","link":"https:\/\/www.gaspineortho.com\/es\/college-park\/servicios-de-rayos-x\/","title":{"rendered":"Servicios de rayos X de College Park"},"content":{"rendered":"<p>Experimentar un accidente automovil\u00edstico puede ser aterrador y desorientador. Muchas veces, las personas salen de un accidente sinti\u00e9ndose conmocionadas e inseguras del alcance de sus lesiones. A menudo, la adrenalina puede enmascarar el dolor, por lo que es esencial buscar atenci\u00f3n m\u00e9dica de inmediato, incluidas im\u00e1genes de rayos X de un m\u00e9dico especialista en accidentes automovil\u00edsticos de College Park, incluso si inicialmente se siente bien.<\/p>\n<p>En Georgia Spine &amp; Ortopedia, nuestro equipo dedicado de profesionales m\u00e9dicos experimentados est\u00e1 comprometido a brindar atenci\u00f3n integral a las v\u00edctimas de accidentes automovil\u00edsticos en <a href=\"https:\/\/www.collegeparkga.com\" target=\"_blank\" rel=\"noopener\">College Park<\/a>.<\/p>\n<p><span style=\"font-weight: 400;\"><\/span><\/p>\n<h2>Por qu\u00e9 la atenci\u00f3n m\u00e9dica despu\u00e9s de un accidente automovil\u00edstico es crucial<\/h2>\n<p>Incluso los accidentes automovil\u00edsticos menores pueden provocar lesiones graves. El impacto puede causar da\u00f1os ocultos en m\u00fasculos, ligamentos y huesos que s\u00f3lo pueden verse mediante im\u00e1genes de rayos X. Es posible que los s\u00edntomas no aparezcan de inmediato y retrasar la atenci\u00f3n m\u00e9dica puede empeorar su afecci\u00f3n y alargar su tiempo de recuperaci\u00f3n.<\/p>\n<p>Una evaluaci\u00f3n exhaustiva por parte de un m\u00e9dico especialista en accidentes automovil\u00edsticos de College Park es crucial por varias razones:<\/p>\n<h3>Diagn\u00f3stico y tratamiento<\/h3>\n<p>Un m\u00e9dico puede identificar lesiones y crear un plan de tratamiento personalizado para ayudar en su recuperaci\u00f3n.<\/p>\n<h3>Documentaci\u00f3n m\u00e9dica<\/h3>\n<p>Los registros m\u00e9dicos de sus lesiones sirven como evidencia crucial si necesita presentar un reclamo de seguro.<\/p>\n<h3>Recuperaci\u00f3n mejorada<\/h3>\n<p>La intervenci\u00f3n m\u00e9dica temprana puede mejorar sus posibilidades de una recuperaci\u00f3n completa y minimizar el riesgo de complicaciones a largo plazo.<\/p>\n<h2>Beneficios del tratamiento m\u00e9dico despu\u00e9s de un accidente automovil\u00edstico<\/h2>\n<p>Despu\u00e9s de un accidente automovil\u00edstico, una oleada de adrenalina y un shock inicial pueden enmascarar el alcance de sus lesiones y provocar la necesidad de una radiograf\u00eda. Buscar atenci\u00f3n m\u00e9dica de un m\u00e9dico especialista en accidentes automovil\u00edsticos de College Park lo antes posible ofrece numerosos beneficios m\u00e1s all\u00e1 del alivio inmediato del dolor. He aqu\u00ed un vistazo m\u00e1s de cerca a por qu\u00e9 la atenci\u00f3n m\u00e9dica inmediata es esencial:<\/p>\n<h3>Garantizar un diagn\u00f3stico y tratamiento oportunos<\/h3>\n<p>Una evaluaci\u00f3n m\u00e9dica integral que incluya rayos X es fundamental para identificar lesiones ocultas. Los accidentes automovil\u00edsticos pueden causar diversas lesiones de tejidos blandos, como latigazo cervical, que pueden no mostrar s\u00edntomas inmediatos. Tambi\u00e9n pueden presentarse lesiones internas, como da\u00f1os a \u00f3rganos o hemorragias, sin signos evidentes.<\/p>\n<p>Un m\u00e9dico puede realizar un examen exhaustivo, que incluye im\u00e1genes de rayos X, resonancias magn\u00e9ticas u otras pruebas de im\u00e1genes, para diagnosticar problemas subyacentes. La detecci\u00f3n temprana y el tratamiento adecuado son esenciales para una curaci\u00f3n \u00f3ptima y la prevenci\u00f3n de complicaciones.<\/p>\n<h3>Registros m\u00e9dicos detallados<\/h3>\n<p>Un registro m\u00e9dico detallado de su m\u00e9dico sirve como documentaci\u00f3n esencial si necesita presentar un reclamo por lesiones personales. Este registro registrar\u00e1 la fecha del accidente, la naturaleza de sus lesiones, im\u00e1genes pertinentes como im\u00e1genes de rayos X, el tratamiento que recibi\u00f3 y el progreso de su recuperaci\u00f3n.<\/p>\n<p>Esta documentaci\u00f3n fortalece su caso cuando busca compensaci\u00f3n por facturas m\u00e9dicas, salarios perdidos y otros da\u00f1os al vincular claramente sus lesiones con el accidente.<\/p>\n<h3>Optimizar la recuperaci\u00f3n y prevenir problemas a largo plazo<\/h3>\n<p>La intervenci\u00f3n m\u00e9dica temprana es crucial para maximizar el potencial de recuperaci\u00f3n. Un m\u00e9dico crear\u00e1 un plan de tratamiento personalizado adaptado a sus lesiones espec\u00edficas. Este plan puede incluir analg\u00e9sicos, <a href=\"https:\/\/www.gaspineortho.com\/atlanta\/physical-therapy\/\">fisioterapia<\/a>, ejercicios de rehabilitaci\u00f3n u otras modalidades para promover la curaci\u00f3n y restaurar la funci\u00f3n.<\/p>\n<p>La atenci\u00f3n m\u00e9dica inmediata puede reducir el tiempo de recuperaci\u00f3n, minimizar el dolor y el malestar y reducir el riesgo de dolor cr\u00f3nico o complicaciones a largo plazo como artritis o debilidad muscular.<\/p>\n<h3>Fortalecimiento de sus derechos legales<\/h3>\n<p>Los casos de accidentes automovil\u00edsticos a menudo pueden resultar en disputas legales sobre culpa y compensaci\u00f3n. Tener un historial m\u00e9dico documentado de sus lesiones, incluidas im\u00e1genes de rayos X, fortalece su posici\u00f3n legal. Esta documentaci\u00f3n proporciona evidencia clara del impacto del accidente en su salud, lo que puede ser fundamental si su caso llega a los tribunales.<\/p>\n<h2>Personalizar planes de tratamiento para cada paciente<\/h2>\n<p>En Georgia Spine &amp; En ortopedia, entendemos que no hay dos accidentes automovil\u00edsticos iguales y que las lesiones que causan pueden variar ampliamente. Es por eso que adaptamos planes de tratamiento para abordar sus necesidades y lesiones espec\u00edficas.<br \/>\nNuestro equipo realiza una evaluaci\u00f3n integral, que incluye un examen f\u00edsico, una revisi\u00f3n de su historial m\u00e9dico y cualquier prueba de im\u00e1genes necesaria, incluida una radiograf\u00eda. Con base en esta evaluaci\u00f3n, desarrollamos un plan de tratamiento que puede incluir:<\/p>\n<h3>Fisioterapia<\/h3>\n<p>Un programa de ejercicios personalizado para mejorar la fuerza, la flexibilidad, el rango de movimiento y el equilibrio.<\/p>\n<h3>Inyecciones<\/h3>\n<p>Inyecciones de corticosteroides para reducir la inflamaci\u00f3n y el dolor en \u00e1reas espec\u00edficas.<\/p>\n<h3>Cirug\u00eda<\/h3>\n<p>En algunos casos, puede ser necesaria una cirug\u00eda ortop\u00e9dica para reparar fracturas u otras lesiones graves.<\/p>\n<h2>Especialistas en accidentes automovil\u00edsticos<\/h2>\n<p>Nuestro equipo de m\u00e9dicos especializados en accidentes automovil\u00edsticos de College Park incluye:<\/p>\n<h3>Cirujanos ortop\u00e9dicos<\/h3>\n<p>Expertos en diagnosticar, tratar y prevenir lesiones y trastornos musculoesquel\u00e9ticos.<\/p>\n<h3>Especialistas en el manejo del dolor<\/h3>\n<p>M\u00e9dicos centrados en el alivio del dolor cr\u00f3nico.<\/p>\n<h3>Fisioterapeutas<\/h3>\n<p>Profesionales de la salud autorizados que crean y supervisan programas de ejercicio personalizados para mejorar el movimiento y la funci\u00f3n.<\/p>\n<p>Colaboramos para garantizar que reciba la atenci\u00f3n m\u00e1s completa y eficaz posible.<\/p>\n<h2>Tipos de lesiones por accidentes automovil\u00edsticos que pueden necesitar una radiograf\u00eda<\/h2>\n<p>Los accidentes automovil\u00edsticos pueden causar una variedad de lesiones, desde golpes menores hasta condiciones que cambian la vida. Estas son algunas de las lesiones por accidentes automovil\u00edsticos m\u00e1s comunes que tratamos:<\/p>\n<h3>Latigazo cervical<\/h3>\n<p>Esta lesi\u00f3n de los tejidos blandos del cuello ocurre cuando la cabeza se mueve r\u00e1pidamente hacia adelante y hacia atr\u00e1s. Los s\u00edntomas incluyen dolor de cuello, rigidez, dolores de cabeza y mareos.<\/p>\n<h3>Lesiones de espalda y m\u00e9dula espinal<\/h3>\n<p>Los accidentes automovil\u00edsticos pueden causar diversas lesiones en la espalda y la m\u00e9dula espinal, desde esguinces y torceduras hasta hernias discales e incluso par\u00e1lisis.<\/p>\n<h3>Lesiones de tejidos blandos<\/h3>\n<p>Estas lesiones involucran m\u00fasculos, ligamentos y tendones, lo que provoca dolor, hinchaz\u00f3n y hematomas.<\/p>\n<h3>Huesos rotos<\/h3>\n<p>El impacto de un accidente automovil\u00edstico puede romper huesos f\u00e1cilmente, especialmente en las costillas, piernas, brazos y tobillos. La mejor manera de diagnosticar una fractura es mediante im\u00e1genes de rayos X.<\/p>\n<h3>Lesi\u00f3n cerebral traum\u00e1tica (TBI)<\/h3>\n<p>Un golpe en la cabeza durante un accidente automovil\u00edstico puede causar una lesi\u00f3n cerebral traum\u00e1tica, que va desde conmociones cerebrales leves hasta da\u00f1o cerebral grave. Los s\u00edntomas var\u00edan seg\u00fan la gravedad, pero pueden incluir dolores de cabeza, mareos, p\u00e9rdida de memoria y dificultad para concentrarse.<\/p>\n<h2>Cu\u00e1ndo buscar tratamiento m\u00e9dico<\/h2>\n<p>No espere para buscar atenci\u00f3n m\u00e9dica despu\u00e9s de un accidente automovil\u00edstico. La evaluaci\u00f3n m\u00e9dica inmediata es crucial en las siguientes situaciones:<\/p>\n<h3>P\u00e9rdida del conocimiento<\/h3>\n<p>Incluso una breve p\u00e9rdida del conocimiento puede indicar una lesi\u00f3n en la cabeza y requiere atenci\u00f3n inmediata.<\/p>\n<h3>Dolores de cabeza, mareos o confusi\u00f3n<\/h3>\n<p>Estos s\u00edntomas pueden sugerir una conmoci\u00f3n cerebral u otra lesi\u00f3n en la cabeza.<\/p>\n<h3>Dolor de cuello o espalda<\/h3>\n<p>El dolor en el cuello o la espalda podr\u00eda indicar una lesi\u00f3n grave, como un latigazo cervical o una lesi\u00f3n de la m\u00e9dula espinal.<\/p>\n<h3>Entumecimiento u hormigueo<\/h3>\n<p>Estas sensaciones pueden indicar da\u00f1o a los nervios y requerir una evaluaci\u00f3n m\u00e9dica.<\/p>\n<h3>Lesiones visibles<\/h3>\n<p>Los cortes, laceraciones o huesos rotos necesitan atenci\u00f3n m\u00e9dica para prevenir infecciones y garantizar una curaci\u00f3n adecuada.<\/p>\n<h3>Dificultad para respirar<\/h3>\n<p>La dificultad para respirar podr\u00eda indicar lesiones internas y requiere atenci\u00f3n m\u00e9dica inmediata.<\/p>\n<h3>Dolor persistente<\/h3>\n<p>Si su dolor empeora o persiste durante varios d\u00edas, consulte a un m\u00e9dico para descartar lesiones subyacentes.<\/p>\n<h2>C\u00f3mo nuestro equipo puede ayudarle<\/h2>\n<p>En Georgia Spine &amp; Ortopedia, nuestros m\u00e9dicos de accidentes automovil\u00edsticos de College Park se dedican a ayudarlo a recuperarse de sus lesiones. Esto es lo que puede esperar cuando nos elige:<\/p>\n<h3>Cuidado compasivo<\/h3>\n<p>Entendemos el estr\u00e9s f\u00edsico y emocional de un accidente automovil\u00edstico. Nuestro equipo lo trata con respeto y compasi\u00f3n durante su viaje de recuperaci\u00f3n.<\/p>\n<h3>Planes de tratamiento personalizados<\/h3>\n<p>Adaptamos planes de tratamiento para abordar sus necesidades y lesiones espec\u00edficas.<\/p>\n<h3>Equipo experimentado<\/h3>\n<p>Nuestros m\u00e9dicos, fisioterapeutas y otros profesionales de la salud tienen una amplia experiencia en el tratamiento de lesiones por accidentes automovil\u00edsticos.<\/p>\n<h3>Diagn\u00f3stico e Im\u00e1genes<\/h3>\n<p>El diagn\u00f3stico eficaz es el primer paso en un plan de tratamiento exitoso. En Georgia Spine &amp; En ortopedia, aprovechamos las modernas herramientas de diagn\u00f3stico y la tecnolog\u00eda de im\u00e1genes, como los rayos X, para proporcionar evaluaciones precisas.<\/p>\n<p><a href=\"https:\/\/www.gaspineortho.com\/wp-content\/uploads\/2024\/05\/shutterstock_92399947.webp\"><img fetchpriority=\"high\" decoding=\"async\" class=\"alignnone wp-image-5929 size-full\" src=\"https:\/\/www.gaspineortho.com\/wp-content\/uploads\/2024\/05\/shutterstock_92399947.webp\" alt=\"X-Ray action shot\" width=\"500\" height=\"334\" srcset=\"https:\/\/www.gaspineortho.com\/wp-content\/uploads\/2024\/05\/shutterstock_92399947.webp 500w, https:\/\/www.gaspineortho.com\/wp-content\/uploads\/2024\/05\/shutterstock_92399947-300x200.webp 300w\" sizes=\"(max-width: 500px) 100vw, 500px\" \/><\/a><\/p>\n<h3>Im\u00e1genes de rayos X<\/h3>\n<p>Las im\u00e1genes de rayos X son fundamentales para identificar fracturas y lesiones articulares. Son r\u00e1pidos, no invasivos y brindan informaci\u00f3n fundamental para crear un plan de tratamiento eficaz.<\/p>\n<h3>Resonancia magn\u00e9tica y tomograf\u00eda computarizada<\/h3>\n<p>Las exploraciones por resonancia magn\u00e9tica y tomograf\u00eda computarizada ofrecen im\u00e1genes detalladas de los tejidos blandos, los m\u00fasculos y las estructuras internas, lo que nos permite detectar lesiones que los rayos X podr\u00edan pasar por alto.<\/p>\n<h3>Ultrasonido<\/h3>\n<p>Los ultrasonidos son particularmente \u00fatiles para diagnosticar lesiones de tejidos blandos y monitorear el progreso de la curaci\u00f3n sin exponerlo a la radiaci\u00f3n.<\/p>\n<h3>Atenci\u00f3n quiropr\u00e1ctica<\/h3>\n<p>La atenci\u00f3n quiropr\u00e1ctica se centra en diagnosticar y tratar lesiones musculoesquel\u00e9ticas mediante t\u00e9cnicas no invasivas como ajustes de la columna y manipulaci\u00f3n manual.<\/p>\n<h3>Manejo del dolor<\/h3>\n<p>El manejo eficaz del dolor es crucial para la recuperaci\u00f3n. Nuestros especialistas desarrollan planes individualizados de manejo del dolor, que incluyen medicamentos, fisioterapia y otros m\u00e9todos.<\/p>\n<h3>Rehabilitaci\u00f3n y Recuperaci\u00f3n<\/h3>\n<p>La rehabilitaci\u00f3n posterior al tratamiento es vital para recuperar la fuerza y \u200b\u200bla funci\u00f3n. Nuestros programas de rehabilitaci\u00f3n personalizados ayudan a los pacientes a lograr una recuperaci\u00f3n completa.<\/p>\n<h3>Fisioterapia<\/h3>\n<p>Nuestros fisioterapeutas experimentados dise\u00f1an programas de ejercicios para restaurar la fuerza, la flexibilidad y el equilibrio.<\/p>\n<h3>Terapia Ocupacional<\/h3>\n<p>La terapia ocupacional ayuda a los pacientes a reaprender las actividades diarias y recuperar la independencia despu\u00e9s de lesiones graves.<\/p>\n<h3>Asesoramiento sobre nutrici\u00f3n y estilo de vida<\/h3>\n<p>Una nutrici\u00f3n adecuada y un estilo de vida saludable juegan un papel importante en la recuperaci\u00f3n. Ofrecemos asesoramiento para garantizar que los pacientes reciban una atenci\u00f3n integral.<\/p>\n<h3>Apoyo legal y de seguros<\/h3>\n<p>Gestionar asuntos legales y de seguros despu\u00e9s de un accidente automovil\u00edstico puede ser un desaf\u00edo. Proporcionamos orientaci\u00f3n y apoyo para ayudarle a gestionar estos aspectos.<\/p>\n<h3>Asistencia para reclamaciones de seguros<\/h3>\n<p>Ayudamos a los pacientes a documentar lesiones y presentar reclamaciones de seguro para obtener una compensaci\u00f3n por facturas m\u00e9dicas, salarios perdidos y otros da\u00f1os.<\/p>\n<h3>Referencias legales<\/h3>\n<p>Si es necesario, podemos derivarlo a abogados con experiencia en lesiones personales para ayudarlo a navegar el proceso legal.<\/p>\n<h2>\u00bfQu\u00e9 debo hacer inmediatamente despu\u00e9s de un accidente automovil\u00edstico?<\/h2>\n<p>Primero, busque atenci\u00f3n m\u00e9dica incluso si se siente bien. Documente la escena del accidente, recopile informaci\u00f3n de los testigos y comun\u00edquese con su compa\u00f1\u00eda de seguros.<\/p>\n<h2>\u00bfC\u00f3mo s\u00e9 si necesito una radiograf\u00eda o una resonancia magn\u00e9tica?<\/h2>\n<p><a href=\"https:\/\/www.gaspineortho.com\/wp-content\/uploads\/2024\/05\/shutterstock_1603054813.webp\"><img decoding=\"async\" class=\"alignnone wp-image-5933 size-full\" src=\"https:\/\/www.gaspineortho.com\/wp-content\/uploads\/2024\/05\/shutterstock_1603054813.webp\" alt=\"X-Ray action shot\" width=\"500\" height=\"334\" srcset=\"https:\/\/www.gaspineortho.com\/wp-content\/uploads\/2024\/05\/shutterstock_1603054813.webp 500w, https:\/\/www.gaspineortho.com\/wp-content\/uploads\/2024\/05\/shutterstock_1603054813-300x200.webp 300w\" sizes=\"(max-width: 500px) 100vw, 500px\" \/><\/a><\/p>\n<p>Su m\u00e9dico determinar\u00e1 la necesidad de realizar im\u00e1genes seg\u00fan sus s\u00edntomas y los hallazgos del examen f\u00edsico. Las radiograf\u00edas se utilizan normalmente para evaluar los huesos, mientras que las resonancias magn\u00e9ticas proporcionan im\u00e1genes detalladas de los tejidos blandos.<\/p>\n<h2>\u00bfPuedo buscar ayuda legal si el accidente no fue culpa m\u00eda?<\/h2>\n<p>S\u00ed, puede buscar ayuda legal para reclamar una compensaci\u00f3n si el accidente fue causado por la negligencia de otra persona. Podemos derivarlo a abogados con experiencia en lesiones personales.<\/p>\n<h2>\u00a1Llame hoy a nuestros m\u00e9dicos de accidentes automovil\u00edsticos de College Park!<\/h2>\n<p>Estar involucrado en un accidente automovil\u00edstico puede ser una experiencia que cambie la vida. El camino hacia la recuperaci\u00f3n puede ser largo y desafiante, pero no es necesario que lo recorra solo. En Georgia Spine &amp; Ortopedia, nuestros m\u00e9dicos de accidentes automovil\u00edsticos de College Park est\u00e1n aqu\u00ed para ayudarlo a sanar.<\/p>\n<p>Ofrecemos atenci\u00f3n integral que incluye im\u00e1genes de rayos X, planes de tratamiento personalizados y un equipo de profesionales experimentados dedicados a su recuperaci\u00f3n. No espere para recibir la atenci\u00f3n m\u00e9dica que se merece. \u00a1Programe una cita con un m\u00e9dico especializado en accidentes automovil\u00edsticos de College Park hoy! Ll\u00e1menos al [tel\u00e9fono] para comenzar su camino haciarecovery.<\/p>\n","protected":false},"excerpt":{"rendered":"<p>Experimentar un accidente automovil\u00edstico puede ser aterrador y desorientador. Muchas veces, las personas salen de un accidente sinti\u00e9ndose conmocionadas e inseguras del alcance de sus lesiones. A menudo, la adrenalina puede enmascarar el dolor, por lo que es esencial buscar atenci\u00f3n m\u00e9dica de inmediato, incluidas im\u00e1genes de rayos X de un m\u00e9dico especialista en accidentes [&hellip;]<\/p>\n","protected":false},"author":25,"featured_media":0,"parent":7563,"menu_order":0,"comment_status":"closed","ping_status":"closed","template":"","meta":{"_acf_changed":false,"footnotes":""},"categories":[],"tags":[],"class_list":["post-6882","page","type-page","status-publish","hentry"],"acf":[],"_links":{"self":[{"href":"https:\/\/www.gaspineortho.com\/es\/wp-json\/wp\/v2\/pages\/6882","targetHints":{"allow":["GET"]}}],"collection":[{"href":"https:\/\/www.gaspineortho.com\/es\/wp-json\/wp\/v2\/pages"}],"about":[{"href":"https:\/\/www.gaspineortho.com\/es\/wp-json\/wp\/v2\/types\/page"}],"author":[{"embeddable":true,"href":"https:\/\/www.gaspineortho.com\/es\/wp-json\/wp\/v2\/users\/25"}],"replies":[{"embeddable":true,"href":"https:\/\/www.gaspineortho.com\/es\/wp-json\/wp\/v2\/comments?post=6882"}],"version-history":[{"count":3,"href":"https:\/\/www.gaspineortho.com\/es\/wp-json\/wp\/v2\/pages\/6882\/revisions"}],"predecessor-version":[{"id":7890,"href":"https:\/\/www.gaspineortho.com\/es\/wp-json\/wp\/v2\/pages\/6882\/revisions\/7890"}],"up":[{"embeddable":true,"href":"https:\/\/www.gaspineortho.com\/es\/wp-json\/wp\/v2\/pages\/7563"}],"wp:attachment":[{"href":"https:\/\/www.gaspineortho.com\/es\/wp-json\/wp\/v2\/media?parent=6882"}],"wp:term":[{"taxonomy":"category","embeddable":true,"href":"https:\/\/www.gaspineortho.com\/es\/wp-json\/wp\/v2\/categories?post=6882"},{"taxonomy":"post_tag","embeddable":true,"href":"https:\/\/www.gaspineortho.com\/es\/wp-json\/wp\/v2\/tags?post=6882"}],"curies":[{"name":"wp","href":"https:\/\/api.w.org\/{rel}","templated":true}]}}