{"id":6881,"date":"2024-05-17T10:19:45","date_gmt":"2024-05-17T15:19:45","guid":{"rendered":"https:\/\/www.gaspineortho.com\/truck-accident-injury-treatment\/"},"modified":"2024-07-15T10:16:42","modified_gmt":"2024-07-15T15:16:42","slug":"tratamiento-de-lesiones-por-accidente-de-camion","status":"publish","type":"page","link":"https:\/\/www.gaspineortho.com\/es\/suwanee\/tratamiento-de-lesiones-por-accidente-de-camion\/","title":{"rendered":"Tratamiento de lesiones por accidentes de camiones en Suwanee"},"content":{"rendered":"<p>Estar involucrado en un accidente de cami\u00f3n es una experiencia traum\u00e1tica. El tama\u00f1o y el peso de los camiones suelen provocar lesiones m\u00e1s graves que los accidentes automovil\u00edsticos t\u00edpicos, lo que tiene consecuencias a largo plazo.<\/p>\n<p>Si ha sufrido lesiones en un accidente de cami\u00f3n en Suwanee, es crucial buscar tratamiento inmediato y profesional para lesiones por accidentes de camiones. En Georgia Spine &amp; Ortopedia Suwanee, nos enfocamos en diagnosticar y tratar lesiones resultantes de accidentes de camiones con experiencia y compasi\u00f3n.<\/p>\n<h2>Ayuda inmediata para v\u00edctimas de accidentes de camiones<\/h2>\n<p>Nuestro equipo se dedica a ayudar a las v\u00edctimas a controlar el dolor, restaurar la fuerza, mejorar la funci\u00f3n en las \u00e1reas afectadas y garantizar una recuperaci\u00f3n r\u00e1pida. Proporcionamos planes de tratamiento especializados y estrategias de rehabilitaci\u00f3n efectivas para mejorar la calidad de vida general de nuestros pacientes.<\/p>\n<p><strong>\u00a1No esperes! Ll\u00e1menos al [tel\u00e9fono] para comenzar su viaje de recuperaci\u00f3n hoy.<\/strong><\/p>\n<p><img fetchpriority=\"high\" decoding=\"async\" class=\"alignnone wp-image-6488 size-full\" src=\"https:\/\/www.gaspineortho.com\/wp-content\/uploads\/2024\/05\/truck-accident-treatment-1.webp\" alt=\"Suwanee Truck Accident Injury Treatment team providing comprehensive care to a collision victim.\" width=\"500\" height=\"340\" srcset=\"https:\/\/www.gaspineortho.com\/wp-content\/uploads\/2024\/05\/truck-accident-treatment-1.webp 500w, https:\/\/www.gaspineortho.com\/wp-content\/uploads\/2024\/05\/truck-accident-treatment-1-300x204.webp 300w\" sizes=\"(max-width: 500px) 100vw, 500px\" \/><\/p>\n<h2>Pasos a seguir despu\u00e9s de un accidente de cami\u00f3n<\/h2>\n<p>Experimentar un accidente de cami\u00f3n puede ser abrumador. Sin embargo, es vital mantener la calma y tomar las medidas necesarias para proteger su salud y sus derechos legales.<\/p>\n<h3>Esto es lo que debe hacer inmediatamente despu\u00e9s de un accidente de cami\u00f3n:<\/h3>\n<ol>\n<li><strong>Llame a los servicios de emergencia<\/strong>: comun\u00edquese con los servicios de emergencia para asegurarse de que el accidente est\u00e9 documentado y se brinde la asistencia adecuada. La polic\u00eda recopilar\u00e1 informaci\u00f3n, evaluar\u00e1 las lesiones y crear\u00e1 un informe oficial del accidente, que tiene un valor incalculable para reclamaciones de seguros y asuntos legales.<\/li>\n<li><strong>Verifique a los dem\u00e1s involucrados (permanezca en la escena):<\/strong> verifique la condici\u00f3n de los dem\u00e1s involucrados si puede. Solicite asistencia m\u00e9dica si alguien resulta herido. Independientemente de la culpa, permanezca en el lugar hasta que llegue la polic\u00eda para evitar repercusiones legales.<\/li>\n<li><strong>Intercambiar informaci\u00f3n<\/strong>: intercambie datos de contacto, informaci\u00f3n del seguro y datos de la licencia de conducir con el conductor del cami\u00f3n y otras partes involucradas. Anote el n\u00famero de placa, la marca, el modelo y el color del cami\u00f3n. Re\u00fana los datos de contacto de cualquier testigo que pueda proporcionar observaciones valiosas.<\/li>\n<li><strong>Documente la escena<\/strong>: utilice su tel\u00e9fono para tomar fotograf\u00edas o v\u00eddeos de la escena del accidente desde m\u00faltiples \u00e1ngulos. Capture im\u00e1genes de da\u00f1os en veh\u00edculos, marcas de derrape, condiciones de la carretera, se\u00f1ales de tr\u00e1fico y otros detalles relevantes. Estas im\u00e1genes son evidencia cr\u00edtica para reclamos de seguros o procesos legales.<\/li>\n<li><strong>Evite admitir culpa:<\/strong> Abstenerse de admitir culpa o hacer declaraciones que puedan implicar responsabilidad. C\u00ed\u00f1ete a las descripciones objetivas del incidente sin asignar culpas.<\/li>\n<li><strong>Busque atenci\u00f3n m\u00e9dica<\/strong>: incluso si no se siente gravemente herido, busque atenci\u00f3n m\u00e9dica profesional de inmediato. Es posible que algunas lesiones, como el latigazo cervical o el trauma interno, no muestren s\u00edntomas inmediatos. Una evaluaci\u00f3n m\u00e9dica exhaustiva puede descubrir lesiones ocultas y proporcionar documentaci\u00f3n esencial para su reclamo de seguro o caso legal.<\/li>\n<li><strong>Consulte a un abogado especializado en accidentes de camiones<\/strong>: ponerse en contacto con un abogado especializado en accidentes de camiones debe ser una prioridad. Los accidentes de camiones a menudo implican cuestiones legales complejas y contar con un abogado con experiencia puede afectar significativamente el resultado de su caso. Un abogado calificado lo guiar\u00e1 a trav\u00e9s del proceso de reclamos de seguros, reunir\u00e1 pruebas, negociar\u00e1 con las compa\u00f1\u00edas de seguros y lo representar\u00e1 en los tribunales si es necesario.<\/li>\n<\/ol>\n<p><img decoding=\"async\" class=\"alignnone wp-image-6489 size-full\" src=\"https:\/\/www.gaspineortho.com\/wp-content\/uploads\/2024\/05\/truck-accident-injury-treatment.webp\" alt=\"Orthopedic specialist assessing a spine injury from a truck accident in Suwanee.\" width=\"500\" height=\"349\" srcset=\"https:\/\/www.gaspineortho.com\/wp-content\/uploads\/2024\/05\/truck-accident-injury-treatment.webp 500w, https:\/\/www.gaspineortho.com\/wp-content\/uploads\/2024\/05\/truck-accident-injury-treatment-300x209.webp 300w\" sizes=\"(max-width: 500px) 100vw, 500px\" \/><\/p>\n<h2>Lesiones comunes por accidentes de camiones<\/h2>\n<p>Las v\u00edctimas de accidentes de camiones pueden sufrir diversas lesiones, desde leves hasta graves o incluso mortales. Las lesiones comunes incluyen:<\/p>\n<ul>\n<li><a href=\"https:\/\/www.gaspineortho.com\/whiplash-injury\/\" target=\"_blank\" rel=\"noopener\"><strong>Latigazo cervical<\/strong><\/a>: causado por una lesi\u00f3n repentina. Sacudidas de la cabeza y el cuello, que provocan tensi\u00f3n o da\u00f1o a los m\u00fasculos, tendones y ligamentos.<\/li>\n<li><strong>Lesiones cerebrales traum\u00e1ticas (LCT):<\/strong> la fuerza del impacto puede hacer que el cerebro choque con el cr\u00e1neo, lo que provoca lesiones cerebrales traum\u00e1ticas.<\/li>\n<li><strong>Huesos rotos y fracturas<\/strong>: los accidentes de camiones pueden provocar fracturas de huesos en varias partes del cuerpo.<\/li>\n<li><strong>Lesiones de la m\u00e9dula espinal<\/strong>: un traumatismo en la m\u00e9dula espinal puede provocar una par\u00e1lisis parcial o completa.<\/li>\n<li><strong>Lesiones de tejidos blandos<\/strong>: incluyen torceduras, esguinces y desgarros de m\u00fasculos, tendones y ligamentos.<\/li>\n<li><strong>Lesiones por quemaduras<\/strong>: los accidentes que involucran incendios o explosiones pueden causar lesiones por quemaduras.<\/li>\n<li><strong>Lesiones por aplastamiento<\/strong>: quedar atrapado debajo de un cami\u00f3n puede provocar da\u00f1os importantes en m\u00fasculos, huesos y \u00f3rganos internos.<\/li>\n<li><strong>Lesiones internas<\/strong>: un traumatismo contundente puede provocar hemorragia interna y da\u00f1o a \u00f3rganos.<\/li>\n<\/ul>\n<h2>Buscando tratamiento por lesiones por accidentes de camiones: ER o Georgia Spine &amp; \u00bfOrtopedia?<\/h2>\n<p>Si ha estado involucrado en un accidente de cami\u00f3n, es esencial que busque atenci\u00f3n m\u00e9dica de inmediato. En caso de lesiones graves o potencialmente mortales, vaya primero a la sala de emergencias.<\/p>\n<p>Despu\u00e9s del tratamiento inicial, haga un seguimiento con nuestro m\u00e9dico ortop\u00e9dico para una evaluaci\u00f3n adicional y atenci\u00f3n continua, especialmente en el caso de lesiones ortop\u00e9dicas como fracturas de huesos, lesiones de la m\u00e9dula espinal o da\u00f1os en los tejidos blandos.<\/p>\n<p>En Georgia Spine &amp; Ortopedia en Suwanee, nos especializamos en la atenci\u00f3n integral de lesiones musculoesquel\u00e9ticas por accidentes automovil\u00edsticos. Proporcionamos evaluaciones detalladas, pruebas de diagn\u00f3stico como MRI y <a href=\"\/es\/suwanee\/servicios-de-rayos-x\/\" target=\"_blank\" rel=\"noopener\">Rayos X<\/a> y planes de tratamiento personalizados para abordar una amplia gama de lesiones, favoreciendo una r\u00e1pida recuperaci\u00f3n.<\/p>\n<h2>C\u00f3mo le ayudan nuestros m\u00e9dicos de accidentes de camiones de Suwanee<\/h2>\n<p>Nuestro equipo en Georgia Spine &amp; La ortopedia brinda atenci\u00f3n exhaustiva y emp\u00e1tica, adaptada a sus lesiones y necesidades m\u00e9dicas espec\u00edficas. Esto es lo que ofrecemos en su viaje de recuperaci\u00f3n despu\u00e9s de un accidente de cami\u00f3n:<\/p>\n<ul>\n<li><strong>Manejo del dolor<\/strong>: utilizamos un enfoque multimodal para controlar el dolor, incorporando estrategias como el manejo de medicamentos, <a href=\"\/es\/suwanee\/inyecciones-medicas\/\" target=\"_blank\" rel=\"noopener\">procedimientos intervencionistas<\/a> (p. ej., inyecciones epidurales, bloqueos nerviosos), <a href=\"\/es\/suwanee\/fisioterapia\/\" target=\"_blank\" rel=\"noopener\">fisioterapia<\/a> y otros tratamientos no quir\u00fargicos para aliviar el dolor.<\/li>\n<li><strong>Prevenci\u00f3n de da\u00f1os a largo plazo<\/strong>: la intervenci\u00f3n oportuna previene complicaciones a largo plazo como dolor cr\u00f3nico, deterioro funcional y discapacidad a largo plazo. Nuestro equipo ofrece atenci\u00f3n m\u00e9dica oportuna, planes de tratamiento personalizados y programas de rehabilitaci\u00f3n, asegurando una curaci\u00f3n adecuada y monitoreando nuevos s\u00edntomas.<\/li>\n<li><strong>Planes de tratamiento personalizados<\/strong>: nuestros m\u00e9dicos adaptan los planes de tratamiento espec\u00edficamente para cada paciente. Estos planes pueden implicar una combinaci\u00f3n de analg\u00e9sicos, fisioterapia, atenci\u00f3n quiropr\u00e1ctica y otras v\u00edas para promover la curaci\u00f3n y restaurar la funci\u00f3n. Trabajamos estrechamente con usted para lograr resultados \u00f3ptimos y una mejor calidad de vida.<\/li>\n<\/ul>\n<h2>Las lesiones comunes por accidentes de camiones que tratamos incluyen:<\/h2>\n<ul>\n<li><strong>Latigazo cervical<\/strong>: dolor de cuello, rigidez, dolores de cabeza y mareos debido a movimientos r\u00e1pidos de la cabeza.<\/li>\n<li><strong>Lesi\u00f3n cerebral traum\u00e1tica (LCT):<\/strong> dolores de cabeza, mareos, p\u00e9rdida de memoria y dificultades de concentraci\u00f3n debido a un traumatismo craneoencef\u00e1lico.<\/li>\n<li><strong>Huesos rotos y fracturas<\/strong>: lesiones en brazos, piernas, costillas, pelvis y columna.<\/li>\n<li><strong>Lesiones de la m\u00e9dula espinal<\/strong>: par\u00e1lisis parcial o completa por traumatismo espinal.<\/li>\n<li><strong>Lesiones de tejidos blandos<\/strong>: torceduras, esguinces y desgarros de m\u00fasculos, tendones y ligamentos.<\/li>\n<li><strong>Lesiones por quemaduras:<\/strong> Quemaduras por accidentes que involucran fuego o explosiones.<\/li>\n<li><strong>Lesiones por aplastamiento:<\/strong> da\u00f1os a m\u00fasculos, huesos y \u00f3rganos internos al quedar atrapados debajo de veh\u00edculos.<\/li>\n<li><strong>Lesiones internas:<\/strong> Sangrado interno y da\u00f1o a \u00f3rganos debido a un traumatismo contundente.<\/li>\n<\/ul>\n<h2>Por qu\u00e9 deber\u00eda elegir Georgia Spine &amp; Ortopedia en Suwanee para su recuperaci\u00f3n<\/h2>\n<p>Estar involucrado en un accidente de cami\u00f3n a menudo cambia la vida. El camino hacia la recuperaci\u00f3n puede ser largo, pero usted no est\u00e1 solo. En Georgia Spine &amp; Ortopedia en Suwanee, brindamos atenci\u00f3n experta y compasiva para las lesiones por accidentes de camiones. Esto es lo que nos diferencia:<\/p>\n<ul>\n<li><strong>Atenci\u00f3n compasiva<\/strong>: entendemos la carga f\u00edsica y emocional de los accidentes de camiones. Nuestro equipo lo trata con respeto y amabilidad durante su recuperaci\u00f3n.<\/li>\n<li><strong>Servicios integrales<\/strong>: nuestras instalaciones ofrecen una amplia gama de servicios bajo un mismo techo, que incluyen diagn\u00f3stico, planificaci\u00f3n de tratamiento, fisioterapia y <a href=\"\/es\/suwanee\/el-manejo-del-dolor\/\">manejo del dolor<\/a><\/li>\n<li><strong>Enfoque personalizado<\/strong>: personalizamos los planes de tratamiento para abordar las necesidades y lesiones espec\u00edficas de cada paciente.<\/li>\n<li><strong>Comunicaci\u00f3n clara<\/strong>: explicamos claramente su diagn\u00f3stico y opciones de tratamiento, trabajando estrechamente con usted durante todo el proceso de recuperaci\u00f3n.<\/li>\n<li><strong>Equipo experimentado<\/strong>: nuestro equipo est\u00e1 compuesto por m\u00e9dicos, fisioterapeutas y otros profesionales de la salud experimentados capacitados en el tratamiento de lesiones por accidentes de camiones.<\/li>\n<\/ul>\n<h2>Cu\u00e1ndo buscar atenci\u00f3n m\u00e9dica despu\u00e9s de un accidente de cami\u00f3n<\/h2>\n<p>La atenci\u00f3n m\u00e9dica inmediata es fundamental si experimenta alguno de estos s\u00edntomas despu\u00e9s de un accidente de cami\u00f3n:<\/p>\n<ul>\n<li>P\u00e9rdida del conocimiento<\/li>\n<li>Dolores de cabeza, mareos o confusi\u00f3n<\/li>\n<li>Dolor de cuello o espalda<\/li>\n<li>Entumecimiento u hormigueo<\/li>\n<li>Lesiones visibles<\/li>\n<li>Dificultad para respirar<\/li>\n<li>Dolor persistente<\/li>\n<\/ul>\n<h2>P\u00f3ngase en contacto con Georgia Spine &amp; \u00a1Ortopedia Suwanee hoy!<\/h2>\n<p><img decoding=\"async\" class=\"alignnone wp-image-3286 size-full\" src=\"https:\/\/www.gaspineortho.com\/wp-content\/uploads\/2020\/12\/ga-spine-ortho-docs-e1715801958933.webp\" alt=\"The truck accident injury treatment Team of Georgia Spine &amp; Orthopaedics\" width=\"500\" height=\"273\" \/><\/p>\n<p>Las lesiones por accidentes de camiones pueden afectar profundamente su vida. Garantizar que reciba atenci\u00f3n m\u00e9dica inmediata y adecuada es primordial. Columna vertebral de Georgia y Ortopedia Suwanee se dedica a brindar atenci\u00f3n integral a las lesiones musculoesquel\u00e9ticas causadas por accidentes de camiones.<\/p>\n<p>Nuestro equipo de especialistas ofrece evaluaciones de expertos, planes de tratamiento personalizados y apoyo continuo para ayudar a los pacientes a controlar el dolor, evitar da\u00f1os a largo plazo y lograr una recuperaci\u00f3n \u00f3ptima.<\/p>\n<p>Si ha tenido un accidente de cami\u00f3n y siente dolor o problemas de movilidad, no demore en buscar ayuda. P\u00f3ngase en contacto con Georgia Spine &amp; Ortopedia Suwanee hoy al [tel\u00e9fono] para programar una consulta con nuestro equipo experimentado.<\/p>\n<p>Crearemos un plan de tratamiento personalizado para sus lesiones y lo devolveremos al camino hacia la salud y el bienestar.<\/p>\n","protected":false},"excerpt":{"rendered":"<p>Estar involucrado en un accidente de cami\u00f3n es una experiencia traum\u00e1tica. El tama\u00f1o y el peso de los camiones suelen provocar lesiones m\u00e1s graves que los accidentes automovil\u00edsticos t\u00edpicos, lo que tiene consecuencias a largo plazo. Si ha sufrido lesiones en un accidente de cami\u00f3n en Suwanee, es crucial buscar tratamiento inmediato y profesional para [&hellip;]<\/p>\n","protected":false},"author":25,"featured_media":0,"parent":7571,"menu_order":0,"comment_status":"closed","ping_status":"closed","template":"","meta":{"_acf_changed":false,"footnotes":""},"categories":[],"tags":[],"class_list":["post-6881","page","type-page","status-publish","hentry"],"acf":[],"_links":{"self":[{"href":"https:\/\/www.gaspineortho.com\/es\/wp-json\/wp\/v2\/pages\/6881","targetHints":{"allow":["GET"]}}],"collection":[{"href":"https:\/\/www.gaspineortho.com\/es\/wp-json\/wp\/v2\/pages"}],"about":[{"href":"https:\/\/www.gaspineortho.com\/es\/wp-json\/wp\/v2\/types\/page"}],"author":[{"embeddable":true,"href":"https:\/\/www.gaspineortho.com\/es\/wp-json\/wp\/v2\/users\/25"}],"replies":[{"embeddable":true,"href":"https:\/\/www.gaspineortho.com\/es\/wp-json\/wp\/v2\/comments?post=6881"}],"version-history":[{"count":5,"href":"https:\/\/www.gaspineortho.com\/es\/wp-json\/wp\/v2\/pages\/6881\/revisions"}],"predecessor-version":[{"id":8668,"href":"https:\/\/www.gaspineortho.com\/es\/wp-json\/wp\/v2\/pages\/6881\/revisions\/8668"}],"up":[{"embeddable":true,"href":"https:\/\/www.gaspineortho.com\/es\/wp-json\/wp\/v2\/pages\/7571"}],"wp:attachment":[{"href":"https:\/\/www.gaspineortho.com\/es\/wp-json\/wp\/v2\/media?parent=6881"}],"wp:term":[{"taxonomy":"category","embeddable":true,"href":"https:\/\/www.gaspineortho.com\/es\/wp-json\/wp\/v2\/categories?post=6881"},{"taxonomy":"post_tag","embeddable":true,"href":"https:\/\/www.gaspineortho.com\/es\/wp-json\/wp\/v2\/tags?post=6881"}],"curies":[{"name":"wp","href":"https:\/\/api.w.org\/{rel}","templated":true}]}}