{"id":6878,"date":"2024-05-20T14:49:53","date_gmt":"2024-05-20T19:49:53","guid":{"rendered":"https:\/\/www.gaspineortho.com\/low-back-injury\/"},"modified":"2024-07-15T12:50:47","modified_gmt":"2024-07-15T17:50:47","slug":"lesion-lumbar","status":"publish","type":"page","link":"https:\/\/www.gaspineortho.com\/es\/lesion-lumbar\/","title":{"rendered":"Lesi\u00f3n lumbar"},"content":{"rendered":"<p>Lesi\u00f3n lumbar La lesi\u00f3n lumbar es una de las dolencias f\u00edsicas m\u00e1s comunes pero debilitantes y afecta a millones de personas cada a\u00f1o. Ya sea como resultado de un accidente, un levantamiento inadecuado, movimientos repentinos o un riesgo laboral, el impacto de dicha lesi\u00f3n puede alterar significativamente la calidad de vida.<\/p>\n<p>Comprender la naturaleza de esta lesi\u00f3n y saber d\u00f3nde encontrar atenci\u00f3n experta son pasos cruciales hacia la recuperaci\u00f3n. <a href=\"https:\/\/www.gaspineortho.com\/es\/\">Georgia Spine &amp; Orthopaedics<\/a> se especializa en diagnosticar y tratar lesiones lumbares, garantizando que los pacientes puedan regresar a sus actividades diarias de la manera m\u00e1s r\u00e1pida y segura posible.<\/p>\n<h2>Anatom\u00eda de una lesi\u00f3n lumbar<\/h2>\n<p>La espalda baja, o regi\u00f3n lumbar, es una estructura compleja de huesos, articulaciones, nervios, ligamentos y m\u00fasculos interconectados que trabajan juntos para brindar soporte, fuerza y \u200b\u200bflexibilidad al cuerpo. Sin embargo, esta complejidad tambi\u00e9n lo hace vulnerable a sufrir lesiones.<\/p>\n<p>Los tipos comunes de lesiones lumbares incluyen torceduras y esguinces, <a href=\"https:\/\/www.mayoclinic.org\/diseases-conditions\/herniated-disk\/symptoms-causes\/syc-20354095\" target=\"_blank\" rel=\"noopener\">hernias de disco<\/a>, nervios comprimidos y fracturas. Estas lesiones pueden causar una variedad de s\u00edntomas, desde molestias leves hasta dolores intensos y debilitantes, a menudo acompa\u00f1ados de rigidez, movilidad limitada y, en casos graves, dolor irradiado o entumecimiento en las piernas.<\/p>\n<h2>S\u00edntomas de lesi\u00f3n lumbar<\/h2>\n<p>Los s\u00edntomas pueden variar ampliamente seg\u00fan la gravedad y el tipo de lesi\u00f3n. They might include:Los s\u00edntomas pueden variar ampliamente seg\u00fan la gravedad y el tipo de lesi\u00f3n.<\/p>\n<ul>\n<li>Dolores persistentes o rigidez a lo largo de la columna desde la base del cuello hasta el coxis.<\/li>\n<li>Dolor agudo y localizado en el cuello, la parte superior o inferior de la espalda, especialmente despu\u00e9s de levantar objetos pesados \u200b\u200bo realizar otras actividades extenuantes.<\/li>\n<li>Dolor cr\u00f3nico en la parte baja de la espalda despu\u00e9s de estar sentado o de pie durante per\u00edodos prolongados.<\/li>\n<li>Dolor que se irradia desde la parte baja de la espalda hasta las nalgas, hacia los muslos y las pantorrillas y los dedos de los pies.<\/li>\n<li>Incapacidad para mantenerse erguido sin dolor o espasmos musculares en la parte baja de la espalda<\/li>\n<\/ul>\n<h2>Diagn\u00f3stico de una lesi\u00f3n lumbar<\/h2>\n<p>En GA Spine &amp; Orthopaedics, el enfoque para tratar una lesi\u00f3n lumbar comienza con una evaluaci\u00f3n diagn\u00f3stica exhaustiva. Esto puede incluir ex\u00e1menes f\u00edsicos, an\u00e1lisis de antecedentes m\u00e9dicos y pruebas de im\u00e1genes como <a href=\"https:\/\/www.gaspineortho.com\/stockbridge\/x-ray-services\/\">radiograf\u00edas<\/a>, resonancias magn\u00e9ticas o tomograf\u00edas computarizadas. Estos diagn\u00f3sticos ayudan a identificar la naturaleza espec\u00edfica de la lesi\u00f3n y a dise\u00f1ar un plan de tratamiento que mejor se adapte a las necesidades individuales del paciente.<\/p>\n<p><a href=\"https:\/\/www.gaspineortho.com\/wp-content\/uploads\/2024\/05\/shutterstock_653266789.jpg\"><img fetchpriority=\"high\" decoding=\"async\" class=\"alignnone size-full wp-image-6699\" src=\"https:\/\/www.gaspineortho.com\/wp-content\/uploads\/2024\/05\/shutterstock_653266789.jpg\" alt=\"lesi\u00f3n de espalda baja\" width=\"500\" height=\"334\" srcset=\"https:\/\/www.gaspineortho.com\/wp-content\/uploads\/2024\/05\/shutterstock_653266789.jpg 500w, https:\/\/www.gaspineortho.com\/wp-content\/uploads\/2024\/05\/shutterstock_653266789-300x200.jpg 300w, https:\/\/www.gaspineortho.com\/wp-content\/uploads\/2024\/05\/shutterstock_653266789-18x12.jpg 18w\" sizes=\"(max-width: 500px) 100vw, 500px\" \/><\/a><\/p>\n<h2>Opciones de tratamiento para la lesi\u00f3n lumbar<\/h2>\n<p>El tratamiento para las lesiones lumbares puede variar seg\u00fan la gravedad de la lesi\u00f3n y la salud general del paciente. A continuaci\u00f3n se detallan tratamientos comunes que podr\u00edan recomendarse.<\/p>\n<h3>Terapia f\u00edsica<\/h3>\n<p>La <a href=\"https:\/\/www.gaspineortho.com\/es\/atlanta\/terapia-fisica\/\">fisioterapia<\/a>, uno de los tratamientos m\u00e1s eficaces para las lesiones lumbares, ayuda a fortalecer los m\u00fasculos alrededor de la columna, aumentar la flexibilidad y reducir la presi\u00f3n sobre los nervios. Los planes de ejercicio personalizados mejoran la fuerza y \u200b\u200bla resistencia muscular, lo que garantiza un regreso m\u00e1s r\u00e1pido y seguro a las actividades diarias.<\/p>\n<h3>medicamentos<\/h3>\n<p>Para ayudar a <a href=\"https:\/\/www.gaspineortho.com\/es\/atlanta\/el-manejo-del-dolor\/\">controlar el dolor<\/a> y la inflamaci\u00f3n, se pueden recetar medicamentos antiinflamatorios no esteroides (AINE) o analg\u00e9sicos m\u00e1s fuertes. En algunos casos, se utilizan relajantes musculares o <a href=\"https:\/\/www.gaspineortho.com\/marietta\/medical-injections\/\">inyecciones <\/a> de corticosteroides para reducir los espasmos musculares y la inflamaci\u00f3n.<\/p>\n<h3>Atenci\u00f3n quiropr\u00e1ctica<\/h3>\n<p>Los ajustes y manipulaciones realizados por un <a href=\"https:\/\/www.gaspineortho.com\/stockbridge\/chiropractor\/\">quiropr\u00e1ctico <\/a> autorizado a veces pueden aliviar el dolor al garantizar la alineaci\u00f3n adecuada de la estructura musculoesquel\u00e9tica del cuerpo, particularmente la columna.<\/p>\n<h3>Cirug\u00eda<\/h3>\n<p>En los casos en los que los tratamientos conservadores fallan y la lesi\u00f3n es grave, como una compresi\u00f3n nerviosa significativa o una hernia de disco, pueden ser necesarias <a href=\"https:\/\/www.gaspineortho.com\/college-park\/orthopedic-surgery\/\">opciones quir\u00fargicas<\/a>. GA Spine &amp; Orthopaedics ofrece una variedad de tratamientos quir\u00fargicos que incluyen cirug\u00eda de columna m\u00ednimamente invasiva, que generalmente permite tiempos de recuperaci\u00f3n m\u00e1s r\u00e1pidos y menos dolor posoperatorio.<\/p>\n<h3>Modificaciones de estilo de vida<\/h3>\n<p>Educar a los pacientes sobre la postura y la mec\u00e1nica corporal adecuadas, junto con el control del peso y las adaptaciones ergon\u00f3micas en el lugar de trabajo, tambi\u00e9n es crucial para controlar y prevenir el dolor lumbar.<\/p>\n<h2>C\u00f3mo pueden ayudar GA Spine &amp; Orthopaedics<\/h2>\n<p><a href=\"https:\/\/www.gaspineortho.com\/es\/\">GA Spine &amp; Orthopaedics<\/a> excels in treating low back injuries by utilizing a multidisciplinary approach tailored to each patient&#8217;s unique needs. Nuestro equipo de expertos incluye cirujanos ortop\u00e9dicos, especialistas en el manejo del dolor, fisioterapeutas y quiropr\u00e1cticos, todos trabajando juntos para brindar una atenci\u00f3n integral.<\/p>\n<p>Creemos en tratar al paciente como un todo, abordando los s\u00edntomas f\u00edsicos as\u00ed como los factores del estilo de vida que pueden contribuir a los problemas de espalda. Desde su consulta inicial hasta su rehabilitaci\u00f3n, GA Spine &amp; Orthopaedics se dedica a garantizar que reciba el m\u00e1s alto nivel de atenci\u00f3n.<\/p>\n<p>Con nuestras instalaciones de \u00faltima generaci\u00f3n en Atlanta, Marietta y otras ubicaciones en Georgia, la ayuda nunca est\u00e1 lejos. Damos prioridad no solo al tratamiento de sus s\u00edntomas, sino tambi\u00e9n a equiparlo con las herramientas y el conocimiento para mantener una espalda sana y sin dolor mucho despu\u00e9s de que haya dejado nuestro cuidado.<\/p>\n<p>Si sufre una lesi\u00f3n lumbar, haga de GA Spine &amp; Orthopaedics su primera llamada a <a href=\"tel:+16789294494\"><i class=\"fa fa-phone-alt\"><\/i>678-929-4494<\/a>. Conf\u00ede en nosotros para ayudarle a reparar su lesi\u00f3n en la espalda y guiarlo de regreso al camino de una vida activa y plena.<\/p>\n","protected":false},"excerpt":{"rendered":"<p>Lesi\u00f3n lumbar La lesi\u00f3n lumbar es una de las dolencias f\u00edsicas m\u00e1s comunes pero debilitantes y afecta a millones de personas cada a\u00f1o. Ya sea como resultado de un accidente, un levantamiento inadecuado, movimientos repentinos o un riesgo laboral, el impacto de dicha lesi\u00f3n puede alterar significativamente la calidad de vida. Comprender la naturaleza de [&hellip;]<\/p>\n","protected":false},"author":25,"featured_media":0,"parent":0,"menu_order":0,"comment_status":"closed","ping_status":"closed","template":"","meta":{"_acf_changed":false,"footnotes":""},"categories":[],"tags":[],"class_list":["post-6878","page","type-page","status-publish","hentry"],"acf":[],"_links":{"self":[{"href":"https:\/\/www.gaspineortho.com\/es\/wp-json\/wp\/v2\/pages\/6878","targetHints":{"allow":["GET"]}}],"collection":[{"href":"https:\/\/www.gaspineortho.com\/es\/wp-json\/wp\/v2\/pages"}],"about":[{"href":"https:\/\/www.gaspineortho.com\/es\/wp-json\/wp\/v2\/types\/page"}],"author":[{"embeddable":true,"href":"https:\/\/www.gaspineortho.com\/es\/wp-json\/wp\/v2\/users\/25"}],"replies":[{"embeddable":true,"href":"https:\/\/www.gaspineortho.com\/es\/wp-json\/wp\/v2\/comments?post=6878"}],"version-history":[{"count":7,"href":"https:\/\/www.gaspineortho.com\/es\/wp-json\/wp\/v2\/pages\/6878\/revisions"}],"predecessor-version":[{"id":8698,"href":"https:\/\/www.gaspineortho.com\/es\/wp-json\/wp\/v2\/pages\/6878\/revisions\/8698"}],"wp:attachment":[{"href":"https:\/\/www.gaspineortho.com\/es\/wp-json\/wp\/v2\/media?parent=6878"}],"wp:term":[{"taxonomy":"category","embeddable":true,"href":"https:\/\/www.gaspineortho.com\/es\/wp-json\/wp\/v2\/categories?post=6878"},{"taxonomy":"post_tag","embeddable":true,"href":"https:\/\/www.gaspineortho.com\/es\/wp-json\/wp\/v2\/tags?post=6878"}],"curies":[{"name":"wp","href":"https:\/\/api.w.org\/{rel}","templated":true}]}}