{"id":6877,"date":"2024-05-20T15:09:42","date_gmt":"2024-05-20T20:09:42","guid":{"rendered":"https:\/\/www.gaspineortho.com\/elbow-injury\/"},"modified":"2024-05-21T11:53:44","modified_gmt":"2024-05-21T16:53:44","slug":"lesion-del-codo","status":"publish","type":"page","link":"https:\/\/www.gaspineortho.com\/es\/lesion-del-codo\/","title":{"rendered":"Lesi\u00f3n del codo"},"content":{"rendered":"<p>Una lesi\u00f3n en el codo es una consecuencia com\u00fan de diversos accidentes, incluidas ca\u00eddas, lesiones deportivas o impactos directos. El codo es una articulaci\u00f3n compleja que combina los huesos del antebrazo (radio y c\u00fabito) con la parte superior del brazo (h\u00famero), lo que permite movimientos tanto de flexi\u00f3n como de rotaci\u00f3n. Las lesiones en esta \u00e1rea pueden afectar gravemente la capacidad de realizar tareas cotidianas, desde movimientos simples como levantar objetos hasta actividades m\u00e1s complejas que implican torcer o doblar el brazo.<\/p>\n<h2>Tipos de lesiones de codo<\/h2>\n<p>Las lesiones comunes del codo por accidentes incluyen:<\/p>\n<p><strong>Fracturas:<\/strong> rotura de uno o m\u00e1s huesos que forman la articulaci\u00f3n del codo. Estas pueden variar desde simples grietas hasta otras complejas en las que el hueso se rompe o se desplaza.<br \/>\n<strong>Luxaciones:<\/strong> ocurre cuando los huesos del codo se ven obligados a salir de su posici\u00f3n normal, lo que generalmente resulta en un dolor intenso e incapacidad para mover la articulaci\u00f3n.<br \/>\n<strong>Torceduras y esguinces:<\/strong> Estos implican da\u00f1o a los ligamentos (esguinces) que conectan los huesos o m\u00fasculos (distensiones) alrededor del codo, afectando su estabilidad y funci\u00f3n.<br \/>\n<strong>Tendinitis:<\/strong> El uso excesivo o una lesi\u00f3n pueden provocar inflamaci\u00f3n de los tendones del codo, provocando dolor y sensibilidad fuera de la articulaci\u00f3n.<br \/>\n<strong><a href=\"https:\/\/www.hopkinsmedicine.org\/health\/conditions-and-diseases\/bursitis#:~:text=Bursitis%20is%20inflammation%20of%20a,elbows%2C%20hips%2C%20and%20knees.\" target=\"_blank\" rel=\"noopener\">Bursitis<\/a>:<\/strong> Inflamaci\u00f3n de la bolsa, peque\u00f1os sacos llenos de l\u00edquido que amortiguan la articulaci\u00f3n del codo, a menudo como resultado de presiones o traumatismos repetidos.<\/p>\n<h2>S\u00edntomas de lesiones en el codo<\/h2>\n<p>Los s\u00edntomas de una lesi\u00f3n en el codo pueden variar seg\u00fan la gravedad y el tipo de lesi\u00f3n, pero normalmente incluyen:<\/p>\n<ul>\n<li>Dolor y sensibilidad alrededor del codo.<\/li>\n<li>Hinchaz\u00f3n y moretones<\/li>\n<li>Dificultad para doblar o extender el brazo.<\/li>\n<li>Una deformidad o desplazamiento notable del codo.<\/li>\n<li>Una sensaci\u00f3n de inestabilidad en el codo.<\/li>\n<li>Debilidad o incapacidad para transportar objetos.<\/li>\n<\/ul>\n<h2>Enfoque diagn\u00f3stico<\/h2>\n<p>En GA Spine &amp; Orthopaedics, el diagn\u00f3stico de una lesi\u00f3n en el codo comienza con un examen f\u00edsico exhaustivo y una revisi\u00f3n del historial m\u00e9dico. Esto puede ir seguido de pruebas de imagen como <a href=\"https:\/\/www.gaspineortho.com\/wp-admin\/post.php?post=3737&amp;action=edit\">Rayos X<\/a>, <a href=\"https:\/\/www.gaspineortho.com\/wp-admin\/post.php?post=3715&amp;action=edit\">resonancia magn\u00e9tica<\/a>exploraciones o tomograf\u00edas computarizadas para determinar el alcance de la lesi\u00f3n y planificar el tratamiento adecuado.<\/p>\n<p><a href=\"https:\/\/www.gaspineortho.com\/wp-content\/uploads\/2024\/05\/shutterstock_1702468429.jpg\"><img fetchpriority=\"high\" decoding=\"async\" class=\"alignnone size-full wp-image-6711\" src=\"https:\/\/www.gaspineortho.com\/wp-content\/uploads\/2024\/05\/shutterstock_1702468429.jpg\" alt=\"Lesi\u00f3n del codo\" width=\"500\" height=\"334\" srcset=\"https:\/\/www.gaspineortho.com\/wp-content\/uploads\/2024\/05\/shutterstock_1702468429.jpg 500w, https:\/\/www.gaspineortho.com\/wp-content\/uploads\/2024\/05\/shutterstock_1702468429-300x200.jpg 300w, https:\/\/www.gaspineortho.com\/wp-content\/uploads\/2024\/05\/shutterstock_1702468429-18x12.jpg 18w\" sizes=\"(max-width: 500px) 100vw, 500px\" \/><\/a><\/p>\n<h2>Opciones de tratamiento para lesiones de codo<\/h2>\n<p>El tratamiento de las lesiones del codo depende del tipo espec\u00edfico y la gravedad de la lesi\u00f3n. GA Spine &amp; Orthopaedics ofrece una variedad de opciones de tratamiento, que incluyen:<\/p>\n<p>Tratamientos conservadores:<\/p>\n<ul>\n<li>Medicamentos: Para ayudar a reducir el dolor y la inflamaci\u00f3n.<\/li>\n<li>Fisioterapia: los ejercicios personalizados pueden restaurar la funci\u00f3n, mejorar la fuerza y \u200b\u200breducir el dolor.<\/li>\n<li>Refuerzo o f\u00e9rula: la inmovilizaci\u00f3n ayuda a curar el codo lesionado y previene lesiones mayores.<\/li>\n<li>Tratamientos intervencionistas:<\/li>\n<li>Inyecciones de corticosteroides: pueden usarse para reducir la inflamaci\u00f3n en casos de tendinitis o bursitis grave.<\/li>\n<li>Inyecciones de plasma rico en plaquetas (PRP): utilizan las propias plaquetas del paciente para acelerar la curaci\u00f3n de tendones, ligamentos, m\u00fasculos y articulaciones lesionados.<\/li>\n<\/ul>\n<p>Opciones quir\u00fargicas:<\/p>\n<p><strong>Reparaci\u00f3n de fracturas:<\/strong> Puede ser necesaria una cirug\u00eda para realinear y reparar los huesos rotos.<br \/>\n<strong>Reparaci\u00f3n de tendones:<\/strong> Requerido en los casos en los que hay un desgarro en los tendones que rodean el codo.<br \/>\n<strong>Reemplazo de la articulaci\u00f3n:<\/strong> En casos graves, especialmente en pacientes de edad avanzada que sufren da\u00f1os articulares extensos.<\/p>\n<h3>Rehabilitaci\u00f3n y recuperaci\u00f3n<\/h3>\n<p>La recuperaci\u00f3n de una lesi\u00f3n en el codo puede variar, pero con el plan de tratamiento adecuado, muchos pacientes recuperan su funci\u00f3n completa. La rehabilitaci\u00f3n juega un papel crucial en la recuperaci\u00f3n, a menudo comienza con ejercicios de movimientos suaves para aumentar la flexibilidad y agrega gradualmente entrenamiento de fuerza para fortalecer los m\u00fasculos alrededor del codo.<\/p>\n<h2>C\u00f3mo GA Spine &amp; Orthopaedics puede ayudar con una lesi\u00f3n en el codo<\/h2>\n<p>GA Spine &amp; Orthopaedics se especializa en el tratamiento de lesiones musculoesquel\u00e9ticas, incluidas las del codo. Nuestro equipo multidisciplinario de cirujanos ortop\u00e9dicos, especialistas en el manejo del dolor y fisioterapeutas trabajan en colaboraci\u00f3n para brindar planes de atenci\u00f3n personalizados dise\u00f1ados para abordar las necesidades espec\u00edficas de cada paciente.<\/p>\n<p>Desde su primera visita, ofrecemos atenci\u00f3n integral que incluye diagn\u00f3stico por im\u00e1genes de \u00faltima generaci\u00f3n, tratamientos quir\u00fargicos y no quir\u00fargicos avanzados y programas de rehabilitaci\u00f3n personalizados. Nuestro objetivo no es s\u00f3lo aliviar sus s\u00edntomas sino tambi\u00e9n restaurar la funci\u00f3n y prevenir futuras lesiones.<\/p>\n<p>Si sufre una lesi\u00f3n en el codo como resultado de un accidente, <a href=\"\/\">GA Spine &amp; Orthopaedics<\/a> est\u00e1 aqu\u00ed para ayudarlo. Nuestro equipo de expertos est\u00e1 comprometido a brindar el m\u00e1s alto nivel de atenci\u00f3n, desde la evaluaci\u00f3n inicial hasta su recuperaci\u00f3n completa. Conf\u00ede en nosotros para respaldar su viaje de regreso a una salud \u00f3ptima con tratamientos de vanguardia y un enfoque centrado en el paciente. Haga de GA Spine &amp; Orthopaedics su elecci\u00f3n para superar las lesiones del codo y recuperar su estilo de vida activo.<\/p>\n","protected":false},"excerpt":{"rendered":"<p>Una lesi\u00f3n en el codo es una consecuencia com\u00fan de diversos accidentes, incluidas ca\u00eddas, lesiones deportivas o impactos directos. El codo es una articulaci\u00f3n compleja que combina los huesos del antebrazo (radio y c\u00fabito) con la parte superior del brazo (h\u00famero), lo que permite movimientos tanto de flexi\u00f3n como de rotaci\u00f3n. Las lesiones en esta [&hellip;]<\/p>\n","protected":false},"author":25,"featured_media":0,"parent":0,"menu_order":0,"comment_status":"closed","ping_status":"closed","template":"","meta":{"_acf_changed":false,"footnotes":""},"categories":[],"tags":[],"class_list":["post-6877","page","type-page","status-publish","hentry"],"acf":[],"_links":{"self":[{"href":"https:\/\/www.gaspineortho.com\/es\/wp-json\/wp\/v2\/pages\/6877","targetHints":{"allow":["GET"]}}],"collection":[{"href":"https:\/\/www.gaspineortho.com\/es\/wp-json\/wp\/v2\/pages"}],"about":[{"href":"https:\/\/www.gaspineortho.com\/es\/wp-json\/wp\/v2\/types\/page"}],"author":[{"embeddable":true,"href":"https:\/\/www.gaspineortho.com\/es\/wp-json\/wp\/v2\/users\/25"}],"replies":[{"embeddable":true,"href":"https:\/\/www.gaspineortho.com\/es\/wp-json\/wp\/v2\/comments?post=6877"}],"version-history":[{"count":1,"href":"https:\/\/www.gaspineortho.com\/es\/wp-json\/wp\/v2\/pages\/6877\/revisions"}],"predecessor-version":[{"id":7089,"href":"https:\/\/www.gaspineortho.com\/es\/wp-json\/wp\/v2\/pages\/6877\/revisions\/7089"}],"wp:attachment":[{"href":"https:\/\/www.gaspineortho.com\/es\/wp-json\/wp\/v2\/media?parent=6877"}],"wp:term":[{"taxonomy":"category","embeddable":true,"href":"https:\/\/www.gaspineortho.com\/es\/wp-json\/wp\/v2\/categories?post=6877"},{"taxonomy":"post_tag","embeddable":true,"href":"https:\/\/www.gaspineortho.com\/es\/wp-json\/wp\/v2\/tags?post=6877"}],"curies":[{"name":"wp","href":"https:\/\/api.w.org\/{rel}","templated":true}]}}