{"id":6875,"date":"2024-05-20T15:19:49","date_gmt":"2024-05-20T20:19:49","guid":{"rendered":"https:\/\/www.gaspineortho.com\/wrist-injury\/"},"modified":"2024-05-22T14:38:40","modified_gmt":"2024-05-22T19:38:40","slug":"lesion-de-la-muneca","status":"publish","type":"page","link":"https:\/\/www.gaspineortho.com\/es\/lesion-de-la-muneca\/","title":{"rendered":"lesi\u00f3n de la mu\u00f1eca"},"content":{"rendered":"<p>Una lesi\u00f3n en la mu\u00f1eca es una consecuencia com\u00fan de los accidentes automovil\u00edsticos, que a menudo ocurre cuando las manos se lanzan hacia adelante para prepararse para el impacto, lo que genera una fuerza repentina y excesiva en la mu\u00f1eca. Estas lesiones pueden variar desde esguinces leves hasta fracturas graves y pueden afectar significativamente la capacidad de una persona para realizar las tareas diarias.<\/p>\n<p>El diagn\u00f3stico y el tratamiento adecuados son cruciales para prevenir la discapacidad a largo plazo. <a href=\"https:\/\/www.gaspineortho.com\/es\/\">Georgia Spine &amp; Orthopaedics<\/a> se especializa en abordar este tipo de lesiones y brinda atenci\u00f3n integral para garantizar una recuperaci\u00f3n completa.<\/p>\n<p>\u00a1Ll\u00e1manos al <a href=\"tel:+16789294494\"><i class=\"fa fa-phone-alt\"><\/i>678-929-4494<\/a>hoy!<\/p>\n<h2>Tipos de lesiones en la mu\u00f1eca<\/h2>\n<p>Hay varios tipos de lesiones en la mu\u00f1eca que pueden ocurrir como resultado de un accidente automovil\u00edstico:<\/p>\n<ul>\n<li><strong>Fracturas<\/strong>: las m\u00e1s comunes son las fracturas del <a href=\"https:\/\/www.hopkinsmedicine.org\/health\/conditions-and-diseases\/distal-radius-fracture-wrist-fracture#:~:text=The%20radius%20is%20one%20of,an%20outstretched%20or%20flexed%20hand.\" target=\"_blank\" rel=\"noopener\">radio distal<\/a>, el extremo del hueso m\u00e1s grande de los dos brazos en el lado del pulgar de la mu\u00f1eca. Los impactos m\u00e1s graves pueden provocar fracturas en varios huesos de la mu\u00f1eca.<\/li>\n<li><strong>Esguinces<\/strong>: Ocurren cuando los ligamentos que sostienen la mu\u00f1eca se estiran m\u00e1s all\u00e1 de sus l\u00edmites o se rompen.<\/li>\n<li><strong>Dislocaciones<\/strong>: Esto implica que uno o m\u00e1s huesos de la mu\u00f1eca sean expulsados \u200b\u200bde sus posiciones normales.<\/li>\n<li><strong>Da\u00f1o al tend\u00f3n<\/strong>: Los tendones alrededor de la mu\u00f1eca pueden da\u00f1arse o inflamarse.<\/li>\n<li><strong>Da\u00f1o a los nervios<\/strong>: <a href=\"https:\/\/www.gaspineortho.com\/college-park\/car-accident-injury-treatment\/\">los accidentes automovil\u00edsticos<\/a> pueden causar un traumatismo en los nervios de la mu\u00f1eca, provocando dolor, debilidad o entumecimiento.<\/li>\n<\/ul>\n<h2>S\u00edntomas de lesiones en la mu\u00f1eca<\/h2>\n<p>Los s\u00edntomas de lesiones en la mu\u00f1eca por accidentes automovil\u00edsticos pueden incluir:<\/p>\n<ul>\n<li>Dolor e hinchaz\u00f3n en la mu\u00f1eca.<\/li>\n<li>Moretones y enrojecimiento alrededor de la mu\u00f1eca.<\/li>\n<li>Sensibilidad y calor alrededor del \u00e1rea lesionada.<\/li>\n<li>Deformidad de la mu\u00f1eca<\/li>\n<li>Dificultad para mover la mu\u00f1eca o la mano.<\/li>\n<li>Una sensaci\u00f3n de estallido o desgarro dentro de la mu\u00f1eca.<\/li>\n<li>Entumecimiento u hormigueo en la mano, lo que indica afectaci\u00f3n nerviosa.<\/li>\n<\/ul>\n<h2>Enfoque diagnostico<\/h2>\n<p>En GA Spine &amp; Orthopaedics, el diagn\u00f3stico de una lesi\u00f3n en la mu\u00f1eca comienza con un examen detallado, que incluye la evaluaci\u00f3n del historial del paciente y los detalles del accidente. A menudo se utilizan pruebas de im\u00e1genes como <a href=\"https:\/\/www.gaspineortho.com\/es\/college-park\/servicios-de-rayos-x\/\">radiograf\u00edas<\/a>, tomograf\u00edas computarizadas o resonancias magn\u00e9ticas para determinar la naturaleza exacta y el alcance de la lesi\u00f3n. Estos diagn\u00f3sticos son cruciales para planificar una estrategia de tratamiento eficaz.<\/p>\n<p><a href=\"https:\/\/www.gaspineortho.com\/wp-content\/uploads\/2024\/05\/shutterstock_1499052893.jpg\"><img fetchpriority=\"high\" decoding=\"async\" class=\"alignnone size-full wp-image-6725\" src=\"https:\/\/www.gaspineortho.com\/wp-content\/uploads\/2024\/05\/shutterstock_1499052893.jpg\" alt=\"lesi\u00f3n de la mu\u00f1eca\" width=\"500\" height=\"334\" srcset=\"https:\/\/www.gaspineortho.com\/wp-content\/uploads\/2024\/05\/shutterstock_1499052893.jpg 500w, https:\/\/www.gaspineortho.com\/wp-content\/uploads\/2024\/05\/shutterstock_1499052893-300x200.jpg 300w, https:\/\/www.gaspineortho.com\/wp-content\/uploads\/2024\/05\/shutterstock_1499052893-18x12.jpg 18w\" sizes=\"(max-width: 500px) 100vw, 500px\" \/><\/a><\/p>\n<h2>Opciones de tratamiento para lesiones de mu\u00f1eca<\/h2>\n<p>El tratamiento de una lesi\u00f3n en la mu\u00f1eca depende de la gravedad y el tipo de lesi\u00f3n. GA Spine &amp; Orthopaedics ofrece una variedad de opciones de tratamiento adaptadas a las necesidades espec\u00edficas de cada paciente:<\/p>\n<h3>Tratamientos conservadores<\/h3>\n<p><strong>Entablillado o yeso<\/strong>: Para inmovilizar la mu\u00f1eca y permitir que sane, se puede aplicar una f\u00e9rula o un yeso. Esta suele ser la primera l\u00ednea de tratamiento para fracturas y esguinces graves.<\/p>\n<p><strong>Medicamentos<\/strong>: Los medicamentos antiinflamatorios no esteroides (AINE) pueden ayudar a reducir el dolor y la hinchaz\u00f3n. Para dolores m\u00e1s intensos, se pueden recetar temporalmente analg\u00e9sicos m\u00e1s fuertes.<\/p>\n<p><strong>Fisioterapia<\/strong>: una vez que la mu\u00f1eca comienza a sanar, la <a href=\"https:\/\/www.gaspineortho.com\/college-park\/physical-therapy\/\">fisioterapia <\/a> juega un papel vital en la restauraci\u00f3n de la funci\u00f3n. El ejercicio ayudar\u00e1 a fortalecer los m\u00fasculos y mejorar la flexibilidad, reduciendo el riesgo de rigidez o discapacidad a largo plazo.<\/p>\n<h3>Tratamientos intervencionistas<\/h3>\n<p><strong>Inyecciones de corticosteroides:<\/strong> en casos que involucran inflamaci\u00f3n significativa o afecciones cr\u00f3nicas que exacerban la lesi\u00f3n, se pueden usar <a href=\"https:\/\/www.gaspineortho.com\/roswell\/medical-injections\/\">inyecciones <\/a> de corticosteroides para reducir la hinchaz\u00f3n y el dolor.<\/p>\n<h3>Opciones quir\u00fargicas<\/h3>\n<p><strong>Reparaci\u00f3n de fracturas:<\/strong> puede ser necesaria una <a href=\"https:\/\/www.gaspineortho.com\/marietta\/orthopedic-surgery\/\">cirug\u00eda ortop\u00e9dica<\/a> para realinear los trozos de hueso roto y asegurarlos con pasadores, placas o tornillos.<\/p>\n<p><strong>Reparaci\u00f3n de tendones: <\/strong> si los tendones alrededor de la mu\u00f1eca est\u00e1n da\u00f1ados, es posible que se requiera una reparaci\u00f3n quir\u00fargica.<\/p>\n<p><strong>Cirug\u00eda reconstructiva:<\/strong> Ien casos de lesiones graves que involucran m\u00faltiples estructuras, es posible que se necesite cirug\u00eda reconstructiva para restaurar la anatom\u00eda normal de la mu\u00f1eca.<\/p>\n<h2>Rehabilitaci\u00f3n y recuperaci\u00f3n<\/h2>\n<p>La rehabilitaci\u00f3n es un componente cr\u00edtico del tratamiento de las lesiones de mu\u00f1eca. GA Spine &amp; Orthopaedics brinda servicios integrales de rehabilitaci\u00f3n dise\u00f1ados para mejorar y acelerar la recuperaci\u00f3n. La terapia generalmente comienza con ejercicios de movimientos suaves para aumentar el rango de movimiento, seguidos de ejercicios de fortalecimiento gradual.<\/p>\n<p>El objetivo es devolver la mu\u00f1eca a su funcionalidad y fuerza previas al accidente, previniendo problemas a largo plazo.<\/p>\n<h2>C\u00f3mo GA Spine &amp; Orthopaedics puede ayudar con una lesi\u00f3n en la mu\u00f1eca<\/h2>\n<p>GA Spine &amp; Orthopaedics est\u00e1 equipado con instalaciones de \u00faltima generaci\u00f3n y un equipo de especialistas en ortopedia, cirujanos y fisioterapeutas expertos en el tratamiento de lesiones de mu\u00f1eca resultantes de accidentes automovil\u00edsticos. Nuestro enfoque hol\u00edstico garantiza planes de atenci\u00f3n personalizados que no solo abordan la lesi\u00f3n inmediata sino que tambi\u00e9n fomentan una recuperaci\u00f3n m\u00e1s r\u00e1pida y completa.<\/p>\n<p>Si ha sufrido una lesi\u00f3n en la mu\u00f1eca debido a un accidente automovil\u00edstico, <a href=\"https:\/\/www.gaspineortho.com\/es\/\">GA Spine &amp; Orthopaedics<\/a> est\u00e1 aqu\u00ed para ayudarlo. Con nuestra atenci\u00f3n experta, opciones de tratamiento avanzadas y servicios de rehabilitaci\u00f3n dedicados, estamos comprometidos a que regrese a sus actividades diarias sin efectos persistentes.<\/p>\n<p>Conf\u00ede en nosotros para brindarle la atenci\u00f3n que necesita para curar su lesi\u00f3n en la mu\u00f1eca y recuperar su salud \u00f3ptima. \u00a1Ll\u00e1manos al <a href=\"tel:+16789294494\"><i class=\"fa fa-phone-alt\"><\/i>678-929-4494<\/a>hoy!<\/p>\n","protected":false},"excerpt":{"rendered":"<p>Una lesi\u00f3n en la mu\u00f1eca es una consecuencia com\u00fan de los accidentes automovil\u00edsticos, que a menudo ocurre cuando las manos se lanzan hacia adelante para prepararse para el impacto, lo que genera una fuerza repentina y excesiva en la mu\u00f1eca. Estas lesiones pueden variar desde esguinces leves hasta fracturas graves y pueden afectar significativamente la [&hellip;]<\/p>\n","protected":false},"author":25,"featured_media":0,"parent":0,"menu_order":0,"comment_status":"closed","ping_status":"closed","template":"","meta":{"_acf_changed":false,"footnotes":""},"categories":[],"tags":[],"class_list":["post-6875","page","type-page","status-publish","hentry"],"acf":[],"_links":{"self":[{"href":"https:\/\/www.gaspineortho.com\/es\/wp-json\/wp\/v2\/pages\/6875","targetHints":{"allow":["GET"]}}],"collection":[{"href":"https:\/\/www.gaspineortho.com\/es\/wp-json\/wp\/v2\/pages"}],"about":[{"href":"https:\/\/www.gaspineortho.com\/es\/wp-json\/wp\/v2\/types\/page"}],"author":[{"embeddable":true,"href":"https:\/\/www.gaspineortho.com\/es\/wp-json\/wp\/v2\/users\/25"}],"replies":[{"embeddable":true,"href":"https:\/\/www.gaspineortho.com\/es\/wp-json\/wp\/v2\/comments?post=6875"}],"version-history":[{"count":5,"href":"https:\/\/www.gaspineortho.com\/es\/wp-json\/wp\/v2\/pages\/6875\/revisions"}],"predecessor-version":[{"id":7275,"href":"https:\/\/www.gaspineortho.com\/es\/wp-json\/wp\/v2\/pages\/6875\/revisions\/7275"}],"wp:attachment":[{"href":"https:\/\/www.gaspineortho.com\/es\/wp-json\/wp\/v2\/media?parent=6875"}],"wp:term":[{"taxonomy":"category","embeddable":true,"href":"https:\/\/www.gaspineortho.com\/es\/wp-json\/wp\/v2\/categories?post=6875"},{"taxonomy":"post_tag","embeddable":true,"href":"https:\/\/www.gaspineortho.com\/es\/wp-json\/wp\/v2\/tags?post=6875"}],"curies":[{"name":"wp","href":"https:\/\/api.w.org\/{rel}","templated":true}]}}