{"id":6871,"date":"2024-05-20T15:41:49","date_gmt":"2024-05-20T20:41:49","guid":{"rendered":"https:\/\/www.gaspineortho.com\/spine-injury-2\/"},"modified":"2024-07-22T13:33:20","modified_gmt":"2024-07-22T18:33:20","slug":"lesion-en-la-columna","status":"publish","type":"page","link":"https:\/\/www.gaspineortho.com\/es\/lesion-en-la-columna\/","title":{"rendered":"lesi\u00f3n en la columna"},"content":{"rendered":"<p>Una lesi\u00f3n en la columna debido a accidentes automovil\u00edsticos se encuentra entre los traumas m\u00e1s graves y que potencialmente alteran la vida que puede experimentar una persona. La columna, crucial para el soporte estructural y la movilidad, adem\u00e1s de albergar los nervios de la m\u00e9dula espinal, es muy susceptible a sufrir da\u00f1os debido a las fuerzas violentas involucradas en las colisiones. Reconocer los s\u00edntomas y obtener el tratamiento adecuado es fundamental para la recuperaci\u00f3n.<\/p>\n<p><a href=\"https:\/\/www.gaspineortho.com\/es\/\">Georgia Spine &amp; Orthopaedics<\/a> se especializa en el tratamiento de lesiones de la columna, empleando una variedad de m\u00e9todos de \u00faltima generaci\u00f3n para ayudar a la recuperaci\u00f3n y minimizar el impacto a largo plazo.<\/p>\n<h2>Tipos de lesiones en la columna por accidentes automovil\u00edsticos<\/h2>\n<p>Las lesiones de la columna por accidentes automovil\u00edsticos pueden variar desde leves distensiones de ligamentos y m\u00fasculos hasta fracturas \u00f3seas graves y da\u00f1os a la m\u00e9dula espinal. Los tipos comunes de lesiones de la columna incluyen:<\/p>\n<ul>\n<li><strong>Latigazo cervical: a menudo como resultado de colisiones traseras, el <a href=\"https:\/\/www.gaspineortho.com\/es\/lesion-por-latigazo-cervical\/\">latigazo <\/a> cervical afecta la columna cervical (cuello) debido al r\u00e1pido movimiento hacia adelante y hacia atr\u00e1s, lo que provoca lesiones de m\u00fasculos, ligamentos y tendones.<\/strong><\/li>\n<li><strong>Fracturas por compresi\u00f3n:<\/strong> Estos ocurren cuando el hueso de la columna colapsa bajo presi\u00f3n, lo que a menudo se observa en accidentes de alto impacto.<\/li>\n<li><strong>Hernias de disco<\/strong>: el impacto puede provocar que los discos entre las v\u00e9rtebras se rompan o se desplacen, lo que genera presi\u00f3n sobre los nervios espinales.<\/li>\n<li><strong>Dislocaciones y fracturas:<\/strong> los impactos graves pueden provocar que las v\u00e9rtebras se fracturen o disloquen, lo que podr\u00eda da\u00f1ar la m\u00e9dula espinal.<\/li>\n<li><strong><a href=\"https:\/\/www.mayoclinic.org\/diseases-conditions\/spinal-cord-injury\/symptoms-causes\/syc-20377890\" target=\"_blank\" rel=\"noopener\">Lesi\u00f3n de la m\u00e9dula espinal:<\/a><\/strong> cualquier da\u00f1o a la m\u00e9dula espinal misma, que puede provocar cambios temporales o permanentes en la fuerza, la sensaci\u00f3n y otras funciones corporales debajo del sitio de la lesi\u00f3n.<\/li>\n<\/ul>\n<h2>S\u00edntomas de lesiones de la columna<\/h2>\n<p>Los s\u00edntomas de una lesi\u00f3n en la columna pueden variar ampliamente seg\u00fan la ubicaci\u00f3n y la gravedad de la lesi\u00f3n, e incluyen:<\/p>\n<ul>\n<li>Dolor y rigidez en la espalda o el cuello.<\/li>\n<li>Dolor que se irradia hacia los brazos o las piernas.<\/li>\n<li>P\u00e9rdida de movimiento o coordinaci\u00f3n.<\/li>\n<li>Entumecimiento u hormigueo en las extremidades.<\/li>\n<li>Dificultad para mantener el equilibrio y caminar.<\/li>\n<li>En casos severos, par\u00e1lisis parcial o completa.<\/li>\n<\/ul>\n<h2>Enfoque diagnostico<\/h2>\n<p>El diagn\u00f3stico de una lesi\u00f3n de la columna en GA Spine &amp; Orthopaedics comienza con un examen f\u00edsico exhaustivo y una revisi\u00f3n del historial m\u00e9dico del paciente. Las pruebas de imagen como <a href=\"https:\/\/www.gaspineortho.com\/es\/atlanta\/servicios-de-rayos-x\/\">radiograf\u00edas<\/a>, tomograf\u00edas computarizadas y resonancias magn\u00e9ticas son cruciales para determinar el alcance y la naturaleza espec\u00edfica de la lesi\u00f3n. Estas herramientas de diagn\u00f3stico ayudan a visualizar el da\u00f1o \u00f3seo, el desplazamiento del disco y otros problemas estructurales dentro de la columna.<\/p>\n<p><a href=\"https:\/\/www.gaspineortho.com\/wp-content\/uploads\/2024\/05\/shutterstock_1504807832.jpg\"><img fetchpriority=\"high\" decoding=\"async\" class=\"alignnone size-full wp-image-6762\" src=\"https:\/\/www.gaspineortho.com\/wp-content\/uploads\/2024\/05\/shutterstock_1504807832.jpg\" alt=\"lesi\u00f3n en la columna\" width=\"500\" height=\"334\" srcset=\"https:\/\/www.gaspineortho.com\/wp-content\/uploads\/2024\/05\/shutterstock_1504807832.jpg 500w, https:\/\/www.gaspineortho.com\/wp-content\/uploads\/2024\/05\/shutterstock_1504807832-300x200.jpg 300w, https:\/\/www.gaspineortho.com\/wp-content\/uploads\/2024\/05\/shutterstock_1504807832-18x12.jpg 18w\" sizes=\"(max-width: 500px) 100vw, 500px\" \/><\/a><\/p>\n<h2>Opciones de tratamiento para lesiones de la columna<\/h2>\n<p>El tratamiento de las lesiones de columna depende del tipo y gravedad de la lesi\u00f3n. GA Spine &amp; Orthopaedics ofrece opciones de tratamiento integrales adaptadas a las necesidades de cada paciente:<\/p>\n<h3>Tratamientos conservadores<\/h3>\n<ul>\n<li><strong>Medicamentos<\/strong>: para controlar el dolor y la <a href=\"https:\/\/www.medicalnewstoday.com\/articles\/248423#:~:text=Inflammation%20is%20part%20of%20the,loss%20of%20function%2C%20and%20heat.\" target=\"_blank\" rel=\"noopener\">inflamaci\u00f3n<\/a>, se pueden recetar medicamentos como AINE, relajantes musculares y, en algunos casos, analg\u00e9sicos m\u00e1s fuertes.<\/li>\n<li><strong><a href=\"https:\/\/www.gaspineortho.com\/columbus\/physical-therapy\/\">Fisioterapia<\/a>:<\/strong> rehabilitaci\u00f3n para fortalecer los m\u00fasculos que sostienen la columna, mejorar la flexibilidad y disminuir el dolor.<\/li>\n<li><strong>Refuerzo<\/strong>: El uso de un aparato ortop\u00e9dico puede proporcionar apoyo y estabilidad adicionales a la columna a medida que sana.<\/li>\n<\/ul>\n<h3>Tratamientos intervencionistas<\/h3>\n<ul>\n<li><strong><a href=\"https:\/\/www.gaspineortho.com\/es\/atlanta\/inyecciones-medicas\/\">Inyecciones <\/a> epidurales de esteroides<\/strong>: pueden ayudar a reducir la inflamaci\u00f3n alrededor de los nervios y discos espinales, aliviando el dolor y mejorando la movilidad.<\/li>\n<li><strong>Bloqueos nerviosos:<\/strong> a veces se utilizan para <a href=\"https:\/\/www.gaspineortho.com\/es\/atlanta\/el-manejo-del-dolor\/\">controlar el dolor<\/a>, especialmente si el dolor se irradia desde la columna a otras partes del cuerpo.<\/li>\n<\/ul>\n<h3>Opciones quir\u00fargicas<\/h3>\n<ul>\n<li><strong>Discectom\u00eda<\/strong>: Extirpaci\u00f3n de una hernia de disco que presiona un nervio.<\/li>\n<li><strong>Laminectom\u00eda<\/strong>: Extirpaci\u00f3n de parte de la v\u00e9rtebra que ejerce presi\u00f3n sobre la m\u00e9dula espinal o los nervios.<\/li>\n<li><strong>Fusi\u00f3n espinal:<\/strong> uni\u00f3n de dos o m\u00e1s v\u00e9rtebras para estabilizar la columna.<\/li>\n<li><strong>Vertebroplastia y Cifoplastia<\/strong>: Procedimientos para reparar fracturas por compresi\u00f3n de las v\u00e9rtebras.<\/li>\n<\/ul>\n<h2>Rehabilitaci\u00f3n y recuperaci\u00f3n<\/h2>\n<p>La recuperaci\u00f3n de una lesi\u00f3n en la columna puede ser un proceso largo que a menudo requiere un enfoque multidisciplinario. GA Spine &amp; Orthopaedics se centra en programas de rehabilitaci\u00f3n personalizados que pueden incluir fisioterapia, terapia ocupacional y estrategias de manejo del dolor. La rehabilitaci\u00f3n tiene como objetivo restaurar la mayor funci\u00f3n posible y mejorar la calidad de vida del paciente despu\u00e9s de una lesi\u00f3n en la columna.<\/p>\n<h2>C\u00f3mo GA Spine &amp; Orthopaedics puede ayudar con una lesi\u00f3n en la columna<\/h2>\n<p>GA Spine &amp; Orthopaedics est\u00e1 equipado con un equipo de especialistas en columna, incluidos <a href=\"https:\/\/www.gaspineortho.com\/es\/atlanta\/cirugia-ortopedica\/\">cirujanos ortop\u00e9dicos<\/a>, <a href=\"https:\/\/www.gaspineortho.com\/es\/atlanta\/quiropractico\/\">quiropr\u00e1cticos <\/a> y <a href=\"https:\/\/www.gaspineortho.com\/es\/atlanta\/terapia-fisica\/\">fisioterapeutas<\/a>, todos con experiencia en las \u00faltimas t\u00e9cnicas de diagn\u00f3stico y tratamiento de lesiones de columna. Ofrecemos un enfoque coordinado que garantiza una atenci\u00f3n integral desde el diagn\u00f3stico inicial hasta la recuperaci\u00f3n y rehabilitaci\u00f3n.<\/p>\n<p>Las lesiones de columna por accidentes automovil\u00edsticos son complejas y exigen atenci\u00f3n experta. En <a href=\"https:\/\/www.gaspineortho.com\/es\/\">GA Spine &amp; Orthopaedics,<\/a> nos dedicamos a brindar esa atenci\u00f3n, empleando una variedad de opciones de tratamiento para garantizar el mejor resultado posible para nuestros pacientes.<\/p>\n<p>Si usted o alguien que conoce ha sufrido una lesi\u00f3n en la columna en un accidente automovil\u00edstico, conf\u00ede en nuestro equipo capacitado para ayudarlo a recuperarse y recuperar su fuerza y \u200b\u200bmovilidad, ll\u00e1menos hoy al <a href=\"tel:+16789294494\"><i class=\"fa fa-phone-alt\"><\/i>678-929-4494<\/a>.<\/p>\n","protected":false},"excerpt":{"rendered":"<p>Una lesi\u00f3n en la columna debido a accidentes automovil\u00edsticos se encuentra entre los traumas m\u00e1s graves y que potencialmente alteran la vida que puede experimentar una persona. La columna, crucial para el soporte estructural y la movilidad, adem\u00e1s de albergar los nervios de la m\u00e9dula espinal, es muy susceptible a sufrir da\u00f1os debido a las [&hellip;]<\/p>\n","protected":false},"author":25,"featured_media":0,"parent":0,"menu_order":0,"comment_status":"closed","ping_status":"closed","template":"","meta":{"_acf_changed":false,"footnotes":""},"categories":[],"tags":[],"class_list":["post-6871","page","type-page","status-publish","hentry"],"acf":[],"_links":{"self":[{"href":"https:\/\/www.gaspineortho.com\/es\/wp-json\/wp\/v2\/pages\/6871","targetHints":{"allow":["GET"]}}],"collection":[{"href":"https:\/\/www.gaspineortho.com\/es\/wp-json\/wp\/v2\/pages"}],"about":[{"href":"https:\/\/www.gaspineortho.com\/es\/wp-json\/wp\/v2\/types\/page"}],"author":[{"embeddable":true,"href":"https:\/\/www.gaspineortho.com\/es\/wp-json\/wp\/v2\/users\/25"}],"replies":[{"embeddable":true,"href":"https:\/\/www.gaspineortho.com\/es\/wp-json\/wp\/v2\/comments?post=6871"}],"version-history":[{"count":8,"href":"https:\/\/www.gaspineortho.com\/es\/wp-json\/wp\/v2\/pages\/6871\/revisions"}],"predecessor-version":[{"id":8825,"href":"https:\/\/www.gaspineortho.com\/es\/wp-json\/wp\/v2\/pages\/6871\/revisions\/8825"}],"wp:attachment":[{"href":"https:\/\/www.gaspineortho.com\/es\/wp-json\/wp\/v2\/media?parent=6871"}],"wp:term":[{"taxonomy":"category","embeddable":true,"href":"https:\/\/www.gaspineortho.com\/es\/wp-json\/wp\/v2\/categories?post=6871"},{"taxonomy":"post_tag","embeddable":true,"href":"https:\/\/www.gaspineortho.com\/es\/wp-json\/wp\/v2\/tags?post=6871"}],"curies":[{"name":"wp","href":"https:\/\/api.w.org\/{rel}","templated":true}]}}