{"id":6869,"date":"2024-05-20T15:57:03","date_gmt":"2024-05-20T20:57:03","guid":{"rendered":"https:\/\/www.gaspineortho.com\/foot-injury\/"},"modified":"2024-05-21T12:41:45","modified_gmt":"2024-05-21T17:41:45","slug":"herida-del-pie","status":"publish","type":"page","link":"https:\/\/www.gaspineortho.com\/es\/herida-del-pie\/","title":{"rendered":"Herida del pie"},"content":{"rendered":"<p>Una lesi\u00f3n en el pie en accidentes automovil\u00edsticos es una complicaci\u00f3n que con frecuencia se pasa por alto y que puede tener un profundo impacto en la movilidad y la calidad de vida. La compleja estructura del pie, que comprende 26 huesos, 33 articulaciones y m\u00e1s de cien m\u00fasculos, tendones y ligamentos, lo hace particularmente vulnerable a lesiones por las fuerzas repentinas y severas que se encuentran en las colisiones. <a href=\"\/\">GA Spine &amp; Orthopaedics<\/a> ofrece opciones de tratamiento especializado para lesiones en los pies resultantes de accidentes, garantizando que los pacientes reciban una atenci\u00f3n \u00f3ptima adaptada a sus necesidades espec\u00edficas.<\/p>\n<h2>Tipos de lesiones en los pies por accidentes automovil\u00edsticos<\/h2>\n<p>La mec\u00e1nica de un accidente automovil\u00edstico puede provocar una variedad de lesiones en los pies, que incluyen:<\/p>\n<p><strong>Fracturas:<\/strong> Los huesos del pie pueden romperse debido a un impacto directo o fuerzas aplastantes. Estas fracturas pueden ser simples, con una sola l\u00ednea a trav\u00e9s de un hueso, o complejas, con m\u00faltiples fracturas.<br \/>\n<strong>Dislocaciones:<\/strong> Las articulaciones del pie pueden verse forzadas a perder su alineaci\u00f3n normal.<br \/>\n<strong>Lesiones de ligamentos:<\/strong> Los esguinces ocurren cuando los ligamentos se estiran o se desgarran. Son comunes en los tobillos pero tambi\u00e9n pueden afectar el pie.<br \/>\n<strong>Lesiones por aplastamiento:<\/strong> Ocurren cuando parte del pie queda atrapado y comprimido bajo un objeto pesado.<br \/>\n<strong>Laceraciones y abrasiones:<\/strong> los traumatismos cortantes o contundentes pueden provocar cortes y raspaduras, que pueden complicarse con los restos del accidente.<br \/>\n<strong>Lesiones de tendones:<\/strong> los tendones del pie pueden estirarse demasiado, romperse o cortarse, lo que afecta el movimiento y la estabilidad del pie.<\/p>\n<p>S\u00edntomas de lesiones en los pies<\/p>\n<p>Los s\u00edntomas asociados con las lesiones en los pies pueden variar ampliamente, pero com\u00fanmente incluyen:<\/p>\n<ul>\n<li>Dolor e hinchaz\u00f3n, que pueden ser intensos.<\/li>\n<li>Moretones y decoloraci\u00f3n<\/li>\n<li>Dificultad para soportar peso o caminar<\/li>\n<li>Deformidad o apariencia anormal del pie.<\/li>\n<li>Entumecimiento u hormigueo, que indica da\u00f1o a los nervios.<\/li>\n<\/ul>\n<h2>Enfoque diagn\u00f3stico<\/h2>\n<p>El equipo de GA Spine &amp; Orthopaedics utiliza un enfoque de diagn\u00f3stico integral para evaluar con precisi\u00f3n las lesiones del pie. Esto incluye un examen detallado del pie, una evaluaci\u00f3n de la salud general del paciente y la comprensi\u00f3n de los detalles de c\u00f3mo ocurri\u00f3 la lesi\u00f3n. Pruebas de imagen, como <a href=\"https:\/\/www.gaspineortho.com\/wp-admin\/post.php?post=3737&amp;action=edit\">Rayos X<\/a>, <a href=\"https:\/\/www.mayoclinic.org\/tests-procedures\/ct-scan\/about\/pac-20393675\" target=\"_blank\" rel=\"noopener\">tomograf\u00edas computarizadas<\/a>, and <a href=\"https:\/\/www.gaspineortho.com\/wp-admin\/post.php?post=3715&amp;action=edit\">resonancias magn\u00e9ticas<\/a>, Desempe\u00f1an un papel crucial en la identificaci\u00f3n de los tipos y extensiones de las lesiones, lo que ayuda a guiar planes de tratamiento eficaces.<\/p>\n<p><a href=\"https:\/\/www.gaspineortho.com\/wp-content\/uploads\/2024\/05\/shutterstock_1940390524.jpg\"><img fetchpriority=\"high\" decoding=\"async\" class=\"alignnone size-full wp-image-6797\" src=\"https:\/\/www.gaspineortho.com\/wp-content\/uploads\/2024\/05\/shutterstock_1940390524.jpg\" alt=\"Herida del pie\" width=\"500\" height=\"334\" srcset=\"https:\/\/www.gaspineortho.com\/wp-content\/uploads\/2024\/05\/shutterstock_1940390524.jpg 500w, https:\/\/www.gaspineortho.com\/wp-content\/uploads\/2024\/05\/shutterstock_1940390524-300x200.jpg 300w, https:\/\/www.gaspineortho.com\/wp-content\/uploads\/2024\/05\/shutterstock_1940390524-18x12.jpg 18w\" sizes=\"(max-width: 500px) 100vw, 500px\" \/><\/a><\/p>\n<h2>Opciones de tratamiento para las lesiones del pie<\/h2>\n<p>El tratamiento eficaz de las lesiones del pie depende del tipo y la gravedad de la lesi\u00f3n. GA Spine &amp; Orthopaedics ofrece varias modalidades de tratamiento<\/p>\n<h4>Tratamientos conservadores:<\/h4>\n<p><strong>PROTOCOLO DE ARROZ:<\/strong>El reposo, el hielo, la compresi\u00f3n y la elevaci\u00f3n son los primeros pasos fundamentales para tratar las lesiones del pie.<br \/>\n<strong>Inmovilizaci\u00f3n:<\/strong> Es posible que sea necesario enyesar o entablillar el pie para estabilizarlo y facilitar la curaci\u00f3n.<br \/>\n<strong>Medicamentos:<\/strong> los analg\u00e9sicos y antiinflamatorios ayudan a controlar el dolor y reducir la hinchaz\u00f3n durante la fase de recuperaci\u00f3n inicial.<\/p>\n<h4>Terapia f\u00edsica:<\/h4>\n<p><strong>Ejercicios de rehabilitaci\u00f3n:<\/strong> los ejercicios personalizados mejoran el rango de movimiento, fortalecen los m\u00fasculos del pie y apoyan la recuperaci\u00f3n general.<br \/>\n<strong>Entrenamiento de la marcha:<\/strong> entrenamiento especializado para ayudar a los pacientes a recuperar patrones normales de marcha despu\u00e9s de lesiones importantes en el pie.<\/p>\n<h4>Tratamientos intervencionistas:<\/h4>\n<p><strong>Inyecciones de corticosteroides:<\/strong> pueden usarse para aliviar la inflamaci\u00f3n en casos graves de tendinitis o dolor en las articulaciones del pie.<\/p>\n<h4>Opciones quir\u00fargicas:<\/h4>\n<p><strong>Reparaci\u00f3n de fracturas:<\/strong>Reparaci\u00f3n de fracturas: puede ser necesaria una cirug\u00eda para alinear y estabilizar adecuadamente los huesos rotos utilizando clavos, tornillos o placas.<br \/>\n<strong>Cirug\u00eda reconstructiva:<\/strong> despu\u00e9s de lesiones graves por aplastamiento o fracturas m\u00faltiples, es posible que se requiera cirug\u00eda reconstructiva para restaurar la funcionalidad del pie.<br \/>\n<strong>Reparaci\u00f3n de tendones y ligamentos:<\/strong> los tendones y ligamentos desgarrados pueden requerir una intervenci\u00f3n quir\u00fargica para recuperar la estabilidad y la funci\u00f3n.<\/p>\n<h2>Rehabilitaci\u00f3n y recuperaci\u00f3n<\/h2>\n<p>La recuperaci\u00f3n de una lesi\u00f3n en el pie puede ser un proceso largo, que a menudo requiere de varias semanas a meses, dependiendo de la gravedad de la lesi\u00f3n. GA Spine &amp; Orthopaedics enfatiza un enfoque de rehabilitaci\u00f3n centrado en el paciente, que es crucial para restaurar la funci\u00f3n y la movilidad. El programa de rehabilitaci\u00f3n puede incluir fisioterapia, estrategias para el manejo del dolor y ejercicios graduales de carga de peso a medida que el pie sana.<\/p>\n<h2>C\u00f3mo GA Spine &amp; Orthopaedics puede ayudar con una lesi\u00f3n en el pie<\/h2>\n<p>En GA Spine &amp; Orthopaedics, entendemos las complejidades de las lesiones del pie resultantes de accidentes automovil\u00edsticos y brindamos un enfoque hol\u00edstico para el tratamiento y la recuperaci\u00f3n. Nuestro equipo de especialistas en ortopedia, cirujanos y fisioterapeutas trabajan en colaboraci\u00f3n para desarrollar planes de tratamiento que se adapten espec\u00edficamente a las necesidades de cada paciente. Utilizamos la \u00faltima tecnolog\u00eda m\u00e9dica y tratamientos innovadores para garantizar los mejores resultados posibles.<\/p>\n<p>Sufrir una lesi\u00f3n en el pie en un accidente automovil\u00edstico puede ser un rev\u00e9s importante, pero con la atenci\u00f3n m\u00e9dica adecuada se puede lograr una recuperaci\u00f3n total. <a href=\"\/\">GA Spine &amp; Orthopaedics<\/a> se compromete a ayudar a los pacientes a sanar y recuperar su funci\u00f3n y movilidad normales. Si usted o alguien que conoce ha sufrido una lesi\u00f3n en el pie debido a un accidente automovil\u00edstico, conf\u00ede en nuestro equipo experimentado para brindarle la atenci\u00f3n integral y el tratamiento experto necesarios para una recuperaci\u00f3n exitosa.<\/p>\n","protected":false},"excerpt":{"rendered":"<p>Una lesi\u00f3n en el pie en accidentes automovil\u00edsticos es una complicaci\u00f3n que con frecuencia se pasa por alto y que puede tener un profundo impacto en la movilidad y la calidad de vida. La compleja estructura del pie, que comprende 26 huesos, 33 articulaciones y m\u00e1s de cien m\u00fasculos, tendones y ligamentos, lo hace particularmente [&hellip;]<\/p>\n","protected":false},"author":25,"featured_media":0,"parent":0,"menu_order":0,"comment_status":"closed","ping_status":"closed","template":"","meta":{"_acf_changed":false,"footnotes":""},"categories":[],"tags":[],"class_list":["post-6869","page","type-page","status-publish","hentry"],"acf":[],"_links":{"self":[{"href":"https:\/\/www.gaspineortho.com\/es\/wp-json\/wp\/v2\/pages\/6869","targetHints":{"allow":["GET"]}}],"collection":[{"href":"https:\/\/www.gaspineortho.com\/es\/wp-json\/wp\/v2\/pages"}],"about":[{"href":"https:\/\/www.gaspineortho.com\/es\/wp-json\/wp\/v2\/types\/page"}],"author":[{"embeddable":true,"href":"https:\/\/www.gaspineortho.com\/es\/wp-json\/wp\/v2\/users\/25"}],"replies":[{"embeddable":true,"href":"https:\/\/www.gaspineortho.com\/es\/wp-json\/wp\/v2\/comments?post=6869"}],"version-history":[{"count":1,"href":"https:\/\/www.gaspineortho.com\/es\/wp-json\/wp\/v2\/pages\/6869\/revisions"}],"predecessor-version":[{"id":7090,"href":"https:\/\/www.gaspineortho.com\/es\/wp-json\/wp\/v2\/pages\/6869\/revisions\/7090"}],"wp:attachment":[{"href":"https:\/\/www.gaspineortho.com\/es\/wp-json\/wp\/v2\/media?parent=6869"}],"wp:term":[{"taxonomy":"category","embeddable":true,"href":"https:\/\/www.gaspineortho.com\/es\/wp-json\/wp\/v2\/categories?post=6869"},{"taxonomy":"post_tag","embeddable":true,"href":"https:\/\/www.gaspineortho.com\/es\/wp-json\/wp\/v2\/tags?post=6869"}],"curies":[{"name":"wp","href":"https:\/\/api.w.org\/{rel}","templated":true}]}}