{"id":6867,"date":"2024-05-20T16:03:15","date_gmt":"2024-05-20T21:03:15","guid":{"rendered":"https:\/\/www.gaspineortho.com\/ankle-injury\/"},"modified":"2024-05-21T11:28:04","modified_gmt":"2024-05-21T16:28:04","slug":"lesion-de-tobillo","status":"publish","type":"page","link":"https:\/\/www.gaspineortho.com\/es\/lesion-de-tobillo\/","title":{"rendered":"Lesi\u00f3n de tobillo"},"content":{"rendered":"<p>Una lesi\u00f3n de tobillo es frecuente en los accidentes de autom\u00f3vil, a menudo como consecuencia de un impacto repentino y contundente que puede hacer que el pie se tuerza o gire de forma antinatural. El tobillo, una articulaci\u00f3n compleja donde se unen la tibia, el peron\u00e9 y el astr\u00e1galo, es crucial para la movilidad y la estabilidad. Las lesiones en esta zona pueden ir desde esguinces leves a fracturas graves, y cada una de ellas requiere un diagn\u00f3stico y un tratamiento adecuados para garantizar una recuperaci\u00f3n completa. GA Spine &amp; Orthopaedics se especializa en el tratamiento de este tipo de lesiones, ofreciendo cuidados avanzados y servicios de rehabilitaci\u00f3n para ayudar a los pacientes a recuperar su fuerza y movilidad.<\/p>\n<h2>Tipos de lesiones de tobillo por accidente de tr\u00e1fico<\/h2>\n<p>Las lesiones de tobillo provocadas por accidentes de tr\u00e1fico pueden manifestarse de varias formas, entre ellas:<\/p>\n<p><strong>Esguinces:<\/strong> Se producen cuando los ligamentos que sostienen el tobillo se estiran m\u00e1s all\u00e1 de su rango normal o se desgarran.<br \/>\n<strong>Fracturas:<\/strong> Consisten en la rotura de uno o varios huesos del tobillo. Pueden variar desde roturas simples que pueden requerir un tratamiento m\u00ednimo hasta fracturas complejas que precisan intervenci\u00f3n quir\u00fargica.<br \/>\n<strong>Luxaciones:<\/strong> Ocurren cuando los huesos de la articulaci\u00f3n del tobillo son forzados fuera de su posici\u00f3n normal, da\u00f1ando a menudo los ligamentos circundantes y otros tejidos blandos.<br \/>\n<strong>Lesiones tendinosas:<\/strong> Los tendones que rodean el tobillo pueden estirarse, desgarrarse o romperse durante un accidente.<\/p>\n<h2>S\u00edntomas de las lesiones de tobillo<\/h2>\n<p>Los s\u00edntomas de una lesi\u00f3n de tobillo dependen de la gravedad y del tipo de lesi\u00f3n, pero suelen incluir:<\/p>\n<ul>\n<li>Dolor agudo e intenso<\/li>\n<li>Hinchaz\u00f3n y hematomas<\/li>\n<li>Incapacidad para soportar peso sobre el pie afectado<\/li>\n<li>Deformidad visible en la zona del tobillo (en casos graves)<\/li>\n<li>Amplitud de movimiento limitada<\/li>\n<li>Inestabilidad en el tobillo<\/li>\n<\/ul>\n<h2>Enfoque diagn\u00f3stico<\/h2>\n<p>En GA Spine &amp; Orthopaedics, el proceso para diagnosticar una lesi\u00f3n de tobillo implica un examen detallado de la zona lesionada, acompa\u00f1ado de una revisi\u00f3n del historial m\u00e9dico del paciente y de c\u00f3mo se produjo la lesi\u00f3n. Se utilizan pruebas de diagn\u00f3stico por imagen, como radiograf\u00edas, tomograf\u00edas computarizadas o resonancias magn\u00e9ticas, para determinar el alcance de la lesi\u00f3n y revelar posibles fracturas, da\u00f1os en los ligamentos u otros problemas internos.<\/p>\n<p><a href=\"https:\/\/www.gaspineortho.com\/wp-content\/uploads\/2024\/05\/shutterstock_276800108.jpg\"><img fetchpriority=\"high\" decoding=\"async\" class=\"alignnone size-full wp-image-6806\" src=\"https:\/\/www.gaspineortho.com\/wp-content\/uploads\/2024\/05\/shutterstock_276800108.jpg\" alt=\"lesi\u00f3n de tobillo\" width=\"500\" height=\"331\" srcset=\"https:\/\/www.gaspineortho.com\/wp-content\/uploads\/2024\/05\/shutterstock_276800108.jpg 500w, https:\/\/www.gaspineortho.com\/wp-content\/uploads\/2024\/05\/shutterstock_276800108-300x199.jpg 300w, https:\/\/www.gaspineortho.com\/wp-content\/uploads\/2024\/05\/shutterstock_276800108-18x12.jpg 18w\" sizes=\"(max-width: 500px) 100vw, 500px\" \/><\/a><\/p>\n<h2>Opciones de tratamiento para las lesiones de tobillo<\/h2>\n<p>El tratamiento de las lesiones de tobillo puede variar seg\u00fan el tipo y la gravedad de la lesi\u00f3n. GA Spine &amp; Orthopaedics ofrece una amplia gama de tratamientos adaptados a las necesidades espec\u00edficas de cada paciente:<\/p>\n<h4>Tratamientos conservadores:<\/h4>\n<p><strong><a href=\"https:\/\/www.webmd.com\/first-aid\/rice-method-injuries\" target=\"_blank\" rel=\"noopener\">M\u00e9todo RICE<\/a>:<\/strong> Reposo, Hielo, Compresi\u00f3n y Elevaci\u00f3n son tratamientos de primera l\u00ednea para esguinces y torceduras leves con el fin de reducir la hinchaz\u00f3n y el dolor.<br \/>\n<strong>Medicaci\u00f3n:<\/strong> Los analg\u00e9sicos y antiinflamatorios de venta libre pueden ayudar a controlar el dolor y reducir la inflamaci\u00f3n.<br \/>\n<strong>Fisioterapia:<\/strong> Esencial para la recuperaci\u00f3n, la fisioterapia ayuda a fortalecer los m\u00fasculos, mejorar la flexibilidad y estabilizar el tobillo.<\/p>\n<h4>Tratamientos intervencionistas:<\/h4>\n<p><strong>Inyecciones de corticoesteroides:<\/strong> Pueden administrarse para reducir la inflamaci\u00f3n grave y el dolor en casos de lesiones importantes de los tejidos blandos.<\/p>\n<h4>Opciones quir\u00fargicas:<\/h4>\n<p><strong>Reparaci\u00f3n de fracturas:<\/strong> Puede ser necesaria una intervenci\u00f3n quir\u00fargica para realinear los huesos fracturados y fijarlos con tornillos, placas o clavos.<br \/>\n<strong>Reparaci\u00f3n de ligamentos:<\/strong> Si los ligamentos est\u00e1n gravemente desgarrados, puede ser necesaria una intervenci\u00f3n quir\u00fargica para reparar y reforzar estos estabilizadores cr\u00edticos de la articulaci\u00f3n del tobillo.<br \/>\n<strong>Cirug\u00eda reconstructiva:<\/strong> En casos de lesiones complejas en las que est\u00e1n afectados m\u00faltiples componentes del tobillo, puede ser necesaria una cirug\u00eda reconstructiva para restablecer la funci\u00f3n.<\/p>\n<h2>Rehabilitaci\u00f3n y recuperaci\u00f3n<\/h2>\n<p>La recuperaci\u00f3n de una lesi\u00f3n de tobillo puede variar, pero una rehabilitaci\u00f3n eficaz es crucial para recuperar la plena funcionalidad. GA Spine &amp; Orthopaedics hace hincapi\u00e9 en un programa de rehabilitaci\u00f3n personalizado, empezando por actividades que reduzcan el dolor y la inflamaci\u00f3n. A medida que avanza la recuperaci\u00f3n, el programa incluir\u00e1 ejercicios centrados en restablecer la amplitud de movimiento, la fuerza y, finalmente, las actividades de carga completa.<\/p>\n<h2>C\u00f3mo GA Spine &amp; Orthopaedics puede ayudarte con tu lesi\u00f3n de tobillo<\/h2>\n<p>GA Spine &amp; Orthopaedics dispone de modernas instalaciones y cuenta con un equipo de expertos en ortopedia, incluidos cirujanos y fisioterapeutas especializados en el cuidado del pie y el tobillo. Nos comprometemos a proporcionar a cada paciente un plan de tratamiento personalizado dise\u00f1ado utilizando los \u00faltimos conocimientos y tecnolog\u00edas m\u00e9dicas. Nuestro objetivo es garantizar que cada paciente pueda volver a sus actividades cotidianas sin dolor ni limitaciones.<\/p>\n<p>Sufrir una lesi\u00f3n de tobillo en un accidente de coche puede ser una experiencia dolorosa y debilitante, pero con los cuidados adecuados, la recuperaci\u00f3n est\u00e1 al alcance de la mano. En <a href=\"\/\">GA Spine &amp; Orthopaedics<\/a>, nos dedicamos a ayudar a nuestros pacientes a curarse de sus lesiones ofreci\u00e9ndoles opciones de tratamiento de vanguardia y un plan de rehabilitaci\u00f3n a medida. Si has sufrido una lesi\u00f3n de tobillo, conf\u00eda en nosotros para ayudarte a volver a ponerte en pie y recuperar tu estilo de vida activo.<\/p>\n","protected":false},"excerpt":{"rendered":"<p>Una lesi\u00f3n de tobillo es frecuente en los accidentes de autom\u00f3vil, a menudo como consecuencia de un impacto repentino y contundente que puede hacer que el pie se tuerza o gire de forma antinatural. El tobillo, una articulaci\u00f3n compleja donde se unen la tibia, el peron\u00e9 y el astr\u00e1galo, es crucial para la movilidad y [&hellip;]<\/p>\n","protected":false},"author":25,"featured_media":0,"parent":0,"menu_order":0,"comment_status":"closed","ping_status":"closed","template":"","meta":{"_acf_changed":false,"footnotes":""},"categories":[],"tags":[],"class_list":["post-6867","page","type-page","status-publish","hentry"],"acf":[],"_links":{"self":[{"href":"https:\/\/www.gaspineortho.com\/es\/wp-json\/wp\/v2\/pages\/6867","targetHints":{"allow":["GET"]}}],"collection":[{"href":"https:\/\/www.gaspineortho.com\/es\/wp-json\/wp\/v2\/pages"}],"about":[{"href":"https:\/\/www.gaspineortho.com\/es\/wp-json\/wp\/v2\/types\/page"}],"author":[{"embeddable":true,"href":"https:\/\/www.gaspineortho.com\/es\/wp-json\/wp\/v2\/users\/25"}],"replies":[{"embeddable":true,"href":"https:\/\/www.gaspineortho.com\/es\/wp-json\/wp\/v2\/comments?post=6867"}],"version-history":[{"count":1,"href":"https:\/\/www.gaspineortho.com\/es\/wp-json\/wp\/v2\/pages\/6867\/revisions"}],"predecessor-version":[{"id":7088,"href":"https:\/\/www.gaspineortho.com\/es\/wp-json\/wp\/v2\/pages\/6867\/revisions\/7088"}],"wp:attachment":[{"href":"https:\/\/www.gaspineortho.com\/es\/wp-json\/wp\/v2\/media?parent=6867"}],"wp:term":[{"taxonomy":"category","embeddable":true,"href":"https:\/\/www.gaspineortho.com\/es\/wp-json\/wp\/v2\/categories?post=6867"},{"taxonomy":"post_tag","embeddable":true,"href":"https:\/\/www.gaspineortho.com\/es\/wp-json\/wp\/v2\/tags?post=6867"}],"curies":[{"name":"wp","href":"https:\/\/api.w.org\/{rel}","templated":true}]}}